{"id":66061,"date":"2018-01-03T10:56:03","date_gmt":"2018-01-03T09:56:03","guid":{"rendered":"https:\/\/www.freiburg-schwarzwald.de\/blog\/?page_id=66061"},"modified":"2019-03-12T18:19:40","modified_gmt":"2019-03-12T17:19:40","slug":"muslime-liebhaber","status":"publish","type":"page","link":"https:\/\/www.freiburg-schwarzwald.de\/blog\/global\/integration\/muslime\/muslime-liebhaber\/","title":{"rendered":"Muslime-Liebhaber"},"content":{"rendered":"<p><a href=\"https:\/\/www.freiburg-schwarzwald.de\/blog\">Home<\/a>\u00a0&gt;<a title=\"Global\" href=\"https:\/\/www.freiburg-schwarzwald.de\/blog\/global\/\">Global<\/a>\u00a0&gt;<a title=\"Integration\" href=\"https:\/\/www.freiburg-schwarzwald.de\/blog\/global\/integration\/\">Integration<\/a>\u00a0&gt;<a title=\"Parallelgesellschaft\" href=\"https:\/\/www.freiburg-schwarzwald.de\/blog\/global\/integration\/parallelgesellschaft\/\">Parallelgesellschaft<\/a>\u00a0&gt;Muslime-Liebhaber<\/p>\n<div id=\"attachment_65111\" style=\"width: 650px\" class=\"wp-caption alignnone\"><a href=\"https:\/\/www.freiburg-schwarzwald.de\/blog\/religion\/islam\/islam-politik\/freiburg-dreisam-kartaus-heirat-pan170705\/\" rel=\"attachment wp-att-65111\"><img loading=\"lazy\" decoding=\"async\" aria-describedby=\"caption-attachment-65111\" class=\"size-full wp-image-65111\" src=\"https:\/\/www.freiburg-schwarzwald.de\/blog\/wp-content\/uploads\/2017\/06\/freiburg-dreisam-kartaus-heirat-pan170705.jpg\" alt=\"Junggesellinnen-Abschied in Freiburg an der Dreisam (Kartaus im Hintergrund) am 5.7.2017\" width=\"640\" height=\"338\" srcset=\"https:\/\/www.freiburg-schwarzwald.de\/blog\/wp-content\/uploads\/2017\/06\/freiburg-dreisam-kartaus-heirat-pan170705.jpg 640w, https:\/\/www.freiburg-schwarzwald.de\/blog\/wp-content\/uploads\/2017\/06\/freiburg-dreisam-kartaus-heirat-pan170705-180x95.jpg 180w\" sizes=\"auto, (max-width: 640px) 100vw, 640px\" \/><\/a><p id=\"caption-attachment-65111\" class=\"wp-caption-text\">Junggesellinnen-Abschied in Freiburg an der Dreisam (Kartaus im Hintergrund) am 5.7.2017<\/p><\/div>\n<ul>\n<li>Warum sind junge Migranten f\u00fcr M\u00e4dchen so attraktiv? (1.1.2018)<\/li>\n<li><a title=\"Kandel-Messerstecher Medien\" href=\"https:\/\/www.freiburg-schwarzwald.de\/blog\/kandel-messerstecher-medien\/\">Kandel: 15-j\u00e4hriger Afghane ersticht 15-j\u00e4hrige<\/a> (27.12.2017)<\/li>\n<\/ul>\n<ul>\n<li><a title=\"Deutschland\" href=\"https:\/\/www.freiburg-schwarzwald.de\/blog\/global\/deutschland\/\">Deutschland<\/a><\/li>\n<li><a title=\"Deutschtuerken\" href=\"https:\/\/www.freiburg-schwarzwald.de\/blog\/global\/integration\/deutschtuerken\/\">Deutscht\u00fcrken<\/a><\/li>\n<li><a title=\"Fluechtlinge-Sex\" href=\"https:\/\/www.freiburg-schwarzwald.de\/blog\/global\/integration\/fluechtlinge-sex\/\">Fl\u00fcchtlinge-Sex<\/a><\/li>\n<li><a title=\"Immigration\" href=\"https:\/\/www.freiburg-schwarzwald.de\/blog\/global\/integration\/immigration\/\">Immigration<\/a><\/li>\n<li><a title=\"Integrieren\" href=\"https:\/\/www.freiburg-schwarzwald.de\/blog\/global\/integration\/integrieren\/\">Integrieren<\/a><\/li>\n<li><a title=\"Islam\" href=\"https:\/\/www.freiburg-schwarzwald.de\/blog\/religion\/islam\/\">Islam<\/a><\/li>\n<li><a title=\"Kandel-Bluttat27-12-2017\" href=\"https:\/\/www.freiburg-schwarzwald.de\/blog\/engagement\/zukunft\/demokratie\/kandel-bluttat27-12-2017\/\">Kandel-Bluttat27-12-2017<\/a><\/li>\n<li><a title=\"Migration\" href=\"https:\/\/www.freiburg-schwarzwald.de\/blog\/global\/migration\/\">Migration<\/a><\/li>\n<li><a title=\"Muslime-Anzahl\" href=\"https:\/\/www.freiburg-schwarzwald.de\/blog\/global\/integration\/muslime\/muslime-anzahl\/\">Muslime-Anzahl<\/a><\/li>\n<li><a title=\"Taquia\" href=\"https:\/\/www.freiburg-schwarzwald.de\/blog\/religion\/islam\/taquia\/\">Taquia<\/a><\/li>\n<li><a title=\"Wiesbaden-Susanna23-05-2018\" href=\"https:\/\/www.freiburg-schwarzwald.de\/blog\/global\/migration\/wiesbaden-susanna23-05-2018\/\">Wiesbaden-Susanna23-05-2018<\/a><\/li>\n<li><a title=\"Worms-Messermord06-03-2019\" href=\"https:\/\/www.freiburg-schwarzwald.de\/blog\/global\/migration\/worms-messermord06-03-2019\/\">Worms-Messermord06-03-2019<\/a><\/li>\n<\/ul>\n<p>.<\/p>\n<p>&nbsp;<\/p>\n<p><strong>Warum sind junge Migranten f\u00fcr M\u00e4dchen so attraktiv?<\/strong><br \/>\nMia ist tot. Erstochen in einem DM-Drogeriemarkt (in <a title=\"Kandel-Messerstecher Medien\" href=\"https:\/\/www.freiburg-schwarzwald.de\/blog\/kandel-messerstecher-medien\/\">Kandel<\/a>) von einem angeblich <a title=\"UMA\" href=\"https:\/\/www.freiburg-schwarzwald.de\/blog\/global\/integration\/uma\/\">15-j\u00e4hrigen afghanischen Asylbewerber<\/a>. Er war ihr Ex-Freund, wof\u00fcr man bei den \u00d6ffentlich-Rechtlichen und zahlreichen Initiativen \u201egegen Rassismus\u201c ziemlich dankbar zu sein scheint. Beziehungstaten hat es n\u00e4mlich schon immer gegeben.<br \/>\nMit der Kultur des Heimatlandes von Abdul Mobin D., dem T\u00e4ter von Kandel, hat das indes nichts zu tun. Mit der Religion, die nichts mit sich selbst zu tun hat, auch nicht. Dabei ist vielen Menschen sehr wohl bewusst, was das Frauenbild in Afghanistan und anderen islamischen L\u00e4ndern mit dem Verhalten des T\u00e4ters zu tun hat. <strong>Die wichtigere Frage ist, was junge M\u00e4dchen und Frauen dazu antreibt, sich auf diese jungen M\u00e4nner einzulassen.<br \/>\n<\/strong><br \/>\nVielleicht sollten wir uns einmal fragen, wie politisch unsere eigene Kindheit und Jugend war. Sofern wir nicht gerade zu diesen gruseligen Menschen geh\u00f6ren, die mit 14 in die Junge Union eingetreten sind. Als 9\/11 geschah, war ich dreizehn. Alt genug, um zu realisieren, dass das, was dort passierte, schlimm war. Zu jung, um es politisch einzuordnen. Es ist der Segen der Jugend, dass wir die Dimension von Ereignissen noch nicht absch\u00e4tzen k\u00f6nnen. Dass wir furchtlos sind und uns f\u00fcr unsterblich halten. Dass die Probleme der \u00c4lteren nicht unsere sind. Dass man Jungs danach aussucht, ob sie s\u00fc\u00df und nicht, ob sie Deutsche oder Ausl\u00e4nder sind. Ja, Mia h\u00e4tte ich sein k\u00f6nnen. Mia h\u00e4tte so gut wie jedes andere 15-j\u00e4hrige M\u00e4dchen sein k\u00f6nnen. Und was noch bedenklicher stimmt: Mia h\u00e4tten auch viele erwachsene Frauen sein k\u00f6nnen.<br \/>\n&#8230;. Alles von Anabel Schunke vom 1.1.2018 bitte lesen auf<br \/>\n<a href=\"https:\/\/www.achgut.com\/artikel\/malte_murat_und_die_liebe_wie_in_hollywood\">https:\/\/www.achgut.com\/artikel\/malte_murat_und_die_liebe_wie_in_hollywood<\/a><br \/>\n.<br \/>\n<strong>Menschenopfer?<\/strong><br \/>\nDie \u00f6sterreichisch-amerikanische Soziologin Cheryl Benard belegt in ihrer Studie am Beispiel von \u00d6sterreich, dass Afghanen bei besonders brutalen und verachtenden sexuellen Gewalttaten gegen Frauen einen auffallenden Spitzenplatz einnehmen. Es ist bezeichnend f\u00fcr die absolute Verantwortungslosigkeit der zahlreichen Sch\u00f6nredner auch und besonders der Medien, dass solche sachlichen Fakten nicht einmal dann an den Mann bzw. die Frau gebracht werden, wenn es f\u00fcr Mia zu sp\u00e4t f\u00fcr Warnungen ist, man aber anderen M\u00e4dchen und Frauen noch damit helfen k\u00f6nnte. Und stattdessen wie immer die Relativierer opportun aus dem Hut gezaubert werden, die nach einem grausamen Mord mit \u201cbesonderer Wertsch\u00e4tzung von Frauen in Afghanistan\u201d durch die Medien ziehen d\u00fcrfen. Gut, dass Sie hier einmal Schuld und Verantwortung thematisieren, Frau Schunke. Ich dachte, die Zeiten von Menschenopfern f\u00fcr irrationale und destruktive Ideologien h\u00e4tten wir in Deutschland hinter uns gelassen.<br \/>\n2.1.2018, M.Haumann, AO<br \/>\n.<br \/>\n<strong>Sexueller Notstand der Muslime<\/strong><br \/>\nEs ist kein Geheimnis, dass die gesamte muslimische Welt unter einem ungeheuren sexuellen Notstand leidet. Das Verbot vorehelicher Beziehungen f\u00fchrt &#8211; ich kenne dies aus pers\u00f6nlicher Anschauung aus Marokko &#8211; zu Nothomosexualit\u00e4t und Zoophilie und zieht Generationen gehemmter Onanierer heran. Das intensive Werben um Frauen ist tats\u00e4chlich eine Masche, zur schnellen Triebabfuhr zu gelangen. Die blumige arabische Sprache tut dabei ein \u00dcbriges. L\u00e4sst man als junge europ\u00e4ische Frau muslimischen M\u00e4nnern gegen\u00fcber N\u00e4he zu, dauert es nicht lang, bis einem sexuelle Avancen gemacht werden.<br \/>\nZwar gibt es im Internetporn inzwischen auch die Kategorie \u201cArab\u201d. Arabische M\u00e4nner m\u00fcssen dies aber beim \u00dcberangebot williger Blondinen f\u00fcr einen grossen Fake halten (was es wohl auch ist, denn welche muslimische Pornoaktrice zeigte wohl ihr Gesicht). Die muslimische Welt ist eben auch und vor allem im Sexuellen eine Kultur der Scheinheiligkeit und Verlogenheit, des Selbstbetrugs und m\u00e4nnlicher Egozentrik.<br \/>\n2.1.2018, Tanja Sauerland, AO<br \/>\n.<\/p>\n<p><strong>Unsere M\u00e4dchen haben doch keine Frauen-Vorbilder mehr<\/strong><br \/>\nDie Verhaltensweisen arabischer M\u00e4nner, wie Schunke sie beschreibt, kann man sich tats\u00e4chlich nur schwer bei Deutschen vorstellen, unabh\u00e4ngig vom Bildungsstand. In meiner Jugend h\u00e4tte man solche Gestalten im Extremfall \u201cHeiratsschwindler\u201d genannt, die sozialvertr\u00e4glichere Version lief unter \u201clatin lover\u201d. Heute dagegen sind wohl auch kulturelle Unterschiede sehr viel entscheidender, die in der nivellierten Mittelstandsgesellschaft fr\u00fcherer Jahre mangels Masse einfach keine gro\u00dfe Rolle spielten. Soviel zu den M\u00e4nnern in Deutschland. Was aber tragen die erwachsenen deutschen Frauen heute zum beschriebenen Ph\u00e4nomen bei? Man darf die M\u00e4dchen und jungen Frauen nicht f\u00fcr einf\u00e4ltiger halten als sie sind oder sein k\u00f6nnten. Die Frage muss vielmehr lauten: Welche weiblichen Vorbilder haben sie denn? Erwachsene Frauen und M\u00fctter, die sich mit Mitte Vierzig noch \u201cunsterblich verlieben\u201d? Journalistinnen, die lesbische Liebe, Pornographie und Prostitution als feministische Befreiungstaten idealisieren? Lehrerinnen, die Sex unter Dreizehnj\u00e4hrigen f\u00fcr normal halten? Politikerinnen, die \u201cMann\u201d und \u201cFrau\u201d als reaktion\u00e4re Kategorien brandmarken? Vielleicht haben M\u00e4dchen und junge Frauen heute oft einfach keine Lust sich an solchen traurigen, infantilen und verwirrten \u00e4lteren Frauen &#8211; oft genug selbst kinderlos &#8211; zu orientieren. Dass sie dann mehr oder weniger zwangsl\u00e4ufig in die Falle der Gef\u00fchlsgaukler tappen, ist nicht nur ihre Schuld.<br \/>\n2.1.2018, Stefan Michael, AO<\/p>\n<p><strong>Arabischer Liebhaber gilt eben als schick<\/strong><br \/>\nIn manchen Kreisen scheint es in der Tat unter Frauen als schick zu gelten, sich mit einem arabischen Liebhaber zu zeigen. Niemals andersherum nat\u00fcrlich, denn das lassen die auf fruchtbare Verbreitung des Islam ausgerichteten islamischen Regeln ja nicht zu.<br \/>\n&#8230;<br \/>\n<strong>Niemand liebt den Schwachen?<\/strong><br \/>\nSie sprechen mir aus der Seele. Meine 24j\u00e4hrige Tochter l\u00e4sst sich immer wieder auf schwarzafrikanische M\u00e4nner ein und jedes Mal endet es im Desaster. Sie f\u00fchlt sich von dem offensiven Flirten, der Unbeschwertheit und der vermeintlichen Virilit\u00e4t dieser M\u00e4nner angezogen.<br \/>\nNach kurzer Zeit entpuppen sich diese Charmeure dann als unaufrichtige, fremdgehende Tagediebe, die unverbl\u00fcmt mit Gewalt drohen oder diese sogar anwenden.<br \/>\nLeider lernt sie nicht daraus und wenn ich vorschlage es einmal mit einem Deutschen zu versuchen macht sie sich \u00fcber angeblich verklemmte Computer-Nerds lustig oder wird sogar etwas biestig, wenn sie von Schlappschw\u00e4nzen spricht. \u201cNiemand liebt den Schwachen\u201d ist wohl leider auch in der Liebe Gesetz.<br \/>\n2.1.2018, Moni Rosenberg, AO<\/p>\n","protected":false},"excerpt":{"rendered":"<p>Home\u00a0&gt;Global\u00a0&gt;Integration\u00a0&gt;Parallelgesellschaft\u00a0&gt;Muslime-Liebhaber Warum sind junge Migranten f\u00fcr M\u00e4dchen so attraktiv? (1.1.2018) Kandel: 15-j\u00e4hriger Afghane ersticht 15-j\u00e4hrige (27.12.2017) Deutschland Deutscht\u00fcrken Fl\u00fcchtlinge-Sex Immigration Integrieren Islam Kandel-Bluttat27-12-2017 Migration Muslime-Anzahl Taquia Wiesbaden-Susanna23-05-2018 Worms-Messermord06-03-2019 . &nbsp; Warum sind junge Migranten f\u00fcr M\u00e4dchen so attraktiv? Mia ist &hellip; <a href=\"https:\/\/www.freiburg-schwarzwald.de\/blog\/global\/integration\/muslime\/muslime-liebhaber\/\">Weiterlesen <span class=\"meta-nav\">&rarr;<\/span><\/a><\/p>\n","protected":false},"author":2,"featured_media":0,"parent":62580,"menu_order":0,"comment_status":"open","ping_status":"closed","template":"","meta":{"footnotes":""},"class_list":["post-66061","page","type-page","status-publish","hentry"],"_links":{"self":[{"href":"https:\/\/www.freiburg-schwarzwald.de\/blog\/wp-json\/wp\/v2\/pages\/66061","targetHints":{"allow":["GET"]}}],"collection":[{"href":"https:\/\/www.freiburg-schwarzwald.de\/blog\/wp-json\/wp\/v2\/pages"}],"about":[{"href":"https:\/\/www.freiburg-schwarzwald.de\/blog\/wp-json\/wp\/v2\/types\/page"}],"author":[{"embeddable":true,"href":"https:\/\/www.freiburg-schwarzwald.de\/blog\/wp-json\/wp\/v2\/users\/2"}],"replies":[{"embeddable":true,"href":"https:\/\/www.freiburg-schwarzwald.de\/blog\/wp-json\/wp\/v2\/comments?post=66061"}],"version-history":[{"count":0,"href":"https:\/\/www.freiburg-schwarzwald.de\/blog\/wp-json\/wp\/v2\/pages\/66061\/revisions"}],"up":[{"embeddable":true,"href":"https:\/\/www.freiburg-schwarzwald.de\/blog\/wp-json\/wp\/v2\/pages\/62580"}],"wp:attachment":[{"href":"https:\/\/www.freiburg-schwarzwald.de\/blog\/wp-json\/wp\/v2\/media?parent=66061"}],"curies":[{"name":"wp","href":"https:\/\/api.w.org\/{rel}","templated":true}]}}