{"id":65874,"date":"2017-12-06T16:18:52","date_gmt":"2017-12-06T15:18:52","guid":{"rendered":"https:\/\/www.freiburg-schwarzwald.de\/blog\/?page_id=65874"},"modified":"2026-02-20T14:38:43","modified_gmt":"2026-02-20T13:38:43","slug":"sabatina-james","status":"publish","type":"page","link":"https:\/\/www.freiburg-schwarzwald.de\/blog\/religion\/islam\/sabatina-james\/","title":{"rendered":"Sabatina-James"},"content":{"rendered":"<p><a href=\"https:\/\/freiburg-schwarzwald.de\/blog\">Home<\/a>\u00a0&gt;<a title=\"Religion\" href=\"https:\/\/www.freiburg-schwarzwald.de\/blog\/religion\/\">Religion<\/a>\u00a0&gt;<a title=\"Islam\" href=\"https:\/\/www.freiburg-schwarzwald.de\/blog\/religion\/islam\/\">Islam<\/a>\u00a0&gt;<a title=\"Islam-Frauen\" href=\"https:\/\/www.freiburg-schwarzwald.de\/blog\/religion\/islam\/islam-frauen\/\">Islam-Frauen<\/a> &gt;<a href=\"https:\/\/www.freiburg-schwarzwald.de\/blog\/religion\/christen\/christentum\/\">Christentum<\/a>&gt;Sabatina-James<\/p>\n<div id=\"attachment_143729\" style=\"width: 650px\" class=\"wp-caption alignnone\"><a href=\"https:\/\/www.freiburg-schwarzwald.de\/blog\/wp-content\/uploads\/2026\/01\/dreisamtal-sonnenuntergang251231pan.jpg\"><img loading=\"lazy\" decoding=\"async\" aria-describedby=\"caption-attachment-143729\" class=\"size-full wp-image-143729\" src=\"https:\/\/www.freiburg-schwarzwald.de\/blog\/wp-content\/uploads\/2026\/01\/dreisamtal-sonnenuntergang251231pan.jpg\" alt=\"\" width=\"640\" height=\"396\" srcset=\"https:\/\/www.freiburg-schwarzwald.de\/blog\/wp-content\/uploads\/2026\/01\/dreisamtal-sonnenuntergang251231pan.jpg 640w, https:\/\/www.freiburg-schwarzwald.de\/blog\/wp-content\/uploads\/2026\/01\/dreisamtal-sonnenuntergang251231pan-180x111.jpg 180w\" sizes=\"auto, (max-width: 640px) 100vw, 640px\" \/><\/a><p id=\"caption-attachment-143729\" class=\"wp-caption-text\">Sonnenuntergang am 31.12.2025 im Dreisamtal bei Freiburg im Schwatzwald<\/p><\/div>\n<ul>\n<li><em>Listenauswahl eines Beitrags (Artikel\/Datum, Seite\/Inhalt): <span style=\"text-decoration: underline;\">Klicken<\/span> oder scrollen<\/em><\/li>\n<li><a href=\"https:\/\/www.freiburg-schwarzwald.de\/blog\/ramadan-fastenzeit-frieden\/\">Ramadan Fastenzeit \u2013 Frieden<\/a>\u00a0(20.2.2026)<\/li>\n<li><a href=\"https:\/\/www.freiburg-schwarzwald.de\/blog\/gewaltmonopol-und-integration\/\">Gewaltmonopol und Integration<\/a>\u00a0(9.1.2023)<\/li>\n<li>Muslime verfolgen Christen in Deutschland\u00a0 (13.10.2017)<\/li>\n<li>Sabatina James &#8211; Hilfsorganisation Sabatina-EV,<\/li>\n<\/ul>\n<ul>\n<li><a title=\"Interkulturelle Oeffnung\" href=\"https:\/\/www.freiburg-schwarzwald.de\/blog\/interkulturelle-oeffnung\/\">Interkulturelle-Oeffnung<\/a><\/li>\n<li><a title=\"Islam-Frauen\" href=\"https:\/\/www.freiburg-schwarzwald.de\/blog\/religion\/islam\/islam-frauen\/\">Islam-Frauen<\/a><\/li>\n<li><a title=\"Islam-Reformen\" href=\"https:\/\/www.freiburg-schwarzwald.de\/blog\/religion\/islam\/islam-reformen\/\">Islam-Reformen<\/a><\/li>\n<li><a title=\"Kopftuch\" href=\"https:\/\/www.freiburg-schwarzwald.de\/blog\/kopftuch\/\">Kopftuch<\/a><\/li>\n<li><a title=\"Koran\" href=\"https:\/\/www.freiburg-schwarzwald.de\/blog\/religion\/islam\/koran\/\">Koran<\/a><\/li>\n<li><a title=\"Abdel-Samad\" href=\"https:\/\/www.freiburg-schwarzwald.de\/blog\/religion\/islam\/abdel-samad\/\">Abdel-Samad<\/a><\/li>\n<li><a title=\"Verschleierung\" href=\"https:\/\/www.freiburg-schwarzwald.de\/blog\/religion\/islam\/verschleierung\/\">Verschleierung<\/a><\/li>\n<li><a title=\"Zwangsheirat\" href=\"https:\/\/www.freiburg-schwarzwald.de\/blog\/selbsthilfe\/frauen\/zwangsheirat\/\">Zwangsheirat<\/a><\/li>\n<\/ul>\n<p>&nbsp;<\/p>\n<p>&nbsp;<\/p>\n<p><strong>Sabatina James &#8211; Hilfsorganisation Sabatina-EV,<\/strong><\/p>\n<p>Sabatina James, Jahrgang 1982, gr\u00fcndete die Hilfsorganisation \u201eSabatina e.V.\u201c zur Unterst\u00fctzung bedrohter moslemischer Frauen in Deutschland und \u00d6sterreich.<br \/>\nBekannt wurde sie durch Fernsehauftritte, B\u00fccher und Tontr\u00e4ger.<br \/>\nJames wuchs in Pakistan auf und kam als Zehnj\u00e4hrige nach \u00d6sterreich. Mit 18 Jahren bekannte sich James zum christlichen Glauben und wurde daf\u00fcr von ihren Verwandten zum Tode verurteilt. Sie tauchte unter und gelangte nach Deutschland. Seit 2006 lebt James in einem Opferschutzprogramm der Polizei.<br \/>\n<a href=\"https:\/\/www.sabatina-ev.de\"><em>www.sabatina-ev.de<\/em><\/a><\/p>\n<p>&nbsp;<\/p>\n<p><strong>Muslime verfolgen Christen in Deutschland<\/strong><br \/>\nWenn die Verfolger genauso willkommen sind wie die Opfer, ist das an Unmenschlichkeit kaum zu \u00fcberbieten. Statt endlich in Sicherheit zu sein, werden die verfolgten Christen hier erneut verfolgt, ohne da\u00df der Staat seine Schutzm\u00f6glichkeiten aussch\u00f6pft.<br \/>\nWenn es um die Sicherheit der hier lebenden Menschen geht, m\u00fc\u00dfte allerdings umgekehrt verfahren werden. Nur wer nachweislich weder gewaltbereit ist, noch die rechtliche Benachteiligung von Andersgl\u00e4ubigen und Frauen guthei\u00dft und damit die in der islamischen Welt \u00fcblichen Regeln kritisiert, d\u00fcrfte \u00fcberhaupt hereingelassen werden. Daran wurde sich nun wirklich nicht gehalten, wie die massenhaften \u00dcbergriffe auf einheimische Frauen in K\u00f6ln und anderswo genauso zeigen wie die deutliche Zunahme von Terroranschl\u00e4gen in Deutschland und zahllose islamistische Angriffe auf verfolgte Christen in deutschen Asylbewerberheimen.<br \/>\nDie \u00dcbergriffe sind eben nicht nur schlechtes Benehmen, wie die Verharmloser gerne behaupten, sondern werden regelrecht gelehrt. \u201eUngl\u00e4ubige\u201c Frauen, zumal mit nackter Haut oder ohne Kopfbedeckung, haben danach genauso keine Ehre, wie Menschen nach dem \u00dcbertritt vom Islam zum Christentum vogelfrei sind; vom Ha\u00df auf Juden ganz zu schweigen. Alle Gruppen von Opfern k\u00f6nnen vom deutschen Staat nicht ausreichend gesch\u00fctzt werden, wenn gegen die T\u00e4ter nicht verdeckt ermittelt und sodann ihre R\u00fcckf\u00fchrung veranla\u00dft wird. Auf eventuelle Aussagen der Opfer zu setzen ist zuwenig, weil sie oft genug von den T\u00e4tern mit dem Tod bedroht oder auch umgekehrt von der Justiz nicht gelten gelassen werden, wenn die T\u00e4ter zu mehreren sind und sich gegenseitig decken. So stellen verdeckte Ermittlungen in vielen F\u00e4llen die einzige Chance dar, die Taten aufzukl\u00e4ren und die T\u00e4ter wieder wegzuschicken und loszuwerden.<\/p>\n<p>Es ist ein Skandal, da\u00df gegen solche Verfassungsfeinde nicht systematisch verdeckt ermittelt wird, sondern statt dessen die verfolgten Christen und andere Opfer aus den Asyleinrichtungen verbannt werden, weil die Mehrheit der Bewohner sich auf die Seite der T\u00e4ter stellt, die nach Scharia richtig gehandelt haben. So kann man die Menschenrechte in Deutschland nicht gew\u00e4hrleisten.<\/p>\n<p>Wenn die Verfolger (Musilme) genauso willkommen sind wie die Opfer (Christen), ist das an Unmenschlichkeit kaum noch zu \u00fcberbieten. Statt endlich in Sicherheit zu kommen, werden die verfolgten Christen hier erneut verfolgt, ohne da\u00df der Staat seine Schutzm\u00f6glichkeiten aussch\u00f6pft, geschweige denn die T\u00e4ter und ihre Aufhetzer zur\u00fcckschickt \u2013 das ist eine Schande, und das ist \u201eDunkeldeutschland\u201c. Wohin sollen die Opfer sich nun noch fl\u00fcchten? &#8230;.<br \/>\nAlles von Sabatina James vom 13.10.2017, Seite 18, bitte lesen auf www.jungeFreiheit.de<\/p>\n<p>&nbsp;<\/p>\n<p>Sabatina James: Scharia in Deutschland. Wenn die Gesetze des Islam das Recht brechen.<br \/>\nKnaur Verlag, M\u00fcnchen 2015, broschiert, 144 Seiten, 12,99 Euro<\/p>\n","protected":false},"excerpt":{"rendered":"<p>Home\u00a0&gt;Religion\u00a0&gt;Islam\u00a0&gt;Islam-Frauen &gt;Christentum&gt;Sabatina-James Listenauswahl eines Beitrags (Artikel\/Datum, Seite\/Inhalt): Klicken oder scrollen Ramadan Fastenzeit \u2013 Frieden\u00a0(20.2.2026) Gewaltmonopol und Integration\u00a0(9.1.2023) Muslime verfolgen Christen in Deutschland\u00a0 (13.10.2017) Sabatina James &#8211; Hilfsorganisation Sabatina-EV, Interkulturelle-Oeffnung Islam-Frauen Islam-Reformen Kopftuch Koran Abdel-Samad Verschleierung Zwangsheirat &nbsp; &nbsp; Sabatina James &hellip; <a href=\"https:\/\/www.freiburg-schwarzwald.de\/blog\/religion\/islam\/sabatina-james\/\">Weiterlesen <span class=\"meta-nav\">&rarr;<\/span><\/a><\/p>\n","protected":false},"author":2,"featured_media":0,"parent":12111,"menu_order":0,"comment_status":"open","ping_status":"closed","template":"","meta":{"footnotes":""},"class_list":["post-65874","page","type-page","status-publish","hentry"],"_links":{"self":[{"href":"https:\/\/www.freiburg-schwarzwald.de\/blog\/wp-json\/wp\/v2\/pages\/65874","targetHints":{"allow":["GET"]}}],"collection":[{"href":"https:\/\/www.freiburg-schwarzwald.de\/blog\/wp-json\/wp\/v2\/pages"}],"about":[{"href":"https:\/\/www.freiburg-schwarzwald.de\/blog\/wp-json\/wp\/v2\/types\/page"}],"author":[{"embeddable":true,"href":"https:\/\/www.freiburg-schwarzwald.de\/blog\/wp-json\/wp\/v2\/users\/2"}],"replies":[{"embeddable":true,"href":"https:\/\/www.freiburg-schwarzwald.de\/blog\/wp-json\/wp\/v2\/comments?post=65874"}],"version-history":[{"count":5,"href":"https:\/\/www.freiburg-schwarzwald.de\/blog\/wp-json\/wp\/v2\/pages\/65874\/revisions"}],"predecessor-version":[{"id":145940,"href":"https:\/\/www.freiburg-schwarzwald.de\/blog\/wp-json\/wp\/v2\/pages\/65874\/revisions\/145940"}],"up":[{"embeddable":true,"href":"https:\/\/www.freiburg-schwarzwald.de\/blog\/wp-json\/wp\/v2\/pages\/12111"}],"wp:attachment":[{"href":"https:\/\/www.freiburg-schwarzwald.de\/blog\/wp-json\/wp\/v2\/media?parent=65874"}],"curies":[{"name":"wp","href":"https:\/\/api.w.org\/{rel}","templated":true}]}}