{"id":65802,"date":"2017-12-02T18:18:55","date_gmt":"2017-12-02T17:18:55","guid":{"rendered":"https:\/\/www.freiburg-schwarzwald.de\/blog\/?page_id=65802"},"modified":"2025-11-09T19:53:49","modified_gmt":"2025-11-09T18:53:49","slug":"minderheitsregierung","status":"publish","type":"page","link":"https:\/\/www.freiburg-schwarzwald.de\/blog\/engagement\/zukunft\/demokratie\/minderheitsregierung\/","title":{"rendered":"Minderheitsregierung"},"content":{"rendered":"<p>Home &gt;<a title=\"Engagement\" href=\"https:\/\/www.freiburg-schwarzwald.de\/blog\/engagement\/\">Engagement<\/a>\u00a0&gt;<a title=\"Zukunft\" href=\"https:\/\/www.freiburg-schwarzwald.de\/blog\/engagement\/zukunft\/\">Zukunft<\/a>\u00a0&gt;<a title=\"Demokratie\" href=\"https:\/\/www.freiburg-schwarzwald.de\/blog\/engagement\/zukunft\/demokratie\/\">Demokratie<\/a>\u00a0&gt;Minderheitsregierung<\/p>\n<div id=\"attachment_65729\" style=\"width: 648px\" class=\"wp-caption alignnone\"><a href=\"https:\/\/www.freiburg-schwarzwald.de\/blog\/engagement\/zukunft\/demokratie\/kontrollverlust\/rosbaum-holzbau7dg-nordwand-pan171012\/\" rel=\"attachment wp-att-65729\"><img loading=\"lazy\" decoding=\"async\" aria-describedby=\"caption-attachment-65729\" class=\"size-full wp-image-65729\" src=\"https:\/\/www.freiburg-schwarzwald.de\/blog\/wp-content\/uploads\/2017\/11\/rosbaum-holzbau7dg-nordwand-pan171012.jpg\" alt=\"Wohnungsmangel - Dachgescho\u00df neu bauen im November 2017\" width=\"638\" height=\"302\" srcset=\"https:\/\/www.freiburg-schwarzwald.de\/blog\/wp-content\/uploads\/2017\/11\/rosbaum-holzbau7dg-nordwand-pan171012.jpg 638w, https:\/\/www.freiburg-schwarzwald.de\/blog\/wp-content\/uploads\/2017\/11\/rosbaum-holzbau7dg-nordwand-pan171012-180x85.jpg 180w\" sizes=\"auto, (max-width: 638px) 100vw, 638px\" \/><\/a><p id=\"caption-attachment-65729\" class=\"wp-caption-text\">Wohnungsmangel &#8211;<br \/>Dachgescho\u00df neu bauen im November 2017<\/p><\/div>\n<ul>\n<li><em>Listenauswahl eines Beitrags: Bitte <span style=\"text-decoration: underline;\">anklicken<\/span> oder runterscrollen<\/em><\/li>\n<li>Die mediale Brandmauer beginnt zu brechen: SZ, FAZ und nun auch BILD f\u00fcr Minderheitsregierung (9.11.2025)<\/li>\n<li><a href=\"https:\/\/www.freiburg-schwarzwald.de\/blog\/wissen-ueber-die-opposition\/\">Wissen \u00fcber die Opposition<\/a>\u00a0(11.9.2025)<\/li>\n<li><a href=\"https:\/\/www.freiburg-schwarzwald.de\/blog\/minderheitsregierung-in-berlin\/\">Minderheitsregierung in Berlin<\/a>\u00a0(2.9.2025)<\/li>\n<li><a href=\"https:\/\/www.freiburg-schwarzwald.de\/blog\/cdu-5-punkte-plan-348-zu-345\/\">CDU 5-Punkte-Plan: 348 zu 345<\/a>\u00a0(29.1.2025)<\/li>\n<li><a href=\"https:\/\/www.freiburg-schwarzwald.de\/blog\/migration-ukrainekrieg-stoppen\/\">Migration Ukrainekrieg stoppen<\/a>\u00a0(10.10.2024)<\/li>\n<li>Weidel w\u00fcrde CDU-Minderheitsregierung unterst\u00fctzen (28.6.2023)<\/li>\n<li><a title=\"Berliner Parteienstaat befiehlt\" href=\"https:\/\/www.freiburg-schwarzwald.de\/blog\/berliner-parteienstaat-befiehlt\/\">Berliner Parteienstaat befiehlt<\/a>\u00a0(7.2.2020)<\/li>\n<li><a href=\"https:\/\/www.freiburg-schwarzwald.de\/blog\/minderheitsregierung-ausweg\/\">https:\/\/www.freiburg-schwarzwald.de\/blog\/minderheitsregierung-ausweg\/<\/a> (2.12.2017)<\/li>\n<li>Patzelt: GroKo bringt Land nicht voran (30.11.2017)<\/li>\n<li><a title=\"Jamaika geht \u2013 Migration nicht\" href=\"https:\/\/www.freiburg-schwarzwald.de\/blog\/jamaika-geht-migration-nicht\/\">Jamaika<\/a>\u00a0(22.11.2017)<\/li>\n<li>Minderheitsregierung und Mehrheitsregierung<\/li>\n<\/ul>\n<ul>\n<li><a href=\"https:\/\/www.freiburg-schwarzwald.de\/blog\/vereine\/partei\/cdu\/brandmauer\/\">Brandmauer<\/a><\/li>\n<li><a title=\"Diskussionskultur\" href=\"https:\/\/www.freiburg-schwarzwald.de\/blog\/kultur\/medien\/diskussionskultur\/\">Diskussionskultur<\/a><\/li>\n<li><a title=\"FDP\" href=\"https:\/\/www.freiburg-schwarzwald.de\/blog\/vereine\/partei\/fdp\/\">FDP<\/a><\/li>\n<li><a title=\"GroKo\" href=\"https:\/\/www.freiburg-schwarzwald.de\/blog\/engagement\/zukunft\/demokratie\/groko\/\">GroKo<\/a><\/li>\n<li><a title=\"Jamaika\" href=\"https:\/\/www.freiburg-schwarzwald.de\/blog\/jamaika\/\">Jamaika<\/a><\/li>\n<li><a title=\"Merkelismus\" href=\"https:\/\/www.freiburg-schwarzwald.de\/blog\/engagement\/zukunft\/demokratie\/merkelismus\/\">Merkelismus<\/a><\/li>\n<li><a href=\"https:\/\/www.freiburg-schwarzwald.de\/blog\/engagement\/zukunft\/demografie\/minderheit\/\">Minderheiten<\/a><\/li>\n<li><a title=\"Parlament\" href=\"https:\/\/www.freiburg-schwarzwald.de\/blog\/engagement\/zukunft\/demokratie\/parlament\/\">Parlament<\/a><\/li>\n<li><a title=\"Postfaktisch\" href=\"https:\/\/www.freiburg-schwarzwald.de\/blog\/kultur\/medien\/postfaktisch\/\">Postfaktisch<\/a><\/li>\n<\/ul>\n<p>&nbsp;<\/p>\n<p><strong>Minderheitsregierung und Mehrheitsregierung<\/strong><br \/>\nBei einer Minderheitsregierung haben die Fraktionen, die die Regierung stellen, keine eigene Mehrheit im Bundestag. Sie mu\u00df sich also f\u00fcr jedes Gesetz in der Opposition um Unterst\u00fctzer bem\u00fchen &#8211; <em><strong>wechselnde Mehrheiten beinhalten viel \u00dcberzeugungsarbeit der Regierung und viel Diskussion im Parlament.<\/strong><\/em><br \/>\nDas Extrem einer Mehrheitsregierung hei\u00dft <a title=\"GroKo\" href=\"https:\/\/www.freiburg-schwarzwald.de\/blog\/engagement\/zukunft\/demokratie\/groko\/\">GroKo<\/a>, da hier mit CDU und SPD die beiden gr\u00f6\u00dften Parteien des Parlaments die Regierung bilden. Folge: Schw\u00e4chung der Opposition, St\u00e4rkung der politischen R\u00e4nder (so der AfD), Diskussionsm\u00fcdes Parlament, Politikverdrossenheit der B\u00fcrger.<br \/>\nDas von der GroKo bekannte Durchwinken bzw. Abnicken von Gesetzesvorlagen ist bei einer Minderheitsregierung schlicht nicht m\u00f6glich.<br \/>\n25.11.2017<br \/>\n=============================================================<\/p>\n<p><strong>Die mediale Brandmauer beginnt zu brechen: SZ, FAZ und nun auch BILD f\u00fcr Minderheitsregierung<\/strong><br \/>\n&#8230;<br \/>\nHorns (von BILD) Conclusio: \u201eWir brauchen Reformen, die wirklich etwas ver\u00e4ndern. Oder \u2013 wenn das nicht gelingt \u2013 Neuwahlen. Und ja, neue Wege sind erlaubt: eine Minderheitsregierung etwa, wie sie in vielen Demokratien funktioniert.\u201c<br \/>\n.<br \/>\nBILD ist nun die dritte \u00fcberregionale Zeitung, die ihre Blattlinie weg von der \u201eBrandmauer\u201c hin zu einem Miteinbeziehen der AfD \u00e4ndert. Zuvor hatte bereits Claudius Seidl von der S\u00fcddeutschen Zeitung in einem Essay <a href=\"https:\/\/www.sueddeutsche.de\/kultur\/union-cdu-afd-konservativer-think-tank-r-21-roedder-li.3327826\">https:\/\/www.sueddeutsche.de\/kultur\/union-cdu-afd-konservativer-think-tank-r-21-roedder-li.3327826<\/a> gefordert: \u201eZeit, dass die Konservativen in diesem Land die Rechtsextremen in die Verantwortung nehmen.\u201c In der vergangenen Woche erschienen Text hei\u00dft es w\u00f6rtlich: \u201eMan k\u00f6nnte also fragen, ob, wenn man die L\u00fcgner \u00fcberf\u00fchren und die Leerheit der Versprechen demonstrieren wollte, es wirklich hilfreich w\u00e4re, die Mauer noch ein bisschen h\u00f6her zu bauen. Oder ob man die Fiktion besser dadurch zerst\u00f6rt, dass man sie mit der Realit\u00e4t konfrontiert.\u201c<br \/>\n&#8230;<br \/>\nAuch in der Frankfurter Allgemeine Zeitung schl\u00e4gt der Ton um, weg von \u201eBrandmauer\u201c. J\u00fcrgen Kaube schreibt unter dem Titel \u201ePrinzipienreiterei (der Brandmauer-Bef\u00fcrworter) ruiniert die Republik\u201c <a href=\"https:\/\/www.faz.net\/aktuell\/feuilleton\/debatten\/prinzipienreiterei-der-afd-gegner-ruiniert-die-republik-accg-110762351.html\">https:\/\/www.faz.net\/aktuell\/feuilleton\/debatten\/prinzipienreiterei-der-afd-gegner-ruiniert-die-republik-accg-110762351.html<\/a> w\u00f6rtlich: \u201eAus falschem Geschichtsbewusstsein wird eine L\u00f6sung verschm\u00e4ht, die sich in Nachbarl\u00e4ndern bew\u00e4hrt hat \u2013 eine Minderheitsregierung.\u201c<br \/>\n&#8230; Alles vom 9.11.2025 bitte lesen auf<br \/>\n<a href=\"https:\/\/www.nius.de\/medien\/news\/die-mediale-brandmauer-beginnt-zu-brechen-sz-faz-und-nun-auch-bild-fuer-minderheitsregierung\/96cd9d99-75d2-4139-9c4c-301d8b2d0a04\">https:\/\/www.nius.de\/medien\/news\/die-mediale-brandmauer-beginnt-zu-brechen-sz-faz-und-nun-auch-bild-fuer-minderheitsregierung\/96cd9d99-75d2-4139-9c4c-301d8b2d0a04<\/a><\/p>\n<p>&nbsp;<\/p>\n<p><strong>Weidel w\u00fcrde CDU-Minderheitsregierung unterst\u00fctzen<\/strong><br \/>\nAfD-Chefin Alice Weidel kann sich nach den Landtagswahlen n\u00e4chstes Jahr in Ostdeutschland die Unterst\u00fctzung einer CDU-gef\u00fchrten Minderheitsregierung vorstellen. \u201eIch w\u00fcrde nicht per se ausschlie\u00dfen, im Osten eine Minderheitsregierung der CDU zu unterst\u00fctzen\u201c, sagte sie dem \u201eStern\u201c.<br \/>\nie nannte die Christdemokraten zuvor auch einen denkbaren Koalitionspartner. Die CDU hat allerdings eine Zusammenarbeit mit der AfD ausgeschlossen (\u201eBrandmauer\u201c).<br \/>\nBei einer Minderheitsregierung muss sich eine Regierungspartei oder regierende Parteienkoalition wegen fehlender eigener Mehrheit im Parlament bei Abstimmungen die Stimmen von anderen Parteien sichern, um Projekte durchsetzen zu k\u00f6nnen.<br \/>\nIn Th\u00fcringen und Sachsen lag die AfD in Umfragen zuletzt mit 28 Prozent auf Platz eins, in Brandenburg mit 25 Prozent mit der SPD gleichauf. In allen drei L\u00e4ndern wird 2024 ein neuer Landtag gew\u00e4hlt. F\u00fcr eine Regierungsmehrheit br\u00e4uchte aber auch die AfD einen Koalitionspartner, den es nicht gibt. Weidel sagte: \u201eWir kennen die Brandmauer und diese Regenbogenkoalitionen, um uns irgendwie von der Macht fernzuhalten. Ich bin aber ganz zuversichtlich. Wir sind immer offen f\u00fcr Gespr\u00e4che. Mit der Union finden sie auf informeller Ebene schon statt, in Kreistagen, aber auch auf h\u00f6herer Ebene.\u201c<br \/>\n&#8230; Alles vom 28.6.2023 bitte lesen auf<br \/>\n<a href=\"https:\/\/www.merkur.de\/politik\/weidel-wuerde-cdu-minderheitsregierung-unterstuetzen-zr-92366754.html\">https:\/\/www.merkur.de\/politik\/weidel-wuerde-cdu-minderheitsregierung-unterstuetzen-zr-92366754.html<\/a><\/p>\n<p>&nbsp;<\/p>\n<p>&nbsp;<\/p>\n<p><strong>Patzelt: GroKo bringt Land nicht voran<\/strong><br \/>\nDer Politikwissenschaftler Patzelt hat sich skeptisch \u00fcber die Bildung einer Gro\u00dfen Koalition im Bund ge\u00e4u\u00dfert. Im Grunde w\u00fcssten Union und SPD, dass ein solches B\u00fcndnis ihnen schade und auch das Land nicht voranbringe, sagte Patzelt im Deutschlandfunk. Er glaube, dass die Verhandlungen sehr qu\u00e4lend werden k\u00f6nnten. Denn die SPD wisse, dass es erheblichen parteiinternen Widerstand gegen eine Gro\u00dfe Koalition gebe. Nach Weihnachten k\u00f6nnten die Sondierungen beginnen. Vor Beginn der Fastenzeit Mitte Februar werde man keine neue Regierung haben, erkl\u00e4rte Patzelt.<br \/>\n30.11.2017<br \/>\n<a href=\"https:\/\/www.deutschlandfunk.de\/regierungsbildung-politikwissenschaftler-patzelt-sieht-neue.1939.de.html?drn:news_id=821670\">https:\/\/www.deutschlandfunk.de\/regierungsbildung-politikwissenschaftler-patzelt-sieht-neue.1939.de.html?drn:news_id=821670<\/a><\/p>\n<p>Nach dem Scheitern von Jamaika pl\u00e4diert Patzelt\u00a0 f\u00fcr die Bildung einer Minderheitsregierung &#8211; so bei HartAberFair am 20.11.2017.<\/p>\n","protected":false},"excerpt":{"rendered":"<p>Home &gt;Engagement\u00a0&gt;Zukunft\u00a0&gt;Demokratie\u00a0&gt;Minderheitsregierung Listenauswahl eines Beitrags: Bitte anklicken oder runterscrollen Die mediale Brandmauer beginnt zu brechen: SZ, FAZ und nun auch BILD f\u00fcr Minderheitsregierung (9.11.2025) Wissen \u00fcber die Opposition\u00a0(11.9.2025) Minderheitsregierung in Berlin\u00a0(2.9.2025) CDU 5-Punkte-Plan: 348 zu 345\u00a0(29.1.2025) Migration Ukrainekrieg stoppen\u00a0(10.10.2024) Weidel &hellip; <a href=\"https:\/\/www.freiburg-schwarzwald.de\/blog\/engagement\/zukunft\/demokratie\/minderheitsregierung\/\">Weiterlesen <span class=\"meta-nav\">&rarr;<\/span><\/a><\/p>\n","protected":false},"author":2,"featured_media":0,"parent":21084,"menu_order":0,"comment_status":"open","ping_status":"closed","template":"","meta":{"footnotes":""},"class_list":["post-65802","page","type-page","status-publish","hentry"],"_links":{"self":[{"href":"https:\/\/www.freiburg-schwarzwald.de\/blog\/wp-json\/wp\/v2\/pages\/65802","targetHints":{"allow":["GET"]}}],"collection":[{"href":"https:\/\/www.freiburg-schwarzwald.de\/blog\/wp-json\/wp\/v2\/pages"}],"about":[{"href":"https:\/\/www.freiburg-schwarzwald.de\/blog\/wp-json\/wp\/v2\/types\/page"}],"author":[{"embeddable":true,"href":"https:\/\/www.freiburg-schwarzwald.de\/blog\/wp-json\/wp\/v2\/users\/2"}],"replies":[{"embeddable":true,"href":"https:\/\/www.freiburg-schwarzwald.de\/blog\/wp-json\/wp\/v2\/comments?post=65802"}],"version-history":[{"count":5,"href":"https:\/\/www.freiburg-schwarzwald.de\/blog\/wp-json\/wp\/v2\/pages\/65802\/revisions"}],"predecessor-version":[{"id":141311,"href":"https:\/\/www.freiburg-schwarzwald.de\/blog\/wp-json\/wp\/v2\/pages\/65802\/revisions\/141311"}],"up":[{"embeddable":true,"href":"https:\/\/www.freiburg-schwarzwald.de\/blog\/wp-json\/wp\/v2\/pages\/21084"}],"wp:attachment":[{"href":"https:\/\/www.freiburg-schwarzwald.de\/blog\/wp-json\/wp\/v2\/media?parent=65802"}],"curies":[{"name":"wp","href":"https:\/\/api.w.org\/{rel}","templated":true}]}}