{"id":65578,"date":"2017-10-28T15:23:33","date_gmt":"2017-10-28T13:23:33","guid":{"rendered":"https:\/\/www.freiburg-schwarzwald.de\/blog\/?page_id=65578"},"modified":"2026-04-10T09:34:51","modified_gmt":"2026-04-10T07:34:51","slug":"sachbuch","status":"publish","type":"page","link":"https:\/\/www.freiburg-schwarzwald.de\/blog\/kultur\/dichter\/literatur\/sachbuch\/","title":{"rendered":"Sachbuch"},"content":{"rendered":"<p>Home &gt;<a title=\"Kultur\" href=\"https:\/\/www.freiburg-schwarzwald.de\/blog\/kultur\/\">Kultur<\/a>\u00a0&gt;<a title=\"Dichter\" href=\"https:\/\/www.freiburg-schwarzwald.de\/blog\/kultur\/dichter\/\">Dichter<\/a>\u00a0&gt;<a title=\"Literatur\" href=\"https:\/\/www.freiburg-schwarzwald.de\/blog\/kultur\/dichter\/literatur\/\">Literatur<\/a>\u00a0&gt;<a title=\"Buch\" href=\"https:\/\/www.freiburg-schwarzwald.de\/blog\/kultur\/dichter\/literatur\/buch\/\">Buch<\/a>\u00a0&gt;Sachbuch<\/p>\n<div id=\"attachment_65598\" style=\"width: 648px\" class=\"wp-caption alignnone\"><a href=\"https:\/\/www.freiburg-schwarzwald.de\/blog\/kultur\/dichter\/literatur\/sachbuch\/schwarzwaldregen-stpeter171026\/\" rel=\"attachment wp-att-65598\"><img loading=\"lazy\" decoding=\"async\" aria-describedby=\"caption-attachment-65598\" class=\"size-full wp-image-65598\" src=\"https:\/\/www.freiburg-schwarzwald.de\/blog\/wp-content\/uploads\/2017\/10\/schwarzwaldregen-stpeter171026.jpg\" alt=\"Regen im Schwarzwald zwischen St.Peter und St.M\u00e4rgen im Oktober 2017 nachmittags\" width=\"638\" height=\"244\" srcset=\"https:\/\/www.freiburg-schwarzwald.de\/blog\/wp-content\/uploads\/2017\/10\/schwarzwaldregen-stpeter171026.jpg 638w, https:\/\/www.freiburg-schwarzwald.de\/blog\/wp-content\/uploads\/2017\/10\/schwarzwaldregen-stpeter171026-180x68.jpg 180w\" sizes=\"auto, (max-width: 638px) 100vw, 638px\" \/><\/a><p id=\"caption-attachment-65598\" class=\"wp-caption-text\">Regen im Schwarzwald zwischen St.Peter und St.M\u00e4rgen im Oktober 2017 nachmittags<\/p><\/div>\n<ul>\n<li><em>Listenauswahl eines Beitrags: Bitte anklicken oder runterscrollen<\/em><\/li>\n<li><a href=\"https:\/\/www.freiburg-schwarzwald.de\/blog\/engagement\/zukunft\/demokratie\/demokratie-nation\/\">Baberowski: Am Volk vorbei \u2013 Zur Krise der liberalen Demokratie<\/a>\u00a0(6,4.2925)<\/li>\n<li>ChatGPT, kennst du das Buch \u201eSp\u00e4tlese\u201c von Egon W. Kreutzer (15.10.2025)<\/li>\n<li><a href=\"https:\/\/www.freiburg-schwarzwald.de\/blog\/bildung\/schulen\/grundschule\/schreiben\/\">Nur wer (selbst, ohne KI) schreibt, der bleibt<\/a>\u00a0(25.7.2025)<\/li>\n<li><a href=\"https:\/\/www.freiburg-schwarzwald.de\/blog\/vahlefeld-die-krisenmaschine\/\">Vahlefeld: Die Krisenmaschine<\/a>\u00a0(29.6.2025)<\/li>\n<li><a href=\"https:\/\/www.freiburg-schwarzwald.de\/blog\/global\/france\/frankreich2022\/\">Alain de Benoist \u2013 Philosoph der Neuen Rechten in Frankreich<\/a>\u00a0(31.1.2025)<\/li>\n<li><a href=\"https:\/\/www.freiburg-schwarzwald.de\/blog\/graesslinwie-lichter-in-der-nacht\/\">Gr\u00e4sslin: Wie Lichter in der Nacht<\/a>\u00a0(24.1.2025)<\/li>\n<li><a href=\"https:\/\/www.freiburg-schwarzwald.de\/blog\/global\/usa\/vance\/\">Vance-Buch: Kontaktschuld\u00a0 Marketing-Trick<\/a> (29.7.2024)<\/li>\n<li><a href=\"https:\/\/www.freiburg-schwarzwald.de\/blog\/guerot\">Ulrike Gu\u00e9rot \u201eDer Ausverkauf der Republik\u201c<\/a> (14.3.2024)<\/li>\n<li><a href=\"https:\/\/www.freiburg-schwarzwald.de\/blog\/kultur\/dichter\/klonovsky\/\">Michael Klonovsky: Rote Linien<\/a>\u00a0(12.1.2024)<\/li>\n<li><a href=\"https:\/\/www.freiburg-schwarzwald.de\/blog\/ein-gruenes-requiem\/\">Ein gr\u00fcnes Requiem<\/a>\u00a0(25.11.2023)<\/li>\n<li><a href=\"https:\/\/www.freiburg-schwarzwald.de\/blog\/mai-die-zukunft-gestalten-wir\/\">Klaus-R\u00fcdiger\u00a0 Mai: Die Zukunft gestalten wir<\/a>\u00a0(6.5.2021)<\/li>\n<li><a title=\"Aus Liebe zu Deutschland\" href=\"https:\/\/www.freiburg-schwarzwald.de\/blog\/aus-liebe-zu-deutschland\/\">A<\/a><a title=\"Aus Liebe zu Deutschland\" href=\"https:\/\/www.freiburg-schwarzwald.de\/blog\/aus-liebe-zu-deutschland\/\">us Liebe zu Deutschland<\/a>\u00a0(13.10.2020)<\/li>\n<li><a title=\"Infantil\" href=\"https:\/\/www.freiburg-schwarzwald.de\/blog\/bildung\/infantil\/\">Alexander Grau: Kitsch \u2013 Unkraut auf der Wiese der Sinngebung<\/a> (13.12.2019)<\/li>\n<li><a title=\"Konservative braucht das Land\" href=\"https:\/\/www.freiburg-schwarzwald.de\/blog\/konservative-braucht-das-land\/\">Konservative braucht das Land<\/a>\u00a0(13.12.2019)<\/li>\n<li><a title=\"Moral2015\" href=\"https:\/\/www.freiburg-schwarzwald.de\/blog\/global\/deutschland\/moral2015\/\">Vahlefeld: Der ganze Stolz der Deutschen<\/a>\u00a0(3.7.2019)<\/li>\n<li>Zeitschriftenkritik: Eigent\u00fcmlich frei &#8211; Ideologischer Gr\u00f6\u00dfenwahn (16.5.2019)<\/li>\n<li><a title=\"Deutschland-Hoffnung\" href=\"https:\/\/www.freiburg-schwarzwald.de\/blog\/global\/deutschland\/deutschland-hoffnung\/\">Vahlefeld: Wie Deutschland mir die Hoffnung austreibt \u2013 eine Chronik<\/a>\u00a0(10.5.2019)<\/li>\n<li><a title=\"Ates\" href=\"https:\/\/www.freiburg-schwarzwald.de\/blog\/religion\/islam\/ates\/\">Seyran Ates: Der Miltikulti-Irrtum<\/a><\/li>\n<li><a title=\"Konservativ\" href=\"https:\/\/www.freiburg-schwarzwald.de\/blog\/engagement\/zukunft\/demokratie\/konservativ\/\">Alexander Gauland: Anleitung zum Konservativsein<\/a><\/li>\n<li><a title=\"Angst und Religion\" href=\"https:\/\/www.freiburg-schwarzwald.de\/blog\/angst-und-religion\/\">Eugen Drewermann: Spirale der Angst<\/a><\/li>\n<li><a href=\"https:\/\/www.freiburg-schwarzwald.de\/blog\/kultur\/dichter\/literatur\/sachbuch\/esfeld\/\">Michael Esfeld: Land ohne Mut, Und die Freiheit?<\/a><\/li>\n<li><a title=\"Kelek\" href=\"https:\/\/www.freiburg-schwarzwald.de\/blog\/religion\/islam\/kelek\/\">Necla Kelek: Die fremde Braut<\/a><\/li>\n<li><a title=\"Luther500\" href=\"https:\/\/www.freiburg-schwarzwald.de\/blog\/religion\/evangelisch\/luther500\/\">Klaus-R\u00fcdiger Mai:\u00a0Geh\u00f6rt Luther zu Deutschland?<\/a><\/li>\n<li>Werner M\u00fcnch: Freiheit ohne Gott (27.10.2017)<\/li>\n<li><a title=\"Untergang\" href=\"https:\/\/www.freiburg-schwarzwald.de\/blog\/religion\/islam\/untergang\/\">Douglas Murray: Der seltsame Tod Europas<\/a> (28.10.2017)<\/li>\n<li><a title=\"Zeit\" href=\"https:\/\/www.freiburg-schwarzwald.de\/blog\/engagement\/zukunft\/zeit-2\/\">Niko Paech: Befreiung vom \u00dcberfluss<\/a><\/li>\n<li><a title=\"Abdel-Samad\" href=\"https:\/\/www.freiburg-schwarzwald.de\/blog\/religion\/islam\/abdel-samad\/\">Abdel Samad: Der Prophet Mohammed<\/a><\/li>\n<li><a title=\"Nationalismus\" href=\"https:\/\/www.freiburg-schwarzwald.de\/blog\/engagement\/zukunft\/demokratie\/nationalismus\/\">Schachtschneider: Die nationale Option<\/a><\/li>\n<li><a title=\"Sieferle\" href=\"https:\/\/www.freiburg-schwarzwald.de\/blog\/global\/deutschland\/sieferle\/\">Rolf Peter Sieferle: Das Migrationsproblem<\/a><\/li>\n<li><a title=\"Sinn\" href=\"https:\/\/www.freiburg-schwarzwald.de\/blog\/global\/deutschland\/sinn\/\">Hans-Werner Sinn: Der schwarze Juni<\/a><\/li>\n<li><a title=\"Tibi\" href=\"https:\/\/www.freiburg-schwarzwald.de\/blog\/global\/deutschland\/tibi\/\">Bassam Tibi: Mit dem Kopftuch nach Europa?<\/a><\/li>\n<li>Markus Vahlefeld: Mal eben kurz die\u00a0Welt retten<\/li>\n<li><\/li>\n<li><a title=\"Diffamierung\" href=\"https:\/\/www.freiburg-schwarzwald.de\/blog\/kultur\/medien\/diffamierung\/\">Diffamierung<\/a><\/li>\n<\/ul>\n<ul>\n<li><a title=\"Diskussionskultur\" href=\"https:\/\/www.freiburg-schwarzwald.de\/blog\/kultur\/medien\/diskussionskultur\/\">Diskussionskultur<\/a><\/li>\n<li><a title=\"Ehrlichkeit\" href=\"https:\/\/www.freiburg-schwarzwald.de\/blog\/engagement\/zukunft\/ehrlichkeit\/\">Ehrlichkeit<\/a><\/li>\n<li><a title=\"Mainstream\" href=\"https:\/\/www.freiburg-schwarzwald.de\/blog\/kultur\/medien\/mainstream\/\">Mainstream-Medien<\/a><\/li>\n<li><a title=\"Politik-Ansichten\" href=\"https:\/\/www.freiburg-schwarzwald.de\/blog\/engagement\/zukunft\/demokratie\/politik-ansichten\/\">Politik<\/a><\/li>\n<li><a title=\"Relativierung\" href=\"https:\/\/www.freiburg-schwarzwald.de\/blog\/kultur\/medien\/relativierung\/\">Relativierung<\/a><\/li>\n<li><a href=\"https:\/\/www.freiburg-schwarzwald.de\/blog\/kultur\/dichter\/literatur\/buchmesse\/seitenwechsel\/\">Seitenwechsel &#8211; Buchmesse<\/a><\/li>\n<li><a title=\"Talkshow\" href=\"https:\/\/www.freiburg-schwarzwald.de\/blog\/kultur\/medien\/talkshow\/\">Talkshow<\/a><\/li>\n<li><a title=\"Vorverurteilung\" href=\"https:\/\/www.freiburg-schwarzwald.de\/blog\/kultur\/medien\/vorverurteilung\/\">Vorverurteilung<\/a><\/li>\n<li><a title=\"Zensur\" href=\"https:\/\/www.freiburg-schwarzwald.de\/blog\/kultur\/medien\/zensur\/\">Zensur<\/a><\/li>\n<\/ul>\n<p>&nbsp;<\/p>\n<p><strong>ChatGPT, kennst du das Buch \u201eSp\u00e4tlese\u201c von Egon W. Kreutzer<\/strong><br \/>\nEin au\u00dfergew\u00f6hnliches Buch zu vermarkten, ist nicht einfach. Bisher hat es auch nur einer von vier potentiellen Rezensenten geschafft, dazu eine Buchbesprechung zu schreiben. Das war Daniel Sandmann bei Manova, ich habe schon einmal darauf hingewiesen, verlinke hier aber gerne noch einmal darauf https:\/\/www.manova.news\/artikel\/rausch-am-rande-des-niedergangs. Dass das schwierig ist, wei\u00df ich, und daher bin ich Daniel daf\u00fcr auch besonders dankbar.<br \/>\nNun habe ich mir mit diesem Buch aber nicht nur die Seele aus dem Leib geschrieben, ich habe mir auch ein Ziel gesetzt, was den Verkauf betrifft.<br \/>\n150 Exemplare sollen es mindestens sein, die bis Weihnachten ihre Liebhaber gefunden haben. Bisher ist erst die H\u00e4lfte geschafft. Es gibt also noch viel zu tun, und nat\u00fcrlich bin ich als Autor in der Pflicht, dabei flei\u00dfig mitzuhelfen.<br \/>\nIch habe also nach einem neuen Ansatz gesucht, Ihnen dieses Buch nahezubringen. Dabei bin ich auf die Idee gekommen, die KI, in Gestalt von ChatGPT, zu fragen, ob ihr dieses Buch bereits bekannt ist. Daraus entstand folgender Dialog:<br \/>\nChatGPT: Ist mir das Buch \u201eSp\u00e4tlese\u201c von Egon W. Kreutzer bekannt?<br \/>\nJa, mir ist das Buch \u201eSp\u00e4tlese\u201c von Egon W. Kreutzer bekannt. Es handelt sich dabei um einen Roman des deutschen Autors, der gleichzeitig auch f\u00fcr seine politischen Kommentare und Essays bekannt ist. Das Buch erschien im Masselverlag und richtet sich eher an ein Publikum, das nachdenkliche, gesellschaftskritische Literatur mag.<br \/>\n.<br \/>\nWorum geht es inhaltlich?<br \/>\n\u201eSp\u00e4tlese\u201c ist kein leichter Unterhaltungsroman, sondern eher eine reflektierende, philosophisch angehauchte Lebensbetrachtung. In erz\u00e4hlerischer Form begleitet man den Protagonisten \u2013 einen \u00e4lteren Mann \u2013 dabei, wie er auf sein Leben zur\u00fcckblickt und versucht, Sinn und Orientierung in einer Welt zu finden, die sich rapide ver\u00e4ndert hat. Dabei geht es um Themen wie:<br \/>\n&#8211; pers\u00f6nliche Entscheidungen und ihre Folgen<br \/>\n&#8211; Altern und Lebensbilanz<br \/>\n&#8211; gesellschaftliche Entwicklungen<br \/>\n&#8211; Werte, Moral und Verantwortung<br \/>\nWahrheitssuche und Skepsis gegen\u00fcber Mainstream-Narrativen<br \/>\nDer Roman wirkt h\u00e4ufig essayistisch, weil Kreutzer viele gedankliche Exkurse einbaut. Wer ihn kennt, erkennt darin auch Elemente seines politischen und gesellschaftskritischen Schreibstils wieder.<br \/>\n&#8230;<br \/>\n&#8230; Alles vom 15.10.2025 von Egon W. Kreutzer bitte lesen auf<br \/>\n<a href=\"https:\/\/egon-w-kreutzer.de\/chatgpt-kennst-du-das-buch-spaetlese-von-egon-w-kreutzer\">https:\/\/egon-w-kreutzer.de\/chatgpt-kennst-du-das-buch-spaetlese-von-egon-w-kreutzer<\/a><br \/>\n<em>:<\/em><br \/>\n<em>Egon W. Kreutzer: Sp\u00e4tlese<\/em><br \/>\n<em>Hart am Rnde des Selbst<\/em><br \/>\n<em>312 Seiten, ISBN 978 391 210 601 5<\/em><br \/>\n<em>Massel Verlag , 22 Euro<\/em><\/p>\n<p>&nbsp;<\/p>\n<p><strong>Zeitschriftenkritik: Eigent\u00fcmlich frei &#8211; Ideologischer Gr\u00f6\u00dfenwahn<\/strong><br \/>\n\u00dcber den \u201eKlimaschutz als Massenvernichtungswaffe\u201c schreibt Bruno Bandulet in der aktuellen Ausgabe des libert\u00e4ren Magazins \u201eEigent\u00fcmlich frei\u201c (Mai 2019). Er kritisiert, da\u00df f\u00fcr den Plastikm\u00fcll, mit dem die Meere verschmutzt und die Fische kontaminiert werden, \u201enur ein Bruchteil der Zeit und Energie investiert wird, die f\u00fcr den sogenannten Klimaschutz aufgewendet wird\u201c. Dabei k\u00f6nne man das Klima ebensowenig sch\u00fctzen wie das Wetter, die Natur aber sehr wohl. Der eigentliche Skandal liege aber darin, da\u00df nach zahllosen Konferenzen, Abkommen und Regulierungen der \u201eKlimaschutz\u201c l\u00e4ngst ein Stadium erreicht habe, das zu Lasten des Naturschutzes gehe. So bezifferte Wirtschaftsminister Altmaier die Gesamtkosten der Energiewende auf 1.000 Milliarden Euro und dies nur bezogen auf Deutschland. Dabei ist unser Anteil an CO2 bedeutungslos. Laut dem Zoologen Professor Reichholf k\u00f6nne Deutschland aufh\u00f6ren zu existieren, ohne da\u00df das Weltklima dies merken w\u00fcrde.<br \/>\nWie man aus Europa einen unterentwickelten Kontinent macht, beschreibt Eva-Maria Michels in ihrem Beitrag \u201eBev\u00f6lkerungsreduktion, der gr\u00fcne Weg\u201c. Die Gymnasiallehrerin Verena Brunschweiger, die aus Gr\u00fcnden des Umweltschutzes daf\u00fcr pl\u00e4diert, keine Kinder zu zeugen, nennt sie den \u201ePrototyp des gehirngewaschenen Opfers der zeitgeistigen \u00d6koideologie\u201c. Der Gr\u00fcnder der franz\u00f6sischen Gr\u00fcnen Yves Cochet will unsere Geburten begrenzen, damit wir \u201edie Migranten, die an unsere T\u00fcr klopfen, besser aufnehmen k\u00f6nnten\u201c. Ein weiteres Element, um die europ\u00e4ische Zivilisation zu zerst\u00f6ren, sei die erzwungene Deindustriealisierung, die \u201eim Namen einer irrsinnigen Klimarettungspolitik immer radikaler und schneller durchgef\u00fchrt wird\u201c. Funktionierende, saubere Kernenergie werde durch Windkraftanlagen ersetzt, die nur so lange liefen, wie sie von dreckigen Kohlekraftwerken und staatlichen Subventionen begleitet werden. Die weder sauberen noch wirklich fahrt\u00fcchtigen Elektroautos, deren Batterie-Inhaltsstoffe in Afrika und Asien von Kindern zum Profit multinationaler Unternehmen zutage gef\u00f6rdert und in China von Wanderarbeitern ohne Schutz zu Batterien zusammengebaut werden, feiere man als Ersatzprodukte f\u00fcr Verbrennungsmotoren: \u201eEuropa soll ein unterentwickelter Kontinent werden, der haupts\u00e4chlich von Menschen aus unterentwickelten Kulturen bewohnt wird\u201c (Michels). Zwar werde die Linke auch dieses Mal scheitern, \u201edoch in dem Ma\u00dfe, indem ihr aktuelles Projekt die vorherigen an Gr\u00f6\u00dfenwahn \u00fcbertrumpft, d\u00fcrfte auch das kommende Blutvergie\u00dfen alles bisherige \u00fcbertreffen.\u201c<br \/>\nFrank Carsten stellt den neuen niederl\u00e4ndischen Polit-Star Thierry Baudet vor, der den Austritt seines Landes aus der EU f\u00fcr eine realistische Position h\u00e4lt. Die Linke ha\u00dft ihn, was auf Gegenseitigkeit beruht: \u201eF\u00fcr mich ist die Linke ein Synonym f\u00fcr Heuchelei. Das Gef\u00fchl, moralisch erhaben zu sein, aber in der Praxis das zu tun, was schlecht ist f\u00fcr die Schw\u00e4chsten\u201c.<br \/>\n16.5.2019, Werner Olles. Zeitschriftenkritik &#8222;eigent\u00fcmlich frei, Junge Freiheit, Seite 14<br \/>\n<a href=\"https:\/\/www.jungeFreiheit.de\">https:\/\/www.jungeFreiheit.de<\/a><br \/>\n.<br \/>\n<em>Kontakt: Lichtschlag Medien und Werbung, Dorfstr. 61, 40667 Meerbusch. <\/em><br \/>\n<em>Das Einzelheft kostet 9,80 Euro, ein Jahresabo 96 Euro. <\/em><br \/>\n<em><a href=\"https:\/\/www.ef-magazin.de\">https:\/\/www.ef-magazin.de<\/a><\/em><\/p>\n<p>&nbsp;<\/p>\n<p><strong>Werner M\u00fcnch: Freiheit ohne Gott<\/strong><br \/>\nUnter Merkel heimatlos geworden<br \/>\nWerner M\u00fcnch, fr\u00fcherer Ministerpr\u00e4sident von Sachsen-Anhalt, liest Kirche und Politik die Leviten<\/p>\n<p>Bei der Vielzahl an Schreckensnachrichten, die t\u00e4glich auf den aufmerksamen Zeitgenossen einprasseln, kann man leicht den \u00dcberblick verlieren. Eine umfassende \u00dcbersicht \u00fcber all das, was sich in den vergangenen Monaten und Jahren an unheilvollem Wandel in Kirche, Gesellschaft und Politik vollzogen hat, bietet Werner M\u00fcnch mit seinem neuen Buch \u201eFreiheit ohne Gott \u2013 Kirche und Politik in der Verantwortung\u201c.<br \/>\nDoch nicht nur das. Der ehemalige Ministerpr\u00e4sident von Sachsen-Anhalt und Professor f\u00fcr Politikwissenschaft und Soziologie analysiert, kommentiert und legt in seinen Beitr\u00e4gen \u2013 Essays, vor allem aber Vortr\u00e4ge aus den vergangenen zwei Jahren \u2013 eine schonungslose Bestandsaufnahme der bundesdeutschen Gegenwart vor. Besonderes Augenmerk lenkt der \u00fcberzeugte Katholik auf die Haltung seiner Kirche zu aktuellen Fragen wie Ehe und Familie, Genderideologie, Christenverfolgung und Islam. Die Verharmlosung des letzteren durch Kirchenvertreter sowie deren st\u00e4ndige Stellungnahmen zur Politik bei einer gleichzeitigen Voreingenommenheit gegen\u00fcber politischen Parteien wie der AfD geh\u00f6ren zu den wesentlichen Kritikpunkten des Verfassers. Die Ursache, eine Anbiederung der Kirche an den Zeitgeist, f\u00fchre dann auch dazu, da\u00df sich Gl\u00e4ubige heimatlos f\u00fchlten. Demgegen\u00fcber erinnert der Autor an die Strahlkraft und das gro\u00dfe Vorbild, das etwa noch Papst Benedikt XVI. gab, der immer wieder f\u00fcr eine \u201eVernunft des Glaubens\u201c, f\u00fcr eine \u201eVernunft der Moral\u201c pl\u00e4dierte und jeglicher Anpassung an die jeweiligen Zeitstr\u00f6mungen eine deutliche Absage erteilte. Denn auch f\u00fcr M\u00fcnch gelten nach wie vor \u201eWahrheit, Lehre und Tradition und nicht Verweltlichung, Lebenswirklichkeit, Zeitgeist und \u2018Verheutigung\u2019 des Evangeliums.\u201c<br \/>\nAuch die gesellschaftliche und politische Entwicklung verfolgt M\u00fcnch mit Sorge und wachsendem Zorn. Das allt\u00e4gliche Gerede von \u201eIslamophobie\u201c, \u201eEinzelf\u00e4llen\u201c, einem \u201eliberalen Islam\u201c, \u201eder Bereicherung f\u00fcr unsere Gesellschaft und den Arbeitsmarkt\u201c, der \u201eSelbstradikalisierung der Attent\u00e4ter\u201c sowie die Politische Korrektheit, die nachgerade zu einem Zwang geworden ist \u2013 M\u00fcnch ist es leid.<\/p>\n<p>Sehnsucht nach ehrlichem Diskurs in der Gesellschaft<br \/>\nDabei scheut er sich nicht, gegen seine eigene ehemalige Parteivorsitzende und Kanzlerin Stellung zu beziehen. Ja, das einstige (bis 2009) CDU-Parteimitglied ist \u2013 wie der Verfasser selbst konzediert \u2013 sogar zum Protestw\u00e4hler geworden. Folgt man seinen Ausf\u00fchrungen, so stellt sich diese Entscheidung als logische Konsequenz dar. So rechnet M\u00fcnch ab mit der \u201eArroganz der Macht\u201c der etablierten Parteien, deren Vertreter bei ihren Kommentaren \u00fcber Andersdenkende selbst vor \u00fcbelsten Schm\u00e4hungen nicht zur\u00fcckschrecken (Gabriel:\u201ePack\u201c, Sch\u00e4uble: \u201eDumpfbacken\u201c, Strobl: \u201eSchande mit Parteistatut\u201c und Schlimmeres), obwohl sie doch sonst allseits \u201eRespekt\u201c und \u201eToleranz\u201c einfordern. Gerade diese Widerspr\u00fcche klar zu benennen, ist ein gro\u00dfes Verdienst des Buches, wenn etwa gefragt wird: \u201eWie kann eigentlich eine Regierung eine \u2018Willkommenskultur\u2019 f\u00fcr alle Menschen auf der Welt propagieren und gleichzeitig ein sogenanntes \u2018Recht auf Abtreibung\u2019, das hei\u00dft eine millionenfache T\u00f6tung von ungeborenen Kindern zulassen und unterst\u00fctzen?\u201c<br \/>\nM\u00fcnch spricht in bezug auf die Migrantenkrise das aus, was viele denken: \u201eMerkel l\u00e4\u00dft sich zur Ikone der Humanit\u00e4t hochstilisieren und nimmt dabei nicht zur Kenntnis, da\u00df der B\u00fcrger in diesem Land unsicher geworden ist und Angst hat.\u201c Warum ignoriere sie die Tatsache, da\u00df so viele B\u00fcrger wie nie zuvor in der letzten Zeit Tresore, Waffen und Pfefferspray gekauft und sich zu Selbstverteidigungs- und Karatekursen angemeldet h\u00e4tten? M\u00fcnch folgert: \u201eEs darf nicht so bleiben, da\u00df ein ehrlicher Diskurs in unserer Gesellschaft kaum noch stattfindet.\u201c Damit zeichnet ihn das aus, was auch seinen fr\u00fcheren Parteikollegen Wolfgang Bosbach so authentisch macht: seine erfrischende N\u00e4he zum Volk sowie eine unbeirrbare Geradlinigkeit in Geist und Verhalten, wie sie bei heutigen Politikern jedweder Couleur nicht mehr allzu h\u00e4ufig anzutreffen ist. &#8230;.<br \/>\nAlles von Katrin Faber vom 27.10.2017 bitte lesen auf <a href=\"https:\/\/www.jungeFreiheit.de\">www.jungeFreiheit.de<\/a><\/p>\n<p><em>Werner M\u00fcnch: Freiheit ohne Gott \u2013 Kirche und Politik in der Verantwortung. Media Maria Verlag, Illertissen 2017, gebunden, 176 Seiten, 16,95 Euro<\/em><\/p>\n<p>.<\/p>\n<p><strong>Markus Vahlefeld: Mal eben kurz die Welt retten<\/strong><\/p>\n<p>Rechtzeitig zur Bundestagswahl erscheint Markus Vahlefelds Buch mit einer Psychoanalyse dieses merkw\u00fcrdigen deutschen Volkes, diesem Hippievolk, das sich, nach einem einzigartigen geschichtlichen S\u00fcndenfall, geschworen hat, die Welt zu retten. (&#8230;) Vahlefelds Buch geh\u00f6rt in diesen Monaten in jeden Haushalt, denn nur kopfsch\u00fcttelnd kann der aufgekl\u00e4rte Zeitgenosse zur Kenntnis nehmen, dass die Bundeskanzlerin vor der n\u00e4chsten Bundestagswahl trotz ihrer schicksalsschweren Fehler, ihrer L\u00fcgen, ihrer Tricksereien Rekordwerte an Popularit\u00e4t einf\u00e4hrt.\u00ab<br \/>\nMatthias Matussek, 9\/2017<\/p>\n<p><a title=\"Selbsthass\" href=\"https:\/\/www.freiburg-schwarzwald.de\/blog\/engagement\/zukunft\/selbsthass\/\">Vahlefeld:\u00a0Mal eben kurz die Welt retten \u2013 Buchbesprechung<\/a>\u00a0(2.6.2017)<br \/>\n<a title=\"Moral2015\" href=\"https:\/\/www.freiburg-schwarzwald.de\/blog\/global\/deutschland\/moral2015\/\">Vahlefeld: Der ganze Stolz der Deutschen<\/a>\u00a0(3.7.2019)<\/p>\n<p>Markus Vahlefeld: Mal eben kurz die Welt retten<br \/>\n\u2013 die Deutschen zwischen Gr\u00f6\u00dfenwahn und Selbstverleugnung<br \/>\nK\u00f6ln 2017<br \/>\nISBN 978-3-7450-8376-7<\/p>\n","protected":false},"excerpt":{"rendered":"<p>Home &gt;Kultur\u00a0&gt;Dichter\u00a0&gt;Literatur\u00a0&gt;Buch\u00a0&gt;Sachbuch Listenauswahl eines Beitrags: Bitte anklicken oder runterscrollen Baberowski: Am Volk vorbei \u2013 Zur Krise der liberalen Demokratie\u00a0(6,4.2925) ChatGPT, kennst du das Buch \u201eSp\u00e4tlese\u201c von Egon W. Kreutzer (15.10.2025) Nur wer (selbst, ohne KI) schreibt, der bleibt\u00a0(25.7.2025) Vahlefeld: Die &hellip; <a href=\"https:\/\/www.freiburg-schwarzwald.de\/blog\/kultur\/dichter\/literatur\/sachbuch\/\">Weiterlesen <span class=\"meta-nav\">&rarr;<\/span><\/a><\/p>\n","protected":false},"author":2,"featured_media":0,"parent":1053,"menu_order":0,"comment_status":"open","ping_status":"closed","template":"","meta":{"footnotes":""},"class_list":["post-65578","page","type-page","status-publish","hentry"],"_links":{"self":[{"href":"https:\/\/www.freiburg-schwarzwald.de\/blog\/wp-json\/wp\/v2\/pages\/65578","targetHints":{"allow":["GET"]}}],"collection":[{"href":"https:\/\/www.freiburg-schwarzwald.de\/blog\/wp-json\/wp\/v2\/pages"}],"about":[{"href":"https:\/\/www.freiburg-schwarzwald.de\/blog\/wp-json\/wp\/v2\/types\/page"}],"author":[{"embeddable":true,"href":"https:\/\/www.freiburg-schwarzwald.de\/blog\/wp-json\/wp\/v2\/users\/2"}],"replies":[{"embeddable":true,"href":"https:\/\/www.freiburg-schwarzwald.de\/blog\/wp-json\/wp\/v2\/comments?post=65578"}],"version-history":[{"count":6,"href":"https:\/\/www.freiburg-schwarzwald.de\/blog\/wp-json\/wp\/v2\/pages\/65578\/revisions"}],"predecessor-version":[{"id":147691,"href":"https:\/\/www.freiburg-schwarzwald.de\/blog\/wp-json\/wp\/v2\/pages\/65578\/revisions\/147691"}],"up":[{"embeddable":true,"href":"https:\/\/www.freiburg-schwarzwald.de\/blog\/wp-json\/wp\/v2\/pages\/1053"}],"wp:attachment":[{"href":"https:\/\/www.freiburg-schwarzwald.de\/blog\/wp-json\/wp\/v2\/media?parent=65578"}],"curies":[{"name":"wp","href":"https:\/\/api.w.org\/{rel}","templated":true}]}}