{"id":64844,"date":"2017-05-09T20:32:17","date_gmt":"2017-05-09T18:32:17","guid":{"rendered":"https:\/\/www.freiburg-schwarzwald.de\/blog\/?page_id=64844"},"modified":"2025-02-22T12:03:13","modified_gmt":"2025-02-22T11:03:13","slug":"rumaenien","status":"publish","type":"page","link":"https:\/\/www.freiburg-schwarzwald.de\/blog\/global\/rumaenien\/","title":{"rendered":"Rumaenien"},"content":{"rendered":"<p><a href=\"https:\/\/www.freiburg-schwarzwald.de\/blog\">Home<\/a> &gt;\u00a0<a title=\"Global\" href=\"https:\/\/www.freiburg-schwarzwald.de\/blog\/global\/\">Globa<\/a>l\u00a0&gt;<a title=\"EU\" href=\"https:\/\/www.freiburg-schwarzwald.de\/blog\/global\/eu\/\">EU<\/a> &gt;<a title=\"Balkan\" href=\"https:\/\/www.freiburg-schwarzwald.de\/blog\/global\/balkan\/\">Balkan<\/a> &lt;Rumaenien<\/p>\n<div id=\"attachment_88376\" style=\"width: 651px\" class=\"wp-caption alignnone\"><a href=\"https:\/\/www.freiburg-schwarzwald.de\/blog\/wp-content\/uploads\/2021\/03\/dreisam-eistrompeten-pan20210222.jpg\"><img loading=\"lazy\" decoding=\"async\" aria-describedby=\"caption-attachment-88376\" class=\"size-full wp-image-88376\" src=\"https:\/\/www.freiburg-schwarzwald.de\/blog\/wp-content\/uploads\/2021\/03\/dreisam-eistrompeten-pan20210222.jpg\" alt=\"\" width=\"641\" height=\"226\" srcset=\"https:\/\/www.freiburg-schwarzwald.de\/blog\/wp-content\/uploads\/2021\/03\/dreisam-eistrompeten-pan20210222.jpg 641w, https:\/\/www.freiburg-schwarzwald.de\/blog\/wp-content\/uploads\/2021\/03\/dreisam-eistrompeten-pan20210222-180x63.jpg 180w\" sizes=\"auto, (max-width: 641px) 100vw, 641px\" \/><\/a><p id=\"caption-attachment-88376\" class=\"wp-caption-text\">Winter an der Dreisam zwischen Freiburg und Schwarzwald: Eistrompeten bei -10 Grad<\/p><\/div>\n<ul>\n<li><em>Listenauswahl eines Beitrags: Bitte anklicken oder runterscrollen<\/em><\/li>\n<li>US-Vizepr\u00e4sident Vance kritisiert Annullierung der Wahlen in Rum\u00e4nien als Gefahr f\u00fcr westliche Werte (22.2.2025)<\/li>\n<li>Rum\u00e4nien: NATO-Kritiker \u00fcberrascht bei Pr\u00e4sidentschaftswahl (26.11.2024)<\/li>\n<li><a href=\"https:\/\/www.freiburg-schwarzwald.de\/blog\/eu-westeuropa-und-osteuropa\/\">EU: Westeuropa und Osteuropa<\/a>\u00a0(7.3.2021)<\/li>\n<li>Kindergartenprojekt der Malteser in Satu Mare Rum\u00e4nien (7.5.2017)<\/li>\n<li><a href=\"https:\/\/www.frsw.de\/littenweiler\/einewelt.htm#Boeselager%20Stiftung\">https:\/\/www.frsw.de\/littenweiler\/einewelt.htm#Boeselager Stiftung<\/a> &#8211; Osteuropa-Hilfe e.V. (2009)<\/li>\n<li><a href=\"https:\/\/www.frsw.de\/littenweiler\/dreifaltigkeit.htm\">https:\/\/www.frsw.de\/littenweiler\/dreifaltigkeit.htm<\/a> (7.12.2008)<\/li>\n<li><a href=\"https:\/\/www.freiburg-schwarzwald.de\/littenweiler\/littenweiler0.htm\">www.freiburg-schwarzwald.de\/littenweiler\/littenweiler0.htm<\/a> \u00a0Aktion Schuhkarton \u00a0(15.10.2000)<\/li>\n<\/ul>\n<ul>\n<li><a title=\"EineWelt\" href=\"https:\/\/www.freiburg-schwarzwald.de\/blog\/global\/einewelt\/\">EineWelt<\/a><\/li>\n<li><a title=\"Hilfe\" href=\"https:\/\/www.freiburg-schwarzwald.de\/blog\/vereine\/hilfe\/\">Hilfe<\/a><\/li>\n<li><a title=\"Selbsthilfe\" href=\"https:\/\/www.freiburg-schwarzwald.de\/blog\/selbsthilfe\/\">Selbsthilfe<\/a><\/li>\n<li><a title=\"StBarbara\" href=\"https:\/\/www.freiburg-schwarzwald.de\/blog\/religion\/kirchen\/stbarbara\/\">StBarbara Littenweiler<\/a><\/li>\n<\/ul>\n<p>&nbsp;<\/p>\n<p><strong>US-Vizepr\u00e4sident Vance kritisiert Annullierung der Wahlen in Rum\u00e4nien als Gefahr f\u00fcr westliche Werte<\/strong><br \/>\nUS-Vizepr\u00e4sident JD Vance kritisierte die Entscheidung Rum\u00e4niens, die Pr\u00e4sidentschaftswahlen Ende letzten Jahres abzusagen. In seiner Rede auf der j\u00e4hrlichen Conservative Political Action Conference (CPAC) in Washington am 20. Februar verurteilte Vance die Annullierung der rum\u00e4nischen Wahl vom Dezember 2024 und argumentierte, die Entscheidung entspreche nicht den \u201eamerikanischen Werten\u201c.<br \/>\n\u201eFreundschaft basiert auf gemeinsamen Werten\u201c, erkl\u00e4rte Vance. \u201eMan hat keine gemeinsamen Werte, wenn man Wahlen annulliert, weil einem das Ergebnis nicht gef\u00e4llt \u2013 und das ist in Rum\u00e4nien passiert.\u201c<br \/>\nSeine \u00c4u\u00dferungen richteten sich an das rum\u00e4nische Verfassungsgericht, das die Wahl annullierte, nachdem freigegebene Sicherheitsdokumente russische Einmischung zugunsten des Nato-Kritikers C\u0103lin Georgescu, der die erste Runde gewonnen hatte, behaupteten. Moskau hat die Vorw\u00fcrfe zur\u00fcckgewiesen.<br \/>\n&#8230; Alles vom 22.2.2025 bitte lesen auf<br \/>\n<a href=\"https:\/\/www.tichyseinblick.de\/kolumnen\/aus-aller-welt\/us-vizepraesident-vance-kritisiert-annullierung-der-wahlen-in-rumaenien\/\">https:\/\/www.tichyseinblick.de\/kolumnen\/aus-aller-welt\/us-vizepraesident-vance-kritisiert-annullierung-der-wahlen-in-rumaenien\/<\/a><\/p>\n<p>&nbsp;<\/p>\n<p><strong>Rum\u00e4nien: NATO-Kritiker \u00fcberrascht bei Pr\u00e4sidentschaftswahl<\/strong><br \/>\nDer NATO-Kritiker Calin Georgescu hat die erste Runde der Pr\u00e4sidentschaftswahl in Rum\u00e4nien am Sonntag \u00fcberraschend gewonnen. Der Kampf um die Stichwahl wurde zu einem Kopf-an-Kopf-Rennen, bei dem sich die konservative Politikerin Elena Lasconi gegen den sozialdemokratischen Premier Marcel Ciolacu durchsetzen d\u00fcrfte, welcher eigentlich als Favorit galt. Der extrem NATO-kritische und religi\u00f6se Georgescu, welcher in westlichen Medien leichtfertig und inflation\u00e4r als \u201erechtsextrem\u201c geschm\u00e4ht wird, hatte seinen Wahlkampf fast ausschlie\u00dflich in sozialen Netzwerken gef\u00fchrt.<br \/>\n\u2026<br \/>\nKampagne f\u00fcr Ende der Ukraine-Hilfe<br \/>\n\u201eDas s\u00fcdosteurop\u00e4ische EU- und NATO-Land Rum\u00e4nien grenzt direkt an die Ukraine. Der Grenzfluss Thei\u00df wird dabei zum Schauplatz von Trag\u00f6dien, wenn zahlreiche junge ukrainische M\u00e4nner dort die Flucht vor der Einberufung an die Front antreten und h\u00e4ufig auch zu Schaden kommen. So haben laut rum\u00e4nischen Beh\u00f6rden seit Kriegsbeginn \u00fcber 2.000 M\u00e4nner den Grenzfluss Thei\u00df von der Ukraine nach Rum\u00e4nien \u00fcberquert. Mindestens 22 Ukrainer sollen bei den Fluchtversuchen gestorben sein, weitere werden vermisst. Deshalb spricht man in der ukrainischen \u00d6ffentlichkeit schon vom \u201aTodesfluss\u2018\u201c, war in der Berliner Zeitung diesbez\u00fcglich zu lesen.<br \/>\nhttps:\/\/www.berliner-zeitung.de\/politik-gesellschaft\/geopolitik\/grenzfluss-zwischen-der-ukraine-und-rumaenien-hier-fluechten-hunderte-vor-krieg-und-mobilisierung-li.2208536<br \/>\nDiese Umst\u00e4nde verdunkeln den Mythos, welcher in den Propaganda-St\u00e4ben von Washington, London, Br\u00fcssel und Kiew ersponnen wird, wonach \u201eunsere Freiheit\u201c heute nicht mehr am Hindukusch, sondern am Donbass verteidigt wird.<br \/>\nDer parteilose Georgescu absolvierte seinen Wahlkampf fast ausschlie\u00dflich in den sozialen Netzwerken und durch Podcasts. Erst k\u00fcrzlich sorgte er durch eine TikTok-Kampagne f\u00fcr Aufsehen, in der er ein Ende der Hilfe f\u00fcr die Ukraine forderte. Zus\u00e4tzlich kritisierte er die NATO-Mitgliedschaft Rum\u00e4niens. \u201eHeute Abend hat das rum\u00e4nische Volk nach Frieden geschrien. Und es hat sehr laut geschrien, sehr laut\u201c, lie\u00df Georgescu am Sonntag in einem Video auf Facebook verlautbaren.<br \/>\n\u2026 Alles vom 26.11.2024 bitte lesen auf<br \/>\n<a href=\"https:\/\/www.nachdenkseiten.de\/?p=125269\">https:\/\/www.nachdenkseiten.de\/?p=125269<\/a><\/p>\n<p>&nbsp;<\/p>\n<p><strong>Kindergartenprojekt der Malteser in Satu Mare Rum\u00e4nien<\/strong><br \/>\nSeit 2004 begleiten wir als Partner die Malteser in Satu Mare (Sathmar). Das ist eine Gruppe von ehrenamtlich t\u00e4tigen Menschen, die sich um die sozial benachteiligten Familien in ihrer Stadt k\u00fcmmern. Die Armut, die Arbeits- und Obdachlosigkeit nimmt immer noch zu. Die Arbeit der Malteser ist sehr vielseitig und wird getragen von dem Motto \u201eBewahrung des Glaubens, Hilfe den Bed\u00fcrftigen\u201c.<br \/>\nAus unserer Gemeinde bekommen sie seit 2005 Unterst\u00fctzung bei dem Teilbereich der F\u00fcrsorge f\u00fcr Kinder und Jugendliche. Seit 10 Jahren gibt es das Projekt des GANZTAGES \u2013 KINDERGARTEN, d.h. die Malteser kennen die gef\u00e4hrdeten Kinder und deren Familien. Die ganzt\u00e4gige Unterbringung bedeutet, dass die Kinder weg sind von der Stra\u00dfe, verpflegt werden, geistig und seelisch betreut sind und die Chance haben, sp\u00e4ter eine Schule besuchen zu k\u00f6nnen.<\/p>\n<p>Bisher konnten wir f\u00fcr 35 Kinder f\u00fcr 1 Jahr im Kindergarten 5.000 \u20ac zur Verf\u00fcgung stellen.<br \/>\nDas bedeutet f\u00fcr 1 Kind pro Jahr 142 Euro bzw. pro Monat 12 Euro<br \/>\nWir m\u00f6chten gerne weiterhin helfen. Das Leben der Kinder \u00e4ndert sich durch diese Unterst\u00fctzung und sie haben bessere Zukunftsaussichten in ihrem eigenen Land.<\/p>\n<p>Wir w\u00fcrden uns \u00fcber Mithilfe und eine Spende freuen:<br \/>\nKonto Katholische Kirchengemeinde Hl. Dreifaltigkeit,<br \/>\nLiga Bank DE31 7509 0300 1007 1045 88.<br \/>\nKontakt: Gisela Mengdehl, Tel. 0761 71883, <a href=\"mailto:georg.mengdehl@t-online.de\">georg.mengdehl@t-online.de<\/a><\/p>\n<p><a href=\"https:\/\/www.freiburg-schwarzwald.de\/blog\/global\/rumaenien\/rumaenien-mengdehl1705064\/\" rel=\"attachment wp-att-64848\"><img loading=\"lazy\" decoding=\"async\" class=\"alignnone size-thumbnail wp-image-64848\" src=\"https:\/\/www.freiburg-schwarzwald.de\/blog\/wp-content\/uploads\/2017\/05\/rumaenien-mengdehl1705064-180x111.jpg\" alt=\"rumaenien-mengdehl1705064\" width=\"180\" height=\"111\" srcset=\"https:\/\/www.freiburg-schwarzwald.de\/blog\/wp-content\/uploads\/2017\/05\/rumaenien-mengdehl1705064-180x111.jpg 180w, https:\/\/www.freiburg-schwarzwald.de\/blog\/wp-content\/uploads\/2017\/05\/rumaenien-mengdehl1705064-640x397.jpg 640w, https:\/\/www.freiburg-schwarzwald.de\/blog\/wp-content\/uploads\/2017\/05\/rumaenien-mengdehl1705064.jpg 641w\" sizes=\"auto, (max-width: 180px) 100vw, 180px\" \/><\/a>\u00a0 \u00a0Flohmarkt Littenweiler 6.5.2017 &#8211; Rum\u00e4nienhilfe-Stand mit Gisela Mengdehl<\/p>\n<p>.<\/p>\n<p>&nbsp;<\/p>\n<p>Liebe Gisela, lieber Georg,<br \/>\nWie immer, habt Ihr auch jetzt sehr schnell eine Antwort geschrieben. Gott sei Dank, haben wir von Allen einen Antwort bekommen und am 6. Februar ist auf der Konto der Malteser die Unterst\u00fctzung f\u00fcr das erste Halbjahr von der beiden Stiftungen (Csilla von Boeselager und Oberle) angekommen. Es scheint fast so, als ob sie es abgesprochen h\u00e4tten. Das war f\u00fcr mich auch deswegen wichtig, weil ich auch das Budgetplan abgeben soll, und das hat auch ein Termin.<br \/>\nIch freue mich sehr, dass die Abrechnung gut war, dass ihr so vieles \u00fcber unsere Arbeit erfahren habt. Ich finde es schade, dass ihr uns nicht besuchen k\u00f6nnt, damit wir uns pers\u00f6nlich treffen k\u00f6nnen.<br \/>\nWir bem\u00fchen uns, damit wir wirklich Salz der Erde sein k\u00f6nnen, aber wir sind auch nicht perfekt, und wir finden nicht immer das beste L\u00f6sung. Ich bin sehr dankbar, dass ich immer wieder erfahren kann, dass die Vorsorge Gottes uns leitet und f\u00fchrt. Wenn wir das After School Projekt nicht h\u00e4tten, w\u00e4re es sehr schwer, dass wir alle Kosten des Hauses \u00fcbernehmen k\u00f6nnen. Im vorigen Monaten hatten wir ziemlich gro\u00dfe Gasrechnungen: 2000-3000 RON (550-650 Euro). Das ist f\u00fcr uns sehr viel, aber durch das After School Projekt haben wir jetzt kein Problem damit. Wir sollen ab n\u00e4chstes Jahr ein Viertel der Kosten bezahlen, so haben wir Zeit uns darauf vorzubereiten.<br \/>\nWas die Proteste aus Rum\u00e4nien betrifft: dass dieses Gesetzt am Ende nicht genehmigt wurde ist f\u00fcr jeden gutherzigen Mensch eine Freude. Das w\u00e4re nur f\u00fcr diejenigen Politikern gut, welche in unterschiedlichen Korruptionsskandalen impliziert sind. Was mich pers\u00f6nlich st\u00f6rt ist es, dass man oft das h\u00f6rt, dass jemand verhaftet wurde, weil er von den Feldern ein Sack Mais gesammelt hat. Der sollte Monate ins Gef\u00e4ngnis sein&#8230;<br \/>\n(Und die Politiker, welche 3000-4000 Euro verschwendet oder mit falsche Papiere ins eigene Geldbeutel getan haben, sollten nicht bestraft werden. Das ist ein Wahnsinn. Was mich aber noch st\u00f6rt, ist es, dass wir in Rum\u00e4nien noch immer zu viele korrupte Politiker haben. Wer sich mit der Politik besch\u00e4ftigt, wird mit der Zeit mitgenommen und es gibt keinen richtig guten Wahl: eine Partei m\u00f6chte solche Gesetze genehmigen, welche den korrupten Mitglieder helfen soll, die Verantwortung nicht zu \u00fcbernehmen, die andere Partei \u00fcbergibt aus Interesse Hektare von W\u00e4lder f\u00fcr eine ausl\u00e4ndische Firma, so dass sie alle B\u00e4ume ausschneiden k\u00f6nnen. Gabi)<br \/>\nVoriges Jahr waren bei uns Wahlen und die Partei PSD (Sozial Demokratische Partei w\u00fcrde es hei\u00dfen, aber sie besch\u00e4ftigen sich leider viel zu wenig mit den sozialen Bereichen, Gabi) hat die Mehrheit bekommen. Sie haben vor dem Wahl viel versprochen, aber bis jetzt haben sie leider nur Minimallohn mit 5 % erh\u00f6ht. Ab 1 Februar sollte jeder Arbeiter 1450 RON brutto \/ 1017 RON Netto bekommen. (Etwa Brutto: 320 Euro \/ Netto: 220 Euro). Aber leider gibt es Firmen, die einfach sich nicht leisten k\u00f6nnen, dass sie die L\u00f6hne nach diese Erh\u00f6hung auch h\u00f6her machen. Viele bekommen nur das Mindestlohn und daraus zu leben ist es nicht einfach.<br \/>\nKindergeld ist seit mehr als 2 Jahren 82 RON (18 Euro) pro Monat, und obwohl sie es versprochen haben, wurde das noch nicht erh\u00f6ht. Eine gute Nachricht ist, dass Mehrwertsteuer ziemlich niedrig ist (19 % und f\u00fcr einige Lebensmittel sogar nur 9%)<br \/>\nIch habe deswegen geschrieben, dass Armut immer gr\u00f6\u00dfer wird, weil ich immer wieder neue Menschen treffe, die um Hilfe, um etwas zum Essen bitten. Und das gro\u00dfe Problem ist weiterhin Arbeitslosigkeit. Erh\u00f6hung des Mindestlohnes ist nur f\u00fcr diejenige eine Hilfe, die einen Arbeitsplatz haben. Wenn man sein Arbeitsplatz verliert, dann kriegt man f\u00fcr eine Zeit noch Arbeitslosengeld und wird als Arbeitslose registireirt, aber wenn man keine Arbeit findet, f\u00e4llt an ganz aus dem System aus. Kein Einkommen, keine Krankenversicherung&#8230;.<br \/>\nDie Menschen mit schlechte Ausbildung bekommen sehr schwierig eine Arbeit und wenn sie eine Chance bekommen, auch dann k\u00f6nnen sie nicht alle schaffen. Oft verlieren sie ihre Arbeitspl\u00e4tze, weil sie den Erwartungen doch nicht entsprechen.<br \/>\nUns geht es im gro\u00dfen ganzen gut. Wir beide (Nori und ich) waren erk\u00e4ltet, ich habe auch mit meinem Blutdrock Schwierigkeiten, aber Gott sei Dank, gibt es nichts Schlimmes. Ich wurde untersucht, und alles ist in Ordnung. Der Winter haben wir gut \u00fcberstanden und ich hoffe, dass viele sch\u00e4dliche Tieren auf den Feldern erfroren sind.<br \/>\nUnd wie geht es Euch? War es auch bei Euch so sehr kalt? Wie geht es Euren Familie?<br \/>\nIch w\u00fcnsche Euch alles Gute und Gottes Segen f\u00fcr Eure Allt\u00e4ge,<br \/>\nKrist\u00f3f<\/p>\n<p>14.2.2017, Brief von Krist\u00f3f Pallai\/ \u00dcbersetzung mit Kommentaren (in Klammern gesetzt) von Gabi Bonto<br \/>\nVon Bonto Gabriella <a href=\"mailto:bontogabi@freemail.hu\">bontogabi@freemail.hu<\/a> an Georg Mengdehl FR <a href=\"mailto:georg.mengdehl@t-online.de\">georg.mengdehl@t-online.de<\/a><\/p>\n","protected":false},"excerpt":{"rendered":"<p>Home &gt;\u00a0Global\u00a0&gt;EU &gt;Balkan &lt;Rumaenien Listenauswahl eines Beitrags: Bitte anklicken oder runterscrollen US-Vizepr\u00e4sident Vance kritisiert Annullierung der Wahlen in Rum\u00e4nien als Gefahr f\u00fcr westliche Werte (22.2.2025) Rum\u00e4nien: NATO-Kritiker \u00fcberrascht bei Pr\u00e4sidentschaftswahl (26.11.2024) EU: Westeuropa und Osteuropa\u00a0(7.3.2021) Kindergartenprojekt der Malteser in Satu &hellip; <a href=\"https:\/\/www.freiburg-schwarzwald.de\/blog\/global\/rumaenien\/\">Weiterlesen <span class=\"meta-nav\">&rarr;<\/span><\/a><\/p>\n","protected":false},"author":2,"featured_media":0,"parent":27,"menu_order":0,"comment_status":"open","ping_status":"closed","template":"","meta":{"footnotes":""},"class_list":["post-64844","page","type-page","status-publish","hentry"],"_links":{"self":[{"href":"https:\/\/www.freiburg-schwarzwald.de\/blog\/wp-json\/wp\/v2\/pages\/64844","targetHints":{"allow":["GET"]}}],"collection":[{"href":"https:\/\/www.freiburg-schwarzwald.de\/blog\/wp-json\/wp\/v2\/pages"}],"about":[{"href":"https:\/\/www.freiburg-schwarzwald.de\/blog\/wp-json\/wp\/v2\/types\/page"}],"author":[{"embeddable":true,"href":"https:\/\/www.freiburg-schwarzwald.de\/blog\/wp-json\/wp\/v2\/users\/2"}],"replies":[{"embeddable":true,"href":"https:\/\/www.freiburg-schwarzwald.de\/blog\/wp-json\/wp\/v2\/comments?post=64844"}],"version-history":[{"count":4,"href":"https:\/\/www.freiburg-schwarzwald.de\/blog\/wp-json\/wp\/v2\/pages\/64844\/revisions"}],"predecessor-version":[{"id":131142,"href":"https:\/\/www.freiburg-schwarzwald.de\/blog\/wp-json\/wp\/v2\/pages\/64844\/revisions\/131142"}],"up":[{"embeddable":true,"href":"https:\/\/www.freiburg-schwarzwald.de\/blog\/wp-json\/wp\/v2\/pages\/27"}],"wp:attachment":[{"href":"https:\/\/www.freiburg-schwarzwald.de\/blog\/wp-json\/wp\/v2\/media?parent=64844"}],"curies":[{"name":"wp","href":"https:\/\/api.w.org\/{rel}","templated":true}]}}