{"id":62965,"date":"2016-10-04T21:08:26","date_gmt":"2016-10-04T19:08:26","guid":{"rendered":"https:\/\/www.freiburg-schwarzwald.de\/blog\/?page_id=62965"},"modified":"2026-02-21T14:28:04","modified_gmt":"2026-02-21T13:28:04","slug":"kommunikation","status":"publish","type":"page","link":"https:\/\/www.freiburg-schwarzwald.de\/blog\/kultur\/internet\/kommunikation\/","title":{"rendered":"Kommunikation"},"content":{"rendered":"<p><a href=\"https:\/\/www.freiburg-schwarzwald.de\/blog\">Home<\/a> &gt;<a title=\"Kultur\" href=\"https:\/\/www.freiburg-schwarzwald.de\/blog\/kultur\/\">Kultur<\/a>\u00a0&gt;<a title=\"Medien\" href=\"https:\/\/www.freiburg-schwarzwald.de\/blog\/kultur\/medien\/\">Medien<\/a>\u00a0&gt;<a title=\"Internet\" href=\"https:\/\/www.freiburg-schwarzwald.de\/blog\/kultur\/internet\/\">Internet<\/a>\u00a0&gt;Kommunikation<\/p>\n<div id=\"attachment_62967\" style=\"width: 648px\" class=\"wp-caption alignnone\"><a href=\"https:\/\/www.freiburg-schwarzwald.de\/blog\/kultur\/internet\/kommunikation\/sonnenblumen1vezelia-pan161003\/\" rel=\"attachment wp-att-62967\"><img loading=\"lazy\" decoding=\"async\" aria-describedby=\"caption-attachment-62967\" class=\"size-full wp-image-62967\" src=\"https:\/\/www.freiburg-schwarzwald.de\/blog\/wp-content\/uploads\/2016\/10\/sonnenblumen1vezelia-pan161003.jpg\" alt=\"Sonnenblumen und Vezelia im Dreisamtal bei Freiburg am 3.10.2016\" width=\"638\" height=\"270\" srcset=\"https:\/\/www.freiburg-schwarzwald.de\/blog\/wp-content\/uploads\/2016\/10\/sonnenblumen1vezelia-pan161003.jpg 638w, https:\/\/www.freiburg-schwarzwald.de\/blog\/wp-content\/uploads\/2016\/10\/sonnenblumen1vezelia-pan161003-180x76.jpg 180w\" sizes=\"auto, (max-width: 638px) 100vw, 638px\" \/><\/a><p id=\"caption-attachment-62967\" class=\"wp-caption-text\">Sonnenblumen und Vezelia im Dreisamtal bei Freiburg am 3.10.2016<\/p><\/div>\n<p>&nbsp;<\/p>\n<ul>\n<li><em>Listenauswahl eines Beitrags (Artikel\/Datum, Seite\/Inhalt):\u00a0<span style=\"text-decoration: underline;\">Klicken<\/span>\u00a0oder scrollen<\/em><\/li>\n<li><a href=\"https:\/\/www.freiburg-schwarzwald.de\/blog\/kultur\/medien\/meinungsfreiheit\/meinungszensur\/\">Merz und vdL: Meinungsfreiheit<\/a>\u00a0(21.2.2026)<\/li>\n<li><a href=\"https:\/\/www.freiburg-schwarzwald.de\/blog\/kultur\/medien\/meinungsfreiheit\/nostr\/\">Nostr &amp; Bitcoin: Die Werkzeuge der Selbsterm\u00e4chtigung \u2013 Luther<\/a> (23.7.2025)<\/li>\n<li><a href=\"https:\/\/www.freiburg-schwarzwald.de\/blog\/kultur\/medien\/faktencheck\/\">Wie Faktenchecker die Unwahrheit verbreiten und die Debatte vergiften<\/a>\u00a0(18.1.2025)<\/li>\n<li><a href=\"https:\/\/www.freiburg-schwarzwald.de\/blog\/kultur\/medien\/deplatforming\/\">Digital Services Act (DSA)<\/a>\u00a0(16.1.2024)<\/li>\n<li><a href=\"https:\/\/www.freiburg-schwarzwald.de\/blog\/kultur\/medien\/social-media\/\">Digital Services Act; Elon Musk gegen das Wahrheitsministerium<\/a> (23.7.2024)<\/li>\n<li><a href=\"https:\/\/www.freiburg-schwarzwald.de\/blog\/selbsthilfe\/chronisch\/demenz\/\">Digitale Demenz \u2013 Prof Spitzer: 214 Handy-Zugriffe t\u00e4glich<\/a>\u00a0(22.5.2024)<\/li>\n<li><a href=\"https:\/\/www.freiburg-schwarzwald.de\/blog\/gewalt-buerger-desinformiert\/\">Gewalt: B\u00fcrger desinformiert<\/a>\u00a0(21.5.2024)<\/li>\n<li><a href=\"https:\/\/www.freiburg-schwarzwald.de\/blog\/ki-macht-von-google-u-openai\/\">KI-Macht von Google und OpenAI<\/a>\u00a0(19.5.2024)<\/li>\n<li>Das Internet ist Buchdruck 2.0 (15.1.2023)<\/li>\n<li><a href=\"https:\/\/www.freiburg-schwarzwald.de\/blog\/engagement\/zukunft\/demokratie\/verfassung\/\">Ha\u00df und Hetze kommen jetzt direkt vom Amt<\/a>\u00a0(4.11.2022)<\/li>\n<li><a href=\"https:\/\/www.freiburg-schwarzwald.de\/blog\/kultur\/kulturverlust\/luegen\/\">Markus S\u00f6der: L\u00fcgendes System und L\u00fcgenpolitik<\/a>\u00a0(7.1.2022)<\/li>\n<li><a href=\"https:\/\/www.freiburg-schwarzwald.de\/blog\/selbsthilfe\/soziales\/wohlfahrt\/\">Der Wohlfahrtsstaat ist eine tragische Figur<\/a> (8.6.2021)<\/li>\n<li><a href=\"https:\/\/www.freiburg-schwarzwald.de\/blog\/patienten-mit-kommunikationsbarriere\/\">Patienten mit Kommunikationsbarriere: Migration &#8211; Intensivstation<\/a>\u00a0(3.3.2021)<\/li>\n<li><a href=\"https:\/\/www.freiburg-schwarzwald.de\/blog\/kultur\/medien\/radio\/podcast\/\">Indubio \u2013 Internet-Politik-Talk mit Burkhard M\u00fcller-Ullrich<\/a>\u00a0(22.1.2021)<\/li>\n<li><a href=\"https:\/\/www.freiburg-schwarzwald.de\/blog\/cego-altes-kartenspiel-online\/\">Cego \u2013 altes Kartenspiel nun online<\/a>\u00a0(14.1.2021)<\/li>\n<li><a href=\"https:\/\/www.freiburg-schwarzwald.de\/blog\/kultur\/medien\/deplatforming\/\">Indubio 91: \u2013 Deplatforming nach Eindringen ins Kapitol?<\/a>\u00a0(12.1.2021)<\/li>\n<li><a title=\"Deutschland2020\" href=\"https:\/\/www.freiburg-schwarzwald.de\/blog\/global\/deutschland\/deutschland2020\/\">Chaim Noll: Klarheit im Kopf \u2013 15\u00a0Jahre Achgut.com<\/a>\u00a0(14.1.2020)<\/li>\n<li><a title=\"Neverforgetniki \u2013 Weckruf f\u00fcr D\" href=\"https:\/\/www.freiburg-schwarzwald.de\/blog\/neverforgetniki-weckruf-fuer-d\/\">Neverforgetniki \u2013 Mein Weckruf f\u00fcr Deutschland<\/a>\u00a0(22.11.2019)<\/li>\n<li><a title=\"Wikipedia\" href=\"https:\/\/www.freiburg-schwarzwald.de\/blog\/kultur\/medien\/wikipedia\/\">Wikipedia ist links-dominiert<\/a>\u00a0(17.7.2019)<\/li>\n<li><a href=\"https:\/\/www.freiburg-schwarzwald.de\/blog\/offline-pokemon-online-spiel\/\">https:\/\/www.freiburg-schwarzwald.de\/blog\/offline-pokemon-online-spiel\/<\/a> (25.8.2016)<\/li>\n<li><\/li>\n<li><a href=\"https:\/\/www.freiburg-schwarzwald.de\/blog\/kultur\/medien\/deplatforming\/\">Deplatforming<\/a><\/li>\n<li><a href=\"https:\/\/www.freiburg-schwarzwald.de\/blog\/kultur\/medien\/faktencheck\/\">Faktencheck<\/a><\/li>\n<li><a title=\"Internet\" href=\"https:\/\/www.freiburg-schwarzwald.de\/blog\/kultur\/internet\/\">Internet<\/a><\/li>\n<li><a title=\"Kommunikation\" href=\"https:\/\/www.freiburg-schwarzwald.de\/blog\/kultur\/internet\/kommunikation\/\">Kommunikation<\/a><\/li>\n<li><a title=\"Medien\" href=\"https:\/\/www.freiburg-schwarzwald.de\/blog\/kultur\/medien\/\">Medien<\/a><\/li>\n<li><a href=\"https:\/\/www.freiburg-schwarzwald.de\/blog\/kultur\/medien\/meinungsfreiheit\/nostr\/\">Nostr<\/a><\/li>\n<li><a href=\"https:\/\/www.freiburg-schwarzwald.de\/blog\/kultur\/kulturverlust\/luegen\/\">L\u00fcgen<\/a><\/li>\n<li><a href=\"https:\/\/www.freiburg-schwarzwald.de\/blog\/kultur\/medien\/radio\/podcast\/\">Podcast<\/a><\/li>\n<li><a title=\"Smartphone\" href=\"https:\/\/www.freiburg-schwarzwald.de\/blog\/kultur\/medien\/smartphone\/\">Smartphoone<\/a><\/li>\n<li><a title=\"Dummheit\" href=\"https:\/\/www.freiburg-schwarzwald.de\/blog\/engagement\/zukunft\/dummheit\/\">Dummheit<\/a><\/li>\n<li><a href=\"https:\/\/www.freiburg-schwarzwald.de\/blog\/kultur\/medien\/social-media\/\">Social-Media<\/a><\/li>\n<li><a href=\"https:\/\/www.freiburg-schwarzwald.de\/blog\/kultur\/spiele\/\">Spiele<\/a><\/li>\n<li><a title=\"VirtualReality\" href=\"https:\/\/www.freiburg-schwarzwald.de\/blog\/kultur\/internet\/virtualreality\/\">VirtualReality VR<\/a><\/li>\n<li><a title=\"Wikipedia\" href=\"https:\/\/www.freiburg-schwarzwald.de\/blog\/kultur\/medien\/wikipedia\/\">Wikipedia<\/a><\/li>\n<li><a href=\"https:\/\/www.freiburg-schwarzwald.de\/blog\/selbsthilfe\/soziales\/wohlfahrt\/\">Wohlfahrt<\/a><\/li>\n<\/ul>\n<p>&nbsp;<\/p>\n<p><strong>Das Internet ist Buchdruck 2.0<\/strong><br \/>\nAls Johannes Gutenberg den Buchdruck erfand, fand sich auch bald ein Martin Luther, der die Bibel in ein kraftvolles Deutsch \u00fcbersetzte. Das setzte etwas in Gang, was bis heute nicht verstanden wurde. Eine Explosion an Information setzte ein, beendete das Mittelalter, es war der Beginn der Neuzeit, der Eroberung der unbekannten Welt, das Ende alter Macht, die zementiert war durch Unwissenheit und erbliche Armut. Es war der Beginn der Aufkl\u00e4rung, Industrialisierung, aber auch Beginn von Kriegen einer Destruktivit\u00e4t, welche die Erde bis dahin nicht gesehen hatte. Flugbl\u00e4tter, Gedichte und B\u00fccher wurden gedruckt, Menschen und B\u00fccher wurden f\u00fcr das freie Wort umgehend verbrannt. Geschichte wurde gedruckt, nicht nur von den vermeintlichen Siegern, alles und jeden verbrennen war nicht m\u00f6glich. Was offizielle Wahrheit war, hatte oft eine kurze Halbwertzeit. Das verbotene Wort konnte so selten und kostbar sein wie ein Diamant.<br \/>\nDie Menschheit bl\u00fchte auf und litt gleichzeitig im Strudel eines ungesteuerten Chaos.<\/p>\n<p>Das <a href=\"https:\/\/www.freiburg-schwarzwald.de\/blog\/kultur\/internet\/internet-der-dinge\/\">Internet<\/a> ist Buchdruck 2.0. Heute haben wir vielleicht 4 Milliarden Menschen, die miteinander in Echtzeit kommunizieren. Und gleichzeitig mit Kommunikation zugem\u00fcllt werden.. Was macht das? Informationen k\u00f6nnen mit einem Mausklick gel\u00f6scht werden, oder wie eine Festplatte zerbrechen. Wer vor 20 Jahren geboren wurde, steht nicht selten da, ohne Fotoalbum, ohne Bilder mit Kindheitserinnerungen. Mit Blackouts oder einem elektomagnetischen Impuls k\u00f6nnten riesige Datenbanken vernichtet werden. (Bitcoins? ernsthaft?) Erleben wir das Ende der Geschichte? B\u00fccher werden noch nicht wieder verbrannt. Aber sie zu besitzen, k\u00f6nnte bald schon ein Kapitalverbrechen sein. Eine Bibliothek mit B\u00fcchern auf s\u00e4urefreiem Papier? Sollte, wer kann, in der der Antarktis einbunkern.<\/p>\n<p>Die Sache mit den <a href=\"https:\/\/www.freiburg-schwarzwald.de\/blog\/kultur\/internet\/social-networking\/\">Sozialen Medien<\/a> ist komplex. Wer als User klug genug ist, l\u00e4sst vermutlich die Finger davon. Wer als Zensor klug genug ist, vermutlich auch. Geheimdienste m\u00f6gen seit den Zeiten von Joseph Fouch\u00e9 noch so m\u00e4chtig geworden sein. Sie werden das Chaos der Geschichte nicht in ihrem Sinne ordnen. All kind of violence and censorship fire back. Trotz der Schlapph\u00fcte in Leningrad, Langley, Islamabad, Berlin oder Peking&#8230; die Zukunft ist vollkommen offen. Eine AI-gest\u00fctzte, totalit\u00e4re Weltherrschaft erscheint mir sehr viel weniger wahrscheinlich, als dass sich die Menschheit als Spezies durch informationelle Kriegsf\u00fchrung und Real-Life-Eskalation ungewollt selbst ausl\u00f6scht.<br \/>\n15.1.2023, Fun<\/p>\n<p>&nbsp;<\/p>\n","protected":false},"excerpt":{"rendered":"<p>Home &gt;Kultur\u00a0&gt;Medien\u00a0&gt;Internet\u00a0&gt;Kommunikation &nbsp; Listenauswahl eines Beitrags (Artikel\/Datum, Seite\/Inhalt):\u00a0Klicken\u00a0oder scrollen Merz und vdL: Meinungsfreiheit\u00a0(21.2.2026) Nostr &amp; Bitcoin: Die Werkzeuge der Selbsterm\u00e4chtigung \u2013 Luther (23.7.2025) Wie Faktenchecker die Unwahrheit verbreiten und die Debatte vergiften\u00a0(18.1.2025) Digital Services Act (DSA)\u00a0(16.1.2024) Digital Services Act; Elon &hellip; <a href=\"https:\/\/www.freiburg-schwarzwald.de\/blog\/kultur\/internet\/kommunikation\/\">Weiterlesen <span class=\"meta-nav\">&rarr;<\/span><\/a><\/p>\n","protected":false},"author":2,"featured_media":0,"parent":2000,"menu_order":0,"comment_status":"open","ping_status":"closed","template":"","meta":{"footnotes":""},"class_list":["post-62965","page","type-page","status-publish","hentry"],"_links":{"self":[{"href":"https:\/\/www.freiburg-schwarzwald.de\/blog\/wp-json\/wp\/v2\/pages\/62965","targetHints":{"allow":["GET"]}}],"collection":[{"href":"https:\/\/www.freiburg-schwarzwald.de\/blog\/wp-json\/wp\/v2\/pages"}],"about":[{"href":"https:\/\/www.freiburg-schwarzwald.de\/blog\/wp-json\/wp\/v2\/types\/page"}],"author":[{"embeddable":true,"href":"https:\/\/www.freiburg-schwarzwald.de\/blog\/wp-json\/wp\/v2\/users\/2"}],"replies":[{"embeddable":true,"href":"https:\/\/www.freiburg-schwarzwald.de\/blog\/wp-json\/wp\/v2\/comments?post=62965"}],"version-history":[{"count":6,"href":"https:\/\/www.freiburg-schwarzwald.de\/blog\/wp-json\/wp\/v2\/pages\/62965\/revisions"}],"predecessor-version":[{"id":145995,"href":"https:\/\/www.freiburg-schwarzwald.de\/blog\/wp-json\/wp\/v2\/pages\/62965\/revisions\/145995"}],"up":[{"embeddable":true,"href":"https:\/\/www.freiburg-schwarzwald.de\/blog\/wp-json\/wp\/v2\/pages\/2000"}],"wp:attachment":[{"href":"https:\/\/www.freiburg-schwarzwald.de\/blog\/wp-json\/wp\/v2\/media?parent=62965"}],"curies":[{"name":"wp","href":"https:\/\/api.w.org\/{rel}","templated":true}]}}