{"id":62914,"date":"2016-10-02T17:41:07","date_gmt":"2016-10-02T15:41:07","guid":{"rendered":"https:\/\/www.freiburg-schwarzwald.de\/blog\/?page_id=62914"},"modified":"2026-01-16T18:19:28","modified_gmt":"2026-01-16T17:19:28","slug":"daenemark","status":"publish","type":"page","link":"https:\/\/www.freiburg-schwarzwald.de\/blog\/global\/daenemark\/","title":{"rendered":"Daenemark"},"content":{"rendered":"<p><a href=\"https:\/\/www.freiburg-schwarzwald.de\/blog\">Home<\/a> &gt;<a title=\"Global\" href=\"https:\/\/www.freiburg-schwarzwald.de\/blog\/global\/\">Global<\/a>\u00a0&gt;<a title=\"Migration\" href=\"https:\/\/www.freiburg-schwarzwald.de\/blog\/global\/migration\/\">Migration<\/a> &gt;Daenemark<\/p>\n<div id=\"attachment_61447\" style=\"width: 648px\" class=\"wp-caption alignnone\"><a href=\"https:\/\/www.freiburg-schwarzwald.de\/blog\/global\/integration\/asylanten\/fluechtlinge-hoellentalstr-pan160701\/\" rel=\"attachment wp-att-61447\"><img loading=\"lazy\" decoding=\"async\" aria-describedby=\"caption-attachment-61447\" class=\"size-full wp-image-61447\" src=\"https:\/\/www.freiburg-schwarzwald.de\/blog\/wp-content\/uploads\/2015\/09\/fluechtlinge-hoellentalstr-pan160701.jpg\" alt=\"Fl\u00fcchtlingswohnheim in Freiburg-Littenweiler an der H\u00f6llentalstrasse 1. 1.Juli 2016: Neubau 12\/2015 in Niedrigenergie-Holzst\u00e4nderbauweise\" width=\"638\" height=\"246\" srcset=\"https:\/\/www.freiburg-schwarzwald.de\/blog\/wp-content\/uploads\/2015\/09\/fluechtlinge-hoellentalstr-pan160701.jpg 638w, https:\/\/www.freiburg-schwarzwald.de\/blog\/wp-content\/uploads\/2015\/09\/fluechtlinge-hoellentalstr-pan160701-180x69.jpg 180w\" sizes=\"auto, (max-width: 638px) 100vw, 638px\" \/><\/a><p id=\"caption-attachment-61447\" class=\"wp-caption-text\">Fl\u00fcchtlingswohnheim in Freiburg-Littenweiler an der H\u00f6llentalstrasse 1. 1.Juli 2016: Neubau 12\/2015 in Niedrigenergie-Holzst\u00e4nderbauweise<\/p><\/div>\n<p>&nbsp;<\/p>\n<ul>\n<li><em>Listenauswahl eines Beitrags (Artikel\/Datum, Seite\/Inhalt): <span style=\"text-decoration: underline;\">Klicken<\/span> oder scrollen<\/em><\/li>\n<li><a href=\"https:\/\/www.freiburg-schwarzwald.de\/blog\/global\/groenland\/\">Europas Selbstgef\u00e4lligkeit gegen\u00fcber Gr\u00f6nland<\/a> (5.1.2026)<\/li>\n<li>D\u00e4nemark mit restriktver Einwanderungspolitik sehr erfolgreich (1.10.2016)<\/li>\n<li><\/li>\n<li><a title=\"Einwanderungsgesetz\" href=\"https:\/\/www.freiburg-schwarzwald.de\/blog\/global\/integration\/einwanderungsgesetz\/\">Einwanderungsgesetz<\/a><\/li>\n<li><a title=\"Fluechtlinge-Islam\" href=\"https:\/\/www.freiburg-schwarzwald.de\/blog\/global\/integration\/fluechtlinge-islam\/\">Fluechtlinge-Islam<\/a><\/li>\n<li><a title=\"Grenzen\" href=\"https:\/\/www.freiburg-schwarzwald.de\/blog\/global\/eu\/grenzen\/\">Grenzen<\/a><\/li>\n<li><a href=\"https:\/\/www.freiburg-schwarzwald.de\/blog\/global\/groenland\/\">Gr\u00f6nland<\/a><\/li>\n<li><a title=\"Schweden\" href=\"https:\/\/www.freiburg-schwarzwald.de\/blog\/global\/schweden\/\">Schweden<\/a><\/li>\n<\/ul>\n<p>&nbsp;<\/p>\n<p><strong>D\u00e4nemark mit restriktver Einwanderungspolitik sehr erfolgreich<\/strong><br \/>\nD\u00e4nemark verfolgt eine restriktive Einwanderungs- und Integrationspolitik, die nach deutschen Ma\u00dfst\u00e4ben demokratiefern und illiberal w\u00e4re. Und zwar mit riesigem R\u00fcckhalt in der Bev\u00f6lkerung. Doch Obergrenzen, Leitkultur und Co. scheinen die d\u00e4nische Demokratie auf wundersame Weise nicht zu gef\u00e4hrden. Das Beispiel des n\u00f6rdlichen Nachbarn ersch\u00fcttert somit den deutschen Elitendiskurs, weil es zeigt wie konsequente Einwanderungs- und Islamkritik im politischen Mainstream keine erheblichen Einbu\u00dfen in Liberalit\u00e4t oder politischer Ethik mit sich ziehen. Vielleicht wird deshalb so wenig \u00fcber D\u00e4nemark in den Medien berichtet.<br \/>\n&#8230;&#8230;<br \/>\nDie n\u00f6rdlichen Nachbarn haben immer noch den vierth\u00f6chsten Human Development Index der Welt, und liegen 26 Pl\u00e4tze vor Deutschland auf dem Gini-Index Welt-Ranking. Au\u00dferdem lag D\u00e4nemark 2015 immerhin 11 Pl\u00e4tze vor Deutschland auf dem Welt-Ranking der nominellen Prokopfeinkommen \u2013 im durchschnitt verdient ein D\u00e4ne 11.000 Dollar mehr als der Deutsche. Im \u201eease of doing business\u201c Ranking der Weltbank liegt D\u00e4nemark auf Platz 3 \u2013 Deutschland auf Platz 15. Im Korruptionswarnehmungs-Ranking liegt D\u00e4nemark auf 1 \u2013 Deutschland auf 10. Die D\u00e4nen sehen also nicht aus wie blutr\u00fcnstige Nazis, dessen Hass und Gewalt unausweichlich von offen islamkritischer Politik legitimiert werden&#8230;. Alles vom 1.10.2016 bitte lesen auf<br \/>\n<a href=\"https:\/\/www.achgut.com\/artikel\/daenemark_ein_land_der_populisten\/\">https:\/\/www.achgut.com\/artikel\/daenemark_ein_land_der_populisten\/<br \/>\n<\/a>\u00a0 \u00a0.<br \/>\n<strong>Die D\u00e4nen sind frei von jeglichem Nazi-Schuldkomplex<\/strong><br \/>\nDie D\u00e4nen sind das einzige Volk Europas, das im 3. Reich fast alle seine Juden vor dem Abtransport in die Vernichtungslager gerettet hat. Vielleicht sind sie deshalb frei von jedem <a title=\"Nazi\" href=\"https:\/\/www.freiburg-schwarzwald.de\/blog\/religion\/juden\/nazi\/\">Nazi-Komplex<\/a> und k\u00f6nnen noch klar denken und jetzt selbstbewusst ihr eigenes Volk vor der Landnahme durch eine totalit\u00e4re Religion, die die Menschen genau wie einst die Nazis in zwei Klassen &#8211; die Gl\u00e4ubigen und die Ungl\u00e4ubigen &#8211; aufteilt und \u201cMischehen\u201d verbietet, sch\u00fctzen?<br \/>\n1.10.2016, Martin Hansen<\/p>\n","protected":false},"excerpt":{"rendered":"<p>Home &gt;Global\u00a0&gt;Migration &gt;Daenemark &nbsp; Listenauswahl eines Beitrags (Artikel\/Datum, Seite\/Inhalt): Klicken oder scrollen Europas Selbstgef\u00e4lligkeit gegen\u00fcber Gr\u00f6nland (5.1.2026) D\u00e4nemark mit restriktver Einwanderungspolitik sehr erfolgreich (1.10.2016) Einwanderungsgesetz Fluechtlinge-Islam Grenzen Gr\u00f6nland Schweden &nbsp; D\u00e4nemark mit restriktver Einwanderungspolitik sehr erfolgreich D\u00e4nemark verfolgt eine restriktive &hellip; <a href=\"https:\/\/www.freiburg-schwarzwald.de\/blog\/global\/daenemark\/\">Weiterlesen <span class=\"meta-nav\">&rarr;<\/span><\/a><\/p>\n","protected":false},"author":2,"featured_media":0,"parent":27,"menu_order":0,"comment_status":"open","ping_status":"closed","template":"","meta":{"footnotes":""},"class_list":["post-62914","page","type-page","status-publish","hentry"],"_links":{"self":[{"href":"https:\/\/www.freiburg-schwarzwald.de\/blog\/wp-json\/wp\/v2\/pages\/62914","targetHints":{"allow":["GET"]}}],"collection":[{"href":"https:\/\/www.freiburg-schwarzwald.de\/blog\/wp-json\/wp\/v2\/pages"}],"about":[{"href":"https:\/\/www.freiburg-schwarzwald.de\/blog\/wp-json\/wp\/v2\/types\/page"}],"author":[{"embeddable":true,"href":"https:\/\/www.freiburg-schwarzwald.de\/blog\/wp-json\/wp\/v2\/users\/2"}],"replies":[{"embeddable":true,"href":"https:\/\/www.freiburg-schwarzwald.de\/blog\/wp-json\/wp\/v2\/comments?post=62914"}],"version-history":[{"count":2,"href":"https:\/\/www.freiburg-schwarzwald.de\/blog\/wp-json\/wp\/v2\/pages\/62914\/revisions"}],"predecessor-version":[{"id":144309,"href":"https:\/\/www.freiburg-schwarzwald.de\/blog\/wp-json\/wp\/v2\/pages\/62914\/revisions\/144309"}],"up":[{"embeddable":true,"href":"https:\/\/www.freiburg-schwarzwald.de\/blog\/wp-json\/wp\/v2\/pages\/27"}],"wp:attachment":[{"href":"https:\/\/www.freiburg-schwarzwald.de\/blog\/wp-json\/wp\/v2\/media?parent=62914"}],"curies":[{"name":"wp","href":"https:\/\/api.w.org\/{rel}","templated":true}]}}