{"id":62524,"date":"2016-09-02T11:30:36","date_gmt":"2016-09-02T09:30:36","guid":{"rendered":"https:\/\/www.freiburg-schwarzwald.de\/blog\/?page_id=62524"},"modified":"2026-02-02T22:11:34","modified_gmt":"2026-02-02T21:11:34","slug":"arbeitsmarkt","status":"publish","type":"page","link":"https:\/\/www.freiburg-schwarzwald.de\/blog\/selbsthilfe\/soziales\/arbeit\/arbeitsmarkt\/","title":{"rendered":"Arbeitsmarkt"},"content":{"rendered":"<p><a href=\"https:\/\/www.freiburg-schwarzwald.de\/blog\">\u00a0Home<\/a> &gt;<a title=\"Arbeit\" href=\"https:\/\/www.freiburg-schwarzwald.de\/blog\/selbsthilfe\/soziales\/arbeit\/\">Soziales<\/a> &gt;<a title=\"Arbeit\" href=\"https:\/\/www.freiburg-schwarzwald.de\/blog\/soziales\/arbeit\/\">Arbeit<\/a> &gt;Arbeitsmarkt<\/p>\n<div id=\"attachment_62270\" style=\"width: 651px\" class=\"wp-caption alignnone\"><a href=\"https:\/\/www.freiburg-schwarzwald.de\/blog\/religion\/juden\/nazi\/kappbauernhof-stpeter-pan160811\/\" rel=\"attachment wp-att-62270\"><img loading=\"lazy\" decoding=\"async\" aria-describedby=\"caption-attachment-62270\" class=\"size-full wp-image-62270\" src=\"https:\/\/www.freiburg-schwarzwald.de\/blog\/wp-content\/uploads\/2016\/08\/kappbauernhof-stPeter-pan160811.jpg\" alt=\"Kapphof zwischen St.Peter und St.M\u00e4rgen im Schwarzwald am 11.8.2016 - Blick nach Westen auf St.Peter\" width=\"641\" height=\"266\" srcset=\"https:\/\/www.freiburg-schwarzwald.de\/blog\/wp-content\/uploads\/2016\/08\/kappbauernhof-stPeter-pan160811.jpg 641w, https:\/\/www.freiburg-schwarzwald.de\/blog\/wp-content\/uploads\/2016\/08\/kappbauernhof-stPeter-pan160811-180x74.jpg 180w, https:\/\/www.freiburg-schwarzwald.de\/blog\/wp-content\/uploads\/2016\/08\/kappbauernhof-stPeter-pan160811-640x265.jpg 640w\" sizes=\"auto, (max-width: 641px) 100vw, 641px\" \/><\/a><p id=\"caption-attachment-62270\" class=\"wp-caption-text\">Kapphof zwischen St.Peter und St.M\u00e4rgen im Schwarzwald am 11.8.2016 &#8211; Blick nach Westen auf St.Peter<\/p><\/div>\n<p>&nbsp;<\/p>\n<ul>\n<li><em>Listenauswahl eines Beitrags (Artikel\/Datum, Seite\/Inhalt): <span style=\"text-decoration: underline;\">Klicken<\/span> oder scrollen<\/em><\/li>\n<li><a href=\"https:\/\/www.freiburg-schwarzwald.de\/blog\/global\/migration\/arbeitsmigration\/\">Migration: Fachkr\u00e4fte vergraulen, Schmarotzer hofieren<\/a>\u00a0(2.2.2026)<\/li>\n<li><a href=\"https:\/\/www.freiburg-schwarzwald.de\/blog\/selbsthilfe\/soziales\/arbeit\/arbeitgeber\/\">Das Sankt-Florian-Prinzip des Arbeitgeberpr\u00e4sidenten Rainer Dulger<\/a>\u00a0(25.1.2026)<\/li>\n<li><a href=\"https:\/\/www.freiburg-schwarzwald.de\/blog\/selbsthilfe\/soziales\/arbeit\/bundesagentur-fuer-arbeit\/\">Das Monster \u201eBundesagentur f\u00fcr Arbeit\u201c: Immer weniger Vermittlungen in echte Jobs<\/a>\u00a0(24.7.2024)<\/li>\n<li><a href=\"https:\/\/www.freiburg-schwarzwald.de\/blog\/selbsthilfe\/soziales\/arbeit\/arbeitsproduktivitaet\/\">Hamer: B\u00fcrgergeld statt Arbeit \u2013 Produktivit\u00e4t \u2013 Sozialversorgung<\/a>\u00a0(3.11.2023)<\/li>\n<li><a href=\"https:\/\/www.freiburg-schwarzwald.de\/blog\/global\/deutschland\/gesellschaft\/leistungsgesellschaft\/\">\u201eLife-Work-Balance\u201c statt Leistungsbereitschaft<\/a>\u00a0(19..8.2023)<\/li>\n<li><a href=\"https:\/\/www.freiburg-schwarzwald.de\/blog\/selbsthilfe\/soziales\/arbeit\/schein-arbeit\/\">Entwertung der Fachlichkeit durch F\u00f6rderung von Schein-Arbeit<\/a>\u00a0(17.7.2023)<\/li>\n<li><a href=\"https:\/\/www.freiburg-schwarzwald.de\/blog\/der-rueckzug-vom-arbeitsmarkt\/\">Der R\u00fcckzug vom Arbeitsmarkt<\/a> (20.6.2023)<\/li>\n<li><a href=\"https:\/\/www.freiburg-schwarzwald.de\/blog\/arbeit-nachtruhe-vor-party-laerm\/\">Arbeit\/Nachtruhe vor Party\/L\u00e4rm<\/a>\u00a0(19..6.2023)<\/li>\n<li>Fachkr\u00e4ftemangel: Goodbye Deutschland (14.4.2023)<\/li>\n<li><a href=\"https:\/\/www.freiburg-schwarzwald.de\/blog\/london-sozialhilfe-fuer-mehrheit\/\">London: Sozialhilfe f\u00fcr Mehrheit<\/a>\u00a0(26.1.2023)<\/li>\n<li><a href=\"https:\/\/www.freiburg-schwarzwald.de\/blog\/selbsthilfe\/familie\/generationen\/\">Babyboomer in Rente \u2013 und was danach?<\/a>\u00a0(11.12.2022)<\/li>\n<li><a href=\"https:\/\/www.freiburg-schwarzwald.de\/blog\/selbsthilfe\/soziales\/arbeit\/buergergeld\/\">L\u00fcder Gerken: B\u00fcrgergeld \u2013 Licht und Schatten<\/a>\u00a0(19.11.2022)<\/li>\n<li><a href=\"https:\/\/www.freiburg-schwarzwald.de\/blog\/selbsthilfe\/soziales\/arbeit\/buergergeld\/\">Hamer: Das B\u00fcrgergeld m\u00fcsste Arbeitsersatzgeld hei\u00dfen<\/a>\u00a0(18.11.2022)<\/li>\n<li><a href=\"https:\/\/www.freiburg-schwarzwald.de\/blog\/buergergeld-45-fuer-migranten\/\">B\u00fcrgergeld \u2013 45 % f\u00fcr Migranten<\/a>\u00a0(17.11.2022)<\/li>\n<li><a href=\"https:\/\/www.freiburg-schwarzwald.de\/blog\/buergergeld-anreize-zur-arbeit\/\">B\u00fcrgergeld: Anreize zur Arbeit?<\/a>\u00a0(7.11.2022)<\/li>\n<li><a href=\"https:\/\/www.freiburg-schwarzwald.de\/blog\/niedergang-der-arbeitsmoral\/\">Niedergang der Arbeitsmoral<\/a>\u00a0(9.11.2022)<\/li>\n<li><a href=\"https:\/\/www.freiburg-schwarzwald.de\/blog\/selbsthilfe\/soziales\/arbeit\/buergergeld\/\">Arbeitskr\u00e4ftemangel: Deutschland funktioniert nicht mehr \u2013 B\u00fcrgergeld<\/a> (20.10.2022)<\/li>\n<li><a href=\"https:\/\/www.freiburg-schwarzwald.de\/blog\/engagement\/zukunft\/demokratie\/staatsapparat\/\">Arbeitskr\u00e4ftemangel hier (privat) \u2013 Fehlbesch\u00e4ftigung dort (Staat)<\/a> (14.8.2022)<\/li>\n<li><a href=\"https:\/\/www.freiburg-schwarzwald.de\/blog\/selbsthilfe\/soziales\/arbeit\/arbeiten-lohnt-nicht\/\">Arbeitskr\u00e4ftemangel \u2013 \u201eIch darf nicht mehr arbeiten\u201c<\/a> (2.8.2022)<\/li>\n<li><a href=\"https:\/\/www.freiburg-schwarzwald.de\/blog\/vereine\/hilfe\/fqb-freiburg\/\">Besch\u00e4ftigungsgesellschaft FQB (vormals VABE) nun am Mundenhof<\/a>\u00a0(1.8.2022)<\/li>\n<li><a href=\"https:\/\/www.freiburg-schwarzwald.de\/blog\/fuer-diesen-staat-arbeiten-nein\/\">F\u00fcr diesen Staat arbeiten? Nein!<\/a>\u00a0(18.7.2022)<\/li>\n<li><a href=\"https:\/\/www.freiburg-schwarzwald.de\/blog\/selbsthilfe\/soziales\/arbeit\/lohn\/\">Mittelstandsinstitut fordert h\u00f6here Reall\u00f6hne f\u00fcr Wertsch\u00f6pfer<\/a>\u00a0(11.6.2022)<\/li>\n<li><a href=\"https:\/\/www.freiburg-schwarzwald.de\/blog\/ungeimpfte-krankenschwester\/\">Ungeimpfte Krankenschwester<\/a>\u00a0(17.3.2022)<\/li>\n<li><a href=\"https:\/\/www.freiburg-schwarzwald.de\/blog\/vereine\/ngo\/aktivisten\/\">\u201eIch muss zur Arbeit!\u201c: Klima-\u201eAktivisten\u201c treffen auf Normalbev\u00f6lkerung<\/a>\u00a0(31.1.22)<\/li>\n<li><a href=\"https:\/\/www.freiburg-schwarzwald.de\/blog\/fake-news-und-wunschdenken\/\">https:\/\/www.freiburg-schwarzwald.de\/blog\/fake-news-und-wunschdenken\/<\/a> (17.1.2019)<\/li>\n<li>Kompetenzverlust der Deutschen &#8211; Zuwanderung von Inkompetenz (4.2.2017)<\/li>\n<li><a title=\"Versorgungsmigration\" href=\"https:\/\/www.freiburg-schwarzwald.de\/blog\/global\/migration\/versorgungsmigration\/\">Zuwanderung erfolgt(e) weniger in Arbeit als in Versorgung<\/a> \u00a0(13.9.2016)<\/li>\n<\/ul>\n<ul>\n<li>Gigantische Belastung des Arbeitsmarkts durch Migranten (3.8.2016)<\/li>\n<li><\/li>\n<li><a title=\"Arbeit\" href=\"https:\/\/www.freiburg-schwarzwald.de\/blog\/selbsthilfe\/soziales\/arbeit\/\">Arbeit<\/a><\/li>\n<li><a href=\"https:\/\/www.freiburg-schwarzwald.de\/blog\/selbsthilfe\/soziales\/arbeit\/arbeiten-lohnt-nicht\/\">Arbeiten lohnt nicht<\/a><\/li>\n<li><a href=\"https:\/\/www.freiburg-schwarzwald.de\/blog\/selbsthilfe\/soziales\/arbeit\/arbeitgeber\/\">Arbeitgeber<\/a><\/li>\n<li><a href=\"https:\/\/www.freiburg-schwarzwald.de\/blog\/selbsthilfe\/soziales\/arbeit\/arbeitsproduktivitaet\/\">Arbeitsproduktivitaet<\/a><\/li>\n<li><a href=\"https:\/\/www.freiburg-schwarzwald.de\/blog\/selbsthilfe\/soziales\/arbeit\/arbeitsverweigerung\/\">Arbeitsverweigerung<\/a><\/li>\n<li><a href=\"https:\/\/www.freiburg-schwarzwald.de\/blog\/selbsthilfe\/soziales\/arbeit\/buergergeld\/\">B\u00fcrgergeld<\/a><\/li>\n<li><a href=\"https:\/\/www.freiburg-schwarzwald.de\/blog\/selbsthilfe\/soziales\/arbeit\/bundesagentur-fuer-arbeit\/\">Bundesagentur f\u00fcr Arbeit (BA)<\/a><\/li>\n<li><a title=\"Fluechtlinge-Arbeit\" href=\"https:\/\/www.freiburg-schwarzwald.de\/blog\/global\/integration\/fluechtlinge-arbeit\/\">Fluechtlinge-Arbeit<\/a><\/li>\n<li><a href=\"https:\/\/www.freiburg-schwarzwald.de\/blog\/vereine\/hilfe\/fqb-freiburg\/\">FQB-Freiburg<\/a><\/li>\n<li><a title=\"Integration-Islam\" href=\"https:\/\/www.freiburg-schwarzwald.de\/blog\/global\/integration\/integration-islam\/\">Integration-Islam<\/a><\/li>\n<li><a title=\"Job\" href=\"https:\/\/www.freiburg-schwarzwald.de\/blog\/selbsthilfe\/soziales\/arbeit\/job\/\">Job<\/a><\/li>\n<li><a title=\"Migration-Maenner\" href=\"https:\/\/www.freiburg-schwarzwald.de\/blog\/global\/migration\/migration-maenner\/\">Migration<\/a><\/li>\n<li><a href=\"https:\/\/www.freiburg-schwarzwald.de\/blog\/selbsthilfe\/soziales\/arbeit\/schein-arbeit\/\">Schein-Arbeit<\/a><\/li>\n<li><a href=\"https:\/\/www.freiburg-schwarzwald.de\/blog\/engagement\/zukunft\/demokratie\/staatsapparat\/\">Staatsapparat<\/a><\/li>\n<\/ul>\n<p>&nbsp;<\/p>\n<p><strong>Fachkr\u00e4ftemangel: Goodbye Deutschland<\/strong><br \/>\nDer Personalmangel in Deutschland wird immer problematischer. Es fehlt an hochqualifizierten Fachkr\u00e4ften, die f\u00fcr Wertsch\u00f6pfung und Wohlstand sorgen. Doch sie kommen nicht nach Deutschland, sie verlassen das Land.<br \/>\nDer Personalmangel in Deutschland versch\u00e4rft sich kontinuierlich. Mehr als die H\u00e4lfte der deutschen Unternehmen hat Schwierigkeiten, offene Stellen zu besetzen. Die Deutsche Industrie- und Handelskammer geht davon aus, dass in Deutschland rund zwei Millionen Arbeitspl\u00e4tze vakant bleiben, und das bei \u00fcber 2,6 Millionen Arbeitslosen. Bereits 2022 fehlten in Mathematik, Informatik, Naturwissenschaften und Technik \u2013 kurz: MINT \u2013 mehr als 340.000 Arbeitskr\u00e4fte. Dem Branchenverband Bitkom zufolge fehlt f\u00fcr die Digitalisierung der Wirtschaft immer mehr Personal.<br \/>\n&#8230;.<br \/>\nDeutschland ben\u00f6tigt dringend Fachkr\u00e4fte, doch um eben diese ist ein globaler Wettbewerb entbrannt. Verlassen global gefragte hochqualifizierte Expertinnen und Experten ihre Familie, ihren Freundes- und Kulturkreis und ihre Heimat, dann machen sie dies vorwiegend, um Geld zu verdienen und ihren Familien ein bestm\u00f6gliches Umfeld zu erm\u00f6glichen.<br \/>\nEin Land, dessen Sprache sie zumeist nicht sprechen und in dem ein leistungtr\u00e4gerfeindliches und international nicht wettbewerbsf\u00e4higes Steuersystem herrscht. Hohe Arbeitskosten machen den Wirtschaftsstandort Deutschland f\u00fcr Arbeitgeber unattraktiv \u2013 und niedrige Nettoeinkommen der Arbeitnehmer f\u00fcr dringend ben\u00f6tigte Fachkr\u00e4fte aus dem Ausland ebenso. Deutschland hat heute bereits mit die h\u00f6chste Steuer- und Abgabenlast weltweit. W\u00e4hrend in Deutschland der Spitzensteuersatz bei 42 Prozent liegt und bereits f\u00fcr Einkommen \u00fcber 55.961 Euro pro Jahr anf\u00e4llt und Einkommen ab 274.613 Euro pro Jahr mit 45 Prozent besteuert werden, sieht der Sachverhalt beispielsweise in den USA grundlegend anders aus.<br \/>\nIn den USA nur halb so viel Steuern: In den USA werden zum Beispiel die Einkommen von Singles von \u00fcber 89.075 bis 170.000 US-Dollar mit 24 Prozent, Einkommen \u00fcber 170.050 bis 215.949 US-Dollar mit 32 Prozent und \u00fcber 539.899 USD mit 35 Prozent besteuert. Der Spitzensteuersatz von 37 Prozent greift erst ab 539.900 USD. Gegenw\u00e4rtig verdienen Informatiker in der Schweiz und den USA doppelt so viel oder auch oftmals noch wesentlich mehr als in Deutschland bei wesentlich geringerer Steuerlast.<br \/>\n&#8230;<br \/>\nWelche global gefragte Expertin und Experte beabsichtigt, in ein Land einzuwandern, in dem das Gesundheits- und Altenpflegesystem auf Kante gen\u00e4ht ist und in Zukunft der Pflegekollaps in Krankenh\u00e4usern und Altenheimen droht. Ein Land, in dem in den letzten Jahrzehnten Millionen un- und geringqualifizierte Menschen einwanderten, w\u00e4hrend hunderttausende Hochqualifizierte auswanderten \u2013 drei Viertel der Auswanderer aus Deutschland haben eine Hochschulausbildung.<br \/>\n&#8230;<br \/>\nSomit ist es nicht verwunderlich, dass Deutschland unter ausl\u00e4ndischen Fachkr\u00e4ften als nicht attraktiv gilt. Ferner f\u00fchlen Fachkr\u00e4fte sich in Deutschland nicht sonderlich wohl. Laut einer Umfrage des gr\u00f6\u00dften globalen Expat-Netzwerks InterNations von Ende 2022 zufolge belegt Deutschland weit abgeschlagen den 42. von 52 ausgewiesenen R\u00e4ngen.<br \/>\n&#8230; Alles vom 12.4.2023 von Matthias Weik bitte lesen auf<br \/>\n<a href=\"https:\/\/www.achgut.com\/artikel\/fachkraefte_goodbye_deutschland\">https:\/\/www.achgut.com\/artikel\/fachkraefte_goodbye_deutschland<\/a><\/p>\n<p>&nbsp;<\/p>\n<p><strong>Kompetenzverlust der Deutschen &#8211; Zuwanderung von Inkompetenz<\/strong><br \/>\nDie wenigen Kinder, die unter den 60 Millionen Altdeutschen und ihren Millionen Migrationsb\u00fcrgern \u00fcberhaupt noch geboren werden, fallen bei den Leistungen immer weiter zur\u00fcck. Beim Sch\u00fclervergleichstest in Mathematik (TIMSS) erreichen sie 2007 einen gerade noch akzeptablen 12. Platz. 2015 dagegen enden unsere Viertkl\u00e4ssler auf Rang 24. Frankreich, nach uns die Hauptst\u00fctze der EU, ist auf Platz 35 praktisch nur noch als Amateur dabei.<br \/>\nAm st\u00e4rksten bedroht uns der geringe Anteil an exzellenten Sch\u00fclern. Von ihnen m\u00fcssen die Innovationen kommen, ohne die wir als Exportnation nicht \u00fcberstehen werden; denn <strong>\u201eein Topingenieur ist dreihundertmal so viel wert wie ein gew\u00f6hnlicher\u201c<\/strong> wie uns der Personalchef von Google ins Stammbuch schreibt (L. Bock, Work Rules! Insights from Inside Google that will Transform How You Live and Lead, New York &amp; Boston: Twelve, 2015). In Singapur, dem TIMSS-Gesamtsieger von 2015, geh\u00f6ren von 1000 Sch\u00fclern 501 in die Gruppe der Asse. Selbst in Amerika mit seinem Extremanteil sehr schlechter Sch\u00fcler sind es noch 140. Bei uns aber gelangen nur 53 von 1000 in dieses Schl\u00fcsselsegment. Japaner, die mit 46.9 Jahren das deutsche Durchschnittsalter noch \u00fcbertreffen, erringen auf eine Million Einwohner 2014 mehr als doppelt so viele internationale Patente wie wir. Das liegt auch daran, dass Tokio auf Einwanderer verzichtet und seine Kinder TIMSS 2015 mit einem Gesamtergebnis von 593 Punkten gegen unsere 522 beenden.<br \/>\nGeht dieser alarmierende Kompetenzverlust weiter, k\u00f6nnte nach unseren l\u00e4ngst verlorenen Industrien \u2013 Kameras, Computer, Telefone, Fernseher, Tontr\u00e4ger, Schiffbau, Atomreaktoren und so weiter \u2013 auch der Maschinen- und Autobau ins Wanken geraten. Um das wenigstens zu verz\u00f6gern, werde ich zwar niemals \u201eDeutschland zuerst\u201c intonieren, obwohl wir schlechter dastehen als die USA. Meine Politik wird ab sofort allerdings auf das K\u00fcmmern ums Eigene abzielen. . &#8230;.<br \/>\nAlles von Gunnar Heinsohn vom 4.2.2017 bitte lesen auf<br \/>\n<a href=\"https:\/\/www.achgut.com\/artikel\/eine_rede_fuer_den_naechsten_bundeskanzler\">https:\/\/www.achgut.com\/artikel\/eine_rede_fuer_den_naechsten_bundeskanzler<\/a><\/p>\n<p>&nbsp;<\/p>\n<p>&nbsp;<\/p>\n<p>&nbsp;<\/p>\n<p><strong>Gigantische Belastung des Arbeitsmarkts durch Migranten<\/strong><br \/>\nAnnahmen:<br \/>\na) Ein erwerbsloser Migrant verursacht Kosten von 25.000 \u20ac im Jahr<br \/>\nb) Erwerbst\u00e4tige Migranten f\u00fchren 40% des Bruttogehalts an Steuern und Sozialabgaben ab<br \/>\nc) Eine Million Zuwanderer<br \/>\nFazit:<br \/>\n1) 60% der Migranten m\u00fcssten erwerbst\u00e4tig sein und 40.000 \u20ac pro Kopf verdienen, damit die Zuwanderung finanziell neutral ist.<br \/>\n2) Zum Vergleich: Durchschnittseinkommen von Arbeitnehmern in Deutschland 2014: 36.344 \u20ac.<br \/>\n.<br \/>\nDenken Sie beim Lesen von Stelters Blog daran, dass die Fl\u00fcchtlinge \u00fcberwiegend nur als Helfer eingesetzt werden k\u00f6nnen und damit nur max. 20.000 \u20ac\/Jahr verdienen (und keine 40.000 \u20ac\/Jahr \u2013 wie Stelter rechnete). Der Mindestlohn von 8,50 \u20ac\/Stunde f\u00fcr Helfert\u00e4tigkeiten ergibt bei einer 40-Stunden Woche etwa 1.450 \u20ac Monatslohn brutto. Also max. 19.000 \u20ac Jahresgehalt und ein Netto von etwa 13.000.<\/p>\n<p>Somit wird der Druck verst\u00e4ndlich, der auf der Kanzlerin lastet wegen der geringen Beitr\u00e4ge f\u00fcr Steuern und Sozialabgaben der arbeitenden Migranten und den hohen Kosten f\u00fcr Nichtbesch\u00e4ftigte \u2013 und das vor den Wahlen 2017. &#8230;.\u00a0Alles vom Michael Wolski vom 3.8.2016 bitte lesen auf<br \/>\n<a href=\"https:\/\/www.tichyseinblick.de\/gastbeitrag\/fluechtlingsgipfel-im-kanzleramt-viel-laerm-um-nichts\/\">https:\/\/www.tichyseinblick.de\/gastbeitrag\/fluechtlingsgipfel-im-kanzleramt-viel-laerm-um-nichts\/<\/a><\/p>\n<p><a href=\"https:\/\/www.freiburg-schwarzwald.de\/blog\/selbsthilfe\/soziales\/arbeit\/arbeitsmarkt\/migranten-arbeit2015-2017\/\" rel=\"attachment wp-att-62527\"><img loading=\"lazy\" decoding=\"async\" class=\"alignnone wp-image-62527 size-full\" src=\"https:\/\/www.freiburg-schwarzwald.de\/blog\/wp-content\/uploads\/2016\/09\/migranten-arbeit2015-2017.jpg\" alt=\"migranten-arbeit2015-2017\" width=\"640\" height=\"214\" srcset=\"https:\/\/www.freiburg-schwarzwald.de\/blog\/wp-content\/uploads\/2016\/09\/migranten-arbeit2015-2017.jpg 640w, https:\/\/www.freiburg-schwarzwald.de\/blog\/wp-content\/uploads\/2016\/09\/migranten-arbeit2015-2017-180x60.jpg 180w\" sizes=\"auto, (max-width: 640px) 100vw, 640px\" \/><\/a><\/p>\n<p><strong>Zuwanderung ist eine massive Wohlstandsvernichtung<\/strong><br \/>\n\u201eEnde 2017 wird mit etwa 2 Millionen erwerbsf\u00e4higen, muslimischen Migranten gerechnet, wovon nur etwa 8 % SV-pflichtig besch\u00e4ftigt sein werden.\u201c<br \/>\n\u201eZum Vergleich: Ende Juni 2016 \u2013 Bestand an erwerbsf\u00e4higen Leistungsberechtigten in Jobcentern: 4.305.000, davon etwa 500.000 aus diesen 8 L\u00e4ndern, 300.000 aus der T\u00fcrkei sowie 100.000 Muslime aus anderen L\u00e4ndern (21 %). Ende 2017 ist dann jeder 3. Arbeitslose im Jobcenter Muslim.\u201c \u00a0 &#8230;..<br \/>\nAlles von Daniel Stelter, Ex-Vorstand Boston Consulting, zu &#8222;Wenn das stimmt &#8230;&#8220; vom 17.8.2016 bitte lesen auf<br \/>\n<a href=\"https:\/\/think-beyondtheobvious.com\/stelters-lektuere\/wenn-das-stimmt-ist-die-zuwanderung-eine-massive-wohlstandsvernichtung\/\">https:\/\/think-beyondtheobvious.com\/stelters-lektuere\/wenn-das-stimmt-ist-die-zuwanderung-eine-massive-wohlstandsvernichtung\/<\/a><\/p>\n<p><strong>Zweck von Merkels Massenimmigration: L\u00f6hne dr\u00fccken<\/strong><br \/>\nIch habe mich lange gefragt, was Merkel dazu gebracht, Millionen sogenannter Fl\u00fcchtlinge einzuladen. Merkel ist nicht dumm, kannte die Fakten. Sie wusste, dass die Massen von ungebildeten Wirtschafts-Immigranten ein soziales und finanzielles Desaster sind. Also warum? Wer profitiert? Zum Einen macht die Fl\u00fcchtlings-Industrie riesige Gewinne: Bau, Security, Pharmazie freuen sich \u00fcber jeden Asylant, der auf Kosten der Steuerzahler hier ein sorgenfreies Leben hat. Aber auch andere Industrie-Zweige profitieren von Millionen Arbeitslosen. So k\u00f6nnen sie leichter die L\u00f6hne dr\u00fccken, vielleicht den Mindestlohn umgehen.<br \/>\nOliver Richter, 31.8016, TO<\/p>\n<p><strong>Warum erhalten illegale Immigranten unbegrenzt Sozialleistungen?<\/strong><br \/>\nMir ist folgender Zusammenhang nicht klar: der Gro\u00dfteil der Eingewanderten tat dies ohne Rechtsgrund (keine g\u00fcltigen Papiere oder Visa, fehlendes Grundrecht auf Asyl gem. \u00a7 16 (a) GG), sind also als illegale Einwanderer zu betrachten. Dennoch erhalten sie Unterst\u00fctzung und Zahlungen nach geltenden Sozialgesetzen, anstatt f\u00fcr einen Rechtsbruch sanktioniert zu werden. Wie passt das zusammen?<br \/>\n31.8.2016, Uwe Stein, TO<br \/>\n.<br \/>\n<strong>Muslimische Migration macht unsere Exportnation kaputt<\/strong><br \/>\nWenn man sich die ganzen Berichte zum Thema \u201cmuslimische Migration\u201d im stillen K\u00e4mmerlein durchliest, dann bekommt man immer mehr den Eindruck, die Regierung will aus einem einst christlich gepr\u00e4gten Land ein islamisches machen. Allein das Durchlesen der im Artikel angesprochenen Tabelle (Vergleich Islam \u00d6sterreich vs. Deutschland) spricht B\u00e4nde.<br \/>\nIch schlage vor: alle einheimischen B\u00fcrger und B\u00fcrgerinnen gehen ab sofort \u201cislamisch getrimmt\u201d ihren Alltagsgesch\u00e4ften nach. Im B\u00fcro kein Kontakt mit dem anderen Geschlecht, kein Kundenkontakt zwischen M\u00e4nnlein und Weiblein, Frauen vollverschleiert, f\u00fcnfmal am Tag beten auf den Gebetsteppichen, gerne auch Mitten in der Kantine oder auf dem Stadtplatz, etc. etc.<br \/>\nMal sehen wie produktiv dann noch gearbeitet werden kann, wie ausl\u00e4ndische Kunden reagieren (Deutschland Exportnation!) und wie dann der Rubel rollt, wenn er noch rollt. Mal sehen, ob dann dem einen oder anderen ein kleines Lichtlein aufgeht, dass ein s\u00e4kularer Staat doch ganz gut ist und dass das Recht auf Religionsfreiheit ein Individualrecht aber kein Verbandsrecht ist (interessant wenn in Zukunft die Verb\u00e4nde auf Diskriminierung am Arbeitsplatz pochen k\u00f6nnen).<br \/>\nAch \u00fcbrigens, liebe Gr\u00fcnen und Linken und sonstwiewas: wenn ihr eine \u201cFl\u00fcchtlingsquote\u201d f\u00fcr Unternehmen haben wollt, dann stellt eure Lieblinge doch selber ein, schafft selber tragf\u00e4hige Unternehmen oder geht endlich selber arbeiten.<br \/>\nEine Ex-Gr\u00fcnw\u00e4hlerin, die diesen ganzen Irrsinn um das muslimische Kalb (Schwein darfs ja nicht sein) im 21. Jahrhundert (!) bald nicht mehr aush\u00e4lt. Quo vadis Deutschland?<br \/>\n31.8.2016, Angelia Clooney, TO<br \/>\n.<br \/>\n<strong>Entweder Sozialstaat ODER offene Grenzen<\/strong><br \/>\nGuter Artikel. Er zeigt wieder eindr\u00fccklich, das man entweder einen Sozialstaat oder offene Grenzen haben kann. Beides zusammen ist nur ein feuchter Traum der Merkel-Versteher.<br \/>\nHerr Stelter hatte ja schon fr\u00fchzeitig die Kosten zutreffend beleuchtet. Hier werden die Deutschen ja nach wie vor von der Regierungspropaganda get\u00e4uscht. Die Krone hatte k\u00fcrzlich einen Artikel \u00fcber die Kosten in \u00d6sterreich und kam (sehr optimistisch gesch\u00e4tzt) bei 119.000 Migranten in \u00d6sterreich auf j\u00e4hrliche Kosten von 802 Mio. Euro\/Jahr (https:\/\/www.krone.at\/oesterreich\/so-viel-kostet-die-asylkrise-wirklich-91537-euro-pro-stunde-story-526766)<br \/>\nBezogen auf die Ist-Situation in Deutschland errechnen sich bei 1,5 Mio. Migranten (die genaue Zahl kennt ja keiner) Kosten von 10,1 Mrd.\/Jahr, also 1,2 Mio.\/Euro pro Stunde. Bei weiterhin offenen Grenzen steigen die Kosten nat\u00fcrlich ununterbrochen weiter.<br \/>\n29.8.2016, Burger, TO<br \/>\n.<br \/>\n<strong>Grundgesetz durch neue Verfassung ersetzen<\/strong><br \/>\nDas ist alles richtig, aber nur ein Teilaspekt der Trag\u00f6die. Die falsche Auslegung des Grundgesetz durch das BVerG ist politisch bedingt, da die Richter alle von den Parteien selektiert sind und gebrieft worden sind.<br \/>\nWir haben keine Gewaltenteilung.<br \/>\nJeder kann seine Religion hier ausleben, so lange er nicht die Interessen anderer verletzt.<br \/>\nDer deutsche Staat bezahlt die Angestellten der Kirche, demn\u00e4chst auch die Imame\u2026dieses Land hat fertig.<br \/>\nCarlo Schmidt w\u00fcrden die Tr\u00e4nen kommen, wenn erleben m\u00fcsste, was diese Politiker mit dem Grundgesetz veranstaltet haben. Nicht umsonst hat er den \u00a7 146 eingef\u00fcgt, in dem sich das deutsche Volk eine neue Verfassung geben ..und das zahnlose Provisorium Grundgesetz dahin schicken kann, wo es hin geh\u00f6rt\u2026auf den M\u00fcllhaufen der Geschichte.<br \/>\nVon Br\u00fcckner, TO<\/p>\n<p><strong>Gabriels Volksverbl\u00f6dung<\/strong><br \/>\nIch halte es mit einem hiesigen B\u00e4ckermeister ( auf dem Dorf ), der sinngem\u00e4s \u00e4u\u00dferte: \u201d Ich habe nichts dagegen, diese Leute einzustellen. Sollte aber Allah wichtiger sein als das Unternehmen, setze ich den vor die T\u00fcr.\u201d Selbst bei gezahltem Mindeslohn wird es niemand schaffen, 45 Jahre ununterbrochen einer T\u00e4tigkeit nachzugehen. Insofern bleibt die Aussage von Gabriel, das diese einmal unsere Rente bezahlen w\u00fcrden, reine Volksverbl\u00f6dung. So oder so, sie alle sind eingewandert in das deutsche Sozialsysthem. Und verursachen Kosten in Milliardenh\u00f6he. Das ist f\u00fcr mich derzeit zweitrangig. Interessanter w\u00e4re die Frage: Wo kommt f\u00fcr diese das ganze Geld her ? Wer bezahlt das ? Ich meine es zu ahnen.<br \/>\nFriedrich, TO<\/p>\n","protected":false},"excerpt":{"rendered":"<p>\u00a0Home &gt;Soziales &gt;Arbeit &gt;Arbeitsmarkt &nbsp; Listenauswahl eines Beitrags (Artikel\/Datum, Seite\/Inhalt): Klicken oder scrollen Migration: Fachkr\u00e4fte vergraulen, Schmarotzer hofieren\u00a0(2.2.2026) Das Sankt-Florian-Prinzip des Arbeitgeberpr\u00e4sidenten Rainer Dulger\u00a0(25.1.2026) Das Monster \u201eBundesagentur f\u00fcr Arbeit\u201c: Immer weniger Vermittlungen in echte Jobs\u00a0(24.7.2024) Hamer: B\u00fcrgergeld statt Arbeit \u2013 &hellip; <a href=\"https:\/\/www.freiburg-schwarzwald.de\/blog\/selbsthilfe\/soziales\/arbeit\/arbeitsmarkt\/\">Weiterlesen <span class=\"meta-nav\">&rarr;<\/span><\/a><\/p>\n","protected":false},"author":2,"featured_media":0,"parent":649,"menu_order":0,"comment_status":"open","ping_status":"closed","template":"","meta":{"footnotes":""},"class_list":["post-62524","page","type-page","status-publish","hentry"],"_links":{"self":[{"href":"https:\/\/www.freiburg-schwarzwald.de\/blog\/wp-json\/wp\/v2\/pages\/62524","targetHints":{"allow":["GET"]}}],"collection":[{"href":"https:\/\/www.freiburg-schwarzwald.de\/blog\/wp-json\/wp\/v2\/pages"}],"about":[{"href":"https:\/\/www.freiburg-schwarzwald.de\/blog\/wp-json\/wp\/v2\/types\/page"}],"author":[{"embeddable":true,"href":"https:\/\/www.freiburg-schwarzwald.de\/blog\/wp-json\/wp\/v2\/users\/2"}],"replies":[{"embeddable":true,"href":"https:\/\/www.freiburg-schwarzwald.de\/blog\/wp-json\/wp\/v2\/comments?post=62524"}],"version-history":[{"count":6,"href":"https:\/\/www.freiburg-schwarzwald.de\/blog\/wp-json\/wp\/v2\/pages\/62524\/revisions"}],"predecessor-version":[{"id":145205,"href":"https:\/\/www.freiburg-schwarzwald.de\/blog\/wp-json\/wp\/v2\/pages\/62524\/revisions\/145205"}],"up":[{"embeddable":true,"href":"https:\/\/www.freiburg-schwarzwald.de\/blog\/wp-json\/wp\/v2\/pages\/649"}],"wp:attachment":[{"href":"https:\/\/www.freiburg-schwarzwald.de\/blog\/wp-json\/wp\/v2\/media?parent=62524"}],"curies":[{"name":"wp","href":"https:\/\/api.w.org\/{rel}","templated":true}]}}