{"id":61943,"date":"2016-07-30T21:49:17","date_gmt":"2016-07-30T19:49:17","guid":{"rendered":"https:\/\/www.freiburg-schwarzwald.de\/blog\/?page_id=61943"},"modified":"2016-07-30T21:54:54","modified_gmt":"2016-07-30T19:54:54","slug":"erpressung","status":"publish","type":"page","link":"https:\/\/www.freiburg-schwarzwald.de\/blog\/religion\/islam\/erpressung\/","title":{"rendered":"Erpressung"},"content":{"rendered":"<p>cc<\/p>\n<div id=\"attachment_61792\" style=\"width: 807px\" class=\"wp-caption alignnone\"><a href=\"https:\/\/www.freiburg-schwarzwald.de\/blog\/strandbad-inklusive-sportfest\/strandbad1sport-badenova-pan160723\/\" rel=\"attachment wp-att-61792\"><img loading=\"lazy\" decoding=\"async\" aria-describedby=\"caption-attachment-61792\" class=\"size-full wp-image-61792\" src=\"https:\/\/www.freiburg-schwarzwald.de\/blog\/wp-content\/uploads\/2016\/07\/strandbad1sport-badenova-pan160723.jpg\" alt=\"Taekwon Do im Freiburger Strandbad am 23.7.2016\" width=\"797\" height=\"326\" srcset=\"https:\/\/www.freiburg-schwarzwald.de\/blog\/wp-content\/uploads\/2016\/07\/strandbad1sport-badenova-pan160723.jpg 797w, https:\/\/www.freiburg-schwarzwald.de\/blog\/wp-content\/uploads\/2016\/07\/strandbad1sport-badenova-pan160723-180x73.jpg 180w, https:\/\/www.freiburg-schwarzwald.de\/blog\/wp-content\/uploads\/2016\/07\/strandbad1sport-badenova-pan160723-640x261.jpg 640w\" sizes=\"auto, (max-width: 797px) 100vw, 797px\" \/><\/a><p id=\"caption-attachment-61792\" class=\"wp-caption-text\">Taekwon Do im Freiburger Strandbad am 23.7.2016<\/p><\/div>\n<ul>\n<li>Die allt\u00e4gliche Erpressung: Noch mehr Integration (23.7.2016)<\/li>\n<li><a title=\"Integration\" href=\"https:\/\/www.freiburg-schwarzwald.de\/blog\/global\/integration\/\">Integration<\/a><\/li>\n<li><a title=\"Unterwerfung\" href=\"https:\/\/www.freiburg-schwarzwald.de\/blog\/religion\/islam\/unterwerfung\/\">Unterwerfung<\/a><\/li>\n<\/ul>\n<p>&nbsp;<\/p>\n<p>&nbsp;<\/p>\n<p><strong>Die allt\u00e4gliche Erpressung: Noch mehr Integration<\/strong><br \/>\nNach dem Terrorangriff auf einen Regionalzug in W\u00fcrzburg ist die Reaktion der deutschen Regierung und der sogenannten Leitmedien katastrophal. Sie ist schlimmer als hilflos, sie ist eine Unterwerfung. Denn es wird nicht nur behauptet \u201eSchutz vor solchen T\u00e4tern kann es nicht geben\u201c (Titel eines FAZ-Artikels am 20.7.), sondern es wurde in den Abendnachrichten von ARD und ZDF die Forderung erhoben, man m\u00fcssen nun \u201enoch mehr f\u00fcr die Integration\u201c tun. Diese Forderung richtet sich ganz direkt an die deutsche Bev\u00f6lkerung. Denn seit in der Migrationskrise die neue Hauptaufgabe \u201eIntegration\u201c verk\u00fcndet wurde, sehen sich kommunale Verwaltungen, Schulleiter, Unternehmer, Hauseigent\u00fcmer und Familien vor die Entscheidung gestellt, ob sie die Personen, die pauschal und ohne Pr\u00fcfung als \u201eFl\u00fcchtlinge\u201c ins Land gelassen wurden, in ihre Wohnungen, Betriebe, Schulen und Kultureinrichtungen einlassen sollen. Personen, von denen wir sp\u00e4testens jetzt wissen, dass sich hinter irgendeiner \u201escheuen\u201c oder \u201ejugendlichen\u201c Fassade wahre T\u00f6tungsmaschinen mit dem Freibrief einer Rachereligion verbergen k\u00f6nnen. Personen, f\u00fcr deren Identit\u00e4t und innere Einstellung die Regierenden nicht die mindeste Garantie \u00fcbernehmen k\u00f6nnen und auch nicht wollen. Denn die Regierenden haben schon seit l\u00e4ngerem deutlich gemacht, dass sie in der Migrationskrise dem Schutz der Bev\u00f6lkerung nicht die Priorit\u00e4t einr\u00e4umen.<br \/>\nW\u00fcrden sie das tun, dann m\u00fcssten sie jetzt nicht nur jedwede weitere Einwanderung ohne Visa direkt an den Bundesgrenzen abweisen, sondern sie m\u00fcssten auch alle die Vorhaben stoppen, die Personen ohne gekl\u00e4rte Identit\u00e4t und ohne eindeutig festgestelltes Aufenthaltsrecht in das deutsche Alltagsleben verteilen \u2013 und die damit das Aktionsfeld f\u00fcr Raub- und Gewalttaten jedweder Gr\u00f6\u00dfenordnung er\u00f6ffnen. Bekanntlich war der islamistische Angreifer bei einer vorbildlichen Pflegefamilie untergebracht und hatte eine Lehrstelle als B\u00e4cker in Aussicht. Das hat seine Einstellung nicht im Mindesten ber\u00fchrt. Doch von den Regierenden, sofern sie nicht einfach auf Tauchstation gegangen sind (die Bundeskanzlerin), sind nur Appelle zu h\u00f6ren, dass wir \u201ejetzt erst recht\u201c und \u201enoch mehr\u201c Integration leisten m\u00fcssen. &#8230;..<br \/>\n<strong>Wir m\u00fcssen \u00fcber eine Erpressung sprechen, die sich mit der Migrationskrise in unser Land eingenistet hat und die l\u00e4ngst die freiwillige humanit\u00e4re Hilfeleistung ersetzt hat.<\/strong><br \/>\nSie hat verschiedene Facetten, aber sie beginnt immer mit einer Drohung: <strong>Wehe, wenn Ihr nicht dies oder das tut \u2026 dann wird es Euch schlecht ergehen<\/strong>.<br \/>\nDazu geh\u00f6rt zweifellos die Drohung mit dem demographischen Untergang, der Deutschland angeblich bevorsteht, wenn es nicht Millionen Zuwanderer aufnimmt. Aber es steht auch eine viel unmittelbarere Drohung im Raum: Wenn Ihr nicht etwas f\u00fcr die Migranten tut, dann werden sie ganz b\u00f6se und dann wird Euer sch\u00f6nes buntes urbanes Leben kaputtgehen&#8230;.<br \/>\nF\u00fcr die heutige, anwachsende Gewaltsamkeit und die Wehrlosigkeit, mit der Deutschland ihr ausgeliefert ist, gibt es ein Schl\u00fcsselereignis \u2013 das Nachgeben gegen\u00fcber dem Migrationsdruck auf der Balkanroute durch die Bundeskanzlerin im vergangenen Sommer. Seit dieser Entscheidung steht die deutsche Migrationspolitik nicht mehr unter dem Zeichen der Freiwilligkeit, sondern unter dem Zeichen des Zwanges (der Erpressbarkeit durch Druck von au\u00dfen). Die weiteren Ereignisse und die Weiterungen der Migrationskrise gehen auf diese erste Unterwerfung zur\u00fcck. Der erfolgreich erzwungene Zugang setzt sich nun an vielen weiteren T\u00fcren und Toren fort. Es w\u00e4re naiv zu glauben, dass diejenigen, die durch den Druck der (Migrations-)Stra\u00dfe zum Erfolg gekommen sind, von diesem Hebel nicht auch weiter Gebrauch machen. &#8230;<br \/>\nAlles von Gerd Held vom 23.7.2016 bitte lesen auf<br \/>\n<a href=\"https:\/\/www.rolandtichy.de\/kolumnen\/helds-ausblick\/die-alltaegliche-erpressung\/\">https:\/\/www.rolandtichy.de\/kolumnen\/helds-ausblick\/die-alltaegliche-erpressung\/<\/a><\/p>\n<p><strong>\u201cEs ist mir egal ob es richtig war, jetzt sind sie nun einmal hier\u201d.<br \/>\n<\/strong>Das ist die Realit\u00e4t. Um es mit Merkels Worten zu unterstreichen: \u201cEs ist mir egal ob es richtig war, jetzt sind sie nun einmal hier\u201d.<br \/>\nAlso liebe deutsche \u201cDimmis\u201d jetzt arbeitet gef\u00e4lligst -man k\u00f6nnte auch sagen schafft untert\u00e4nigste f\u00fcr sie an. Die neuen \u00dcbermenschen sind jetzt nun einmal da und wenn ihr nicht all Euer Geld, Eure H\u00e4user Autos und nat\u00fcrlich auch Eure nicht z\u00fcchtig gekleideten Frauen mit ihnen teilt, dann jammert auch gef\u00e4lligst nicht rum wenn Euch die neuen Herren schariakonform bestrafen.<br \/>\nDie Bundesregierung sieht sich -zumindest auch nach dem deutschen Innenminister- au\u00dfer Stande noch hinreichend die Sicherheit im INLAND zu sorgen (ernsthaft) . Eine absolte Sicherheit (die \u00e4lteren werden sich erinnern, \u201csicher\u201d- so nannte man den Zustand von 1945 bis zur GroKo) kann es nicht mehr geben.<br \/>\nDie Regierung der Willkommenskultur gibt sich zwar allerorts M\u00fche, stets unterw\u00fcrfig bei den islamischen Verb\u00e4nden um Restverst\u00e4ndnis und Toleranz f\u00fcr ungl\u00e4ubige deutsche Traditionen (wie z.B. den Verzehr von Schweinefleisch) zu betteln aber noch zu erwarten, morgens unversehrt auf seinen Arbeitsplatz zu gelangen oder mit seiner Frau Sylvester zu feiern, also das geht nun wirklich zu weit. Lieber werden Vergleiche gezogen, warum wir uns pl\u00f6tzlich daran zu gew\u00f6hnen haben, wie in Israel unter \u201clatenter\u201d Terrorgefahr zu leben. Das nennt man Integration, islamische Regeln, Sitten und Gebr\u00e4uche werden dabei in Deutschland fest integriert , n\u00f6tigenfalls per Staatsvertrag. Herrlich Tollerant.<\/p>\n<p>\u201cDimmis\u201d haben -wie nachweislich \u00fcberall in der islamischen Welt- daf\u00fcr zu zahlen, das sieungl\u00e4ubig sind. Das geh\u00f6rt ab auch jetzt zu Deutschland, die Bundesregierung zieht es vorerst aber vor dieses Schutzgeld nicht beim Namen zu nennen sondern lieber von Asyl-Leistungen oder \u00e4hnlichem zu sprechen. Die Gefahr ist sonst gro\u00df, das autochthone Deutsche angesichts der neuen Realit\u00e4t verschreckt reagieren.<br \/>\nAber wir sollten wir auch das Positiver an der neuen, urpl\u00f6tzlich erkennbaren Faktenlage erkennen. Kommen doch unsere Kinder zumindest in den Schulen bald in den Genuss islamischen Religionsunterricht zu genie\u00dfen. Erst W\u00fcnsche, auch arabisch ebenfalls als Schulfach zu etablieren, hat sich nach ersten Untersuchungen als unn\u00f6tig erwiesen. Angesichts eines Migrationshintergrundes in den ehemals deutschen Schulen von bis zu 80% ohnehin keiner mehr deutsch spricht, d\u00fcrften sich auch die verbleibenden kleinen Kartoffeln schnell integrieren und ohnehin keinen Gebrauch mehr von der ungl\u00e4ubigen deutschen Sprache machen.<br \/>\nF\u00fcr das olle H\u00e4ndesch\u00fctteln hat man sich auch schon bei den Imamen entschuldigt, Kopft\u00fccher sind auch in deutschen Gerichten endlich gern gesehen, das Tragen von Kreuzen bei deutschen Drogerie-Mitarbeiterinnen endlich verboten und selbst der unethischen gemeinsame Sportunterricht ist vielerorts bald Geschichte. Lediglich bei den getrennten Schwimmzeiten riecht es derzeit ein wenig nach widerstand, aber der wird sicher genauso mit \u201crechts\u201d niedergeschlagen wie dieser l\u00e4cherliche Aufstand einiger Nudisten, die sich ernsthaft einbildeten, in Deutschland auch ihren seit Jahrzehnten gelebten Freik\u00f6rperkult vorf\u00fchren zu wollen.<br \/>\nUnd auch EUropaweit zeichnet die Willkommenskultur der deutschen Kanzlerin erste Erfolge. Immerhin haben die Italiener unterw\u00fcrfig ihre bereits Jahrtausende alte europ\u00e4ische Kunst vollst\u00e4ndig verh\u00fcllt, damit sich der iranische Gesandte auf seinem Shopping-Trip durch Italien nicht in seinem Religion beleidigt f\u00fchlt. So d\u00fcrfen wir f\u00fcrs erste auch bestimmt davon ausgehen, das uns der Iran nicht auch noch die Daseinberechtigung verwehrt wie zuvor schon dem sich der Unterwerfung entziehenden Staate Israel.<br \/>\nIch bitte meine \u201cintollerante\u201d Ironie zu verzeihen aber ohne Realsatire ist dieser rasend schnelle Zerfall der gesamten innerdeutschen Sicherheit und Ordnung, -gleiches f\u00fcr gro\u00dfe Teile EUropas einfach nicht mehr zu ertragen. Eine Kanzlerin die keine Grenzen mehr sch\u00fctzen kann, geschweige denn noch welche kennt. Die Millionen kulturfremder Menschen ungepr\u00fcft einreisen l\u00e4sst, sich dann \u00fcber Anschl\u00e4ge wundert. Ein Justizminister der die Meinungsfreiheit durch Stasi-Mitarbeiter einschr\u00e4nken l\u00e4sst, und die Anschl\u00e4ge am liebsten noch dem deutschen Pack zusprechen w\u00fcrde<br \/>\nEin Innenminister, der -genauso \u00fcberfordert wie bereits in seinem Amt als Verteidigungsminister- nun dem Walt vor lauter B\u00e4umen nicht mehr sehen m\u00f6chte, sprich Terrorristen unter falschen Fl\u00fcchtlingen erkennen mag. Stattdessen permanent, das allen bisherigen Terroranschl\u00e4gen einende, brisante Detail -alle Attent\u00e4ter waren Glaubensmitglieder des Islam- abstreitet, vermutlich noch bis es ihn endlich einmal selbst in den Allerwertesten bei\u00dft. Gr\u00fcn*Innen und SPD, die nun noch mehr Geld in Ma\u00dfnahmen f\u00fcr Fl\u00fcchtlinge stecken m\u00f6chten, obwohl der Hackebeilgl\u00e4ubige nachweislich bereits ein Full-Size-Rundum-Integration-Szenario f\u00fcr \u00fcber 60.000 Euro genie\u00dfen durfte. Eine Summe die -und das behaupte ich- gesch\u00e4tzt nicht einmal 30% der deutschen Familien j\u00e4hrlich zur Verf\u00fcgung steht die zu beiden Elternteilen arbeiten gehen.<br \/>\nDazu noch tagt\u00e4glich neue \u201cExperten\u201d in zwangsfinanzierten Staats-TV oder den selbsternannten Qualit\u00e4tsmedien, die sich gegenseitig dar\u00fcber \u00fcbertreffen, die Frechheit zu besitzen uns auch noch zu erkl\u00e4ren das es v\u00f6llig normal -ja geradezu w\u00fcnschenswert sei- zur Blitzislamisierung auch noch ein \u201cfreundliches Gesicht\u201d zu zeigen und von Israel zu lernen.\u00a0Was ist aus Deutschland geworden, ein Irrenhaus?<br \/>\nFingeist, 23.7.2016, TO<\/p>\n<p><strong>Nach W\u00fcrzburg: Passkontrollen w\u00e4ren notwendig<\/strong><br \/>\nDer Artikel zeigt auf, wie unheimlich die Situation geworden ist. Nach der Tat in W\u00fcrzburg w\u00e4re die einzige Reaktion gewesen: \u00dcberpr\u00fcfung der Personalien der Eingereisten mit Hochdruck, bei Verdacht auf Falschangaben Zusammenlegen dieser Personen in Lagern weit weg von der Bev\u00f6lkerung. Statt dessen wird NICHTS gegen die Zust\u00e4nde unternommen, sondern wir Deutschen zu mehr Leistungen nicht aufgefordert, sondern verdammt.<br \/>\nW\u00e4re ich j\u00fcnger, w\u00fcrde ich dieses Land direkt verlassen. Ich m\u00f6chte so nicht leben<br \/>\nJochen H., 23.7.2016, TO<\/p>\n<p><strong>Erpressung durch Migranten &#8211; Aggression<\/strong><br \/>\nDanke f\u00fcr diese korrekte, aber bisher nicht \u00fcbliche Interpretation der Migrationskrise. Erpressungsbeziehungen sind von Natur aus instabil, weil sie von Seiten der Erpresser nur mit erheblicher Aggression hergestellt werden k\u00f6nnen und auf Seiten der Erpressten erhebliche Aggressionen (und zwar mit Recht) ausl\u00f6sen. Diese Instabilit\u00e4t gibt Hoffnung (wann wird die Wut der Erpressten so gro\u00df werden, dass sie sich wehren?), aber auch Verzweiflung, dass die Erpresser endg\u00fcltig gewinnen k\u00f6nnten.<br \/>\nDass aber die herrschenden Eliten sich auf die Seiten der Erpresser stellen und zusammen mit den Migranten den Normalb\u00fcrger zu erpressen versuchen, also gewinnen, wenn die Erpresser gewinnen und das normale Volk verliert: das bereitet mir am meisten Sorge.<br \/>\nMarcel Keller, 23.7.2016, TO<\/p>\n","protected":false},"excerpt":{"rendered":"<p>cc Die allt\u00e4gliche Erpressung: Noch mehr Integration (23.7.2016) Integration Unterwerfung &nbsp; &nbsp; Die allt\u00e4gliche Erpressung: Noch mehr Integration Nach dem Terrorangriff auf einen Regionalzug in W\u00fcrzburg ist die Reaktion der deutschen Regierung und der sogenannten Leitmedien katastrophal. Sie ist schlimmer &hellip; <a href=\"https:\/\/www.freiburg-schwarzwald.de\/blog\/religion\/islam\/erpressung\/\">Weiterlesen <span class=\"meta-nav\">&rarr;<\/span><\/a><\/p>\n","protected":false},"author":2,"featured_media":0,"parent":12111,"menu_order":0,"comment_status":"open","ping_status":"closed","template":"","meta":{"footnotes":""},"class_list":["post-61943","page","type-page","status-publish","hentry"],"_links":{"self":[{"href":"https:\/\/www.freiburg-schwarzwald.de\/blog\/wp-json\/wp\/v2\/pages\/61943","targetHints":{"allow":["GET"]}}],"collection":[{"href":"https:\/\/www.freiburg-schwarzwald.de\/blog\/wp-json\/wp\/v2\/pages"}],"about":[{"href":"https:\/\/www.freiburg-schwarzwald.de\/blog\/wp-json\/wp\/v2\/types\/page"}],"author":[{"embeddable":true,"href":"https:\/\/www.freiburg-schwarzwald.de\/blog\/wp-json\/wp\/v2\/users\/2"}],"replies":[{"embeddable":true,"href":"https:\/\/www.freiburg-schwarzwald.de\/blog\/wp-json\/wp\/v2\/comments?post=61943"}],"version-history":[{"count":0,"href":"https:\/\/www.freiburg-schwarzwald.de\/blog\/wp-json\/wp\/v2\/pages\/61943\/revisions"}],"up":[{"embeddable":true,"href":"https:\/\/www.freiburg-schwarzwald.de\/blog\/wp-json\/wp\/v2\/pages\/12111"}],"wp:attachment":[{"href":"https:\/\/www.freiburg-schwarzwald.de\/blog\/wp-json\/wp\/v2\/media?parent=61943"}],"curies":[{"name":"wp","href":"https:\/\/api.w.org\/{rel}","templated":true}]}}