{"id":6140,"date":"2012-07-02T12:37:03","date_gmt":"2012-07-02T12:37:03","guid":{"rendered":"https:\/\/www.freiburg-schwarzwald.de\/blog\/?page_id=6140"},"modified":"2025-11-13T20:56:19","modified_gmt":"2025-11-13T19:56:19","slug":"urban-gardening","status":"publish","type":"page","link":"https:\/\/www.freiburg-schwarzwald.de\/blog\/natur\/landwirt\/urban-gardening\/","title":{"rendered":"Urban-Gardening"},"content":{"rendered":"<p>Home &gt;<a title=\"Natur\" href=\"https:\/\/www.freiburg-schwarzwald.de\/blog\/natur\/\">Natur<\/a> &gt;<a title=\"Landwirt\" href=\"https:\/\/www.freiburg-schwarzwald.de\/blog\/natur\/landwirt\/\">Landwirtschaft<\/a>\u00a0&gt;<a title=\"Garten\" href=\"https:\/\/www.freiburg-schwarzwald.de\/blog\/natur\/garten\/\">Garten<\/a> &gt;Urban-Gardening<\/p>\n<div id=\"attachment_5979\" style=\"width: 649px\" class=\"wp-caption alignnone\"><a href=\"https:\/\/www.freiburg-schwarzwald.de\/blog\/natur\/sommer\/blumenwiese2pan120629\/\" rel=\"attachment wp-att-5979\"><img loading=\"lazy\" decoding=\"async\" aria-describedby=\"caption-attachment-5979\" class=\"size-full wp-image-5979\" title=\"blumenwiese2pan120629\" src=\"https:\/\/www.freiburg-schwarzwald.de\/blog\/wp-content\/uploads\/2012\/06\/blumenwiese2pan120629.jpg\" alt=\"\" width=\"639\" height=\"227\" srcset=\"https:\/\/www.freiburg-schwarzwald.de\/blog\/wp-content\/uploads\/2012\/06\/blumenwiese2pan120629.jpg 639w, https:\/\/www.freiburg-schwarzwald.de\/blog\/wp-content\/uploads\/2012\/06\/blumenwiese2pan120629-180x63.jpg 180w\" sizes=\"auto, (max-width: 639px) 100vw, 639px\" \/><\/a><p id=\"caption-attachment-5979\" class=\"wp-caption-text\">Blumenwiese am 29.6.2012<\/p><\/div>\n<ul>\n<li><em>Listenauswahl eines Beitrags (Artikel\/Datum, Seite\/Inhalt): <span style=\"text-decoration: underline;\">Klicken<\/span> oder scrollen<\/em><\/li>\n<li>Film &#8222;SEHNSUCHT nach EDEN&#8220; : Urban Gardening &#8211; Solidarische Landwirtschaft (13.11.2025)<\/li>\n<li><a href=\"https:\/\/www.freiburg-schwarzwald.de\/blog\/hanfanbau-und-cannabis-neu\/\">Hanfanbau und Cannabis<\/a>\u00a0\u2013 neu (31.12.2021)<\/li>\n<li><a href=\"https:\/\/www.freiburg-schwarzwald.de\/blog\/garten-und-landschaftsschutz\/\">https:\/\/www.freiburg-schwarzwald.de\/blog\/garten-und-landschaftsschutz\/<\/a>\u00a0(28.8.2019)<\/li>\n<li><a title=\"Hirzberg\" href=\"https:\/\/www.freiburg-schwarzwald.de\/blog\/regio\/freiburg\/hirzberg\/\">G\u00e4rtner f\u00fcrchten am Hirzberg um ihre Kleing\u00e4rten, da das Areal im Landschaftsschutzgebiet liegt<\/a>\u00a0(27.7.2019)<\/li>\n<li><a href=\"https:\/\/www.freiburg-schwarzwald.de\/blog\/wiesenpatenschaft-annehmen\/\">https:\/\/www.freiburg-schwarzwald.de\/blog\/wiesenpatenschaft-annehmen\/<\/a>\u00a0(13.8.2013)<\/li>\n<li><a href=\"https:\/\/www.freiburg-schwarzwald.de\/blog\/rotteckring-urban-gardening\/\">https:\/\/www.freiburg-schwarzwald.de\/blog\/rotteckring-urban-gardening\/<\/a>\u00a0(6.8.2013)<\/li>\n<li><a href=\"https:\/\/www.freiburg-schwarzwald.de\/blog\/effektive-mikroorganismen-em\/\">https:\/\/www.freiburg-schwarzwald.de\/blog\/effektive-mikroorganismen-em\/<\/a>\u00a0(2.5.2013)<\/li>\n<li><a href=\"https:\/\/www.freiburg-schwarzwald.de\/blog\/essbares-rieselfeld-gardening\/\">https:\/\/www.freiburg-schwarzwald.de\/blog\/essbares-rieselfeld-gardening\/<\/a>\u00a0(12.4.2013)<\/li>\n<li><a href=\"https:\/\/www.freiburg-schwarzwald.de\/blog\/urbanes-gaertnern-in-freiburg\/\">https:\/\/www.freiburg-schwarzwald.de\/blog\/urbanes-gaertnern-in-freiburg\/<\/a>\u00a0(23.10.2012)<\/li>\n<li><a href=\"https:\/\/www.freiburg-schwarzwald.de\/blog\/freiburg-weder-ville-fleurie-colmar-noch-essbare-stadt-andernach\/\">https:\/\/www.freiburg-schwarzwald.de\/blog\/freiburg-weder-ville-fleurie-colmar-noch-essbare-stadt-andernach\/<\/a>\u00a0(4.8.2012)<\/li>\n<li><\/li>\n<li>Bilder<\/li>\n<li><a href=\"https:\/\/www.freiburg-schwarzwald.de\/blog\/urban-gardening-mit-beet2go-gemuse-in-behaltern-anbauen\/\">www.freiburg-schwarzwald.de\/blog\/urban-gardening-mit-beet2go-gemuse-in-behaltern-anbauen\/<\/a><\/li>\n<li><a href=\"https:\/\/www.freiburg-schwarzwald.de\/blog\/natur\/flora\/hanf\/\">Hanf<\/a><\/li>\n<li><a title=\"Freiburg-packt-an\" href=\"https:\/\/www.freiburg-schwarzwald.de\/blog\/regio\/freiburg\/freiburg-packt-an\/\">Kraut und R\u00fcben &#8211; urbanes G\u00e4rtnern in Freiburg <\/a>&gt;Freiburg-packt-an<\/li>\n<li><a title=\"Haeuslemeierhof\" href=\"https:\/\/www.freiburg-schwarzwald.de\/blog\/bauernhof\/haeuslemeierhof\/\">Permakultur Dreisamtal am H\u00e4usleierhof<\/a><\/li>\n<li><a href=\"https:\/\/www.freiburg-schwarzwald.de\/blog\/natur\/landwirt\/solawi\/\">Solawi<\/a><\/li>\n<li>Urban Gardening &#8211; Urbane Landwirtschaft<\/li>\n<li>UANB &#8211; Urban AgriCulture Netz Basel<\/li>\n<li>Urban Gardening in Freiburg<\/li>\n<li>GartenCoop Tunsel &#8211; siehe <a title=\"Permakultur\" href=\"https:\/\/www.freiburg-schwarzwald.de\/blog\/natur\/landwirt\/permakultur\/\">Permakultur<\/a><\/li>\n<\/ul>\n<p>&nbsp;<\/p>\n<p>&nbsp;<\/p>\n<p><strong>Bilder<\/strong><\/p>\n<p><a href=\"https:\/\/www.freiburg-schwarzwald.de\/blog\/natur\/landwirt\/urban-gardening\/haslach-urbangaertnern130518\/\" rel=\"attachment wp-att-30562\"><img loading=\"lazy\" decoding=\"async\" class=\"alignnone size-thumbnail wp-image-30562\" title=\"haslach-urbangaertnern130518\" src=\"https:\/\/www.freiburg-schwarzwald.de\/blog\/wp-content\/uploads\/2012\/07\/haslach-urbangaertnern130518-180x135.jpg\" alt=\"\" width=\"180\" height=\"135\" srcset=\"https:\/\/www.freiburg-schwarzwald.de\/blog\/wp-content\/uploads\/2012\/07\/haslach-urbangaertnern130518-180x135.jpg 180w, https:\/\/www.freiburg-schwarzwald.de\/blog\/wp-content\/uploads\/2012\/07\/haslach-urbangaertnern130518.jpg 640w\" sizes=\"auto, (max-width: 180px) 100vw, 180px\" \/><\/a>\u00a0\u00a0\u00a0\u00a0\u00a0\u00a0\u00a0\u00a0 \u00a0\u00a0\u00a0 <a href=\"https:\/\/www.freiburg-schwarzwald.de\/blog\/natur\/landwirt\/urban-gardening\/stadttheater2garten130518\/\" rel=\"attachment wp-att-30564\"><img loading=\"lazy\" decoding=\"async\" class=\"alignnone size-thumbnail wp-image-30564\" title=\"stadttheater2garten130518\" src=\"https:\/\/www.freiburg-schwarzwald.de\/blog\/wp-content\/uploads\/2012\/07\/stadttheater2garten130518-135x180.jpg\" alt=\"\" width=\"135\" height=\"180\" srcset=\"https:\/\/www.freiburg-schwarzwald.de\/blog\/wp-content\/uploads\/2012\/07\/stadttheater2garten130518-135x180.jpg 135w, https:\/\/www.freiburg-schwarzwald.de\/blog\/wp-content\/uploads\/2012\/07\/stadttheater2garten130518.jpg 480w\" sizes=\"auto, (max-width: 135px) 100vw, 135px\" \/><\/a>\u00a0\u00a0\u00a0\u00a0\u00a0\u00a0\u00a0\u00a0\u00a0\u00a0 \u00a0\u00a0\u00a0\u00a0 <a href=\"https:\/\/www.freiburg-schwarzwald.de\/blog\/natur\/landwirt\/urban-gardening\/stadttheater1garten130518\/\" rel=\"attachment wp-att-30563\"><img loading=\"lazy\" decoding=\"async\" class=\"alignnone size-thumbnail wp-image-30563\" title=\"stadttheater1garten130518\" src=\"https:\/\/www.freiburg-schwarzwald.de\/blog\/wp-content\/uploads\/2012\/07\/stadttheater1garten130518-135x180.jpg\" alt=\"\" width=\"135\" height=\"180\" srcset=\"https:\/\/www.freiburg-schwarzwald.de\/blog\/wp-content\/uploads\/2012\/07\/stadttheater1garten130518-135x180.jpg 135w, https:\/\/www.freiburg-schwarzwald.de\/blog\/wp-content\/uploads\/2012\/07\/stadttheater1garten130518.jpg 480w\" sizes=\"auto, (max-width: 135px) 100vw, 135px\" \/><\/a><br \/>\n(1) Haslach g\u00e4rtnert 18.5.2013\u00a0\u00a0\u00a0\u00a0\u00a0\u00a0\u00a0\u00a0\u00a0\u00a0\u00a0\u00a0\u00a0\u00a0\u00a0\u00a0 (2) Uni-Bibliothek Neubau\u00a0\u00a0\u00a0\u00a0\u00a0\u00a0\u00a0\u00a0\u00a0\u00a0\u00a0\u00a0\u00a0 (3) Urban Gardening Stadttheater<\/p>\n<p><a href=\"https:\/\/www.freiburg-schwarzwald.de\/blog\/natur\/landwirt\/urban-gardening\/stadttheater3garten130518\/\" rel=\"attachment wp-att-30565\"><img loading=\"lazy\" decoding=\"async\" class=\"alignnone size-thumbnail wp-image-30565\" title=\"stadttheater3garten130518\" src=\"https:\/\/www.freiburg-schwarzwald.de\/blog\/wp-content\/uploads\/2012\/07\/stadttheater3garten130518-180x135.jpg\" alt=\"\" width=\"180\" height=\"135\" srcset=\"https:\/\/www.freiburg-schwarzwald.de\/blog\/wp-content\/uploads\/2012\/07\/stadttheater3garten130518-180x135.jpg 180w, https:\/\/www.freiburg-schwarzwald.de\/blog\/wp-content\/uploads\/2012\/07\/stadttheater3garten130518.jpg 640w\" sizes=\"auto, (max-width: 180px) 100vw, 180px\" \/><\/a><br \/>\n(4) Stadttheater 18.5.2013<\/p>\n<p>(1) Urbanes G\u00e4rtnern in der Brandel-Anlage in Haslach. &#8222;Haslach g\u00e4rtnert&#8220;, \u00a0<a href=\"mailto:haslachgaertnert@web.de\">haslachgaertnert@web.de<\/a><br \/>\n(2) &#8211; (4) Urbanes G\u00e4rtnern am Stadttheater. Terrassenbeete.<\/p>\n<p>&nbsp;<\/p>\n<p><strong>Film &#8222;SEHNSUCHT nach EDEN&#8220; : Urban Gardening &#8211; Solidarische Landwirtschaft<\/strong><br \/>\nPassend zu den aktuellen Anstregungen zur Klimaanpassung, St\u00e4dte wieder mehr zu begr\u00fcnen und die Regionalit\u00e4t der Lebensmittelerzeugung zu erh\u00f6hen, wird der Dokumentar-Film \u201eSEHNSUCHT nach EDEN: Ein agrikultureller Streifzug durch Freiburg und seine Umgebung&#8220; von Bodo Kaiser und Niels Kaiser (Freiburg i.Br., 2017, 79 min) gezeigt:<br \/>\nDonnerstag 20. November 2025 um 19:00 Uhr in der Universit\u00e4t Freiburg i.Br., KG 1, Stadtmitte, Platz der Universit\u00e4t, H\u00f6rsaal 1098.<br \/>\nDieser Auff\u00fchrung beim Samstags-Forum Regio Freiburg folgt ein Filmgespr\u00e4ch mit den Autoren und G\u00e4sten mit Blick auf das Heute und Morgen von Urban Gardening, Begr\u00fcnung, Klimaanpassung und solidarischer Landwirtschaft, moderiert von Dr. Georg L\u00f6ser, Leiter des Forums. Veranstalter sind ECOtrinova e.V. und ideelle Mittr\u00e4gervereinigungen. Der Eintritt ist frei.<br \/>\nWarum diese Auff\u00fchrung?<br \/>\nDer von Niels Kaiser musikalisch begleitete Film will mit den Stimmen Dutzender Aktiver beim Urban Gardening und bei der solidarischen Landwirtschaft in und um Freiburg anderen, auch gerade jungen Menschen in und au\u00dferhalb von Vereinigungen, auch der Klimaschutzbewegung, die wertvollen Erfahrungen, manchmal schwierigen Anf\u00e4nge, und viele Vorbilder zum Machen und Mitmachen nahebringen. Der Film passt gut zu aktuellen Anstrengungen in Freiburg und Region zur Klimaanpassung, St\u00e4dte und D\u00f6rfer wieder mehr zu begr\u00fcnen und dazu, die Regionalit\u00e4t der Lebensmittelerzeugung zu erh\u00f6hen.<\/p>\n<p>Der Film ist Teil der neuen Reihe Umweltfilme-1 beim Samstags-Forum Regio Freiburg.<br \/>\nHerausgeber der Mitteilung und Medienkontakt: <a href=\"https:\/\/www.freiburg-schwarzwald.de\/blog\/natur\/umwelt\/ecotrinova\/\">ECOtrinova e.V.<\/a>, Dr. Georg L\u00f6ser bei ECOtrinova e.V., VR Freiburg i.Br. www.ecotrinova.de ecotrinova@web.de &#8211; Dr. Georg L\u00f6ser, ECOtrinova e.V., gemeinn\u00fctziger Verein, Freiburg i.Br., Vorsitzender, Post: Weiherweg 4 B, D-79194 Gundelfingen<br \/>\n13.11.2025<\/p>\n<p>&nbsp;<\/p>\n<p><strong>Urban Gardening &#8211; Urbane Landwirtschaft<\/strong><\/p>\n<p>In den Notzeiten nach dem Zweiten Weltkrieg, in denen Lebensmittel knapp waren, haben Stadtbewohner\u00a0\u00f6ffentliche Gr\u00fcnfl\u00e4chen in gemeinschaftliche Gem\u00fcseg\u00e4rten verwandelt. Heute verwandeln vor allem junge St\u00e4dter Freifl\u00e4chen in G\u00e4rten \u2013 ganz ohne Not, einfach aus Lust. Raus aus dem B\u00fcro, rein in den Garten &#8211; das ist die neue gr\u00fcne Bewegung.\u00a0<!-- RSPEAK_STOP --><br \/>\nNeue Formen urbaner Landwirtschaft entstehen unter den verschiedenen Namen: Urban Gardening (Englisch, das ist chic),\u00a0Interkulturelle G\u00e4rten, Community Gardens, City Farms, Nachbarschaftsg\u00e4rten, Kinderbauernh\u00f6fe, Guerilla Gardening, Urban Gardening, Local Food.<br \/>\nDie Ziele des\u00a0Landwirtschaftens und G\u00e4rtnern sind vielf\u00e4ltig: St\u00e4dtische Naturerfahrung,\u00a0Selbermachen, Begegnung und Gemeinschaft, Nutzen von\u00a0Brachland, Entm\u00fcllen, Praktische Lernorte,\u00a0Kinderg\u00e4rtnern, Nahr\u00e4umliche Lebensqualit\u00e4t, Integration der\u00a0Kulturen, st\u00e4dtisches Zusammenleben<br \/>\nUrban\u00a0Gardening f\u00f6rdert eine \u00f6kologisch und sozial vertr\u00e4gliche\u00a0Wirtschaft und Gesellschaft.<br \/>\nMichelle Obama macht es, ihr Gatte auch. Die First Lady hat einen Garten am Wei\u00dfen Haus angelegt, es gibt Bienenst\u00f6cke. Der US-Pr\u00e4sident macht sein eigenes Bier mit dem hauseigenen Bienenhonig. Urban Gardening, Do-it-yourself, die Mitmach-Revolution: Selbermachen ist nicht nur eine Attit\u00fcde. In FabLabs, Hackerspaces oder Repair-Caf\u00e9s ver\u00e4ndert sich ein Teil der \u00d6konomie: Klassische Konsumenten wachsen zu Prosumenten, die mitgestalten und mitproduzieren. Unternehmen \u00fcberlassen ihnen einen Teil der Wertsch\u00f6pfungskette und stellen fest, dass gro\u00dfe Fertigungstiefe ihnen hilft, flexibel auf individuelle Kundenw\u00fcnsche einzugehen. Kommen neue Technologien wie 3D-Drucker hinzu, kann sich das Verh\u00e4ltnis zwischen Konsumenten und Produzenten noch weiter verschieben &#8211; sowohl zur einen, wie zur anderen Seite. Wenn jetzt noch Ressourcenschonung und nachhaltige Entwicklung in den Fokus der Selbermacher r\u00fccken, &#8230; ach, das tun sie schon?<\/p>\n<div><strong><strong>Links<\/strong><\/strong><a href=\"https:\/\/www.urbanacker.net\/\">https:\/\/www.urbanacker.net\/<\/a><br \/>\n<a href=\"https:\/\/www.agropolis-muenchen.de\/\">https:\/\/www.agropolis-muenchen.de\/<\/a><br \/>\n<a href=\"https:\/\/www.mundraub.org\/\">https:\/\/www.mundraub.org\/<\/a><br \/>\n<a href=\"https:\/\/www.anstiftung-ertomis.de\/opencms\/opencms\">https:\/\/www.anstiftung-ertomis.de\/opencms\/opencms<\/a><\/div>\n<div><a href=\"https:\/\/www.gartencoop.org\/freiburg\/\">https:\/\/www.gartencoop.org\/freiburg\/<\/a><br \/>\n<a href=\"https:\/\/www.luzernenhof.de\/\">https:\/\/www.luzernenhof.de\/<\/a><br \/>\n<a href=\"https:\/\/ttfreiburg.de\/\">https:\/\/ttfreiburg.de\/<\/a><\/div>\n<div>\u00a0\u00a0 .<\/div>\n<div><\/div>\n<div><\/div>\n<p><strong>UANB &#8211; Urban AgriCulture Netz Basel <\/strong><\/p>\n<p>Als gemeinn\u00fctziger Verein f\u00f6rdert das Urban AgriCulture Netz Basel die Erzeugung von Lebensmitteln, Kr\u00e4utern, Blumen, Nutz- und Medizinalpflanzen durch die in der Stadt Basel und der Agglomeration lebenden Menschen. Dabei sieht sich der Verein den Zielen der lokalen, sozialen und \u00f6kologischen Nachhaltigkeit verpflichtet \u2013 zum Erhalt von Natur, Biodiversit\u00e4t und Menschen hier und anderswo. Der Verein Urban AgriCulture Netz Basel versteht sich als Netz von Personen und Organisationen, die im Rahmen seines Zweckes aktiv (oder passiv f\u00f6rdernd) t\u00e4tig sein wollen und sich dabei an den Prinzipien der Nachhaltigkeit auf Basis des \u201eBrundtlandt-Berichtes\u201c und den davon ausgehenden Ausf\u00fchrungen orientieren. Von seinen Mitgliedern erwartet er, dass sie sich bei der Erzeugung von Lebensmitteln an den Richtlinien von BioSuisse orientieren\u00a0<a href=\"https:\/\/www.bio-suisse.ch\">www.bio-suisse.ch<\/a>.\u00a0 .<br \/>\n<a href=\"https:\/\/www.urbanagriculturebasel.ch\/\">https:\/\/www.urbanagriculturebasel.ch\/<\/a><\/p>\n<p>&nbsp;<\/p>\n<p><strong>Guerilla Gardening\u00a0\u00a0in Freiburg<br \/>\n<\/strong><br \/>\nWarum junge Leute in Nacht-und-Nebelaktionen \u00f6ffentliche Pl\u00e4tze bepflanzen und Unkraut j\u00e4ten. Die Stadt Freiburg legt zwar sehr viel Wert darauf, besonders \u00f6kologisch, gr\u00fcn und Bl\u00fcmchen-freundlich zu sein \u2013 aber es gibt auch hier Orte in der Stadt, die nicht gerade das Herz eines jeden G\u00e4rtners h\u00f6her schlagen lassen. Die B\u00e4ume an den Fahrradst\u00e4ndern vor dem Martinstor zum Beispiel. Da stehen zwar B\u00e4ume, aber an deren St\u00e4mmen sprie\u00dft Unkraut und sonst auch nicht besonders viel. Manch einem wird das auffallen auf dem Weg zur Uni. Deshalb kauft man trotzdem nicht gleich Bl\u00fcmchen und pflanzt sie dort ein. Aber warum eigentlich nicht?<br \/>\n17.4.2012, mehr auf\u00a0<a href=\"https:\/\/www.echo-fm.uni-freiburg.de\/archiv\/mp3\/170412-guerilla.mp3\/archive_view\">https:\/\/www.echo-fm.uni-freiburg.de\/archiv\/mp3\/170412-guerilla.mp3\/archive_view<\/a><\/p>\n<p><strong>Guerilla Gardening &#8211; von New York ausgehend<\/strong><br \/>\nDen Begriff &#8222;Guerilla Gardener&#8220; nahm eine kleine New Yorker Gruppe f\u00fcr sich in Anspruch, die illegal auf verlassenen Grundst\u00fccken g\u00e4rtnerte. Auch in London und Berlin bildeten sich in den 1980er und 90er Jahren Gruppen, die heimliches Pflanzen als Form politischen Protests und zur Stadtversch\u00f6nerung entdeckten. Eine weltweite Bewegung wurde das Guerillag\u00e4rtnern 2000 \u2013 mit dem Blog <a title=\"\" href=\"https:\/\/www.guerrillagardening.org\/\" target=\"_blank\" rel=\"noopener\">https:\/\/www.guerrillagardening.org<\/a>. &#8222;Essbare St\u00e4dte&#8220; sind eine der vielen Arten des Guerilla Gardening, die sich zum urbanen G\u00e4rtnern weiterentwickelt haben.<\/p>\n<p>&nbsp;<\/p>\n<p><strong>Andernach am Rhein &#8211; Essbare Stadt<\/strong><\/p>\n<p>Andernach nimmt 2012 am Wettbewerb &#8222;Entente Florale&#8220; teil, u.a. mit folgenden\u00a0Projekten:<\/p>\n<ul>\n<li>Nachdem 2010 die Anpflanzung von 101 Tomatensorten auf die Biodiversit\u00e4t im Bereich der Nutzpflanzen hingewiesen hatte, konnte dies 2011 mit Pflanzung von Bohnen fortgesetzt werden. 2012 wiederum soll die Zwiebel im Mittelpunkt stehen. Hierf\u00fcr werden sowohl Beete mit Nutzpflanzen angelegt; es wurden bereits auch Tausende von Zwiebeln von Zierpflanzen gesetzt, so dass Andernach noch vielf\u00e4ltiger und sch\u00f6ner aufbl\u00fchen wird.<\/li>\n<li>Mit der Umgestaltung der kostenaufw\u00e4ndigen Wechselbeete in nachhaltige Staudenbeete wird die \u00f6kologische und \u00f6konomische Umgestaltung der Gr\u00fcnanlagen fortgesetzt. W\u00e4hrend in den Rheinanlagen kleinfl\u00e4chige Wechselbeete erhalten bleiben, werden Wechselbeete in der Stadt und Stadtteilen in abwechslungsreiche, vielgestaltige und \u00e4sthetisch anspruchsvolle Fl\u00e4chenpflanzungen umgewandelt. Hierbei stehen vor allem die beiden Kreisel \u201eAm Wasserturm\u201c und \u201eJohannesplatz\u201c im Mittelpunkt.<\/li>\n<li>Das Konzept der \u201eEssbaren Stadt\u201c wird weiter umgesetzt. Im Bereich des Stadtgrabens wurde eine Vielzahl essbarer und \u00e4sthetisch ansprechender Geh\u00f6lze gepflanzt. Dies reicht von Mandeln, Pfirsich bis zu Mispeln und Birnenspalieren. Dabei gilt es, auch in der Stadt als \u201eLebens-\u201emittelpunkt wieder \u201eLebens\u201c-mittel erlebbar zu machen. Zudem ist es Ziel, st\u00e4dtische Fl\u00e4chen multifunktional zu gestalten, so dass auch ein Nutzaspekt anvisiert wird. Auch soll die st\u00e4dtische Bev\u00f6lkerung hierdurch mehr f\u00fcr das \u00f6ffentliche Gr\u00fcn sensibilisiert werden und gegebenenfalls auch in die Nutzung und Pflege eingebunden werden.<\/li>\n<li>Im Bereich der Grundschulen sind Schulg\u00e4rten entstanden. Zudem ist in Miesenheim ein naturnaher Erlebnisspielplatz entstanden. Zusammen mit dem fahrbaren Schulgarten sind diese Projekte von entscheidender Bedeutung, um die Ideen der Nachhaltigkeit zu vermitteln.<\/li>\n<\/ul>\n<p>4.8-2012, Stadt Andernach, <a href=\"https:\/\/www.andernach.de\/de\/leben_in_andernach\/aktuelles1_leben.html\">https:\/\/www.andernach.de\/de\/leben_in_andernach\/aktuelles1_leben.html<\/a><\/p>\n<p><strong>Andernach: Kontrollierte biologische Landwirtschaft statt &#8222;Guerilla-G\u00e4rtner&#8220;<\/strong><br \/>\nIn einer Zeit, in der in Deutschland viele Gro\u00dfst\u00e4dter den &#8222;Guerilla-G\u00e4rtner&#8220; in sich entdecken und in ihrem Kiez Brachen in Eigenregie bepflanzen oder Naturliebhaber von inniger Landlust gepackt am liebsten jedes Wochenende hinaus ins Gr\u00fcne karren, verfolgt Andernach einen anderen Plan \u2013 und f\u00f6rdert die kontrollierte, biologische Landwirtschaft in der Stadt. Professionelle G\u00e4rtner bekommen Hilfe von B\u00fcrgerarbeitern, von denen viele lange Zeit ohne Job waren. Gemeinsam verwandeln sie einst ungeliebte Ecken der Stadt in einen Garten, in dem alle B\u00fcrger Bio-Qualit\u00e4t zum Nulltarif bekommen k\u00f6nnen. Andernach nennt sich selbst &#8222;die erste essbare Stadt Deutschlands&#8220;. Rund 10 000 Quadratmeter der st\u00e4dtischen Gr\u00fcnfl\u00e4chen sind inzwischen mit Obst und Gem\u00fcse bepflanzt. &#8230;.<br \/>\nAlles vom 4.8.2012 bitte lesen auf<br \/>\n<a href=\"https:\/\/www.badische-zeitung.de\/panorama\/in-andernach-koennen-buerger-gratis-obst-und-gemuese-ernten--62382402.html\">https:\/\/www.badische-zeitung.de\/panorama\/in-andernach-koennen-buerger-gratis-obst-und-gemuese-ernten&#8211;62382402.html<\/a><\/p>\n<p>&nbsp;<\/p>\n<p><strong>Urban Gardening in Freiburg<\/strong><\/p>\n<p>Koordinierungsstelle f\u00fcr Urbanes G\u00e4rtnern &#8211; B\u00fcrgeraktionen beim Garten- und Tiefbauamt,<br \/>\nTel\u00a00761\/201-4712,\u00a0 <a title=\"\" href=\"mailto:fpa@stadt.freiburg.de\" target=\"_blank\" rel=\"noopener\">fpa@stadt.freiburg.de<\/a>,\u00a0 <a title=\"\" href=\"https:\/\/www.freiburg.de\/\" target=\"_blank\" rel=\"noopener\">https:\/\/www.freiburg.de<\/a><\/p>\n<p><a href=\"https:\/\/www.oekostation.de\">www.oekostation.de<\/a><br \/>\n<a href=\"https:\/\/ttfreiburg.de\/tag\/urbanes-gartnern\/\">https:\/\/ttfreiburg.de\/tag\/urbanes-gartnern\/<\/a><br \/>\n<a href=\"https:\/\/ttfreiburg.de\/blog\/blogs-der-themengruppe\/guerilla-gardening\/\">https:\/\/ttfreiburg.de\/blog\/blogs-der-themengruppe\/guerilla-gardening\/<\/a><br \/>\n<a href=\"https:\/\/www.transition-initiativen.de\">www.transition-initiativen.de<\/a><br \/>\n<a href=\"https:\/\/www.lebensdorf.net\">www.lebensdorf.net<\/a><\/p>\n<p>Beet2Go in Freiburg<br \/>\nRoland K\u00e4lble, Todtnauer Str. 2, 79115 Freiburg, Tel 0761 \/ 47 666 28<br \/>\n0172 \/ 89 02 678, <a href=\"mailto:ernte@beet2go.de\">ernte@beet2go.de<\/a><br \/>\n<a href=\"https:\/\/www.beet2go.de\">www.beet2go.de<\/a><\/p>\n","protected":false},"excerpt":{"rendered":"<p>Home &gt;Natur &gt;Landwirtschaft\u00a0&gt;Garten &gt;Urban-Gardening Listenauswahl eines Beitrags (Artikel\/Datum, Seite\/Inhalt): Klicken oder scrollen Film &#8222;SEHNSUCHT nach EDEN&#8220; : Urban Gardening &#8211; Solidarische Landwirtschaft (13.11.2025) Hanfanbau und Cannabis\u00a0\u2013 neu (31.12.2021) https:\/\/www.freiburg-schwarzwald.de\/blog\/garten-und-landschaftsschutz\/\u00a0(28.8.2019) G\u00e4rtner f\u00fcrchten am Hirzberg um ihre Kleing\u00e4rten, da das Areal im &hellip; <a href=\"https:\/\/www.freiburg-schwarzwald.de\/blog\/natur\/landwirt\/urban-gardening\/\">Weiterlesen <span class=\"meta-nav\">&rarr;<\/span><\/a><\/p>\n","protected":false},"author":2,"featured_media":0,"parent":1014,"menu_order":0,"comment_status":"open","ping_status":"closed","template":"","meta":{"footnotes":""},"class_list":["post-6140","page","type-page","status-publish","hentry"],"_links":{"self":[{"href":"https:\/\/www.freiburg-schwarzwald.de\/blog\/wp-json\/wp\/v2\/pages\/6140","targetHints":{"allow":["GET"]}}],"collection":[{"href":"https:\/\/www.freiburg-schwarzwald.de\/blog\/wp-json\/wp\/v2\/pages"}],"about":[{"href":"https:\/\/www.freiburg-schwarzwald.de\/blog\/wp-json\/wp\/v2\/types\/page"}],"author":[{"embeddable":true,"href":"https:\/\/www.freiburg-schwarzwald.de\/blog\/wp-json\/wp\/v2\/users\/2"}],"replies":[{"embeddable":true,"href":"https:\/\/www.freiburg-schwarzwald.de\/blog\/wp-json\/wp\/v2\/comments?post=6140"}],"version-history":[{"count":4,"href":"https:\/\/www.freiburg-schwarzwald.de\/blog\/wp-json\/wp\/v2\/pages\/6140\/revisions"}],"predecessor-version":[{"id":141484,"href":"https:\/\/www.freiburg-schwarzwald.de\/blog\/wp-json\/wp\/v2\/pages\/6140\/revisions\/141484"}],"up":[{"embeddable":true,"href":"https:\/\/www.freiburg-schwarzwald.de\/blog\/wp-json\/wp\/v2\/pages\/1014"}],"wp:attachment":[{"href":"https:\/\/www.freiburg-schwarzwald.de\/blog\/wp-json\/wp\/v2\/media?parent=6140"}],"curies":[{"name":"wp","href":"https:\/\/api.w.org\/{rel}","templated":true}]}}