{"id":61369,"date":"2016-06-25T21:34:07","date_gmt":"2016-06-25T19:34:07","guid":{"rendered":"https:\/\/www.freiburg-schwarzwald.de\/blog\/?page_id=61369"},"modified":"2025-08-22T10:03:07","modified_gmt":"2025-08-22T08:03:07","slug":"shitstorm","status":"publish","type":"page","link":"https:\/\/www.freiburg-schwarzwald.de\/blog\/kultur\/internet\/shitstorm\/","title":{"rendered":"Shitstorm"},"content":{"rendered":"<p>Home &gt;<a title=\"Kultur\" href=\"https:\/\/www.freiburg-schwarzwald.de\/blog\/kultur\/\">Kultur<\/a>\u00a0&gt;<a title=\"Soziales\" href=\"https:\/\/www.freiburg-schwarzwald.de\/blog\/soziales\/\">Soziales<\/a> &gt;<a title=\"Medien\" href=\"https:\/\/www.freiburg-schwarzwald.de\/blog\/kultur\/medien\/\">Medien<\/a> &gt;<a title=\"Internet\" href=\"https:\/\/www.freiburg-schwarzwald.de\/blog\/kultur\/internet\/\">Internet<\/a> &gt;Shitstorm<\/p>\n<div id=\"attachment_60722\" style=\"width: 647px\" class=\"wp-caption alignnone\"><a href=\"https:\/\/www.freiburg-schwarzwald.de\/blog\/global\/integration\/fluechtlinge-islam\/strand2kreuzfahrt-pan160503\/\" rel=\"attachment wp-att-60722\"><img loading=\"lazy\" decoding=\"async\" aria-describedby=\"caption-attachment-60722\" class=\"size-full wp-image-60722\" src=\"https:\/\/www.freiburg-schwarzwald.de\/blog\/wp-content\/uploads\/2016\/05\/strand2kreuzfahrt-pan160503.jpg\" alt=\"Kreuzfahrtschiff am Strand von Punta Sabioni bei Venedig am 4.5.2016\" width=\"637\" height=\"289\" srcset=\"https:\/\/www.freiburg-schwarzwald.de\/blog\/wp-content\/uploads\/2016\/05\/strand2kreuzfahrt-pan160503.jpg 637w, https:\/\/www.freiburg-schwarzwald.de\/blog\/wp-content\/uploads\/2016\/05\/strand2kreuzfahrt-pan160503-180x81.jpg 180w\" sizes=\"auto, (max-width: 637px) 100vw, 637px\" \/><\/a><p id=\"caption-attachment-60722\" class=\"wp-caption-text\">Kreuzfahrtschiff am Strand von Punta Sabioni bei Venedig am 4.5.2016<\/p><\/div>\n<p>&nbsp;<\/p>\n<ul>\n<li><em>Listenauswahl eines Beitrags (Artikel\/Datum, Seite\/Inhalt): <span style=\"text-decoration: underline;\">Klicken<\/span> oder scrollen<\/em><\/li>\n<li>Gegen die Leitkultur des Likens \u2013 Pl\u00e4doyer f\u00fcr das t\u00e4tige Engagement (20.8.2025)<\/li>\n<li><a href=\"https:\/\/www.freiburg-schwarzwald.de\/blog\/impfkritiker-arvay-suizid\/\">Impfkritiker Arvay \u2013 Suizid<\/a>\u00a0(24.2.2023)<\/li>\n<li><a href=\"https:\/\/www.freiburg-schwarzwald.de\/blog\/ichhabemitgemacht-2020-2022\/\">IchHabeMitgemacht2020-2022<\/a>\u00a0(11.4.2022)<\/li>\n<li><a href=\"https:\/\/www.freiburg-schwarzwald.de\/blog\/jos-fritz-maske-auf-nazis-raus\/\">Jos Fritz: Maske auf, Nazis raus<\/a>\u00a0(24.12.2021)<\/li>\n<li><a href=\"https:\/\/www.freiburg-schwarzwald.de\/blog\/selbsthilfe\/soziales\/wohlfahrt\/\">Der Wohlfahrtsstaat ist eine tragische Figur<\/a> (8.6.2021)<\/li>\n<li><a href=\"https:\/\/www.freiburg-schwarzwald.de\/blog\/engagement\/zukunft\/demokratie\/freiheit\/freiheitsrechte\/\">Dritte Einsch\u00fcchterungswelle: Lockdown f\u00fcr Kritik<\/a>\u00a0(5.3.2021)<\/li>\n<li><a href=\"https:\/\/www.freiburg-schwarzwald.de\/blog\/kultur\/internet\/social-networking\/\">Bullshit als pandemisches, intellektuelles Virus<\/a>\u00a0(28.11.2020)<\/li>\n<li><a href=\"https:\/\/www.freiburg-schwarzwald.de\/blog\/mobbing-schulen-www-gewalt\/\">https:\/\/www.freiburg-schwarzwald.de\/blog\/mobbing-schulen-www-gewalt\/<\/a> (14.2.2014)<\/li>\n<li><\/li>\n<li><a href=\"https:\/\/www.freiburg-schwarzwald.de\/blog\/engagement\/zukunft\/demokratie\/freiheit\/freiheitsrechte\/\">Freiheitsrechte<\/a><\/li>\n<li><a href=\"https:\/\/www.freiburg-schwarzwald.de\/blog\/bildung\/philosophie\/meme\/\">Meme<\/a><\/li>\n<li><a title=\"Mobbing\" href=\"https:\/\/www.freiburg-schwarzwald.de\/blog\/selbsthilfe\/krise\/mobbing\/\">Mobbing<\/a><\/li>\n<\/ul>\n<p>&nbsp;<\/p>\n<p>&nbsp;<\/p>\n<p>Shamestorms sind Naturgewalten, DIE ZEIT vom 23.6.2016, Seite 52<br \/>\n============================================================<\/p>\n<p>&nbsp;<\/p>\n<p><strong>Gegen die Leitkultur des Likens \u2013 Pl\u00e4doyer f\u00fcr das t\u00e4tige Engagement<\/strong><br \/>\n<strong>Engagement: Liken als bequeme Zustimmung &#8211; Kritik als unbequemer Widerspruch<\/strong><br \/>\nEs gibt in unserer Zeit einen seltsamen Widerspruch: Die Welt ist voller Stimmen, voller Meinungen, voller Gesten des vermeintlichen Mitredens \u2013 und zugleich arm an echter Beteiligung.<br \/>\nWir sind Zeugen einer Epoche, in der das Engagement im gro\u00dfen wie im kleinen Ma\u00dfstab \u2013 das Handeln f\u00fcr etwas, das \u00fcber den eigenen Horizont hinausweist \u2013 nicht mehr K\u00fcr ist, sondern \u00dcberlebenspflicht. Ein Must-have in der Werkzeugkiste des wachen B\u00fcrgers, wenn er noch zu den Lebendigen z\u00e4hlen will.<br \/>\nWer heute denkt, denkt oft in der Defensive. Er ahnt, dass er mit jedem klar formulierten Satz in eine Welt spricht, die den entschiedenen Ton nicht mehr gewohnt ist. Die lieber filtert, liked, teilt \u2013 und damit das eigene Urteil im schaumigen Meer des Algorithmus ertr\u00e4nkt.<br \/>\nWir haben eine Leitkultur des Likens entwickelt, diese neue W\u00e4hrung der Zugeh\u00f6rigkeit, die vorgaukelt, man h\u00e4tte sich etwas zu eigen gemacht. In Wahrheit ist der Like oft nur das automatisierte Nicken, das stumme Mitschwimmen im warmen Becken der Best\u00e4tigung.<br \/>\nIch erinnere mich an einen Abend, an dem ein Bekannter stolz verk\u00fcndete, er habe \u201esich jetzt engagiert\u201c. Was war geschehen? Er hatte ein Bild geteilt, versehen mit einem emp\u00f6rten Satz \u2013 zwei Minuten Aufwand, null Risiko. Die Welt blieb, wie sie war.<br \/>\nDas ist die Haltung vieler: die Emp\u00f6rung als Pose, nicht als Handlung. Man liked nicht, um zu verstehen. Man liked, um gesehen zu werden. Ein Klick \u2013 und schon glaubt man, Anteil genommen zu haben, dabei hat man nur eine digitale Spur hinterlassen, die belegt: Ich war hier, ich stimme zu.<br \/>\nDoch Zustimmung ist noch keine Haltung. Haltung entsteht erst, wenn man riskiert, nicht zu gefallen. Wenn man bereit ist, den Beifall nicht nur zu verlieren, sondern in die Stille zu sprechen.<br \/>\nEchtes Engagement beginnt dort, wo man sich nicht mehr mit der bequemen Replik zufriedengibt. Wo man Fragen stellt, die keine Likes einbringen. Wo man sich nicht in der Pose des Betroffen-Seins ausruht, sondern den eigenen Fu\u00df in die T\u00fcr des Geschehens setzt \u2013 und stehen bleibt.<br \/>\nEngagement ist nicht die Dekoration einer Meinung, es ist ihr Muskel.<br \/>\nDas kann klein beginnen: Jemand widerspricht am Stammtisch, nicht laut, aber klar. Jemand meldet sich bei einer B\u00fcrgerversammlung zu Wort, obwohl er wei\u00df, dass der Saal gegen ihn ist. Jemand hilft einer Person, die gesellschaftlich l\u00e4ngst abgeschrieben scheint \u2013 nicht, weil es ihm Sympathiepunkte bringt, sondern weil es schlicht richtig ist.<br \/>\nDie gro\u00dfen und kleinen Formen des Handelns \u2013 vom offenen Wort am Esstisch bis zur beharrlichen Tat im \u00f6ffentlichen Raum \u2013 sind die letzten Bastionen derer, die noch selbst denken. Wer sie aufgibt, \u00fcberl\u00e4sst die B\u00fchne denen, die laut sind, nicht denen, die recht haben.<br \/>\nDie Portale der \u00f6ffentlichen Pose \u2013 Facebook, Instagram, X \u2013 sind in dieser Logik weniger Marktpl\u00e4tze der Ideen als Kultst\u00e4tten der Affirmation. Man applaudiert dem, was man ohnehin denkt, oder denkt, dass man es denkt. Und verwechselt das Gef\u00fchl der Zustimmung mit der Anstrengung des Verstehens.<br \/>\nDas ist kein Gespr\u00e4ch, das ist das digitale \u00c4quivalent des Spiegelblicks: Man betrachtet sich \u2013 und l\u00e4chelt.<br \/>\nManchmal stelle ich mir vor, wie ein Besucher aus einer anderen Zeit auf diese Kultur des st\u00e4ndigen Selbstabbildens blicken w\u00fcrde. Ein Zeitreisender aus dem Jahr 1850 etwa, der sieht, wie Millionen Menschen t\u00e4glich ihre Gesichter fotografieren, sie in die \u00d6ffentlichkeit stellen und warten, dass andere \u201ezustimmen\u201c. Er w\u00fcrde vielleicht fragen: Und das ver\u00e4ndert eure Welt?<br \/>\nUnd wir m\u00fcssten besch\u00e4mt zugeben: Nein.<br \/>\n&#8230;<br \/>\n&#8230; Alles vom 20.8.2025 von Markus Langemann bitte lesen auf<br \/>\n<a href=\"https:\/\/clubderklarenworte.de\/gegen-die-leitkultur-des-likens-plaedoyer-fuer-das-taetige-engagement\/\">https:\/\/clubderklarenworte.de\/gegen-die-leitkultur-des-likens-plaedoyer-fuer-das-taetige-engagement\/<\/a><\/p>\n<p>&nbsp;<\/p>\n","protected":false},"excerpt":{"rendered":"<p>Home &gt;Kultur\u00a0&gt;Soziales &gt;Medien &gt;Internet &gt;Shitstorm &nbsp; Listenauswahl eines Beitrags (Artikel\/Datum, Seite\/Inhalt): Klicken oder scrollen Gegen die Leitkultur des Likens \u2013 Pl\u00e4doyer f\u00fcr das t\u00e4tige Engagement (20.8.2025) Impfkritiker Arvay \u2013 Suizid\u00a0(24.2.2023) IchHabeMitgemacht2020-2022\u00a0(11.4.2022) Jos Fritz: Maske auf, Nazis raus\u00a0(24.12.2021) Der Wohlfahrtsstaat ist &hellip; <a href=\"https:\/\/www.freiburg-schwarzwald.de\/blog\/kultur\/internet\/shitstorm\/\">Weiterlesen <span class=\"meta-nav\">&rarr;<\/span><\/a><\/p>\n","protected":false},"author":2,"featured_media":0,"parent":2000,"menu_order":0,"comment_status":"open","ping_status":"closed","template":"","meta":{"footnotes":""},"class_list":["post-61369","page","type-page","status-publish","hentry"],"_links":{"self":[{"href":"https:\/\/www.freiburg-schwarzwald.de\/blog\/wp-json\/wp\/v2\/pages\/61369","targetHints":{"allow":["GET"]}}],"collection":[{"href":"https:\/\/www.freiburg-schwarzwald.de\/blog\/wp-json\/wp\/v2\/pages"}],"about":[{"href":"https:\/\/www.freiburg-schwarzwald.de\/blog\/wp-json\/wp\/v2\/types\/page"}],"author":[{"embeddable":true,"href":"https:\/\/www.freiburg-schwarzwald.de\/blog\/wp-json\/wp\/v2\/users\/2"}],"replies":[{"embeddable":true,"href":"https:\/\/www.freiburg-schwarzwald.de\/blog\/wp-json\/wp\/v2\/comments?post=61369"}],"version-history":[{"count":5,"href":"https:\/\/www.freiburg-schwarzwald.de\/blog\/wp-json\/wp\/v2\/pages\/61369\/revisions"}],"predecessor-version":[{"id":138141,"href":"https:\/\/www.freiburg-schwarzwald.de\/blog\/wp-json\/wp\/v2\/pages\/61369\/revisions\/138141"}],"up":[{"embeddable":true,"href":"https:\/\/www.freiburg-schwarzwald.de\/blog\/wp-json\/wp\/v2\/pages\/2000"}],"wp:attachment":[{"href":"https:\/\/www.freiburg-schwarzwald.de\/blog\/wp-json\/wp\/v2\/media?parent=61369"}],"curies":[{"name":"wp","href":"https:\/\/api.w.org\/{rel}","templated":true}]}}