{"id":59718,"date":"2016-03-03T13:49:40","date_gmt":"2016-03-03T12:49:40","guid":{"rendered":"https:\/\/www.freiburg-schwarzwald.de\/blog\/?page_id=59718"},"modified":"2022-01-13T16:29:39","modified_gmt":"2022-01-13T15:29:39","slug":"immobilienblase","status":"publish","type":"page","link":"https:\/\/www.freiburg-schwarzwald.de\/blog\/business\/dienste\/immobilien\/immobilienblase\/","title":{"rendered":"Immobilienblase"},"content":{"rendered":"<p>Home &gt;<a title=\"Soziales\" href=\"https:\/\/www.freiburg-schwarzwald.de\/blog\/selbsthilfe\/soziales\/\">Soziales<\/a> &gt;<a title=\"Dienste\" href=\"https:\/\/www.freiburg-schwarzwald.de\/blog\/business\/dienste\/\">Dienste<\/a> &gt;<a title=\"Immobilien\" href=\"https:\/\/www.freiburg-schwarzwald.de\/blog\/business\/dienste\/immobilien\/\">Immobilien<\/a> &gt;Immobilienblase<\/p>\n<div id=\"attachment_59300\" style=\"width: 649px\" class=\"wp-caption alignnone\"><a href=\"https:\/\/www.freiburg-schwarzwald.de\/blog\/kultur\/medien\/vorverurteilung\/muehhle-stpeter-pan160212\/\" rel=\"attachment wp-att-59300\"><img loading=\"lazy\" decoding=\"async\" aria-describedby=\"caption-attachment-59300\" class=\"size-full wp-image-59300\" src=\"https:\/\/www.freiburg-schwarzwald.de\/blog\/wp-content\/uploads\/2016\/02\/muehhle-stpeter-pan160212.jpg\" alt=\"Alte M\u00fchle mit S\u00e4ge bei St. Peter im Schwarzwald am 12.12.2016\" width=\"639\" height=\"314\" srcset=\"https:\/\/www.freiburg-schwarzwald.de\/blog\/wp-content\/uploads\/2016\/02\/muehhle-stpeter-pan160212.jpg 639w, https:\/\/www.freiburg-schwarzwald.de\/blog\/wp-content\/uploads\/2016\/02\/muehhle-stpeter-pan160212-180x88.jpg 180w\" sizes=\"auto, (max-width: 639px) 100vw, 639px\" \/><\/a><p id=\"caption-attachment-59300\" class=\"wp-caption-text\">Alte M\u00fchle mit S\u00e4ge bei St. Peter im Schwarzwald am 12.12.2016<\/p><\/div>\n<p>&nbsp;<\/p>\n<ul>\n<li><a href=\"https:\/\/www.freiburg-schwarzwald.de\/blog\/business\/dienste\/banken\/inflation\/\">Die B\u00e4ndigung der Geldflut<\/a>\u00a0(13.1.2022)<\/li>\n<li>Hans-Werner Sinn: Jede Blase platzt (3.3.2016)<\/li>\n<li><\/li>\n<li><a title=\"EU\" href=\"https:\/\/www.freiburg-schwarzwald.de\/blog\/global\/eu\/\">EU<\/a><\/li>\n<li><a title=\"EU-Banken\" href=\"https:\/\/www.freiburg-schwarzwald.de\/blog\/global\/eu\/eu-banken\/\">EU-Banken<\/a><\/li>\n<li><a href=\"https:\/\/www.freiburg-schwarzwald.de\/littenweiler\/finanz.htm\">Finanzberatung und -dienstleistungen<\/a> &gt;Finanz<\/li>\n<li><a href=\"https:\/\/www.freiburg-schwarzwald.de\/kapitalanlage.htm\">Geldanlage<\/a> &gt;Kapitalanlage<\/li>\n<li><a title=\"Getreidespekulation\" href=\"https:\/\/www.freiburg-schwarzwald.de\/blog\/natur\/ernaehrung\/getreidespekulation\/\">Getreidespekulation<\/a><\/li>\n<li><a href=\"https:\/\/www.freiburg-schwarzwald.de\/blog\/business\/dienste\/banken\/inflation\/\">Inflation<\/a><\/li>\n<li><a title=\"IWF\" href=\"https:\/\/www.freiburg-schwarzwald.de\/blog\/global\/finanzsystem\/iwf\/\">IWF<\/a><\/li>\n<li><a title=\"Steueroase\" href=\"https:\/\/www.freiburg-schwarzwald.de\/blog\/global\/finanzsystem\/steueroase\/\">Steueroase<\/a><\/li>\n<li><a title=\"Target\" href=\"https:\/\/www.freiburg-schwarzwald.de\/blog\/global\/eu\/target\/\">Target<\/a><\/li>\n<\/ul>\n<p>&nbsp;<\/p>\n<p><strong>Hans-Werner Sinn: Jede Blase platzt<\/strong><br \/>\nJede Blase platzt. Meistens passiert das nach etwa ein bis zwei Jahrzehnten. Die ersten zehn Jahre, von denen wir nun f\u00fcnf hinter uns haben, sind in der Regel ganz erbaulich. Aber danach begibt man sich in sehr gef\u00e4hrliches Territorium. Wenn eine Blase platzt, wird es schrecklich. Es gibt Konkurse, die Arbeitslosigkeit steigt, und Verm\u00f6gen wird vernichtet. Das ist der Kater, der nach der gro\u00dfen Party unweigerlich folgt. Wir haben das in Japan nach 1990, in den USA und Irland nach 2006 und in S\u00fcdeuropa nach 2008 gesehen. Vor dieser Gefahr muss man heute eindringlich warnen und eine andere Politik der EZB verlangen. &#8230;<br \/>\nAlles von Hans-Werner Sinn zu &#8222;Es ist Aufgabe der Kanzlerin, Staatsgebiet zu sch\u00fctzen&#8220; in DIE WELT vom 3.3.2016 bitte lesen auf<br \/>\n<a href=\"https:\/\/www.welt.de\/wirtschaft\/article152864656\/Es-ist-Aufgabe-der-Kanzlerin-Staatsgebiet-zu-schuetzen.html\">https:\/\/www.welt.de\/wirtschaft\/article152864656\/Es-ist-Aufgabe-der-Kanzlerin-Staatsgebiet-zu-schuetzen.html<\/a><\/p>\n<p><strong>Jede Blase platzt &#8211; auch die Immobilienblasse ab 2010<\/strong><br \/>\n&#8222;Jede&#8220; Blase platzt ist eine Aussage die sich durchaus auf historische Fakten gr\u00fcndet. Wenn Sie eine Blase in der Geschichte finden die NICHT geplatzt ist, dann lassen Sie uns davon wissen!! Und die Ingridenzien von Blasen sind Euphorie!! (die f\u00fchrt zur \u00dcberschuldung) und Panik (wenn es nicht so l\u00e4uft wie gedacht).<\/p>\n<p>1637: Am 7. Februar platzt die seit zirka 1634 andauernde Tulpenzwiebelspekulation in Holland.<br \/>\n1700: Die Dari\u00e9n-Gesellschaft kann nach Scheitern des Projekts ihre Anteile nicht mehr einl\u00f6sen.<br \/>\n1720: Spekulation mit den Anteilscheinen der Mississippi-Kompanie in Frankreich<br \/>\n1720: Spekulation mit den Anteilscheinen der South Sea Company in England (S\u00fcdseeblase, South Sea Bubble)<br \/>\n1873: Eisenbahnspekulation in Nordamerika<br \/>\n1873: Am 9. Mai (Schwarzer Freitag) platzt die Blase der deutschen Gr\u00fcnderzeit: Gr\u00fcnderkrise.<br \/>\n1929: Am 24. Oktober (Schwarzer Donnerstag, engl. \u201eBlack Thursday\u201c).<br \/>\n1970er: Blase am Silbermarkt durch Silberspekulation der texanischen Gebr\u00fcder Hunt<br \/>\n1990: Die Aktien- und Immobilienblase der 1980er Jahre in Japan platzt<br \/>\n2000: Mitte M\u00e4rz kulminiert die Spekulation mit Aktien der Internet- und Telekommunikationsbranche (Dotcom-Blase). In den drei Jahren darauf (also bis M\u00e4rz 2003) brechen viele der Kurse um \u00fcber 90 Prozent ein.<br \/>\n2007: Die Immobilienblase in den Vereinigten Staaten platzt. Diese sogenannte Subprime-Krise l\u00f6st in einer Kettenreaktion eine Bankenkrise in den USA aus, der die Finanzkrise ab 2007 in den meisten Industrienationen folgt.<br \/>\n2016\/17\/18 ???<br \/>\n3.3.2016, White, WO<\/p>\n","protected":false},"excerpt":{"rendered":"<p>Home &gt;Soziales &gt;Dienste &gt;Immobilien &gt;Immobilienblase &nbsp; Die B\u00e4ndigung der Geldflut\u00a0(13.1.2022) Hans-Werner Sinn: Jede Blase platzt (3.3.2016) EU EU-Banken Finanzberatung und -dienstleistungen &gt;Finanz Geldanlage &gt;Kapitalanlage Getreidespekulation Inflation IWF Steueroase Target &nbsp; Hans-Werner Sinn: Jede Blase platzt Jede Blase platzt. Meistens passiert &hellip; <a href=\"https:\/\/www.freiburg-schwarzwald.de\/blog\/business\/dienste\/immobilien\/immobilienblase\/\">Weiterlesen <span class=\"meta-nav\">&rarr;<\/span><\/a><\/p>\n","protected":false},"author":2,"featured_media":0,"parent":957,"menu_order":0,"comment_status":"open","ping_status":"closed","template":"","meta":{"footnotes":""},"class_list":["post-59718","page","type-page","status-publish","hentry"],"_links":{"self":[{"href":"https:\/\/www.freiburg-schwarzwald.de\/blog\/wp-json\/wp\/v2\/pages\/59718","targetHints":{"allow":["GET"]}}],"collection":[{"href":"https:\/\/www.freiburg-schwarzwald.de\/blog\/wp-json\/wp\/v2\/pages"}],"about":[{"href":"https:\/\/www.freiburg-schwarzwald.de\/blog\/wp-json\/wp\/v2\/types\/page"}],"author":[{"embeddable":true,"href":"https:\/\/www.freiburg-schwarzwald.de\/blog\/wp-json\/wp\/v2\/users\/2"}],"replies":[{"embeddable":true,"href":"https:\/\/www.freiburg-schwarzwald.de\/blog\/wp-json\/wp\/v2\/comments?post=59718"}],"version-history":[{"count":1,"href":"https:\/\/www.freiburg-schwarzwald.de\/blog\/wp-json\/wp\/v2\/pages\/59718\/revisions"}],"predecessor-version":[{"id":97448,"href":"https:\/\/www.freiburg-schwarzwald.de\/blog\/wp-json\/wp\/v2\/pages\/59718\/revisions\/97448"}],"up":[{"embeddable":true,"href":"https:\/\/www.freiburg-schwarzwald.de\/blog\/wp-json\/wp\/v2\/pages\/957"}],"wp:attachment":[{"href":"https:\/\/www.freiburg-schwarzwald.de\/blog\/wp-json\/wp\/v2\/media?parent=59718"}],"curies":[{"name":"wp","href":"https:\/\/api.w.org\/{rel}","templated":true}]}}