{"id":59623,"date":"2016-02-26T21:32:58","date_gmt":"2016-02-26T20:32:58","guid":{"rendered":"https:\/\/www.freiburg-schwarzwald.de\/blog\/?page_id=59623"},"modified":"2026-02-20T14:31:53","modified_gmt":"2026-02-20T13:31:53","slug":"laizismus","status":"publish","type":"page","link":"https:\/\/www.freiburg-schwarzwald.de\/blog\/engagement\/zukunft\/demokratie\/laizismus\/","title":{"rendered":"Laizismus"},"content":{"rendered":"<p><a href=\"https:\/\/freiburg-schwarzwald.de\/blog\">Home<\/a> &gt;<a title=\"Engagement\" href=\"https:\/\/www.freiburg-schwarzwald.de\/blog\/engagement\/\">Engagement<\/a> &gt;<a title=\"Zukunft\" href=\"https:\/\/www.freiburg-schwarzwald.de\/blog\/engagement\/zukunft\/\">Zukunft<\/a> &gt;<a title=\"Demokratie\" href=\"https:\/\/www.freiburg-schwarzwald.de\/blog\/engagement\/zukunft\/demokratie\/\">Demokratie<\/a> &gt;Laizismus<\/p>\n<div id=\"attachment_59568\" style=\"width: 649px\" class=\"wp-caption alignnone\"><a href=\"https:\/\/www.freiburg-schwarzwald.de\/blog\/business\/gesund\/medizinethik\/pferdekutsche-pan160222\/\" rel=\"attachment wp-att-59568\"><img loading=\"lazy\" decoding=\"async\" aria-describedby=\"caption-attachment-59568\" class=\"size-full wp-image-59568\" src=\"https:\/\/www.freiburg-schwarzwald.de\/blog\/wp-content\/uploads\/2016\/02\/pferdekutsche-pan160222.jpg\" alt=\"Pferdekutsche von Egon Linder aus FR-Kappel mit Kindergeburtstag am 22.2.2016\" width=\"639\" height=\"299\" srcset=\"https:\/\/www.freiburg-schwarzwald.de\/blog\/wp-content\/uploads\/2016\/02\/pferdekutsche-pan160222.jpg 639w, https:\/\/www.freiburg-schwarzwald.de\/blog\/wp-content\/uploads\/2016\/02\/pferdekutsche-pan160222-180x84.jpg 180w\" sizes=\"auto, (max-width: 639px) 100vw, 639px\" \/><\/a><p id=\"caption-attachment-59568\" class=\"wp-caption-text\">Pferdekutsche von Egon Linder aus FR-Kappel mit Kindergeburtstag am 22.2.2016<\/p><\/div>\n<p>&nbsp;<\/p>\n<ul>\n<li><em>Listenauswahl eines Beitrags (Artikel\/Datum, Seite\/Inhalt):\u00a0<span style=\"text-decoration: underline;\">Klicken<\/span>\u00a0oder scrollen<\/em><\/li>\n<li><a href=\"https:\/\/www.freiburg-schwarzwald.de\/blog\/ramadan-fastenzeit-frieden\/\">Ramadan Fastenzeit \u2013 Frieden<\/a>\u00a0(20.2.2026)<\/li>\n<li><a href=\"https:\/\/www.freiburg-schwarzwald.de\/blog\/religion\/religionsunterricht\/religionskunde\/\">Eine Religionskunde statt viele bekenntnisorientierte Religionsunterrichte<\/a> (13.8.2025)<\/li>\n<li><a href=\"https:\/\/www.freiburg-schwarzwald.de\/blog\/kultur\/europa-leitkultur\/\">Entchristlichung Europas \u2013 Schleichende Landnahme<\/a>\u00a0(20.3.2025)<\/li>\n<li><a href=\"https:\/\/www.freiburg-schwarzwald.de\/blog\/muezzinruf-an-moschee-in-koeln\/\">Muezzinruf an Moschee in K\u00f6ln<\/a>\u00a0(14.10.2022)<\/li>\n<li><a href=\"https:\/\/www.freiburg-schwarzwald.de\/blog\/haltungsprotestantismus\/\">Haltungspotestantismus<\/a>\u00a0(14.11.2021)<\/li>\n<li><a href=\"https:\/\/www.freiburg-schwarzwald.de\/blog\/religion\/islam\/terror\/\">Angst und Ohnmacht nach Messermorden in Dresden und Paris<\/a>\u00a0(23.10.2020)<\/li>\n<li><a title=\"Kirche-Staat\" href=\"https:\/\/www.freiburg-schwarzwald.de\/blog\/religion\/kirche-staat\/\">Ohne Trennung von Kirche und Staat keine Integration <\/a>(4.2.2020)<\/li>\n<li><a href=\"https:\/\/www.freiburg-schwarzwald.de\/blog\/abdel-samad-kirchen-pro-islam\/\">https:\/\/www.freiburg-schwarzwald.de\/blog\/abdel-samad-kirchen-pro-islam\/<\/a>\u00a0(28.2.2019)<\/li>\n<li><a href=\"https:\/\/www.freiburg-schwarzwald.de\/blog\/tibi-laicite-citoyennete-in-eu\/\">https:\/\/www.freiburg-schwarzwald.de\/blog\/tibi-laicite-citoyennete-in-eu\/<\/a> (29.4.2018)<\/li>\n<li><a title=\"Religionsfreiheit\" href=\"https:\/\/www.freiburg-schwarzwald.de\/blog\/religion\/religionsfreiheit\/\">Dalai Lama: Ethik geht tiefer und ist nat\u00fcrlicher als Religion<\/a> &gt;Religionsfreiheit (3.9.2016)<\/li>\n<li>Religion ist Privatsache &#8211; auch der Islam (21.3.2016)<\/li>\n<li><a href=\"https:\/\/www.freiburg-schwarzwald.de\/blog\/integration-muslime-in-f-und-d\/\">https:\/\/www.freiburg-schwarzwald.de\/blog\/integration-muslime-in-f-und-d\/<\/a> (27.2.2016)<\/li>\n<li><a title=\"Religionsunterricht\" href=\"https:\/\/www.freiburg-schwarzwald.de\/blog\/religion\/religionsunterricht\/\">Eine Religionskunde statt viele Religionsunterrichte vom Staat finanziert<\/a> &gt;Religionsunterricht (1.6.2015)<\/li>\n<li><a href=\"https:\/\/www.freiburg-schwarzwald.de\/blog\/staat-und-religion-humanisten\/\">https:\/\/www.freiburg-schwarzwald.de\/blog\/staat-und-religion-humanisten\/<\/a> (2.9.2015)<\/li>\n<li><a href=\"https:\/\/www.freiburg-schwarzwald.de\/blog\/pfingsten-keine-ahnung\/\">https:\/\/www.freiburg-schwarzwald.de\/blog\/pfingsten-keine-ahnung\/ <\/a>\u00a0(23.5.2015)<\/li>\n<li><a title=\"Kirche-Staat\" href=\"https:\/\/www.freiburg-schwarzwald.de\/blog\/religion\/kirche-staat\/\">Bedroht der Islam den europ\u00e4ischen Laizismus?<\/a> &gt;Kirche-Staat (29.3.2015)<\/li>\n<li>&#8222;Charta der Laizit\u00e4t&#8220; an Schulen in Frankreich (11.9.2013)<\/li>\n<li><\/li>\n<li><a title=\"Aufklaerung\" href=\"https:\/\/www.freiburg-schwarzwald.de\/blog\/kultur\/aufklaerung\/\">Aufkl\u00e4rung<\/a><\/li>\n<li><a title=\"Demokratie\" href=\"https:\/\/www.freiburg-schwarzwald.de\/blog\/engagement\/zukunft\/demokratie\/\">Demokratie<\/a><\/li>\n<li><a title=\"Integrieren\" href=\"https:\/\/www.freiburg-schwarzwald.de\/blog\/global\/integration\/integrieren\/\">Integrieren<\/a><\/li>\n<li><a title=\"Islam\" href=\"https:\/\/www.freiburg-schwarzwald.de\/blog\/religion\/islam\/\">Islam<\/a><\/li>\n<li><a title=\"Kirche-Staat\" href=\"https:\/\/www.freiburg-schwarzwald.de\/blog\/religion\/kirche-staat\/\">Kirche-Staat<\/a><\/li>\n<li><a title=\"Konfessionslosigkeit\" href=\"https:\/\/www.freiburg-schwarzwald.de\/blog\/religion\/konfessionslosigkeit\/\">Konfessonsfreiheit<\/a><\/li>\n<li><a href=\"https:\/\/www.freiburg-schwarzwald.de\/blog\/religion\/religionsunterricht\/religionskunde\/\">Religionskunde<\/a><\/li>\n<li><a title=\"Religionsunterricht\" href=\"https:\/\/www.freiburg-schwarzwald.de\/blog\/religion\/religionsunterricht\/\">Religionsunterricht<\/a><\/li>\n<\/ul>\n<p>&nbsp;<\/p>\n<p>&nbsp;<\/p>\n<p><strong>Religion ist Privatsache &#8211; auch der Islam<\/strong><br \/>\n<a title=\"Islam-Frauen\" href=\"https:\/\/www.freiburg-schwarzwald.de\/blog\/religion\/islam\/islam-frauen\/\">Muslime<\/a> k\u00f6nnen zu Allah beten, so oft sie wollen, und sogar ihre Frauen erniedrigen, sofern diese es w\u00fcnschen, und zwar zuhause, nicht im \u00f6ffentlichen Raum. Religion ist Privatsache. Jeder soll sein individuelles Verh\u00e4ltnis zu seinem Gott so gestalten, wie er es w\u00fcnscht &#8211; sofern dies nicht zu Lasten der Gesellschaft geht.<br \/>\nEs passt nicht ins 21. Jahrhundert, mit jedem <a title=\"Fluechtlinge2016\" href=\"https:\/\/www.freiburg-schwarzwald.de\/blog\/global\/integration\/fluechtlinge2016\/\">Fl\u00fcchtling<\/a> nur \u00fcber die Empfindlichkeiten seiner Religion kommunizieren zu k\u00f6nnen. Jedem, der in dieses Land einwandert, sollte klar sein, dass Religion zweitrangig ist, also nach den gesellschaftlichen Normen und Gesetzen (Grundgesetz, Frauen- und Menschenrechte) kommt.<br \/>\n21.3.2016<\/p>\n<p><strong>&#8222;Charta der Laizit\u00e4t&#8220; an Schulen in Frankreich<\/strong><\/p>\n<p>Seit Schulbeginn 9\/2013 ist an allen \u00f6ffentlichen Schulen (seit 12\/2015 auch an Kitas) die &#8222;Charta der Laizit\u00e4t&#8220; mit f\u00fcnfzehn Artikeln ausgeh\u00e4ngt, in denen die Grundbegriffe der weltlichen&#8220;Repiblique Francaise&#8220; f\u00fcr das Zusammenleben von der Vorschulstufe bis zum Baccalaur\u00e9at (Abitur) erkl\u00e4rt sind:<\/p>\n<p><em>1. Frankreich ist eine unteilbare, laizistische, demokratische und soziale Republik. Sie garantiert die Gleichheit vor dem Gesetz f\u00fcr alle B\u00fcrgerInnen auf ihrem ganzen Territorium. Sie respektiert jede Weltanschauung.<\/em><br \/>\n<em>2. Die laizistische Republik trennt Staat und Religionen. Der Staat ist neutral gegen\u00fcber den religi\u00f6sen oder spirituellen \u00dcberzeugungen. Es gibt keine Staatsreligion.<\/em><br \/>\n<em>3. Die Laizit\u00e4t garantiert die Gewissensfreiheit f\u00fcr alle. Jede\/r ist frei zu glauben oder nicht. Die Laizit\u00e4t erlaubt den freien Ausdruck der pers\u00f6nlichen \u00dcberzeugungen im Respekt vor anderen und in den Grenzen der \u00f6ffentlichen Ordnung.<\/em><br \/>\n<em>4. Die Laizit\u00e4t erlaubt eine Staatsb\u00fcrgerschaft, welche die Freiheit mit der Gleichheit und Br\u00fcderlichkeit vereint \u2013 im allgemeinen Interesse.<\/em><br \/>\n<em>5. Die Republik sichert die Einhaltung ihrer Prinzipien in den Schulen.<\/em><br \/>\n<em>6. Die Laizit\u00e4t an den Schulen bietet den Sch\u00fclerInnen die Voraussetzungen, ihre Pers\u00f6nlichkeit zu entwickeln, ihrem freien Willen zu folgen und die Staatsb\u00fcrgerschaft zu erlernen. Sie sch\u00fctzt die Sch\u00fclerInnen vor jeglichem Bekehrungseifer und vor jeglichem Druck, der sie daran hindern will, ihre eigenen Entscheidungen zu treffen.<\/em><br \/>\n<em>7. Die Laizit\u00e4t garantiert den Sch\u00fclerInnen den Zugang zu einer gemeinsamen Kultur.<\/em><br \/>\n<em>8. Die Laizit\u00e4t garantiert den Sch\u00fclerInnen die Meinungs\u00e4usserungsfreiheit in den Schranken des gedeihlichen Funktionierens der Schule, wie dem Respekt der republikanischen Werte und der Vielfalt der \u00dcberzeugungen.<\/em><br \/>\n<em>9. Die Laizit\u00e4t impliziert die Ablehnung jeglicher Gewalt und Diskriminierung, garantiert die Gleichheit von M\u00e4dchen und Jungen und basiert auf einer Kultur des Respekts und des gegenseitigen Verst\u00e4ndnisses.<\/em><br \/>\n<em>10. Das Personal hat den Auftrag, den Sch\u00fclerInnen den Sinn und den Wert der Laizit\u00e4t zu vermitteln ebenso wie andere fundamentale Prinzipien der Republik. Es wacht \u00fcber deren Einhaltung an der Schule. Es hat die Aufgabe, die Charta auch den Eltern vorzustellen.<\/em><br \/>\n<em>11. Das Personal ist zu strikter Neutralit\u00e4t verpflichtet: Es darf die eigenen politischen oder religi\u00f6sen \u00dcberzeugungen im Rahmen ihrer Funktion nicht zum Ausdruck bringen.<\/em><br \/>\n<em>12. Der Unterricht ist laizit\u00e4r. Um den Sch\u00fclerInnen eine m\u00f6glichst objektiven Zugang zu der Vielfalt der Ansichten in der Welt und zur Weite und Pr\u00e4zision des Wissens zu \u00f6ffnen, ist kein Thema a priori von der wissenschaftlichen und p\u00e4dagogischen Infragestellung ausgeschlossen. Kein Kind kann unter Berufung auf eine religi\u00f6se oder politische \u00dcberzeugung einer Lehrperson das Recht bestreiten, ein Thema aus dem Lehrplan zu behandeln.<\/em><br \/>\n<em>13. Niemand kann sich auf die religi\u00f6se Zugeh\u00f6rigkeit berufen, um sich den Regeln der Schulen der Republik zu entziehen.<\/em><br \/>\n<em>14. In den \u00f6ffentlichen Schulen respektieren die Verhaltensregeln f\u00fcr die verschiedenen Bereiche die Laizit\u00e4t. Das ostentative Tragen von religi\u00f6sen Zeichen oder Kleidungen ist untersagt.<\/em><br \/>\n<em>15. Mit ihrem Nachdenken und ihrem Verhalten tragen die Sch\u00fclerInnen dazu bei, dass die Laizit\u00e4t an ihrer Schule gelebt werden kann.<br \/>\n<\/em>\u00a0 \u00a0.<br \/>\n<strong>Laizit\u00e4t &#8211; Trennung von Staat und Religionen<\/strong><br \/>\nBildungsminister Vincent Peillon hat am 9. September 2013 die Charta der Laizit\u00e4t in der Schule vorgestellt. Diese auf der Trennung von Kirche und Staat beruhende Charta ist in Zukunft in allen \u00f6ffentlichen Schulen gleichrangig mit der Tricolore, der republikanischen Devise &#8222;Freiheit, Gleichheit, Br\u00fcderlichkeit&#8220;\u00a0und der Erkl\u00e4rung der Menschenrechte vom 26. Ausgust 1789 auszuh\u00e4ngen.<br \/>\nDie Charta, die in einer einfachen und verst\u00e4ndlichen Sprache gehalten ist, erinnert an die Regeln des Zusammenlebens in der Schule und soll zu einem besseren Verst\u00e4ndnis dieser Grundregeln f\u00fchren. Die Charta soll, so Bildungsminister Vincent Peillon, \u201ejede Form von Intoleranz und Ausgrenzung\u201c verhindern. Die 15 Artikel umfassen die Grundprinzipien der Republik und liefern eine Erkl\u00e4rung f\u00fcr das Prinzip der Laizit\u00e4t in der Schule.<br \/>\nDie ersten f\u00fcnf Artikel erl\u00e4utern die Grundprinzipien einer unteilbaren, laizistischen, demokratischen und sozialen Republik. Die weiteren Artikel erkl\u00e4ren dann den Sinngehalt der Laizit\u00e4t in der Schule, die den Sch\u00fclern insbesondere den Zugang zu einer gemeinsamen und gemeinsam erlebten Kultur vermitteln soll.<br \/>\nBesonders hervorgehoben werden dabei die folgenden Punkte:<br \/>\n&#8211; Das Tragen von Zeichen oder Kleidungen mit einem eindeutigen religi\u00f6sen Bekenntnischarakter ist den Sch\u00fclern untersagt. Seit 2004 verbietet das Gesetz das Tragen von religi\u00f6sen Symbolen wie der Kipa, gro\u00dfen Kruzifixen und von Kopft\u00fcchern in den \u00f6ffentlichen Schulen Frankreichs.<br \/>\n&#8211; Sch\u00fcler haben nicht das Recht, aus religi\u00f6sen oder politischen Gr\u00fcnden den im Programm festgelegten Unterrichtsstoff infrage zu stellen. &#8230;.<br \/>\nAlles vom 11.9.2013 bitte lesen auf<br \/>\n<a href=\"https:\/\/www.ambafrance-de.org\/Bildungsminister-Peillon-stellt\">https:\/\/www.ambafrance-de.org\/Bildungsminister-Peillon-stellt<br \/>\n<\/a>\u00a0 \u00a0..<br \/>\n<strong>Kritik seitens der Katholiken<\/strong><br \/>\nDie \u201cCharta der Laizit\u00e4t\u201d kommt in die franz\u00f6sischen Schulen. Damit wird der Krieg gegen die Katholiken und f\u00fcr die Gender-Ideologie ab dem Kindergarten gef\u00fchrt. Die neue Staatsreligion wird offizieller Ma\u00dfstab f\u00fcr die Lehrpl\u00e4ne an den Schulen. Die angebliche \u201eNeutralit\u00e4t des Staates\u201c ist nur ein Deckmantel. &#8230;.<br \/>\n<a href=\"https:\/\/www.katholisches.info\/2013\/08\/31\/frankreich-charta-der-laizitaet-gegen-katholiken-krieg-schon-im-kindergarten\/\">https:\/\/www.katholisches.info\/2013\/08\/31\/frankreich-charta-der-laizitaet-gegen-katholiken-krieg-schon-im-kindergarten\/<\/a><\/p>\n<p><strong>Kritik seitens der Muslime<\/strong><br \/>\nDer Zentralrat der franz\u00f6sischen Muslime (CFCM) wittert in dem Regelwerk versteckte Attacken auf den Islam oder gar eine &#8222;Stigmatisierung&#8220;: &#8222;90 Prozent der Muslime werden sich von dieser Charta abgestempelt f\u00fchlen&#8220;, warnt Ratschef Dalil Boubakeur. &#8222;Dabei&#8220;, so der Rektor der Gro\u00dfen Moschee von Paris, &#8222;haben 99 Prozent der Muslime \u00fcberhaupt kein Problem mit der Laizit\u00e4t.&#8220; ,,,,<br \/>\nAlles vom 21.10.2013 auf<br \/>\n<a href=\"https:\/\/www.spiegel.de\/schulspiegel\/ausland\/frankreich-laizismus-charta-soll-schulen-von-schleiern-befreien-a-925380.html\">https:\/\/www.spiegel.de\/schulspiegel\/ausland\/frankreich-laizismus-charta-soll-schulen-von-schleiern-befreien-a-925380.html<\/a><\/p>\n","protected":false},"excerpt":{"rendered":"<p>Home &gt;Engagement &gt;Zukunft &gt;Demokratie &gt;Laizismus &nbsp; Listenauswahl eines Beitrags (Artikel\/Datum, Seite\/Inhalt):\u00a0Klicken\u00a0oder scrollen Ramadan Fastenzeit \u2013 Frieden\u00a0(20.2.2026) Eine Religionskunde statt viele bekenntnisorientierte Religionsunterrichte (13.8.2025) Entchristlichung Europas \u2013 Schleichende Landnahme\u00a0(20.3.2025) Muezzinruf an Moschee in K\u00f6ln\u00a0(14.10.2022) Haltungspotestantismus\u00a0(14.11.2021) Angst und Ohnmacht nach Messermorden in &hellip; <a href=\"https:\/\/www.freiburg-schwarzwald.de\/blog\/engagement\/zukunft\/demokratie\/laizismus\/\">Weiterlesen <span class=\"meta-nav\">&rarr;<\/span><\/a><\/p>\n","protected":false},"author":2,"featured_media":0,"parent":21084,"menu_order":0,"comment_status":"open","ping_status":"closed","template":"","meta":{"footnotes":""},"class_list":["post-59623","page","type-page","status-publish","hentry"],"_links":{"self":[{"href":"https:\/\/www.freiburg-schwarzwald.de\/blog\/wp-json\/wp\/v2\/pages\/59623","targetHints":{"allow":["GET"]}}],"collection":[{"href":"https:\/\/www.freiburg-schwarzwald.de\/blog\/wp-json\/wp\/v2\/pages"}],"about":[{"href":"https:\/\/www.freiburg-schwarzwald.de\/blog\/wp-json\/wp\/v2\/types\/page"}],"author":[{"embeddable":true,"href":"https:\/\/www.freiburg-schwarzwald.de\/blog\/wp-json\/wp\/v2\/users\/2"}],"replies":[{"embeddable":true,"href":"https:\/\/www.freiburg-schwarzwald.de\/blog\/wp-json\/wp\/v2\/comments?post=59623"}],"version-history":[{"count":5,"href":"https:\/\/www.freiburg-schwarzwald.de\/blog\/wp-json\/wp\/v2\/pages\/59623\/revisions"}],"predecessor-version":[{"id":145931,"href":"https:\/\/www.freiburg-schwarzwald.de\/blog\/wp-json\/wp\/v2\/pages\/59623\/revisions\/145931"}],"up":[{"embeddable":true,"href":"https:\/\/www.freiburg-schwarzwald.de\/blog\/wp-json\/wp\/v2\/pages\/21084"}],"wp:attachment":[{"href":"https:\/\/www.freiburg-schwarzwald.de\/blog\/wp-json\/wp\/v2\/media?parent=59623"}],"curies":[{"name":"wp","href":"https:\/\/api.w.org\/{rel}","templated":true}]}}