{"id":59532,"date":"2016-02-22T15:23:15","date_gmt":"2016-02-22T14:23:15","guid":{"rendered":"https:\/\/www.freiburg-schwarzwald.de\/blog\/?page_id=59532"},"modified":"2026-04-17T21:11:59","modified_gmt":"2026-04-17T19:11:59","slug":"medizinethik","status":"publish","type":"page","link":"https:\/\/www.freiburg-schwarzwald.de\/blog\/business\/gesund\/medizinethik\/","title":{"rendered":"Medizinethik"},"content":{"rendered":"<p><a href=\"https:\/\/www.freiburg-schwarzwald.de\/blog\">Home<\/a> &gt;<a title=\"Business\" href=\"https:\/\/www.freiburg-schwarzwald.de\/blog\/business\">Business<\/a> &gt;<a title=\"Gesund\" href=\"https:\/\/www.freiburg-schwarzwald.de\/blog\/business\/gesund\/\">Gesund<\/a>\u00a0&gt;<a title=\"Medizin\" href=\"https:\/\/www.freiburg-schwarzwald.de\/blog\/business\/gesund\/medizin\/\">Medizin<\/a> &gt;Medizinethik<\/p>\n<div id=\"attachment_59568\" style=\"width: 649px\" class=\"wp-caption alignnone\"><a href=\"https:\/\/www.freiburg-schwarzwald.de\/blog\/business\/gesund\/medizinethik\/pferdekutsche-pan160222\/\" rel=\"attachment wp-att-59568\"><img loading=\"lazy\" decoding=\"async\" aria-describedby=\"caption-attachment-59568\" class=\"size-full wp-image-59568\" src=\"https:\/\/www.freiburg-schwarzwald.de\/blog\/wp-content\/uploads\/2016\/02\/pferdekutsche-pan160222.jpg\" alt=\"Pferdekutsche von Egon Linder aus FR-Kappel mit Kindergeburtstag am 22.2.2016\" width=\"639\" height=\"299\" srcset=\"https:\/\/www.freiburg-schwarzwald.de\/blog\/wp-content\/uploads\/2016\/02\/pferdekutsche-pan160222.jpg 639w, https:\/\/www.freiburg-schwarzwald.de\/blog\/wp-content\/uploads\/2016\/02\/pferdekutsche-pan160222-180x84.jpg 180w\" sizes=\"auto, (max-width: 639px) 100vw, 639px\" \/><\/a><p id=\"caption-attachment-59568\" class=\"wp-caption-text\">Pferdekutsche von Egon Linder aus FR-Kappel mit Kindergeburtstag am 22.2.2016<\/p><\/div>\n<ul>\n<li><em>Listenauswahl eines Beitrags: Bitte anklicken oder runterscrollen<\/em><\/li>\n<li><a href=\"https:\/\/www.freiburg-schwarzwald.de\/blog\/business\/gesund\/medizin\/leihmutter\/\">Virologe Hendrik Streeck :Zwei V\u00e4ter und ein Baby<\/a>\u00a0(17.4.2026)<\/li>\n<li><a href=\"https:\/\/www.freiburg-schwarzwald.de\/blog\/engagement\/zukunft\/transhumanismus\/\">Ein Hinchirurg zu Elon Musks Neuralink-Experimenten<\/a>\u00a0(13.1.2025)<\/li>\n<li><a href=\"https:\/\/www.freiburg-schwarzwald.de\/blog\/selbsthilfe\/kinder\/kinderwunsch\/\">Birgit Kelle: Ich kauf mir ein Kind \u2013 Leihmutterschaft<\/a> (29.3.2024)<\/li>\n<li><a href=\"https:\/\/www.freiburg-schwarzwald.de\/blog\/religion\/ethik\/ethikrat\/\">Ein regierungsabh\u00e4ngiger Ethikrat ist ein unethischer<\/a>\u00a0(16.7.2023)<\/li>\n<li><a href=\"https:\/\/www.freiburg-schwarzwald.de\/blog\/frei-bruederlich-und-gleich-in-d\/\">Frei, br\u00fcderlich und gleich in D<\/a>\u00a0(10.9.2022)<\/li>\n<li><a href=\"https:\/\/www.freiburg-schwarzwald.de\/blog\/business\/gesund\/arzt\/nuernberger-kodex\/\">N\u00fcrnberger Kodex \u2013 \u00c4rzte, die Eid und Auftrag verrieten<\/a>\u00a0(19.8.2022)<\/li>\n<li>Der N\u00fcrnberger Kodex lehnt die Nazi-Ideologie der Eugenik ab (20.8.2022)<\/li>\n<li><a href=\"https:\/\/www.freiburg-schwarzwald.de\/blog\/business\/gesund\/medizin\/\">75 Jahre N\u00fcrnberger Kodex: Freiwilligkeit \u2013 immer<\/a>\u00a0(19.8.2022)<\/li>\n<li><a href=\"https:\/\/www.freiburg-schwarzwald.de\/blog\/ethik-ungeimpfte-diskriminieren\/\">Ethik: Ungeimpfte diskriminieren<\/a>\u00a0(26.7.2021)<\/li>\n<li>Gene menschlicher Embryonen werden manipuliert (6.2.2016)<\/li>\n<li>Schwangerschaft auf Probe? (1.1.2016)<\/li>\n<li><a href=\"https:\/\/www.freiburg-schwarzwald.de\/blog\/reproduktionsmedizin-genesis\/\">https:\/\/www.freiburg-schwarzwald.de\/blog\/reproduktionsmedizin-genesis\/<\/a> (26.9.2014)<\/li>\n<li>Die Kunst des Hoffens: Kranksein zwischen Verlust und Neuorientierung (23.5.2014)<\/li>\n<\/ul>\n<ul>\n<li><a title=\"Baby\" href=\"https:\/\/www.freiburg-schwarzwald.de\/blog\/selbsthilfe\/kinder\/baby\/\">Baby<\/a><\/li>\n<li><a href=\"https:\/\/www.freiburg-schwarzwald.de\/blog\/business\/gesund\/corona-virus\/corona-grundrechte\/\">Corona-Grundrechte<\/a><\/li>\n<li><a title=\"Ethik\" href=\"https:\/\/www.freiburg-schwarzwald.de\/blog\/religion\/ethik\/\">Ethik<\/a><\/li>\n<li><a href=\"https:\/\/www.freiburg-schwarzwald.de\/blog\/religion\/ethik\/ethikrat\/\">Ethikrat<\/a><\/li>\n<li><a href=\"https:\/\/www.freiburg-schwarzwald.de\/blog\/business\/gesund\/corona-virus\/impfung\/\">Impfung<\/a><\/li>\n<li><a title=\"Kinderwunsch\" href=\"https:\/\/www.freiburg-schwarzwald.de\/blog\/selbsthilfe\/kinder\/kinderwunsch\/\">Kinderwunsch<\/a><\/li>\n<li><a title=\"Kinderlos\" href=\"https:\/\/www.freiburg-schwarzwald.de\/blog\/selbsthilfe\/kinder\/kinderlos\/\">Kinderlos<\/a><\/li>\n<li><a href=\"https:\/\/www.freiburg-schwarzwald.de\/blog\/business\/gesund\/arzt\/kuelken\/\">Dr. K\u00fclken<\/a><\/li>\n<li><a href=\"https:\/\/www.freiburg-schwarzwald.de\/blog\/business\/gesund\/medizin\/leihmutter\/\">Leihmutter<\/a><\/li>\n<li><a href=\"https:\/\/www.freiburg-schwarzwald.de\/blog\/business\/gesund\/medizintechnik\/\">Medizintechnik<\/a><\/li>\n<li><a href=\"https:\/\/www.freiburg-schwarzwald.de\/blog\/business\/gesund\/arzt\/nuernberger-kodex\/\">N\u00fcrnberger-Kodex<\/a><\/li>\n<li><a title=\"Reproduktionsmedizin\" href=\"https:\/\/www.freiburg-schwarzwald.de\/blog\/business\/gesund\/medizin\/reproduktionsmedizin\/\">Reproduktionsmedizin<\/a><\/li>\n<li><a href=\"https:\/\/www.freiburg-schwarzwald.de\/blog\/engagement\/zukunft\/transhumanismus\/\">Transhumanismus<\/a><\/li>\n<\/ul>\n<p>&nbsp;<\/p>\n<p>&nbsp;<\/p>\n<p>&nbsp;<\/p>\n<p>&nbsp;<\/p>\n<p><strong>Der N\u00fcrnberger Kodex lehnt die Nazi-Ideologie der Eugenik ab<\/strong><br \/>\n<em>Holocaust-\u00dcberlebende Vera Sharav: Wenn wir nicht alle Widerstand leisten, wird es nie wieder so sein! Vollst\u00e4ndige Rede zum Jahrestag &#8222;75 Jahre N\u00fcrnberger Kodex&#8220; \u2013 N\u00fcrnberg, 20. August 2022<br \/>\n<\/em><br \/>\nIch bin nach N\u00fcrnberg gekommen, um der aktuellen globalen Bedrohung unserer Zivilisation einen historischen Kontext zu geben. Die letzten 2 1\u20442 Jahre waren besonders anstrengend \u2013 da wurden schmerzhafte Erinnerungen wieder wach.<br \/>\n&#8230;<br \/>\nWaren es 1933 vor allem Juden, die diskriminiert wurden, so sind es heute Menschen, die sich weigern, sich mit experimentellen, gentechnisch ver\u00e4nderten Impfstoffen impfen zu lassen. Damals wie heute wurden staatliche Diktate geschaffen, um Teile der Bev\u00f6lkerung zu eliminieren.<br \/>\nIm Jahr 2020 verbot die Regierung den Krankenh\u00e4usern, \u00e4ltere Menschen in Pflegeheimen zu behandeln. Das Ergebnis war ein Massenmord.<br \/>\nRegierungsdekrete verbieten \u00c4rzten weiterhin, lebensrettende, von der FDA zugelassene Medikamente zu verschreiben; von der Regierung diktierte Protokolle t\u00f6ten weiterhin.<\/p>\n<p>Die Medien schweigen \u2013 wie damals.<br \/>\nDie Medien verbreiten ein einziges, von der Regierung diktiertes Narrativ \u2013 genau wie unter den Nazis. Eine strenge Zensur bringt Andersdenkende zum Schweigen.<br \/>\nIn Nazi-Deutschland gab es nur wenige, die sich dagegen wehrten; die, die es taten, wurden in Konzentrationslagern inhaftiert.<\/p>\n<p>Heute werden \u00c4rzte und Wissenschaftler, die das anerkannte Narrativ infrage stellen, verleumdet und ihr Ruf wird in den Schmutz gezogen. Sie riskieren, ihre Approbation zu verlieren, und ihre Wohnungen und Arbeitspl\u00e4tze werden von SWAT-Teams durchsucht.<br \/>\nDie moralische Bedeutung des N\u00fcrnberger Kodex kann nicht hoch genug eingesch\u00e4tzt werden:<br \/>\nDer N\u00fcrnberger Kodex ist das ma\u00dfgebliche, international anerkannte Dokument in der Geschichte der medizinischen Ethik.<br \/>\nDieses bahnbrechende Dokument wurde als Reaktion auf die von \u00c4rzten und Wissenschaftlern der Nazis begangenen medizinischen Gr\u00e4ueltaten formuliert.<br \/>\nDer Kodex legt die moralischen Grenzen f\u00fcr die Forschung am Menschen fest.<br \/>\nDer N\u00fcrnberger Kodex lehnt die Ideologie der Eugenik ab und bekr\u00e4ftigt unmissverst\u00e4ndlich den Vorrang und die W\u00fcrde des einzelnen Menschen \u2013 im Gegensatz zum \u201eh\u00f6heren Wohl der Gesellschaft\u201c.<\/p>\n<p>Die amerikanischen Juristen, die den N\u00fcrnberger Kodex formulierten, \u00fcbernahmen die offiziellen deutschen \u201eRichtlinien f\u00fcr Menschenversuche\u201c von Dr. Julius Moses aus dem Jahr 1931. Diese Richtlinien blieben bis 1945 rechtlich in Kraft. Die Nazis verstie\u00dfen in vollem Umfang gegen sie. Dr. Moses, der Jude war, wurde nach Theresienstadt deportiert, wo er starb.<br \/>\nDer N\u00fcrnberger Kodex definierte grundlegende, universelle moralische und rechtliche Standards und bekr\u00e4ftigte die grundlegenden Menschenrechte.<br \/>\nDiese Menschenrechte gelten f\u00fcr jeden Menschen.<\/p>\n<p>Der Kodex setzt Grenzen f\u00fcr die Parameter zul\u00e4ssiger medizinischer Experimente.<br \/>\nEbenso wichtig ist, dass der N\u00fcrnberger Kodex \u00c4rzte und Forscher pers\u00f6nlich daf\u00fcr verantwortlich macht, die Sicherheit der Versuchspersonen zu gew\u00e4hrleisten und sicherzustellen, dass die Person freiwillig und in voller Kenntnis der Sachlage ihre Einwilligung gegeben hat. Die Normen des N\u00fcrnberger Kodex sind in das Internationale Strafgesetzbuch aufgenommen worden. Sie sind heute sowohl in Friedens- als auch in Kriegszeiten rechtlich anwendbar.<br \/>\nZiel des N\u00fcrnberger Kodex ist es, sicherzustellen, dass die Medizin nie wieder von dem ethischen Vorsorgeprinzip abweicht: \u201eErstens, keinen Schaden anrichten\u201c.<\/p>\n<p>Der N\u00fcrnberger Kodex diente als Vorbild f\u00fcr nachfolgende nationale und internationale Menschenrechtskodizes \u2013 um sicherzustellen, dass:<br \/>\ndie Rechte und die W\u00fcrde des Menschen gewahrt werden<br \/>\n&amp; um sicherzustellen, dass \u00c4rzte nie wieder moralisch abscheuliche Experimente durchf\u00fchren.<br \/>\nWie die 10 Gebote darf kein einziges Wort des Kodexes jemals ge\u00e4ndert werden.<br \/>\n&#8230;<br \/>\nDiejenigen, die erkl\u00e4ren, dass Holocaust-Analogien \u201etabu\u201c sind, verraten die Opfer des Holocaust, indem sie die Relevanz des Holocausts leugnen.<br \/>\nDer N\u00fcrnberger Kodex dient seit seiner Ver\u00f6ffentlichung vor 75 Jahren als Grundlage f\u00fcr die ethische klinische Forschung.<br \/>\nDie Covid-Pandemie wird als Gelegenheit genutzt, um die im N\u00fcrnberger Kodex festgelegten moralischen und rechtlichen Parameter umzusto\u00dfen.<br \/>\nDer N\u00fcrnberger Kodex ist unsere Verteidigung gegen missbr\u00e4uchliche Experimente.<\/p>\n<p>Vera Sharav<br \/>\nHolocaust-\u00dcberlebende<br \/>\n\u00d6ffentliche F\u00fcrsprecherin f\u00fcr Menschenrechte<br \/>\nGr\u00fcnderin und Pr\u00e4sidentin der Alliance for Human Research Protection (AHRP)<br \/>\nQUELLE: VERA SHARAV \u201cUNLESS ALL OF US RESIST, NEVER AGAIN IS NOW\u201d \u2013 FULL SPEECH \u2013 NUREMBERG, AUGUST 20, 2022<br \/>\n&#8230; Alles vom 20.8.2022 bitte lesen auf<br \/>\n<a href=\"https:\/\/childrenshealthdefense.eu\/eu-issues\/vera-sharav-unless-all-of-us-resist-never-again-is-now-75th-anniversary-of-the-nuremberg-code\/\">https:\/\/childrenshealthdefense.eu\/eu-issues\/vera-sharav-unless-all-of-us-resist-never-again-is-now-75th-anniversary-of-the-nuremberg-code<\/a>\/<\/p>\n<p>&nbsp;<\/p>\n<p>&nbsp;<\/p>\n<p><strong>Gene menschlicher Embryonen werden manipuliert<\/strong><br \/>\nKrankmachende Gene reparieren, bevor sie an das ungeborene Kind weitergegeben werden \u2013 das ist der Traum und die Schreckensvision der Wissenschaftler. In Gro\u00dfbritannien wird er nun wahr. &#8230;<br \/>\nAlles vom 6.2.2016 auf<br \/>\n<a href=\"https:\/\/www.badische-zeitung.de\/bildung-wissen-1\/gene-menschlicher-embryonen-werden-manipuliert--116990837.html\">https:\/\/www.badische-zeitung.de\/bildung-wissen-1\/gene-menschlicher-embryonen-werden-manipuliert&#8211;116990837.html<\/a><\/p>\n<p><strong>Der optimierte Mensch<\/strong><br \/>\nDer optimierte Mensch als Vision und Hybris. Giovanni Maio erkl\u00e4rt, warum Genmanipulationen am Embryo einem riskanten Roulettespiel gleichkommen. &#8230;.<br \/>\nAlles vom 6.2.2016 bitte lesen auf<br \/>\n<a href=\"https:\/\/www.badische-zeitung.de\/kommentare-1\/der-optimierte-mensch-als-vision-und-hybris--117169927.html\">https:\/\/www.badische-zeitung.de\/kommentare-1\/der-optimierte-mensch-als-vision-und-hybris&#8211;117169927.html<\/a><br \/>\n.<br \/>\n<strong>Medizinethiker Giovanni Maio: Den kranken Menschen verstehen<\/strong><br \/>\nDer Freiburger Medizinethiker pl\u00e4diert in seinem neuen Buch &#8222;Den kranken Menschen verstehen&#8220; leidenschaftlich f\u00fcr &#8222;eine Medizin der Zuwendung&#8220;. Als Arzt mit langj\u00e4hriger klinischer Erfahrung versteht er nicht nur etwas von Medizin, sondern wei\u00df auch, wie es in einem Gesundheitswesen zugeht, das zum &#8222;Gesch\u00e4ftsmodell&#8220; (so ein Vorg\u00e4ngertitel) mutierte. &#8230;. Alles vom 17.11.2015 auf<br \/>\n<a href=\"https:\/\/www.badische-zeitung.de\/literatur-und-vortraege\/wie-geht-man-richtig-mit-kranken-menschen-um--113743492.html\">https:\/\/www.badische-zeitung.de\/literatur-und-vortraege\/wie-geht-man-richtig-mit-kranken-menschen-um&#8211;113743492.html<br \/>\n<\/a>\u00a0.<\/p>\n<p><strong>Schwangerschaft auf Probe?<\/strong><br \/>\nAus Blut und Speichel der Eltern l\u00e4sst sich das Embryo-Genom entziffern. Das bedeutet, dass Tests auf Erbkrankheiten nun auch ohne Eingriff in den Mutterleib vorgenommen werden k\u00f6nnen. Bislang war dazu eine Fruchtwasseruntersuchung . &#8230;<br \/>\nMit der nun sehr einfachen Entzifferung des Embryo-Genoms ist nun eine sehr umfassende Durchleuchtung des menschlichen Embryos m\u00f6glich. Das Problem ist, dass der Test schon relativ fr\u00fch durchgef\u00fchrt werden kann, zumindest so fr\u00fch, dass man einer Mutter die Schwangerschaft noch nicht ansieht (um 18. Woche). Auch stellt er nun keine besondere H\u00fcrde mehr dar. Schreckten manche M\u00fctter noch vor der Fruchtwasserentnahme zur\u00fcck, so reicht k\u00fcnftig ein kurzer Gang zum Arzt mit einer Blutentnahme. Wer wei\u00df, vielleicht wird es bald auch Schnelltests aus der Apotheke geben. Man muss kein Hellseher zu sein, um die Prognose abzugeben, dass die Zahl an Abtreibungen dadurch sicher nicht gerade sinken wird. Wird es zu einer &#8222;Schwangerschaft auf Probe&#8220; kommen? Was bedeutet es f\u00fcr Eltern, wenn sie erfahren, dass ihr Kind eine schwere Erbkrankheit haben wird? Ich bef\u00fcrchte, viele werden sich f\u00fcr die Abtreibung entscheiden. &#8230;. Alles zu &#8222;Das Embyo-Genom&#8220; bitte lesen auf<br \/>\n<a href=\"https:\/\/www.christliche-autoren.de\/embryo-genom.html\">https:\/\/www.christliche-autoren.de\/embryo-genom.html<\/a><br \/>\n.<br \/>\n.<br \/>\n<strong>Die Kunst des Hoffens: Kranksein zwischen Verlust und Neuorientierung<\/strong><br \/>\n3. Freiburger Symposium zu Fragen des Menschseins in der Medizin, Freitag, 23. Mai, 13 bis 18 Uhr, Audimax im Kollegiengeb\u00e4ude II der Universit\u00e4t Freiburg, Platz der Alten Synagoge, Er\u00f6ffnungsvortrag von Karl Kardinal Lehmann um 13.15 Uhr; Samstag, 24. Mai, 9 bis 18 Uhr, Aula im Kollegiengeb\u00e4ude I der Universit\u00e4t Freiburg, Platz der Universit\u00e4t 3. Die Teilnahme an der Veranstaltung ist kostenlos. Das Programm steht im Internet unter <a href=\"https:\/\/www.menschsein-medizin.de\">https:\/\/www.menschsein-medizin.de<\/a>.<br \/>\nAlles vom 23.5.2014 bitte lesen auf<br \/>\n<a href=\"https:\/\/www.badische-zeitung.de\/freiburg\/zeigen-dass-es-sich-zu-leben-lohnt--85236619.html\">https:\/\/www.badische-zeitung.de\/freiburg\/zeigen-dass-es-sich-zu-leben-lohnt&#8211;85236619.html<\/a><\/p>\n<p>&nbsp;<\/p>\n","protected":false},"excerpt":{"rendered":"<p>Home &gt;Business &gt;Gesund\u00a0&gt;Medizin &gt;Medizinethik Listenauswahl eines Beitrags: Bitte anklicken oder runterscrollen Virologe Hendrik Streeck :Zwei V\u00e4ter und ein Baby\u00a0(17.4.2026) Ein Hinchirurg zu Elon Musks Neuralink-Experimenten\u00a0(13.1.2025) Birgit Kelle: Ich kauf mir ein Kind \u2013 Leihmutterschaft (29.3.2024) Ein regierungsabh\u00e4ngiger Ethikrat ist ein &hellip; <a href=\"https:\/\/www.freiburg-schwarzwald.de\/blog\/business\/gesund\/medizinethik\/\">Weiterlesen <span class=\"meta-nav\">&rarr;<\/span><\/a><\/p>\n","protected":false},"author":2,"featured_media":0,"parent":21,"menu_order":0,"comment_status":"open","ping_status":"closed","template":"","meta":{"footnotes":""},"class_list":["post-59532","page","type-page","status-publish","hentry"],"_links":{"self":[{"href":"https:\/\/www.freiburg-schwarzwald.de\/blog\/wp-json\/wp\/v2\/pages\/59532","targetHints":{"allow":["GET"]}}],"collection":[{"href":"https:\/\/www.freiburg-schwarzwald.de\/blog\/wp-json\/wp\/v2\/pages"}],"about":[{"href":"https:\/\/www.freiburg-schwarzwald.de\/blog\/wp-json\/wp\/v2\/types\/page"}],"author":[{"embeddable":true,"href":"https:\/\/www.freiburg-schwarzwald.de\/blog\/wp-json\/wp\/v2\/users\/2"}],"replies":[{"embeddable":true,"href":"https:\/\/www.freiburg-schwarzwald.de\/blog\/wp-json\/wp\/v2\/comments?post=59532"}],"version-history":[{"count":6,"href":"https:\/\/www.freiburg-schwarzwald.de\/blog\/wp-json\/wp\/v2\/pages\/59532\/revisions"}],"predecessor-version":[{"id":148018,"href":"https:\/\/www.freiburg-schwarzwald.de\/blog\/wp-json\/wp\/v2\/pages\/59532\/revisions\/148018"}],"up":[{"embeddable":true,"href":"https:\/\/www.freiburg-schwarzwald.de\/blog\/wp-json\/wp\/v2\/pages\/21"}],"wp:attachment":[{"href":"https:\/\/www.freiburg-schwarzwald.de\/blog\/wp-json\/wp\/v2\/media?parent=59532"}],"curies":[{"name":"wp","href":"https:\/\/api.w.org\/{rel}","templated":true}]}}