{"id":5940,"date":"2012-06-29T08:43:23","date_gmt":"2012-06-29T08:43:23","guid":{"rendered":"https:\/\/www.freiburg-schwarzwald.de\/blog\/?page_id=5940"},"modified":"2025-08-08T15:43:49","modified_gmt":"2025-08-08T13:43:49","slug":"bundesfreiwilligendienst","status":"publish","type":"page","link":"https:\/\/www.freiburg-schwarzwald.de\/blog\/engagement\/freiwillig\/bundesfreiwilligendienst\/","title":{"rendered":"Bundesfreiwilligendienst"},"content":{"rendered":"<p>Home &gt;<a title=\"Engagement\" href=\"https:\/\/www.freiburg-schwarzwald.de\/blog\/engagement\/\">Engagement <\/a>&gt;<a title=\"Freiwillig\" href=\"https:\/\/www.freiburg-schwarzwald.de\/blog\/engagement\/freiwillig\/\">Freiwillig<\/a> &gt;<a title=\"Job\" href=\"https:\/\/www.freiburg-schwarzwald.de\/blog\/selbsthilfe\/soziales\/arbeit\/job\/\">Job<\/a> &gt;Bundesfreiwilligendienst<\/p>\n<div id=\"attachment_5982\" style=\"width: 649px\" class=\"wp-caption alignnone\"><a href=\"https:\/\/www.freiburg-schwarzwald.de\/blog\/engagement\/freiwillig\/bundesfreiwilligendienst\/blumenwiese3pan120629\/\" rel=\"attachment wp-att-5982\"><img loading=\"lazy\" decoding=\"async\" aria-describedby=\"caption-attachment-5982\" class=\"size-full wp-image-5982\" title=\"blumenwiese3pan120629\" src=\"https:\/\/www.freiburg-schwarzwald.de\/blog\/wp-content\/uploads\/2012\/06\/blumenwiese3pan120629.jpg\" alt=\"\" width=\"639\" height=\"220\" srcset=\"https:\/\/www.freiburg-schwarzwald.de\/blog\/wp-content\/uploads\/2012\/06\/blumenwiese3pan120629.jpg 639w, https:\/\/www.freiburg-schwarzwald.de\/blog\/wp-content\/uploads\/2012\/06\/blumenwiese3pan120629-180x61.jpg 180w\" sizes=\"auto, (max-width: 639px) 100vw, 639px\" \/><\/a><p id=\"caption-attachment-5982\" class=\"wp-caption-text\">Blumenwiese am 29.6.2012<\/p><\/div>\n<ul>\n<li><em>Listenauswahl eines Beitrags (Artikel\/Datum, Seite\/Inhalt): <span style=\"text-decoration: underline;\">Klicken<\/span> oder scrollen<\/em><\/li>\n<li>FSJ oder Bundesfreiwilligendienst BFD? (6.8.2025)<\/li>\n<li>Ausbildung\/Lehre statt sozialer Pflichtdienst (17.8.2022)<\/li>\n<li><a href=\"https:\/\/www.freiburg-schwarzwald.de\/bufdis.htm#Bundesfreiwilligendienst im S\u00fcdwesten beliebt\">Bundesfreiwilligendienst im S\u00fcdwesten beliebt<\/a> &gt;Bufdis (4.1.2012)<\/li>\n<li><\/li>\n<li><a href=\"https:\/\/www.freiburg-schwarzwald.de\/bufdis.htm#Bundesfreiwilligendienst (BFD)\">Bundesfreiwilligendienst (BFD)<\/a><\/li>\n<li><a href=\"https:\/\/www.freiburg-schwarzwald.de\/littenweiler\/job.htm\">Arbeit und Jobs bei uns konkret<\/a> &gt;Job<\/li>\n<li><a href=\"https:\/\/www.freiburg-schwarzwald.de\/ausland.htm\">Auslandsjob, Praktikum abroad<\/a> &gt;Ausland<\/li>\n<li><a href=\"https:\/\/www.freiburg-schwarzwald.de\/fsj.htm\">Freiwilliges soziales Jahr<\/a> &gt;FSJ<\/li>\n<li><a href=\"https:\/\/www.freiburg-schwarzwald.de\/wirtschaft-schule.htm\">Wirtschaft und Schule<\/a> &gt;Wirtschaft-Schule<\/li>\n<li><a href=\"https:\/\/www.freiburg-schwarzwald.de\/littenweiler\/jugend.htm#Zivildienst und Freiwilligendienste - Infos Caritas\">Zivildienst und Freiwilligendienste &#8211; Infos Caritas<\/a> &gt;Freiburg-Dreisamtal.de\/Jugend<\/li>\n<li><a href=\"https:\/\/www.freiburg-schwarzwald.de\/zivi.htm\">Zivi<\/a> &gt;Zivi<\/li>\n<\/ul>\n<p>&nbsp;<\/p>\n<p><strong>FSJ oder Bundesfreiwilligendienst BFD?<\/strong><br \/>\nWer sich nach der Schule engagieren oder beruflich orientieren m\u00f6chte, st\u00f6\u00dft schnell auf zwei bekannte Freiwilligendienste: das Freiwillige Soziale Jahr (FSJ) und den Bundesfreiwilligendienst (BFD). Beide bieten die M\u00f6glichkeit, in sozialen, \u00f6kologischen oder kulturellen Bereichen mitzuarbeiten \u2013 unterscheiden sich aber in Zielgruppe, Organisation und auch dem Ablauf.<br \/>\nDen wichtigsten Unterschied bildet die Zielgruppe: Das Freiwillige Soziale Jahr richtet sich an junge Menschen zwischen 16 und 27 Jahren. Der BFD steht hingegen allen Altersgruppen offen \u2013 auch \u00e4lteren Erwachsenen, Ruhest\u00e4ndlern oder Menschen in beruflicher Neuorientierung.<br \/>\nDas FSJ wird von freien Tr\u00e4gern wie Wohlfahrtsverb\u00e4nden organisiert, w\u00e4hrend der BFD staatlich koordiniert wird \u2013 durch das Bundesamt f\u00fcr Familie und zivilgesellschaftliche Aufgaben.<br \/>\nBeide Dienste beinhalten Bildungstage. Beim FSJ sind 25 Seminartage Pflicht. Beim BFD gilt das nur f\u00fcr Freiwillige unter 27 \u2013 \u00e4ltere Teilnehmer absolvieren deutlich weniger Seminar. Beide Dienste dauern meist 12 Monate, m\u00f6glich sind auch 6 bis 18 Monate. Einsatzbereiche sind unter anderem Pflege, Kitas, Schulen oder Umweltprojekte. Es gibt ein Taschengeld (meist bis zu 450 Euro), Sozialversicherung und eventuell eine Unterkunft oder Verpflegung.<br \/>\nDas FSJ eignet sich besonders f\u00fcr junge Menschen mit Wunsch nach p\u00e4dagogischer Begleitung. Der BFD ist flexibler und spricht auch Erwachsene an. Beide bieten die Chance, sich sinnvoll zu engagieren und neue Perspektiven zu gewinnen.<br \/>\nRund 52.000 junge Menschen absolvieren j\u00e4hrlich ein Freiwilliges Soziales Jahr (Stand 2024) \u2013 das sind rund 10 Prozent pro Jahrgang.<br \/>\n6.8.2025, <a href=\"https:\/\/www.dreisamtaeler.de\">https:\/\/www.dreisamtaeler.de<\/a><\/p>\n<p>&nbsp;<\/p>\n<p><strong>Ausbildung\/Lehre statt sozialer Pflichtdienst<\/strong><br \/>\n\u201eDie Einf\u00fchrung eines sozialen Pflichtdienstes \u2013 die CDU nennt es \u2018Deutschland-Jahr\u2019 \u2013 ist aus mehreren Gr\u00fcnden abzulehnen. Die Wirtschaft leidet unter einem nie dagewesenen Personalmangel. Nicht nur Fachkr\u00e4fte, sondern auch Ungelernte werden h\u00e4nderingend gesucht. Ob Handwerker, Pflegekr\u00e4fte, IT-Spezialisten oder \u00c4rzte \u2013 quer durch alle Branchen und Qualifikationsstufen tun sich immer gr\u00f6\u00dfere L\u00fccken auf. (\u2026) In dieser Lage junge Menschen ein Jahr lang vom Arbeitsmarkt fernzuhalten, um sie statt dessen in ehrenamtlichen T\u00e4tigkeiten f\u00fcr ein Taschengeld zu besch\u00e4ftigen, w\u00e4re absurd. (\u2026) Statt die Jungen mit einem Zwangsdienst als billige L\u00fcckenb\u00fc\u00dfer zu mi\u00dfbrauchen, sollte die Politik besser alles daransetzen, Bildungsdefizite zu beheben.\u201c<br \/>\nDorothea Siems, Mitglied der Ludwig-Erhard-Stiftung, in der \u201eWelt\u201c vom 17. August 2022<\/p>\n<p>&nbsp;<\/p>\n<p><strong>Bundesfreiwilligendienst im S\u00fcdwesten beliebt<\/strong><\/p>\n<p>Der Bundesfreiwilligendienst st\u00f6\u00dft im S\u00fcdwesten auf besonders gro\u00dfes Interesse. Seit dem 1. Juli haben bereits mehr als 3200 Menschen Vertr\u00e4ge abgeschlossen, das ist deutlich mehr als etwa in Bayern. Dort gibt es bislang nach weiteren Angaben des Bundesamtes f\u00fcr Familie und zivilgesellschaftliche Aufgaben gut 2700 &#8222;Bufdis&#8220;. &#8222;Mit so hohen Zahlen hatten wir nicht gerechnet \u2013 auch weil der Dienst wegen rechtlicher Fragen holprig angelaufen ist&#8220;, sagte Wolfgang Hinz-Rommel vom Diakonischen Werk in W\u00fcrttemberg, dem gr\u00f6\u00dften Tr\u00e4ger f\u00fcr den Dienst im S\u00fcdwesten. Unter der Regie der Diakonie sind 570 Menschen, davon 360 in W\u00fcrttemberg und 210 in Baden, meist ein Jahr lang ehrenamtlich t\u00e4tig \u2013 sei es in Kinderg\u00e4rten, Pflegeheimen oder der Behindertenhilfe. Aber auch in kulturellen und \u00f6kologischen Projekten k\u00f6nnen sich die &#8222;Bufdis&#8220; engagieren. Andere Anbieter des Dienstes sind das Deutsche Rote Kreuz und der Internationale Bund.<\/p>\n<p>Die L\u00fccke, die das Fehlen von 1500 Zivildienstleistenden bei der Diakonie W\u00fcrttemberg hinterlassen hatte, k\u00f6nnten die Bundesfreiwilligen allerdings nicht schlie\u00dfen, berichtete Hinz-Rommel. &#8222;Ein Zwangsdienst l\u00e4sst sich nicht durch einen Freiwilligendienst ersetzen.&#8220; Auch die bei den &#8222;Zivis&#8220; popul\u00e4ren T\u00e4tigkeiten wie Hausmeister-, Pf\u00f6rtner- und Fahrdienste st\u00fcnden bei den Freiwilligen nicht oben auf der Wunschliste.<br \/>\nAlles vom 4.1.2012 bitte lesen auf<br \/>\n<a href=\"https:\/\/www.badische-zeitung.de\/suedwest-1\/bundesfreiwilligendienst-ist-im-suedwesten-besonders-beliebt--54141837.html\">https:\/\/www.badische-zeitung.de\/suedwest-1\/bundesfreiwilligendienst-ist-im-suedwesten-besonders-beliebt&#8211;54141837.html<\/a><\/p>\n<p>&nbsp;<\/p>\n<p><strong>Bundesfreiwilligendienst (BFD)<\/strong><\/p>\n<p>Der am 1. Juli 2011 eingef\u00fchrte Bundesfreiwilligendienst (BFD) ersetzt den im Zuge der Aussetzung der Wehrpflicht abgeschafften Zivildienst. Geleistet werden kann er von allen B\u00fcrgerinnen und B\u00fcrgern gleich welchen Alters, die ihre Pflichtschulzeit absolviert haben. Die Regeldauer betr\u00e4gt zw\u00f6lf Monate, m\u00f6glich sind aber auch Dienste zwischen mindestens sechs und maximal 24 Monaten. Freiwillige \u00fcber 27 Jahren k\u00f6nnen auch in Teilzeit (min. 20 Wochenstunden) arbeiten. Als Aufwandsentsch\u00e4digung gibt es ein Taschengeld in H\u00f6he von max. 330 Euro. Renten-, Unfall-, Kranken-, Pflege- und Arbeitslosenversicherung werden bezahlt. Je nach Dienststelle kommen Unterkunft, Verpflegung und Dienstkleidung hinzu.<\/p>\n<p>Anfangs wurden &#8222;Bufdis&#8220; noch etwas ver\u00e4chtlich als eine Art von Ersatz-FSJlern bezeichnet, heute sind BFD, Bufdi und Bufdis ein anerkanntes Markenzeichen.<\/p>\n<p><a href=\"https:\/\/www.bundesfreiwilligendienst.de\/\">https:\/\/www.bundesfreiwilligendienst.de\/<\/a><\/p>\n","protected":false},"excerpt":{"rendered":"<p>Home &gt;Engagement &gt;Freiwillig &gt;Job &gt;Bundesfreiwilligendienst Listenauswahl eines Beitrags (Artikel\/Datum, Seite\/Inhalt): Klicken oder scrollen FSJ oder Bundesfreiwilligendienst BFD? (6.8.2025) Ausbildung\/Lehre statt sozialer Pflichtdienst (17.8.2022) Bundesfreiwilligendienst im S\u00fcdwesten beliebt &gt;Bufdis (4.1.2012) Bundesfreiwilligendienst (BFD) Arbeit und Jobs bei uns konkret &gt;Job Auslandsjob, Praktikum &hellip; <a href=\"https:\/\/www.freiburg-schwarzwald.de\/blog\/engagement\/freiwillig\/bundesfreiwilligendienst\/\">Weiterlesen <span class=\"meta-nav\">&rarr;<\/span><\/a><\/p>\n","protected":false},"author":2,"featured_media":0,"parent":772,"menu_order":0,"comment_status":"open","ping_status":"closed","template":"","meta":{"footnotes":""},"class_list":["post-5940","page","type-page","status-publish","hentry"],"_links":{"self":[{"href":"https:\/\/www.freiburg-schwarzwald.de\/blog\/wp-json\/wp\/v2\/pages\/5940","targetHints":{"allow":["GET"]}}],"collection":[{"href":"https:\/\/www.freiburg-schwarzwald.de\/blog\/wp-json\/wp\/v2\/pages"}],"about":[{"href":"https:\/\/www.freiburg-schwarzwald.de\/blog\/wp-json\/wp\/v2\/types\/page"}],"author":[{"embeddable":true,"href":"https:\/\/www.freiburg-schwarzwald.de\/blog\/wp-json\/wp\/v2\/users\/2"}],"replies":[{"embeddable":true,"href":"https:\/\/www.freiburg-schwarzwald.de\/blog\/wp-json\/wp\/v2\/comments?post=5940"}],"version-history":[{"count":4,"href":"https:\/\/www.freiburg-schwarzwald.de\/blog\/wp-json\/wp\/v2\/pages\/5940\/revisions"}],"predecessor-version":[{"id":137578,"href":"https:\/\/www.freiburg-schwarzwald.de\/blog\/wp-json\/wp\/v2\/pages\/5940\/revisions\/137578"}],"up":[{"embeddable":true,"href":"https:\/\/www.freiburg-schwarzwald.de\/blog\/wp-json\/wp\/v2\/pages\/772"}],"wp:attachment":[{"href":"https:\/\/www.freiburg-schwarzwald.de\/blog\/wp-json\/wp\/v2\/media?parent=5940"}],"curies":[{"name":"wp","href":"https:\/\/api.w.org\/{rel}","templated":true}]}}