{"id":5917,"date":"2012-06-29T07:41:05","date_gmt":"2012-06-29T07:41:05","guid":{"rendered":"https:\/\/www.freiburg-schwarzwald.de\/blog\/?page_id=5917"},"modified":"2024-02-24T17:07:59","modified_gmt":"2024-02-24T16:07:59","slug":"nachbarschaft","status":"publish","type":"page","link":"https:\/\/www.freiburg-schwarzwald.de\/blog\/business\/dienste\/immobilien\/quartier\/nachbarschaft\/","title":{"rendered":"Nachbarschaft"},"content":{"rendered":"<p>Home &gt;<a title=\"Immobilien\" href=\"https:\/\/www.freiburg-schwarzwald.de\/blog\/business\/dienste\/immobilien\/\">Immobilien<\/a> &gt;<a title=\"Wohnen\" href=\"https:\/\/www.freiburg-schwarzwald.de\/blog\/business\/dienste\/immobilien\/wohnen\/\">Wohnen<\/a> &gt;<a title=\"Quartier\" href=\"https:\/\/www.freiburg-schwarzwald.de\/blog\/business\/dienste\/immobilien\/quartier\/\">Quartier <\/a>&gt;Nachbarschaft<\/p>\n<div id=\"attachment_50303\" style=\"width: 649px\" class=\"wp-caption alignnone\"><a href=\"https:\/\/www.freiburg-schwarzwald.de\/blog\/business\/dienste\/immobilien\/architektur-neu-alt-pan140822\/\" rel=\"attachment wp-att-50303\"><img loading=\"lazy\" decoding=\"async\" aria-describedby=\"caption-attachment-50303\" class=\"size-full wp-image-50303\" src=\"https:\/\/www.freiburg-schwarzwald.de\/blog\/wp-content\/uploads\/2012\/04\/architektur-neu-alt-pan140822.jpg\" alt=\"Architektur neu - alt an der Oberrieder Strasse in Freiburg-Waldsee 22.8.2014\" width=\"639\" height=\"265\" srcset=\"https:\/\/www.freiburg-schwarzwald.de\/blog\/wp-content\/uploads\/2012\/04\/architektur-neu-alt-pan140822.jpg 639w, https:\/\/www.freiburg-schwarzwald.de\/blog\/wp-content\/uploads\/2012\/04\/architektur-neu-alt-pan140822-180x74.jpg 180w\" sizes=\"auto, (max-width: 639px) 100vw, 639px\" \/><\/a><p id=\"caption-attachment-50303\" class=\"wp-caption-text\">Architektur neu &#8211; alt an der Oberrieder Strasse in Freiburg-Waldsee 22.8.2014<\/p><\/div>\n<p>&nbsp;<\/p>\n<ul>\n<li><a href=\"https:\/\/www.freiburg-schwarzwald.de\/blog\/regio\/freiburg\/ebnet\/schloss-ebnet\/\">Ebneter \u201eDonnerstage\u201c \u2013 jede Woche 20.15 Uhr im Schloss Ebnet<\/a>\u00a0(24.2.2024)<\/li>\n<li><a href=\"https:\/\/www.freiburg-schwarzwald.de\/blog\/regio\/regional\/\">Die Gesellschaft 4.0 \u2013 Das Prinzip Regionalit\u00e4t<\/a>\u00a0(17.11.2022)<\/li>\n<li><a href=\"https:\/\/www.freiburg-schwarzwald.de\/blog\/kultur\/medien\/diskussionskultur\/reden\/\">Miteinander reden: Freie Meinungs\u00e4u\u00dferung auf Schleichfahrt<\/a>\u00a0(23.9.2022)<\/li>\n<li><a title=\"Freiburghaeltzusammen.de\" href=\"https:\/\/www.freiburg-schwarzwald.de\/blog\/freiburghaeltzusammen-de\/\">Freiburghaeltzusammen.de &#8211; neues Portal<\/a> (22.4.2020)<\/li>\n<li><a href=\"https:\/\/www.freiburg-schwarzwald.de\/blog\/mediation-freiburg-nachfrage\/\">https:\/\/www.freiburg-schwarzwald.de\/blog\/mediation-freiburg-nachfrage\/<\/a>\u00a0(23.4.2019)<\/li>\n<li>Harmonische Nachbarschaft (10.1.2019)<\/li>\n<li>Nachbarschaftsb\u00f6rse Freiburg-Ost \u00fcberlebt! (3.1.2019)<\/li>\n<li><a href=\"https:\/\/www.freiburg-schwarzwald.de\/blog\/lebensretter-jona-glaubitz\/\">https:\/\/www.freiburg-schwarzwald.de\/blog\/lebensretter-jona-glaubitz\/<\/a>\u00a0(12.7.2013)<\/li>\n<li><a href=\"https:\/\/www.freiburg-schwarzwald.de\/blog\/stadt-land-job-integration\/\">https:\/\/www.freiburg-schwarzwald.de\/blog\/stadt-land-job-integration\/<\/a>\u00a0(13.3.2013)<\/li>\n<li>Geht das Sozialkapital immer weiter zur\u00fcck? (22.8.2012)<\/li>\n<li>Sich im den Nachbarn k\u00fcmmern &#8211; keine Einmischung und Besserwisserei (29.6.2012)<\/li>\n<li><a href=\"https:\/\/www.freiburg-schwarzwald.de\/littenweiler\/haslach.htm#Haslacher Netz: Ehrenamtler f\u00fcr gute Nachbarschaft\">Haslacher Netz: Ehrenamtler f\u00fcr gute Nachbarschaft<\/a> &gt;Haslach (1.12.2009)<\/li>\n<li><a href=\"https:\/\/www.freiburg-schwarzwald.de\/littenweiler\/kirchzarten9.htm#Nachbarschaftshock Lerchenfeldstra\u00dfe: 600 Euro-Spende\">Nachbarschaftshock Lerchenfeldstra\u00dfe: 600 Euro-Spende<\/a> &gt;Kirchzarten9 (28.10.2009)<\/li>\n<li><\/li>\n<li><a title=\"Corona-Grundrechte\" href=\"https:\/\/www.freiburg-schwarzwald.de\/blog\/business\/gesund\/corona-virus\/corona-grundrechte\/\">Corona-Grundrechte<\/a><\/li>\n<li><a title=\"Mediation\" href=\"https:\/\/www.freiburg-schwarzwald.de\/blog\/selbsthilfe\/soziales\/justiz\/mediation\/\">Mediation<\/a><\/li>\n<li>Nachbarschaftswerk e.V. in Freiburg<\/li>\n<li><a href=\"https:\/\/www.freiburg-schwarzwald.de\/blog\/kultur\/medien\/diskussionskultur\/reden\/\">Reden<\/a><\/li>\n<li><a href=\"https:\/\/www.freiburg-schwarzwald.de\/blog\/regio\/regional\/\">regional<\/a><\/li>\n<li><a title=\"Revier\" href=\"https:\/\/www.freiburg-schwarzwald.de\/blog\/global\/integration\/revier\/\">Revier<\/a><\/li>\n<\/ul>\n<p>&nbsp;<\/p>\n<h5><a href=\"https:\/\/www.freiburg-schwarzwald.de\/blog\/business\/dienste\/immobilien\/quartier\/nachbarschaft\/fichte140109\/\" rel=\"attachment wp-att-43826\"><img loading=\"lazy\" decoding=\"async\" class=\"alignnone size-thumbnail wp-image-43826\" src=\"https:\/\/www.freiburg-schwarzwald.de\/blog\/wp-content\/uploads\/2012\/06\/fichte140109-135x180.jpg\" alt=\"fichte140109\" width=\"135\" height=\"180\" srcset=\"https:\/\/www.freiburg-schwarzwald.de\/blog\/wp-content\/uploads\/2012\/06\/fichte140109-135x180.jpg 135w, https:\/\/www.freiburg-schwarzwald.de\/blog\/wp-content\/uploads\/2012\/06\/fichte140109.jpg 480w\" sizes=\"auto, (max-width: 135px) 100vw, 135px\" \/><\/a>\u00a0 \u00a0 \u00a0 \u00a0 \u00a0 \u00a0 \u00a0 \u00a0 \u00a0 \u00a0 \u00a0 \u00a0<a href=\"https:\/\/www.freiburg-schwarzwald.de\/blog\/business\/dienste\/immobilien\/quartier\/nachbarschaft\/fichte-grenzstein140109\/\" rel=\"attachment wp-att-43827\"><img loading=\"lazy\" decoding=\"async\" class=\"alignnone size-thumbnail wp-image-43827\" src=\"https:\/\/www.freiburg-schwarzwald.de\/blog\/wp-content\/uploads\/2012\/06\/fichte-grenzstein140109-180x135.jpg\" alt=\"fichte-grenzstein140109\" width=\"180\" height=\"135\" srcset=\"https:\/\/www.freiburg-schwarzwald.de\/blog\/wp-content\/uploads\/2012\/06\/fichte-grenzstein140109-180x135.jpg 180w, https:\/\/www.freiburg-schwarzwald.de\/blog\/wp-content\/uploads\/2012\/06\/fichte-grenzstein140109.jpg 640w\" sizes=\"auto, (max-width: 180px) 100vw, 180px\" \/><\/a>\u00a0 \u00a0 \u00a0 \u00a0 \u00a0\u00a0<a href=\"https:\/\/www.freiburg-schwarzwald.de\/blog\/business\/dienste\/immobilien\/quartier\/nachbarschaft\/nachbarschaft-durchgang140129\/\" rel=\"attachment wp-att-44774\"><img loading=\"lazy\" decoding=\"async\" class=\"alignnone size-thumbnail wp-image-44774\" src=\"https:\/\/www.freiburg-schwarzwald.de\/blog\/wp-content\/uploads\/2012\/06\/nachbarschaft-durchgang140129-180x135.jpg\" alt=\"nachbarschaft-durchgang140129\" width=\"180\" height=\"135\" srcset=\"https:\/\/www.freiburg-schwarzwald.de\/blog\/wp-content\/uploads\/2012\/06\/nachbarschaft-durchgang140129-180x135.jpg 180w, https:\/\/www.freiburg-schwarzwald.de\/blog\/wp-content\/uploads\/2012\/06\/nachbarschaft-durchgang140129.jpg 640w\" sizes=\"auto, (max-width: 180px) 100vw, 180px\" \/><\/a><br \/>\n(1) Fichte 9.1.2014 \u00a0 \u00a0 \u00a0 \u00a0 \u00a0 \u00a0 \u00a0 \u00a0 \u00a0 \u00a0 \u00a0 \u00a0 \u00a0 \u00a0 \u00a0 \u00a0 \u00a0(2) Grenzstein \u00a0Rost\u00a0\u00a0\u00a0\u00a0\u00a0\u00a0\u00a0\u00a0\u00a0\u00a0\u00a0\u00a0\u00a0\u00a0\u00a0\u00a0\u00a0\u00a0\u00a0\u00a0\u00a0\u00a0\u00a0\u00a0\u00a0\u00a0\u00a0\u00a0\u00a0\u00a0\u00a0(3) Holz-Grenze Durchgang 29.1.14<\/h5>\n<h5><a href=\"https:\/\/www.freiburg-schwarzwald.de\/blog\/business\/dienste\/immobilien\/quartier\/nachbarschaft\/nachbarschaft140330\/\" rel=\"attachment wp-att-46625\"><img loading=\"lazy\" decoding=\"async\" class=\"alignnone size-thumbnail wp-image-46625\" src=\"https:\/\/www.freiburg-schwarzwald.de\/blog\/wp-content\/uploads\/2012\/06\/nachbarschaft140330-180x135.jpg\" alt=\"nachbarschaft140330\" width=\"180\" height=\"135\" srcset=\"https:\/\/www.freiburg-schwarzwald.de\/blog\/wp-content\/uploads\/2012\/06\/nachbarschaft140330-180x135.jpg 180w, https:\/\/www.freiburg-schwarzwald.de\/blog\/wp-content\/uploads\/2012\/06\/nachbarschaft140330.jpg 640w\" sizes=\"auto, (max-width: 180px) 100vw, 180px\" \/><\/a>\u00a0\u00a0\u00a0\u00a0\u00a0\u00a0\u00a0\u00a0\u00a0 <a href=\"https:\/\/www.freiburg-schwarzwald.de\/blog\/business\/dienste\/immobilien\/quartier\/nachbarschaft\/grenze1-1405603\/\" rel=\"attachment wp-att-48805\"><img loading=\"lazy\" decoding=\"async\" class=\"alignnone size-thumbnail wp-image-48805\" src=\"https:\/\/www.freiburg-schwarzwald.de\/blog\/wp-content\/uploads\/2012\/06\/grenze1-1405603-135x180.jpg\" alt=\"grenze1-1405603\" width=\"135\" height=\"180\" srcset=\"https:\/\/www.freiburg-schwarzwald.de\/blog\/wp-content\/uploads\/2012\/06\/grenze1-1405603-135x180.jpg 135w, https:\/\/www.freiburg-schwarzwald.de\/blog\/wp-content\/uploads\/2012\/06\/grenze1-1405603.jpg 480w\" sizes=\"auto, (max-width: 135px) 100vw, 135px\" \/><\/a>\u00a0\u00a0\u00a0\u00a0\u00a0\u00a0\u00a0\u00a0\u00a0\u00a0\u00a0\u00a0\u00a0\u00a0\u00a0\u00a0\u00a0\u00a0\u00a0\u00a0\u00a0\u00a0\u00a0<a href=\"https:\/\/www.freiburg-schwarzwald.de\/blog\/business\/dienste\/immobilien\/quartier\/nachbarschaft\/grenze2-1405603\/\" rel=\"attachment wp-att-48806\"><img loading=\"lazy\" decoding=\"async\" class=\"alignnone size-thumbnail wp-image-48806\" src=\"https:\/\/www.freiburg-schwarzwald.de\/blog\/wp-content\/uploads\/2012\/06\/grenze2-1405603-135x180.jpg\" alt=\"grenze2-1405603\" width=\"135\" height=\"180\" srcset=\"https:\/\/www.freiburg-schwarzwald.de\/blog\/wp-content\/uploads\/2012\/06\/grenze2-1405603-135x180.jpg 135w, https:\/\/www.freiburg-schwarzwald.de\/blog\/wp-content\/uploads\/2012\/06\/grenze2-1405603.jpg 480w\" sizes=\"auto, (max-width: 135px) 100vw, 135px\" \/><\/a><br \/>\n(4) Nachbarschaft 4.5.2014\u00a0\u00a0\u00a0\u00a0\u00a0\u00a0\u00a0\u00a0\u00a0\u00a0\u00a0\u00a0\u00a0\u00a0\u00a0\u00a0\u00a0\u00a0\u00a0 (5) 29.5.2014 &#8211; s\u00fcdw\u00e4rts\u00a0\u00a0\u00a0\u00a0\u00a0\u00a0\u00a0\u00a0\u00a0\u00a0\u00a0\u00a0\u00a0\u00a0\u00a0\u00a0\u00a0\u00a0\u00a0\u00a0\u00a0\u00a0\u00a0\u00a0 (6) Socke l- Blick nordw\u00e4rts<\/h5>\n<h5><a href=\"https:\/\/www.freiburg-schwarzwald.de\/blog\/business\/dienste\/immobilien\/quartier\/nachbarschaft\/grenze3-1405603\/\" rel=\"attachment wp-att-48807\"><img loading=\"lazy\" decoding=\"async\" class=\"alignnone size-thumbnail wp-image-48807\" src=\"https:\/\/www.freiburg-schwarzwald.de\/blog\/wp-content\/uploads\/2012\/06\/grenze3-1405603-180x135.jpg\" alt=\"grenze3-1405603\" width=\"180\" height=\"135\" srcset=\"https:\/\/www.freiburg-schwarzwald.de\/blog\/wp-content\/uploads\/2012\/06\/grenze3-1405603-180x135.jpg 180w, https:\/\/www.freiburg-schwarzwald.de\/blog\/wp-content\/uploads\/2012\/06\/grenze3-1405603.jpg 640w\" sizes=\"auto, (max-width: 180px) 100vw, 180px\" \/><\/a>\u00a0\u00a0\u00a0\u00a0\u00a0\u00a0\u00a0\u00a0\u00a0 <a href=\"https:\/\/www.freiburg-schwarzwald.de\/blog\/business\/dienste\/immobilien\/quartier\/nachbarschaft\/grenze4-1405603\/\" rel=\"attachment wp-att-48808\"><img loading=\"lazy\" decoding=\"async\" class=\"alignnone size-thumbnail wp-image-48808\" src=\"https:\/\/www.freiburg-schwarzwald.de\/blog\/wp-content\/uploads\/2012\/06\/grenze4-1405603-180x135.jpg\" alt=\"grenze4-1405603\" width=\"180\" height=\"135\" srcset=\"https:\/\/www.freiburg-schwarzwald.de\/blog\/wp-content\/uploads\/2012\/06\/grenze4-1405603-180x135.jpg 180w, https:\/\/www.freiburg-schwarzwald.de\/blog\/wp-content\/uploads\/2012\/06\/grenze4-1405603.jpg 640w\" sizes=\"auto, (max-width: 180px) 100vw, 180px\" \/><\/a>\u00a0\u00a0\u00a0\u00a0\u00a0\u00a0\u00a0\u00a0\u00a0\u00a0<a href=\"https:\/\/www.freiburg-schwarzwald.de\/blog\/business\/dienste\/immobilien\/quartier\/nachbarschaft\/grenze-sockel150325-2\/\" rel=\"attachment wp-att-54036\"><img loading=\"lazy\" decoding=\"async\" class=\"alignnone size-thumbnail wp-image-54036\" src=\"https:\/\/www.freiburg-schwarzwald.de\/blog\/wp-content\/uploads\/2012\/06\/grenze-sockel1503251-135x180.jpg\" alt=\"grenze-sockel150325\" width=\"135\" height=\"180\" srcset=\"https:\/\/www.freiburg-schwarzwald.de\/blog\/wp-content\/uploads\/2012\/06\/grenze-sockel1503251-135x180.jpg 135w, https:\/\/www.freiburg-schwarzwald.de\/blog\/wp-content\/uploads\/2012\/06\/grenze-sockel1503251.jpg 480w\" sizes=\"auto, (max-width: 135px) 100vw, 135px\" \/><\/a><br \/>\n(7) Schalsteine\u00a0\u00a0\u00a0\u00a0\u00a0\u00a0\u00a0\u00a0\u00a0\u00a0\u00a0\u00a0\u00a0\u00a0\u00a0\u00a0\u00a0\u00a0\u00a0\u00a0\u00a0\u00a0\u00a0\u00a0\u00a0\u00a0\u00a0\u00a0\u00a0\u00a0\u00a0\u00a0\u00a0\u00a0\u00a0\u00a0\u00a0\u00a0\u00a0 (8) Grenzstein mittig\u00a0\u00a0\u00a0\u00a0\u00a0\u00a0\u00a0\u00a0\u00a0\u00a0\u00a0\u00a0\u00a0\u00a0\u00a0\u00a0\u00a0\u00a0\u00a0\u00a0\u00a0\u00a0\u00a0\u00a0\u00a0\u00a0\u00a0\u00a0\u00a0\u00a0\u00a0 (9) 28.3.2015:\u00a0Grenz-Sockel<\/h5>\n<h5><a href=\"https:\/\/www.freiburg-schwarzwald.de\/blog\/business\/dienste\/immobilien\/quartier\/nachbarschaft\/fichte-grenze190107\/\" rel=\"attachment wp-att-70143\"><img loading=\"lazy\" decoding=\"async\" class=\"alignnone size-thumbnail wp-image-70143\" src=\"https:\/\/www.freiburg-schwarzwald.de\/blog\/wp-content\/uploads\/2012\/06\/fichte-grenze190107-135x180.jpg\" alt=\"fichte-grenze190107\" width=\"135\" height=\"180\" srcset=\"https:\/\/www.freiburg-schwarzwald.de\/blog\/wp-content\/uploads\/2012\/06\/fichte-grenze190107-135x180.jpg 135w, https:\/\/www.freiburg-schwarzwald.de\/blog\/wp-content\/uploads\/2012\/06\/fichte-grenze190107.jpg 480w\" sizes=\"auto, (max-width: 135px) 100vw, 135px\" \/><br \/>\n<\/a>(10) Fichte 8.1.2019 &#8211; 5.30 hoch (Holzstab 4 m)<\/h5>\n<h5><a href=\"https:\/\/www.freiburg-schwarzwald.de\/blog\/wp-content\/uploads\/2022\/07\/solar-hainbuche220717.jpg\"><img loading=\"lazy\" decoding=\"async\" class=\"alignnone size-thumbnail wp-image-102695\" src=\"https:\/\/www.freiburg-schwarzwald.de\/blog\/wp-content\/uploads\/2022\/07\/solar-hainbuche220717-135x180.jpg\" alt=\"\" width=\"135\" height=\"180\" srcset=\"https:\/\/www.freiburg-schwarzwald.de\/blog\/wp-content\/uploads\/2022\/07\/solar-hainbuche220717-135x180.jpg 135w, https:\/\/www.freiburg-schwarzwald.de\/blog\/wp-content\/uploads\/2022\/07\/solar-hainbuche220717-480x640.jpg 480w, https:\/\/www.freiburg-schwarzwald.de\/blog\/wp-content\/uploads\/2022\/07\/solar-hainbuche220717.jpg 600w\" sizes=\"auto, (max-width: 135px) 100vw, 135px\" \/><\/a><br \/>\n(11) Hainbuche 17.7.2022<\/h5>\n<p>&nbsp;<\/p>\n<p><strong>Harmonische Nachbarschaft<\/strong><br \/>\nDie gr\u00f6\u00dfte politische L\u00fcge unserer Zeit ist die Behauptung, sein Volk und sein Land zu lieben w\u00fcrde automatisch bedeuten, andere L\u00e4nder und V\u00f6lker hassen zu m\u00fcssen.<br \/>\nIch liebe meine Kinder mehr als irgendein anderes Kind, doch ich freue mich sehr, dass die Nachbarfamilie ihre Kinder liebt, und so bilden wir eine meist <strong><em>harmonische Nachbarschaft<\/em><\/strong>.<br \/>\nEs ist mir vollst\u00e4ndig unverst\u00e4ndlich, warum die Liebe zu meinen Kindern in irgendeiner Form eine Abneigung gegen\u00fcber anderen Kindern erzwingen sollte.<br \/>\nDushan Wegner, 10.1.2019, <a href=\"https:\/\/www.dushanwegner.com\">https:\/\/www.dushanwegner.com<\/a><br \/>\n<strong>Nachbarschaftsb\u00f6rse Freiburg-Ost \u00fcberlebt!<\/strong><br \/>\nNach dem Ausstieg der Stadt Freiburg aus der Finanzierung der Nachbarschaftsb\u00f6rse Freiburg Ost zum 31.12.2018, stellte sich die Frage, wie deren Basiskosten weiter finanziert werden k\u00f6nnen. Eine Bewerbung beim Armenfonds der Waisenhausstiftung, die traditionell Initiativen f\u00f6rdert, die sich der Altersarmut und ihren verschiedenen Herausforderungen widmet, hatte Erfolg. Da das F\u00f6rderspektrum der Stiftung breit angelegt ist, wirkt die Waisenhausstiftung auch in die Stadt hinein. Sie hilft dort, wo die \u00f6ffentliche Hand nicht mehr unterst\u00fctzen kann \u2013 wie zum Beispiel bei der Nachbarschaftsb\u00f6rse . Somit sind die Basiskosten wie Internet-, Telefon-, Bank-, Raumgeb\u00fchren und Materialien gedeckt und die Nachbarschaftsb\u00f6rse kann auch 2019 wie gewohnt weitermachen. Weiterhin bleiben die Heiliggeistspitalstiftung und der B\u00fcrgerverein Oberwiehre-Waldsee Kooperationspartner.<br \/>\n.<br \/>\nRund 650 ehrenamtliche Stunden hat das Orga-Team der B\u00f6rse im letzten Jahr gearbeitet, um die Sprechstunden, Offenen Treffs, \u00d6ffentlichkeitsarbeit u.a. zu stemmen. Das Team w\u00fcrde sich deshalb \u00fcber Unterst\u00fctzung durch weitere Ehrenamtliche sehr freuen.<br \/>\nAuch in diesem Jahr bleibt es bei den Sprechstunden immer montags 16:30-18:30 h im Pflegeb\u00fcro der Heiliggeistspitalstiftung, Eingang Hansjakobstra\u00dfe neben dem Caf\u00e9 Ambrosia und dem Offenen Treff (jeden 4. Donnerstag im Monat 16:30-18:00 h) &#8211; beides in der Wohnanlage <a title=\"Kreuzsteinaecker\" href=\"https:\/\/www.freiburg-schwarzwald.de\/blog\/selbsthilfe\/senioren\/kreuzsteinaecker\/\">Kreuzstein\u00e4cker<\/a>, Heinrich-Heine-Stra\u00dfe 10.<br \/>\n.<br \/>\nNachbarschaftsb\u00f6rse Freiburg Ost, Telefon: 0171 \u2013 3002157 (AB),<br \/>\nMail: <a href=\"mailto:nachbarschaftsboerse@gmx.de\">nachbarschaftsboerse@gmx.de<\/a>,<br \/>\n<a href=\"https:\/\/www.nbb-fr-ost.de\/\">https:\/\/www.nbb-fr-ost.de\/<br \/>\n<\/a>.<br \/>\nGabriele Hartmann, Sprecherin der Nachbarschaftsb\u00f6rse Freiburg Ost<br \/>\nHomeoffice: Heinrich-Heine-Str.10a, D-79117 Freiburg<br \/>\nTel: 0761 3838782, Mobil: 0170 8263646<br \/>\n<a href=\"https:\/\/www.nbb-fr-ost.de\">www.nbb-fr-ost.de<\/a><\/p>\n<p>&nbsp;<\/p>\n<p>&nbsp;<\/p>\n<p>&nbsp;<\/p>\n<p><strong>Sich im den Nachbarn k\u00fcmmern &#8211; keine Einmischung und Besserwisserei<\/strong><\/p>\n<p>Ein Zweij\u00e4hriger verdurstet in Leipzig neben toter Mutter&#8220;,\u00a0 23. Juni:\u00a0Mich macht die Vorstellung, dass ein Zweij\u00e4hriger in einem &#8222;b\u00fcrgerlichen und bei Familien beliebten Stadtteil&#8220; neben seiner toten Mutter verdurstet, w\u00fctend und betroffen. Die Mutter war den Beh\u00f6rden als drogenabh\u00e4ngig bekannt und vielleicht h\u00e4tten diese fr\u00fcher eingreifen sollen. Der Ruf nach den Beh\u00f6rden ist in einem solchen Fall immer naheliegend und sehr einfach. Aber: Was hat die Nachbarschaft gemacht? Die hat sich gemeldet, als der Verwesungsgeruch aus der Wohnung nicht mehr ignoriert werden konnte! Ein Zweij\u00e4hriger, der Hunger und Durst hat, macht sich bemerkbar. Und auch im Stadtteil Gohlis sind die Wohnungen sicher nicht schalldicht. Ich fordere unsere Gesellschaft auf, sich lieber einmal zu viel als zu wenig um die Angelegenheiten anderer Menschen zu k\u00fcmmern! Das muss ja nicht immer in Form von Einmischung, \u00dcbergriffigkeit und Besserwisserei geschehen. Manchmal k\u00f6nnen ein freundlicher Plausch im Flur, unverbindliche, nachbarschaftliche Unterst\u00fctzungsangebote oder ein Klingeln, wenn man jemanden schon l\u00e4nger nicht gesehen hat, Leben retten. Es hei\u00dft, um ein Kind aufzuziehen ben\u00f6tigt man ein ganzes Dorf. Wie allein muss diese Frau gewesen sein. Und wie allein war dieses Kind in der Stunde seines Todes. Das ist unsere Verantwortung! Es ist zum Heulen!<br \/>\nSarah Scherrer, Freiburg, 29.6.2012<\/p>\n<p>&nbsp;<\/p>\n<p><strong>Geht das Sozialkapital immer weiter zur\u00fcck?<\/strong><\/p>\n<p>Das Sozialkapital umfasst alles das, was Menschen mit Menschen den lieben langen Tag miteinander und f\u00fcreinander tun. In Deutschland ist es immer weiter zur\u00fcckgegangen &#8211; von den 15 wichtigsten Freizeitaktivit\u00e4ten erfordern nur noch zwei den leibhaftigen zwischenmenschlichen Kontakt: Die Familie und der Partner. Sozialforscher sprechen von Cocooning 4.0, also der Isolation in der kleinen eigenen Welt. Auch das Internet hilft da nichts. In ihrem Buch &#8222;Verloren unter 100 Freunden&#8220; zitiert die Autorin Sherry Turkle einen vom Tippen m\u00fcden Facebook-Nutzer: &#8222;Es mu\u00df sch\u00f6n gewesen sein, als man Menschen einfach kennenlernen konnte, indem man mit ihnen sprach&#8220;.<\/p>\n<p>Jedes Jahr gehen 9000 Nachbarschaftsstreitigkeiten vor Gericht. Gleichzeitig beschweren sich die B\u00fcrger \u00fcber zunehmende soziale K\u00e4lte. Laut Awo-Umfrage stellen 84% eine zunehmende Ich-Bezogenheit fest.<\/p>\n<p>J\u00f6rg Schindler: Die R\u00fcpel-Republik &#8211; Warum sind wir so unsozial?<br \/>\nSchwerz-Verlag 2012, 253 S., 14,99 Euro<br \/>\n&#8222;Wir Asozialen&#8220; in <a href=\"https:\/\/www.spiegel.de\">www.spiegel.de<\/a> 34\/2012, S. 28\/29,<br \/>\n22.8.2012<\/p>\n<p>&nbsp;<\/p>\n<p><strong>Nachbarschaftswerk e.V. in Freiburg<\/strong><\/p>\n<p>Das Nachbarschaftswerk e.V. ist ein gemeinn\u00fctziger Tr\u00e4ger sozialer Dienstleistungen in Freiburg. Wir leisten sozial-kulturelle Arbeit in Wohngebieten und unterst\u00fctzen die Vernetzung im Stadtteil.<\/p>\n<p><strong>Nachbarschaftswerk e.V.<\/strong><br \/>\nc\/o Mathias Staenke M.A., Gesch\u00e4ftsf\u00fchrer<br \/>\nAuggener Weg 73m, 79114 Freiburg,\u00a0Tel0761 \/ 47 99 99 ? 0<br \/>\n<a href=\"https:\/\/www.nachbarschaftswerk.de\">www.nachbarschaftswerk.de<\/a><\/p>\n<p><span style=\"color: #008000;\"><strong>Spendenkonto: Sparkasse Freiburg, BLZ 680 501 01, Konto-Nr.: 201 34 59<\/strong><\/span><\/p>\n","protected":false},"excerpt":{"rendered":"<p>Home &gt;Immobilien &gt;Wohnen &gt;Quartier &gt;Nachbarschaft &nbsp; Ebneter \u201eDonnerstage\u201c \u2013 jede Woche 20.15 Uhr im Schloss Ebnet\u00a0(24.2.2024) Die Gesellschaft 4.0 \u2013 Das Prinzip Regionalit\u00e4t\u00a0(17.11.2022) Miteinander reden: Freie Meinungs\u00e4u\u00dferung auf Schleichfahrt\u00a0(23.9.2022) Freiburghaeltzusammen.de &#8211; neues Portal (22.4.2020) https:\/\/www.freiburg-schwarzwald.de\/blog\/mediation-freiburg-nachfrage\/\u00a0(23.4.2019) Harmonische Nachbarschaft (10.1.2019) Nachbarschaftsb\u00f6rse Freiburg-Ost &hellip; <a href=\"https:\/\/www.freiburg-schwarzwald.de\/blog\/business\/dienste\/immobilien\/quartier\/nachbarschaft\/\">Weiterlesen <span class=\"meta-nav\">&rarr;<\/span><\/a><\/p>\n","protected":false},"author":2,"featured_media":0,"parent":2137,"menu_order":0,"comment_status":"open","ping_status":"closed","template":"","meta":{"footnotes":""},"class_list":["post-5917","page","type-page","status-publish","hentry"],"_links":{"self":[{"href":"https:\/\/www.freiburg-schwarzwald.de\/blog\/wp-json\/wp\/v2\/pages\/5917","targetHints":{"allow":["GET"]}}],"collection":[{"href":"https:\/\/www.freiburg-schwarzwald.de\/blog\/wp-json\/wp\/v2\/pages"}],"about":[{"href":"https:\/\/www.freiburg-schwarzwald.de\/blog\/wp-json\/wp\/v2\/types\/page"}],"author":[{"embeddable":true,"href":"https:\/\/www.freiburg-schwarzwald.de\/blog\/wp-json\/wp\/v2\/users\/2"}],"replies":[{"embeddable":true,"href":"https:\/\/www.freiburg-schwarzwald.de\/blog\/wp-json\/wp\/v2\/comments?post=5917"}],"version-history":[{"count":5,"href":"https:\/\/www.freiburg-schwarzwald.de\/blog\/wp-json\/wp\/v2\/pages\/5917\/revisions"}],"predecessor-version":[{"id":121053,"href":"https:\/\/www.freiburg-schwarzwald.de\/blog\/wp-json\/wp\/v2\/pages\/5917\/revisions\/121053"}],"up":[{"embeddable":true,"href":"https:\/\/www.freiburg-schwarzwald.de\/blog\/wp-json\/wp\/v2\/pages\/2137"}],"wp:attachment":[{"href":"https:\/\/www.freiburg-schwarzwald.de\/blog\/wp-json\/wp\/v2\/media?parent=5917"}],"curies":[{"name":"wp","href":"https:\/\/api.w.org\/{rel}","templated":true}]}}