{"id":58893,"date":"2016-01-24T13:13:03","date_gmt":"2016-01-24T12:13:03","guid":{"rendered":"https:\/\/www.freiburg-schwarzwald.de\/blog\/?page_id=58893"},"modified":"2025-09-20T20:36:29","modified_gmt":"2025-09-20T18:36:29","slug":"erotik","status":"publish","type":"page","link":"https:\/\/www.freiburg-schwarzwald.de\/blog\/selbsthilfe\/frauen\/erotik\/","title":{"rendered":"Erotik"},"content":{"rendered":"<p>Home &gt;<a title=\"Selbsthilfe\" href=\"https:\/\/www.freiburg-schwarzwald.de\/blog\/selbsthilfe\/\">Selbsthilfe<\/a> &gt;<a title=\"Frauen\" href=\"https:\/\/www.freiburg-schwarzwald.de\/blog\/selbsthilfe\/frauen\/\">Frauen<\/a> &gt;<a title=\"Maenner\" href=\"https:\/\/www.freiburg-schwarzwald.de\/blog\/selbsthilfe\/maenner\/\">Maenner<\/a> &gt;Erotik<\/p>\n<div id=\"attachment_58717\" style=\"width: 650px\" class=\"wp-caption alignnone\"><a href=\"https:\/\/www.freiburg-schwarzwald.de\/blog\/kultur\/kunst\/textilart\/braunkehlchen-textilart-pan151231\/\" rel=\"attachment wp-att-58717\"><img loading=\"lazy\" decoding=\"async\" aria-describedby=\"caption-attachment-58717\" class=\"size-full wp-image-58717\" src=\"https:\/\/www.freiburg-schwarzwald.de\/blog\/wp-content\/uploads\/2015\/07\/braunkehlchen-textilart-pan151231.jpg\" alt=\"Braunkehlchen - TextilArt am 15.1.2016\" width=\"640\" height=\"282\" srcset=\"https:\/\/www.freiburg-schwarzwald.de\/blog\/wp-content\/uploads\/2015\/07\/braunkehlchen-textilart-pan151231.jpg 640w, https:\/\/www.freiburg-schwarzwald.de\/blog\/wp-content\/uploads\/2015\/07\/braunkehlchen-textilart-pan151231-180x79.jpg 180w\" sizes=\"auto, (max-width: 640px) 100vw, 640px\" \/><\/a><p id=\"caption-attachment-58717\" class=\"wp-caption-text\">Braunkehlchen &#8211; <a title=\"TextilArt\" href=\"https:\/\/www.freiburg-schwarzwald.de\/blog\/kultur\/kunst\/textilart\/\">TextilArt<\/a> am 15.1.2016<\/p><\/div>\n<ul>\n<li><em>Listenauswahl eines Beitrags (Artikel\/Datum, Seite\/Inhalt): <span style=\"text-decoration: underline;\">Klicken<\/span> oder scrollen<\/em><\/li>\n<li>Catcalling \u2013 das wichtigste Problem f\u00fcr SPD-Frauen (10.9.2025)<\/li>\n<li><a href=\"https:\/\/www.freiburg-schwarzwald.de\/blog\/fluechtlinge-ohne-disco-zutritt\/\">https:\/\/www.freiburg-schwarzwald.de\/blog\/fluechtlinge-ohne-disco-zutritt\/<\/a> (23.1.2016)<\/li>\n<li>Muslimische Migranten deuten\u00a0erotischer Selbstdarstellung in sexuelle Einladung um (14.1.2016)<\/li>\n<li><span class=\"Stichwort\">Muslimisches Frauenbild &#8211;\u00a0<\/span>Sie hassen uns (11.1.2016)<\/li>\n<li><\/li>\n<li><a title=\"Feminismus\" href=\"https:\/\/www.freiburg-schwarzwald.de\/blog\/selbsthilfe\/frauen\/feminismus\/\">Feminismus<\/a><\/li>\n<li><a title=\"Frauenrechte\" href=\"https:\/\/www.freiburg-schwarzwald.de\/blog\/global\/integration\/frauenrechte\/\">Frauenrechte \u2013 Integration<\/a><\/li>\n<li><a title=\"Frauen-Iran\" href=\"https:\/\/www.freiburg-schwarzwald.de\/blog\/global\/iran\/frauen-iran\/\">Frauen im Iran<\/a><\/li>\n<li><a title=\"Gender\" href=\"https:\/\/www.freiburg-schwarzwald.de\/blog\/selbsthilfe\/frauen\/gender\/\">Gender Mainstreaming<\/a>\u00a0&gt;Gender<\/li>\n<li><a title=\"Islam-Frauen\" href=\"https:\/\/www.freiburg-schwarzwald.de\/blog\/religion\/islam\/islam-frauen\/\">Islam-Frauen<\/a><\/li>\n<li><a title=\"Maedchen\" href=\"https:\/\/www.freiburg-schwarzwald.de\/blog\/selbsthilfe\/kinder\/maedchen\/\">M\u00e4dchen<\/a><\/li>\n<li><a title=\"Sexuellermissbrauch\" href=\"https:\/\/www.freiburg-schwarzwald.de\/blog\/selbsthilfe\/krise\/sexuellermissbrauch\/\">SexuellerMissbrauch<\/a><\/li>\n<li><a title=\"Zwangsheirat\" href=\"https:\/\/www.freiburg-schwarzwald.de\/blog\/selbsthilfe\/frauen\/zwangsheirat\/\">Zwangsheirat \u2013 Arrangierte Ehe<\/a><\/li>\n<\/ul>\n<p>&nbsp;<\/p>\n<p><strong>Catcalling \u2013 das wichtigste Problem f\u00fcr SPD-Frauen<\/strong><br \/>\nWer immer noch die Illusion hat, die Politiker w\u00fcrden endlich anfangen, sich um die multiplen Probleme des Landes zu k\u00fcmmern, muss die Hoffnung fahren lassen. Denn das Gegenteil ist der Fall: Politiker, in diesem Fall Politiker*innen, sind dabei, immer neue Probleme zu kreieren.<br \/>\nDie Nachrichten erfreuten mit der Meldung, dass SPD-Politikerinnen der Meinung sind, dass sogenanntes \u201eCatcalling\u201c, also zum Beispiel, wenn ein Mann es wagen sollte, im Vor\u00fcbergehen einer Frau zu sagen, dass sie heute besonders gut aussehe, endlich zum Straftatbestand gemacht werden sollte. Denn bei der Frau, die unter dem unerw\u00fcnschten Kompliment leiden muss, k\u00f6nnten sich posttraumatische Belastungsst\u00f6rungen einstellen. Da muss unbedingt etwas getan werden.<br \/>\nWo kommen wir denn hin, wenn irgendwelche Kerle ungestraft mit Komplimenten um sich werfen? Da muss sofort eine neue Denunziationsplattform her, damit die bisher unter die Strafbarkeitsgrenze fallenden sch\u00f6nen Worte schon mal gesammelt und, wenn das dringend notwendige Gesetz endlich da ist, postum bestraft werden k\u00f6nnen.<br \/>\nKein Wort h\u00f6rte man von diesen SPD-Frauen, als die Ukrainerin Liana, die bei uns vor dem Krieg Schutz gesucht hatte, von einem abgelehnten Asylbewerber mit mehreren Identit\u00e4ten vor einen G\u00fcterzug gesto\u00dfen wurde. Aber klar, der Mann hat Liana vorher kaum mit unerw\u00fcnschten Komplimenten, sondern mit Drohungen \u00fcbersch\u00fcttet. Das einzige Problem ist offenbar, dass die CDU noch z\u00f6gert, diesem absurden SPD-Vorhaben zuzustimmen.<\/p>\n<p>Von Politikern und Beh\u00f6rden hinter die Fichte gef\u00fchrt werden<br \/>\nWeniger zur\u00fcckhaltend ist die CDU Sachsen mit der Ablehnung des richtigen Vorschlags von NRW, neben dem deutschen Pass eines Straft\u00e4ters auch sein Herkunftsland zu nennen. Diente es doch der T\u00e4uschung der \u00d6ffentlichkeit, mehr deutsche T\u00e4ter in der Statistik abzubilden, als es wirklich gibt. Oder genauer gesagt: die H\u00f6he der Migrantenkriminalit\u00e4t zu verschleiern.<br \/>\nDie innenpolitische Sprecherin der SPD-Landtagsfraktion Th\u00fcringen lehnt den Vorschlag, die Herkunft eines T\u00e4ters zu benennen, ab mit der Begr\u00fcndung, es w\u00fcrde die Sicherheit Th\u00fcringens nicht beeinflussen. Aber es beeinflusst massiv das Vertrauen der Bev\u00f6lkerung in die Politik, wenn die B\u00fcrger merken, dass sie, statt wahrheitsgem\u00e4\u00df informiert, von den Politikern und Beh\u00f6rden hinter die Fichte gef\u00fchrt werden.<br \/>\nImmerhin eins ist sicher: Politiker-Catcalling gibt es nicht, denn wirklich niemand au\u00dferhalb der NGO-Blase kommt auf die Idee, Politiker mit Komplimenten f\u00fcr ihre gute Politik zu bedenken.<br \/>\n&#8230; Alles vom 10.9.2025 von Vera Lengsfeld bitte lesen auf<br \/>\n<a href=\"https:\/\/www.achgut.com\/artikel\/catcalling_das_wichtigste_problem_fuer_spd_frauen\">https:\/\/www.achgut.com\/artikel\/catcalling_das_wichtigste_problem_fuer_spd_frauen<\/a><\/p>\n<p><em>Vera Lengsfeld, geboren 1952 in Th\u00fcringen ist eine Politikerin und Publizistin. Sie war B\u00fcrgerrechtlerin und Mitglied der ersten frei gew\u00e4hlten Volkskammer der DDR. Von 1990 bis 2005 war sie Mitglied des Deutschen Bundestages zun\u00e4chst bis 1996 f\u00fcr B\u00fcndnis 90\/Die Gr\u00fcnen, ab 1996 f\u00fcr die CDU. Seitdem bet\u00e4tigt sie sich als freischaffende Autorin. 2008 wurde sie mit dem Bundesverdienstkreuz am Bande geehrt. Dieser Beitrag erschien zuerst auf ihrem Blog vera-lengsfeld.de. Vera Lengsfelds Buch \u201eIst mir egal \u2013 Wie Angela Merkel die CDU und Deutschland ruiniert hat\u201c, Achgut Edition, ist hier im Achgut-Shop bestellbar<\/em><\/p>\n<p>&nbsp;<\/p>\n<p><strong>Islamisch-arabische Welt: Keine Erotik &#8211; keine Girl Friends<\/strong><br \/>\nEs gibt in der muslimischen Kultur kein &#8222;girl friend&#8220;. Ich bin Jahrgang 1943. Ich kann mich erinnern, dass es auch in Deutschland eine Zeit ohne &#8222;girl friend&#8220; gab. Es gab eine Braut und eine Ehefrau. Alles andere spielte sich im halbseidenen Milieu ab. In der muslimischen Gruppe gilt das immer noch. Da drohen unerh\u00f6rt harte Strafen, wenn sich M\u00e4nner an ihre M\u00e4dchen heranmachen. \u00a0&#8230;.<br \/>\nDie westlichen Frauen gelten schnell als Huren, weil die vorehelichen Verkehr haben. Sie werden zur Beute, auf die sie auch von den Eltern verwiesen werden, damit die T\u00f6chter rein und ehef\u00e4hig bleiben. Da folgen die sexuellen \u00dcbergriffe quasi naturgesetzlich. Wenn man das vorher nicht wei\u00df und die Einwanderung als Fortschritt zu allgemeiner Harmonie gepriesen hat, dann steht man als Naivling oder gar T\u00e4uscher da und sucht im Vertuschen einen Ausweg. Von der Polizei angefangen bis in die Politik. \u00a0&#8230;&#8230;Alles vom 15.1.2016 von Prof Gunnar Heinsohn bitte lesen auf<br \/>\n<a href=\"https:\/\/www.welt.de\/vermischtes\/article151043934\/Es-gibt-in-der-islamischen-Welt-keine-girl-friends.html\">https:\/\/www.welt.de\/vermischtes\/article151043934\/Es-gibt-in-der-islamischen-Welt-keine-girl-friends.html<\/a><\/p>\n<p>&nbsp;<\/p>\n<p>&nbsp;<\/p>\n<p><strong>Muslimische Migranten deuten\u00a0erotischer Selbstdarstellung in sexuelle Einladung um<br \/>\n<\/strong>Die hier \u00fcbliche Selbstrepr\u00e4sentation durch Bekleidung und Habitus unterliegt einem Risiko, dass n\u00e4mlich dessen erotische Komponente von jungen Muslimen in eine Geste der <a title=\"Vergewaltigung\" href=\"https:\/\/www.freiburg-schwarzwald.de\/blog\/selbsthilfe\/krise\/sexuellermissbrauch\/vergewaltigung\/\">sexuellen Einladung<\/a> umgedeutet wird. Wer das so erlebt, der nennt Frauen, die ihm zu aufdringlich sich zeigen, Huren oder Schlampen. Mit einer Demokratie ist es nicht zu vereinbaren, dass derjenige, der davon erregt, irritiert oder besch\u00e4mt wird, von Frauen verlangt, dass sie ihre Reize hinter dem <a title=\"Kopftuch\" href=\"https:\/\/www.freiburg-schwarzwald.de\/blog\/kopftuch\/\">Tschador<\/a> verschwinden lassen. Die Demokratie erwartet von allen eine weitaus gr\u00f6\u00dfere Triebregulierung und das hei\u00dft auch immer h\u00f6heren Triebverzicht, als das in Clan, Stammeskulturen und autorit\u00e4ren Systemen der Fall ist. Weil Triebverzicht und Triebkontrolle vom Einzelnen zu leisten ist, verlieren die Verbote und vor allem strafbewehrten Regulierungen der Stammes und Clangesellschaften ihre m\u00e4\u00dfigende Wirkung. Die <a title=\"Verschleierung\" href=\"https:\/\/www.freiburg-schwarzwald.de\/blog\/religion\/islam\/verschleierung\/\">Verh\u00e4ngung der Frau mit T\u00fcchern<\/a> ist deshalb in diesen L\u00e4ndern ein Schutzmechanismus vor M\u00e4nnern und f\u00fcr diese selber. Die selbstgef\u00e4llige Darstellung der Frau wird deshalb in den Bereich des Privaten verbannt. F\u00e4llt dieser Vorhang, dann werden Aggressionen freigesetzt und sexuelle W\u00fcnsche der gesinnungsverschworenen Gruppe ausgelebt. Frauen werden erniedrigt, weil die Gruppe zur Selbstkontrolle nicht f\u00e4hig ist. Das geschah in K\u00f6ln und anderswo. Diese M\u00e4nner sind freiheitlicher Kommunikation und Beziehungsformen von Demokratien noch nicht f\u00e4hig.<\/p>\n<p>Die Dimension der <strong>\u00f6ffentlichen Erotik<\/strong>, die zwischen Gew\u00e4hren und Verweigern eine spielerische bis brisante Zwischenstellung einnimmt, stellt hohe Anforderungen an Selbsteinsch\u00e4tzung und Selbstkontrolle aller Beteiligten. Sie ist in Clan\u2013 und Stammesgesellschaften wie darin noch immer befangenen Zwischenstufen weitgehend unbekannt. Wer das \u00fcbersieht und allein am Fetisch der Sprachbeherrschung die absehbare Integration festmachen will, der verkennt wesentliche kulturelle Differenzen, die zwischen den meisten Fl\u00fcchtlingen und den Lebensverh\u00e4ltnissen hierzulande bestehen. Sie sind der Grund, die Integration als Projekt von weit mehr als einer Generation zu veranschlagen. Erst dann werden in den Tiefendimensionen der Geschlechterbeziehungen Ver\u00e4nderungen allm\u00e4hlich eintreten, die zu demokratischen Verkehrsformen bef\u00e4higen. Es sollte auch Politikern einleuchten, dass Demokratie eben nicht nur ein Verfahren der Willensbildung und Gesellschaftsgestaltung ist. Vielmehr ist es eine Anforderung, die emotionalen und psychischen Voraussetzungen dazu vor allem durch die Familie zu schaffen. Dadurch werden gegen- und wechselseitig in ihrer Unterschiedlichkeit sich akzeptierende Beziehung zwischen M\u00e4nnern und Frauen \u00fcberhaupt erst erlebbar.\u00a0&#8230;.<br \/>\nAlles von Prof Dr. Gerhard Amendt vom 14.1.2016 bitte lesen auf<br \/>\n<a href=\"https:\/\/www.achgut.com\">www.achgut.com<\/a> bzw. \u00a0<a href=\"https:\/\/agensev.de\/content\/k%C3%B6ln-neufeministische-opferverh%C3%B6hnung\">https:\/\/agensev.de\/content\/k%C3%B6ln-neufeministische-opferverh%C3%B6hnung<br \/>\n.<\/a><\/p>\n<p><strong><span class=\"Stichwort\">Muslimisches Frauenbild &#8211;\u00a0<\/span>Sie hassen uns<\/strong><br \/>\nDie giftige Mischung aus nordafrikanisch-arabischer Kultur und Religion, die sich in der K\u00f6lner Silvesternacht Bahn brach, wird in Deutschland noch immer <a title=\"Relativierung \u2013 Whataboutism\" href=\"https:\/\/www.freiburg-schwarzwald.de\/blog\/relativierung-whataboutism\/\">besch\u00f6nigt<\/a> oder beschwiegen. Islamkritik ist \u00fcberf\u00e4llig. &#8230;.<br \/>\nSexuelle \u00dcbergriffe sind in islamischen L\u00e4ndern die Regel und nicht Ausnahmen. Eine Muslimin kann in Deutschland den Bus nehmen, ohne bef\u00fcrchten zu m\u00fcssen, begrabscht zu werden, eine Europ\u00e4erin in Nordafrika kann das nicht. Davon konnte ich mich w\u00e4hrend meines zehnj\u00e4hrigen Aufenthaltes in Algerien und Marokko \u00fcberzeugen. Eine Muslimin kann in Deutschland auf den Markt gehen, ohne pl\u00f6tzlich M\u00e4nnerh\u00e4nde am Hintern zu sp\u00fcren, eine Europ\u00e4erin kann das in Nordafrika nicht. &#8230;.<br \/>\nDer Gewaltausbruch von K\u00f6ln war jedoch derart heftig, dass sich die \u201egiftige Mischung aus Kultur und Religion\u201c, die die \u00e4gyptische Feministin und Schriftstellerin Mona Eltahawy in ihrem Buch \u201eFoulards et Hymens. Pourquoi le Moyen Orient doit faire sa r\u00e9volution sexuelle\u201c (\u201eSchleier und Jungfernh\u00e4utchen. Warum es im Nahen Osten eine sexuelle Revolution geben muss\u201c) detailliert darlegt, nicht l\u00e4nger leugnen oder verdr\u00e4ngen l\u00e4sst, auch wenn das von linker und muslimischer Seite auch jetzt wieder versucht wird. &#8230;.<br \/>\nAlles vom 11.1.2016 von \u00a0Samuel Schirmbeck bitte lesen auf<br \/>\n<a href=\"https:\/\/www.faz.net\/aktuell\/politik\/inland\/gastbeitrag-von-samuel-schirmbeck-zum-muslimischen-frauenbild-14007010.html?printPagedArticle=true#pageIndex_2\">https:\/\/www.faz.net\/aktuell\/politik\/inland\/gastbeitrag-von-samuel-schirmbeck-zum-muslimischen-frauenbild-14007010.html?printPagedArticle=true#pageIndex_2<\/a><\/p>\n<p id=\"pageIndex_1\" class=\"First PreviewPagemarker\"><em><span class=\"Bildunterschrift\" title=\"Samuel Schirmbeck ist Autor und Filmemacher. Er berichtete bis 2001 als Korrespondent der ARD \u00fcber Algerien.\">Samuel Schirmbeck ist Autor und Filmemacher. Er berichtete bis 2001 als Korrespondent der ARD \u00fcber Algerien.<\/span><\/em><\/p>\n<div id=\"iq-artikelanker\"><\/div>\n","protected":false},"excerpt":{"rendered":"<p>Home &gt;Selbsthilfe &gt;Frauen &gt;Maenner &gt;Erotik Listenauswahl eines Beitrags (Artikel\/Datum, Seite\/Inhalt): Klicken oder scrollen Catcalling \u2013 das wichtigste Problem f\u00fcr SPD-Frauen (10.9.2025) https:\/\/www.freiburg-schwarzwald.de\/blog\/fluechtlinge-ohne-disco-zutritt\/ (23.1.2016) Muslimische Migranten deuten\u00a0erotischer Selbstdarstellung in sexuelle Einladung um (14.1.2016) Muslimisches Frauenbild &#8211;\u00a0Sie hassen uns (11.1.2016) Feminismus Frauenrechte &hellip; <a href=\"https:\/\/www.freiburg-schwarzwald.de\/blog\/selbsthilfe\/frauen\/erotik\/\">Weiterlesen <span class=\"meta-nav\">&rarr;<\/span><\/a><\/p>\n","protected":false},"author":2,"featured_media":0,"parent":59,"menu_order":0,"comment_status":"open","ping_status":"closed","template":"","meta":{"footnotes":""},"class_list":["post-58893","page","type-page","status-publish","hentry"],"_links":{"self":[{"href":"https:\/\/www.freiburg-schwarzwald.de\/blog\/wp-json\/wp\/v2\/pages\/58893","targetHints":{"allow":["GET"]}}],"collection":[{"href":"https:\/\/www.freiburg-schwarzwald.de\/blog\/wp-json\/wp\/v2\/pages"}],"about":[{"href":"https:\/\/www.freiburg-schwarzwald.de\/blog\/wp-json\/wp\/v2\/types\/page"}],"author":[{"embeddable":true,"href":"https:\/\/www.freiburg-schwarzwald.de\/blog\/wp-json\/wp\/v2\/users\/2"}],"replies":[{"embeddable":true,"href":"https:\/\/www.freiburg-schwarzwald.de\/blog\/wp-json\/wp\/v2\/comments?post=58893"}],"version-history":[{"count":2,"href":"https:\/\/www.freiburg-schwarzwald.de\/blog\/wp-json\/wp\/v2\/pages\/58893\/revisions"}],"predecessor-version":[{"id":139235,"href":"https:\/\/www.freiburg-schwarzwald.de\/blog\/wp-json\/wp\/v2\/pages\/58893\/revisions\/139235"}],"up":[{"embeddable":true,"href":"https:\/\/www.freiburg-schwarzwald.de\/blog\/wp-json\/wp\/v2\/pages\/59"}],"wp:attachment":[{"href":"https:\/\/www.freiburg-schwarzwald.de\/blog\/wp-json\/wp\/v2\/media?parent=58893"}],"curies":[{"name":"wp","href":"https:\/\/api.w.org\/{rel}","templated":true}]}}