{"id":58668,"date":"2016-01-15T18:27:10","date_gmt":"2016-01-15T17:27:10","guid":{"rendered":"https:\/\/www.freiburg-schwarzwald.de\/blog\/?page_id=58668"},"modified":"2022-04-16T14:12:43","modified_gmt":"2022-04-16T12:12:43","slug":"kompetenz","status":"publish","type":"page","link":"https:\/\/www.freiburg-schwarzwald.de\/blog\/global\/integration\/kompetenz\/","title":{"rendered":"Kompetenz"},"content":{"rendered":"<p><a href=\"https:\/\/www.freiburg-schwarzwald.de\/blog\">Home<\/a> &gt;<a title=\"Global\" href=\"https:\/\/www.freiburg-schwarzwald.de\/blog\/global\/\">Global<\/a>\u00a0&gt;<a title=\"Migration\" href=\"https:\/\/www.freiburg-schwarzwald.de\/blog\/global\/migration\/\">Migration<\/a> &gt;<a title=\"Integration\" href=\"https:\/\/www.freiburg-schwarzwald.de\/blog\/global\/integration\/\">Integration<\/a> &gt;Kompetenz<\/p>\n<p><a href=\"https:\/\/www.freiburg-schwarzwald.de\/blog\/kultur\/musik\/trommeln\/trommeln-pan150725\/\" rel=\"attachment wp-att-55774\"><img loading=\"lazy\" decoding=\"async\" class=\"size-full wp-image-55774\" src=\"https:\/\/www.freiburg-schwarzwald.de\/blog\/wp-content\/uploads\/2015\/08\/trommeln-pan150725.jpg\" alt=\"Percussion-Gruppe des MV Littenweiler samstags im Schulhof am 25. Juli 2015\" width=\"640\" height=\"266\" srcset=\"https:\/\/www.freiburg-schwarzwald.de\/blog\/wp-content\/uploads\/2015\/08\/trommeln-pan150725.jpg 640w, https:\/\/www.freiburg-schwarzwald.de\/blog\/wp-content\/uploads\/2015\/08\/trommeln-pan150725-180x74.jpg 180w\" sizes=\"auto, (max-width: 640px) 100vw, 640px\" \/><\/a><\/p>\n<p>Percussion-Gruppe des MV Littenweiler samstags im Schulhof am 25. Juli 2015<\/p>\n<ul>\n<li><a href=\"https:\/\/www.freiburg-schwarzwald.de\/blog\/parteipolitik-statt-kompetenz\/\">Parteipolitik statt Kompetenz<\/a>\u00a0(13.4.2022)<\/li>\n<li><a href=\"https:\/\/www.freiburg-schwarzwald.de\/blog\/regio\/verkehr\/eisenbahn\/breisgau-s-bahn\/\">Bahn: Japan mi\u00dft Versp\u00e4tungen in Sekunden \u2013 D in Tagen<\/a> (15.7.2021)<\/li>\n<li><a href=\"https:\/\/www.freiburg-schwarzwald.de\/blog\/jugend-kompetenz-oder-nix\/\">Jugend: Kompetenz oder nix als Geringqualifikation?<\/a>\u00a0(10.7.2021)<\/li>\n<li><a href=\"https:\/\/www.freiburg-schwarzwald.de\/blog\/global\/ostasien\/\">Gunnar Heinsohn: Kompetente L\u00e4nder kommen besser durch Coronakrise<\/a>\u00a0(5.7.2021)<\/li>\n<li><a href=\"https:\/\/www.freiburg-schwarzwald.de\/blog\/wettkampf-um-die-klugen\/\">Wettkampf um die Klugen<\/a>\u00a0(29.12.2020)<\/li>\n<li><a href=\"https:\/\/www.freiburg-schwarzwald.de\/blog\/engagement\/zukunft\/zukunftsfaehiges-deutschland\/\">Erfolg von Staaten: Eigenverantwortung, nicht nur IQ<\/a>\u00a0(28.12.2020)<\/li>\n<li>Wettkampf um die Klugen &#8211; ein antirassistisches Buch von Gunnar Heinsohn (28.12.2020)<\/li>\n<li><a href=\"https:\/\/www.freiburg-schwarzwald.de\/blog\/bildung\/heinsohn\/\">Gunnar Heinsohn: \u201eWettkampf um die Klugen\u201c<\/a> (10.11.2020)<\/li>\n<li>USA ist Kompetenzfestung &#8211; EU ist Mekka der Hoffnungslosen (1.3.2016)<\/li>\n<li>Integration als Problem der Kompetenz, nicht der Rasse oder Religion (15.1.2016)<\/li>\n<li><a href=\"https:\/\/www.freiburg-schwarzwald.de\/blog\/kompetenzfestung-europa\/\">https:\/\/www.freiburg-schwarzwald.de\/blog\/kompetenzfestung-europa\/<\/a> (18.11.2015)<\/li>\n<li>Wieviel Zuwanderer kann Europa aufnehmen &#8211; Kompetenzfestungen? (15.5.2015)<\/li>\n<li><\/li>\n<li><a title=\"Duale Bildung\" href=\"https:\/\/www.freiburg-schwarzwald.de\/blog\/bildung\/duale-bildung\/\">Bildung<\/a><\/li>\n<li><a title=\"Einwanderungsgesetz\" href=\"https:\/\/www.freiburg-schwarzwald.de\/blog\/global\/integration\/einwanderungsgesetz\/\">Einwanderungsgesetz<\/a><\/li>\n<li><a title=\"Fluechtlinge\" href=\"https:\/\/www.freiburg-schwarzwald.de\/blog\/global\/integration\/fluechtlinge\/\">Fl\u00fcchtlinge<\/a><\/li>\n<li><a href=\"https:\/\/www.freiburg-schwarzwald.de\/blog\/bildung\/heinsohn\/\">Heinsohn<\/a><\/li>\n<li><a title=\"Integration\" href=\"https:\/\/www.freiburg-schwarzwald.de\/blog\/global\/integration\/\">Integration<\/a><\/li>\n<li><a href=\"https:\/\/www.freiburg-schwarzwald.de\/blog\/global\/ostasien\/\">Ostasien<\/a><\/li>\n<li><a title=\"Schulen\" href=\"https:\/\/www.freiburg-schwarzwald.de\/blog\/bildung\/schulen\/\">Schulen<\/a><\/li>\n<li><a href=\"https:\/\/www.freiburg-schwarzwald.de\/blog\/engagement\/zukunft\/zukunftsfaehiges-deutschland\/\">Zukunftsfaehiges Deutschland<\/a><\/li>\n<\/ul>\n<p>&nbsp;<\/p>\n<p><strong>Wettkampf um die Klugen &#8211; ein antirassistisches Buch von Gunnar Heinsohn<\/strong><br \/>\n\u00dcber Weihnachten las ich nichts Erbauliches, sondern Gunnar Heinsohns so niederschmetterndes wie augen\u00f6ffnendes Buch &#8222;Wettkampf um die Klugen&#8220;. Das 200-Seiten-B\u00e4ndchen ist mein Buch des Jahres; es scheint mir die wichtigste deutschsprachige Analyse dessen, was uns bevorsteht, seit <a href=\"https:\/\/www.freiburg-schwarzwald.de\/blog\/global\/deutschland\/sieferle\/\">Sieferle<\/a> &#8222;Epochenwechsel&#8220; zu sein.<br \/>\nSein Gegenstand ist die Verteilung der kognitiven F\u00e4higkeiten unter den konstruierten V\u00f6lepochenwechselkern und nicht existierenden Rassen mitsamt dem daraus resultierenden titelgebenden Wettbewerb um die Besten.<br \/>\nEs handelt sich also aus einer gewissen Perspektive um ein <a href=\"https:\/\/www.freiburg-schwarzwald.de\/blog\/engagement\/rassismus\/\">rassistisches<\/a> Buch. Diese gewisse Perspektive nennt sich die <a href=\"https:\/\/www.freiburg-schwarzwald.de\/blog\/engagement\/rassismus\/antirassismus\/\">antirassistische<\/a>, und ihre Kombattanten haben bereits mit der Vorneverteidigung gegen jene Befunde begonnen, die Heinsohn lakonisch analysiert, denn bekannt sind sie schon l\u00e4nger \u2013 sie wurden nur dem Publikum noch nie so unger\u00fchrt um die Ohren gehauen; Heinsohn, 77, \u00d6konom und Soziologe, ist Emeritus und Exilant, er kann sich das leisten.<br \/>\nMan darf in der westlichen \u00d6ffentlichkeit bekanntlich nicht und auch nicht positiv diskriminieren (= unterscheiden), etwa mit der Feststellung: &#8222;Ostasiaten sind flei\u00dfig und intelligent&#8220;, denn das gilt ebenfalls als eine &#8222;rassistische Zuschreibung&#8220; (obwohl Ostasiaten, wenngleich nicht alle, kolossal flei\u00dfig und auffallend intelligent sind), schlie\u00dflich werden s\u00e4mtliche Menschen und Menschengruppen gleich bef\u00e4higt geboren, nur die ungerechten sozialen Verh\u00e4ltnisse verzerren diese Tatsache, weshalb solche Unterschiede beseitigt werden m\u00fcssen.&#8216;<br \/>\n.<br \/>\nSo lautet das zentrale Glaubensbekenntnis innerhalb der westlichen Welt, ohne dessen regelm\u00e4\u00dfige \u00f6ffentliche Bekundung eine politische, universit\u00e4re, kulturbetriebliche, mediale oder wirtschaftliche Karriere kaum mehr m\u00f6glich ist. Zunehmend geraten auch die Naturwissenschaften in den Malstrom des Bekenntniszwangs. Das erste und bei n\u00e4herer Betrachtung einzige Gebot dieser in sadistischer Menschheitsliebe vereinten Glaubensgemeinschaft lautet: Du sollst nicht unterscheiden!<br \/>\nFreilich, da es in Glaubensdingen ohne Manich\u00e4ismus nicht funktioniert, machen diese (\u00fcberwiegend wei\u00dfen) Edlen bei wei\u00dfen Teufeln denn doch einen Unterschied. Als ein wissenschaftlich verbr\u00e4mtes Werkzeug des wei\u00dfen Rassismus gilt unseren (viel zu selten selber getesteten) egalit\u00e4ren Missionaren der IQ-Test, den \u00fcbrigens ein deutscher Jude erfunden hat. Der linke Soziologe Pierre Bordieu verdammte anno 1978 die gesamte Intelligenzforschung als rassistisch, weil die &#8222;herrschende Klasse&#8220; das IQ-&#8222;Konzept&#8220; lediglich zur Rechtfertigung ihrer Privilegien missbrauche. Vier Jahr sp\u00e4ter ver\u00f6ffentlichte Richard Lynn in der Zeitschrift Nature den Aufsatz &#8222;IQ in Japan and the United States shows a growing disparity&#8220;. Der Durchschnitts-IQ der Japaner liege bei 105, f\u00fcnf Punkte h\u00f6her als bei Briten und Amerikanern, verk\u00fcndete der Intelligenzforscher einer staunenden Community. Das hei\u00dft, das von wei\u00dfen Rassisten ausgekl\u00fcgelte Instrument zum Nachweis ihrer kognitiven \u00dcberlegenheit ma\u00df tats\u00e4chlich \u2013 und tut es seither mit konstanter Zuverl\u00e4ssigkeit \u2013 die \u00dcberlegenheit der &#8222;Gelben&#8220; (wobei &#8222;gelb&#8220; hier synonym f\u00fcr ostasiatisch steht; es lebe die Differenz!).<br \/>\nAn dieser Stelle trennt sich schon der rassistische Spreu vom rassistischen Weizen. Zu Letzterem darf sich n\u00e4mlich nur z\u00e4hlen, wer Ungleichheiten zum eigenen Nachteil freudig akzeptiert, weil er die Unterschiede als solche heiligt. &#8222;Rassismus \u00e4u\u00dfert sich fast immer darin, fremde Kompetenz zu bestreiten und eigene zu \u00fcberh\u00f6hen&#8220;, notiert Heinsohn. &#8222;Eine antirassistische Politik kann sich nur ehrlich machen, wenn sie \u00dcberlegenheit anerkennt.&#8220; Na dann fangen wir mal damit an.<\/p>\n<p>Die \u00dcberlegenheit der Ostasiaten bei Kognitionserhebungen \u2013 in Rede steht neben dem Intelligenzquotienten noch die Cognitive Ability, wobei beide \u00fcberwiegend auf mathematische bzw. naturwissenschaftliche F\u00e4higkeiten zielen \u2013 ist schon l\u00e4nger bekannt, vor allem durch Tests von amerikanischen College-Absolventen und Studenten (innerhalb der ersten Standardabweichung gern auch &#8222;Studierende&#8220; genannt, s.o.). Da in den USA die unter anderem von Gott verschieden konstruierten Rassen in den Bildungsst\u00e4tten \u00f6fter und seit l\u00e4ngerer Zeit als anderswo in der westlichen Welt aufeinandertreffen, lie\u00dfen sich die unterschiedlichen Resultate ihrer Lernbem\u00fchungen schlecht \u00fcbersehen, und die Tests ergaben mit so verbl\u00fcffender wie f\u00fcr wohlmeinende P\u00e4dagogen deprimierender Regelm\u00e4\u00dfigkeit eine Begabungs-Rangordnung, die sich weder mit finanzieller noch p\u00e4dagogischer F\u00f6rderung besonders beeinflussen lie\u00df: vorn Asiaten, in der Mitte Wei\u00dfe, dahinter Hispanics und Schwarze.<br \/>\nDer deutsche Bildungsforscher Heiner Rindermann best\u00e4tigte den Befund in seiner Studie &#8222;Cognitive Capitalism&#8220;: Die 2018er Ergebnisse der inneramerikanischen Tests f\u00fcr den Zugang zur Universit\u00e4t ergaben bei der Cognitive Ability (CA) im Fach Mathematik: &#8222;Asians&#8220; 635 Punkte, &#8222;Whites&#8220; 557, &#8222;Hispanics&#8220; 489.<\/p>\n<p>Vom japanischen Wirtschaftswunder in den 1960ern und fr\u00fchen 1970ern abgesehen, als Nippon dem Westen in verschiedenen Schl\u00fcsseltechnologien auf den Pelz r\u00fcckte \u2013 deutsche Kamerahersteller k\u00f6nnen ein Lamento dazu singen \u2013, schienen solche Resultate f\u00fcr den industriell dominierenden Westen ignorierbar zu sein, bis China in den 1990ern erwachte und Napoleons Prognose einl\u00f6ste, dieses Erwachen werde die Erde erzittern lassen. Anfangs als Billigproduktionsland von allerlei Plastikschrott und Wegwerftextilien bel\u00e4chelt und als Technologier\u00e4ubernation beargw\u00f6hnt, hat das Reich der Mitte inzwischen auf vielen Gebieten den Westen eingeholt oder die F\u00fchrung \u00fcbernommen, w\u00e4hrend die Einstellung der einst weltgr\u00f6\u00dften Elektronikmesse CEBIT anno 2018 den Niedergang der deutschen Hightech-Industrie gewisserma\u00dfen offiziell beglaubigt hat.<\/p>\n<p>Heinsohn z\u00e4hlt einige eindrucksvolle Exempel auf: Zwischen 2008 und 2018 baute China von den 25 h\u00f6chsten Geb\u00e4uden der Welt 13, zwischen 2003 und 2018 von den 25 l\u00e4ngsten Br\u00fccken der Welt 15. Von den Schienenkilometern f\u00fcr Hochgeschwindigkeitsz\u00fcge laufen 54 Prozent durch China, wo man erst 1997 mit dem Bau begonnen hat. Das Land hat 234 Zivilflugh\u00e4fen, bis 2035 sollen weitere 216 gebaut werden, also pro Jahr ein gutes Dutzend (statt in einem Dutzend Jahren einer). Zwischen 2013 und 2018 steigerte China seinen globalen Anteil an Unicorns \u2013 junge Firmen mit mindestens einer Milliarde US-Dollar B\u00f6rsenpreis \u2013 von 0 auf 42 Prozent. 43 Prozent der globalen Ver\u00f6ffentlichungen zur K\u00fcnstlichen Intelligenz stammten schon 2017 aus China. Es gibt etwa 700 chinesische Drohnenhersteller; einer davon \u2013 JD \u2013 beherrscht allein 70 Prozent des Weltmarktes f\u00fcr zivile Modelle. Unter den f\u00fcnfzehn Universit\u00e4ten mit den meisten Topver\u00f6ffentlichungen (oberstes Prozent) in Mathematik und Computing befinden sich sieben chinesische, sechs amerikanische, zwei aus Singapur; die Nummer 1 ist Tsinghua (Peking). Die Gesamtleistung der Supercomputer verteilt sich so: China 40 Prozent, USA 31, Japan 8. China verf\u00fcgte schon 2017 gegen\u00fcber den USA um ein Dreifaches an Einrichtungen f\u00fcr die Produktion von Hyperschallwaffen; im Dezember 2019 schockte es mit dem ersten elektromagnetischen Railgun; vier neue Nuklearflugzeugtr\u00e4ger sind geplant. 2018 stammten von 98 in den Weltraum geschossenen Raketen 39 aus China.<br \/>\n.<br \/>\nF\u00fcr die Ursachen dieser technologischen Explosion liefern westliche Experten viele Erkl\u00e4rungen \u2013 die schiere Menschenzahl, die zentralistische Lenkung der Wirtschaft, die M\u00f6glichkeit des rigide Durchregierens ohne R\u00fccksichten auf Umwelt und B\u00fcrger, Industriespionage gr\u00f6\u00dften Stils, Plagiat etc. \u2013, <em><strong>nur eine nicht<\/strong><\/em>. Industriespionage lohnt sich ja nur, wenn man die Technologien erstens kapiert und zweitens die Produkte im eigenen Land konkurrenzf\u00e4hig produzieren, also verbessern kann; deshalb verzichten die meisten L\u00e4nder von vornherein darauf.<br \/>\n&#8230; Alles vom 28.12.2020 von Michael Klonovsky bitte lesen auf<br \/>\n<a href=\"https:\/\/michael-klonovsky.de\/acta-diurna\">https:\/\/michael-klonovsky.de\/acta-diurna<\/a><\/p>\n<p>&nbsp;<\/p>\n<p>&nbsp;<\/p>\n<p>&nbsp;<\/p>\n<p><strong>USA ist Kompetenzfestung &#8211; EU ist Mekka der Hoffnungslosen<\/strong><br \/>\nAllein aus Afrika und dem Islambogen wollen deshalb bis 2050 Hunderte Millionen nach Europa, wohl auch, um in die verlockenden Sozialsysteme einzuwandern. Kompetenzfestungen wie Amerika, Kanada und Australien \u2013 Grenzen weit offen, aber nur f\u00fcr Asse \u2013 verschlie\u00dfen diesem Ansinnen die Tore. Sie sind einem einfachen Kalk\u00fcl unterworfen: Wenn Transferempf\u00e4nger so viele Steuern verschlingen, dass die zahlenden Firmen und Talente den Mut verlieren, bricht das System. So bleibt vor allem der Br\u00fcsseler Bund das Mekka der Hoffnungslosen. &#8230;..<br \/>\nAlles zu &#8222;Deutschland mu\u00df Arbeitgeber sein, nicht Sozialamt&#8220; von Prof Gunnar Heinsohn vom 1.3.2016 bitte lesen auf<br \/>\n<a href=\"https:\/\/www.welt.de\/debatte\/kommentare\/article152777753\/Deutschland-muss-Arbeitgeber-sein-nicht-Sozialamt.html\">https:\/\/www.welt.de\/debatte\/kommentare\/article152777753\/Deutschland-muss-Arbeitgeber-sein-nicht-Sozialamt.html<\/a><\/p>\n<p><strong>Heinsohn &#8222;Evangelist&#8220; der qualifizierten Einwanderung &#8211; aber ungeh\u00f6rter Rufer<\/strong><br \/>\nLeider ist unsere Regierung seit 30 (?) Jahren im absoluten Islammodus und macht daher das exakte Gegenteil. Heinsohn bleibt also einsamer Rufer in der W\u00fcste, dummerweise werden wir alle f\u00fcr die Ignoranz und Dummheit unserer Regierung zahlen. Sp\u00e4testens dann, wenn wir in islamischen Verh\u00e4ltnissen aufwachen.<br \/>\n1.3.2016, H.Wegmann<\/p>\n<p><strong>Heinsohn&#8217;s Warnungen werden leider von keiner Partei geh\u00f6rt<\/strong><br \/>\nNicht von den Gr\u00fcnen, da gerade die ca 70% funktionalen Analphabeten unter den armen Fl\u00fcchtlingen ein &#8222;Geschenk&#8220; (KGE) f\u00fcr Deutschland sind. Nicht von den Linken, da muslimische M\u00e4nner besser sind als deutsche &#8211; dies gilt sogar f\u00fcr muslimische Vergewaltiger (siehe K\u00f6ln). Nicht von der SPD, da Multkulti vor allem auch die Einwanderung des Islam braucht. Nicht von der CDU, da dem Merkelschen Humanismus gem\u00e4\u00df die Gesinnungsethik stets vor Verantwortungsethik rangiert.<br \/>\n1.3.2016<\/p>\n<p>&nbsp;<\/p>\n<p>&nbsp;<\/p>\n<p>&nbsp;<\/p>\n<p>&nbsp;<\/p>\n<p><strong>&#8222;Kompetenz ist der Schl\u00fcssel zur Integration&#8220; (Prof <a title=\"Youth-Bulges\" href=\"https:\/\/www.freiburg-schwarzwald.de\/blog\/engagement\/zukunft\/krieg\/youth-bulges\/\">Gunnar Heinsohn<\/a>)<\/strong><br \/>\n.<br \/>\n<strong>Integration als Problem der Kompetenz, nicht der Rasse oder Religion<\/strong><br \/>\nIch glaube, bei der Frage der Integration gibt es weder Rassenprobleme noch Religionsprobleme, sondern nur Kompetenzprobleme. Aber wenn die Leute in der Schule versagen, von Hartz IV leben m\u00fcssen und dann nur gesehen wird: das sind Afrikaner, das sind Muslime \u2013 dann wird das Kompetenzproblem \u00fcberdeckt mit einem Rassenetikett oder einem Religionsetikett.<br \/>\n<em><strong>Kompetenz ist der Schl\u00fcssel zur Integration.<\/strong><\/em> Ich hatte an der Uni in Bremen ja Studenten aller Couleur und Religion. Da geht die Integration relativ schnell. Aber Exzellenzstudenten und Schulabbrecher bringen Sie nicht einmal bei gleicher Religion, Sprache und Hautfarbe dazu, miteinander zu leben. Deshalb sagen L\u00e4nder mit Weitblick: Wir machen nur kompetente Einwanderung, um den inneren Frieden zu sichern. &#8230;<br \/>\nAlles vom 15.1.2016 von <a title=\"Youth-Bulges\" href=\"https:\/\/www.freiburg-schwarzwald.de\/blog\/engagement\/zukunft\/krieg\/youth-bulges\/\">Prof Gunnar Heinsohn<\/a> bitte lesen auf<br \/>\n<a href=\"https:\/\/www.welt.de\/vermischtes\/article151043934\/Es-gibt-in-der-islamischen-Welt-keine-girl-friends.html\">https:\/\/www.welt.de\/vermischtes\/article151043934\/Es-gibt-in-der-islamischen-Welt-keine-girl-friends.html<\/a><\/p>\n<p><strong>Unterscheiden: Asyl und kompetente Einwanderung<\/strong><br \/>\n&#8222;Deshalb sagen L\u00e4nder mit Weitblick: Wir machen nur kompetente Einwanderung, um den inneren Frieden zu sichern.&#8220; Damit ist alles gesagt. Asyl f\u00fcr alle echten Bed\u00fcrftigen = zeitlich begrenztes Bleiberecht &#8211; gerne durch uns alimentiert und auch gerne durch eine Sonderabgabe finanziert. Einwanderung, Einb\u00fcrgerung, Migration = nach Vorgaben, die den inneren Frieden sicherstellen: Bildung, Ausbildung, Sprache, Bedarf am Arbeitsmarkt, alles mit Probezeit und Review-Prozess einer Ausl\u00e4nderbeh\u00f6rde.<br \/>\n15.1.2016, Roland<\/p>\n<p><strong>Die Zeit der Nazi&#8211;Keule ist vorbei &#8211; die Wahrheit sagen<\/strong><br \/>\n&#8222;Die Welt: Welches Bild haben die jungen Araber von westlichen Frauen? Heinsohn: Die gelten schnell als Huren, weil die vorehelichen Verkehr haben. Sie werden zur Beute, auf die sie auch von den Eltern verwiesen werden, damit die T\u00f6chter rein und ehef\u00e4hig bleiben. Da folgen die sexuellen \u00dcbergriffe quasi naturgesetzlich.&#8220;<br \/>\n.&#8220;Es sind etwa 500 Millionen Menschen, die diese Region am liebsten verlassen w\u00fcrden. Wenn diese Abwanderungsw\u00fcnsche stabil bleiben, dann erwarten wir in Europa bis 2050 ungef\u00e4hr 1,2 Milliarden Menschen.&#8220;<br \/>\nIch glaube die Zeit in der Menschen vor diesen Weg gewarnt haben und als Rechtsradikale diffamiert worden sind, sind endg\u00fcltig vorbei, es ist Zeit der Wahrheit ins Auge zu schauen. Wenn diese Politik weitergeht, destabilisiert Sie unsere Gesellschaft die wir uns nach dem Kriege aufgebaut haben, es ist Zeit umzukehren&#8230;<br \/>\nsinnbad<\/p>\n<p>Deutschland ist das einzige Land, das naiv und vor allem bequem genug ist sich Millionen von Menschen ins Land zu holen, ohne vorher zu \u00fcberlegen, was und wie damit umgegangen werden soll. Das Aslyrecht wird missbraucht als Einwanderungsrecht, Einwanderung in ein funktionierendes Sozialsystem, Einwanderung in eine alternde Gesellschaft\u00a0.<br \/>\nWolfgang Krause<\/p>\n<p><strong>B\u00fc\u00dfen wir unser Wertesystem ein?<\/strong><br \/>\nNach meinem Empfinden, ist Herr Heinsohn der erste Soziologe der diesen Namen verdient. Ich habe noch niemanden bei uns gesehen oder getroffen, der die gesellschaftlichen Verh\u00e4ltnisse in islamischen L\u00e4ndern so wunderbar richtig und objektiv beschreibt. Ich muss es wissen, ich bin in so einem Land aufgewachsen. Angesichts der &#8222;rosigen&#8220; Perspektiven f\u00fcr Europa, mit dem Import des M\u00e4nner\u00fcberschusses und eines archaischen Wertesystems aus islamischen L\u00e4ndern, stellt sich nicht die Frage ob, sondern wann, wir unsere Kultur und Wertesystem einb\u00fc\u00dfen werden.<br \/>\n15.1.2016, Fumanchu<\/p>\n","protected":false},"excerpt":{"rendered":"<p>Home &gt;Global\u00a0&gt;Migration &gt;Integration &gt;Kompetenz Percussion-Gruppe des MV Littenweiler samstags im Schulhof am 25. Juli 2015 Parteipolitik statt Kompetenz\u00a0(13.4.2022) Bahn: Japan mi\u00dft Versp\u00e4tungen in Sekunden \u2013 D in Tagen (15.7.2021) Jugend: Kompetenz oder nix als Geringqualifikation?\u00a0(10.7.2021) Gunnar Heinsohn: Kompetente L\u00e4nder kommen &hellip; <a href=\"https:\/\/www.freiburg-schwarzwald.de\/blog\/global\/integration\/kompetenz\/\">Weiterlesen <span class=\"meta-nav\">&rarr;<\/span><\/a><\/p>\n","protected":false},"author":2,"featured_media":0,"parent":1875,"menu_order":0,"comment_status":"open","ping_status":"closed","template":"","meta":{"footnotes":""},"class_list":["post-58668","page","type-page","status-publish","hentry"],"_links":{"self":[{"href":"https:\/\/www.freiburg-schwarzwald.de\/blog\/wp-json\/wp\/v2\/pages\/58668","targetHints":{"allow":["GET"]}}],"collection":[{"href":"https:\/\/www.freiburg-schwarzwald.de\/blog\/wp-json\/wp\/v2\/pages"}],"about":[{"href":"https:\/\/www.freiburg-schwarzwald.de\/blog\/wp-json\/wp\/v2\/types\/page"}],"author":[{"embeddable":true,"href":"https:\/\/www.freiburg-schwarzwald.de\/blog\/wp-json\/wp\/v2\/users\/2"}],"replies":[{"embeddable":true,"href":"https:\/\/www.freiburg-schwarzwald.de\/blog\/wp-json\/wp\/v2\/comments?post=58668"}],"version-history":[{"count":6,"href":"https:\/\/www.freiburg-schwarzwald.de\/blog\/wp-json\/wp\/v2\/pages\/58668\/revisions"}],"predecessor-version":[{"id":100188,"href":"https:\/\/www.freiburg-schwarzwald.de\/blog\/wp-json\/wp\/v2\/pages\/58668\/revisions\/100188"}],"up":[{"embeddable":true,"href":"https:\/\/www.freiburg-schwarzwald.de\/blog\/wp-json\/wp\/v2\/pages\/1875"}],"wp:attachment":[{"href":"https:\/\/www.freiburg-schwarzwald.de\/blog\/wp-json\/wp\/v2\/media?parent=58668"}],"curies":[{"name":"wp","href":"https:\/\/api.w.org\/{rel}","templated":true}]}}