{"id":58107,"date":"2015-12-23T09:26:38","date_gmt":"2015-12-23T08:26:38","guid":{"rendered":"https:\/\/www.freiburg-schwarzwald.de\/blog\/?page_id=58107"},"modified":"2025-01-21T21:41:11","modified_gmt":"2025-01-21T20:41:11","slug":"wahlen2016","status":"publish","type":"page","link":"https:\/\/www.freiburg-schwarzwald.de\/blog\/engagement\/zukunft\/demokratie\/wahlen2016\/","title":{"rendered":"Wahlen2016"},"content":{"rendered":"<p><a href=\"https:\/\/freiburg-schwarzwald.de\/blog\">Home<\/a> &gt;<a title=\"Engagement\" href=\"https:\/\/www.freiburg-schwarzwald.de\/blog\/engagement\/\">Engagement<\/a> &gt;<a title=\"Zukunft\" href=\"https:\/\/www.freiburg-schwarzwald.de\/blog\/engagement\/zukunft\/\">Zukunft<\/a> &gt;<a title=\"Demokratie\" href=\"https:\/\/www.freiburg-schwarzwald.de\/blog\/engagement\/zukunft\/demokratie\/\">Demokratie<\/a> &gt;Wahlen2016<\/p>\n<div id=\"attachment_58075\" style=\"width: 649px\" class=\"wp-caption alignnone\"><a href=\"https:\/\/www.freiburg-schwarzwald.de\/blog\/selbsthilfe\/soziales\/jesiden\/fluechtlinge-hoellentalstrasse151216\/\" rel=\"attachment wp-att-58075\"><img loading=\"lazy\" decoding=\"async\" aria-describedby=\"caption-attachment-58075\" class=\"size-full wp-image-58075\" src=\"https:\/\/www.freiburg-schwarzwald.de\/blog\/wp-content\/uploads\/2015\/10\/fluechtlinge-hoellentalstrasse151216.jpg\" alt=\"Fl\u00fcchtlingswohnheim in FR-Littenweiler, H\u00f6llentalstrasse, am 16.12.2015\" width=\"639\" height=\"230\" srcset=\"https:\/\/www.freiburg-schwarzwald.de\/blog\/wp-content\/uploads\/2015\/10\/fluechtlinge-hoellentalstrasse151216.jpg 639w, https:\/\/www.freiburg-schwarzwald.de\/blog\/wp-content\/uploads\/2015\/10\/fluechtlinge-hoellentalstrasse151216-180x64.jpg 180w\" sizes=\"auto, (max-width: 639px) 100vw, 639px\" \/><\/a><p id=\"caption-attachment-58075\" class=\"wp-caption-text\">Fl\u00fcchtlingswohnheim in FR-Littenweiler, H\u00f6llentalstrasse, am 16.12.2015<\/p><\/div>\n<p>&nbsp;<\/p>\n<ul>\n<li><em>Listenauswahl eines Beitrags: Bitte anklicken oder runterscrollen<\/em><\/li>\n<li><a href=\"https:\/\/www.freiburg-schwarzwald.de\/blog\/diese-regierung-verdienen-wir\/\">Diese Regierung verdienen wir<\/a>\u00a0(13.9.2022)<\/li>\n<li><a title=\"Wahlvolk\" href=\"https:\/\/www.freiburg-schwarzwald.de\/blog\/engagement\/zukunft\/demokratie\/wahlvolk\/\">Danisch an den Souver\u00e4n: Aber ihr hattet doch die Wahl<\/a>\u00a0(14.4.2020)<\/li>\n<li><a href=\"https:\/\/www.freiburg-schwarzwald.de\/blog\/afd-waehler-angst-dummheit\/\">https:\/\/www.freiburg-schwarzwald.de\/blog\/afd-waehler-angst-dummheit\/<\/a> (16.3.2016)<\/li>\n<li><a href=\"https:\/\/www.freiburg-schwarzwald.de\/blog\/nazi-keule-auch-im-dreisamtal\/\">https:\/\/www.freiburg-schwarzwald.de\/blog\/nazi-keule-auch-im-dreisamtal\/<\/a> (10.3.2016)<\/li>\n<li><a href=\"https:\/\/www.freiburg-schwarzwald.de\/blog\/gleiches-recht-fuer-alle-nicht\/\">https:\/\/www.freiburg-schwarzwald.de\/blog\/gleiches-recht-fuer-alle-nicht\/<\/a> \u00a0(7.3.2016)<\/li>\n<li>Erste Elefantenrunde 24.2.2016 Liederhalle Stuttgart (25.2.2016)<\/li>\n<li><a title=\"Breisach\" href=\"https:\/\/www.freiburg-schwarzwald.de\/blog\/regio\/orte\/breisach\/\">Breisacher Gemeinderat erkl\u00e4rt Frauke Petry zur unerw\u00fcnschten Person<\/a> &gt;Breisach (23.2.2016)<\/li>\n<li>AfD klagt \u00fcber Plakat-Vandalismus in FR (31.1.2016)<\/li>\n<li>SWR l\u00e4dt AfD nicht zu TV-Runde vor Landtagswahl ein (19.1.2016)<\/li>\n<li>Landtagswahlen verkommen zur Fl\u00fcchtlingspolitik-Abrechnung (16.1.2016)<\/li>\n<li>Wahlomat zur Landtagswahl am 13.3.2016 (23.12.2015)<\/li>\n<li><\/li>\n<li><a title=\"Bundestagswahl2017\" href=\"https:\/\/www.freiburg-schwarzwald.de\/blog\/engagement\/zukunft\/demokratie\/bundestagswahl2017\/\">Bundestagswahl 2017<\/a><\/li>\n<li><a title=\"Rechtsstaat\" href=\"https:\/\/www.freiburg-schwarzwald.de\/blog\/selbsthilfe\/soziales\/justiz\/rechtsstaat\/\">Rechtsstaat<\/a><\/li>\n<li><a title=\"Merkelismus\" href=\"https:\/\/www.freiburg-schwarzwald.de\/blog\/engagement\/zukunft\/demokratie\/merkelismus\/\">Merkelismus<\/a><\/li>\n<li><a href=\"https:\/\/www.freiburg-schwarzwald.de\/blog\/engagement\/zukunft\/demokratie\/wahlen2021\/\">Wahlen2021<\/a><\/li>\n<li><a href=\"https:\/\/www.freiburg-schwarzwald.de\/blog\/engagement\/zukunft\/demokratie\/wahlen2025\/\">Wahlen2025<\/a><\/li>\n<\/ul>\n<p>&nbsp;<\/p>\n<p><strong>Wenn am n\u00e4chsten Sonntag Landtagswahlen w\u00e4ren \u2026..<\/strong><br \/>\n<a href=\"https:\/\/www.wahlrecht.de\/umfragen\/landtage\/\">https:\/\/www.wahlrecht.de\/umfragen\/landtage\/<\/a><\/p>\n<p><a href=\"https:\/\/www.freiburg-schwarzwald.de\/blog\/vereine\/partei\/afd\/wahlplakat160211emmendingen\/\" rel=\"attachment wp-att-59277\"><img loading=\"lazy\" decoding=\"async\" class=\"alignnone size-thumbnail wp-image-59277\" src=\"https:\/\/www.freiburg-schwarzwald.de\/blog\/wp-content\/uploads\/2015\/07\/wahlplakat160211emmendingen-180x151.jpg\" alt=\"wahlplakat160211emmendingen\" width=\"180\" height=\"151\" srcset=\"https:\/\/www.freiburg-schwarzwald.de\/blog\/wp-content\/uploads\/2015\/07\/wahlplakat160211emmendingen-180x151.jpg 180w, https:\/\/www.freiburg-schwarzwald.de\/blog\/wp-content\/uploads\/2015\/07\/wahlplakat160211emmendingen.jpg 518w\" sizes=\"auto, (max-width: 180px) 100vw, 180px\" \/><\/a>\u00a0 \u00a0 Wahlplakat 10.2.2016 Emmendingen<br \/>\n<strong>Wahlen 2016\/17<\/strong><br \/>\n04.09.2016 Landtagswahl Mecklenburg-Vorpommern<br \/>\n11.09.2016 Kommunalwahl Niedersachsen<br \/>\n18.09.2016 Abgeordnetenhaus Berlin<br \/>\n26.03.2017 Landtagswahl Saarland<br \/>\n07.05.2017 Landtagswahl Schleswig-Holstein<br \/>\n14.05.2017 Landtagswahl Nordrhein-westfalen<br \/>\n24.09.2017 Bundestagswahlen.<\/p>\n<p>&#8212;&#8212;&#8212;&#8212;&#8212;&#8212;&#8212;&#8212;&#8212;&#8212;&#8212;&#8212;&#8212;&#8212;&#8212;&#8212;&#8212;&#8212;&#8212;&#8212;&#8212;&#8212;&#8212;&#8212;&#8212;&#8212;<\/p>\n<p>&nbsp;<\/p>\n<p>&#8222;Dem Wahlvolk mu\u00df erkl\u00e4rt werden, was wir von der Willkommenskultur haben, abgesehen von dem moralischen Mehrwert. &#8230;. Doch die Jahre der Verweigerung der Zuwanderungsrealit\u00e4t (Union) wie der Migrationsverkl\u00e4rung (Gr\u00fcne) r\u00e4chen sich. Es fehlen pragmatisch empathische Ans\u00e4tze. In diese L\u00fccke sto\u00dfen jene, die auch noch andere Rechnungen aufmachen wollen: die AfD.&#8220;<br \/>\nDIE WELT zu &#8222;Nach den Kommunalwahlen in Hessen&#8220; am 6.3.2016<br \/>\n.<\/p>\n<p>&nbsp;<\/p>\n<p><strong>Erste Elefantenrunde 24.2.2016 Liederhalle Stuttgart<\/strong><br \/>\nBeim ersten Aufeinandertreffen der sechs Spitzenkandidaten zur BW-Landtagswahl am 13.3.2016 (Kretschmann Gr\u00fcne, Schmid SPD, Wolf CDU, Riexinger Linke, R\u00fclke FDP und Meuthen AfD) in der Suttgarter Liederhalle am 24.2.2016 war die Spannung gro\u00df. Interessant, wie unterschiedlich die Medien das Treffen beurteilen.<\/p>\n<p><strong>WO: Kretschmann wird bei Elefantenrunde ausgebuht<\/strong><br \/>\nSchlagabtausch der Spitzenkandidaten im Landtagswahlkampf um Baden-W\u00fcrttemberg: Ministerpr\u00e4sident Winfried Kretschmann will die <a title=\"AfD\" href=\"https:\/\/www.freiburg-schwarzwald.de\/blog\/vereine\/partei\/afd\/\">AfD<\/a> entzaubern. Doch viele Zuh\u00f6rer fallen ihm in den R\u00fccken. &#8230;. Alles vom 25.2.2016 auf<br \/>\n<a href=\"https:\/\/www.welt.de\/politik\/deutschland\/article152619483\/Kretschmann-wird-bei-Elefantenrunde-ausgebuht.html\">https:\/\/www.welt.de\/politik\/deutschland\/article152619483\/Kretschmann-wird-bei-Elefantenrunde-ausgebuht.html<\/a><\/p>\n<p>Also sch\u00f6n f\u00fcr mich zu sehen ist\/war, dass die AFD Vertreter wie Meuthen noch so Politik unerfahren sind. Anstatt wie die Politik Profis der anderen Parteien, h\u00e4tte ja aus lang vergessenen Gr\u00fcnen Programme zitieren k\u00f6nnen (KBW Zitate en Mass, Verharmlosung von P\u00e4dophilie, Hausbesetzer Rechtfertigungen etc.) einfach den Links Populismus Vorwurf ausstreuen k\u00f6nnen. Aber nein er setzt sich mit seinem eigenen Programm auseinander. Das ist frischer Wind den wir brauchen!<br \/>\n25.2.2016, Red P, WO<\/p>\n<p>Gut, dass die etablierten Parteien endlich Gegenwind sp\u00fcren. Ich erwarte von der AfD eigentlich nur eines: Dass sie das eingeschworene SPDCDUGR\u00fcNEN-Machtkartell soweit unter Druck setzt, dass sich dieses endlich hin zu einer vernuftgesteuerten Politik bewegen muss. Und dass aus der CDU endlich wieder eine konservative, Partei wird, die diesen namen verdient und sich am Wohle der hiesigen B\u00fcrger orientiert, statt sich in moralbesoffenen Desasterentscheidungen zu verzetteln, die Deutschlands Wohlstand, sozialen Frieden und nun sogar die ganze EU in Gefahr bringen. Wenn die AfD \u00fcberall zweistellig einzieht, dann ist in dieser Hinsicht bereits viel gewonnen, deshalb begr\u00fcsse ich den Aufschwung der AfD, auch wenn ich einiges f\u00fcr populistisch oder \u00fcberzogen halte, was sie deklariert. Aber sie ist eine 100%e-Protestpartei, eine Notwehrpartei der emp\u00f6rten B\u00fcrger, und das bildet sie gut ab.<br \/>\n25.2.2016, Liberti, WO<br \/>\n.<br \/>\n<strong>StZ: Podiumsdiskussion Liederhalle: Keiner will was mit der AfD zu tun haben<\/strong><br \/>\n<a href=\"https:\/\/www.stuttgarter-nachrichten.de\/inhalt.debatte-zur-landtagswahl-stilles-gebet-fuer-die-kanzlerin.9485e425-d6ff-4fe1-a626-7e5662c4ee9b.html\">https:\/\/www.stuttgarter-nachrichten.de\/inhalt.debatte-zur-landtagswahl-stilles-gebet-fuer-die-kanzlerin.9485e425-d6ff-4fe1-a626-7e5662c4ee9b.html<\/a><br \/>\n<a href=\"https:\/\/www.stuttgarter-zeitung.de\/inhalt.podiumsdiskussion-zur-landtagswahl-keiner-will-mit-der-afd-etwas-zu-tun-haben.dd9d76f7-8e11-43d0-b6d9-877cb3ff5c5a.html\">https:\/\/www.stuttgarter-zeitung.de\/inhalt.podiumsdiskussion-zur-landtagswahl-keiner-will-mit-der-afd-etwas-zu-tun-haben.dd9d76f7-8e11-43d0-b6d9-877cb3ff5c5a.html<\/a><\/p>\n<p><strong>Die Stuttgarter Zeitung oder die Welt, wer ist die L\u00fcgenpresse?<\/strong><br \/>\nIch habe mit Interesse den Bericht ihres Redakteurs \u00fcber die Wahlveranstaltung der Stuttgarter Zeitung gelesen und mir dann den Bericht der Zeitung Die Welt \u00fcber dieselbe Veranstaltung angesehen und frage mich jetzt, ob Ihr Redakteuer nur zeitweise anwesend war und deshalb die Leser nicht vollst\u00e4ndig \u00fcber das was dort geschehen ist, informieren konnte oder ob er die Leser durch einen zumindest grob unvollst\u00e4ndigen Bericht in die Irre f\u00fchren wollte. In der Welt konnte man lesen, da\u00df der Ministerpr\u00e4sident von den Zuh\u00f6rern ausgebuht worden sei? Ist das falsch oder ist das nicht berichtenswert? Der Ministerpr\u00e4sident soll nach dem Bericht der Welt von den Zuh\u00f6rern sogar ausgelacht worden sein, als er vortrug, da\u00df seine Regierung abgelehnte Asylbewerber ausweise, weil sie das offenbar f\u00fcr unwahr hielten. Ist das falsch oder ist es nicht berichtenswert, wenn ein Ministerpr\u00e4sident von einem gro\u00dfen Teil der Zuh\u00f6rern ausgelacht wird? Ich finde, da\u00df es wichtig w\u00e4re, da\u00df die Chefredakteure der Zeitung, die ja nun die ganze Zeit anwesend waren, den Lesern der Stuttgarter Zeitung mitteilen was wirklich war und warum der Bericht in der eigenen Zeitung so unvollst\u00e4ndig war, wenn das, was in der Welt steht, zutreffend ist.<br \/>\n25.2.2016, Horst John, StZ<br \/>\n.<br \/>\nIn &#8230;: anderen Printmedien wie WO oder ZO stellt sich die vermeintliche Podiums-\u201cdiskussion\u201c etwas differenzierter dar und die Headline &#8222;Keiner will etwas mit der AfD zu haben\u201c finde ich pers\u00f6nlich etwas \u00fcberzogen, denn alle Kandidaten haben doch offensive mit dem Spitzenkandidaten der AfD gesprochen. F\u00fcr mich hat sich Herr Meuthen im Verh\u00e4ltnis 5:1 gut geschlagen<br \/>\n25.2.2016, StZ<\/p>\n<p><strong>ZO: Professor Meuthen verkauft die AfD<\/strong><br \/>\n\u00d6ffentliche Diskussion mit der AfD? Das wollten SPD und Gr\u00fcne in Baden-W\u00fcrttemberg eigentlich verhindern. Jetzt fand eine statt \u2013 mit eher unbefriedigendem Ausgang. &#8230;<br \/>\nAlles vom 25.2.2016 lesen auf<br \/>\n<a href=\"https:\/\/www.zeit.de\/politik\/deutschland\/2016-02\/baden-wuerttemberg-afd-podiumsdiskussion\">https:\/\/www.zeit.de\/politik\/deutschland\/2016-02\/baden-wuerttemberg-afd-podiumsdiskussion<\/a><\/p>\n<p>Es w\u00e4re besser, wenn CDU, SPD und Gr\u00fcne ihre Politik offener Grenzen gegen\u00fcber den W\u00e4hlern rechtfertigen k\u00f6nnten, ohne verzweifelt darauf angewiesen zu sein, jemand anderes &#8222;entlarven&#8220; zu k\u00f6nnen.<br \/>\nWeil ihnen offenbar jedoch beides nicht m\u00f6glich ist, ohne da\u00df sie bereit w\u00e4ren, ihren politischen Kurs zu \u00e4ndern, befinden wir uns in der aktuellen politischen Krise.<br \/>\n25.2.2016, Lus. ZO<\/p>\n<p><strong>Wohlstandsgef\u00e4lle-Problem nicht mit Ansiedlung in D l\u00f6sbar<\/strong><br \/>\nWir sind nicht im Kindergarten, wo wir auch noch Johnny und Ali freundlich an die Kuchentafel winken, sondern ein Staat der Konzepte haben muss. Und angesichts von Milliarden Menschen mit Wohlstandsgef\u00e4lle kann man nicht deren Problem mit Ansiedlung hier l\u00f6sen. Das ist schlicht die Wahrheit. Je fr\u00fcher man darauf reagiert desto besser. Aber wegen mir kann man die Ausgaben f\u00fcr internationale Hilfe gerne verdreifachen und daf\u00fcr einen Soli einf\u00fchren.<br \/>\n25.2.2016, M.Mahler, ZO<br \/>\nFrau Caspari in vielen L\u00e4ndern sind zwischenzeitlich die Schlagb\u00e4ume unten, ganz ohne dass irgendwer einen Schie\u00dfbefehl anwenden muss! Ihr Artikel ist mindestens polemisch!<\/p>\n<p><strong>Presse hat die gem\u00e4\u00dfigten aus der AfD getrieben<\/strong><br \/>\nWir wollen doch mal nicht vergessen, wer hier den rechten Fl\u00fcgel in der AfD \u00fcberhaupt erst stark gemacht hat. Und den Gro\u00dfteil der gem\u00e4\u00dfigten Kr\u00e4fte aus der Partei heraus getrieben hat, weil viele B\u00fcrger nur ungern in den rechten Dunstkreis gestellt werden! Das war die Presse, welche diese Partei von beginn an mehr als scharf angegriffen hat! Sie jammern heute \u00fcber die Geister die Sie gerufen haben! Ihr Gewerbe hat eine erhebliche Mitschuld am heutigen Ist-Zustand der AfD. Irgendwer muss nun mal die Position von 70% der B\u00fcrger vertreten, auch wenn das nicht in Ihre Weltsicht passt, von den etablierten Parteien ist ja auf weiter Front niemand zu sehen.<br \/>\n25.2.2016, I.Lot, ZO<\/p>\n<p><strong>Politiker \u00fcberzeugen durch Vorstellung eigener Alternativen<\/strong><br \/>\nAuf den Punkt bringt es in einem FAZ-Artikel \u00fcber eine Maischberger-Sendung Frank L\u00fcbberding: &#8222;Erwachsene brauchen keine Politiker, die ihnen die Welt erkl\u00e4ren. Deren F\u00fchrungsaufgabe liegt vielmehr darin, den W\u00e4hler von der Plausibilit\u00e4t der eigenen Position zu \u00fcberzeugen. Das geschieht in repr\u00e4sentativen Demokratien durch die Vorstellung politischer Alternativen.&#8220; Gemessen an diesem Ma\u00dfstab hat Prof. Meuthen in der Elefantenrunde ziemlich gut abgeschnitten. Zu gut, werden AfD-Gegner zu Recht feststellen. Nur kann man daf\u00fcr nicht Meuthen verantwortlich machen. Die anderen \u00fcberzeugten nicht mit ihrer eigenen Position. Solange das so bleibt, wird die AfD weiter wachsen. Schon deshalb ist Merkels Abl\u00f6sung alternativlos.<br \/>\n25.2.2016, Democratios, ZO<\/p>\n<p><strong>Nicht die AFD ist monothematisch, sondern die Politik insgesamt<\/strong><br \/>\nSeit September geht es praktisch nur noch um die Fl\u00fcchtlingskrise. Im Fr\u00fchjahr wird es zu der Fl\u00fcchtlingskrise wahrscheinlich wieder eine Griechenland-Euro-Krise geben. Die AFD ist derzeit jedenfalls europ\u00e4ischer als das sog. &#8222;Altparteien-Kartell&#8220;. Von der AFD gab es bislang keine Hetze gegen Griechenland (im Gegensatz zur CDU\/CSU), die AFD weist darauf hin, dass Deutschland mit seiner offiziellen Fl\u00fcchtlingspolitik in der EU mittlerweile v\u00f6llig isoliert ist und vertritt Positionen, wie sie mittlerweile alle Regierungen einnehmen (mit Ausnahme von A. Merkel). Da gibt es nichts zu &#8222;entlarven&#8220;. Mit Ausnahme einer Tatsache: die derzeitige offizielle dt. Politik ist auf dem Holzweg. Man phantasiert immer noch von europ. L\u00f6sungen \u00fcber Fl\u00fcchtlingskontingente und man macht sich zu 100% von der T\u00fcrkei abh\u00e4ngig, die vielleicht auch in einen B\u00fcrgerkrieg geraten kann. W\u00e4hrend des libanesischen B\u00fcrgerkriegs in den 1970er-Jahren, war Syrien ein geopolitischer Stabilit\u00e4tsanker, und nun? Die &#8222;europ\u00e4ische&#8220; L\u00f6sung besteht im Augenblick darin, dass alle EU-Staaten &#8211; mehr oder minder untereinander abgestimmt &#8211; nationale Ma\u00dfnahmen ergreifen, w\u00e4hrend A. Merkel, die au\u00dfer der Verabreichung von Placebos (Asyl-Paket I, II&#8230;) nichts unternimmt und zwischen Br\u00fcssel und Ankara hin und her hetzt ohne irgend etwas dabei zu erreichen. Die AFD existiert, weil es einige politische Fehlentwicklungen gibt, die ein Korrektiv erfordern.<br \/>\n25.2.2016, Accademoco<\/p>\n<p><strong>AfD-Bashing lenkt von eigener Konzeptionslosigkeit ab<\/strong><br \/>\nWie lautete den der Titel der Diskussion? Alle gegen die AfD? Warum ging es nicht um die wirklichen Problem und waraum haben CDU, SPD. Gr\u00fcne,FDP nicht die Gelegenheit genutzt, mal konkret zu erkl\u00e4ren, wie sie das Fl\u00fcchtlingsproblem l\u00f6sen wollen?= Ich glaube die Parteien sind froh \u00fcber die AfD, das lenkt so sch\u00f6n von der eigenen Konzeptionslosigkeit ab. Hier noch was von Herrn Sch\u00e4uble: Im \u201eFarewell\u201c-Interview mit der Deutschen Presseagentur gab er zu Protokoll: \u201eDie Fl\u00fcchtlingszahlen m\u00fcssen dramatisch sinken, sonst schaffen wir das nicht mehr.\u201d Quelle: https:\/\/www.bild.de\/politi&#8230; Geh\u00f6rt er jetzt damit zu den Rechten oder hat er den Blick f\u00fcrs Wesentliche?<br \/>\n25.2.2016, N.B\u00fcrger, ZO<\/p>\n<p>&nbsp;<\/p>\n<p>&nbsp;<\/p>\n<p><strong>AfD klagt \u00fcber Plakat-Vandalismus in FR<\/strong><br \/>\nIn etlichen Stadtteilen seien AfD-Plakate besch\u00e4digt oder entfernt worden. Jack Gelfort, der Sprecher des AfD-Kreisvorstandes, schreibt: &#8222;In Ebnet, Littenweiler und Kappel zum Beispiel wurden nahezu alle Plakate \u2013 32 von 34 \u2013 fachgerecht von den Stra\u00dfenleuchtmasten getrennt, standortfern entsorgt und durch Plakate der Partei ,Die Gr\u00fcnen\u2019 ersetzt, in Lehen die Breisacher Stra\u00dfe komplett abger\u00e4umt.&#8220; Weitere Besch\u00e4digungen habe es unter anderem in Landwasser, Herdern und St\u00fchlinger gegeben. Die <a title=\"AfD\" href=\"https:\/\/www.freiburg-schwarzwald.de\/blog\/vereine\/partei\/afd\/\">AfD<\/a> k\u00fcndigte an, Anzeige zu erstatten. &#8230;.<br \/>\nAlles vom 31.1.2016 bitte lesen auf<br \/>\n<a href=\"https:\/\/www.badische-zeitung.de\/freiburg\/afd-klagt-ueber-plakat-vandalismus\">https:\/\/www.badische-zeitung.de\/freiburg\/afd-klagt-ueber-plakat-vandalismus<\/a><\/p>\n<p>&nbsp;<\/p>\n<p><strong>SWR l\u00e4dt AfD nicht zu TV-Runde vor Landtagswahl ein<\/strong><br \/>\nZu seiner &#8222;Elefantenrunde&#8220; am 10.3.2016 empf\u00e4ngt der SWR Winfried Kretschmann, Guido Wolf, Nils Schmid und Hans-Ulrich R\u00fclke. AfD-Spitzenkandidat J\u00f6rg Meuthen wird erst danach interviewt&#8230;.. \u00a0Alles vom 19.1.2016 bitte lesen auf\u00a0<a href=\"https:\/\/www.badische-zeitung.de\/swr-laedt-afd-nicht-zu-tv-runde-vor-landtagswahl-ein\">https:\/\/www.badische-zeitung.de\/swr-laedt-afd-nicht-zu-tv-runde-vor-landtagswahl-ein<br \/>\n<\/a>\u00a0.<br \/>\n<strong>Da soll mir noch einer sagen, dass die Politik keinen Einfluss auf die Medien haben<\/strong><br \/>\nIch bin sehr entt\u00e4uscht \u00fcber diese Entscheidung des SWR. Es zeigt den Zustand unseres Landes immer deutlicher und den B\u00fcrgern gehen hoffentlich mehr und mehr die Augen auf, in welch einer &#8222;Demokratie&#8220; wir hier leben m\u00fcssen. Warum f\u00fcr diesen Sender SWR pro Jahr 1,3 Mrd. EURO GEZ-Geb\u00fchren ausgegeben werden, bleibt f\u00fcr mich ein gro\u00dfes Fragezeichen. Parteien in unserem Landesparlament (SPD,Die Gr\u00fcnen, FDP) setzen \u00f6ffentlich rechtliche Sendeanstalten unter Druck, oder darf man das Wort &#8222;erpressen&#8220; sagen?, &#8222;wenn diese Person kommt, dann komme ich nicht.&#8220; F\u00fcr mich ist das Kindergarten und zeugt nicht f\u00fcr Gr\u00f6\u00dfe sondern es scheint mir, dass die etablierten Parteien eher gro\u00dfe Angst haben sich mit Gegenargumenten und anderen L\u00f6sungsvorschl\u00e4gen auseinander zu setzen. Ausgrenzung und Diffamierung von Nichtmainstreamparteien wird sich als Eigentor herausstellen und sch\u00fcrt zus\u00e4tzlich nur (noch) mehr Unfrieden zwischen den B\u00fcrgern. Da soll mir noch einer sagen, dass die Politik keinen Einfluss auf die Medien haben. Ich habe mein Vertrauen in Funk, Fernsehen und Mainstreampresse schon seit l\u00e4ngerem verloren, nicht erst seit Silvester.<br \/>\n19.1.2016, Oliver Pendzialek<\/p>\n<p>Mehr 19.1.2016:<br \/>\n<a href=\"https:\/\/www.welt.de\/debatte\/kommentare\/article151206360\/Der-SWR-besorgt-den-Wahlkampf-fuer-die-AfD.html\">https:\/\/www.welt.de\/debatte\/kommentare\/article151206360\/Der-SWR-besorgt-den-Wahlkampf-fuer-die-AfD.html<\/a><\/p>\n<p>&nbsp;<\/p>\n<p><strong>Landtagswahlen verkommen zur Fl\u00fcchtlingspolitik-Abrechnung<\/strong><br \/>\nDie Landtagswahlen &#8222;verkommen&#8220; zu einer Abstimmung \u00fcber die Fl\u00fcchtlingspolitik der Regierung. Aber welchen anderen Einfluss haben die W\u00e4hler gegen\u00fcber der Politik? Es wurden bspw. 3 Millionen Unterschriften gegen <a title=\"Freihandelsabkommen\" href=\"https:\/\/www.freiburg-schwarzwald.de\/blog\/global\/eu\/freihandelsabkommen\/\">TTIP<\/a> gesammelt, die wollte man Frau Merkel \u00fcbergeben. Das Sekretariat hat aus terminlichen Gr\u00fcnden abgesagt, man solle die Unterschriften \u00fcber den postalischen Weg senden. Ich gehe davon aus, dass Frau Merkel f\u00fcr Lobbyveranstaltungen ansonsten gen\u00fcgend Zeit hat. Was 3 Millionen Menschen denken, ist dabei nebens\u00e4chlich.<br \/>\n1.1.2016, P.Riot<\/p>\n<p>&nbsp;<\/p>\n<p>&nbsp;<\/p>\n<p><strong>Wahlomat zur Landtagswahl am 13.3.2016<\/strong><br \/>\nWahlen sind die Fieberkurven und Lebenszeichen einer Demokratie. Am 13. M\u00e4rz 2016 haben die Baden-W\u00fcrttemberger\u00a0&#8211; sofern wahlberechtigt &#8211; die Chance, sich an unserer Demokratie zu beteiligen.<br \/>\nErstmals wird der Wahlomat der Landeszentrale f\u00fcr politische Bildung Baden-W\u00fcrttemberg \u00a0hier in Freiburg entwickelt und ab dem19.02.2016 online verf\u00fcgbar sein: <a href=\"https:\/\/www.wahlomat.de\">www.wahlomat.de<\/a>.<br \/>\nHelfen Sie, die 1 Millionen-Nutzer-Zahl zu knacken.<br \/>\n23.12.2015,<a href=\"https:\/\/%20www.lpb-freiburg.de \"> www.lpb-freiburg.de\u00a0<\/a><\/p>\n","protected":false},"excerpt":{"rendered":"<p>Home &gt;Engagement &gt;Zukunft &gt;Demokratie &gt;Wahlen2016 &nbsp; Listenauswahl eines Beitrags: Bitte anklicken oder runterscrollen Diese Regierung verdienen wir\u00a0(13.9.2022) Danisch an den Souver\u00e4n: Aber ihr hattet doch die Wahl\u00a0(14.4.2020) https:\/\/www.freiburg-schwarzwald.de\/blog\/afd-waehler-angst-dummheit\/ (16.3.2016) https:\/\/www.freiburg-schwarzwald.de\/blog\/nazi-keule-auch-im-dreisamtal\/ (10.3.2016) https:\/\/www.freiburg-schwarzwald.de\/blog\/gleiches-recht-fuer-alle-nicht\/ \u00a0(7.3.2016) Erste Elefantenrunde 24.2.2016 Liederhalle Stuttgart (25.2.2016) Breisacher &hellip; <a href=\"https:\/\/www.freiburg-schwarzwald.de\/blog\/engagement\/zukunft\/demokratie\/wahlen2016\/\">Weiterlesen <span class=\"meta-nav\">&rarr;<\/span><\/a><\/p>\n","protected":false},"author":2,"featured_media":0,"parent":21084,"menu_order":0,"comment_status":"open","ping_status":"closed","template":"","meta":{"footnotes":""},"class_list":["post-58107","page","type-page","status-publish","hentry"],"_links":{"self":[{"href":"https:\/\/www.freiburg-schwarzwald.de\/blog\/wp-json\/wp\/v2\/pages\/58107","targetHints":{"allow":["GET"]}}],"collection":[{"href":"https:\/\/www.freiburg-schwarzwald.de\/blog\/wp-json\/wp\/v2\/pages"}],"about":[{"href":"https:\/\/www.freiburg-schwarzwald.de\/blog\/wp-json\/wp\/v2\/types\/page"}],"author":[{"embeddable":true,"href":"https:\/\/www.freiburg-schwarzwald.de\/blog\/wp-json\/wp\/v2\/users\/2"}],"replies":[{"embeddable":true,"href":"https:\/\/www.freiburg-schwarzwald.de\/blog\/wp-json\/wp\/v2\/comments?post=58107"}],"version-history":[{"count":3,"href":"https:\/\/www.freiburg-schwarzwald.de\/blog\/wp-json\/wp\/v2\/pages\/58107\/revisions"}],"predecessor-version":[{"id":130156,"href":"https:\/\/www.freiburg-schwarzwald.de\/blog\/wp-json\/wp\/v2\/pages\/58107\/revisions\/130156"}],"up":[{"embeddable":true,"href":"https:\/\/www.freiburg-schwarzwald.de\/blog\/wp-json\/wp\/v2\/pages\/21084"}],"wp:attachment":[{"href":"https:\/\/www.freiburg-schwarzwald.de\/blog\/wp-json\/wp\/v2\/media?parent=58107"}],"curies":[{"name":"wp","href":"https:\/\/api.w.org\/{rel}","templated":true}]}}