{"id":57871,"date":"2015-12-09T18:01:16","date_gmt":"2015-12-09T17:01:16","guid":{"rendered":"https:\/\/www.freiburg-schwarzwald.de\/blog\/?page_id=57871"},"modified":"2020-11-16T13:39:06","modified_gmt":"2020-11-16T12:39:06","slug":"teneriffa","status":"publish","type":"page","link":"https:\/\/www.freiburg-schwarzwald.de\/blog\/global\/spanien\/teneriffa\/","title":{"rendered":"Teneriffa"},"content":{"rendered":"<p><a href=\"https:\/\/www.freiburg-schwarzwald.de\/blog\">Home<\/a> &gt;<a title=\"Global\" href=\"https:\/\/www.freiburg-schwarzwald.de\/blog\/global\/\">Global<\/a> &gt;<a title=\"Spanien\" href=\"https:\/\/www.freiburg-schwarzwald.de\/blog\/global\/spanien\/\">Spanien<\/a> &gt;Teneriffa<\/p>\n<div id=\"attachment_57873\" style=\"width: 650px\" class=\"wp-caption alignnone\"><a href=\"https:\/\/www.freiburg-schwarzwald.de\/blog\/global\/spanien\/teneriffa\/teneriffa4roca-pan151205\/\" rel=\"attachment wp-att-57873\"><img loading=\"lazy\" decoding=\"async\" aria-describedby=\"caption-attachment-57873\" class=\"size-full wp-image-57873\" src=\"https:\/\/www.freiburg-schwarzwald.de\/blog\/wp-content\/uploads\/2015\/12\/teneriffa4roca-pan151205.jpg\" alt=\"Blick \u00fcber den Pool zum Meer in S\u00fcd-Teneriffa am 4.12.2015\" width=\"640\" height=\"255\" srcset=\"https:\/\/www.freiburg-schwarzwald.de\/blog\/wp-content\/uploads\/2015\/12\/teneriffa4roca-pan151205.jpg 640w, https:\/\/www.freiburg-schwarzwald.de\/blog\/wp-content\/uploads\/2015\/12\/teneriffa4roca-pan151205-180x71.jpg 180w\" sizes=\"auto, (max-width: 640px) 100vw, 640px\" \/><\/a><p id=\"caption-attachment-57873\" class=\"wp-caption-text\">Blick \u00fcber den Pool zum Meer in S\u00fcd-Teneriffa am 4.12.2015<\/p><\/div>\n<ul>\n<li>Teneriffa &#8211; gr\u00f6\u00dfte Insel der Kanaren<\/li>\n<li>S\u00fcd-Teneriffa &#8211; Blick zum Meer<\/li>\n<li>S\u00fcd-Teneriffa &#8211; Blick ins Hinterland<\/li>\n<li><a title=\"Reiseberichte\" href=\"https:\/\/www.freiburg-schwarzwald.de\/blog\/tourismus\/reiseberichte\/\">Reiseberichte<\/a><\/li>\n<li><a title=\"Tourismus\" href=\"https:\/\/www.freiburg-schwarzwald.de\/blog\/tourismus\/\">Tourismus<\/a><\/li>\n<li><\/li>\n<\/ul>\n<p>&nbsp;<\/p>\n<p><strong>Teneriffa &#8211; gr\u00f6\u00dfte Insel der Kanaren<\/strong><\/p>\n<p><a href=\"https:\/\/www.freiburg-schwarzwald.de\/blog\/global\/spanien\/teneriffa\/teneriffa0landkarte151205\/\" rel=\"attachment wp-att-57882\"><img loading=\"lazy\" decoding=\"async\" class=\"alignnone size-thumbnail wp-image-57882\" src=\"https:\/\/www.freiburg-schwarzwald.de\/blog\/wp-content\/uploads\/2015\/12\/teneriffa0landkarte151205-180x135.jpg\" alt=\"teneriffa0landkarte151205\" width=\"180\" height=\"135\" srcset=\"https:\/\/www.freiburg-schwarzwald.de\/blog\/wp-content\/uploads\/2015\/12\/teneriffa0landkarte151205-180x135.jpg 180w, https:\/\/www.freiburg-schwarzwald.de\/blog\/wp-content\/uploads\/2015\/12\/teneriffa0landkarte151205-640x480.jpg 640w, https:\/\/www.freiburg-schwarzwald.de\/blog\/wp-content\/uploads\/2015\/12\/teneriffa0landkarte151205.jpg 1000w\" sizes=\"auto, (max-width: 180px) 100vw, 180px\" \/><\/a>\u00a0 \u00a0 \u00a0 \u00a0 \u00a0\u00a0<a href=\"https:\/\/www.freiburg-schwarzwald.de\/blog\/global\/spanien\/teneriffa\/teneriffa7aerport151205\/\" rel=\"attachment wp-att-57883\"><img loading=\"lazy\" decoding=\"async\" class=\"alignnone size-thumbnail wp-image-57883\" src=\"https:\/\/www.freiburg-schwarzwald.de\/blog\/wp-content\/uploads\/2015\/12\/teneriffa7aerport151205-180x135.jpg\" alt=\"teneriffa7aerport151205\" width=\"180\" height=\"135\" srcset=\"https:\/\/www.freiburg-schwarzwald.de\/blog\/wp-content\/uploads\/2015\/12\/teneriffa7aerport151205-180x135.jpg 180w, https:\/\/www.freiburg-schwarzwald.de\/blog\/wp-content\/uploads\/2015\/12\/teneriffa7aerport151205-640x480.jpg 640w, https:\/\/www.freiburg-schwarzwald.de\/blog\/wp-content\/uploads\/2015\/12\/teneriffa7aerport151205.jpg 1000w\" sizes=\"auto, (max-width: 180px) 100vw, 180px\" \/><br \/>\n<\/a>(1) Teneriffa &#8211; S\u00fcdk\u00fcste unten\u00a0 \u00a0 \u00a0 \u00a0(2) Flugplatz Tenerife Sur am Meer<a href=\"https:\/\/www.freiburg-schwarzwald.de\/blog\/global\/spanien\/teneriffa\/teneriffa7aerport151205\/\" rel=\"attachment wp-att-57883\"><br \/>\n<\/a><\/p>\n<p>\u00dcber 2 Millionen Urlauber fliegen allj\u00e4hrlich nach Teneriffa. Vier Flugstunden von Frankfurt entfernt. Ab 29 Euro beim Billigflieger. Der gr\u00f6\u00dfte Teil der Touristen verbringt den Urlaub im S\u00fcden der Insel am Strand &#8211; Inbegriff ist &#8222;Playa \u00a0de las Americas&#8220;.<br \/>\nGleichwohl: Es gibt viele sehr einsame Gegenden auf Teneriffa, auch D\u00f6rfer, die von den Jungen verlassen wurden, in denen nur noch die Alten leben.<\/p>\n<p>&nbsp;<\/p>\n<p><strong>S\u00fcd-Teneriffa &#8211; Blick zum Meer<\/strong><\/p>\n<p><a href=\"https:\/\/www.freiburg-schwarzwald.de\/blog\/global\/spanien\/teneriffa\/teneriffa1roca151205\/\" rel=\"attachment wp-att-57877\"><img loading=\"lazy\" decoding=\"async\" class=\"alignnone size-thumbnail wp-image-57877\" src=\"https:\/\/www.freiburg-schwarzwald.de\/blog\/wp-content\/uploads\/2015\/12\/teneriffa1roca151205-180x135.jpg\" alt=\"teneriffa1roca151205\" width=\"180\" height=\"135\" srcset=\"https:\/\/www.freiburg-schwarzwald.de\/blog\/wp-content\/uploads\/2015\/12\/teneriffa1roca151205-180x135.jpg 180w, https:\/\/www.freiburg-schwarzwald.de\/blog\/wp-content\/uploads\/2015\/12\/teneriffa1roca151205.jpg 640w\" sizes=\"auto, (max-width: 180px) 100vw, 180px\" \/><\/a>\u00a0 \u00a0 \u00a0 \u00a0 \u00a0\u00a0<a href=\"https:\/\/www.freiburg-schwarzwald.de\/blog\/global\/spanien\/teneriffa\/teneriffa2roca151205\/\" rel=\"attachment wp-att-57878\"><img loading=\"lazy\" decoding=\"async\" class=\"alignnone size-thumbnail wp-image-57878\" src=\"https:\/\/www.freiburg-schwarzwald.de\/blog\/wp-content\/uploads\/2015\/12\/teneriffa2roca151205-180x135.jpg\" alt=\"teneriffa2roca151205\" width=\"180\" height=\"135\" srcset=\"https:\/\/www.freiburg-schwarzwald.de\/blog\/wp-content\/uploads\/2015\/12\/teneriffa2roca151205-180x135.jpg 180w, https:\/\/www.freiburg-schwarzwald.de\/blog\/wp-content\/uploads\/2015\/12\/teneriffa2roca151205.jpg 640w\" sizes=\"auto, (max-width: 180px) 100vw, 180px\" \/><\/a>\u00a0 \u00a0 \u00a0 \u00a0 \u00a0\u00a0<a href=\"https:\/\/www.freiburg-schwarzwald.de\/blog\/global\/spanien\/teneriffa\/teneriffa3gomera151205\/\" rel=\"attachment wp-att-57879\"><img loading=\"lazy\" decoding=\"async\" class=\"alignnone size-thumbnail wp-image-57879\" src=\"https:\/\/www.freiburg-schwarzwald.de\/blog\/wp-content\/uploads\/2015\/12\/teneriffa3gomera151205-180x135.jpg\" alt=\"teneriffa3gomera151205\" width=\"180\" height=\"135\" srcset=\"https:\/\/www.freiburg-schwarzwald.de\/blog\/wp-content\/uploads\/2015\/12\/teneriffa3gomera151205-180x135.jpg 180w, https:\/\/www.freiburg-schwarzwald.de\/blog\/wp-content\/uploads\/2015\/12\/teneriffa3gomera151205-640x480.jpg 640w, https:\/\/www.freiburg-schwarzwald.de\/blog\/wp-content\/uploads\/2015\/12\/teneriffa3gomera151205.jpg 1000w\" sizes=\"auto, (max-width: 180px) 100vw, 180px\" \/><\/a><br \/>\n(1) Blick vom Hotelzimmer\u00a0 \u00a0 (2) Pool am 30.11.2015 bei 24 Grad\u00a0 (3) Blick zur Nachbarinsel La Gomera<\/p>\n<p><a href=\"https:\/\/www.freiburg-schwarzwald.de\/blog\/global\/spanien\/teneriffa\/teneriffa5roca151205\/\" rel=\"attachment wp-att-57880\"><img loading=\"lazy\" decoding=\"async\" class=\"alignnone size-thumbnail wp-image-57880\" src=\"https:\/\/www.freiburg-schwarzwald.de\/blog\/wp-content\/uploads\/2015\/12\/teneriffa5roca151205-180x135.jpg\" alt=\"teneriffa5roca151205\" width=\"180\" height=\"135\" srcset=\"https:\/\/www.freiburg-schwarzwald.de\/blog\/wp-content\/uploads\/2015\/12\/teneriffa5roca151205-180x135.jpg 180w, https:\/\/www.freiburg-schwarzwald.de\/blog\/wp-content\/uploads\/2015\/12\/teneriffa5roca151205.jpg 640w\" sizes=\"auto, (max-width: 180px) 100vw, 180px\" \/><\/a>\u00a0 \u00a0 \u00a0 \u00a0 \u00a0\u00a0<a href=\"https:\/\/www.freiburg-schwarzwald.de\/blog\/global\/spanien\/teneriffa\/teneriffa6roca-pool151205\/\" rel=\"attachment wp-att-57881\"><img loading=\"lazy\" decoding=\"async\" class=\"alignnone size-thumbnail wp-image-57881\" src=\"https:\/\/www.freiburg-schwarzwald.de\/blog\/wp-content\/uploads\/2015\/12\/teneriffa6roca-pool151205-180x135.jpg\" alt=\"teneriffa6roca-pool151205\" width=\"180\" height=\"135\" srcset=\"https:\/\/www.freiburg-schwarzwald.de\/blog\/wp-content\/uploads\/2015\/12\/teneriffa6roca-pool151205-180x135.jpg 180w, https:\/\/www.freiburg-schwarzwald.de\/blog\/wp-content\/uploads\/2015\/12\/teneriffa6roca-pool151205.jpg 640w\" sizes=\"auto, (max-width: 180px) 100vw, 180px\" \/><br \/>\n<\/a>(4) Schwimmen unter Palmen\u00a0 \u00a0 (4) &#8230; im Meerwasserpool<\/p>\n<p>Gute Hotels &#8211; hier das Roca Nivaria an der Costa Adeje &#8211; liegen direkt am Meer. Pool und Palmeng\u00e4rten bieten ein angenehmes Ambiente.<\/p>\n<p>Das Hotel &#8222;Roca Nivaria&#8220; ist sehr zu empfehlen, wir waren zwei Wochen dort (Nov\/Dez): Riesengro\u00dfer warmer Meerwasserpool im gro\u00dfen Palmenpark, Kinderprogramm, Wellnessbereich, bestes Essen, sehr freundliches Personal. Blick von allen Zimmern nach S\u00fcden bzw. S\u00fcdwesten \u00fcber Park mit Pool zum Meer in Richtung La Gomera. Zwischen Hotel und Meer verl\u00e4uft KEINE STRASSE, sondern nur ein ebener Weg f\u00fcr Fu\u00dfg\u00e4nger und Radler, der lange Spazierwege nach Osten wie Westen direkt am Meer zul\u00e4\u00dft.<br \/>\nDa\u00df hinter dem Hotel nach Norden im Hinterland viele Betonkl\u00f6tze stehen, bemerkt man im Hotel nicht: Das Leben ist dort komplett nach S\u00fcden hin ausgerichtet &#8211; zum Meer hin.<br \/>\nVon Vorteil, falls Ausfl\u00fcge geplant sind: Pkw bereits in D mieten.<br \/>\nVom Flugplatz Teneriffa-S\u00fcd h\u00f6rt man nichts, das Hotel liegt in keiner Einflugschneise.<\/p>\n<p><a href=\"https:\/\/www.rocanivaria.com%20\">www.rocanivaria.com\u00a0<\/a><\/p>\n<p>&nbsp;<\/p>\n<p><strong>S\u00fcd-Teneriffa &#8211; Blick ins Hinterland<\/strong><\/p>\n<p><a href=\"https:\/\/www.freiburg-schwarzwald.de\/blog\/global\/spanien\/teneriffa\/teneriffa8neubau151201\/\" rel=\"attachment wp-att-57884\"><img loading=\"lazy\" decoding=\"async\" class=\"alignnone size-thumbnail wp-image-57884\" src=\"https:\/\/www.freiburg-schwarzwald.de\/blog\/wp-content\/uploads\/2015\/12\/teneriffa8neubau151201-180x135.jpg\" alt=\"teneriffa8neubau151201\" width=\"180\" height=\"135\" srcset=\"https:\/\/www.freiburg-schwarzwald.de\/blog\/wp-content\/uploads\/2015\/12\/teneriffa8neubau151201-180x135.jpg 180w, https:\/\/www.freiburg-schwarzwald.de\/blog\/wp-content\/uploads\/2015\/12\/teneriffa8neubau151201.jpg 640w\" sizes=\"auto, (max-width: 180px) 100vw, 180px\" \/><\/a>\u00a0 \u00a0 \u00a0 \u00a0 \u00a0\u00a0<a href=\"https:\/\/www.freiburg-schwarzwald.de\/blog\/global\/spanien\/teneriffa\/teneriffa9neubau151201\/\" rel=\"attachment wp-att-57885\"><img loading=\"lazy\" decoding=\"async\" class=\"alignnone size-thumbnail wp-image-57885\" src=\"https:\/\/www.freiburg-schwarzwald.de\/blog\/wp-content\/uploads\/2015\/12\/teneriffa9neubau151201-180x135.jpg\" alt=\"teneriffa9neubau151201\" width=\"180\" height=\"135\" srcset=\"https:\/\/www.freiburg-schwarzwald.de\/blog\/wp-content\/uploads\/2015\/12\/teneriffa9neubau151201-180x135.jpg 180w, https:\/\/www.freiburg-schwarzwald.de\/blog\/wp-content\/uploads\/2015\/12\/teneriffa9neubau151201.jpg 640w\" sizes=\"auto, (max-width: 180px) 100vw, 180px\" \/><\/a>\u00a0 \u00a0 \u00a0 \u00a0 \u00a0\u00a0<a href=\"https:\/\/www.freiburg-schwarzwald.de\/blog\/global\/spanien\/teneriffa\/teneriffa10neubau151201\/\" rel=\"attachment wp-att-57886\"><img loading=\"lazy\" decoding=\"async\" class=\"alignnone size-thumbnail wp-image-57886\" src=\"https:\/\/www.freiburg-schwarzwald.de\/blog\/wp-content\/uploads\/2015\/12\/teneriffa10neubau151201-180x135.jpg\" alt=\"teneriffa10neubau151201\" width=\"180\" height=\"135\" srcset=\"https:\/\/www.freiburg-schwarzwald.de\/blog\/wp-content\/uploads\/2015\/12\/teneriffa10neubau151201-180x135.jpg 180w, https:\/\/www.freiburg-schwarzwald.de\/blog\/wp-content\/uploads\/2015\/12\/teneriffa10neubau151201-640x480.jpg 640w, https:\/\/www.freiburg-schwarzwald.de\/blog\/wp-content\/uploads\/2015\/12\/teneriffa10neubau151201.jpg 1000w\" sizes=\"auto, (max-width: 180px) 100vw, 180px\" \/><\/a><br \/>\n(1) Blick nach Nordwesten\u00a0 \u00a0 \u00a0 (2) Blick nach Norden\u00a0 \u00a0 \u00a0 \u00a0 \u00a0 \u00a0 \u00a0 \u00a0 (3) Blick nach Nordosten<\/p>\n<p><a href=\"https:\/\/www.freiburg-schwarzwald.de\/blog\/global\/spanien\/teneriffa\/teneriffa11neubau-teide151201\/\" rel=\"attachment wp-att-57887\"><img loading=\"lazy\" decoding=\"async\" class=\"alignnone size-thumbnail wp-image-57887\" src=\"https:\/\/www.freiburg-schwarzwald.de\/blog\/wp-content\/uploads\/2015\/12\/teneriffa11neubau-teide151201-180x135.jpg\" alt=\"teneriffa11neubau-teide151201\" width=\"180\" height=\"135\" srcset=\"https:\/\/www.freiburg-schwarzwald.de\/blog\/wp-content\/uploads\/2015\/12\/teneriffa11neubau-teide151201-180x135.jpg 180w, https:\/\/www.freiburg-schwarzwald.de\/blog\/wp-content\/uploads\/2015\/12\/teneriffa11neubau-teide151201-640x480.jpg 640w, https:\/\/www.freiburg-schwarzwald.de\/blog\/wp-content\/uploads\/2015\/12\/teneriffa11neubau-teide151201.jpg 1000w\" sizes=\"auto, (max-width: 180px) 100vw, 180px\" \/><\/a><br \/>\n(4) Blick nach Norden zum Teide<\/p>\n<p>Die K\u00fcste im S\u00fcden Teneriffas zwischen dem Flughafen (Reina Sofia) im S\u00fcdosten und San Juan im S\u00fcdwesten ist praktisch zugebaut. In 2015 werden viele\u00a0Ruinen der Baubooms von 2010 hergerichtet und auch wieder neue Hotels und Appartmentanlagen erstellt. Inzwischen bis zu 20 Etagen hoch. &#8222;Meerblick&#8220; besagt \u00fcberhaupt nichts &#8211; so wird der kleine Strand in Bild (4) links in einigen Prospekten als &#8222;Meerblick&#8220; umschrieben.<\/p>\n<p>.<\/p>\n<p>&nbsp;<\/p>\n<p>&nbsp;<\/p>\n<p><strong>Deutschsprachige Residenten \u2013 vor allem in Puerto de La Cruz<\/strong><br \/>\nHannelore Fahrenkopf , 75, aus Meersburg am Bodensee<\/p>\n<p>Selbsthilfegruppen f\u00fcr Frauen.<br \/>\nSeit 1997 jedes Jahr von Oktober bis M\u00e4rz die gleiche Apartmentwohnung direkt am weiten Strand von Puerto de la Cruz.<br \/>\n<a href=\"https:\/\/mobil.stern.de\/reise\/ueberwintern-im-ewigen-fruehling-langzeiturlauber-auf-teneriffa-1932812.html?mobil=1\">https:\/\/mobil.stern.de\/reise\/ueberwintern-im-ewigen-fruehling-langzeiturlauber-auf-teneriffa-1932812.html?mobil=1<\/a><\/p>\n<p>&nbsp;<\/p>\n<p><strong>Deutsch-katholische Kirchengemeinde in Puerto de la Cruz<br \/>\n<\/strong>Diakon und Gemeindereferentin Bertram und Andrea Bolz laden regelm\u00e4\u00dfig zu Kultur- und Musikveranstaltungen ins Haus Michael ein: M\u00e4nnerstammtisch, Frauenfr\u00fchst\u00fcck,\u00a0Gesangsverein, Spanisch-Sprachkurse.<br \/>\nSan Telmo Kapelle im Ortszentrum von Puerto de la Cruz .<br \/>\n<a href=\"https:\/\/www.katholische-gemeinde-teneriffa.de\/\">https:\/\/www.katholische-gemeinde-teneriffa.de\/<\/a><\/p>\n<p>Deutsches \u00c4rzte Zentrum in Playa de las Am\u00e9ricas im S\u00fcden der Insel<br \/>\nc\/o Ingo P\u00f6tsch<br \/>\n<a href=\"https:\/\/www.sonneninsel-teneriffa.de\/\">https:\/\/www.sonneninsel-teneriffa.de\/<\/a><\/p>\n","protected":false},"excerpt":{"rendered":"<p>Home &gt;Global &gt;Spanien &gt;Teneriffa Teneriffa &#8211; gr\u00f6\u00dfte Insel der Kanaren S\u00fcd-Teneriffa &#8211; Blick zum Meer S\u00fcd-Teneriffa &#8211; Blick ins Hinterland Reiseberichte Tourismus &nbsp; Teneriffa &#8211; gr\u00f6\u00dfte Insel der Kanaren \u00a0 \u00a0 \u00a0 \u00a0 \u00a0\u00a0 (1) Teneriffa &#8211; S\u00fcdk\u00fcste unten\u00a0 \u00a0 &hellip; <a href=\"https:\/\/www.freiburg-schwarzwald.de\/blog\/global\/spanien\/teneriffa\/\">Weiterlesen <span class=\"meta-nav\">&rarr;<\/span><\/a><\/p>\n","protected":false},"author":2,"featured_media":0,"parent":51767,"menu_order":0,"comment_status":"open","ping_status":"closed","template":"","meta":{"footnotes":""},"class_list":["post-57871","page","type-page","status-publish","hentry"],"_links":{"self":[{"href":"https:\/\/www.freiburg-schwarzwald.de\/blog\/wp-json\/wp\/v2\/pages\/57871","targetHints":{"allow":["GET"]}}],"collection":[{"href":"https:\/\/www.freiburg-schwarzwald.de\/blog\/wp-json\/wp\/v2\/pages"}],"about":[{"href":"https:\/\/www.freiburg-schwarzwald.de\/blog\/wp-json\/wp\/v2\/types\/page"}],"author":[{"embeddable":true,"href":"https:\/\/www.freiburg-schwarzwald.de\/blog\/wp-json\/wp\/v2\/users\/2"}],"replies":[{"embeddable":true,"href":"https:\/\/www.freiburg-schwarzwald.de\/blog\/wp-json\/wp\/v2\/comments?post=57871"}],"version-history":[{"count":2,"href":"https:\/\/www.freiburg-schwarzwald.de\/blog\/wp-json\/wp\/v2\/pages\/57871\/revisions"}],"predecessor-version":[{"id":84803,"href":"https:\/\/www.freiburg-schwarzwald.de\/blog\/wp-json\/wp\/v2\/pages\/57871\/revisions\/84803"}],"up":[{"embeddable":true,"href":"https:\/\/www.freiburg-schwarzwald.de\/blog\/wp-json\/wp\/v2\/pages\/51767"}],"wp:attachment":[{"href":"https:\/\/www.freiburg-schwarzwald.de\/blog\/wp-json\/wp\/v2\/media?parent=57871"}],"curies":[{"name":"wp","href":"https:\/\/api.w.org\/{rel}","templated":true}]}}