{"id":56593,"date":"2015-09-24T09:27:21","date_gmt":"2015-09-24T07:27:21","guid":{"rendered":"https:\/\/www.freiburg-schwarzwald.de\/blog\/?page_id=56593"},"modified":"2015-09-24T09:54:10","modified_gmt":"2015-09-24T07:54:10","slug":"lichtverschmutzung","status":"publish","type":"page","link":"https:\/\/www.freiburg-schwarzwald.de\/blog\/natur\/umwelt\/lichtverschmutzung\/","title":{"rendered":"Lichtverschmutzung"},"content":{"rendered":"<p><a href=\"https:\/\/www.freiburg-schwarzwald.de\/BLOG\">Home<\/a> &gt;<a title=\"Natur\" href=\"https:\/\/www.freiburg-schwarzwald.de\/blog\/natur\/\">Natur<\/a> &gt;<a title=\"Umwelt\" href=\"https:\/\/www.freiburg-schwarzwald.de\/blog\/natur\/umwelt\/\">Umwelt<\/a> &gt;<a title=\"Laerm\" href=\"https:\/\/www.freiburg-schwarzwald.de\/blog\/natur\/umwelt\/laerm\/\">Laerm<\/a> &gt;Lichtverschmutzung<\/p>\n<div id=\"attachment_51258\" style=\"width: 650px\" class=\"wp-caption alignnone\"><a href=\"https:\/\/www.freiburg-schwarzwald.de\/blog\/global\/iran\/qom\/qom1pan141019\/\" rel=\"attachment wp-att-51258\"><img loading=\"lazy\" decoding=\"async\" aria-describedby=\"caption-attachment-51258\" class=\"wp-image-51258 size-full\" src=\"https:\/\/www.freiburg-schwarzwald.de\/blog\/wp-content\/uploads\/2014\/11\/qom1pan141019.jpg\" alt=\"Blick \u00fcber den gro\u00dfen Platz in Qom zum heiligen Zentrum am 19.10.2014 abends 22 Uhr\" width=\"640\" height=\"256\" srcset=\"https:\/\/www.freiburg-schwarzwald.de\/blog\/wp-content\/uploads\/2014\/11\/qom1pan141019.jpg 640w, https:\/\/www.freiburg-schwarzwald.de\/blog\/wp-content\/uploads\/2014\/11\/qom1pan141019-180x72.jpg 180w\" sizes=\"auto, (max-width: 640px) 100vw, 640px\" \/><\/a><p id=\"caption-attachment-51258\" class=\"wp-caption-text\">Blick \u00fcber den gro\u00dfen Platz in <a title=\"Iran\" href=\"https:\/\/www.freiburg-schwarzwald.de\/blog\/global\/iran\/\">Qom<\/a> zum heiligen Zentrum am 19.10.2014 abends 22 Uhr<\/p><\/div>\n<ul>\n<li>Halogenlampe strahlt\u00a0Nachbarhaus an<\/li>\n<li>Lichtverschmutzung &#8211; Lichtsmog &#8211; Lichtimmissionen<\/li>\n<li><a title=\"Einbruch\" href=\"https:\/\/www.freiburg-schwarzwald.de\/blog\/selbsthilfe\/krise\/gewalt\/einbruch\/\">Einbruch<\/a><\/li>\n<li><a title=\"Fledermaus\" href=\"https:\/\/www.freiburg-schwarzwald.de\/blog\/natur\/tiere\/fledermaus\/\">Fledermaus<\/a><\/li>\n<\/ul>\n<p>&nbsp;<\/p>\n<p>&nbsp;<\/p>\n<p><strong>Halogenlampe strahlt\u00a0Nachbarhaus an<\/strong><\/p>\n<p>Fall: Ein 1000-Watt Halogenstrahler mit Bewegungsmelder leuchtet vom Haus aus in den eigenen Garten, um eindringende Einbrecher abzuhalten. Zwei Probleme:<br \/>\n1) Das Halogenlicht beleuchtet auch das Nachbarhaus, das dortige\u00a0Schlafzimmer wird grell illuminiert. Die Nachbarn f\u00fchlen sich gest\u00f6rt.<br \/>\n2) Vor dem Bewegungsmeldet ist ein Busch gepflanzt, dessen bei Wind flatternde Bl\u00e4tter das Licht immer wieder anschalten &#8211; unabh\u00e4ngig vom Dieb.<\/p>\n<p>&nbsp;<\/p>\n<p>&nbsp;<\/p>\n<p><strong>500-Watt-Strahler ins Nachbargrundst\u00fcck nicht erlaubt<\/strong><br \/>\nDer Nachbar darf die Beseitigung des Strahlers dann fordern, wenn von diesem Strahler eine f\u00fcr Dritte nachvollziehbare Bel\u00e4stigung f\u00fcr ihn ausgeht, deren Abstellung f\u00fcr Sie zumutbar ist. Sie k\u00f6nnen dabei nicht von ihm verlangen, dass er doch seine Rolll\u00e4den herunterlassen solle, wenn ihn das Licht st\u00f6rt; Sie sind daf\u00fcr verantwortlich, dass von Ihrem Grundst\u00fcck eine solche Bel\u00e4stigung nicht ausgeht, auch nicht nur zeitweise. Ob der Strahler, den Sie angebracht haben, tats\u00e4chlich st\u00f6rend ist, wird letztlich nur im Rahmen einer Vor-Ort-Besichtigung beurteilt werden k\u00f6nnen. Zu sagen ist jedoch, dass Strahler der Art, wie Sie verbaut haben, nach meinem Kenntnisstand in der Tat ein sehr glei\u00dfendes Licht abgeben, welches auch recht weit reicht. Da es Ihnen wahrscheinlich m\u00f6glich w\u00e4re, eine andere, schw\u00e4chere und blendfreie Beleuchtung zu installieren, m\u00fcssen Sie damit rechnen, dass der Nachbar tats\u00e4chlich mit Erfolg von Ihnen verlangen kann, diesen Strahler zu entfernen und eine ihn weniger st\u00f6rende Beleuchtung anzubringen. &#8230; Alles lesen auf<br \/>\n<a href=\"https:\/\/www.frag-einen-anwalt.de\/Beleuchtung---f47099.html\">https:\/\/www.frag-einen-anwalt.de\/Beleuchtung&#8212;f47099.html<\/a><\/p>\n<p><strong>Auch Licht kann eine St\u00f6rung des Eigentums sein<\/strong><br \/>\n&#8230;. Es handelt sich dabei um eine sogenannte unw\u00e4gbare Immission im Sine des \u00a7 906 BGB. \u00dcberschreitet die Beleuchtung das, was \u00fcblich ist und beeintr\u00e4chtigt den Nachbarn wesentlich, so hat dieser einen Unterlassungsanspruch nach \u00a7 1004 BGB gegen den Nachbarn. Das ist zum Beispiel dann der Fall, wenn der Scheinwerfer direkt ins Zimmer des Nachbarn leuchtet und so den Schlaf verhindert. Ansonsten h\u00e4ngt das Ma\u00df der Beeintr\u00e4chtigung immer vom Einzelfall ab und wird gegebenenfalls vom Richter bei einer Ortsbesichtigung ermittelt. Dabei kann schon das Licht einer nahezu jede Nacht dauerhaft leuchtenden 40 Watt Au\u00dfenlampe neben der Haust\u00fcr eine wesentliche Beeintr\u00e4chtigung des Grundst\u00fccksnachbarn darstellen (LG Wiesbaden, 19.12.2001, Az.: 10 S 46\/01). Der gest\u00f6rte Nachbar kann dann verlangen, dass die Lichtquelle so angebracht wird, dass sie ihn nicht weiter beeintr\u00e4chtigt. Der St\u00f6rer kann hingegen nicht verlangen, dass der beleuchtete Nachbar Roll\u00e4den oder Gardinen vor seinen Fenstern anbringen muss, um die Bel\u00e4stigung auf ein zumutbares Ma\u00df abzusenken (LG Wiesbaden, 19.12.2001, Az.: 10 S 46\/01).<br \/>\n<a href=\"https:\/\/www.recht-gehabt.de\/ratgeber\/meine-rechte-als-nachbar\/das-licht-von-nachbars-heller-lampe-scheint-auf-mein-grundstueck-was-tun.html\">https:\/\/www.recht-gehabt.de\/ratgeber\/meine-rechte-als-nachbar\/das-licht-von-nachbars-heller-lampe-scheint-auf-mein-grundstueck-was-tun.html<\/a><\/p>\n<p><strong>Wenn die Au\u00dfenlampe des Nachbarn ins Schlafzimmer scheint<\/strong>,<br \/>\nkann der Betroffene verlangen, dass die Lampe nachts abgeschaltet wird. Es ist nicht zumutbar, das der gest\u00f6rte Nachbar sein Schlafzimmer in ein anderes Zimmer seines Hauses verlegt. Die Hauslampe muss daher nachts abgeschaltet werden. Dem Nachbarn ist es nicht zumutbar, den Lichteinwirkungen dadurch zu entgehen, dass er nachts die Roll\u00e4den schlie\u00dft oder gar aus seinem Schlafzimmer auszieht. Auf die Au\u00dfenleuchte ist der Nachbar auch nicht zur Abwendung der Einbruchsgefahr unbedingt angewiesen, weil dieser Zweck der Au\u00dfenbleuchtung auch dadurch erreicht werden kann, dass abends im Haus ab und zu Licht gemacht wird (bei Abwesenheit z.B. mit einer Zeitschaltuhr). Eine Entscheidung zugunsten des von der Au\u00dfenlampe des Nachbarn gest\u00f6rten Kl\u00e4gers liegt mit einem Urteil des Landgerichts Wiesbaden (LG Wiesbaden 19.12.2001 &#8211; 10 S 46\/01) vor.<br \/>\n<a href=\"https:\/\/www.anwalt24.de\/rund-ums-recht\/Lichtimmissionen-d164725.html\">https:\/\/www.anwalt24.de\/rund-ums-recht\/Lichtimmissionen-d164725.html<\/a><\/p>\n<p>&nbsp;<\/p>\n<p>.<\/p>\n<p><strong>Lichtverschmutzung &#8211; Lichtsmog &#8211; Lichtimmissionen<\/strong><br \/>\nDa Licht positiv mit Werten wie Sicherheit, Wohlstand und Modernit\u00e4t besetzt ist, neigen wir dazu, unsere Umgebung intensiv zu beleuchten. Doch was unsch\u00e4tzbare Vorteile bringt, hat auch eine Schattenseite: Die Lichtverschmutzung \u2013 verstanden als die Verschmutzung des nat\u00fcrlichen, n\u00e4chtlichen Lichts durch k\u00fcnstliches Licht \u2013 nimmt zu. Auswirkungen auf Mensch und Natur durch k\u00fcnstliches Licht sind bisher weitestgehend unbekannt.<br \/>\n<a href=\"https:\/\/www.verlustdernacht.de%20\">www.verlustdernacht.de\u00a0<\/a><\/p>\n","protected":false},"excerpt":{"rendered":"<p>Home &gt;Natur &gt;Umwelt &gt;Laerm &gt;Lichtverschmutzung Halogenlampe strahlt\u00a0Nachbarhaus an Lichtverschmutzung &#8211; Lichtsmog &#8211; Lichtimmissionen Einbruch Fledermaus &nbsp; &nbsp; Halogenlampe strahlt\u00a0Nachbarhaus an Fall: Ein 1000-Watt Halogenstrahler mit Bewegungsmelder leuchtet vom Haus aus in den eigenen Garten, um eindringende Einbrecher abzuhalten. Zwei Probleme: &hellip; <a href=\"https:\/\/www.freiburg-schwarzwald.de\/blog\/natur\/umwelt\/lichtverschmutzung\/\">Weiterlesen <span class=\"meta-nav\">&rarr;<\/span><\/a><\/p>\n","protected":false},"author":2,"featured_media":0,"parent":512,"menu_order":0,"comment_status":"open","ping_status":"closed","template":"","meta":{"footnotes":""},"class_list":["post-56593","page","type-page","status-publish","hentry"],"_links":{"self":[{"href":"https:\/\/www.freiburg-schwarzwald.de\/blog\/wp-json\/wp\/v2\/pages\/56593","targetHints":{"allow":["GET"]}}],"collection":[{"href":"https:\/\/www.freiburg-schwarzwald.de\/blog\/wp-json\/wp\/v2\/pages"}],"about":[{"href":"https:\/\/www.freiburg-schwarzwald.de\/blog\/wp-json\/wp\/v2\/types\/page"}],"author":[{"embeddable":true,"href":"https:\/\/www.freiburg-schwarzwald.de\/blog\/wp-json\/wp\/v2\/users\/2"}],"replies":[{"embeddable":true,"href":"https:\/\/www.freiburg-schwarzwald.de\/blog\/wp-json\/wp\/v2\/comments?post=56593"}],"version-history":[{"count":0,"href":"https:\/\/www.freiburg-schwarzwald.de\/blog\/wp-json\/wp\/v2\/pages\/56593\/revisions"}],"up":[{"embeddable":true,"href":"https:\/\/www.freiburg-schwarzwald.de\/blog\/wp-json\/wp\/v2\/pages\/512"}],"wp:attachment":[{"href":"https:\/\/www.freiburg-schwarzwald.de\/blog\/wp-json\/wp\/v2\/media?parent=56593"}],"curies":[{"name":"wp","href":"https:\/\/api.w.org\/{rel}","templated":true}]}}