{"id":55372,"date":"2015-07-12T15:50:18","date_gmt":"2015-07-12T13:50:18","guid":{"rendered":"https:\/\/www.freiburg-schwarzwald.de\/blog\/?page_id=55372"},"modified":"2021-09-03T21:22:03","modified_gmt":"2021-09-03T19:22:03","slug":"freizeitparks","status":"publish","type":"page","link":"https:\/\/www.freiburg-schwarzwald.de\/blog\/regio\/freizeitparks\/","title":{"rendered":"Freizeitparks"},"content":{"rendered":"<p><a href=\"https:\/\/www%2Cfreiburg-schwarzwald.de\/blog\">Home<\/a> &gt;<a title=\"Regio\" href=\"https:\/\/www.freiburg-schwarzwald.de\/blog\/regio\/\">Regio<\/a> &gt;Freizeitparks<\/p>\n<div id=\"attachment_54376\" style=\"width: 649px\" class=\"wp-caption alignnone\"><a href=\"https:\/\/www.freiburg-schwarzwald.de\/blog\/energie\/dezentralisierung\/eggenertal15galopp-bike-pan150419\/\" rel=\"attachment wp-att-54376\"><img loading=\"lazy\" decoding=\"async\" aria-describedby=\"caption-attachment-54376\" class=\"size-full wp-image-54376\" src=\"https:\/\/www.freiburg-schwarzwald.de\/blog\/wp-content\/uploads\/2015\/03\/eggenertal15galopp-bike-pan150419.jpg\" alt=\"Kirschbl\u00fcte im Eggenertal am 19.4.2015 - mit dem Pferd unterwegs\" width=\"639\" height=\"269\" srcset=\"https:\/\/www.freiburg-schwarzwald.de\/blog\/wp-content\/uploads\/2015\/03\/eggenertal15galopp-bike-pan150419.jpg 639w, https:\/\/www.freiburg-schwarzwald.de\/blog\/wp-content\/uploads\/2015\/03\/eggenertal15galopp-bike-pan150419-180x75.jpg 180w\" sizes=\"auto, (max-width: 639px) 100vw, 639px\" \/><\/a><p id=\"caption-attachment-54376\" class=\"wp-caption-text\">Kirschbl\u00fcte im Eggenertal am 19.4.2015 &#8211; mit dem Pferd unterwegs<\/p><\/div>\n<p>&nbsp;<\/p>\n<ul>\n<li><a href=\"https:\/\/www.freiburg-schwarzwald.de\/blog\/tourismus\/steinwasenpark\/\">Steinwasenpark Oberried hat ge\u00f6ffnet \u2013 allerdings mit Einschr\u00e4nkungen<\/a>\u00a0 (19.4.2021)<\/li>\n<li><a href=\"https:\/\/www.freiburg-schwarzwald.de\/blog\/selbsthilfe\/soziales\/wohlstand\/freizeitpark\/\">Linker Ideologie-Fun-Park vor der Pleite<\/a>\u00a0(10.12.2020)<\/li>\n<li>AKW-Fessenheim &#8211; Seilbahn &#8211; Europa-Park (16.11.2018)<\/li>\n<li><a href=\"https:\/\/www.badische-zeitung.de\/rust\/ein-blick-hinter-die-kulissen-des-europa-parks--107482645.html\">https:\/\/www.badische-zeitung.de\/rust\/ein-blick-hinter-die-kulissen-des-europa-parks&#8211;107482645.html<\/a> (11.7.2015)<\/li>\n<li><a href=\"https:\/\/www.freiburg-schwarzwald.de\/freizeitparks1.htm\">Aktuelle Infos zur Freizeitparks-Seite<\/a> &gt;Freizeitparks1<\/li>\n<li><\/li>\n<li><strong><a href=\"https:\/\/www.freiburg-schwarzwald.de\/freizeitparks.htm\">www.freiburg-schwarzwald.de\/freizeitparks.htm<\/a> &gt;Archivseite\u00a0<\/strong><\/li>\n<li><a title=\"Europa-Park\" href=\"https:\/\/www.freiburg-schwarzwald.de\/blog\/tourismus\/europa-park\/\">Europa-Park Rust<\/a><\/li>\n<li><a href=\"https:\/\/www.freiburg-schwarzwald.de\/blog\/selbsthilfe\/soziales\/wohlstand\/freizeitpark\/\">Freizeitpark Deutschland<\/a><\/li>\n<li><a href=\"https:\/\/www.freiburg-schwarzwald.de\/freiburg5.htm#Mundenhof im Freiburger Westen\">Mundenhof im Freiburger Westen<\/a> &gt;Freiburg5<\/li>\n<li><a href=\"https:\/\/www.freiburg-schwarzwald.de\/freizeitparks.htm#Schwarzwaldpark L\u00f6ffingen\">Schwarzwaldpark L\u00f6ffingen<\/a><\/li>\n<li><a href=\"https:\/\/www.freiburg-schwarzwald.de\/tiere4.htm#Schwarzwaldzoo in Waldkirch \u00f6ffnet ab heute wieder\">Schwarzwaldzoo in Waldkirch \u00f6ffnet ab heute wieder<\/a> &gt;Tiere4 (1.3.2007)<\/li>\n<li><a href=\"https:\/\/www.freiburg-schwarzwald.de\/blog\/tourismus\/steinwasenpark\/\">Steinwasen-Park Oberried<\/a><\/li>\n<li><a href=\"https:\/\/www.freiburg-schwarzwald.de\/klettern1.htm#Action Forest: Start f\u00fcr Abenteuer-Kletterpark am Hirschb\u00fchl Titisee\">Titisee: Action Forest: Start f\u00fcr Abenteuer-Kletterpark am Hirschb\u00fchl<\/a> &gt;Klettern1 (19.8.2006)<\/li>\n<li><a href=\"https:\/\/www.freiburg-schwarzwald.de\/freizeitparks.htm#Vogelpark Steinen\">Vogelpark Steinen<\/a><\/li>\n<li><a href=\"https:\/\/www.freiburg-schwarzwald.de\/ausflug.htm#Vogtsbauernhof\">Vogtsbauernhof &#8211; Schwarzw\u00e4lder Freilichtmuseum in Gutach<\/a> &gt;Ausflug<\/li>\n<li><a href=\"https:\/\/www.freiburg-schwarzwald.de\/ausflug.htm\">Ausfl\u00fcge<\/a> &gt;Ausflug<\/li>\n<li><a href=\"https:\/\/www.freiburg-schwarzwald.de\/freizeit.htm\">Freizeit<\/a> &gt;Freizeit<\/li>\n<\/ul>\n<p>.<\/p>\n<p><strong>AKW-Fessenheim &#8211; Seilbahn &#8211; Europa-Park<\/strong><br \/>\nDer Europa-Park ist eine einzigartige Erfolgsgeschichte. Hier treffen sich Menschen unterschiedlicher Nationen und wollen Spa\u00df haben. Die stetig steigenden Besucherzahlen verdeutlichen dies. Nun gibt es Pl\u00e4ne, eine Seilbahn \u00fcber den Rhein zu bauen. In Frankreich entstehen neue Arbeitspl\u00e4tze, neue Hotels und Fahrgesch\u00e4fte. Alles prima, alles toll.<br \/>\n.<br \/>\nNur, Herr Mack, einen Haken hat die ganze Sache. Sollte es im <a title=\"Atomkraftwerk Fessenheim bleibt\" href=\"https:\/\/www.freiburg-schwarzwald.de\/blog\/atomkraftwerk-fessenheim-bleibt\/\">Atomkraftwerk Fessenheim<\/a> zu einem \u2013 was hoffentlich nie eintreten wird \u2013 GAU oder Super-GAU kommen, k\u00f6nnen Sie Ihren wundersch\u00f6nen Park schlie\u00dfen. Kann man sich das vorstellen? Ja, ein Restrisiko gibt es immer. Aber, Herr Mack, Sie haben die M\u00f6glichkeit, durch Ihre Wirtschaftskraft und Ihre erfolgreichen Ideen Einfluss zu nehmen. Durch die Seilbahn, Hotels und Fahrgesch\u00e4fte in Frankreich k\u00f6nnen Sie die Arbeitspl\u00e4tze, die in Fessenheim bei einer Stilllegung entstehen, auffangen. Werfen Sie dieses Argument in Ihre Verhandlungen mit den franz\u00f6sischen Verantwortlichen ein. Sichern Sie damit die Zukunft Ihres Parks durch die rasche Abschaltung des Atomkraftwerks in Fessenheim.<br \/>\n16.11.2018, Axel Noack, Sulzburg-Laufen, BZO<\/p>\n","protected":false},"excerpt":{"rendered":"<p>Home &gt;Regio &gt;Freizeitparks &nbsp; Steinwasenpark Oberried hat ge\u00f6ffnet \u2013 allerdings mit Einschr\u00e4nkungen\u00a0 (19.4.2021) Linker Ideologie-Fun-Park vor der Pleite\u00a0(10.12.2020) AKW-Fessenheim &#8211; Seilbahn &#8211; Europa-Park (16.11.2018) https:\/\/www.badische-zeitung.de\/rust\/ein-blick-hinter-die-kulissen-des-europa-parks&#8211;107482645.html (11.7.2015) Aktuelle Infos zur Freizeitparks-Seite &gt;Freizeitparks1 www.freiburg-schwarzwald.de\/freizeitparks.htm &gt;Archivseite\u00a0 Europa-Park Rust Freizeitpark Deutschland Mundenhof im Freiburger &hellip; <a href=\"https:\/\/www.freiburg-schwarzwald.de\/blog\/regio\/freizeitparks\/\">Weiterlesen <span class=\"meta-nav\">&rarr;<\/span><\/a><\/p>\n","protected":false},"author":2,"featured_media":0,"parent":39,"menu_order":0,"comment_status":"open","ping_status":"closed","template":"","meta":{"footnotes":""},"class_list":["post-55372","page","type-page","status-publish","hentry"],"_links":{"self":[{"href":"https:\/\/www.freiburg-schwarzwald.de\/blog\/wp-json\/wp\/v2\/pages\/55372","targetHints":{"allow":["GET"]}}],"collection":[{"href":"https:\/\/www.freiburg-schwarzwald.de\/blog\/wp-json\/wp\/v2\/pages"}],"about":[{"href":"https:\/\/www.freiburg-schwarzwald.de\/blog\/wp-json\/wp\/v2\/types\/page"}],"author":[{"embeddable":true,"href":"https:\/\/www.freiburg-schwarzwald.de\/blog\/wp-json\/wp\/v2\/users\/2"}],"replies":[{"embeddable":true,"href":"https:\/\/www.freiburg-schwarzwald.de\/blog\/wp-json\/wp\/v2\/comments?post=55372"}],"version-history":[{"count":4,"href":"https:\/\/www.freiburg-schwarzwald.de\/blog\/wp-json\/wp\/v2\/pages\/55372\/revisions"}],"predecessor-version":[{"id":94451,"href":"https:\/\/www.freiburg-schwarzwald.de\/blog\/wp-json\/wp\/v2\/pages\/55372\/revisions\/94451"}],"up":[{"embeddable":true,"href":"https:\/\/www.freiburg-schwarzwald.de\/blog\/wp-json\/wp\/v2\/pages\/39"}],"wp:attachment":[{"href":"https:\/\/www.freiburg-schwarzwald.de\/blog\/wp-json\/wp\/v2\/media?parent=55372"}],"curies":[{"name":"wp","href":"https:\/\/api.w.org\/{rel}","templated":true}]}}