{"id":54110,"date":"2015-04-07T20:35:10","date_gmt":"2015-04-07T18:35:10","guid":{"rendered":"https:\/\/www.freiburg-schwarzwald.de\/blog\/?page_id=54110"},"modified":"2024-08-24T12:10:41","modified_gmt":"2024-08-24T10:10:41","slug":"pflegehelfer","status":"publish","type":"page","link":"https:\/\/www.freiburg-schwarzwald.de\/blog\/business\/dienste\/pflege\/pflegehelfer\/","title":{"rendered":"Pflegehelfer"},"content":{"rendered":"<p>Home &gt;<a title=\"Selbsthilfe\" href=\"https:\/\/www.freiburg-schwarzwald.de\/blog\/selbsthilfe\/\">Selbsthilfe<\/a> &gt;<a title=\"Senioren\" href=\"https:\/\/www.freiburg-schwarzwald.de\/blog\/selbsthilfe\/senioren\/\">Senioren<\/a> &gt;<a title=\"Dienste\" href=\"https:\/\/www.freiburg-schwarzwald.de\/blog\/branchen\/dienste\/\">Dienste<\/a> &gt;<a title=\"Pflege\" href=\"https:\/\/www.freiburg-schwarzwald.de\/blog\/business\/dienste\/pflege\/\">Pflege<\/a> &gt;Pflegehelfer<\/p>\n<div id=\"attachment_51586\" style=\"width: 648px\" class=\"wp-caption alignnone\"><a href=\"https:\/\/www.freiburg-schwarzwald.de\/blog\/business\/dienste\/mieten\/lindenberg1pan141117\/\" rel=\"attachment wp-att-51586\"><img loading=\"lazy\" decoding=\"async\" aria-describedby=\"caption-attachment-51586\" class=\"size-full wp-image-51586\" src=\"https:\/\/www.freiburg-schwarzwald.de\/blog\/wp-content\/uploads\/2014\/11\/lindenberg1pan141117.jpg\" alt=\"Blick vom Lindenberg bei St.Peter \u00fcbers neblige Dreisamtal zum Schauinsland am 19.11.2014\" width=\"638\" height=\"250\" srcset=\"https:\/\/www.freiburg-schwarzwald.de\/blog\/wp-content\/uploads\/2014\/11\/lindenberg1pan141117.jpg 638w, https:\/\/www.freiburg-schwarzwald.de\/blog\/wp-content\/uploads\/2014\/11\/lindenberg1pan141117-180x70.jpg 180w\" sizes=\"auto, (max-width: 638px) 100vw, 638px\" \/><\/a><p id=\"caption-attachment-51586\" class=\"wp-caption-text\">Blick vom Lindenberg bei St.Peter \u00fcbers neblige Dreisamtal zum Schauinsland am 19.11.2014<\/p><\/div>\n<p>&nbsp;<\/p>\n<ul>\n<li><a href=\"https:\/\/www.freiburg-schwarzwald.de\/blog\/business\/dienste\/immobilien\/wohnen\/wohnungsmangel\/\">Wohnraum f\u00fcr Pflegekr\u00e4fte \u2013 Kampagne war erfolgreich<\/a>\u00a0(23.8.2024)<\/li>\n<li><a href=\"https:\/\/www.freiburg-schwarzwald.de\/blog\/pflegenotstand-primaer-kinder\/\">Pflegenotstand \u2013 prim\u00e4r Kinder<\/a>\u00a0(27.11.2021)<\/li>\n<li><a title=\"Pflege-Stammtisch in Freiburg\" href=\"https:\/\/www.freiburg-schwarzwald.de\/blog\/pflege-stammtisch-in-freiburg\/\">Pflege-Stammtisch in Freiburg<\/a>\u00a0(28.1.2020)<\/li>\n<li>Pflege durch Polinnen: Eine Beziehung, nicht blo\u00df eine Dienstleistung\u00a0 (24.4.2015)<\/li>\n<li><a href=\"https:\/\/www.freiburg-schwarzwald.de\/sozialstation1.htm#Katholische Sozialstation Freiburg Bezirk Mitte\/Ost: PIA, T.I.P.S\">Katholische Sozialstation Freiburg Bezirk Mitte\/Ost: PIA, T.I.P.S<\/a>\u00a0&gt;Sozialstation1 (5.2.2012)<\/li>\n<li><a href=\"https:\/\/www.freiburg-schwarzwald.de\/familie3.htm#Jugend\u00e4mter vermitteln Kinder an Pflegefamilien: Dauerpflege als Regelfall\">Jugend\u00e4mter vermitteln Kinder an Pflegefamilien: Dauerpflege als Regelfall<\/a>\u00a0 &gt;Familie3 (12.9.11)<\/li>\n<li><a href=\"https:\/\/www.freiburg-schwarzwald.de\/littenweiler\/pflege3.htm#Pflegemigration von Ost nach West: KHF-Symposion der Caritas\">Pflegemigration von Ost nach West: KHF-Symposion der Caritas<\/a>\u00a0&gt;Pflege3 (27.6.2011)<\/li>\n<li><a href=\"https:\/\/www.freiburg-schwarzwald.de\/armut.htm#Caritas-Chef Peter Neher: Armut, Hartz-IV, polnische Pflegekr\u00e4fte\">Caritas-Chef Peter Neher: Armut, Hartz-IV, polnische Pflegekr\u00e4fte<\/a>\u00a0&gt;Armut (12.7.2008)<\/li>\n<li><a href=\"https:\/\/www.freiburg-schwarzwald.de\/littenweiler\/pflege3.htm#kritische-ereignisse.de - anonym Erfahrungen zur Altenpflege\">kritische-ereignisse.de &#8211; anonym Erfahrungen zur Altenpflege<\/a>\u00a0&gt;Pflege3 (18.6.2008)<\/li>\n<li><a href=\"https:\/\/www.freiburg-schwarzwald.de\/pflegehelfer.htm#Haushaltshilfen aus Polen\">Haushaltshilfen aus Polen<\/a><\/li>\n<li><a href=\"https:\/\/www.freiburg-schwarzwald.de\/pflegehelfer.htm#Schwarzarbeit bei Oma - Illegale Altenbetreuung\">Schwarzarbeit bei Oma<\/a>\u00a0(19.7.2007)<\/li>\n<li><\/li>\n<li>24-Stunden-Pflege zuhause &#8211; drei Modelle<\/li>\n<li><strong><a href=\"https:\/\/\u25fewww.freiburg-schwarzwald.de\/pflegehelfer.htm\">www.freiburg-schwarzwald.de\/pflegehelfer.htm<\/a> &gt;Archivseite Pflegehelfer<\/strong><\/li>\n<li><a title=\"Pflegebegleitung\" href=\"https:\/\/www.freiburg-schwarzwald.de\/blog\/business\/dienste\/pflege\/pflegebegleitung\/\">Pflegebegleitung<\/a><\/li>\n<li><a title=\"Schwarzarbeit\" href=\"https:\/\/www.freiburg-schwarzwald.de\/blog\/selbsthilfe\/soziales\/arbeit\/schwarzarbeit\/\">Schwarzarbeit<\/a><\/li>\n<\/ul>\n<p>&nbsp;<\/p>\n<p><strong>24-Stunden-Pflege zuhause &#8211; drei Modelle<\/strong><\/p>\n<p><strong>(1) Pflegehelferin aus Osteuropa \u00fcber Vermittlungsagentur<\/strong><br \/>\nSch\u00e4tzungsweise 200.000 Frauen aus vorwiegend osteurop\u00e4ischen L\u00e4ndern pflegen in deutschen Privathaushalten rund um die Uhr. Kosten ca 1400-2500 Euro\/Monat. Preiswert, da f\u00fcr diese 24-Stunden-Pflege\u00a0drei deutsche Fachkr\u00e4fte zu je 8 Std eingesetzt werden. Reisekosten von etwa 150 Euro, f\u00e4llig bei jedem Personalwechsel (ca alle 3 Monate).<br \/>\nZahlreiche Agenturen im Internet vermitteln (Geb\u00fchr einmalig ca 500 Euro) &#8211; der Vertragspartner jedoch ist immer das Entsendeunternehmen im Ausland. Dieses Modell ist legal und keine <a title=\"Schwarzarbeit\" href=\"https:\/\/www.freiburg-schwarzwald.de\/blog\/selbsthilfe\/soziales\/arbeit\/schwarzarbeit\/\">Schwarzarbeit<\/a>.<br \/>\nDie osteurop\u00e4ischen Frauen sind in der Regel keine Fachkr\u00e4fte f\u00fcr Pflege. Sie k\u00fcmmern sich um hauswirtschaftliche und einfache pflegerische T\u00e4tigkeiten. Die medizinische Versorgung muss ein ambulanter Pflegedienst mit Krankenkassenzulassung \u00fcbernehmen. Haushaltshilfen d\u00fcrfen keine Verb\u00e4nde wechseln, Spritzen setzen oder Medikamente geben.<br \/>\nDie Beratung durch einen ambulanten Pflegedienst muss regelm\u00e4\u00dfig nachgewiesen werden, sobald man monatliches Pflegegeld erh\u00e4lt.<br \/>\n<span class=\"ngBold\">Nach EU-Recht<\/span> d\u00fcrfen Arbeitnehmer aus allen osteurop\u00e4ischen EU-Beitrittsstaaten hier wie deutsche Arbeitskr\u00e4fte angestellt werden, ohne Erlaubnis der Arbeitsagentur . Die &#8222;A1-Bescheinigung&#8220; dient als Nachweis, dass die Kraft im Ausland sozialversicherungspflichtig angemeldet ist.<\/p>\n<p><strong>(2) Pflegehelferin aus Osteuropa \u00fcber\u00a0Pflegebed\u00fcrftigen als Arbeitgeber<\/strong><br \/>\nWegen des gro\u00dfen Aufwands, als Arbeitgeber zu fungieren (Einstellung, Sozialabgaben, Versicherungen, Schriftverkehr, &#8230;) ist dieses Modell kaum verbreitet.<br \/>\nDas &#8222;FairCare&#8220;-Projekt der Diakonie W\u00fcrttemberg hat in 3 Jahren nur 55 Eins\u00e4tze mit Pflegerinnen aus Osteuropa begleitet (Kosten 2200 Euro\/Monat bei 40-Std-Woche). FairCare:<span class=\"Apple-converted-space\"><span style=\"font-family: Verdana;\">\u00a0<\/span><\/span><a class=\"ngLink\" title=\"\" href=\"https:\/\/www.diakonie-wuerttemberg.de\/rat-und-hilfe\/faircare\/was-ist-faircare\/\" target=\"_blank\" rel=\"noopener\">https:\/\/www.diakonie-wuerttemberg.de<\/a><br \/>\nDas &#8222;Caritas24&#8220;-Projekt der Katholischen Sozialstation Freiburg arbeitet entsprechend. Caritas24: <a class=\"ngLink\" title=\"\" href=\"https:\/\/www.ksst-freiburg.de\/ganztaegige-betreuung-caritas-24-51.html\" target=\"_blank\" rel=\"noopener\">https:\/\/www.ksst-freiburg.de<\/a><br \/>\nDie<span class=\"Apple-converted-space\"><span style=\"font-family: Verdana;\">\u00a0<\/span><\/span><span class=\"ngBold\">Bundesagentur f\u00fcr Arbeit<\/span><span class=\"Apple-converted-space\"><span style=\"font-family: Verdana;\">\u00a0<\/span><\/span>vermittelt europ\u00e4ische Haushaltshilfen \u00fcber ihre Zentrale Auslands- und Fachvermittlung (ZAV). Auch dabei wird der Pflegebed\u00fcrftige zum Arbeitgeber.\u00a0Tariflohn ab 1400 Euro f\u00fcr 38 Stunden pro Woche. Ein freier Tag pro Woche und Urlaubszeiten.<\/p>\n<p><strong>(3) Deutsche Pflegedienste<\/strong><br \/>\nDie &#8222;Stiftung Innovation und Pflege&#8220; setzt ausschlie\u00dflich deutsche Pflegedienste ein. Kosten ab 3000 Euro\/Monat. Zwei professionelle Pflegerinnen im zweiw\u00f6chigen Wechsel.<br \/>\nInfos:<br \/>\nSeniorenb\u00fcro mit Pflegest\u00fctzpunkt Freiburg, Fehrenbachallee 12, Tel0761\/ 201-3032<br \/>\nTipps der Verbraucherzentrale Baden-W\u00fcrttemberg: <a class=\"ngLink\" title=\"\" href=\"https:\/\/www.vz-bawue.de\/pflege-rund-um-die-uhr\" target=\"_blank\" rel=\"noopener\">https:\/\/www.vz-bawue.de\/pflege-rund-um-die-uhr<\/a><span class=\"Apple-converted-space\"><span style=\"font-family: Verdana;\">\u00a0<\/span><\/span><span class=\"ngBold\"><br \/>\n<\/span>Die<span class=\"Apple-converted-space\"><span style=\"font-family: Verdana;\">\u00a0<\/span><\/span><span class=\"ngBold\">Stiftung Warentest<\/span><span class=\"Apple-converted-space\"><span style=\"font-family: Verdana;\">\u00a0<\/span><\/span>testete 2009 Vermittlungsagenturen: <a class=\"ngLink\" title=\"\" href=\"https:\/\/www.test.de\/Pflege-zu-Hause-Vermittlungsagenturen-im-Test-1772650-0\" target=\"_blank\" rel=\"noopener\">https:\/\/www.test.de<\/a><span class=\"Apple-converted-space\"><span style=\"font-family: Verdana;\"><br \/>\n<\/span><\/span>Buch &#8222;Pflege zuhause organisieren &#8211; was Angeh\u00f6rige wissen m\u00fcssen&#8220;, 9,90 Euro<br \/>\nVerbraucherzentrale (Hrsg) 2013<br \/>\n==================================================<\/p>\n<p>&nbsp;<\/p>\n<p><strong>Pflege durch Polinnen: Eine Beziehung, nicht blo\u00df eine Dienstleistung<\/strong><\/p>\n<p class=\"vorwort\">Alles zu &#8222;Ein Modell mit Schattenseiten&#8220; vom 7.4.2015 lesen auf:<br \/>\n<a href=\"https:\/\/www.badische-zeitung.de\/liebe-familie\/ein-modell-mit-schattenseiten--102936334.html\">https:\/\/www.badische-zeitung.de\/liebe-familie\/ein-modell-mit-schattenseiten&#8211;102936334.html<\/a><\/p>\n<p>Die aufgeblasene Emp\u00f6rung, mit der allenthalben \u00fcber die Besch\u00e4ftigung von Haushaltshilfen aus Osteuropa bei alten Menschen gesprochen wird, macht mich w\u00fctend. Auf der Strecke bleiben \u2013 wie immer, wenn wenig Ahnung, aber viel Meinung im Spiel ist \u2013 die Betroffenen.<br \/>\nAuch meine Eltern haben seit Jahren liebevolle Unterst\u00fctzung von Frauen aus Polen. Die Konflikte um die Besch\u00e4ftigung osteurop\u00e4ischer Frauen waren meinen Eltern sehr wohl bewusst, weshalb sie zuerst bei Caritas und Diakonie nachgefragt haben. Abgeschreckt haben sie nicht die Kosten , sondern der 14-t\u00e4gige Wechsel.<br \/>\nEinen Menschen in seine Wohnung aufzunehmen, erfordert gro\u00dfes Vertrauen. Das w\u00e4chst nicht alle 14 Tage neu. Die Organisation des eigenen Alltags zu einem gro\u00dfen Teil in fremde H\u00e4nde zu legen, verlangt den alten Menschen dar\u00fcber hinaus eine enorme Leistung ab, die offensichtlich nie beachtet wird. Es wird eben nicht nur eine Dienstleistung eingekauft, sondern eine Beziehung aufgebaut. Deshalb haben die Frauen bei meinen Eltern nicht nur das obligatorische eigene Zimmer und Bad, sondern auch vollen Familienanschluss. Sie sind \u00fcbrigens teilweise hoch qualifiziert , finden in Polen aber keine Besch\u00e4ftigung. F\u00fcr viele, j\u00fcngere und \u00e4ltere, ist die Stelle ihre Existenzgrundlage. Merkw\u00fcrdigerweise wird dieser Aspekt nie erw\u00e4hnt, weder in der Presse noch am Stammtisch.<br \/>\nUnbestritten gibt es Missst\u00e4nde und Missbrauch bei der Besch\u00e4ftigung osteurop\u00e4ischer Frauen zur Unterst\u00fctzung alter Menschen. Die wird man aber nur beseitigen k\u00f6nnen, wenn man die Situation aller Betroffenen vorurteilsfrei betrachtet und anerkennt. Mit einer pauschalen Verurteilung der alten Menschen als Geizkr\u00e4gen und Ausbeuter, der Angeh\u00f6rigen als herzloser Egoisten und der Osteurop\u00e4erinnen als wehrloser Opfer dr\u00e4ngt man das Thema nur tiefer in die Schmuddelecke. Die Hintergr\u00fcnde bleiben unbeleuchtet, die Emp\u00f6rung ist wohlfeil, und gedient ist keinem.<br \/>\n24.4.2015, Astrid Ogbeiwi<\/p>\n","protected":false},"excerpt":{"rendered":"<p>Home &gt;Selbsthilfe &gt;Senioren &gt;Dienste &gt;Pflege &gt;Pflegehelfer &nbsp; Wohnraum f\u00fcr Pflegekr\u00e4fte \u2013 Kampagne war erfolgreich\u00a0(23.8.2024) Pflegenotstand \u2013 prim\u00e4r Kinder\u00a0(27.11.2021) Pflege-Stammtisch in Freiburg\u00a0(28.1.2020) Pflege durch Polinnen: Eine Beziehung, nicht blo\u00df eine Dienstleistung\u00a0 (24.4.2015) Katholische Sozialstation Freiburg Bezirk Mitte\/Ost: PIA, T.I.P.S\u00a0&gt;Sozialstation1 (5.2.2012) Jugend\u00e4mter &hellip; <a href=\"https:\/\/www.freiburg-schwarzwald.de\/blog\/business\/dienste\/pflege\/pflegehelfer\/\">Weiterlesen <span class=\"meta-nav\">&rarr;<\/span><\/a><\/p>\n","protected":false},"author":2,"featured_media":0,"parent":187,"menu_order":0,"comment_status":"open","ping_status":"closed","template":"","meta":{"footnotes":""},"class_list":["post-54110","page","type-page","status-publish","hentry"],"_links":{"self":[{"href":"https:\/\/www.freiburg-schwarzwald.de\/blog\/wp-json\/wp\/v2\/pages\/54110","targetHints":{"allow":["GET"]}}],"collection":[{"href":"https:\/\/www.freiburg-schwarzwald.de\/blog\/wp-json\/wp\/v2\/pages"}],"about":[{"href":"https:\/\/www.freiburg-schwarzwald.de\/blog\/wp-json\/wp\/v2\/types\/page"}],"author":[{"embeddable":true,"href":"https:\/\/www.freiburg-schwarzwald.de\/blog\/wp-json\/wp\/v2\/users\/2"}],"replies":[{"embeddable":true,"href":"https:\/\/www.freiburg-schwarzwald.de\/blog\/wp-json\/wp\/v2\/comments?post=54110"}],"version-history":[{"count":3,"href":"https:\/\/www.freiburg-schwarzwald.de\/blog\/wp-json\/wp\/v2\/pages\/54110\/revisions"}],"predecessor-version":[{"id":126341,"href":"https:\/\/www.freiburg-schwarzwald.de\/blog\/wp-json\/wp\/v2\/pages\/54110\/revisions\/126341"}],"up":[{"embeddable":true,"href":"https:\/\/www.freiburg-schwarzwald.de\/blog\/wp-json\/wp\/v2\/pages\/187"}],"wp:attachment":[{"href":"https:\/\/www.freiburg-schwarzwald.de\/blog\/wp-json\/wp\/v2\/media?parent=54110"}],"curies":[{"name":"wp","href":"https:\/\/api.w.org\/{rel}","templated":true}]}}