{"id":50510,"date":"2014-09-02T13:43:52","date_gmt":"2014-09-02T11:43:52","guid":{"rendered":"https:\/\/www.freiburg-schwarzwald.de\/blog\/?page_id=50510"},"modified":"2014-09-05T10:51:40","modified_gmt":"2014-09-05T08:51:40","slug":"stwilhelm","status":"publish","type":"page","link":"https:\/\/www.freiburg-schwarzwald.de\/blog\/regio\/orte\/oberried\/stwilhelm\/","title":{"rendered":"StWilhelm"},"content":{"rendered":"<p align=\"left\"><a href=\"https:\/\/www.freiburg-schwarzwald.de\/blog\">\u00a0Home <\/a>&gt;<a title=\"Regio\" href=\"https:\/\/www.freiburg-schwarzwald.de\/blog\/regio\/\">Regio<\/a> &gt;<a title=\"Orte\" href=\"https:\/\/www.freiburg-schwarzwald.de\/blog\/regio\/orte\/\">Orte<\/a> &gt;<a title=\"Oberried\" href=\"https:\/\/www.freiburg-schwarzwald.de\/blog\/regio\/orte\/oberried\/\">Oberried<\/a> &gt;StWilhelm<\/p>\n<ul>\n<li>Freihaltung im Katzensteig durch Landschaftserhaltungsverband (2.9.2014)<\/li>\n<li><a href=\"https:\/\/www.freiburg-schwarzwald.de\/littenweiler\/stwilhelm1.htm\">Aktuelle Infos zur St.Wilhelm-Seite<\/a> &gt;StWilhelm1<\/li>\n<li><\/li>\n<li><strong><a href=\"https:\/\/www.freiburg-dreisamtal.de\/stwilhelm.htm\">www.freiburg-dreisamtal.de\/stwilhelm.htm<\/a> &gt;Archivseite St. Wilhelm<\/strong><\/li>\n<li>St. Wilhelm &#8211; Ortsteil von Oberried im Wilhelmertal<\/li>\n<li><!--?xml:namespace prefix = \"o\" \/--><a href=\"https:\/\/www.freiburg-schwarzwald.de\/littenweiler\/stwilhelm#Auf Fotos - das St.Wilhelmer Tal\">Auf Fotos &#8211; das St.Wilhelmer Tal<\/a><\/li>\n<li><a href=\"https:\/\/www.freiburg-schwarzwald.de\/wald1.htm#Bannwald Napf im Wilhelmer Tal\">Bannwald &#8222;Napf&#8220; im Wilhelmer Tal<\/a> &gt;Wald (30.6.)<\/li>\n<li><a href=\"https:\/\/www.freiburg-schwarzwald.de\/stwilhelm5.htm\">Bauernh\u00f6fe (Fewo, Direktvermarktung, Brauchtum) im St. Wilhelmer Tal<\/a> &gt;StWilhelm5<\/li>\n<li><a href=\"https:\/\/www.freiburg-schwarzwald.de\/erlenbacher.htm\">Erlenbacher H\u00fctte<\/a>\u00a0&gt;Erlenbacher<\/li>\n<li><a href=\"https:\/\/www.freiburg-schwarzwald.de\/littenweiler\/stwilhelm#Geschichte von St.Wilhelm in Stichworten\">Geschichte von St.Wilhelm\u00a0\u00a0 in Stichworten <\/a><\/li>\n<li><a href=\"https:\/\/www.freiburg-schwarzwald.de\/littenweiler\/gasthaus.htm#Holzf\u00e4llerstube in Oberried-St.Wilhelm\">Holzf\u00e4llerstube<\/a> &gt;Gasthaus<\/li>\n<li><a href=\"https:\/\/www.freiburg-schwarzwald.de\/littenweiler\/stwilhelm.htm#Kapelle Maria K\u00f6nigin in St. Wilhelm\">Kapelle Maria\u00a0K\u00f6nigin in St. Wilhelm<\/a> &gt;StWilhelm (18.12.2009)<\/li>\n<li><a href=\"https:\/\/www.freiburg-schwarzwald.de\/littenweiler\/stwilhelm#Katzensteig\">Katzensteig<\/a><\/li>\n<li><a href=\"https:\/\/www.freiburg-schwarzwald.de\/littenweiler\/buch1.htm#Klosterbibliothek Oberried mit bibliophilen Sch\u00e4tzen ab 1602\">Klosterbibliothek Oberried mit bibliophilen Sch\u00e4tzen ab 1602<\/a> &gt;Buch1 (2.9.2003)<\/li>\n<li><a href=\"https:\/\/www.freiburg-schwarzwald.de\/littenweiler\/stwilhelm#Linde Napf - Gasthaus\">Linde &#8222;Napf&#8220;,\u00a0 Gasthaus<\/a><\/li>\n<li><a href=\"https:\/\/www.freiburg-schwarzwald.de\/littenweiler\/stwilhelm#Maierhof - vom Wilhelmitenkloster zur Steinmetzwerkstatt\">Maierhof &#8211;\u00a0 vom Wilhelmitenkloster zur Steinmetzwerkstatt<\/a><\/li>\n<li><a href=\"https:\/\/www.freiburg-schwarzwald.de\/littenweiler\/stwilhelm#Das St.Wilhelm-Buch - Ortschronik\">Ortschronik St.Wilhelm<\/a><\/li>\n<li><a href=\"https:\/\/www.freiburg-schwarzwald.de\/kreuze.htm#Kruzifix in der ehemaligen Klosterkirche Oberried - Wilhelmitenkloster\"> Kruzifix in der ehemaligen Klosterkirche Oberried &#8211; Wilhelmitenkloster<\/a> &gt;Kreuze<\/li>\n<li><a href=\"https:\/\/www.freiburg-schwarzwald.de\/littenweiler\/stwilhelm#Steinwasen - Gasthaus am Anfang des St-Wilhelmertals\"> Steinwasen &#8211; Gasthaus am Anfang des St-Wilhelmertals<\/a><\/li>\n<li><a href=\"https:\/\/www.freiburg-schwarzwald.de\/huetten.htm#St.Wilhelmer H\u00fctte am S\u00fcdwesthang des Feldbergs\"> St.Wilhelmer H\u00fctte<\/a> &gt;Huetten<\/li>\n<li><a href=\"https:\/\/www.freiburg-schwarzwald.de\/littenweiler\/stwilhelm#St.Wilhelm - Alpiner Pfad\">St.Wilhelm &#8211;\u00a0\u00a0 Alpiner Pfad<\/a><\/li>\n<li><a href=\"https:\/\/www.freiburg-schwarzwald.de\/littenweiler\/oberriederwasser.htm#Talbach\">Talbach\u00a0\u00a0 &#8211; Naturfotos<\/a> &gt;OberriederWasser&lt;bzc_mode0&gt;<\/li>\n<li><a href=\"https:\/\/www.freiburg-schwarzwald.de\/wald1.htm#Wald- und Hochweiden von Menschenhand offen halten\">Wald- und Hochweiden von Menschenhand offen\u00a0 halten<\/a>\u00a0\u00a0 &gt;Wald1 (17.10.2003)<\/li>\n<li><a href=\"https:\/\/www.freiburg-schwarzwald.de\/littenweiler\/oberried-kloster.htm\">Wilhelmitenkloster<\/a>\u00a0 &gt;Oberried-Kloster<\/li>\n<li><a href=\"https:\/\/www.freiburg-schwarzwald.de\/littenweiler\/wegekreuze7.htm#12. Das wundert\u00e4tige Kreuz von Oberried\">Wundert\u00e4tiges Kreuz\u00a0 der Wilhelmiten von Oberried &#8211; eine Legende <\/a><\/li>\n<li><a href=\"https:\/\/www.freiburg-schwarzwald.de\/littenweiler\/stwilhelm#Links\">Links<\/a><\/li>\n<\/ul>\n<p>&nbsp;<\/p>\n<p>&nbsp;<\/p>\n<p>&nbsp;<\/p>\n<p align=\"left\"><strong>St. Wilhelm &#8211; Ortsteil von Oberried im Wilhelmertal<\/strong><br \/>\n750 Jahre besteht der Ort St.\u00a0 Wilhelm &#8211; die fr\u00fchere Klosteransiedlung ist heute ein idyllisches und stilles\u00a0 Schwarzwaldtal abseits von Touristenrummel und Durchgangsverkehr. St. Wilhelm\u00a0 ist Ortsteil von Oberried mit ca 270 Einwohnern auf 1900 ha Gemarkungsfl\u00e4che. Zwei kleine Seitent\u00e4ler f\u00fchren nach S\u00fcden zum St\u00fcbenwasen hoch: Der Katzensteig\u00a0 und das Wittenbach. Da der Fu\u00dfweg \u00fcber den St\u00fcbenwasen nach Todtnauberg k\u00fcrzer\u00a0 ist als nach Oberried, hatten die Bewohner des Katzensteig und des Wittenbachs\u00a0 fr\u00fcher mehr Verbindungen nach Todtnauberg.<\/p>\n<p>&nbsp;<\/p>\n<p>&nbsp;<\/p>\n<p><strong>Freihaltung im Katzensteig durch Landschaftserhaltungsverband<br \/>\n<\/strong><br \/>\nDie Erhaltung der einzigartigen Kulturlandschaft im S\u00fcdschwarzwald, im Markgr\u00e4flerland und am Kaiserstuhl ist eine Mammutaufgabe. Eine Herausforderung, der sich der <a title=\"Breisgau-Hochschwarzwald\" href=\"https:\/\/www.freiburg-schwarzwald.de\/blog\/regio\/breisgau-hochschwarzwald\/\">Landschaftserhaltungsverband Breisgau-Hochschwarzwald (LEV)<\/a>t\u00e4glich stellt. Landschaftspflege in den H\u00f6henlagen ist eine Aufgabe, die nur in enger Zusammenarbeit mit den H\u00f6fen gel\u00f6st werden kann. Bei einem Besuch auf dem Spisingerhof im Katzensteigtal, einem Seitental des St. Wilhelmer Tals in Oberried, erkl\u00e4rt Landwirt Martin Rudiger, warum das so ist.<br \/>\nGut drei Kilometer f\u00fchrt die Stra\u00dfe vom St. Wilhelmer Tal steil hinauf. Pl\u00f6tzlich \u00f6ffnet sich ein Hochtal, das Katzensteigtal, unterhalb des St\u00fcbenwasens. Hier auf 1000 Meter H\u00f6he liegt der Spisingerhof von Martin und Adelheid Rudiger. Sie bewirtschaften eine landwirtschaftliche Nutzfl\u00e4che von 63 Hektar und Wald. Die Fl\u00e4chen beginnen unten im Tal und gehen hinauf bis zum St\u00fcbenwasen. &#8222;Ich sch\u00e4tze, dass 80 Prozent meiner Fl\u00e4chen Landschaftspflegefl\u00e4chen sind, der Rest dient der Milch- und Fleischproduktion. Hier kann ich Gr\u00fcnfutter f\u00fcr meine K\u00fche und Ziegen produzieren&#8220;, sagt Rudiger. Die wenigen Wiesen und Weidefl\u00e4chen in den H\u00f6henlagen sind st\u00e4ndig bedroht. Wenn der Landwirt nichts daf\u00fcr tut, sie von Geh\u00f6lz freizuhalten, verbuschen sie innerhalb weniger Jahre. &#8222;Dann s\u00e4he es hier bald aus wie im Nordschwarzwald: 80 Prozent Wald&#8220;, meint Rudiger, &#8222;das will doch keiner, schlie\u00dflich leben wir alle von und in unserer sch\u00f6nen offenen Landschaft.&#8220;. Seit der heute 52-J\u00e4hrige mit 19 Jahren den Hof \u00fcbernahm, ist er st\u00e4ndig dabei, seine Fl\u00e4chen freizuhalten. Viele Jahre war er f\u00fcr das Naturschutzgro\u00dfprojekt Feldberg \u2013 Belchen \u2013 Oberes Wiesental t\u00e4tig. Die Arbeit in den Steillagen ist nicht nur gef\u00e4hrlich, sondern auch zeitaufwendig und m\u00fchsam. Oft kann Rudiger keine Maschinen einsetzen. Mit der Motors\u00e4ge s\u00e4gt er unerw\u00fcnschten Bewuchs ab, mit einer Seilwinde zieht er die Baumst\u00e4mme zum Traktor. Das Holz landet anschlie\u00dfend in seiner Hackschnitzelanlage.<br \/>\n&#8222;Das sind alles Arbeiten, die sich wirtschaftlich nicht lohnen, von denen die Allgemeinheit aber insgesamt profitiert&#8220;, sagt Reinhold Treiber vom Landschaftserhaltungsverband (LEV), &#8222;deshalb f\u00f6rdern wir sie gezielt.&#8220; F\u00f6rdermittel in H\u00f6he von 450 000 Euro hat das Regierungspr\u00e4sidium \u00fcber das Landratsamt daf\u00fcr zur Verf\u00fcgung gestellt. F\u00fcr den LEV hat Martin Rudiger in diesem Fr\u00fchjahr eine Fl\u00e4che oberhalb seines Hofes frei geschnitten, teilweise stand er bis zu den Knien im Schnee. Wo heute locker verteilt einige Vogelbeerb\u00e4ume, Traubenholunder, Weiden und Pflanzenstauden wie das M\u00e4des\u00fc\u00df stehen, die es gern feucht haben, war alles zugewachsen. &#8222;Man sieht jetzt auch wieder Landschaftselemente wie einen gro\u00dfen Lesesteinhaufen und einen Findling, den der Gletscher vor sich hergerollt hat&#8220;, freut sich Treibers Kollege Phillip Meinecke, der die Arbeiten betreut.<\/p>\n<p><a href=\"https:\/\/www.freiburg-schwarzwald.de\/blog\/regio\/orte\/oberried\/stwilhelm\/wilhelm-katzensteig-lev1408\/\" rel=\"attachment wp-att-50591\"><img loading=\"lazy\" decoding=\"async\" class=\"alignnone size-thumbnail wp-image-50591\" alt=\"wilhelm-katzensteig-lev1408\" src=\"https:\/\/www.freiburg-schwarzwald.de\/blog\/wp-content\/uploads\/2014\/09\/wilhelm-katzensteig-lev1408-180x87.jpg\" width=\"180\" height=\"87\" srcset=\"https:\/\/www.freiburg-schwarzwald.de\/blog\/wp-content\/uploads\/2014\/09\/wilhelm-katzensteig-lev1408-180x87.jpg 180w, https:\/\/www.freiburg-schwarzwald.de\/blog\/wp-content\/uploads\/2014\/09\/wilhelm-katzensteig-lev1408.jpg 585w\" sizes=\"auto, (max-width: 180px) 100vw, 180px\" \/><\/a><\/p>\n<p>Setzen sich f\u00fcr die Kulturlandschaft im S\u00fcdschwarzwald ein, wie hier im Katzensteigtal: Landwirt Martin Rudiger, Reinhold Treiber und\u00a0 Phillip Meinecke vom LEV (von links).\u00a0\u00a0 Foto:\u00a0Gabriele\u00a0Hennicke<\/p>\n<p>W\u00e4hrend der letzten Eiszeit war hier, wo heute sumpfige Wiesen umgeben von steilem Bergwald liegen, ein Gletscher, Teil des Feldberggletschers. Die sumpfigen Wiesen im fr\u00fcheren Gletscherkessel sind Lebensraum seltener Orchideen wie der wei\u00dfen Waldhyazinthe und des breitbl\u00e4ttrigen Knabenkrauts. Erst jetzt, wenn die Orchideen verbl\u00fcht sind, kann der Landwirt diese Wiesen m\u00e4hen. Eine F\u00f6rderung dieser Pflegema\u00dfnahmen \u00fcber den LEV ist nur m\u00f6glich, wenn keine andere F\u00f6rderung \u2013 wie etwa die landwirtschaftliche Meka-F\u00f6rderung \u2013 f\u00fcr diese Fl\u00e4che gew\u00e4hrt wird. Bis der LEV f\u00f6rdern kann, ist einiges abzukl\u00e4ren. Die Mitarbeiter des LEV unterst\u00fctzen die Landwirte bei der Abwicklung der b\u00fcrokratischen Anforderungen so gut sie k\u00f6nnen. Die F\u00f6rderung erfolgt \u00fcber Stundens\u00e4tze.<br \/>\nEines ist Rudiger ganz wichtig: &#8222;Landschaftspflege geht nur \u00fcber den Tiermagen&#8220;, sagt er, &#8222;wir brauchen Ziegen und K\u00fche, die die Fl\u00e4chen beweiden, ohne Tiere geht nichts.&#8220; Und ohne H\u00f6henlandwirte auch nicht. Martin Rudiger w\u00fcnscht sich, dass er als ein Partner gesehen wird, der mitentscheidet, was Menschen in den Naturschutzverwaltungen vorgeben.<\/p>\n<div>Der Landschaftserhaltungsverband sucht Landwirte, die Interesse an Landschaftspflege haben.<br \/>\nKontakt: LEV Breisgau-Hochschwarzwald, Europaplatz 1, Breisach, Tel.\u00a00761\/2187-5891.<\/div>\n<div>4.8.2014, Gabriele Hennicke<\/div>\n","protected":false},"excerpt":{"rendered":"<p>\u00a0Home &gt;Regio &gt;Orte &gt;Oberried &gt;StWilhelm Freihaltung im Katzensteig durch Landschaftserhaltungsverband (2.9.2014) Aktuelle Infos zur St.Wilhelm-Seite &gt;StWilhelm1 www.freiburg-dreisamtal.de\/stwilhelm.htm &gt;Archivseite St. Wilhelm St. Wilhelm &#8211; Ortsteil von Oberried im Wilhelmertal Auf Fotos &#8211; das St.Wilhelmer Tal Bannwald &#8222;Napf&#8220; im Wilhelmer Tal &gt;Wald &hellip; <a href=\"https:\/\/www.freiburg-schwarzwald.de\/blog\/regio\/orte\/oberried\/stwilhelm\/\">Weiterlesen <span class=\"meta-nav\">&rarr;<\/span><\/a><\/p>\n","protected":false},"author":2,"featured_media":0,"parent":1593,"menu_order":0,"comment_status":"open","ping_status":"closed","template":"","meta":{"footnotes":""},"class_list":["post-50510","page","type-page","status-publish","hentry"],"_links":{"self":[{"href":"https:\/\/www.freiburg-schwarzwald.de\/blog\/wp-json\/wp\/v2\/pages\/50510","targetHints":{"allow":["GET"]}}],"collection":[{"href":"https:\/\/www.freiburg-schwarzwald.de\/blog\/wp-json\/wp\/v2\/pages"}],"about":[{"href":"https:\/\/www.freiburg-schwarzwald.de\/blog\/wp-json\/wp\/v2\/types\/page"}],"author":[{"embeddable":true,"href":"https:\/\/www.freiburg-schwarzwald.de\/blog\/wp-json\/wp\/v2\/users\/2"}],"replies":[{"embeddable":true,"href":"https:\/\/www.freiburg-schwarzwald.de\/blog\/wp-json\/wp\/v2\/comments?post=50510"}],"version-history":[{"count":0,"href":"https:\/\/www.freiburg-schwarzwald.de\/blog\/wp-json\/wp\/v2\/pages\/50510\/revisions"}],"up":[{"embeddable":true,"href":"https:\/\/www.freiburg-schwarzwald.de\/blog\/wp-json\/wp\/v2\/pages\/1593"}],"wp:attachment":[{"href":"https:\/\/www.freiburg-schwarzwald.de\/blog\/wp-json\/wp\/v2\/media?parent=50510"}],"curies":[{"name":"wp","href":"https:\/\/api.w.org\/{rel}","templated":true}]}}