{"id":50152,"date":"2014-08-19T09:41:18","date_gmt":"2014-08-19T07:41:18","guid":{"rendered":"https:\/\/www.freiburg-schwarzwald.de\/blog\/?page_id=50152"},"modified":"2021-09-20T09:17:06","modified_gmt":"2021-09-20T07:17:06","slug":"stoffe","status":"publish","type":"page","link":"https:\/\/www.freiburg-schwarzwald.de\/blog\/business\/handwerk\/schneiderei\/stoffe\/","title":{"rendered":"Stoffe"},"content":{"rendered":"<p><a href=\"https:\/\/freiburg-schwarzwald.de\/blog\">Home<\/a> &gt;<a title=\"Business\" href=\"https:\/\/www.freiburg-schwarzwald.de\/blog\/business\/\">Business<\/a> &gt;<a title=\"Handwerk\" href=\"https:\/\/www.freiburg-schwarzwald.de\/blog\/business\/handwerk\/\">Handwerk<\/a>\u00a0&gt;<a title=\"Stoffe\" href=\"https:\/\/www.freiburg-schwarzwald.de\/blog\/business\/handwerk\/schneiderei\/stoffe\/\">Schneiderei<\/a> &gt;Stoffe<\/p>\n<div id=\"attachment_49812\" style=\"width: 649px\" class=\"wp-caption alignnone\"><a href=\"https:\/\/www.freiburg-schwarzwald.de\/blog\/engagement\/zukunft\/krieg\/kriegsdenkmale\/mohn9rot-pan140801\/\" rel=\"attachment wp-att-49812\"><img loading=\"lazy\" decoding=\"async\" aria-describedby=\"caption-attachment-49812\" class=\"size-full wp-image-49812\" src=\"https:\/\/www.freiburg-schwarzwald.de\/blog\/wp-content\/uploads\/2014\/08\/mohn9rot-pan140801.jpg\" alt=\"Mohnfeld auf der Baar \u00f6stlich vom Hochschwarzwald am 1.8.2014\" width=\"639\" height=\"240\" srcset=\"https:\/\/www.freiburg-schwarzwald.de\/blog\/wp-content\/uploads\/2014\/08\/mohn9rot-pan140801.jpg 639w, https:\/\/www.freiburg-schwarzwald.de\/blog\/wp-content\/uploads\/2014\/08\/mohn9rot-pan140801-180x67.jpg 180w\" sizes=\"auto, (max-width: 639px) 100vw, 639px\" \/><\/a><p id=\"caption-attachment-49812\" class=\"wp-caption-text\">Mohnfeld auf der Baar \u00f6stlich vom Hochschwarzwald am 1.8.2014<\/p><\/div>\n<ul>\n<li><a href=\"https:\/\/www.freiburg-schwarzwald.de\/blog\/global\/fairerhandel\/\">Der Weg zu fairen \u00d6ko-Jeans \u2013 Textilproduktion- und handel<\/a> (11.9.2021)<\/li>\n<li>Baumwolle &#8211; 99% konventionell und 1% bio (21.3.2015)<\/li>\n<li><span style=\"text-decoration: underline;\"><span style=\"color: #0066cc;\"><a href=\"https:\/\/www.freiburg-schwarzwald.de\/blog\/handarbeitsflohmarkt-fairnaeht\/\">https:\/\/www.freiburg-schwarzwald.de\/blog\/handarbeitsflohmarkt-fairnaeht\/<\/a><\/span><\/span>\u00a0(18.8.2014)<\/li>\n<li><\/li>\n<li>Stoffe und N\u00e4hkurse &#8211; eine \u00dcbersicht<\/li>\n<li><a title=\"Quilt\" href=\"https:\/\/www.freiburg-schwarzwald.de\/blog\/business\/handwerk\/quilt\/\">Quilt<\/a><\/li>\n<li><a title=\"TextilArt\" href=\"https:\/\/www.freiburg-schwarzwald.de\/blog\/kultur\/kunst\/textilart\/\">TextilArt<\/a><\/li>\n<li><a title=\"Textilbilder\" href=\"https:\/\/www.freiburg-schwarzwald.de\/blog\/kultur\/kunst\/textilbilder\/\">Textilbilder<\/a><\/li>\n<\/ul>\n<p>&nbsp;<\/p>\n<p>&nbsp;<\/p>\n<p><strong>Baumwolle &#8211; 99% konventionell und 1% bio<\/strong><br \/>\nBaumwolle ist mit 50 % der wichtigste Stoff f\u00fcr die Herstellung von Kleidung. Auf 2,5% der weltweiten Ackerfl\u00e4chen wird Baumwolle gepflanzt &#8211; 100 Millionen Menschen leben davon. Die 1) menschlichen und 2) \u00f6kologischen Kosten des konventionellen Baumwollanbaus sind immens hoch und eine Katastrophe, die nicht abnehmen will:<\/p>\n<p>1) Pfl\u00fccker sind krank, Zigtausende haben sich das Leben genommen, die Natur wird zerst\u00f6rt. Die Arbeitsbedingungen f\u00fcr Bauern und Pfl\u00fccker in Asien (China, Indien) und Afrika werden zunehmend schlechter: Die Kluft zwischen geringeren Verkaufserl\u00f6sen und steigenden Kosten f\u00fcr Pestizide und Gensaat wird immer breiter. \u00dcber 10% aller Agrarchemikalien weltweit entfallen auf die Baumwolle, da die Pflanze bis zu 25 mal im Jahr gespritzt werden mu\u00df. Gentechnisch ver\u00e4nderte Baumwolle soll selbst Abwehrstoffe gegen Sch\u00e4dlinge bilden &#8211; tut es aber nur teilweise. Generell jedoch gilt: Gensaat verteuert den Anbau. &#8222;Hohe Verschuldung hat nach Sch\u00e4tzungen in den vergangenen zehn Jahren 100000 Baumwollbauern in den Selbstmord getrieben&#8220;, berichtet Worldwatch.<\/p>\n<p>2) Nicht nur Menschen, sondern auch die Umwelt leiden unter dem exzessiven Baumwollanbau: 50 Badewannen voll Wasser werden ben\u00f6tigt f\u00fcr ein T-Shirt, eine Bluejeans braucht 250 Badewannen. Die in Deutschland verkauften Baumwolltextilien verbrauchen mehr Wasser , als die deutschen Privathaushalte f\u00fcr Kochen, Baden und Waschen ben\u00f6tigen. Der Aralsee, einst viergr\u00f6\u00dftes Binnengew\u00e4sser der Welt, trocknet aus. Die Pestizide verschmutzen weiter Fl\u00fcsse und Grundwasser.<\/p>\n<p>Die Alternative hei\u00dft Biobaumwolle, sie macht derzeit aber nur 1 % aus gegen\u00fcber 99 % konventioneller Baumwolle. Biobaumwolle ben\u00f6tigt 91% weniger Wasser, die \u00dcbers\u00e4uerung der B\u00f6den ist um 70% geringer und der Verbrauch an Prim\u00e4renergie ist um 65% geringer. .<br \/>\nWoran hapert es? Zum einen sind Bio um ein Drittel teurer als konventionelle Baumwolltextilien. Zum anderen mangelt es an nachhaltigem Saatgut. Nur wenn die Verbraucher bereit sind, h\u00f6here Preise zu bezahlen, wird sich die Misere \u00e4ndern.<br \/>\nEs ist fraglich, ob einfache Warenzeichen mit deutlicheren Hinweisen auf biologisch angebaute und fair gehandelte Kleidung die Verbraucher hierzu ermutigen.<br \/>\nEs ist auch fraglich, ob Zwang hilft, etwa soziale und \u00f6kologische Auflagen, um endlich die Natur zu schonen und die Arbeitsbedingungen zu verbessern.<\/p>\n<p>&nbsp;<\/p>\n<p>&nbsp;<\/p>\n<p>&nbsp;<\/p>\n<p><strong>Stoffe und N\u00e4hkurse &#8211; eine \u00dcbersicht<\/strong><\/p>\n<p><a href=\"https:\/\/www.deco-line-kollnau.de\">www.deco-line-kollnau.de<\/a><\/p>\n<p>Karl Etoffe &amp; Max Tessuti<br \/>\nGudrun von Kalckreuth, Freiburg, Marienstr 14, <a href=\"https:\/\/www.etoffe-tessuti.de\/\">www.etoffe-tessuti.de<\/a> <!--?xml:namespace prefix = \"o\" \/--><br \/>\n<a href=\"https:\/\/www.freiburg-schwarzwald.de\/stiftungen2.htm#Mode geht stiften im Barockgarten von Ebnet\">&#8222;Mode geht stiften&#8220; im\u00a0 Barockgarten von Ebnet<\/a>\u00a0 &gt;Stiftungen2 (13.7.2008)<\/p>\n<p>Gar\u00e7onne Gerberau 7b, Freiburg Stoffe und Kurse <a href=\"https:\/\/www.garconne.de\/\">www.garconne.de<\/a><\/p>\n<p>Stoffgalerie Freiburg, Konviktstra\u00dfe 10a<\/p>\n<p>Karstadt, Stoffe-Abteilung Freiburg, Kaiser-Joseph-Str. 165<\/p>\n<p>Schnittpunkt<br \/>\nStoffladen von Tatjana Konrad und Simone Szangolies<br \/>\nSalzstrasse 22, 79098 Freiburg<br \/>\n<a href=\"https:\/\/www.schnittpunkt-freiburg.de\">www.schnittpunkt-freiburg.de<\/a><\/p>\n<p>Seidel N\u00e4hmaschinen, auch Kurse Emmendingen, Denzlingerstr. 11 <a href=\"https:\/\/www.seidel-naehmaschinen.de\/\">www.seidel-naehmaschinen.de<\/a><\/p>\n<p>Hild und die N\u00e4hmaschinen<br \/>\nAuch Kurse Freiburg, <a href=\"https:\/\/www.hild-naehmaschinen.de\">www.hild-naehmaschinen.de<\/a><\/p>\n<p>Kleiderforum GdbR Schwarzwalstrasse 1, 79117 Freiburg, Tel0761 29 255 90 mail\u00a0<a href=\"mailto:info@kleiderforum.de\">info@kleiderforum.de<\/a>, <a href=\"https:\/\/www.kleiderforum.de\/\">www.kleiderforum.de<\/a><\/p>\n<p>Nadel und Faden: Wolle, Garne, Zubeh\u00f6r<br \/>\nZuschneideservice und Kurse Freiburg, St. Georgener Str. 7 und Waldkirch, Lange Str. 21<br \/>\n<a href=\"https:\/\/www.nadel-faden.de\/\">www.nadel-faden.de<\/a><\/p>\n<p>N\u00e4hmaschinenhaus Humpert Z\u00e4hringerstr, 21a, Offenburg<br \/>\nAuch Kurse<\/p>\n<p>Quiltstar in Freiburg, Basler Strasse\/Ecke Merzhauer Strasse<br \/>\n<a href=\"https:\/\/www.quiltstar.de\">www.quiltstar.de<\/a><\/p>\n<p><a href=\"https:\/\/www.stoffsuche.de\/\"> www.stoffsuche.de<\/a><\/p>\n","protected":false},"excerpt":{"rendered":"<p>Home &gt;Business &gt;Handwerk\u00a0&gt;Schneiderei &gt;Stoffe Der Weg zu fairen \u00d6ko-Jeans \u2013 Textilproduktion- und handel (11.9.2021) Baumwolle &#8211; 99% konventionell und 1% bio (21.3.2015) https:\/\/www.freiburg-schwarzwald.de\/blog\/handarbeitsflohmarkt-fairnaeht\/\u00a0(18.8.2014) Stoffe und N\u00e4hkurse &#8211; eine \u00dcbersicht Quilt TextilArt Textilbilder &nbsp; &nbsp; Baumwolle &#8211; 99% konventionell und 1% &hellip; <a href=\"https:\/\/www.freiburg-schwarzwald.de\/blog\/business\/handwerk\/schneiderei\/stoffe\/\">Weiterlesen <span class=\"meta-nav\">&rarr;<\/span><\/a><\/p>\n","protected":false},"author":2,"featured_media":0,"parent":27738,"menu_order":0,"comment_status":"open","ping_status":"closed","template":"","meta":{"footnotes":""},"class_list":["post-50152","page","type-page","status-publish","hentry"],"_links":{"self":[{"href":"https:\/\/www.freiburg-schwarzwald.de\/blog\/wp-json\/wp\/v2\/pages\/50152","targetHints":{"allow":["GET"]}}],"collection":[{"href":"https:\/\/www.freiburg-schwarzwald.de\/blog\/wp-json\/wp\/v2\/pages"}],"about":[{"href":"https:\/\/www.freiburg-schwarzwald.de\/blog\/wp-json\/wp\/v2\/types\/page"}],"author":[{"embeddable":true,"href":"https:\/\/www.freiburg-schwarzwald.de\/blog\/wp-json\/wp\/v2\/users\/2"}],"replies":[{"embeddable":true,"href":"https:\/\/www.freiburg-schwarzwald.de\/blog\/wp-json\/wp\/v2\/comments?post=50152"}],"version-history":[{"count":1,"href":"https:\/\/www.freiburg-schwarzwald.de\/blog\/wp-json\/wp\/v2\/pages\/50152\/revisions"}],"predecessor-version":[{"id":94982,"href":"https:\/\/www.freiburg-schwarzwald.de\/blog\/wp-json\/wp\/v2\/pages\/50152\/revisions\/94982"}],"up":[{"embeddable":true,"href":"https:\/\/www.freiburg-schwarzwald.de\/blog\/wp-json\/wp\/v2\/pages\/27738"}],"wp:attachment":[{"href":"https:\/\/www.freiburg-schwarzwald.de\/blog\/wp-json\/wp\/v2\/media?parent=50152"}],"curies":[{"name":"wp","href":"https:\/\/api.w.org\/{rel}","templated":true}]}}