{"id":49915,"date":"2014-08-06T18:08:45","date_gmt":"2014-08-06T16:08:45","guid":{"rendered":"https:\/\/www.freiburg-schwarzwald.de\/blog\/?page_id=49915"},"modified":"2022-07-20T09:16:15","modified_gmt":"2022-07-20T07:16:15","slug":"sonderschulen","status":"publish","type":"page","link":"https:\/\/www.freiburg-schwarzwald.de\/blog\/bildung\/schulen\/sonderschulen\/","title":{"rendered":"Sonderschulen"},"content":{"rendered":"<p><a href=\"https:\/\/www.freiburg-schwarzwald.de\/blog\">Home<\/a> &gt;<a title=\"Bildung\" href=\"https:\/\/www.freiburg-schwarzwald.de\/blog\/bildung\/\">Bildung<\/a> &gt;<a title=\"Behinderung\" href=\"https:\/\/www.freiburg-schwarzwald.de\/blog\/selbsthilfe\/behinderung\/\">Behinderung<\/a> &gt;<a title=\"Schulen\" href=\"https:\/\/www.freiburg-schwarzwald.de\/blog\/bildung\/schulen\/\">Schulen<\/a> &gt;Sonderschulen<\/p>\n<div id=\"attachment_49916\" style=\"width: 646px\" class=\"wp-caption alignnone\"><a href=\"https:\/\/www.freiburg-schwarzwald.de\/blog\/sonderschule\/pfirsiche-pan140803\/\" rel=\"attachment wp-att-49916\"><img loading=\"lazy\" decoding=\"async\" aria-describedby=\"caption-attachment-49916\" class=\"size-full wp-image-49916\" src=\"https:\/\/www.freiburg-schwarzwald.de\/blog\/wp-content\/uploads\/2014\/08\/pfirsiche-pan140803.jpg\" alt=\"Pfirsiche im Trio am 1.8.2014 - alle geh\u00f6ren dazu\" width=\"636\" height=\"214\" srcset=\"https:\/\/www.freiburg-schwarzwald.de\/blog\/wp-content\/uploads\/2014\/08\/pfirsiche-pan140803.jpg 636w, https:\/\/www.freiburg-schwarzwald.de\/blog\/wp-content\/uploads\/2014\/08\/pfirsiche-pan140803-180x60.jpg 180w\" sizes=\"auto, (max-width: 636px) 100vw, 636px\" \/><\/a><p id=\"caption-attachment-49916\" class=\"wp-caption-text\">Pfirsiche im Trio am 1.8.2014 &#8211; alle geh\u00f6ren dazu<\/p><\/div>\n<p>&nbsp;<\/p>\n<ul>\n<li><a href=\"https:\/\/www.freiburg-schwarzwald.de\/blog\/tourismus\/gastro\/gasthaus\/thurner\/\">Timeout: Eine Schule in St. M\u00e4rgen setzt auf ein Lernkonzept ohne Noten<\/a>\u00a0(19.7.2022)<\/li>\n<li>Sonderschulen sind in ihrer Existenz bedroht (6.8.2014)<\/li>\n<li><a title=\"Inklusion\" href=\"https:\/\/www.freiburg-schwarzwald.de\/blog\/bildung\/inklusion\/\">Inklusion<\/a><\/li>\n<\/ul>\n<p>&nbsp;<\/p>\n<p><strong>Sonderschulen sind in ihrer Existenz bedroht<\/strong><\/p>\n<p><!-- RSPEAK_STOP --> <!-- RSPEAK_START --><\/p>\n<p>Die Aufhebung der Sonderschulpflicht zum Schuljahr 2015\/16 gibt Anlass zu gro\u00dfer Sorge. Zwar haben \u2013 vorl\u00e4ufig \u2013 nun die Eltern die Entscheidung dar\u00fcber, ob ihr behindertes Kind eine Regelschule oder eine Sonderschule besucht. Dieses Wahlrecht kann aber durch den schleichenden Wegfall der Sonderschulen schnell entfallen. Auch diejenigen Eltern, die sich f\u00fcr ihr behindertes Kind weiterhin eine sonderp\u00e4dagogische (Aus-)Bildung w\u00fcnschen, werden vielleicht bald erfahren, dass es gerade kleinere Sonderschulen in Wohnortn\u00e4he nicht mehr geben wird.<br \/>\n\u00c4hnlich wie beim Wegfall der Verbindlichkeit der Grundschulempfehlung, die den strukturellen Niedergang der Hauptschulen stark beschleunigte, werden hier schnell Fakten geschaffen, die unumkehrbar sein werden. Die &#8222;sehr lange Sonderschultradition&#8220; (O-Ton Ministerpr\u00e4sident Winfried Kretschmann) steht vor einer ungewissen Zukunft. Auch Kultusminister Stoch m\u00f6chte nicht ausschlie\u00dfen, dass &#8222;etliche Sch\u00fcler an Regelschulen abwandern&#8220;.<br \/>\nEine echte Inklusion an Regelschulen setzt aber eine Ausstattung dieser Schulen voraus, die derzeit nicht realisierbar ist. Vielmehr ist zu besorgen, dass Kinder mit sonderp\u00e4dagogischem F\u00f6rderbedarf vielfach in den Regelschulen aufgrund der absehbar weiter fehlenden Ressourcen und Strukturen nicht ad\u00e4quat gef\u00f6rdert werden. Eine echte Eingliederung in den Regelschulbetrieb ist hier kaum zu erwarten. Daran wird auch der &#8222;reisende Sonderschulp\u00e4dagoge&#8220; nichts \u00e4ndern, der wohl k\u00fcnftig an wechselnden Schulen kurzfristig eingesetzt werden wird. Hierdurch werden den Sonderschulen also nicht nur Sch\u00fcler, sondern auch noch die Lehrkr\u00e4fte entzogen. Der Beruf des Sonderschulp\u00e4dagogen wird dadurch nicht attraktiver. Ein Lehrkr\u00e4ftemangel wird nicht ausbleiben. Dann werden auch aus diesem Grund die \u00fcbrigen Lehrkr\u00e4fte diese Kinder &#8222;mitversorgen&#8220; m\u00fcssen. Dies wird Kindern mit sonderp\u00e4dagogischem F\u00f6rderungsbedarf kaum gerecht werden.<br \/>\n6.8.2014, Dierk Bredemeyer, Heitersheim<\/p>\n","protected":false},"excerpt":{"rendered":"<p>Home &gt;Bildung &gt;Behinderung &gt;Schulen &gt;Sonderschulen &nbsp; Timeout: Eine Schule in St. M\u00e4rgen setzt auf ein Lernkonzept ohne Noten\u00a0(19.7.2022) Sonderschulen sind in ihrer Existenz bedroht (6.8.2014) Inklusion &nbsp; Sonderschulen sind in ihrer Existenz bedroht Die Aufhebung der Sonderschulpflicht zum Schuljahr 2015\/16 &hellip; <a href=\"https:\/\/www.freiburg-schwarzwald.de\/blog\/bildung\/schulen\/sonderschulen\/\">Weiterlesen <span class=\"meta-nav\">&rarr;<\/span><\/a><\/p>\n","protected":false},"author":2,"featured_media":0,"parent":209,"menu_order":0,"comment_status":"open","ping_status":"closed","template":"","meta":{"footnotes":""},"class_list":["post-49915","page","type-page","status-publish","hentry"],"_links":{"self":[{"href":"https:\/\/www.freiburg-schwarzwald.de\/blog\/wp-json\/wp\/v2\/pages\/49915","targetHints":{"allow":["GET"]}}],"collection":[{"href":"https:\/\/www.freiburg-schwarzwald.de\/blog\/wp-json\/wp\/v2\/pages"}],"about":[{"href":"https:\/\/www.freiburg-schwarzwald.de\/blog\/wp-json\/wp\/v2\/types\/page"}],"author":[{"embeddable":true,"href":"https:\/\/www.freiburg-schwarzwald.de\/blog\/wp-json\/wp\/v2\/users\/2"}],"replies":[{"embeddable":true,"href":"https:\/\/www.freiburg-schwarzwald.de\/blog\/wp-json\/wp\/v2\/comments?post=49915"}],"version-history":[{"count":1,"href":"https:\/\/www.freiburg-schwarzwald.de\/blog\/wp-json\/wp\/v2\/pages\/49915\/revisions"}],"predecessor-version":[{"id":102789,"href":"https:\/\/www.freiburg-schwarzwald.de\/blog\/wp-json\/wp\/v2\/pages\/49915\/revisions\/102789"}],"up":[{"embeddable":true,"href":"https:\/\/www.freiburg-schwarzwald.de\/blog\/wp-json\/wp\/v2\/pages\/209"}],"wp:attachment":[{"href":"https:\/\/www.freiburg-schwarzwald.de\/blog\/wp-json\/wp\/v2\/media?parent=49915"}],"curies":[{"name":"wp","href":"https:\/\/api.w.org\/{rel}","templated":true}]}}