{"id":49705,"date":"2014-07-30T10:29:45","date_gmt":"2014-07-30T08:29:45","guid":{"rendered":"https:\/\/www.freiburg-schwarzwald.de\/blog\/?page_id=49705"},"modified":"2014-07-30T13:47:02","modified_gmt":"2014-07-30T11:47:02","slug":"mongolei","status":"publish","type":"page","link":"https:\/\/www.freiburg-schwarzwald.de\/blog\/global\/mongolei\/","title":{"rendered":"Mongolei"},"content":{"rendered":"<p><a href=\"https:\/\/www.freiburg-schwarzwald.de\/blog\">Home<\/a> &gt;<a title=\"Global\" href=\"https:\/\/www.freiburg-schwarzwald.de\/blog\/global\/\">Global<\/a> &gt;Mongolei<\/p>\n<div id=\"attachment_46050\" style=\"width: 649px\" class=\"wp-caption alignnone\"><a href=\"https:\/\/www.freiburg-schwarzwald.de\/blog\/sport\/sportlern\/ski\/feldberg-ski\/feldberg3gipfel-pan140313\/\" rel=\"attachment wp-att-46050\"><img loading=\"lazy\" decoding=\"async\" aria-describedby=\"caption-attachment-46050\" class=\"size-full wp-image-46050\" alt=\"Blick von B\u00e4rental nach S\u00fcdwesten zu den beiden feldberg-Gipfeln Seebuck (links) und Feldbergturm am 13.3.2014\" src=\"https:\/\/www.freiburg-schwarzwald.de\/blog\/wp-content\/uploads\/2014\/03\/feldberg3gipfel-pan140313.jpg\" width=\"639\" height=\"192\" srcset=\"https:\/\/www.freiburg-schwarzwald.de\/blog\/wp-content\/uploads\/2014\/03\/feldberg3gipfel-pan140313.jpg 639w, https:\/\/www.freiburg-schwarzwald.de\/blog\/wp-content\/uploads\/2014\/03\/feldberg3gipfel-pan140313-180x54.jpg 180w\" sizes=\"auto, (max-width: 639px) 100vw, 639px\" \/><\/a><p id=\"caption-attachment-46050\" class=\"wp-caption-text\">Blick von B\u00e4rental nach S\u00fcdwesten zu den beiden feldberg-Gipfeln Seebuck (links) und Feldbergturm am 13.3.2014<\/p><\/div>\n<p>&nbsp;<\/p>\n<p>Die Mongolei ist f\u00fcnfmal so gro\u00df wie Deutschland bei nur 3 Mio Einwohnern &#8211; ein riesiges, leeres Land.<\/p>\n<p>&nbsp;<\/p>\n<ul>\n<li>Schwarzwald trifft Mongolei &#8211; auf der Erlenbacher H\u00fctte (30.7.2014)<\/li>\n<li>Premiere des Films \u201eSteppenlauf\u201c und Benefiztag \u201eSchwarzwald trifft Mongolei\u201c auf\u00a0Erlenbacher H\u00fctte (23.7.14)<\/li>\n<li>Mongoleiprojekt &#8211; Schwarzwald unterst\u00fctzt Skilanglauf in der Mongolei<\/li>\n<\/ul>\n<p>&nbsp;<\/p>\n<p><strong>Mongoleiprojekt &#8211; Schwarzwald unterst\u00fctzt Skilanglauf in der Mongolei<\/strong><\/p>\n<p>Wintersportler im Schwarzwald, auch der Skiverband Schwarzwald, wollen den Skilanglauf in der Mongolei voranbringen. Das Projekt wird unterst\u00fctzt vom Deutschen Ski-Verband, vom Internationalen Ski-Verband, vom DOSB\u00a0und vom Internationalen Olympischen Komitee. Die F\u00e4den laufen beim Kirchzartener Georg Zipfel zusammen:\u00a0 <a title=\"\" href=\"mailto:gzipfel@t-online.de\" target=\"_blank\">gzipfel@t-online.de<\/a>.<\/p>\n<p>Georg Zipfel hat die Gabe zu kurzen und pr\u00e4gnanten Aussagen:<br \/>\n&#8222;Wir m\u00fcssen zusammenarbeiten. Wir haben ein gemeinsames Ziel. Wir wollen Kindern helfen, ihre Tr\u00e4ume wahr zu machen. Es ist wichtig, das Umfeld daf\u00fcr zu organisieren.&#8220;<br \/>\n&#8222;Wenn man hochkommen m\u00f6chte und als Erster oben sein will, muss man schneller laufen, muss man arbeiten&#8220;, erkl\u00e4rt Zipfel den jungen Mongolinnen und Mongolen. Der Gipfel selbst sei so schmal, &#8222;da hat nur Einer Platz&#8220;.<\/p>\n<p>&nbsp;<\/p>\n<p>&nbsp;<\/p>\n<p><strong>Schwarzwald trifft Mongolei &#8211; auf der Erlenbacher H\u00fctte<\/strong><br \/>\nGeorg Zipfels Kontakte reichen weit. So weit, dass am Sonntag sogar Alfons H\u00f6rmann die <a title=\"Voerlinsbach\" href=\"https:\/\/www.freiburg-schwarzwald.de\/blog\/regio\/orte\/oberried\/voerlinsbach\/\">Erlenbacher H\u00fctte<\/a>\u00a0besuchte. Der Pr\u00e4sident des Deutschen Olympischen Sportbundes (DOSB) wollte eine Veranstaltung unterst\u00fctzen, die einen doch recht au\u00dfergew\u00f6hnlichen Namen trug: &#8222;Schwarzwald trifft Mongolei&#8220;. Seit vier Jahren schon fliegt Zipfel immer wieder in das ferne, d\u00fcnn besiedelte und arme, aber an Chancen so reiche Land im Osten Asiens. Er will Kinder und Jugendliche in der Mongolei unterst\u00fctzen, &#8230;.<br \/>\nAlles vom 30.7.2014 bitte lesen auf <a href=\"https:\/\/www.badische-zeitung.de\/skilanglauf\/fuer-alle-die-den-skisport-lieben\">https:\/\/www.badische-zeitung.de\/skilanglauf\/fuer-alle-die-den-skisport-lieben<\/a><br \/>\n<a title=\"\" href=\"https:\/\/www.erlenbacher-huette.de\/\" target=\"_blank\">https:\/\/www.erlenbacher-huette.de<\/a><\/p>\n<p>&nbsp;<\/p>\n<p><strong>Premiere des Films \u201eSteppenlauf\u201c und Benefiztag \u201eSchwarzwald trifft Mongolei\u201c auf der Erlenbacher H\u00fctte<\/strong><\/p>\n<p>Wenn einer wei\u00df, welche sportlichen und menschlichen Potentiale im Skilanglauf stecken, dann ist das Georg Zipfel. Der achtzehnmalige deutsche Meister, ehemalige Skilanglauf-Bundestrainer und Funktion\u00e4r im Deutschen Skiverband (DSV) hat sich seit Jahren die F\u00f6rderung qualifizierten Nachwuchses auf die Fahnen geschrieben. Und das nicht nur in Deutschland, sondern auch in der fernen Mongolei. Eine vom dortigen Olympischen Komitee an den Internationalen Skiverband gerichtete Bitte um Unterst\u00fctzung bei der F\u00f6rderung talentierter Skilangl\u00e4ufer kam an den DSV und so auch an Georg Zipfel.<br \/>\nBereits dreimal reiste der Kirchzartener in die Mongolei und brachte die technische Ausr\u00fcstung, Langlaufskier und St\u00f6cke, Bindungen und Schuhe, um so die Voraussetzungen f\u00fcr erste Trainingseinheiten zu schaffen. Dabei entstand gemeinsam mit der M\u00fcnchener Regisseurin Anni Seitz der Film \u201eSteppenlauf\u201c, der am kommenden Sonntag, dem 27. Juli an der Erlenbacher H\u00fctte, hoch droben \u00fcber Oberried, mit zahlreichen Promis wie Martin Schmitt und Georg Thoma seine Premiere hat. Der Film \u201eSteppenlauf\u201c handelt von den Chancen und Tr\u00e4umen junger mongolischer Skilangl\u00e4ufer, die allen Widrigkeiten zum Trotz an der Weltgemeinschaft des Spitzensports teilhaben m\u00f6chten. Dabei sein ist alles, denn den Sportler fehlen geeignete Trainingsm\u00f6glichkeiten und vom Weltskiverband FIS anerkannte Wettkampfstrecken. Es fehlt eigentlich an allem \u2013 nur nicht an der Motivation, Freude und dem Kampfgeist der Sportler. Gemeinsam mit dem mongolischen Skiverband engagiert sich Zipfel f\u00fcr den Skilanglauf in der Mongolei \u2013 f\u00fcr Sportler wie den 15j\u00e4hrigen Usukhbayar, die elfj\u00e4hrige Oyunchimeg und ihre Trainerin Ikhinkhorloo, sowie den 26j\u00e4hrigen Profisportler Gegee, die neben Georg Zipfel in \u201eSteppenlauf\u201c portraitiert werden. \u201eDas ist ein Film der Kontraste, der Hingabe an einen Traum und der intensiven Einblicke in eine f\u00fcr uns immer noch ferne Welt, die sich im Umbruch befindet\u201c, meint Zipfel.<br \/>\nZur Filmpremiere am 27. Juli 2014 veranstalten Georg Zipfel, die Seitz-Filmproduktion und das Mongoleizentrum Freiburg einen Benefiztag zugunsten der mongolischen Skil\u00e4ufer und deren Familien auf der Erlenbacher H\u00fctte. Ihr Ziel ist, ein zweiw\u00f6chiges Trainingslager am Nordic-Center Notschrei mit anschlie\u00dfender Teilnahme an einem COC Wettkampf f\u00fcr junge talentierte mongolische Skilangl\u00e4ufer zu finanzieren. Au\u00dferdem werden das Mongolische Zentrum Freiburg und der Kulturbotschafter der Mongolei, Prof. Bernhard Wulff, die Filmvorf\u00fchrungen um 14 und 16 Uhr mit einem Rahmenprogramm ab 12 Uhr umrunden, um ein faszinierendes Land und seine liebenswerte Einwohner vorzustellen.<br \/>\nGeboten werden u.a. Badische und Mongolische K\u00fcche; Mongolisches BBQ; Tanz, Musik und Geschichten mit Baadma, Bakaa und Otgoo; Pferdekopfgeige und Obertongesang mit Epi; Bogenschie\u00dfen f\u00fcr gro\u00df und klein, Kindermalen mit Tuul; Mongolisches Trachtenverkleiden mit Urnaa; Riesenseifenblasen-Workshop sowie z\u00fcnftige H\u00fcttenmusik mit den Jojos. Zudem wird eigens ein Shuttlebus der Fa. Winterhalter ab Bahnhof Kirchzarten (11, 12:30, 14 und 15:30 Uhr) zur Erlenbacher H\u00fctte eingerichtet. Die einfache Fahrt kostet 4 Euro, Hin- und R\u00fcckfahrt 6 Euro. Der Eintritt f\u00fcr das Fest ist frei. Weitere Infos unter <a href=\"https:\/\/www.erlenbacher-huette.de\">www.erlenbacher-huette.de<\/a> \u00a0im Internet.<br \/>\n23.7.2014, Gerhard L\u00fcck, <a href=\"https:\/\/www.dreisamtaeler.de\">www.dreisamtaeler.de<\/a><\/p>\n<p>&nbsp;<\/p>\n","protected":false},"excerpt":{"rendered":"<p>Home &gt;Global &gt;Mongolei &nbsp; Die Mongolei ist f\u00fcnfmal so gro\u00df wie Deutschland bei nur 3 Mio Einwohnern &#8211; ein riesiges, leeres Land. &nbsp; Schwarzwald trifft Mongolei &#8211; auf der Erlenbacher H\u00fctte (30.7.2014) Premiere des Films \u201eSteppenlauf\u201c und Benefiztag \u201eSchwarzwald trifft &hellip; <a href=\"https:\/\/www.freiburg-schwarzwald.de\/blog\/global\/mongolei\/\">Weiterlesen <span class=\"meta-nav\">&rarr;<\/span><\/a><\/p>\n","protected":false},"author":2,"featured_media":0,"parent":27,"menu_order":0,"comment_status":"open","ping_status":"closed","template":"","meta":{"footnotes":""},"class_list":["post-49705","page","type-page","status-publish","hentry"],"_links":{"self":[{"href":"https:\/\/www.freiburg-schwarzwald.de\/blog\/wp-json\/wp\/v2\/pages\/49705","targetHints":{"allow":["GET"]}}],"collection":[{"href":"https:\/\/www.freiburg-schwarzwald.de\/blog\/wp-json\/wp\/v2\/pages"}],"about":[{"href":"https:\/\/www.freiburg-schwarzwald.de\/blog\/wp-json\/wp\/v2\/types\/page"}],"author":[{"embeddable":true,"href":"https:\/\/www.freiburg-schwarzwald.de\/blog\/wp-json\/wp\/v2\/users\/2"}],"replies":[{"embeddable":true,"href":"https:\/\/www.freiburg-schwarzwald.de\/blog\/wp-json\/wp\/v2\/comments?post=49705"}],"version-history":[{"count":0,"href":"https:\/\/www.freiburg-schwarzwald.de\/blog\/wp-json\/wp\/v2\/pages\/49705\/revisions"}],"up":[{"embeddable":true,"href":"https:\/\/www.freiburg-schwarzwald.de\/blog\/wp-json\/wp\/v2\/pages\/27"}],"wp:attachment":[{"href":"https:\/\/www.freiburg-schwarzwald.de\/blog\/wp-json\/wp\/v2\/media?parent=49705"}],"curies":[{"name":"wp","href":"https:\/\/api.w.org\/{rel}","templated":true}]}}