{"id":47838,"date":"2014-05-17T09:22:31","date_gmt":"2014-05-17T07:22:31","guid":{"rendered":"https:\/\/www.freiburg-schwarzwald.de\/blog\/?page_id=47838"},"modified":"2026-02-02T13:24:06","modified_gmt":"2026-02-02T12:24:06","slug":"bergbauern","status":"publish","type":"page","link":"https:\/\/www.freiburg-schwarzwald.de\/blog\/natur\/landwirt\/bergbauern\/","title":{"rendered":"Bergbauern"},"content":{"rendered":"<p><a href=\"https:\/\/www.freiburg-schwarzwald.de\/blog\">Home<\/a> &gt;<a title=\"Natur\" href=\"https:\/\/www.freiburg-schwarzwald.de\/blog\/natur\/\">Natur<\/a> &gt;<a title=\"Landwirt\" href=\"https:\/\/www.freiburg-schwarzwald.de\/blog\/natur\/landwirt\/\">Landwirt<\/a> &gt;Bergbauern<\/p>\n<div id=\"attachment_45081\" style=\"width: 650px\" class=\"wp-caption alignnone\"><a href=\"https:\/\/www.freiburg-schwarzwald.de\/blog\/sport\/sotschi\/hofsgrund28feldberg-breitnau-pan140131\/\" rel=\"attachment wp-att-45081\"><img loading=\"lazy\" decoding=\"async\" aria-describedby=\"caption-attachment-45081\" class=\"size-full wp-image-45081\" src=\"https:\/\/www.freiburg-schwarzwald.de\/blog\/wp-content\/uploads\/2014\/02\/hofsgrund28feldberg-breitnau-pan140131.jpg\" alt=\"Blick vom Schauinsland nach Osten zu Feldberg, Tote Mann mit Stollenbach und Nessellachen bei Breitnau (von rechts) am 31.1.2014\" width=\"640\" height=\"195\" srcset=\"https:\/\/www.freiburg-schwarzwald.de\/blog\/wp-content\/uploads\/2014\/02\/hofsgrund28feldberg-breitnau-pan140131.jpg 640w, https:\/\/www.freiburg-schwarzwald.de\/blog\/wp-content\/uploads\/2014\/02\/hofsgrund28feldberg-breitnau-pan140131-180x54.jpg 180w\" sizes=\"auto, (max-width: 640px) 100vw, 640px\" \/><\/a><p id=\"caption-attachment-45081\" class=\"wp-caption-text\">Blick vom Schauinsland nach Osten zu Feldberg, Tote Mann mit Stollenbach und Nessellachen bei Breitnau (von rechts) am 31.1.2014<\/p><\/div>\n<ul>\n<li><em>Listenauswahl eines Beitrags: Bitte\u00a0<span style=\"text-decoration: underline;\">anklicken\u00a0<\/span>oder runterscrollen<\/em><\/li>\n<li><a href=\"https:\/\/www.freiburg-schwarzwald.de\/blog\/energie\/wind\/windkraft-schwarzwald\/\">Windkraft in Freiburg: Verwaltungspropaganda statt ehrlicher Information auf der Webseite<\/a>\u00a0(1.2.2026)<\/li>\n<li>Neun H\u00f6fe aus der Region Freiburg werden f\u00fcr Engagement bei biologischer Vielfalt ausgezeichnet (22.10.2025)<\/li>\n<li><a href=\"https:\/\/www.freiburg-schwarzwald.de\/blog\/natur\/landwirt\/schwarzwaldbauern\/\">Siegfried J\u00e4ckle am 8.8.2025 im Alter von 80 Jahren verstorben<\/a>\u00a0(22.8.2025)<\/li>\n<li><a href=\"https:\/\/www.freiburg-schwarzwald.de\/blog\/katholische-kirche-vs-bauern\/\">Katholische Kirche vs. Bauern<\/a>\u00a0(26.10.2024)<\/li>\n<li><a href=\"https:\/\/www.freiburg-schwarzwald.de\/blog\/regio\/orte\/oberibental\/\">Agrarpolitik f\u00fcr Bergbauern (wie den Luxhof) und Gro\u00dfbauern trennen<\/a>\u00a0(8.5.2024)<\/li>\n<li><a href=\"https:\/\/www.freiburg-schwarzwald.de\/blog\/global\/italien\/suedtirol\/\">Buch: Die Erben der Einsamkeit. S\u00fcdtiroler Bergbauern<\/a>\u00a0(1.3.2024)<\/li>\n<li><a href=\"https:\/\/www.freiburg-schwarzwald.de\/blog\/schwarzwaldbauern-offener-brief\/\">Schwarzwaldbauern: Offener Brief<\/a> (21.2.2024)<\/li>\n<li><a href=\"https:\/\/www.freiburg-schwarzwald.de\/blog\/natur\/landwirt\/agrar\/\">Subventionen: Viel Geld f\u00fcr Gro\u00dfbetriebe, wenig f\u00fcr die kleinen<\/a> (20.1.2024)<\/li>\n<li><a href=\"https:\/\/www.freiburg-schwarzwald.de\/blog\/bauernproteste-gegen-ampel\/\">Bauernproteste gegen Ampel<\/a>\u00a0(2.2.2024)<\/li>\n<li><a href=\"https:\/\/www.freiburg-schwarzwald.de\/blog\/natur\/landwirt\/bauern-rechts\/\">Nat\u00fcrlich sind Bauern rechts, was denn sonst?<\/a>\u00a0(6.1.2024)<\/li>\n<li><a href=\"https:\/\/www.freiburg-schwarzwald.de\/blog\/regio\/heimat\/geschichte\/heitzmannhelmut\/\">Helmut Heitzmann: Hirtenbub 1945-1949 auf dem D\u00fcrrenbarthleshof in Breitnau<\/a>\u00a0(22.12.2023)<\/li>\n<li><a href=\"https:\/\/www.freiburg-schwarzwald.de\/blog\/regio\/orte\/muenstertal\/spielweg\/\">Stefan Harter: Hirtenbub 1943-1950 auf dem Sch\u00fcrlebuck in M\u00fcnstertal<\/a>\u00a0(22.12.2023)<\/li>\n<li><a href=\"https:\/\/www.freiburg-schwarzwald.de\/blog\/natur\/landwirt\/jungbauern\/\">Jungb\u00e4uerinnen \u00fcbernehmen Langenhof St.M\u00e4rgen, Zinggehof Lenzkirch<\/a>\u00a0(24.4.2023)<\/li>\n<li><a href=\"https:\/\/www.freiburg-schwarzwald.de\/blog\/erntedank-schwarzwaldbauern\/\">Erntedank Schwarzwaldbauern<\/a>\u00a0(15.9.2023)<\/li>\n<li><a href=\"https:\/\/www.freiburg-schwarzwald.de\/blog\/bauerntag-jammern-von-oben\/\">Bauerntag: Jammern von oben<\/a>\u00a0(8.7.2023)<\/li>\n<li><a href=\"https:\/\/www.freiburg-schwarzwald.de\/blog\/natur\/landwirt\/agri-pv\/\">700 Fu\u00dfballfelder gro\u00df: Streit um riesigen Solarpark in den Alpen<\/a> (2.2.2023)<\/li>\n<li><a href=\"https:\/\/www.freiburg-schwarzwald.de\/blog\/natur\/landwirt\/bauern-protest\/\">LSV: \u201eWir sterben gerade wie die Fliegen\u201c<\/a> (24.12.2022)<\/li>\n<li><a href=\"https:\/\/www.freiburg-schwarzwald.de\/blog\/natur\/wasser\/trockenheit\/\">Weidetieren in der Region rund um Freiburg geht das Futter aus<\/a>\u00a0(16.8.2022)<\/li>\n<li><a href=\"https:\/\/www.freiburg-schwarzwald.de\/blog\/natur\/landwirt\/milch\/\">Christenmartinshof: Michviehwirtschaft \u2013 Laufstall \u2013 Geschichte<\/a>\u00a0(27.11.2021)<\/li>\n<li><a href=\"https:\/\/www.freiburg-schwarzwald.de\/blog\/natur\/landwirt\/weide\/\">Allmende \u2013 Weiden, die keinem und allen geh\u00f6ren<\/a>\u00a0(14.8.2021)<\/li>\n<li><a href=\"https:\/\/www.freiburg-schwarzwald.de\/blog\/natur\/tiere\/rinder\/\">Abschied von Anbindehaltung bringt kleine Bauern im Schwarzwald in Not<\/a>\u00a0(5.8.2021)<\/li>\n<li><a href=\"https:\/\/www.freiburg-schwarzwald.de\/blog\/business\/handel\/bauernladen\/\">S\u2019Bergbure in Hinterzarten-Windeck<\/a>\u00a0(21.7.2021)<\/li>\n<li><a href=\"https:\/\/www.freiburg-schwarzwald.de\/blog\/natur\/tiere\/wolf\/\">J\u00e4gerin filmt einen Wolf bei der Reh-Jagd am Feldberg<\/a>\u00a0(15.5.2021)<\/li>\n<li><a title=\"Schweiz\" href=\"https:\/\/www.freiburg-schwarzwald.de\/blog\/global\/schweiz\/\">Schweizer Bauern: Auf in die gr\u00fcne Gentechnik<\/a> (3.1.2019)<\/li>\n<li><a title=\"Bauern-Protest\" href=\"https:\/\/www.freiburg-schwarzwald.de\/blog\/natur\/landwirt\/bauern-protest\/\">Land schafft Verbindung: Bauernprotest in Berlin<\/a> (29.11.2019)<\/li>\n<li><a title=\"Bauern-Protest\" href=\"https:\/\/www.freiburg-schwarzwald.de\/blog\/natur\/landwirt\/bauern-protest\/\">S\u00fcdbadische Landwirte protestieren am M\u00fcnsterplatz in Freiburg<\/a>\u00a0(22.10.2019)<\/li>\n<li><a title=\"Wiese\" href=\"https:\/\/www.freiburg-schwarzwald.de\/blog\/natur\/landwirt\/wiese\/\">Wiesenvielfalt: M\u00e4hdrescher trennt Samen von Schnittgut<\/a>\u00a0(1.8.2019)<\/li>\n<li><a href=\"https:\/\/www.freiburg-schwarzwald.de\/blog\/bergbauern-suchen-freiwillige\/\">https:\/\/www.freiburg-schwarzwald.de\/blog\/bergbauern-suchen-freiwillige\/<\/a> (7.6.2015)<\/li>\n<li>M\u00fcnstert\u00e4ler f\u00fcr Monate als Melker auf die Alm\u00a0(17.5.2014)<\/li>\n<li><a href=\"https:\/\/www.freiburg-schwarzwald.de\/bergbauern1.htm\">Aktuelle Infos zur Bergbauern-Seite<\/a>\u00a0&gt;Bergbauern1<\/li>\n<li><strong><a href=\"https:\/\/www.freiburg-schwarzwald.de\/bergbauern.htm\">www.freiburg-schwarzwald.de\/bergbauern.htm<\/a> &gt;Archivseite Bergbauern<\/strong><\/li>\n<li><strong><a title=\"Landwirt\" href=\"https:\/\/www.freiburg-schwarzwald.de\/blog\/natur\/landwirt\/\">Dirk Maxeiner: Ernte-Dank an Jungbauern, Agrarforschern und Food-Importeure<\/a>\u00a0(20.10.2010)<\/strong><\/li>\n<li><a href=\"https:\/\/www.freiburg-schwarzwald.de\/bergbauern#Die EU zu Besuch auf dem Bauernhof\">Die EU zu Besuch auf dem Bauernhof<\/a>\u00a0&gt;Bergbauern (25.6.2008)<\/li>\n<li><a href=\"https:\/\/www.freiburg-schwarzwald.de\/bergbauern.htm#F\u00f6rdermittel anders einsetzen, Milchwuirtschaft, Fl\u00e4chenberechnung\">F\u00f6rdermittel anders einsetzen, Milchwuirtschaft, Fl\u00e4chenberechnung<\/a>\u00a0&gt;Bergbauern (7.6.2008)<\/li>\n<li><a href=\"https:\/\/www.freiburg-schwarzwald.de\/bergbauern.htm#Das Erbe der Bergler: Erich Langjahr stellt Film in Neustadt vor\">Das Erbe der Bergler: Erich Langjahr stellt Film in Neustadt vor<\/a>\u00a0&gt;Bergbauern (27.3.2008)<\/li>\n<li><a href=\"https:\/\/www.freiburg-schwarzwald.de\/bergbauern.htm#Neue Weideberaterin Diethild Wanke\">Neue Weideberaterin Diethild Wanke<\/a>\u00a0&gt;Bergbauern (26.3.2008)<\/li>\n<li><a href=\"https:\/\/www.freiburg-schwarzwald.de\/wald4.htm#Waldgemeinschaft Wehr und \u00d6flingen hat Modellcharakter\">Waldgemeinschaft Wehr und \u00d6flingen hat Modellcharakter<\/a>\u00a0&gt;Wald4 (14.2.2008)<\/li>\n<li><a href=\"https:\/\/www.freiburg-schwarzwald.de\/yach.htm#Hauptversammlung des Heimat- und Landschaftspflegevereins\">Hauptversammlung des Heimat- und Landschaftspflegevereins<\/a>\u00a0&gt;Yach (25.1.2008)<\/li>\n<li><a href=\"https:\/\/www.freiburg-schwarzwald.de\/saatgut.htm#Heimisches Saatgut oder Importware aus Asien f\u00fcr unsere Wiesen\">Heimisches Saatgut oder Importware aus Asien f\u00fcr unsere Wiesen<\/a>\u00a0&gt;Saatgut (3.9.2007)<\/li>\n<li><a href=\"https:\/\/www.freiburg-schwarzwald.de\/muenstertal3.htm#GPS-Daten verkleinern Hangfl\u00e4chen der H\u00f6henlandwirte\">GPS-Daten verkleinern Hangfl\u00e4chen der H\u00f6henlandwirte<\/a>\u00a0&gt;Muenstertal3 (9.8.2007)<\/li>\n<li><a href=\"https:\/\/www.freiburg-schwarzwald.de\/landwirt5.htm#Heuernte am Josefenhof\">Heuernte am Josefenhof<\/a>\u00a0&gt;Landwirt5 (19.7.2007)<\/li>\n<li><a href=\"https:\/\/www.freiburg-schwarzwald.de\/proschwarzwaldbauern2.htm#Muhammad Yunus Kleinkredite - Idee auch f\u00fcr Bergbauern\">Muhammad Yunus Kleinkredite &#8211; Idee auch f\u00fcr Bergbauern?<\/a>\u00a0&gt;ProSchwarzwaldbauern2 (19.6.07)<\/li>\n<li><a href=\"https:\/\/www.freiburg-schwarzwald.de\/muenstertal2.htm#Jungviehweiden K\u00f6pfle sowie Sonnhalden und Branden im Obertal\">Jungviehweiden K\u00f6pfle sowie Sonnhalden und Branden im Obertal<\/a>\u00a0&gt;Muenstertal2 (1.6.2007)<\/li>\n<li><a href=\"https:\/\/www.freiburg-schwarzwald.de\/landwirt5.htm#Anbindehaltung bei Kleinbetrieben bis 20 K\u00fchen erlaubt\">Anbindehaltung bei Kleinbetrieben bis 20 K\u00fchen erlaubt<\/a>\u00a0&gt;Landwirt5 (11.5.2007)<\/li>\n<li><a href=\"https:\/\/www.freiburg-schwarzwald.de\/milch1.htm#Milchpreis - Aufl\u00f6sung von Schwarzwaldh\u00f6fen\">Milchpreis &#8211; Aufl\u00f6sung von Schwarzwaldh\u00f6fen<\/a>\u00a0&gt;Milch1 (19.4.2007)<\/li>\n<li><a href=\"https:\/\/www.freiburg-schwarzwald.de\/breitnau2.htm#Staatssekret\u00e4r M\u00fcller ruft zu B\u00fcndnis der Gr\u00fcnlandregionen\">Staatssekret\u00e4r M\u00fcller ruft zu B\u00fcndnis der Gr\u00fcnlandregionen<\/a>\u00a0&gt;Breitnau2 (21.3.2007)<\/li>\n<li><a href=\"https:\/\/www.freiburg-schwarzwald.de\/landwirt4.htm#Deutschland legt nicht offen, wohin EU-Subventionen flie\u00dfen\">Deutschland legt nicht offen, wohin EU-Subventionen flie\u00dfen<\/a>\u00a0&gt;Landwirt4 (15.2.2007)<\/li>\n<li><a href=\"https:\/\/www.freiburg-schwarzwald.de\/bergbauern#Allmendweiden in Mambach verkaufen - Rechtsprobleme\">Allmendweiden in Mambach verkaufen &#8211; Rechtsprobleme<\/a>\u00a0(23.12.2006)<\/li>\n<li><a href=\"https:\/\/www.freiburg-schwarzwald.de\/landwirt4.htm#Probleme der Bio-Landwirte mit der EU-Anbindehaltung\">Probleme der Bio-Landwirte mit der EU-Anbindehaltung<\/a>\u00a0&gt;Landwirt4 (3.11.2006)<\/li>\n<li><a href=\"https:\/\/www.freiburg-schwarzwald.de\/bergbauern#Keine K\u00fcrzung der F\u00f6rdermittel f\u00fcr die H\u00f6henlandwirtschaft\">Keine K\u00fcrzung der F\u00f6rdermittel f\u00fcr die H\u00f6henlandwirtschaft?<\/a>\u00a0(5.8.2006)<\/li>\n<li><a href=\"https:\/\/www.freiburg-schwarzwald.de\/landwirt4.htm#Bauern schlagen h\u00e4rtere Gangart ein - BLHV-Austritte\">Bauern schlagen h\u00e4rtere Gangart ein &#8211; BLHV-Austritte<\/a>\u00a0&gt;Landwirt4 (22.7.2006)<\/li>\n<li><a href=\"https:\/\/www.freiburg-schwarzwald.de\/bergbauern#Hinterw\u00e4lder-Bio-Zuchtbetrieb am Haselberg ob Sch\u00f6nau\">Hinterw\u00e4lder-Bio-Zuchtbetrieb am Haselberg ob Sch\u00f6nau &#8211; Antonia Kiefer<\/a>\u00a0(12.7.2006)<\/li>\n<li><a href=\"https:\/\/www.freiburg-schwarzwald.de\/landwirt4.htm#Cross Compliance: Statt einfacher wirds komplizierter f\u00fcr Landwirte\">Cross Compliance:\u00a0Statt einfacher wird&#8217;s komplizierter f\u00fcr\u00a0Landwirte<\/a>\u00a0&gt;Landwirt4 (10.5.2006)<\/li>\n<li><a href=\"https:\/\/www.freiburg-schwarzwald.de\/milch.htm#mmer mehr H\u00f6fe sind in ihrer Existenz bedroht\">Immer mehr H\u00f6fe sind in ihrer Existenz bedroht<\/a>\u00a0&gt;Milch (4.4.2006)<\/li>\n<li><a href=\"https:\/\/www.freiburg-schwarzwald.de\/bergbauern#Weidegenossenschaft Kirchzarten dankt Herder Peter Kaiser\">Weidegenossenschaft Kirchzarten dankt Herder Peter Kaiser<\/a>\u00a0(19.10.2005)<\/li>\n<li><a href=\"https:\/\/www.freiburg-schwarzwald.de\/froehnd1.htm#Adlerfarn - Offenhaltung der Landschaft ist ein z\u00e4hes Ringen\">Adlerfarn &#8211; Offenhaltung der Landschaft ist ein z\u00e4hes Ringen<\/a>\u00a0&gt;Froehnd1 (20.8.2005)<\/li>\n<li><a href=\"https:\/\/www.freiburg-schwarzwald.de\/bergbauern#Landschaft im Wandel - Ausstellung im Heimatmuseum Kl\u00f6sterle in Sch\u00f6nau\">Landschaft im Wandel &#8211; Ausstellung im Heimatmuseum Kl\u00f6sterle in Sch\u00f6nau<\/a>\u00a0(19.5.2005)<\/li>\n<li><a href=\"https:\/\/www.freiburg-schwarzwald.de\/soziales2.htm#Ren\u00e9 Venohrs Projekt Sommer-Sprosse - Penner als Bergbauern\">Ren\u00e9 Venohr&#8217;s Projekt &#8222;Sommer-Sprosse&#8220; &#8211; Penner als Bergbauern<\/a>\u00a0&gt;Soziales2 (13.11.2004)<\/li>\n<li><\/li>\n<li><a href=\"https:\/\/www.freiburg-schwarzwald.de\/blog\/business\/handel\/bauernladen\/\">Bauernladen<\/a><\/li>\n<li><a title=\"Bauern-Protest\" href=\"https:\/\/www.freiburg-schwarzwald.de\/blog\/natur\/landwirt\/bauern-protest\/\">Bauern-Protest<\/a><\/li>\n<li><a href=\"https:\/\/www.freiburg-schwarzwald.de\/blog\/natur\/landwirt\/bauern-rechts\/\">Bauern-rechts<\/a><\/li>\n<li><a href=\"https:\/\/www.freiburg-schwarzwald.de\/dorf.htm\">D\u00f6rfer<\/a>\u00a0&gt;Dorf<\/li>\n<li><a href=\"https:\/\/www.freiburg-schwarzwald.de\/bergbauern.htm#Freiwilligenhilfe auf Almwirtschaften\">Freiwilligenhilfe auf Almwirtschaften<\/a>\u00a0&gt;Bergbauern<\/li>\n<li><a href=\"https:\/\/www.freiburg-schwarzwald.de\/proschwarzwaldbauern.htm\">Forum Pro Schwarzwaldbauern &#8211; Verein<\/a>\u00a0&gt;ProSchwarzwaldbauern<\/li>\n<li><a href=\"https:\/\/www.freiburg-schwarzwald.de\/schoenenberg-grenzsteine.htm\">Gemarkungsgrenzen, Grenzsteine, Flur<\/a>\u00a0&gt;Schoenenberg-Grenzsteine<\/li>\n<li><a href=\"https:\/\/www.freiburg-schwarzwald.de\/blog\/natur\/landwirt\/jungbauern\/\">Jungbauern<\/a><\/li>\n<li><a title=\"Kleinbauern\" href=\"https:\/\/www.freiburg-schwarzwald.de\/blog\/natur\/landwirt\/kleinbauern\/\">Kleinbauern<\/a><\/li>\n<li><a href=\"https:\/\/www.freiburg-schwarzwald.de\/landwirt.htm\">Landwirtschaft im Hochschwarzwald<\/a>\u00a0&gt;Landwirt<\/li>\n<li><a href=\"https:\/\/www.freiburg-schwarzwald.de\/hirtenbuben.htm\">Hirtenbuben fr\u00fcher<\/a>\u00a0&gt;Hirtenbuben<\/li>\n<li><a href=\"https:\/\/www.freiburg-schwarzwald.de\/blhv.htm\">BLHV<\/a>\u00a0&gt;BLHV<\/li>\n<li><a href=\"https:\/\/www.freiburg-schwarzwald.de\/meine-landwirtschaft.htm\">Meine-Landwirtschaft &#8211; Kampagne<\/a>\u00a0&gt;Meine-Landwirtschaft<\/li>\n<li><a href=\"https:\/\/www.freiburg-schwarzwald.de\/blog\/natur\/landwirt\/milch\/\">Milch<\/a><\/li>\n<li><a href=\"https:\/\/www.freiburg-schwarzwald.de\/blog\/natur\/wasser\/trockenheit\/\">Trockenheit<\/a><\/li>\n<li><a href=\"https:\/\/www.freiburg-schwarzwald.de\/hoefener.htm#Wald- und Weidegenossenschaft H\u00f6fener H\u00fctte\">Wald- und Weidegenossenschaft H\u00f6fener H\u00fctte<\/a>\u00a0&gt;Hoefener<\/li>\n<li><a href=\"https:\/\/www.freiburg-schwarzwald.de\/blog\/natur\/landwirt\/weide\/\">Weide<\/a><\/li>\n<li><a href=\"https:\/\/www.freiburg-schwarzwald.de\/stwilhelmer.htm#Weidegenossenschaft Kirchzarten - St.Wilhelmer H\u00fctte\">Weidegenossenschaft Kirchzarten &#8211; St.Wilhelmer H\u00fctte<\/a>\u00a0&gt;StWilhelmer<\/li>\n<li><a href=\"https:\/\/www.freiburg-schwarzwald.de\/stollenbacher.htm#Weidegenossenschaft Oberried\">Weidegenossenschaft Oberried<\/a>\u00a0&gt;Stollenbacher<\/li>\n<li><a href=\"https:\/\/www.freiburg-schwarzwald.de\/bergbauern#Weideverband\">Weide- und Landschaftspflegezweckverband<\/a><\/li>\n<li><a title=\"Wiese\" href=\"https:\/\/www.freiburg-schwarzwald.de\/blog\/natur\/landwirt\/wiese\/\">Wiese<\/a><\/li>\n<li><a href=\"https:\/\/www.freiburg-schwarzwald.de\/blog\/energie\/wind\/windkraft-schwarzwald\/\">Windkraft-Schwarzwald<\/a><\/li>\n<li><a href=\"https:\/\/www.freiburg-schwarzwald.de\/bergbauern.htm\">ZALP &#8211; Internetseite der \u00c4lplerinnen und \u00c4lpler<\/a><\/li>\n<li><a href=\"https:\/\/www.freiburg-schwarzwald.de\/bergbauern#Links\">Links<\/a><\/li>\n<\/ul>\n<p>&nbsp;<\/p>\n<p><strong>Neun H\u00f6fe aus der Region Freiburg werden f\u00fcr Engagement bei biologischer Vielfalt ausgezeichnet<\/strong><br \/>\nHauptpreise \u00fcber 1500 Euro gingen an Martin Linser aus Freiburg-Opfingen in der Kategorie Ackerbau, das Weingut Johannes Kiefer, Eichstetten (Weinbau), Michels Kleinsthof von Michael Selinger in Bad Krozingen-Tunsel (Mischbetrieb) und Klaus R\u00fcmmele, Weidegemeinschaft Zweist\u00e4dteblick, Tunau, f\u00fcr Gr\u00fcnlandbewirtschaftung. Sonderpreise von 1000 Euro bekamen Markus Binninger (Bruderhof, Ewattingen), Stefan Wiesler (Andresehof, M\u00fcnstertal), Heinrich Kliewer (Schlossberghof K\u00fcssaburg), Sebastian und Simon Frommherz (Hochland-H\u00f6fe, H\u00e4g-Ehrsberg) sowie Holger und Martina Albrecht (Windberghof, St. Blasien).<br \/>\n&#8230; Alles vom 22.10.2025 bitte lesen auf<br \/>\n<a href=\"https:\/\/www.badische-zeitung.de\/neun-hoefe-aus-der-region-freiburg-werden-fuer-engagement-bei-biologischer-vielfalt-ausgezeichnet\">https:\/\/www.badische-zeitung.de\/neun-hoefe-aus-der-region-freiburg-werden-fuer-engagement-bei-biologischer-vielfalt-ausgezeichnet <\/a><\/p>\n<p>&nbsp;<\/p>\n<p><strong>M\u00fcnstert\u00e4ler f\u00fcr Monate als Melker auf die Alm <\/strong><br \/>\nWenn aus einem Kraftfahrer ein Melker wird: Ein 25-j\u00e4hriger M\u00fcnstert\u00e4ler verbringt den Sommer auf einer Alm in \u00d6sterreich und k\u00fcmmert sich dort um 25 Milchk\u00fche. Warum? &#8230;. Alles vom 17.5.2014 bitte lesen auf<br \/>\n<a href=\"https:\/\/www.badische-zeitung.de\/muenstertal\/warum-ein-muenstertaeler-fuer-monate-als-melker-auf-die-alm-geht--84896159.html\">https:\/\/www.badische-zeitung.de\/muenstertal\/warum-ein-muenstertaeler-fuer-monate-als-melker-auf-die-alm-geht&#8211;84896159.html<\/a><\/p>\n<p>Der 25-j\u00e4hrige Marc B\u00f6hler lebt auf einem Nebenerwerbsbauernhof im Stampfbachtal in Oberm\u00fcnstertal. Im Mai 2014 geht er nun bereits zu 4. Mail f\u00fcr vier Monate auf die Alm &#8211; auf die Baumgartenalm im Salzburgerland in \u00d6sterreich. Dort ist er als Melker f\u00fcr 25 Pinzgauer Milchh\u00fche verantwortlich.<\/p>\n<p>Anzeigen in \u00d6sterreich:\u00a0<a title=\"\" href=\"https:\/\/www.almwirtschaft.com\/\" target=\"_blank\" rel=\"noopener\">https:\/\/www.almwirtschaft.com<\/a>, in der Schweiz: <a title=\"\" href=\"https:\/\/www.zalp.ch\/\" target=\"_blank\" rel=\"noopener\">https:\/\/www.zalp.ch<\/a><\/p>\n<p>&nbsp;<\/p>\n<p>&nbsp;<\/p>\n<p>&nbsp;<\/p>\n<p><strong>Freiwilligenhilfe auf Almwirtschaften<\/strong><\/p>\n<p>Freiwilligenhilfe in S\u00fcdtirol:<br \/>\nDas Leben der S\u00fcdtiroler Bergbauern fasziniert vor allem deutsche Helferinnen und Helfer. Von 1600 Freiwilligen im Jahr 2009 kamen 72 Prozent aus Deutschland. Wer mit anpacken m\u00f6chte, sollte mindestens eine Woche bleiben. Fitness ist wichtig. F\u00fcr die Arbeit gibt es freie Kost und Logis, dazu eine Unfallversicherung.<br \/>\nVerein Freiwillige Arbeitseins\u00e4tze &#8211; vom Bauernbund und der Caritas getragen: <a title=\"\" href=\"https:\/\/www.bergbauernhilfe.it\/\" target=\"_blank\" rel=\"noopener\">https:\/\/www.bergbauernhilfe.it<\/a>,\u00a0 Tel\u00a00039\/0471\/999309.<\/p>\n<p><a href=\"https:\/\/www.freiburg-schwarzwald.de\/bergbauern1.htm#Freiwillig Knecht auf Zeit auf Alm in S\u00fcdtirol\">Freiwillig Knecht auf Zeit auf Alm in S\u00fcdtirol<\/a> &gt;Bergbauern1 (28.8.2010)<\/p>\n<p>Auch in Deutschland, \u00d6sterreich und der Schweiz k\u00f6nnen Freiwillige auf Bauernh\u00f6fen helfen.<\/p>\n<p>&nbsp;<\/p>\n<p>Projekt LandLeben f\u00fcr junge Leute ab 15 Jahren<br \/>\n<a href=\"https:\/\/www.freiburg-schwarzwald.de\/landfrauen.htm#Katholische Landfrauenbewegung Freiburg\">Katholische Landfrauenbewegung Freiburg<\/a> &gt;Landfrauen<\/p>\n<p>Almwirtschaftlicher Verein Oberbayern<br \/>\n<a title=\"\" href=\"https:\/\/www.almwirtschaft.net\/\" target=\"_blank\" rel=\"noopener\">https:\/\/www.almwirtschaft.net<\/a> Tel\u00a008025\/5044<\/p>\n<p>Bauernh\u00f6fe in der Schweiz:<br \/>\nCaritas-Bergeinsatz<br \/>\n<a title=\"\" href=\"https:\/\/www.bergeinsatz.ch\/\" target=\"_blank\" rel=\"noopener\">https:\/\/www.bergeinsatz.ch<\/a> ; Tel\u00a00041\/41\/4192277<\/p>\n<p>Bauernh\u00f6fe in \u00d6sterreich:<br \/>\nMaschinenring Tirol<br \/>\n<a title=\"\" href=\"https:\/\/www.maschinenring.at\/\" target=\"_blank\" rel=\"noopener\">https:\/\/www.maschinenring.at<\/a> Tel\u00a00043\/59060\/70072<\/p>\n<p>&nbsp;<\/p>\n<p>&nbsp;<\/p>\n<p>&nbsp;<\/p>\n<p>&nbsp;<\/p>\n<p>&nbsp;<\/p>\n<p>&nbsp;<\/p>\n<p>&nbsp;<\/p>\n<p><a name=\"ZALP - Internetseite der \u00c4lplerinnen und \u00c4lpler\"><\/a><strong>ZALP &#8211; Internetseite der \u00c4lplerinnen und \u00c4lpler<\/strong><\/p>\n<p>Wir bringen jeden Monat aus den Kocht\u00f6pfen der Beh\u00f6rden, Schulen, Forschungsst\u00e4tten, Medien, Alpmeister und Alph\u00fctten eine brandheisse Suppe auf den Tisch. Wer Themen aufbereitet haben will, die ihm auf der Zunge brennen, kann sie uns <a href=\"mailto:mail@zalp.ch\">mailen<\/a>.<br \/>\n<a href=\"https:\/\/www.zalp.ch\/\">www.zalp.ch<\/a><\/p>\n<p>Sonja bis 8\/2011 in \u00c4usser-Ebnet in der N\u00e4he von:<br \/>\n<a href=\"https:\/\/www.alp-hobiel-surenen.ch\/\">www.alp-hobiel-surenen.ch<\/a><\/p>\n<p><a href=\"https:\/\/www.freiburg-schwarzwald.de\/ziegen.htm\">Mehr auch auf der Ziegen-Seite<\/a> &gt;Ziegen<\/p>\n<p>&nbsp;<\/p>\n<p>&nbsp;<\/p>\n","protected":false},"excerpt":{"rendered":"<p>Home &gt;Natur &gt;Landwirt &gt;Bergbauern Listenauswahl eines Beitrags: Bitte\u00a0anklicken\u00a0oder runterscrollen Windkraft in Freiburg: Verwaltungspropaganda statt ehrlicher Information auf der Webseite\u00a0(1.2.2026) Neun H\u00f6fe aus der Region Freiburg werden f\u00fcr Engagement bei biologischer Vielfalt ausgezeichnet (22.10.2025) Siegfried J\u00e4ckle am 8.8.2025 im Alter von &hellip; <a href=\"https:\/\/www.freiburg-schwarzwald.de\/blog\/natur\/landwirt\/bergbauern\/\">Weiterlesen <span class=\"meta-nav\">&rarr;<\/span><\/a><\/p>\n","protected":false},"author":2,"featured_media":0,"parent":1014,"menu_order":0,"comment_status":"open","ping_status":"closed","template":"","meta":{"footnotes":""},"class_list":["post-47838","page","type-page","status-publish","hentry"],"_links":{"self":[{"href":"https:\/\/www.freiburg-schwarzwald.de\/blog\/wp-json\/wp\/v2\/pages\/47838","targetHints":{"allow":["GET"]}}],"collection":[{"href":"https:\/\/www.freiburg-schwarzwald.de\/blog\/wp-json\/wp\/v2\/pages"}],"about":[{"href":"https:\/\/www.freiburg-schwarzwald.de\/blog\/wp-json\/wp\/v2\/types\/page"}],"author":[{"embeddable":true,"href":"https:\/\/www.freiburg-schwarzwald.de\/blog\/wp-json\/wp\/v2\/users\/2"}],"replies":[{"embeddable":true,"href":"https:\/\/www.freiburg-schwarzwald.de\/blog\/wp-json\/wp\/v2\/comments?post=47838"}],"version-history":[{"count":5,"href":"https:\/\/www.freiburg-schwarzwald.de\/blog\/wp-json\/wp\/v2\/pages\/47838\/revisions"}],"predecessor-version":[{"id":145130,"href":"https:\/\/www.freiburg-schwarzwald.de\/blog\/wp-json\/wp\/v2\/pages\/47838\/revisions\/145130"}],"up":[{"embeddable":true,"href":"https:\/\/www.freiburg-schwarzwald.de\/blog\/wp-json\/wp\/v2\/pages\/1014"}],"wp:attachment":[{"href":"https:\/\/www.freiburg-schwarzwald.de\/blog\/wp-json\/wp\/v2\/media?parent=47838"}],"curies":[{"name":"wp","href":"https:\/\/api.w.org\/{rel}","templated":true}]}}