{"id":47288,"date":"2014-04-23T10:39:07","date_gmt":"2014-04-23T08:39:07","guid":{"rendered":"https:\/\/www.freiburg-schwarzwald.de\/blog\/?page_id=47288"},"modified":"2018-09-17T21:38:55","modified_gmt":"2018-09-17T19:38:55","slug":"radwanderwege","status":"publish","type":"page","link":"https:\/\/www.freiburg-schwarzwald.de\/blog\/sport\/sportlern\/biken\/radwanderwege\/","title":{"rendered":"Radwanderwege"},"content":{"rendered":"<p><a href=\"https:\/\/www.freiburg-schwarzwald.de\/blog\">Home<\/a> &gt;<a title=\"Sport\" href=\"https:\/\/www.freiburg-schwarzwald.de\/blog\/sport\/\">Sport<\/a> &gt;<a title=\"Sportlern\" href=\"https:\/\/www.freiburg-schwarzwald.de\/blog\/sport\/sportlern\/\">Sportlern<\/a> &gt;<a title=\"Biken\" href=\"https:\/\/www.freiburg-schwarzwald.de\/blog\/sport\/sportlern\/biken\/\">Biken<\/a> &gt;<a title=\"Radfahren\" href=\"https:\/\/www.freiburg-schwarzwald.de\/blog\/regio\/verkehr\/radfahren\/\">Radfahren<\/a> &gt;Radwanderwege<\/p>\n<div id=\"attachment_68143\" style=\"width: 649px\" class=\"wp-caption alignnone\"><a href=\"https:\/\/www.freiburg-schwarzwald.de\/blog\/sport\/sportlern\/biken\/radwanderwege\/fahrrad-rahmenbruch-pan180912\/\" rel=\"attachment wp-att-68143\"><img loading=\"lazy\" decoding=\"async\" aria-describedby=\"caption-attachment-68143\" class=\"size-full wp-image-68143\" src=\"https:\/\/www.freiburg-schwarzwald.de\/blog\/wp-content\/uploads\/2014\/04\/fahrrad-rahmenbruch-pan180912.jpg\" alt=\"Fahrrad nach Rahmenbruch und Sturz am 12.9.2018\" width=\"639\" height=\"402\" srcset=\"https:\/\/www.freiburg-schwarzwald.de\/blog\/wp-content\/uploads\/2014\/04\/fahrrad-rahmenbruch-pan180912.jpg 639w, https:\/\/www.freiburg-schwarzwald.de\/blog\/wp-content\/uploads\/2014\/04\/fahrrad-rahmenbruch-pan180912-180x113.jpg 180w\" sizes=\"auto, (max-width: 639px) 100vw, 639px\" \/><\/a><p id=\"caption-attachment-68143\" class=\"wp-caption-text\">Fahrrad nach Rahmenbruch und Sturz am 12.9.2018<\/p><\/div>\n<p>&nbsp;<\/p>\n<p>&nbsp;<\/p>\n<p>&nbsp;<\/p>\n<p><a href=\"https:\/\/www.freiburg-schwarzwald.de\/baehnle-radweg.htm\">B\u00e4hnle-Radweg zwischen Lenzkirch und Bonndorf<\/a>\u00a0&gt;Baehnle-Radweg (8.8.2004)<\/p>\n<p>&nbsp;<\/p>\n<p>Breisgau-Radweg<br \/>\nRiegel (Baggersee, Fluss), Bahlingen, Nimburg (geschotterter Waldweg), Reute, V\u00f6rstetten, Landwasser (See), Weingarten (See), Opfingen (Baggersee), Tiengen, Munzingen, Ober-, Niederrimsingen (Baggersee), G\u00fcndlingen, Hochstetten, Breisach (Fluss)<br \/>\nDreiland-Radwanderweg (195 km)<br \/>\nNeuenburg, Schliengen, Liel, Riedlingen, Kandern, Hammerstein, Schallbach, R\u00fcmmingen, Tumringen, Brombach, Ottwangen, Ober-Eichsel, Unter-Karsau, Rheinfelden (Fluss),<br \/>\nCH: M\u00f6hlin, Zeiningen, Zuzgen, Hellikon, Hemmiken, Ormalingen, Gelterkinden, B\u00f6ckten, Sissach, Lausen, Liestal, Frenkendorf, Pratteln, Muttenz, M\u00fcnchenstein, Arlesheim, Dornach, Aesch, Ettingen, Witterswil, Fl\u00fch, Leymen<br \/>\nF: Rodersdorf, Oltingue, Fislis, Muespach, Willer, Hundsbach, Hausgauen, Tagsdorf, Emlingen, Wittersdorf, Walheim, Luemschwiller, Illfurth, Zillisheim, Brunstatt, Mulhouse, Sausheim, Baldersheim, Ottmarsheim, Bantzenheim, Chalamp\u00e9 (Rhein),<br \/>\nD: Neuenburg<br \/>\nDreisamtal-Radwanderweg<br \/>\nFreiburg Wiehre, Dreisamuferweg (Fluss), Bruggaweg, Neuh\u00e4user, Kirchzarten, Dietenbach, Geroldstal, Oberried, Weilersbach, H\u00f6fen, Himmelreich, Buchenbach, Burg, Oberbirken, Stegen, Wittental, Ebnet, Dreisamuferweg (Fluss)<br \/>\n<a href=\"https:\/\/www.freiburg-schwarzwald.de\/biken.htm#Dreisamtal-Radwanderweg\">Dreisamtal-Radwanderweg<\/a>\u00a0&gt;Biken<br \/>\n<a href=\"https:\/\/www.freiburg-schwarzwald.de\/biken1.htm#Dreisamtal-Rundtour mit dem Fahrrad\">Dreisamtal-Rundtour mit dem Fahrrad<\/a>\u00a0&gt;Biken1 (6.5.2003)<br \/>\nDreiseen-Radweg<br \/>\nSchluchsee (See), Faulenf\u00fcrst, Aha, Windgf\u00e4llweiher (See), Falkau, Altglash\u00fctten, B\u00e4rental, Titisee (See), Hinterzarten, Rinken (Berg), Oberried<br \/>\n<a href=\"https:\/\/www.freiburg-schwarzwald.de\/schluchsee.htm#Seerundweg mit dem Fahrrad\">Schluchsee-Radwanderung rund um den See<\/a>\u00a0&gt;Schluchsee<\/p>\n<p>Elzach-Vill\u00e9-Radweg (85 km)<br \/>\nElzach, Waldkirch, Emmendingen, Riegel, Sasbach, Rheinbr\u00fccke, Marckolsheim, S\u00e9lestat, Kintzheim, Ch\u00e2tenois, Thannvill\u00e9, St.Maurice, Vill\u00e9<\/p>\n<p>Elzdamm-Radweg<br \/>\nEmmendingen (Fluss), Teningen (Fluss), Riegel (Baggersee, Fluss)<br \/>\nElztal-Radweg<br \/>\nDenzlingen, Batzenh\u00e4usle, Waldkirch (Fluss), Gutach (Fluss), Bleibach, Nieder-, Oberwinden, Elzach (Fluss), Unterprechtal<br \/>\nEmmendingen-Waldkirch-Radweg<br \/>\nEmmendingen (Fluss), Sexau, Waldkirch<br \/>\nFreiburg-Mulhouse-Radweg (60 km)<br \/>\nFreiburg &#8211; M\u00fcllheim (wie Markgr\u00e4fler Wadwanderweg), Neuenburg, Rheinbr\u00fccke (Fluss), Chalamp\u00e9, Ottmarsheim, Baldersheim, Illzach, Mulhouse<br \/>\nKaiserstuhl-Radweg\u00a0(64 km)<br \/>\nBreisach (Rhein), Burkheim (Baggersee), Ruine Sponeck, Sasbach, K\u00f6nigschaffhausen, Endingen, Riegel (Baggersee), Bahlingen, Eichstetten, B\u00f6tzingen, Gottenheim, Tuniberg, Merdingen, Ihringen, Breisach (Rhein)<br \/>\n<a href=\"https:\/\/www.freiburg-schwarzwald.de\/kaiserstuhl-radweg.htm#Von Freiburg  aus den Kaiserstuhl umfahren\">Von Freiburg aus um den Kaiserstuhl radeln<\/a>\u00a0&gt;Kaiserstuhl-Radweg (25.8.2004)<br \/>\n<a href=\"https:\/\/www.freiburg-schwarzwald.de\/kaiserstuhl.htm#Von B\u00f6tzingen \u00fcber Vogtsburg, Kiechlinsbergen, Endingen und Riegel nach B\u00f6tzingen\">B\u00f6tzingen &#8211; Vogtsburg &#8211; Riegel &#8211; B\u00f6tzingen: Fahrradtour in den Bergen<\/a>\u00a0&gt;Kaiserstuhl (20.4.2004<\/p>\n<p>Markgr\u00e4fler Radwanderweg (45 km)<br \/>\nFreiburg-Wiehre, St.Georgen, Leutersberg, Ebringen, Pfaffenweiler, Kirchhohen, Bad Krozingen, Staufen, Ballrechten-Dottingen, Heitersheim, Betberg, Buggingen, Dattingen, H\u00fcgelheim, M\u00fcllheim<br \/>\n<a href=\"https:\/\/www.freiburg-schwarzwald.de\/markgraeflerland1.htm#Radwanderung Freiburg - Staufen - Breisach\">Radwanderung Freiburg &#8211; Staufen &#8211; Breisach<\/a>\u00a0&gt;Markgaeflerland1 (6.9.2004)<br \/>\nRheintal-Fernradweg Teilstrecke 2 (65 km)<br \/>\nSchw\u00f6rstadt, Weil, Haltingen, Efringen-Kirchen, M\u00fcllheim, Neuenburg (Fluss), Zienken, Gri\u00dfheim (Baggersee), Eschbach, Tunsel, Feldkirch, Hartheim (Baggersee), Rheinwald, Breisach (Fluss)<br \/>\n(ca. 65km)<br \/>\n<a href=\"https:\/\/www.freiburg-schwarzwald.de\/fessenheim.htm#Zwei Ufer, drei Br\u00fccken: 70 km rhein\u00fcberschreitendes Radwegenetz\">Zwei Ufer, drei Br\u00fccken: 70 km rhein\u00fcberschreitendes Radwegenetz<\/a>\u00a0&gt;Fessenheim (26.5.2007)<\/p>\n<p>Rheintal-Fernradweg Teilstrecke 3 Westroute (58 km)<br \/>\nBreisach (Fluss), Burkheim (Baggersee), Sasbach, Endingen, Riegel (Baggersee, Fluss), Malterdingen, Kenzingen, Herbolzheim<br \/>\nRheintal-Fernradweg Ostroute (63 km)<br \/>\nBreisach, Hausen, Opfingen (Baggersee), Freiburg (Fluss, Webcam), V\u00f6rstetten, Emmendingen (Fluss), Nimburg, Bahlingen, Riegel (Baggersee), Malterdingen, Kenzingen, Herbolzheim (63km)<\/p>\n<p>Route Verte (250 km)<br \/>\nVerbindung Schwarzwald &#8211; Elsa\u00df &#8211; Lothringen seit 1960. Radwege abseits der gro\u00dfen Strassen. Neue Ausschliderung 2001.<br \/>\nNeustadt, H\u00f6lzlebruck, Titisee (See), Hinterzarten, Alpersbach, Falkensteig, Kirchzarten, Neuh\u00e4user, Bruckm\u00fchle, Ebnet (Fluss), Freiburg (See, Webcam), Opfingen (Baggersee), Tiengen, Munzingen, Niederrimsingen (Baggersee), G\u00fcndlingen, Hochstetten, Breisach, Rheinbr\u00fccke (Fluss), Volgelsheim, Neuf-Brisach, Wolfgantzen, Appenwihr, Sundhoffen, Colmar, Wintzenheim, Soulzbach-les Bains, Griesbach-au-Val, Munster, Stosswihr, Soultzeren, Col de la Schlucht, Xonrupt-Longemer, G\u00e9rardmer, le Tholy, Docelles, Jarm\u00e9nil, \u00c9pinal, Girancourt, Escles, Esley, Vittel, Contrex\u00e9ville.<br \/>\n<a href=\"https:\/\/www.freiburg-schwarzwald.de\/biken.htm#Route Verte Schwarzwald - Elsa\u00df\">Route Verte Schwarzwald &#8211; Elsa\u00df<\/a>\u00a0&gt;Biken<br \/>\nSchwarzwald-Radweg (375 km)<br \/>\nKarlsruhe, Karlsbad, Langensteinbach, Ittersbach, Dobel, Gernsbach, Weisenbach, Langenbrand, Forbach, Raum\u00fcnzach, Erbersbronn, (Herrenwies), Obertal, Zuflucht, Kniebis, Bad Rippoldsau, Wolfach, Hausach, Haslach, M\u00fchlenbach, Sch\u00f6nwald, Friedenweiler, Titisee-Neustadt, Titisee (See), Feldberg (Berg, Webcam), Todtnauberg, Muggenbrunn, Wieden, Malsburg-Marzell, Kandern, L\u00f6rrach<br \/>\n<a href=\"https:\/\/www.freiburg-schwarzwald.de\/tuniberg.htm#Fahrradweg rund um den Tuniberg\">Tuniberg Radweg<\/a><br \/>\nGottenheim, Merdingen, Niederrimsingen, Oberrimsingen (Baggersee), Munzingen, Tiengen, Opfingen (Baggersee), Waltershofen, Gottenheim<\/p>\n<p>2ufer3bruecken &#8211; Rhein\u00fcberschreitendes Radwegenetz<br \/>\n<a href=\"https:\/\/www.freiburg-schwarzwald.de\/fessenheim.htm#Zwei Ufer, drei Br\u00fccken: 70 km rhein\u00fcberschreitendes Radwegenetz\">Zwei Ufer, drei Br\u00fccken: 70 km rhein\u00fcberschreitendes Radwegenetz<\/a>\u00a0&gt;Fessenheim (26.5.2007)<\/p>\n","protected":false},"excerpt":{"rendered":"<p>Home &gt;Sport &gt;Sportlern &gt;Biken &gt;Radfahren &gt;Radwanderwege &nbsp; &nbsp; &nbsp; B\u00e4hnle-Radweg zwischen Lenzkirch und Bonndorf\u00a0&gt;Baehnle-Radweg (8.8.2004) &nbsp; Breisgau-Radweg Riegel (Baggersee, Fluss), Bahlingen, Nimburg (geschotterter Waldweg), Reute, V\u00f6rstetten, Landwasser (See), Weingarten (See), Opfingen (Baggersee), Tiengen, Munzingen, Ober-, Niederrimsingen (Baggersee), G\u00fcndlingen, Hochstetten, Breisach &hellip; <a href=\"https:\/\/www.freiburg-schwarzwald.de\/blog\/sport\/sportlern\/biken\/radwanderwege\/\">Weiterlesen <span class=\"meta-nav\">&rarr;<\/span><\/a><\/p>\n","protected":false},"author":2,"featured_media":0,"parent":577,"menu_order":0,"comment_status":"open","ping_status":"closed","template":"","meta":{"footnotes":""},"class_list":["post-47288","page","type-page","status-publish","hentry"],"_links":{"self":[{"href":"https:\/\/www.freiburg-schwarzwald.de\/blog\/wp-json\/wp\/v2\/pages\/47288","targetHints":{"allow":["GET"]}}],"collection":[{"href":"https:\/\/www.freiburg-schwarzwald.de\/blog\/wp-json\/wp\/v2\/pages"}],"about":[{"href":"https:\/\/www.freiburg-schwarzwald.de\/blog\/wp-json\/wp\/v2\/types\/page"}],"author":[{"embeddable":true,"href":"https:\/\/www.freiburg-schwarzwald.de\/blog\/wp-json\/wp\/v2\/users\/2"}],"replies":[{"embeddable":true,"href":"https:\/\/www.freiburg-schwarzwald.de\/blog\/wp-json\/wp\/v2\/comments?post=47288"}],"version-history":[{"count":0,"href":"https:\/\/www.freiburg-schwarzwald.de\/blog\/wp-json\/wp\/v2\/pages\/47288\/revisions"}],"up":[{"embeddable":true,"href":"https:\/\/www.freiburg-schwarzwald.de\/blog\/wp-json\/wp\/v2\/pages\/577"}],"wp:attachment":[{"href":"https:\/\/www.freiburg-schwarzwald.de\/blog\/wp-json\/wp\/v2\/media?parent=47288"}],"curies":[{"name":"wp","href":"https:\/\/api.w.org\/{rel}","templated":true}]}}