{"id":46305,"date":"2014-03-26T12:23:55","date_gmt":"2014-03-26T11:23:55","guid":{"rendered":"https:\/\/www.freiburg-schwarzwald.de\/blog\/?page_id=46305"},"modified":"2014-03-26T12:29:55","modified_gmt":"2014-03-26T11:29:55","slug":"kreisjugendring","status":"publish","type":"page","link":"https:\/\/www.freiburg-schwarzwald.de\/blog\/selbsthilfe\/jugend\/kreisjugendring\/","title":{"rendered":"Kreisjugendring"},"content":{"rendered":"<p>Home\u00a0&gt;<a title=\"Regio\" href=\"https:\/\/www.freiburg-schwarzwald.de\/blog\/regio\/\">Regio<\/a> &gt;<a title=\"Orte\" href=\"https:\/\/www.freiburg-schwarzwald.de\/blog\/regio\/orte\/\">Orte<\/a>\u00a0&gt;<a title=\"Freiburg\" href=\"https:\/\/www.freiburg-schwarzwald.de\/blog\/regio\/freiburg\/\">Freiburg<\/a> &gt;<a title=\"Dienste\" href=\"https:\/\/www.freiburg-schwarzwald.de\/blog\/branchen\/dienste\/\">Dienste<\/a> &gt;<a title=\"Stadtfreiburg\" href=\"https:\/\/www.freiburg-schwarzwald.de\/blog\/regio\/freiburg\/stadtfreiburg\/\">StadtFreiburg<\/a>\u00a0&gt;<a title=\"Selbsthilfe\" href=\"https:\/\/www.freiburg-schwarzwald.de\/blog\/selbsthilfe\/\">Selbsthilfe<\/a> &gt;<a title=\"Jugend\" href=\"https:\/\/www.freiburg-schwarzwald.de\/blog\/selbsthilfe\/jugend\/\">Jugend <\/a>&gt;Kreisjugendring<\/p>\n<div id=\"attachment_46105\" style=\"width: 650px\" class=\"wp-caption alignnone\"><a href=\"https:\/\/www.freiburg-schwarzwald.de\/blog\/regio\/see\/schluchsee-stausee\/schluchsee25ort-pan140313\/\" rel=\"attachment wp-att-46105\"><img loading=\"lazy\" decoding=\"async\" aria-describedby=\"caption-attachment-46105\" class=\"size-full wp-image-46105\" alt=\"Bick nach Westen auf Schluchsee-Ort am 13.3.2014 - der Stausee hat einen extrem niedrigen Wasserstand\" src=\"https:\/\/www.freiburg-schwarzwald.de\/blog\/wp-content\/uploads\/2014\/03\/schluchsee25ort-pan140313.jpg\" width=\"640\" height=\"215\" srcset=\"https:\/\/www.freiburg-schwarzwald.de\/blog\/wp-content\/uploads\/2014\/03\/schluchsee25ort-pan140313.jpg 640w, https:\/\/www.freiburg-schwarzwald.de\/blog\/wp-content\/uploads\/2014\/03\/schluchsee25ort-pan140313-180x60.jpg 180w\" sizes=\"auto, (max-width: 640px) 100vw, 640px\" \/><\/a><p id=\"caption-attachment-46105\" class=\"wp-caption-text\">Bick nach Westen auf Schluchsee-Ort am 13.3.2014 &#8211; der Stausee hat einen extrem niedrigen Wasserstand<\/p><\/div>\n<ul>\n<li>Kreisjugendring klagt \u00fcber zu wenig Geld (26.3.2014)<\/li>\n<li>Kreisjugendring<\/li>\n<li><a title=\"Stadtjugendring\" href=\"https:\/\/www.freiburg-schwarzwald.de\/blog\/selbsthilfe\/jugend\/stadtjugendring\/\">Stadtjugendring FR<\/a><\/li>\n<\/ul>\n<p>&nbsp;<\/p>\n<p><strong>Kreisjugendring klagt \u00fcber zu wenig Geld<\/strong><\/p>\n<p>Zur halbj\u00e4hrlichen Mitgliedervollversammlung hatten die Gesch\u00e4ftsf\u00fchrung und der Vorstand des Kreisjugendrings (KJR) nach Gottenheim ins Ger\u00e4tehaus der freiwilligen Feuerwehr geladen. Auf dem Programm standen unter anderem die K\u00fcrzung von Zusch\u00fcssen 2013, T\u00e4tigkeitsberichte, das Projekt Inklusion des Landratsamts und ein Abschied.<br \/>\nNach den T\u00e4tigkeitsberichten des Vorstandsteams mit Melanie Bischoff (1.Vorsitzende), Sarah Kindt, Sebastian Veit, Oliver Zulauf und Meike Brosi sowie des Gesch\u00e4ftsf\u00fchrungsberichtes durch Rechtsanw\u00e4ltin Christina Manger musste festgestellt werden, dass eine vollumf\u00e4ngliche Unterst\u00fctzung der Jugendarbeit im Kreis Breisgau-Hochschwarzwald im Jahr 2013 nicht m\u00f6glich war. Grund hierf\u00fcr ist, dass die Mittel, die dem KJR j\u00e4hrlich in H\u00f6he von 40 000 Euro zur Verf\u00fcgung stehen, nicht ausgereicht haben. Darum mussten die Zusch\u00fcsse an die Mitgliedsverb\u00e4nde um 3,5 Prozent gek\u00fcrzt werden. Die Mitgliedsverb\u00e4nde (siehe Infobox) beantragten 1264,08\u20ac Euro mehr, Zuschussmittel als zur Verf\u00fcgung standen. Das sich ergebende Fazit lautet: dem KJR Breisgau-Hochschwarzwald standen 2013 nicht gen\u00fcgend finanzielle Mittel zur Verf\u00fcgung, um die Kinder- und Jugendarbeit gem\u00e4\u00df den Richtlinien vollumf\u00e4nglich zu unterst\u00fctzen.<br \/>\nEin weiterer Punkt, mit dem sich das Vorstandsteam 2013 besch\u00e4ftigt hatte, war die Weiterentwicklung von Schulungsangeboten. Hier kann hervorgehoben werden, dass es vom 16. bis 18. Mai 2014 einen Outdoor-Erste-Hilfe-Kurs geben wird, den der KJR seinen Mitgliedsverb\u00e4nden anbieten kann. Die Anmeldung l\u00e4uft \u00fcber das Vorstandsmitglied Oliver Zulauf und das Evangelische Jugendwerk Breisgau-Hochschwarzwald. Das langj\u00e4hrige Vorstandsmitglied Sarah Kindt war auch 2013 f\u00fcr die Kasse des KJR zust\u00e4ndig. Diese, sowie der komplette Vorstand wurden von den Mitgliedern des KJR entlastet. F\u00fcr Sarah Kindt war es die letzte Sitzung des KJR. Ihr Ausscheiden aus dem Vorstand ist bedingt durch die eingetretene Verlegung ihres Lebensmittelpunkts \u00fcber die Landesgrenze hinaus. Der gesamte KJR dankte Kindt f\u00fcr ihr langj\u00e4hriges Engagement und w\u00fcnschte ihr alles Gute.<\/p>\n<p>Au\u00dferdem stellte eine Vertreterin der Diakonischen Initiative M\u00fcllheim-H\u00fcgelheim das Projekt &#8222;Inklusion&#8220; vor, eine Kooperation mit dem Landratsamt Breisgau-Hochschwarzwald. Kreisjugendreferent Martin Geserich informierte zudem \u00fcber die Kampagne und die Bildungsangebote zum Thema &#8222;W\u00e4hlen ab 16&#8220;.<br \/>\n26.3.2014<\/p>\n<p>&nbsp;<\/p>\n<p><strong>Kreisjugendring<\/strong><\/p>\n<div>Der Kreisjugendring arbeitet im Bereich des Landkreises Breisgau-Hochschwarzwald und ist eine Arbeitsgemeinschaft, die aus den Mitgliedsverb\u00e4nden auf freiwilliger Grundlage gebildet ist. Seine Aufgabe ist es, die Jugendarbeit im Kreisgebiet zu f\u00f6rdern und weiterzuentwickeln. Aktuell besteht der KJR aus 14 Mitgliedsverb\u00e4nden: Landjugend, Sportjugend, Ring deutscher Pfadfinder, Bund der Deutschen Katholischen Jugend, Jugendrotkreuz, Kreisjugendfeuerwehr, Deutsche Lebens-Rettungs-Gesellschaft, Evangelische Jugend, Trachtenjugend, Akkordeonjugend, Bund Deutscher Rasse- und Gefl\u00fcgelz\u00fcchter, Kaufmannsjugend, Bl\u00e4serjugend, Koordinierungskreis der offenen Jugendarbeit.<\/div>\n<div>\u00a0<\/div>\n<div>\n<p><a href=\"https:\/\/www.freiburg-schwarzwald.de\/blog\/selbsthilfe\/jugend\/kreisjugendring\/kreisjugendring1403\/\" rel=\"attachment wp-att-46312\"><img loading=\"lazy\" decoding=\"async\" class=\"alignnone size-thumbnail wp-image-46312\" alt=\"kreisjugendring1403\" src=\"https:\/\/www.freiburg-schwarzwald.de\/blog\/wp-content\/uploads\/2014\/03\/kreisjugendring1403-180x105.jpg\" width=\"180\" height=\"105\" srcset=\"https:\/\/www.freiburg-schwarzwald.de\/blog\/wp-content\/uploads\/2014\/03\/kreisjugendring1403-180x105.jpg 180w, https:\/\/www.freiburg-schwarzwald.de\/blog\/wp-content\/uploads\/2014\/03\/kreisjugendring1403.jpg 589w\" sizes=\"auto, (max-width: 180px) 100vw, 180px\" \/><\/a>\u00a0\u00a0\u00a0 Das Vorstandsteam des Kreisjugendrings M\u00e4rz 2014 &#8211; \u00a0Foto:\u00a0Privat<\/p>\n<\/div>\n<div>Kreisjugendring<br \/>\nTel\u00a007652\/1213077 (Melanie Bischoff, Jugendb\u00fcro des Dekanats Neustadt)\u00a0<br \/>\n<a title=\"\" href=\"https:\/\/www.kjr-bhs.de\/\" target=\"_blank\">https:\/\/www.kjr-bhs.de<\/a>\u00a0\u00a0<\/div>\n","protected":false},"excerpt":{"rendered":"<p>Home\u00a0&gt;Regio &gt;Orte\u00a0&gt;Freiburg &gt;Dienste &gt;StadtFreiburg\u00a0&gt;Selbsthilfe &gt;Jugend &gt;Kreisjugendring Kreisjugendring klagt \u00fcber zu wenig Geld (26.3.2014) Kreisjugendring Stadtjugendring FR &nbsp; Kreisjugendring klagt \u00fcber zu wenig Geld Zur halbj\u00e4hrlichen Mitgliedervollversammlung hatten die Gesch\u00e4ftsf\u00fchrung und der Vorstand des Kreisjugendrings (KJR) nach Gottenheim ins Ger\u00e4tehaus der &hellip; <a href=\"https:\/\/www.freiburg-schwarzwald.de\/blog\/selbsthilfe\/jugend\/kreisjugendring\/\">Weiterlesen <span class=\"meta-nav\">&rarr;<\/span><\/a><\/p>\n","protected":false},"author":2,"featured_media":0,"parent":1121,"menu_order":0,"comment_status":"open","ping_status":"closed","template":"","meta":{"footnotes":""},"class_list":["post-46305","page","type-page","status-publish","hentry"],"_links":{"self":[{"href":"https:\/\/www.freiburg-schwarzwald.de\/blog\/wp-json\/wp\/v2\/pages\/46305","targetHints":{"allow":["GET"]}}],"collection":[{"href":"https:\/\/www.freiburg-schwarzwald.de\/blog\/wp-json\/wp\/v2\/pages"}],"about":[{"href":"https:\/\/www.freiburg-schwarzwald.de\/blog\/wp-json\/wp\/v2\/types\/page"}],"author":[{"embeddable":true,"href":"https:\/\/www.freiburg-schwarzwald.de\/blog\/wp-json\/wp\/v2\/users\/2"}],"replies":[{"embeddable":true,"href":"https:\/\/www.freiburg-schwarzwald.de\/blog\/wp-json\/wp\/v2\/comments?post=46305"}],"version-history":[{"count":0,"href":"https:\/\/www.freiburg-schwarzwald.de\/blog\/wp-json\/wp\/v2\/pages\/46305\/revisions"}],"up":[{"embeddable":true,"href":"https:\/\/www.freiburg-schwarzwald.de\/blog\/wp-json\/wp\/v2\/pages\/1121"}],"wp:attachment":[{"href":"https:\/\/www.freiburg-schwarzwald.de\/blog\/wp-json\/wp\/v2\/media?parent=46305"}],"curies":[{"name":"wp","href":"https:\/\/api.w.org\/{rel}","templated":true}]}}