{"id":45239,"date":"2014-02-13T13:55:28","date_gmt":"2014-02-13T12:55:28","guid":{"rendered":"https:\/\/www.freiburg-schwarzwald.de\/blog\/?page_id=45239"},"modified":"2014-02-13T14:46:31","modified_gmt":"2014-02-13T13:46:31","slug":"ecopop","status":"publish","type":"page","link":"https:\/\/www.freiburg-schwarzwald.de\/blog\/global\/schweiz\/ecopop\/","title":{"rendered":"EcoPop"},"content":{"rendered":"<p><a href=\"https:\/\/www.freiburg-schwarzwald.de\/blog\">Home<\/a>\u00a0&gt;<a title=\"Regio\" href=\"https:\/\/www.freiburg-schwarzwald.de\/blog\/regio\/\">Regio<\/a>\u00a0&gt;<a title=\"Global\" href=\"https:\/\/www.freiburg-schwarzwald.de\/blog\/global\/\">Global<\/a>\u00a0&gt;<a title=\"Schweiz\" href=\"https:\/\/www.freiburg-schwarzwald.de\/blog\/global\/schweiz\/\">Schweiz<\/a> &gt;EcoPop<\/p>\n<div id=\"attachment_45107\" style=\"width: 649px\" class=\"wp-caption alignnone\"><a href=\"https:\/\/www.freiburg-schwarzwald.de\/blog\/global\/eu\/ezb\/hofsgrund25feldberg-pan140131\/\" rel=\"attachment wp-att-45107\"><img loading=\"lazy\" decoding=\"async\" aria-describedby=\"caption-attachment-45107\" class=\"size-full wp-image-45107\" alt=\"Blick vom Schauinsland nach Osten \u00fcber Hofsgrund zum Feldberg am 31.1.2014\" src=\"https:\/\/www.freiburg-schwarzwald.de\/blog\/wp-content\/uploads\/2014\/02\/hofsgrund25feldberg-pan140131.jpg\" width=\"639\" height=\"231\" srcset=\"https:\/\/www.freiburg-schwarzwald.de\/blog\/wp-content\/uploads\/2014\/02\/hofsgrund25feldberg-pan140131.jpg 639w, https:\/\/www.freiburg-schwarzwald.de\/blog\/wp-content\/uploads\/2014\/02\/hofsgrund25feldberg-pan140131-180x65.jpg 180w\" sizes=\"auto, (max-width: 639px) 100vw, 639px\" \/><\/a><p id=\"caption-attachment-45107\" class=\"wp-caption-text\">Blick vom Schauinsland nach Osten \u00fcber Hofsgrund zum Feldberg am 31.1.2014<\/p><\/div>\n<ul>\n<li><a href=\"https:\/\/www.freiburg-schwarzwald.de\/blog\/ecopop-ecologie-et-population\/\">https:\/\/www.freiburg-schwarzwald.de\/blog\/ecopop-ecologie-et-population\/<\/a> (13.2.2014)<\/li>\n<li>Berechtigte Sorgen der Schweizer (13.2.2014)<\/li>\n<li>Ecopop &#8211; ECOlogie et POPulation<\/li>\n<\/ul>\n<p>&nbsp;<\/p>\n<p><strong>Berechtigte Sorgen der Schweizer<\/strong><\/p>\n<p>Falsch ist die Behauptung, die Schweiz habe wirtschaftlich von der Personenfreiz\u00fcgigkeit profitiert. Wohl ist das BIP gestiegen angesichtes der gro\u00dfen Zuwanderung, das BIP\/Kopf aber steigt stieg in 6 Jahren noch gerade einmal um 370 Franken (rund 300 Euro). Zuvor stieg das BIP\/Kopf in 6 Jahren um ca 10000 Franken (rund 8000 Euro). Der Lohn \u2013 insbesondere des Mittelstandes \u2013 steigt real nicht mehr. Daf\u00fcr steigen die Mieten z.T. explosionsartig. Die Baut\u00e4tigkeit (jede Sekunde werden in der Schweiz 1,2m2 Land verbaut) kommt mit der Nachfrage nicht mehr nach und dies, obwohl in der Schweiz so viel gebaut wird wie nie zuvor.<br \/>\nDie Schweiz hat mit 23,3% den dritth\u00f6chsten Ausl\u00e4nderanteil Europas. Die Schweiz hat am zweitgr\u00f6\u00dfte Anzahl an Asylbewerbern in Europa aufgenommen (relativ gesehen). Die Schweiz hat die h\u00f6chste Einb\u00fcrgerungsrate Europas (40000 Einb\u00fcrgerungen pro Jahr w\u00e4hrend das 10 mal gr\u00f6\u00dfere Deutschland nur auf rund 100\u2019000 Einb\u00fcrgerungen kommt). Die Schweiz hat die h\u00f6chste Einwanderungsquote der EU &#8211; um ca 400% \u00fcber derjenigen Deutschlands.<br \/>\nDie Zuwanderung in die Schweiz ist heute so gross, dass alle 2 Jahre Menschen mit der Einwohnerzahl der Stadt Genf einwandern &#8211; mit allen Folgen.<br \/>\nAuch Deutschland hochgerechnet heisst dies jedes Jahr plus 820000 Ausl\u00e4nder, plus 1500 Windkraftanlagen, plus 34000 Wohnungen, plus 470000 Fahrzeuge etc. Und dies seit Einf\u00fchrung der Personenfreiz\u00fcgigkeit im Jahre 2007 jedes (!) Jahr aufs neue.<br \/>\nUnter Ber\u00fccksichtigung dieser Zahlen ist es unfair, die Schweizer als ausl\u00e4nderfeindlich, spinnend (SPD-Vize) und gar rassistisch zu bezeichnen. \u00a0Es ist unfair, die Sorgen der Schweizer\u00a0einfach zu negieren.<br \/>\n13,.2.2014, Markus B\u00e4ttiger<\/p>\n<p>&nbsp;<\/p>\n<p>&nbsp;<\/p>\n<p><strong>Ecopop &#8211; ECOlogie et POPulation<\/strong><\/p>\n<p>&#8222;Ecopop (\u201eECOlogie et POPulation\u201c) ist eine parteiunabh\u00e4ngige Umweltorganisation. Unser Anliegen: die Lebensgrundlagen und die Lebensqualit\u00e4t in der Schweiz\u00a0und weltweit auch f\u00fcr kommende Generationen zu erhalten und sich hierf\u00fcr insbesondere mit dem Faktor Bev\u00f6lkerung zu befassen. ECOPOP distanziert sich klar von<br \/>\nfremdenfeindlichen und rassistischen Ansichten.\u00a0\u2026..&#8220;<br \/>\n<a href=\"https:\/\/www.ecopop.ch\/\">www.ecopop.ch\u00a0<\/a><\/p>\n<p>Die Ecopop m\u00f6chte die j\u00e4hrliche Nettozuwanderung von derzeit 1% der Wohnbev\u00f6lkerung (80000 Personen) auf 0,2% (16000 Personen) reduzieren.<\/p>\n","protected":false},"excerpt":{"rendered":"<p>Home\u00a0&gt;Regio\u00a0&gt;Global\u00a0&gt;Schweiz &gt;EcoPop https:\/\/www.freiburg-schwarzwald.de\/blog\/ecopop-ecologie-et-population\/ (13.2.2014) Berechtigte Sorgen der Schweizer (13.2.2014) Ecopop &#8211; ECOlogie et POPulation &nbsp; Berechtigte Sorgen der Schweizer Falsch ist die Behauptung, die Schweiz habe wirtschaftlich von der Personenfreiz\u00fcgigkeit profitiert. Wohl ist das BIP gestiegen angesichtes der gro\u00dfen Zuwanderung, &hellip; <a href=\"https:\/\/www.freiburg-schwarzwald.de\/blog\/global\/schweiz\/ecopop\/\">Weiterlesen <span class=\"meta-nav\">&rarr;<\/span><\/a><\/p>\n","protected":false},"author":2,"featured_media":0,"parent":4145,"menu_order":0,"comment_status":"open","ping_status":"closed","template":"","meta":{"footnotes":""},"class_list":["post-45239","page","type-page","status-publish","hentry"],"_links":{"self":[{"href":"https:\/\/www.freiburg-schwarzwald.de\/blog\/wp-json\/wp\/v2\/pages\/45239","targetHints":{"allow":["GET"]}}],"collection":[{"href":"https:\/\/www.freiburg-schwarzwald.de\/blog\/wp-json\/wp\/v2\/pages"}],"about":[{"href":"https:\/\/www.freiburg-schwarzwald.de\/blog\/wp-json\/wp\/v2\/types\/page"}],"author":[{"embeddable":true,"href":"https:\/\/www.freiburg-schwarzwald.de\/blog\/wp-json\/wp\/v2\/users\/2"}],"replies":[{"embeddable":true,"href":"https:\/\/www.freiburg-schwarzwald.de\/blog\/wp-json\/wp\/v2\/comments?post=45239"}],"version-history":[{"count":0,"href":"https:\/\/www.freiburg-schwarzwald.de\/blog\/wp-json\/wp\/v2\/pages\/45239\/revisions"}],"up":[{"embeddable":true,"href":"https:\/\/www.freiburg-schwarzwald.de\/blog\/wp-json\/wp\/v2\/pages\/4145"}],"wp:attachment":[{"href":"https:\/\/www.freiburg-schwarzwald.de\/blog\/wp-json\/wp\/v2\/media?parent=45239"}],"curies":[{"name":"wp","href":"https:\/\/api.w.org\/{rel}","templated":true}]}}