{"id":45077,"date":"2014-02-07T22:00:48","date_gmt":"2014-02-07T21:00:48","guid":{"rendered":"https:\/\/www.freiburg-schwarzwald.de\/blog\/?page_id=45077"},"modified":"2014-03-20T20:34:52","modified_gmt":"2014-03-20T19:34:52","slug":"sotschi","status":"publish","type":"page","link":"https:\/\/www.freiburg-schwarzwald.de\/blog\/sport\/sotschi\/","title":{"rendered":"Sotschi"},"content":{"rendered":"<p><a href=\"https:\/\/www.freiburg-schwarzwald.de\/blog\">Home<\/a>\u00a0&gt;<a title=\"Sport\" href=\"https:\/\/www.freiburg-schwarzwald.de\/blog\/sport\/\">Sport<\/a>\u00a0&gt;<a title=\"Sportlern\" href=\"https:\/\/www.freiburg-schwarzwald.de\/blog\/sport\/sportlern\/\">Sportlern<\/a>\u00a0&gt;Sotschi<\/p>\n<div id=\"attachment_45081\" style=\"width: 650px\" class=\"wp-caption alignnone\"><a href=\"https:\/\/www.freiburg-schwarzwald.de\/blog\/sport\/sotschi\/hofsgrund28feldberg-breitnau-pan140131\/\" rel=\"attachment wp-att-45081\"><img loading=\"lazy\" decoding=\"async\" aria-describedby=\"caption-attachment-45081\" class=\" wp-image-45081 \" alt=\"Blick vom Schauinsland nach Osten zu Feldberg, Tote Mann mit Stollenbach und Nessellachen bei Breitnau (von rechts) am 31.1.2014\" src=\"https:\/\/www.freiburg-schwarzwald.de\/blog\/wp-content\/uploads\/2014\/02\/hofsgrund28feldberg-breitnau-pan140131.jpg\" width=\"640\" height=\"195\" srcset=\"https:\/\/www.freiburg-schwarzwald.de\/blog\/wp-content\/uploads\/2014\/02\/hofsgrund28feldberg-breitnau-pan140131.jpg 640w, https:\/\/www.freiburg-schwarzwald.de\/blog\/wp-content\/uploads\/2014\/02\/hofsgrund28feldberg-breitnau-pan140131-180x54.jpg 180w\" sizes=\"auto, (max-width: 640px) 100vw, 640px\" \/><\/a><p id=\"caption-attachment-45081\" class=\"wp-caption-text\">Blick vom Schauinsland nach Osten \u00fcbers St.Wilhelmer Tal zu Feldberg, Tote Mann mit Stollenbach und Nessellachen bei Breitnau (von rechts) am 31.1.2014<\/p><\/div>\n<ul>\n<li>Paralympics Sotschi-Teammanager Martin Haag\u00a0aus Kirchzarten (12.3.2014)<\/li>\n<li>Der ganze Schwarzwald dr\u00fcckt Fabian Rie\u00dfle die Daumen (7.2.2014)<\/li>\n<li><a title=\"Russland\" href=\"https:\/\/www.freiburg-schwarzwald.de\/blog\/global\/russland\/\">Russland<\/a><\/li>\n<li><a href=\"https:\/\/www.tagesspiegel.de\/paralympics\">www.tagesspiegel.de\/paralympics<\/a><\/li>\n<\/ul>\n<p>&nbsp;<\/p>\n<p>&nbsp;<\/p>\n<p><strong>Paralympics Sotschi-Teammanager Martin Haag\u00a0aus Kirchzarten<\/strong><\/p>\n<p>Noch bis zum kommenden Wochenende finden im russischen Sotschi die paralympischen Winterspiele der behinderten Sportler statt. Die ersten Medaillen wurden bereits gewonnen. Dar\u00fcber freut sich ein Kirchzartener besonders. Martin Haag ist als Teammanager der nordischen Skisportler, die ihre Wettk\u00e4mpfe im Langlauf und Biathlon austragen, dabei. Sechs Athleten plus zwei Begleitl\u00e4ufer geh\u00f6ren dazu \u2013 drei von ihnen kommen aus Freiburg. Mit Michael Huhn, der am Olympiast\u00fctzpunkt Freiburg f\u00fcr optimale Trainingsbedingungen der behinderten Athleten zust\u00e4ndig ist und dem Arzt Lars Meiworm sind zwei weitere Kirchzartener in Sotschi in der Betreuung aktiv. Und auch der Nationaltrainer Ralf Rombach kommt aus Freiburg.<br \/>\nMartin Haag \u00fcbt sein Manageramt seit 2000 als Ehrenamt aus. 2012 kam noch eine weitere Aufgabe hinzu: Abteilungsleiter Ski nordisch im Deutschen Behindertensportverband. Als Bankkaufmann ist Haag bei der Volksbank Freiburg t\u00e4tig. F\u00fcr seine beiden ehrenamtlichen Funktionen geht so ziemlich der gesamte Jahresurlaub drauf. Eine Freistellung seitens des Arbeitsgebers gibt es leider nicht. Bereits zum siebten Mal nimmt Martin Haag an Paralympics teil \u2013 dreimal davon selbst als Aktiver. 1988 holte er in Innsbruck seine einzige Olympiamedaille in der Staffel, u.a. mit Roland G\u00e4ss. Zahlreiche WM- und DM-Medaillen kamen hinzu. Als er 2000 seine Wettkampflaufbahn beendete, wechselte er nahtlos in ehrenamtliche Funktionen.<\/p>\n<p><a href=\"https:\/\/www.freiburg-schwarzwald.de\/blog\/sport\/sotschi\/haag-martin-sotschi140312\/\" rel=\"attachment wp-att-45970\"><img loading=\"lazy\" decoding=\"async\" class=\"alignnone size-thumbnail wp-image-45970\" alt=\"haag-martin-sotschi140312\" src=\"https:\/\/www.freiburg-schwarzwald.de\/blog\/wp-content\/uploads\/2014\/02\/haag-martin-sotschi140312-151x180.jpg\" width=\"151\" height=\"180\" srcset=\"https:\/\/www.freiburg-schwarzwald.de\/blog\/wp-content\/uploads\/2014\/02\/haag-martin-sotschi140312-151x180.jpg 151w, https:\/\/www.freiburg-schwarzwald.de\/blog\/wp-content\/uploads\/2014\/02\/haag-martin-sotschi140312-540x640.jpg 540w, https:\/\/www.freiburg-schwarzwald.de\/blog\/wp-content\/uploads\/2014\/02\/haag-martin-sotschi140312.jpg 542w\" sizes=\"auto, (max-width: 151px) 100vw, 151px\" \/><\/a><\/p>\n<p>Martin Haag aus Kirchzarten ist derzeit als Teammanager der behinderten nordischen Skinationalmannschaft bei den Paralympischen Spielen in Sotschi.\u00a0Foto: Gerhard L\u00fcck<\/p>\n<p>\u201eIch bin f\u00fcr das gesamte Organisatorische zust\u00e4ndig\u201c, beschreibt er seine Aufgaben. In Sotschi ist er das wichtige Bindeglied zwischen der Mannschaft und dem deutschen Delegationsleiter Karl Quade. Jetzt bei den Rennen steht er wie die anderen Betreuer an der Strecke und gibt Zwischenzeiten bekannt. \u201eIch freue mich sehr auf die Begegnungen mit den anderen Nationen und das gute Miteinander insgesamt\u201c, erz\u00e4hlte Haag kurz vor dem Abflug nach Sotschi. Beim Weltcup im Januar am Notschrei sei etwas von der tollen Atmosph\u00e4re im Behindertensport sp\u00fcrbar gewesen. Bemerkenswert sei die Leistungsentwicklung: \u201eDas hat sich vom Feierabendsport zum semiprofessionellen Sport gemausert.\u201c Da ginge es nur noch mit gro\u00dfer Unterst\u00fctzung und Freistellung durch die Arbeitgeber wie z.B. bei Martin Fleig, der beim Landratsamt Breisgau-Hochschwarzwald arbeitet. Die Technik spiele ebenfalls eine immer gr\u00f6\u00dfere Rolle. So wurde der Schlitten von Martin Fleig vom Fraunhofer Institut Freiburg entwickelt: \u201eMartin f\u00e4hrt einen Ma\u00df-Schlitten ganz k\u00f6rperangepasst und leicht.\u201c<br \/>\n12.3.2014, Gerhard L\u00fcck<\/p>\n<p>&nbsp;<\/p>\n<p>&nbsp;<\/p>\n<p>&nbsp;<\/p>\n<p><strong>Der ganze Schwarzwald dr\u00fcckt Fabian Rie\u00dfle die Daumen<\/strong><\/p>\n<p>Fabian Rie\u00dfle von der Skizunft Breitnau f\u00e4hrt mit Medaillenchancen nach Sotschi.\u00a0Das war eine gute Idee von St. M\u00e4rgens B\u00fcrgermeister Manfred Kreutz, gemeinsam mit der Hochschwarzwald-Touristik (HTG) den medaillenverd\u00e4chtigen Nordisch-Kombinierer Fabian Rie\u00dfle zum Pressegespr\u00e4ch kurz vor dem Abflug zu den Olympischen Winterspielen in Sotschi einzuladen. Rie\u00dfle wohnt im St. M\u00e4rgener Ortsteil Holzschlag und startet seit f\u00fcnfzehn Jahren f\u00fcr die Skizunft Breitnau. \u201eFabian macht die Region als Sympathietr\u00e4ger bekannt\u201c, stellte Kreutz bei seiner Begr\u00fc\u00dfung fest.\u00a0F\u00fcr den 23j\u00e4hrigen sympathischen Sportler sind es die ersten olympischen Winterspiele, auf die er sich riesig freut. Dank seiner guten Saisonergebnisse und seinem ersten Weltcupsieg im Januar in Frankreich kann er sich berechtigte Hoffnungen auf Edelmetall machen. In Oberstdorf holt sich die Mannschaft jetzt noch den \u201eFeinschliff\u201c f\u00fcr Sotschie und fliegt dann am 8. Februar ab Frankfurt gen Russland. \u201eWir sind ein cooles Team\u201c, strahlt Fabian, \u201eund verstehen uns sehr gut.\u201c L\u00e4chelnd erz\u00e4hlt er von den Kleidervorschriften und den massenhaften Ski, die zur Ausr\u00fcstung geh\u00f6ren. Er pers\u00f6nlich rechne sich gar nichts aus: \u201eAls kleiner Junge habe ich gesagt, dabei zu sein, ist alles. Jetzt setze ich mich nicht unter Druck.\u201c Die Mannschaft wolle aber endlich mal wieder \u201eunbedingt Gold gewinnen\u201c. Die Langlaufstrecken in Sotschi verglich er in etwa mit der auf seiner Heimstrecke am Thurner. Er hofft, dass ihm das Gl\u00fccksschweinchen von seiner Freundin Erfolg bringt. Auf die anhaltende Kritik an den Spielen in Sotschi angesprochen, erkl\u00e4rte er, dass auch er nicht alles gut f\u00e4nde, was dort im Vorfeld gelaufen sei. Aber als Sportler m\u00fcsse er ja dahin fahren, wo die Funktion\u00e4re etwas vorbereitet h\u00e4tten.<\/p>\n<p><a href=\"https:\/\/www.freiburg-schwarzwald.de\/blog\/sport\/sotschi\/riessle-olampia140206\/\" rel=\"attachment wp-att-45080\"><img loading=\"lazy\" decoding=\"async\" class=\"alignnone size-thumbnail wp-image-45080\" alt=\"riessle-olampia140206\" src=\"https:\/\/www.freiburg-schwarzwald.de\/blog\/wp-content\/uploads\/2014\/02\/riessle-olampia140206-180x104.jpg\" width=\"180\" height=\"104\" srcset=\"https:\/\/www.freiburg-schwarzwald.de\/blog\/wp-content\/uploads\/2014\/02\/riessle-olampia140206-180x104.jpg 180w, https:\/\/www.freiburg-schwarzwald.de\/blog\/wp-content\/uploads\/2014\/02\/riessle-olampia140206.jpg 640w\" sizes=\"auto, (max-width: 180px) 100vw, 180px\" \/><\/a><\/p>\n<p>Fabian Rie\u00dfle wird von den B\u00fcrgermeistern Josef Haberstroh (Breitnau), Stefan Wirbser (Feldberg) und Manfred Kreutz (St. M\u00e4rgen) (v.l.) mit besten W\u00fcnschen nach Sotschi verabschiedet.\u00a0Foto: Gerhard L\u00fcck<\/p>\n<p>Feldbergs B\u00fcrgermeister Stefan Wirbser, auch Pr\u00e4sident des Schwarzw\u00e4lder Skiverbandes, ist stolz, dass vier Schwarzw\u00e4lder in Sotschi starten. Zur Kritik an Sotschi forderte er, dass keine Spiele in L\u00e4nder vergeben w\u00fcrden, die sich mit der Demokratie schwer t\u00e4ten. HTG-Gesch\u00e4ftsf\u00fchrer Thorsten Rudolf freute sich \u00fcber \u201edie rasante Entwicklung von Fabian Rie\u00dfle\u201c und dass er als Sportbotschafter den Hochschwarzwald in alle Welt trage. Skizunft-Vorsitzender Franz Lickert war begeistert, dass der Trainingsflei\u00df von Fabian nun belohnt werde. Gro\u00dfen Anteil h\u00e4tten die Trainer Albert Z\u00e4hringer und Ernst Wursthorn an Fabians Erfolg. Und Breitnaus B\u00fcrgermeister Josef Haberstroh versicherte: \u201eDie ganze Gemeinde ist Fabian sehr verbunden und stolz, dass erstmals in Breitnaus und St. M\u00e4rgens Geschichte ein Sportler aus unseren Gemeinden an olympischen Spielen teilnimmt.\u201c<br \/>\n7.2.2014, Gerhard L\u00fcck, Dreisamt\u00e4ler<\/p>\n","protected":false},"excerpt":{"rendered":"<p>Home\u00a0&gt;Sport\u00a0&gt;Sportlern\u00a0&gt;Sotschi Paralympics Sotschi-Teammanager Martin Haag\u00a0aus Kirchzarten (12.3.2014) Der ganze Schwarzwald dr\u00fcckt Fabian Rie\u00dfle die Daumen (7.2.2014) Russland www.tagesspiegel.de\/paralympics &nbsp; &nbsp; Paralympics Sotschi-Teammanager Martin Haag\u00a0aus Kirchzarten Noch bis zum kommenden Wochenende finden im russischen Sotschi die paralympischen Winterspiele der behinderten Sportler &hellip; <a href=\"https:\/\/www.freiburg-schwarzwald.de\/blog\/sport\/sotschi\/\">Weiterlesen <span class=\"meta-nav\">&rarr;<\/span><\/a><\/p>\n","protected":false},"author":2,"featured_media":0,"parent":47,"menu_order":0,"comment_status":"open","ping_status":"closed","template":"","meta":{"footnotes":""},"class_list":["post-45077","page","type-page","status-publish","hentry"],"_links":{"self":[{"href":"https:\/\/www.freiburg-schwarzwald.de\/blog\/wp-json\/wp\/v2\/pages\/45077","targetHints":{"allow":["GET"]}}],"collection":[{"href":"https:\/\/www.freiburg-schwarzwald.de\/blog\/wp-json\/wp\/v2\/pages"}],"about":[{"href":"https:\/\/www.freiburg-schwarzwald.de\/blog\/wp-json\/wp\/v2\/types\/page"}],"author":[{"embeddable":true,"href":"https:\/\/www.freiburg-schwarzwald.de\/blog\/wp-json\/wp\/v2\/users\/2"}],"replies":[{"embeddable":true,"href":"https:\/\/www.freiburg-schwarzwald.de\/blog\/wp-json\/wp\/v2\/comments?post=45077"}],"version-history":[{"count":0,"href":"https:\/\/www.freiburg-schwarzwald.de\/blog\/wp-json\/wp\/v2\/pages\/45077\/revisions"}],"up":[{"embeddable":true,"href":"https:\/\/www.freiburg-schwarzwald.de\/blog\/wp-json\/wp\/v2\/pages\/47"}],"wp:attachment":[{"href":"https:\/\/www.freiburg-schwarzwald.de\/blog\/wp-json\/wp\/v2\/media?parent=45077"}],"curies":[{"name":"wp","href":"https:\/\/api.w.org\/{rel}","templated":true}]}}