{"id":44930,"date":"2014-02-04T13:40:57","date_gmt":"2014-02-04T12:40:57","guid":{"rendered":"https:\/\/www.freiburg-schwarzwald.de\/blog\/?page_id=44930"},"modified":"2025-08-30T12:42:47","modified_gmt":"2025-08-30T10:42:47","slug":"wohnungssuche","status":"publish","type":"page","link":"https:\/\/www.freiburg-schwarzwald.de\/blog\/business\/dienste\/immobilien\/wohnen\/wohnungssuche\/","title":{"rendered":"Wohnungssuche"},"content":{"rendered":"<p><a href=\"https:\/\/www.freiburg-schwarzwald.de\/blog\">Home<\/a> &gt;<a title=\"Soziales\" href=\"https:\/\/www.freiburg-schwarzwald.de\/blog\/selbsthilfe\/soziales\/\">Soziales<\/a>\u00a0&gt;<a title=\"Dienste\" href=\"https:\/\/www.freiburg-schwarzwald.de\/blog\/business\/dienste\/\">Dienste<\/a>\u00a0&gt;<a title=\"Immobilien\" href=\"https:\/\/www.freiburg-schwarzwald.de\/blog\/business\/dienste\/immobilien\/\">Immobilien<\/a>\u00a0&gt;<a title=\"Wohnen\" href=\"https:\/\/www.freiburg-schwarzwald.de\/blog\/business\/dienste\/immobilien\/wohnen\/\">Wohnen<\/a>\u00a0&gt;Wohnungssuche<\/p>\n<div id=\"attachment_43830\" style=\"width: 649px\" class=\"wp-caption alignnone\"><a href=\"https:\/\/www.freiburg-schwarzwald.de\/blog\/business\/dienste\/architekt\/architektur-null\/kartaus18bau-pan140109\/\" rel=\"attachment wp-att-43830\"><img loading=\"lazy\" decoding=\"async\" aria-describedby=\"caption-attachment-43830\" class=\"size-full wp-image-43830\" src=\"https:\/\/www.freiburg-schwarzwald.de\/blog\/wp-content\/uploads\/2012\/11\/kartaus18bau-pan140109.jpg\" alt=\"Blick nach Nordosten im Dreisamtal zu den neuen Personalh\u00e4usern an der Kartaus am 9.1.2014 - links auf der Gartenmauer die Regenfrau von Thomas Rees\" width=\"639\" height=\"232\" srcset=\"https:\/\/www.freiburg-schwarzwald.de\/blog\/wp-content\/uploads\/2012\/11\/kartaus18bau-pan140109.jpg 639w, https:\/\/www.freiburg-schwarzwald.de\/blog\/wp-content\/uploads\/2012\/11\/kartaus18bau-pan140109-180x65.jpg 180w\" sizes=\"auto, (max-width: 639px) 100vw, 639px\" \/><\/a><p id=\"caption-attachment-43830\" class=\"wp-caption-text\">Blick nach Nordosten im Dreisamtal zu den neuen Personalh\u00e4usern an der Kartaus am 9.1.2014 &#8211; links auf der Gartenmauer die Regenfrau von Thomas Rees<\/p><\/div>\n<ul>\n<li><a href=\"https:\/\/www.freiburg-schwarzwald.de\/blog\/verdraengung-wohnungsmarkt\/\">Verdr\u00e4ngung \u2013 Wohnungsmarkt<\/a>\u00a0(2.3.2023)<\/li>\n<li><a href=\"https:\/\/www.freiburg-schwarzwald.de\/blog\/business\/dienste\/immobilien\/wohnen\/wohnungsmangel\/\">Bev\u00f6lkerungszuwachs macht Wohnungsmarkt zum Spekulanten-Eldorado<\/a>\u00a0(17.9.2021)<\/li>\n<li>435 Euro f\u00fcr ein WG-Zimmer in Freiburg (10.8.2019)<\/li>\n<li>St\u00e4dtische Wohnungssucherdatei<strong>\u00a0<\/strong><\/li>\n<li><\/li>\n<li><a title=\"Miete\" href=\"https:\/\/www.freiburg-schwarzwald.de\/blog\/business\/dienste\/immobilien\/miete\/\">Miete<\/a><\/li>\n<li><a title=\"Migration-Wohnen\" href=\"https:\/\/www.freiburg-schwarzwald.de\/blog\/global\/migration\/migration-wohnen\/\">Migration-Wohnen<\/a><\/li>\n<li><a title=\"Waldquartiere\" href=\"https:\/\/www.freiburg-schwarzwald.de\/blog\/business\/dienste\/immobilien\/waldquartiere\/\">Waldquartiere<\/a><\/li>\n<li><a title=\"Wohnungsleerstand\" href=\"https:\/\/www.freiburg-schwarzwald.de\/blog\/business\/dienste\/immobilien\/wohnen\/wohnungsleerstand\/\">Wohnungsleerstand<\/a><\/li>\n<li><a href=\"https:\/\/www.freiburg-schwarzwald.de\/blog\/business\/dienste\/immobilien\/wohnen\/wohnungsmangel\/\">Wohnungsmangel<\/a><\/li>\n<\/ul>\n<p>&nbsp;<\/p>\n<div id=\"attachment_138554\" style=\"width: 650px\" class=\"wp-caption alignnone\"><a href=\"https:\/\/www.freiburg-schwarzwald.de\/blog\/wp-content\/uploads\/2025\/08\/Wohnungssuche-pan250805.jpg\"><img loading=\"lazy\" decoding=\"async\" aria-describedby=\"caption-attachment-138554\" class=\"size-full wp-image-138554\" src=\"https:\/\/www.freiburg-schwarzwald.de\/blog\/wp-content\/uploads\/2025\/08\/Wohnungssuche-pan250805.jpg\" alt=\"\" width=\"640\" height=\"395\" srcset=\"https:\/\/www.freiburg-schwarzwald.de\/blog\/wp-content\/uploads\/2025\/08\/Wohnungssuche-pan250805.jpg 640w, https:\/\/www.freiburg-schwarzwald.de\/blog\/wp-content\/uploads\/2025\/08\/Wohnungssuche-pan250805-180x111.jpg 180w\" sizes=\"auto, (max-width: 640px) 100vw, 640px\" \/><\/a><p id=\"caption-attachment-138554\" class=\"wp-caption-text\">Wohnungsgesuche in der Zeitung &#8211; vergeblich auch am 25.8.2025<\/p><\/div>\n<p><strong>435 Euro f\u00fcr ein WG-Zimmer in Freiburg<\/strong><br \/>\nFreiburg ist einer der angespanntesten studentischen Wohnungsm\u00e4rkte in Deutschland. Hier kostet ein WG-Zimmer durchschnittlich 435 Euro \u2013 37 Euro mehr als im Bundesdurchschnitt und 28 Euro mehr als noch vor einem Jahr. Das zeigt die aktuelle Studie des Moses Mendelssohn Instituts, das 98 Hochschul-Standorte untersuchte und als Datengrundlage die Webseite https:\/\/www.wg-gesucht.de nutzte. Am angespanntesten ist die Lage in Hamburg, M\u00fcnchen und Stuttgart; Freiburg liegt an siebter Stelle der Negativ-Tabelle.<br \/>\nKnapp 33 000 Studierende sind in Freiburg eingeschrieben. Gerade mal 16 Prozent von ihnen haben einen Wohnheimplatz \u2013 obwohl es in Freiburg \u00fcberdurchschnittlich viele gef\u00f6rderte und damit g\u00fcnstige Wohnheimpl\u00e4tze gibt. Sie reichen dennoch nicht aus. Die meisten Wohnheimpl\u00e4tze, n\u00e4mlich rund 4400, stellt das Studierendenwerk. &#8222;Im Dezember werden wir ein weiteres mit 91 Pl\u00e4tzen auf dem Gel\u00e4nde der Studentensiedlung am Seepark er\u00f6ffnen&#8220;, sagt Renate Heyberger, die stellvertretende Gesch\u00e4ftsf\u00fchrerin. Die Stusie wird bis Ende 2024 um rund 1200 weitere Pl\u00e4tze ausgebaut. Und: An der Bugginger Stra\u00dfe wird bis n\u00e4chstes Fr\u00fchjahr ein Wohnheim mit 112 Pl\u00e4tzen fertig. Dort wird erstmal die Evangelische Hochschule f\u00fcr zwei Jahre ihre Studierenden unterbringen.<br \/>\nWer ein Zimmer in einem der elf Wohnheime des Studierendenwerks ergattert, hat Gl\u00fcck: Sie sind relativ g\u00fcnstig. So zahlt man f\u00fcr ein Zimmer im \u00e4ltesten Wohnheim, dem Ulrich-Zasius-Haus im St\u00fchlinger, 225 Euro warm mit allen Nebenkosten. Im neuesten Wohnheim, dem Campus an der Technischen Fakult\u00e4t, kostet das Zimmer 313 Euro. Auch Apartments hat das Studierendenwerk zu vergeben; im Ulrich-Zasius-Haus zahlt man daf\u00fcr 376 Euro, im Campus 386.<br \/>\nGerechnet auf alle Wohnheime kostet ein Zimmer des Studierendenwerks durchschnittlich 295 Euro \u2013 ein deutlicher Unterschied zu den in der Mendelssohn-Studie ermittelten WG-Zimmern von 435 Euro. L\u00e4sst man sich vom Studierendenwerk ein Zimmer bei Privatleuten vermitteln, gibt es auch hier einen Preissprung: 370 Euro, aber ohne Nebenkosten, ist der Durchschnittspreis.<br \/>\n&#8230; Alles vom 10.8.2019 bitte lesen auf<br \/>\n<a href=\"https:\/\/www.badische-zeitung.de\/435-euro-fuer-ein-wg-zimmer--178065382.html\">https:\/\/www.badische-zeitung.de\/435-euro-fuer-ein-wg-zimmer&#8211;178065382.html<\/a><\/p>\n<p>&nbsp;<\/p>\n<p>&nbsp;<\/p>\n<p><strong>St\u00e4dtische Wohnungssucherdatei<\/strong><\/p>\n<p>&#8222;Hier k\u00f6nnen unter bestimmten Voraussetzungen (z.B. seit mindestens zwei Jahren wohnhaft in Freiburg und eine nicht selbst verursachte Wohnungsnot) dringende Wohnversorgungsf\u00e4lle vorgemerkt werden. Es handelt sich jeweils um Personen, die im Besitz eines Wohnberechtigungsscheins sind.\u00a0Die Versorgung erfolgt nach Verf\u00fcgbarkeit in st\u00e4dtischen Wohnungen und im Rahmen des Wohnungsbenennungsrechtes der Stadt Freiburg im Breisgau in Wohnungen von Bautr\u00e4gern und privaten Investoren.&#8220;<br \/>\nAmt f\u00fcr Wohnraumversorgung (AWV)<br \/>\nAuf der Zinnen 1, 79098 Freiburg<br \/>\n<a href=\"https:\/\/www.freiburg.de\/pb\/,Lde\/205348.html?amtsID=1445126 \">https:\/\/www.freiburg.de\/pb\/,Lde\/205348.html?amtsID=1445126<br \/>\n<\/a><a href=\"mailto:awv@stadt.freiburg.de\">awv@stadt.freiburg.de<br \/>\n<\/a>Tel 0761\/201-3222<\/p>\n<p>Die Wohnungssucherdatei der Stadt Freiburg (ehemals Notfallkartei genannt) wird vom AWV verwaltet.<br \/>\n&#8211; Eintragungen: 1613 wohnungssuchende Haushalte in 1994, nur 314 in 1999 und 1400 heute Februar 2014.<br \/>\n&#8211; Voraussetzungen: Wohnberechtigungsschein, mind 2 Jahre in Freiburg wohnhaft.<br \/>\n&#8211; Aufnahme in Datei nur f\u00fcr ein Jahr, danach neuen Antrag stellen.<br \/>\n&#8211; Wohnberechtigungsscheininhaber: Nur 34% mit eigenem Einkommen und 66% Transfereinkommen (Hartz IV)<br \/>\n&#8211; Geringe Fluktuation: Von 13300 st\u00e4dt. Wohnungen (davon 8000 Stadtbau) mit Belegungsrechten werden j\u00e4hrlich<br \/>\nnur ca 560 Wohnungen frei. Diese geringe Rate weist auf eine gro\u00dfe Wohnungsnot (und Fehlbelegungen?) hin.<\/p>\n","protected":false},"excerpt":{"rendered":"<p>Home &gt;Soziales\u00a0&gt;Dienste\u00a0&gt;Immobilien\u00a0&gt;Wohnen\u00a0&gt;Wohnungssuche Verdr\u00e4ngung \u2013 Wohnungsmarkt\u00a0(2.3.2023) Bev\u00f6lkerungszuwachs macht Wohnungsmarkt zum Spekulanten-Eldorado\u00a0(17.9.2021) 435 Euro f\u00fcr ein WG-Zimmer in Freiburg (10.8.2019) St\u00e4dtische Wohnungssucherdatei\u00a0 Miete Migration-Wohnen Waldquartiere Wohnungsleerstand Wohnungsmangel &nbsp; 435 Euro f\u00fcr ein WG-Zimmer in Freiburg Freiburg ist einer der angespanntesten studentischen Wohnungsm\u00e4rkte &hellip; <a href=\"https:\/\/www.freiburg-schwarzwald.de\/blog\/business\/dienste\/immobilien\/wohnen\/wohnungssuche\/\">Weiterlesen <span class=\"meta-nav\">&rarr;<\/span><\/a><\/p>\n","protected":false},"author":2,"featured_media":0,"parent":965,"menu_order":0,"comment_status":"open","ping_status":"closed","template":"","meta":{"footnotes":""},"class_list":["post-44930","page","type-page","status-publish","hentry"],"_links":{"self":[{"href":"https:\/\/www.freiburg-schwarzwald.de\/blog\/wp-json\/wp\/v2\/pages\/44930","targetHints":{"allow":["GET"]}}],"collection":[{"href":"https:\/\/www.freiburg-schwarzwald.de\/blog\/wp-json\/wp\/v2\/pages"}],"about":[{"href":"https:\/\/www.freiburg-schwarzwald.de\/blog\/wp-json\/wp\/v2\/types\/page"}],"author":[{"embeddable":true,"href":"https:\/\/www.freiburg-schwarzwald.de\/blog\/wp-json\/wp\/v2\/users\/2"}],"replies":[{"embeddable":true,"href":"https:\/\/www.freiburg-schwarzwald.de\/blog\/wp-json\/wp\/v2\/comments?post=44930"}],"version-history":[{"count":3,"href":"https:\/\/www.freiburg-schwarzwald.de\/blog\/wp-json\/wp\/v2\/pages\/44930\/revisions"}],"predecessor-version":[{"id":138557,"href":"https:\/\/www.freiburg-schwarzwald.de\/blog\/wp-json\/wp\/v2\/pages\/44930\/revisions\/138557"}],"up":[{"embeddable":true,"href":"https:\/\/www.freiburg-schwarzwald.de\/blog\/wp-json\/wp\/v2\/pages\/965"}],"wp:attachment":[{"href":"https:\/\/www.freiburg-schwarzwald.de\/blog\/wp-json\/wp\/v2\/media?parent=44930"}],"curies":[{"name":"wp","href":"https:\/\/api.w.org\/{rel}","templated":true}]}}