{"id":44643,"date":"2014-01-29T11:00:31","date_gmt":"2014-01-29T10:00:31","guid":{"rendered":"https:\/\/www.freiburg-schwarzwald.de\/blog\/?page_id=44643"},"modified":"2014-01-29T11:21:54","modified_gmt":"2014-01-29T10:21:54","slug":"buergerenergie","status":"publish","type":"page","link":"https:\/\/www.freiburg-schwarzwald.de\/blog\/energie\/energiepolitik\/buergerenergie\/","title":{"rendered":"Buergerenergie"},"content":{"rendered":"<p><a href=\"https:\/\/www.freiburg-schwarzwald.de\/blog\">Home<\/a>\u00a0&gt;<a title=\"Energie\" href=\"https:\/\/www.freiburg-schwarzwald.de\/blog\/energie\/\">Energie<\/a>\u00a0&gt;<a title=\"Energiepolitik\" href=\"https:\/\/www.freiburg-schwarzwald.de\/blog\/energie\/energiepolitik\/\">Energiepolitik<\/a>\u00a0&gt;Buergerenergie<\/p>\n<div id=\"attachment_44604\" style=\"width: 648px\" class=\"wp-caption alignnone\"><a href=\"https:\/\/www.freiburg-schwarzwald.de\/blog\/global\/israel\/israel2013\/bethlehem\/israel6masada-pan131031\/\" rel=\"attachment wp-att-44604\"><img loading=\"lazy\" decoding=\"async\" aria-describedby=\"caption-attachment-44604\" class=\" wp-image-44604 \" alt=\"Masada am Toten Meer Ende Oktober 2013\" src=\"https:\/\/www.freiburg-schwarzwald.de\/blog\/wp-content\/uploads\/2013\/11\/israel6masada-pan131031.jpg\" width=\"638\" height=\"205\" srcset=\"https:\/\/www.freiburg-schwarzwald.de\/blog\/wp-content\/uploads\/2013\/11\/israel6masada-pan131031.jpg 638w, https:\/\/www.freiburg-schwarzwald.de\/blog\/wp-content\/uploads\/2013\/11\/israel6masada-pan131031-180x57.jpg 180w\" sizes=\"auto, (max-width: 638px) 100vw, 638px\" \/><\/a><p id=\"caption-attachment-44604\" class=\"wp-caption-text\">Masada am Toten Meer Ende Oktober 2013 &#8211; hier gibts Sonnenenergie zuhauf zu ernten<\/p><\/div>\n<p>&nbsp;<\/p>\n<p>&nbsp;<\/p>\n<ul>\n<li>B\u00fcndnis B\u00fcrgerenergie gegr\u00fcndet (29.1.2014)<\/li>\n<li><a title=\"Buergerenergie-StPeter\" href=\"https:\/\/www.freiburg-schwarzwald.de\/blog\/regio\/orte\/stpeter\/buergerenergie-stpeter\/\">Buergerenergie-stpeter\u00a0<\/a><\/li>\n<li><a title=\"Buergerenergie-Dreisamtal\" href=\"https:\/\/www.freiburg-schwarzwald.de\/blog\/regio\/orte\/kirchzarten\/buergerenergie-dreisamtal\/\">Buergerenergie-Dreisamtal<\/a><\/li>\n<li><a title=\"EWS-Schoenau\" href=\"https:\/\/www.freiburg-schwarzwald.de\/blog\/energie\/strom\/ews-schoenau\/\">EWS-Schoenau<\/a><\/li>\n<\/ul>\n<p>&nbsp;<\/p>\n<p>&nbsp;<\/p>\n<p><strong>B\u00fcndnis B\u00fcrgerenergie gegr\u00fcndet<\/strong><\/p>\n<p>B\u00fcrgerenergie ist der Marktf\u00fchrer der Energiewende. Alleine im\u00a0Jahr 2012 haben B\u00fcrgerinnen und B\u00fcrger \u00fcber f\u00fcnf Milliarden Euro in Erneuerbare\u00a0Energien investiert. Fast jede zweite Kilowattstunde \u00d6kostrom stammt aus Anlagen, die\u00a0B\u00fcrgern geh\u00f6ren. Doch wenn in Berlin \u00fcber die Zukunft der Energiewende entschieden\u00a0wird, haben die Interessen der B\u00fcrgerenergie bisher keine Stimme. Dies soll sich nun\u00a0\u00e4ndern. Elf Organisationen haben heute in Berlin das B\u00fcndnis B\u00fcrgerenergie gegr\u00fcndet.\u00a0\u201eUnser Ziel ist es, der B\u00fcrgerenergie im politischen Berlin eine kraftvolle Stimme zu verleihen\u201c,\u00a0sagt Ursula Sladek, eine der Initiatorinnen des B\u00fcndnisses sowie aktuelle Tr\u00e4gerin\u00a0des Deutschen Umweltpreises. \u201eDie von der gro\u00dfen Koalition vorgeschlagenen Reformpl\u00e4ne\u00a0sind ein Schlag in das Gesicht der Millionen B\u00fcrger, die sich f\u00fcr eine dezentrale\u00a0B\u00fcrgerenergiewende einsetzen. Ein Schlag ins Gesicht der Millionen Menschen, die sich\u00a0f\u00fcr aktiven Klimaschutz vor Ort, die Aufwertung ihrer Region, Generationengerechtigkeit,\u00a0politische Teilhabe und langfristige Stabilit\u00e4t der Energiepreise engagieren.\u201c\u00a0Das neue B\u00fcndnis versteht sich als Kompetenzzentrum f\u00fcr alle Fragen der B\u00fcrgerenergie.\u00a0\u201eDie Bundesregierung hat noch nicht erkannt, dass vor allem die B\u00fcrgerinnen und B\u00fcrger\u00a0vor Ort mehr Nachhaltigkeit in die Energieversorgung bringen. Ohne sie w\u00e4re die Energiewende\u00a0noch weit von den politisch erkl\u00e4rten Zielen entfernt\u201c, erkl\u00e4rt Dietmar Freiherr\u00a0von Blittersdorff, Aufsichtsrat des B\u00fcndnisses und Vertreter von \u201eEnergiewende Jetzt\u201c,\u00a0einem Netzwerk f\u00fcr B\u00fcrgerenergiegenossenschaften. \u201eDieses Engagement gilt es zu erhalten\u00a0und zu f\u00f6rdern, auch weil wir damit ein Vorbild f\u00fcr viele andere L\u00e4nder sind.\u201c\u00a0\u201eDie Energiewende von unten ist akut gef\u00e4hrdet durch das geplante neue Erneuerbare\u00a0Energien-Gesetz (EEG) des Bundesenergieministers\u201c, sagt Hermann Falk, Gesch\u00e4ftsf\u00fchrer\u00a0des Bundesverbandes f\u00fcr Erneuerbare Energie und ebenfalls im Vorstand des B\u00fcndnisses<br \/>\nf\u00fcr B\u00fcrgerenergie. \u201eBisher wurde bei der Energiewende die Akteursvielfalt gro\u00dfgeschrieben.\u00a0Mit der Einf\u00fchrung von verpflichtender Direktvermarktung sowie Ausschreibungen\u00a0f\u00fcr Erneuerbare Energien macht die Bundesregierung eine Energiepolitik, die nur die\u00a0Interessen der gro\u00dfen Marktakteure bedient. Das bremst die Energiewende radikal aus\u00a0und gef\u00e4hrdet auch deren Akzeptanz. Denn die Erneuerbaren Energien sind in der Bev\u00f6lkerung\u00a0bislang popul\u00e4r, weil sie politische und wirtschaftliche Teilhabe erm\u00f6glichen.\u201c\u00a0Vor diesem Hintergrund richtet das B\u00fcndnis B\u00fcrgerenergie einen klaren Appell an die\u00a0Bundesregierung: \u201eOhne B\u00fcrgerenergie keine Energiewende. B\u00fcrgerbeteiligung darf nicht\u00a0zu einer Frage von Ausnahmeregelungen und Bagatellgrenzen verkommen. B\u00fcrgerenergie\u00a0muss im Zentrum der Politik stehen\u201c, betont Ursula Sladek. \u201eDeshalb fordern wir von der<br \/>\nPolitik auch zuk\u00fcnftig das Engagement der B\u00fcrgerenergiegenossenschaften, B\u00fcrgerwindparks,<br \/>\nSolarf\u00f6rdervereine, der Landwirte sowie der Einzeleigent\u00fcmer mit ihren Hausd\u00e4chern\u00a0zu f\u00f6rdern.\u201c<br \/>\n\u201eBei der Energiewende geht es nicht nur darum, die Produktion von Strom und W\u00e4rme\u00a0auf Erneuerbare Energien umzustellen. Vielmehr ver\u00e4ndert die Energiewende die Energiewirtschaft\u00a0\u2013 weg von zentralistischen hin zu dezentralen Strukturen\u201c, so Sladek weiter.\u00a0\u201eVor Ort agierende Akteure wie Genossenschaften, Kommunen und B\u00fcrgerinitiativen sind\u00a0die Tr\u00e4ger dieser innovativen Bewegung. Sie dabei zu st\u00e4rken und ihnen eine Stimme zu<br \/>\nverleihen, ist zentrale Aufgabe des B\u00fcndnisses B\u00fcrgerenergie. Die Zukunft der Energie\u00a0geh\u00f6rt in B\u00fcrgerhand.\u201c<br \/>\nDas B\u00fcndnis B\u00fcrgerenergie versteht sich als Kompetenzzentrum, das die gemeinsamen\u00a0Interessen der B\u00fcrgerenergie b\u00fcndelt und fokussiert. Es setzt sich ein f\u00fcr die politische\u00a0Interessensvertretung, die Schaffung einer \u201eKultur der B\u00fcrgerenergie\u201c in der politischen\u00a0\u00d6ffentlichkeit und die F\u00f6rderung einer B\u00fcrgerenergie-Gemeinschaft durch bessere Vernetzung.\u00a0Initiatoren und Gr\u00fcndungsmitglieder des B\u00fcndnisses sind Netzkauf EWS eG,<br \/>\nStiftung Neue Energie, GLS Bank Stiftung, 100 prozent erneuerbar stiftung, Haleakala-Stiftung, B\u00fcrgerEnergie Th\u00fcringen e.V., Landesnetzwerk B\u00fcrgerenergiegenossenschaften\u00a0Rheinland-Pfalz, Netzwerk Energiewende Jetzt, Naturstrom AG, Bundesverband Erneuerbare\u00a0Energie e.V. (BEE) und Agentur f\u00fcr Erneuerbare Energien.<br \/>\nInterviewpartner zum Thema B\u00fcrgerenergie aus Ihrer Region vermitteln wir Ihnen gerne.<br \/>\n29.1.2014<\/p>\n<p>B\u00fcndnis B\u00fcrgerenergie e.V. (in Gr\u00fcndung)<br \/>\nFabian Zuber,\u00a0Tel: +49 (0)30 814 526 4444<br \/>\nfabian.zuber@buendnis-buergerenergie.de<br \/>\n<a href=\"https:\/\/www.buendnis-buergerenergie.de\">www.buendnis-buergerenergie.de<\/a><\/p>\n","protected":false},"excerpt":{"rendered":"<p>Home\u00a0&gt;Energie\u00a0&gt;Energiepolitik\u00a0&gt;Buergerenergie &nbsp; &nbsp; B\u00fcndnis B\u00fcrgerenergie gegr\u00fcndet (29.1.2014) Buergerenergie-stpeter\u00a0 Buergerenergie-Dreisamtal EWS-Schoenau &nbsp; &nbsp; B\u00fcndnis B\u00fcrgerenergie gegr\u00fcndet B\u00fcrgerenergie ist der Marktf\u00fchrer der Energiewende. Alleine im\u00a0Jahr 2012 haben B\u00fcrgerinnen und B\u00fcrger \u00fcber f\u00fcnf Milliarden Euro in Erneuerbare\u00a0Energien investiert. Fast jede zweite Kilowattstunde \u00d6kostrom &hellip; <a href=\"https:\/\/www.freiburg-schwarzwald.de\/blog\/energie\/energiepolitik\/buergerenergie\/\">Weiterlesen <span class=\"meta-nav\">&rarr;<\/span><\/a><\/p>\n","protected":false},"author":2,"featured_media":0,"parent":1495,"menu_order":0,"comment_status":"open","ping_status":"closed","template":"","meta":{"footnotes":""},"class_list":["post-44643","page","type-page","status-publish","hentry"],"_links":{"self":[{"href":"https:\/\/www.freiburg-schwarzwald.de\/blog\/wp-json\/wp\/v2\/pages\/44643","targetHints":{"allow":["GET"]}}],"collection":[{"href":"https:\/\/www.freiburg-schwarzwald.de\/blog\/wp-json\/wp\/v2\/pages"}],"about":[{"href":"https:\/\/www.freiburg-schwarzwald.de\/blog\/wp-json\/wp\/v2\/types\/page"}],"author":[{"embeddable":true,"href":"https:\/\/www.freiburg-schwarzwald.de\/blog\/wp-json\/wp\/v2\/users\/2"}],"replies":[{"embeddable":true,"href":"https:\/\/www.freiburg-schwarzwald.de\/blog\/wp-json\/wp\/v2\/comments?post=44643"}],"version-history":[{"count":0,"href":"https:\/\/www.freiburg-schwarzwald.de\/blog\/wp-json\/wp\/v2\/pages\/44643\/revisions"}],"up":[{"embeddable":true,"href":"https:\/\/www.freiburg-schwarzwald.de\/blog\/wp-json\/wp\/v2\/pages\/1495"}],"wp:attachment":[{"href":"https:\/\/www.freiburg-schwarzwald.de\/blog\/wp-json\/wp\/v2\/media?parent=44643"}],"curies":[{"name":"wp","href":"https:\/\/api.w.org\/{rel}","templated":true}]}}