{"id":44464,"date":"2014-01-24T16:50:58","date_gmt":"2014-01-24T15:50:58","guid":{"rendered":"https:\/\/www.freiburg-schwarzwald.de\/blog\/?page_id=44464"},"modified":"2014-02-11T13:20:37","modified_gmt":"2014-02-11T12:20:37","slug":"strudels-scheunenlaedele","status":"publish","type":"page","link":"https:\/\/www.freiburg-schwarzwald.de\/blog\/business\/handel\/hofladen\/strudels-scheunenlaedele\/","title":{"rendered":"Strudels-Scheunenlaedele"},"content":{"rendered":"<p><a href=\"https:\/\/www.freiburg-schwarzwald.de\/blog\">Home<\/a>\u00a0&gt;<a title=\"Business\" href=\"https:\/\/www.freiburg-schwarzwald.de\/blog\/business\/\">Business<\/a>\u00a0&gt;<a title=\"Handel\" href=\"https:\/\/www.freiburg-schwarzwald.de\/blog\/business\/handel\/\">Handel<\/a> &gt;<a title=\"Hofladen\" href=\"https:\/\/www.freiburg-schwarzwald.de\/blog\/business\/handel\/hofladen\/\">Hofladen<\/a> &gt;Strudels-Scheunenlaedele<\/p>\n<div id=\"attachment_43797\" style=\"width: 649px\" class=\"wp-caption alignnone\"><a href=\"https:\/\/www.freiburg-schwarzwald.de\/blog\/regio\/orte\/eschbach\/stegen-eschbach-pan140109\/\" rel=\"attachment wp-att-43797\"><img loading=\"lazy\" decoding=\"async\" aria-describedby=\"caption-attachment-43797\" class=\"size-full wp-image-43797\" alt=\"Blick \u00fcber Stegen nach Norden ins Eschbachtal am 9.1.2014 bei 15 Grad plus\" src=\"https:\/\/www.freiburg-schwarzwald.de\/blog\/wp-content\/uploads\/2012\/07\/stegen-eschbach-pan140109.jpg\" width=\"639\" height=\"228\" srcset=\"https:\/\/www.freiburg-schwarzwald.de\/blog\/wp-content\/uploads\/2012\/07\/stegen-eschbach-pan140109.jpg 639w, https:\/\/www.freiburg-schwarzwald.de\/blog\/wp-content\/uploads\/2012\/07\/stegen-eschbach-pan140109-180x64.jpg 180w\" sizes=\"auto, (max-width: 639px) 100vw, 639px\" \/><\/a><p id=\"caption-attachment-43797\" class=\"wp-caption-text\">Blick \u00fcber Stegen nach Norden ins Eschbachtal am 9.1.2014 bei 15 Grad plus<\/p><\/div>\n<p>&nbsp;<\/p>\n<ul>\n<li>Scheunenl\u00e4dele-Angebot im Winter (23.1.2014)<\/li>\n<li><a href=\"https:\/\/www.freiburg-schwarzwald.de\/littenweiler\/zarten1.htm#Strudel Scheunenl\u00e4dele: 200 Euro f\u00fcr Kleinkindgruppe des Kindergartens\">Strudel Scheunenl\u00e4dele: 200 Euro f\u00fcr Kleinkindgruppe des Kindergartens<\/a>\u00a0&gt;Zarten1 (23.12.2010)<\/li>\n<li><a href=\"https:\/\/www.freiburg-schwarzwald.de\/zarten5.htm\">www.freiburg-schwarzwald.de\/zarten5.htm<\/a> &gt;Archivseite<\/li>\n<li>Strudels Scheunenlaedele in Kirchzarten-Zarten<\/li>\n<\/ul>\n<p>&nbsp;<\/p>\n<p><strong>Scheunenl\u00e4dele-Angebot im Winter<\/strong><\/p>\n<p>&nbsp;<\/p>\n<p><a href=\"https:\/\/www.freiburg-schwarzwald.de\/blog\/business\/handel\/hofladen\/strudels-scheunenlaedele\/strudel2zarten140123\/\" rel=\"attachment wp-att-44499\"><img loading=\"lazy\" decoding=\"async\" class=\"alignnone size-thumbnail wp-image-44499\" alt=\"strudel2zarten140123\" src=\"https:\/\/www.freiburg-schwarzwald.de\/blog\/wp-content\/uploads\/2014\/01\/strudel2zarten140123-180x135.jpg\" width=\"180\" height=\"135\" srcset=\"https:\/\/www.freiburg-schwarzwald.de\/blog\/wp-content\/uploads\/2014\/01\/strudel2zarten140123-180x135.jpg 180w, https:\/\/www.freiburg-schwarzwald.de\/blog\/wp-content\/uploads\/2014\/01\/strudel2zarten140123.jpg 640w\" sizes=\"auto, (max-width: 180px) 100vw, 180px\" \/><\/a>\u00a0 \u00a0 \u00a0 \u00a0 \u00a0\u00a0<a href=\"https:\/\/www.freiburg-schwarzwald.de\/blog\/business\/handel\/hofladen\/strudels-scheunenlaedele\/strudel3zarten140123\/\" rel=\"attachment wp-att-44500\"><img loading=\"lazy\" decoding=\"async\" class=\"alignnone size-thumbnail wp-image-44500\" alt=\"strudel3zarten140123\" src=\"https:\/\/www.freiburg-schwarzwald.de\/blog\/wp-content\/uploads\/2014\/01\/strudel3zarten140123-135x180.jpg\" width=\"135\" height=\"180\" srcset=\"https:\/\/www.freiburg-schwarzwald.de\/blog\/wp-content\/uploads\/2014\/01\/strudel3zarten140123-135x180.jpg 135w, https:\/\/www.freiburg-schwarzwald.de\/blog\/wp-content\/uploads\/2014\/01\/strudel3zarten140123.jpg 480w\" sizes=\"auto, (max-width: 135px) 100vw, 135px\" \/><\/a>\u00a0 \u00a0 \u00a0 \u00a0 \u00a0 \u00a0 \u00a0 \u00a0 \u00a0 \u00a0 \u00a0\u00a0<a href=\"https:\/\/www.freiburg-schwarzwald.de\/blog\/business\/handel\/hofladen\/strudels-scheunenlaedele\/strudel4zarten140123\/\" rel=\"attachment wp-att-44501\"><img loading=\"lazy\" decoding=\"async\" class=\"alignnone size-thumbnail wp-image-44501\" alt=\"strudel4zarten140123\" src=\"https:\/\/www.freiburg-schwarzwald.de\/blog\/wp-content\/uploads\/2014\/01\/strudel4zarten140123-135x180.jpg\" width=\"135\" height=\"180\" srcset=\"https:\/\/www.freiburg-schwarzwald.de\/blog\/wp-content\/uploads\/2014\/01\/strudel4zarten140123-135x180.jpg 135w, https:\/\/www.freiburg-schwarzwald.de\/blog\/wp-content\/uploads\/2014\/01\/strudel4zarten140123.jpg 480w\" sizes=\"auto, (max-width: 135px) 100vw, 135px\" \/><\/a><br \/>\n(1) Wintergem\u00fcse 23.1.2014 \u00a0 \u00a0 \u00a0 \u00a0 \u00a0 \u00a0 \u00a0 \u00a0 \u00a0(2) Brennerei \u00a0 \u00a0 \u00a0 \u00a0 \u00a0 \u00a0 \u00a0 \u00a0 \u00a0 \u00a0 \u00a0 \u00a0 \u00a0 \u00a0 \u00a0 \u00a0 \u00a0 \u00a0 \u00a0 \u00a0 \u00a0 (3) Kohl und mehr &#8230;.<\/p>\n<p><a href=\"https:\/\/www.freiburg-schwarzwald.de\/blog\/business\/handel\/hofladen\/strudels-scheunenlaedele\/strudel5zarten140123\/\" rel=\"attachment wp-att-44502\"><img loading=\"lazy\" decoding=\"async\" class=\"alignnone size-thumbnail wp-image-44502\" alt=\"strudel5zarten140123\" src=\"https:\/\/www.freiburg-schwarzwald.de\/blog\/wp-content\/uploads\/2014\/01\/strudel5zarten140123-180x135.jpg\" width=\"180\" height=\"135\" srcset=\"https:\/\/www.freiburg-schwarzwald.de\/blog\/wp-content\/uploads\/2014\/01\/strudel5zarten140123-180x135.jpg 180w, https:\/\/www.freiburg-schwarzwald.de\/blog\/wp-content\/uploads\/2014\/01\/strudel5zarten140123.jpg 640w\" sizes=\"auto, (max-width: 180px) 100vw, 180px\" \/><\/a>\u00a0 \u00a0 \u00a0 \u00a0 \u00a0\u00a0<a href=\"https:\/\/www.freiburg-schwarzwald.de\/blog\/business\/handel\/hofladen\/strudels-scheunenlaedele\/strudel6zarten140123\/\" rel=\"attachment wp-att-44503\"><img loading=\"lazy\" decoding=\"async\" class=\"alignnone size-thumbnail wp-image-44503\" alt=\"strudel6zarten140123\" src=\"https:\/\/www.freiburg-schwarzwald.de\/blog\/wp-content\/uploads\/2014\/01\/strudel6zarten140123-180x135.jpg\" width=\"180\" height=\"135\" srcset=\"https:\/\/www.freiburg-schwarzwald.de\/blog\/wp-content\/uploads\/2014\/01\/strudel6zarten140123-180x135.jpg 180w, https:\/\/www.freiburg-schwarzwald.de\/blog\/wp-content\/uploads\/2014\/01\/strudel6zarten140123.jpg 640w\" sizes=\"auto, (max-width: 180px) 100vw, 180px\" \/><\/a>\u00a0 \u00a0 \u00a0 \u00a0 \u00a0\u00a0<a href=\"https:\/\/www.freiburg-schwarzwald.de\/blog\/business\/handel\/hofladen\/strudels-scheunenlaedele\/strudel7zarten140123\/\" rel=\"attachment wp-att-44504\"><img loading=\"lazy\" decoding=\"async\" class=\"alignnone size-thumbnail wp-image-44504\" alt=\"strudel7zarten140123\" src=\"https:\/\/www.freiburg-schwarzwald.de\/blog\/wp-content\/uploads\/2014\/01\/strudel7zarten140123-180x135.jpg\" width=\"180\" height=\"135\" srcset=\"https:\/\/www.freiburg-schwarzwald.de\/blog\/wp-content\/uploads\/2014\/01\/strudel7zarten140123-180x135.jpg 180w, https:\/\/www.freiburg-schwarzwald.de\/blog\/wp-content\/uploads\/2014\/01\/strudel7zarten140123.jpg 640w\" sizes=\"auto, (max-width: 180px) 100vw, 180px\" \/><\/a><br \/>\n(4) Wein und Spirituosen \u00a0 \u00a0 \u00a0 \u00a0 \u00a0 \u00a0 \u00a0 \u00a0 \u00a0 \u00a0 \u00a0 \u00a0(5) Scheinenl\u00e4dele am 23.1.2014 \u00a0 \u00a0 \u00a0 \u00a0 \u00a0(4) Selbstgebranntes &#8230;..<\/p>\n<p><a href=\"https:\/\/www.freiburg-schwarzwald.de\/blog\/business\/handel\/hofladen\/strudels-scheunenlaedele\/strudel-zarten140123\/\" rel=\"attachment wp-att-44505\"><img loading=\"lazy\" decoding=\"async\" class=\"alignnone size-thumbnail wp-image-44505\" alt=\"strudel-zarten140123\" src=\"https:\/\/www.freiburg-schwarzwald.de\/blog\/wp-content\/uploads\/2014\/01\/strudel-zarten140123-135x180.jpg\" width=\"135\" height=\"180\" srcset=\"https:\/\/www.freiburg-schwarzwald.de\/blog\/wp-content\/uploads\/2014\/01\/strudel-zarten140123-135x180.jpg 135w, https:\/\/www.freiburg-schwarzwald.de\/blog\/wp-content\/uploads\/2014\/01\/strudel-zarten140123.jpg 480w\" sizes=\"auto, (max-width: 135px) 100vw, 135px\" \/>\u00a0<\/a> \u00a0 \u00a0 \u00a0 \u00a0 \u00a0 \u00a0 \u00a0 \u00a0 \u00a0 \u00a0 \u00a0 \u00a0<a href=\"https:\/\/www.freiburg-schwarzwald.de\/blog\/business\/handel\/hofladen\/strudels-scheunenlaedele\/strudel2-070921\/\" rel=\"attachment wp-att-44508\"><img loading=\"lazy\" decoding=\"async\" class=\"alignnone size-thumbnail wp-image-44508\" alt=\"strudel2-070921\" src=\"https:\/\/www.freiburg-schwarzwald.de\/blog\/wp-content\/uploads\/2014\/01\/strudel2-070921-180x135.jpg\" width=\"180\" height=\"135\" srcset=\"https:\/\/www.freiburg-schwarzwald.de\/blog\/wp-content\/uploads\/2014\/01\/strudel2-070921-180x135.jpg 180w, https:\/\/www.freiburg-schwarzwald.de\/blog\/wp-content\/uploads\/2014\/01\/strudel2-070921.jpg 640w\" sizes=\"auto, (max-width: 180px) 100vw, 180px\" \/><\/a><a href=\"https:\/\/www.freiburg-schwarzwald.de\/blog\/business\/handel\/hofladen\/strudels-scheunenlaedele\/strudel-zarten140123\/\" rel=\"attachment wp-att-44505\"><br \/>\n<\/a>(7) Frau Strudel in der Mitte 23.1.2014 \u00a0(8) Am Scheunenl\u00e4dele 21.9.2007<\/p>\n<p>&nbsp;<\/p>\n<p align=\"left\"><strong>Strudels Scheunenlaedele in Kirchzarten-Zarten<\/strong><\/p>\n<p align=\"left\">Strudel\u2019s Scheunenl\u00e4dele<br \/>\nInhaberin Annette Naujokat<br \/>\nBundesstra\u00dfe 9, Philippenscheune,<br \/>\n79199 Zarten,\u00a0Telefon\/Fax 07661 909395,\u00a0Mail info@strudels-scheunenlaedele.de<br \/>\n<a href=\"https:\/\/www.strudels-scheunenlaedele.de\">www.strudels-scheunenlaedele.de<\/a><\/p>\n<p><span style=\"font-family: Arial; font-size: small;\">\u00a0<\/span><\/p>\n<div id=\"attachment_44506\" style=\"width: 648px\" class=\"wp-caption alignnone\"><a href=\"https:\/\/www.freiburg-schwarzwald.de\/blog\/business\/handel\/hofladen\/strudels-scheunenlaedele\/strudel1zarten-pan140123\/\" rel=\"attachment wp-att-44506\"><img loading=\"lazy\" decoding=\"async\" aria-describedby=\"caption-attachment-44506\" class=\"size-full wp-image-44506\" alt=\"Wintergem\u00fcse in Strudels Hofl\u00e4dele in Zarten bei Kirchzarten im Dreisamtal am 23.1.2014\" src=\"https:\/\/www.freiburg-schwarzwald.de\/blog\/wp-content\/uploads\/2014\/01\/strudel1zarten-pan140123.jpg\" width=\"638\" height=\"271\" srcset=\"https:\/\/www.freiburg-schwarzwald.de\/blog\/wp-content\/uploads\/2014\/01\/strudel1zarten-pan140123.jpg 638w, https:\/\/www.freiburg-schwarzwald.de\/blog\/wp-content\/uploads\/2014\/01\/strudel1zarten-pan140123-180x76.jpg 180w\" sizes=\"auto, (max-width: 638px) 100vw, 638px\" \/><\/a><p id=\"caption-attachment-44506\" class=\"wp-caption-text\">Wintergem\u00fcse in Strudels Hofl\u00e4dele in Zarten bei Kirchzarten im Dreisamtal am 23.1.2014<\/p><\/div>\n<p align=\"left\">\n<p><strong>Vom Stand zum Wagen zum Laden \u2013 zum Scheunenl\u00e4dele<\/strong><br \/>\n1998 zog es die Familie Strudel aus Sasbach am Kaiserstuhl \u2013 dort t\u00e4tig im Obstbau \u2013 in den\u00a0Schwarzwald, um im Stra\u00dfenverkauf ihre Produkte anzubieten.\u00a02002 bot sich der Bereich vor der Zartener Philipper-Scheune an der Bundesstra\u00dfe als\u00a0Standplatz f\u00fcr einen Verkaufswagen an.\u00a02007 \u00fcbernahm Annette Strudel einen Teil dieser Scheune und baute ihn zum Laden aus.\u00a02012 erfolgte der Ausbau zum heutigen Scheunenl\u00e4dele.<br \/>\nVon Anfang an wurden eigene Produkte jahreszeitgem\u00e4\u00df verkauft und das ist auch das\u00a0Markenzeichen geblieben: \u00c4pfel, Birnen, Beeren, Steinobst, Gem\u00fcse und Salate aller Art,\u00a0Marmeladen\/Gelees, Destillate aus der hauseigenen Brennerei, selbstgebackene Kuchen\u00a0und Torten.<br \/>\nHinzu gekommen sind Produkte von Direkterzeugern aus dem Schwarzwald und der Region:\u00a0Backwaren, Eier, Wurst, Fleisch, K\u00e4se, Milchprodukte, Honig, S\u00e4fte, Eingemachtes, Wein\u00a0vom Kaiserstuhl, Kartoffeln aus Forchheim, im Fr\u00fchjahr Spargel, im Sommer Eis, Kaffee uf\u00a0de W\u00e4g und neuerdings exquisite Gerichte im Glas f\u00fcr 1-2 Personen.\u00a0Allergr\u00f6\u00dften Wert legt Annette Strudel auf unverf\u00e4lschte Produkte mit Inhaltsstoffen aus der\u00a0Region.<br \/>\nEin weiterer Glanzpunkt sind die jahreszeitlichen Dekorationen mit Geschenken aller Art.\u00a0Unser Motto: Wir sind von hier und das zeigen wir auch!<br \/>\n11.2.2014,\u00a0Christine Muhs<br \/>\nc.muhs@strudels-scheunenlaedele.de<\/p>\n","protected":false},"excerpt":{"rendered":"<p>Home\u00a0&gt;Business\u00a0&gt;Handel &gt;Hofladen &gt;Strudels-Scheunenlaedele &nbsp; Scheunenl\u00e4dele-Angebot im Winter (23.1.2014) Strudel Scheunenl\u00e4dele: 200 Euro f\u00fcr Kleinkindgruppe des Kindergartens\u00a0&gt;Zarten1 (23.12.2010) www.freiburg-schwarzwald.de\/zarten5.htm &gt;Archivseite Strudels Scheunenlaedele in Kirchzarten-Zarten &nbsp; Scheunenl\u00e4dele-Angebot im Winter &nbsp; \u00a0 \u00a0 \u00a0 \u00a0 \u00a0\u00a0\u00a0 \u00a0 \u00a0 \u00a0 \u00a0 \u00a0 \u00a0 \u00a0 &hellip; <a href=\"https:\/\/www.freiburg-schwarzwald.de\/blog\/business\/handel\/hofladen\/strudels-scheunenlaedele\/\">Weiterlesen <span class=\"meta-nav\">&rarr;<\/span><\/a><\/p>\n","protected":false},"author":2,"featured_media":0,"parent":44467,"menu_order":0,"comment_status":"open","ping_status":"closed","template":"","meta":{"footnotes":""},"class_list":["post-44464","page","type-page","status-publish","hentry"],"_links":{"self":[{"href":"https:\/\/www.freiburg-schwarzwald.de\/blog\/wp-json\/wp\/v2\/pages\/44464","targetHints":{"allow":["GET"]}}],"collection":[{"href":"https:\/\/www.freiburg-schwarzwald.de\/blog\/wp-json\/wp\/v2\/pages"}],"about":[{"href":"https:\/\/www.freiburg-schwarzwald.de\/blog\/wp-json\/wp\/v2\/types\/page"}],"author":[{"embeddable":true,"href":"https:\/\/www.freiburg-schwarzwald.de\/blog\/wp-json\/wp\/v2\/users\/2"}],"replies":[{"embeddable":true,"href":"https:\/\/www.freiburg-schwarzwald.de\/blog\/wp-json\/wp\/v2\/comments?post=44464"}],"version-history":[{"count":0,"href":"https:\/\/www.freiburg-schwarzwald.de\/blog\/wp-json\/wp\/v2\/pages\/44464\/revisions"}],"up":[{"embeddable":true,"href":"https:\/\/www.freiburg-schwarzwald.de\/blog\/wp-json\/wp\/v2\/pages\/44467"}],"wp:attachment":[{"href":"https:\/\/www.freiburg-schwarzwald.de\/blog\/wp-json\/wp\/v2\/media?parent=44464"}],"curies":[{"name":"wp","href":"https:\/\/api.w.org\/{rel}","templated":true}]}}