{"id":44445,"date":"2014-01-24T15:30:00","date_gmt":"2014-01-24T14:30:00","guid":{"rendered":"https:\/\/www.freiburg-schwarzwald.de\/blog\/?page_id=44445"},"modified":"2025-05-21T16:04:35","modified_gmt":"2025-05-21T14:04:35","slug":"petitionen","status":"publish","type":"page","link":"https:\/\/www.freiburg-schwarzwald.de\/blog\/kultur\/internet\/petitionen\/","title":{"rendered":"Petitionen"},"content":{"rendered":"<p><a href=\"https:\/\/www.freiburg-schwarzwald.de\/blog\">Home<\/a> &gt;<a title=\"Kultur\" href=\"https:\/\/www.freiburg-schwarzwald.de\/blog\/kultur\/\">Kultur<\/a>\u00a0&gt;<a title=\"Medien\" href=\"https:\/\/www.freiburg-schwarzwald.de\/blog\/kultur\/medien\/\">Medien<\/a>\u00a0&gt;<a title=\"Internet\" href=\"https:\/\/www.freiburg-schwarzwald.de\/blog\/kultur\/internet\/\">Internet<\/a>\u00a0&gt;Petitionen<\/p>\n<div id=\"attachment_41463\" style=\"width: 650px\" class=\"wp-caption alignnone\"><a href=\"https:\/\/www.freiburg-schwarzwald.de\/blog\/regio\/berge\/schauinsland\/schnee8schauinsland-pan131128\/\" rel=\"attachment wp-att-41463\"><img loading=\"lazy\" decoding=\"async\" aria-describedby=\"caption-attachment-41463\" class=\"size-full wp-image-41463\" src=\"https:\/\/www.freiburg-schwarzwald.de\/blog\/wp-content\/uploads\/2012\/10\/schnee8schauinsland-pan131128.jpg\" alt=\"Blick nach Norden vom H\u00f6henweg zum Schauinslandturm am 28.11.2013 - erster Schnee\" width=\"640\" height=\"253\" srcset=\"https:\/\/www.freiburg-schwarzwald.de\/blog\/wp-content\/uploads\/2012\/10\/schnee8schauinsland-pan131128.jpg 640w, https:\/\/www.freiburg-schwarzwald.de\/blog\/wp-content\/uploads\/2012\/10\/schnee8schauinsland-pan131128-180x71.jpg 180w\" sizes=\"auto, (max-width: 640px) 100vw, 640px\" \/><\/a><p id=\"caption-attachment-41463\" class=\"wp-caption-text\">Blick nach Norden vom H\u00f6henweg zum Schauinslandturm am 28.11.2013 &#8211; erster Schnee<\/p><\/div>\n<ul>\n<li><em>Listenauswahl eines Beitrags (Artikel\/Datum, Seite\/Inhalt):\u00a0<span style=\"text-decoration: underline;\">Klicken<\/span>\u00a0oder scrollen<\/em><\/li>\n<li><a href=\"https:\/\/www.freiburg-schwarzwald.de\/blog\/vereine\/partei\/afd\/afd-verbot\/\">Petition: NEIN zum AfD-Verbot! JA zur Demokratie!<\/a> (20.5.2025)<\/li>\n<li><a href=\"https:\/\/www.freiburg-schwarzwald.de\/blog\/engagement\/zukunft\/demokratie\/parlament\/erklaerung2018\/\">Sechs Jahre \u201cGemeinsame Erkl\u00e4rung 2018\u201d<\/a>\u00a0(14.10.2024)<\/li>\n<li><a href=\"https:\/\/www.freiburg-schwarzwald.de\/blog\/global\/entwicklungshilfe\/\">Petition: Entwicklungshilfe an R\u00fccknahme abgelehnter Asylbewerber kn\u00fcpfen<\/a> (14.11.2023)<\/li>\n<li><a href=\"https:\/\/www.freiburg-schwarzwald.de\/blog\/850-000-manifest-fuer-frieden\/\">850.000: Manifest f\u00fcr Frieden<\/a>\u00a0(4.8.2023)<\/li>\n<li><a href=\"https:\/\/www.freiburg-schwarzwald.de\/blog\/balkonsolaranlage-petition\/\">Balkonsolaranlage \u2013 Petition<\/a>\u00a0(12.4.2023)<\/li>\n<li><a href=\"https:\/\/www.freiburg-schwarzwald.de\/blog\/atomausstieg-aufheben-petition\/\">Atomausstieg aufheben: Petition<\/a>\u00a0(15.9.2022)<\/li>\n<li><a href=\"https:\/\/www.freiburg-schwarzwald.de\/blog\/quarantaene-fuer-kinder-petition\/\">Quarant\u00e4ne f\u00fcr Kinder: Petition<\/a>\u00a0(1.8.2021)<\/li>\n<li><a title=\"Great Barrington Declaration\" href=\"https:\/\/www.freiburg-schwarzwald.de\/blog\/great-barrington-declaration\/\">Great Barrington Declaration<\/a>\u00a0(13.10.2020)<\/li>\n<li><a title=\"Kopftuch\" href=\"https:\/\/www.freiburg-schwarzwald.de\/blog\/kopftuch\/\">Terre des Femmes: Kein Kopftuch in Schule und Gericht \u2013 Petition<\/a>\u00a0(18.9.2020)<\/li>\n<li><a title=\"Cancel Culture \u2013 Soziale Medien\" href=\"https:\/\/www.freiburg-schwarzwald.de\/blog\/cancel-culture-soziale-medien\/\">Cancel Culture \u2013 Soziale Medien<\/a>\u00a0(8.7.2020)<\/li>\n<li><a title=\"Fluechtlinge-Kriminalitaet\" href=\"https:\/\/www.freiburg-schwarzwald.de\/blog\/global\/integration\/fluechtlinge-kriminalitaet\/\">Petition: Randalierer rigoros bestrafen \u2013 auch ausweisen<\/a>\u00a0(1.7.2020)<\/li>\n<li><a title=\"Liberte de Communication en F\" href=\"https:\/\/www.freiburg-schwarzwald.de\/blog\/liberte-de-communication-en-f\/\">Liberte de Communication en F<\/a>\u00a0(16.11.2019)<\/li>\n<li>Vorzeitige Anh\u00f6rung zur Migrationspakt-Petition abgelehnt (28.11.2018)<\/li>\n<li>Sind Petitionen gegen den Migrationspakt bzw. Frau Lengsfeld volksverhetzend?\u00a0 (22.11.2018)<\/li>\n<li><a href=\"https:\/\/www.freiburg-schwarzwald.de\/blog\/erklaerung-2018-als-petition\/\">https:\/\/www.freiburg-schwarzwald.de\/blog\/erklaerung-2018-als-petition\/<\/a> (23.5.2018)<\/li>\n<li><a href=\"https:\/\/www.freiburg-schwarzwald.de\/blog\/iwf-eu-sparerenteignung-nein\/\">https:\/\/www.freiburg-schwarzwald.de\/blog\/iwf-eu-sparerenteignung-nein\/<\/a>\u00a0(26.2.2014)<\/li>\n<li><a title=\"Tierschutz\" href=\"https:\/\/www.freiburg-schwarzwald.de\/blog\/natur\/tiere\/tierschutz\/\">Tiere sind keine Sachen, sondern Mitgesch\u00f6pfe \u2013 Petition<\/a>\u00a0&gt;Tierschutz (6.2.2014)<\/li>\n<li><a href=\"https:\/\/www.freiburg-schwarzwald.de\/blog\/bildungsplan-2015-widerstand\/\">https:\/\/www.freiburg-schwarzwald.de\/blog\/bildungsplan-2015-widerstand\/<\/a> (10.1.2014)<\/li>\n<li>.<\/li>\n<li>Online-Petitionen &#8211; Beispiele<\/li>\n<li>Open Petition &#8211; Medium zur partizipativen Demokratie<\/li>\n<li><a title=\"Demokratie\" href=\"https:\/\/www.freiburg-schwarzwald.de\/blog\/engagement\/zukunft\/demokratie\/\">Demokratie<\/a><\/li>\n<li><a title=\"Direkte-Demokratie\" href=\"https:\/\/www.freiburg-schwarzwald.de\/blog\/engagement\/zukunft\/demokratie\/direkte-demokratie\/\">Direkte Demokratie<\/a><\/li>\n<li><a title=\"Erklaerung2018\" href=\"https:\/\/www.freiburg-schwarzwald.de\/blog\/engagement\/zukunft\/demokratie\/parlament\/erklaerung2018\/\">Erklaerung2018<\/a><\/li>\n<li><a title=\"Neuwahlen\" href=\"https:\/\/www.freiburg-schwarzwald.de\/blog\/engagement\/zukunft\/demokratie\/neuwahlen\/\">Neuwahlen<\/a><\/li>\n<li><a title=\"UN-Fl\u00fcchtlingspakt\" href=\"https:\/\/www.freiburg-schwarzwald.de\/blog\/global\/migration\/un-fluechtlingspakt\/\">UN-Fl\u00fcchtlingspakt<\/a><\/li>\n<li><a title=\"Global-Migration\" href=\"https:\/\/www.freiburg-schwarzwald.de\/blog\/global\/globalisierung\/global-migration\/\">UN-Migrationspakt<\/a><\/li>\n<\/ul>\n<p>&nbsp;<\/p>\n<p><strong>Vorzeitige Anh\u00f6rung zur Migrationspakt-Petition abgelehnt<\/strong><br \/>\nDer heute eingebrachte Antrag der AfD-Fraktion im Petitionsausschuss, anl\u00e4sslich des erreichten Quorums f\u00fcr die Petition zum Migrationspakt eine \u00f6ffentliche Ausschusssitzung zum n\u00e4chstm\u00f6glichen Termin am 10.12.2018 einzuberufen, wurde von allen anderen Fraktionen im Deutschen Bundestag ohne Debatte abgelehnt.<br \/>\n&#8230;.<br \/>\nIn einem offenen Brief an die Fraktionsvorsitzenden von Union und SPD forderten Dr. Ludwig Englmeier als Initiator der vom Bundestag zugelassenen Petition 85565, sowie Alexander Mitsch als Bundesvorsitzender der WerteUnion und Vera Lengsfeld, als Mitinitiatorin der <a title=\"Erklaerung2018\" href=\"https:\/\/www.freiburg-schwarzwald.de\/blog\/engagement\/zukunft\/demokratie\/parlament\/erklaerung2018\/\">\u201eGemeinsamen Erkl\u00e4rung 2018<\/a>\u201c, vor einigen Tagen gemeinsam eine Sondersitzung des Petitionsausschusses und ein Moratorium f\u00fcr die Annahme des Migrationspaktes. Als Minimalziel wollen sie einen Beschluss des Deutschen Bundestags an, in dem rechtliche Verpflichtungen f\u00fcr Deutschland durch einen Protokollzusatz zum Pakt definitiv ausgeschlossen werden. Dieses Ansinnen scheint hier zumindest terminlich erfolglos. \u00dcber mehrere Monate habe ich die Arbeit des Peitionsausschusses journalistisch begleitet und der Eindruck verh\u00e4rtet sich seither von Tag zu Tag: Der Petitionsausschuss des Bundestages wird immer mehr zur offiziellen Stelle, an der die Politiker ihre Verachtung gegen\u00fcber dem Willen des Volkes und damit der Demokratie zum Ausdruck bringen.<br \/>\n&#8230;. Alles vom 28.11.2018 bitte lesen auf<br \/>\n<a href=\"https:\/\/philosophia-perennis.com\/2018\/11\/28\/petition-zum-migrationspakt-bundestag-lehnt-vorzeitige-anhoerung-ab\/\">https:\/\/philosophia-perennis.com\/2018\/11\/28\/petition-zum-migrationspakt-bundestag-lehnt-vorzeitige-anhoerung-ab\/<\/a><br \/>\n.<br \/>\nDer GCM ist der einzig m\u00f6gliche kommende rechtliche Schutz der Merkelianer vor Strafverfolgung nach Regierungszeitende. Erst wenn aus illegal legal gemacht worden ist, k\u00f6nnen sie aufatmen und mit ihrem Zerst\u00f6rungslebenswerk weiter machen. Man k\u00f6nnte also von einer kriminellen Vereinigung sprechen, die sich die Gesetze ma\u00dfschneidert, um nicht nur aus der Schusslinie zu treten, sondern auch die Verfolgung jedes einzelnen Kritikers an der Islamisierung Deutschlands noch extremer betreiben zu k\u00f6nnen als bislang. \u2013 Siehe auch folgenden Artikel:<br \/>\n<a href=\"https:\/\/vera-lengsfeld.de\/2018\/11\/28\/profiteure-des-migrationspaktes-sind-nicht-jene-an-die-sie-denken-teil-i\/#more-3801\">https:\/\/vera-lengsfeld.de\/2018\/11\/28\/profiteure-des-migrationspaktes-sind-nicht-jene-an-die-sie-denken-teil-i\/#more-3801<\/a><br \/>\n28.11.2018, Demokrat, PPO<\/p>\n<p>&nbsp;<\/p>\n<p><strong>Sind Petitionen gegen den Migrationspakt bzw. Frau Lengsfeld volksverhetzend?<\/strong><br \/>\n&#8222;Nach Eingang von mittlerweile 56 Petitionen gegen den Globalen Migrationspakt seit Ende September wurde gestern endlich eine davon auf der Webseite des Bundestages ver\u00f6ffentlicht. In einer sehr emotionalen, oft unsachlichen, von Unterstellungen und Vorw\u00fcrfen gepr\u00e4gten Debatte im Petitionsausschuss bezeichnete Cornelia R\u00fcffer, B\u201990 \/ Die Gr\u00fcnen, alle bis zur Nr. 19 eingegangenen Petitionen als &#8218;Dreck&#8216;. Unter diesem angeblichen Dreck befindet sich neben Ihrer auch die von Vera Lengsfeld und Ulrich Vosgerau eingereichte Petition gegen den Globalen Pakt. Meine nat\u00fcrlich ebenso. Eine deutlichere Geringsch\u00e4tzung der B\u00fcrger und ihrer Inhalte l\u00e4sst sich wohl kaum formulieren.<br \/>\nDesweiteren wurde im Plenum am 8. November von Filiz Polat (Gr\u00fcne) behauptet, die besagten Petitionen seien &#8218;zutiefst antisemitisch&#8216;. Dies ist eine frei erfundene Unterstellung, mit dem ausschlie\u00dflichen Ziel der Diffamierung von Petenten. Auch Israel wird sich dem Globalen Pakt verweigern. Der dortige Sicherheitsberater des Pr\u00e4sidenten bezeichnete diesen als &#8218;Pakt der W\u00f6lfe&#8216;.<br \/>\nWas sollen Einlassungen des Ausschuss-Vorsitzenden Marian Wendt von der CDU bewirken? Er bezeichnete aus offenbar dem gleichen Grunde wie Frau Polat die vorliegenden Petitionen als &#8218;volksverhetzend&#8216;. Frau Lengsfeld als Volksverhetzerin? Das hatten wir schon einmal.<br \/>\nWohlgemerkt sprechen wir hier von Anliegen, die im Falle der derzeitigen \u00f6sterreichischen Bundesregierung und deren EU-Ratspr\u00e4sidentschaft schon Regierungshandeln sind. In Deutschland wurde die Ablehnung der Ver\u00f6ffentlichung mit einer &#8218;St\u00f6rung des interkulturellen Dialogs&#8216; begr\u00fcndet.<br \/>\nDer eigentliche Grund der bisherigen Blockade wird eher daran ersichtlich: Der Petitionsserver brach mit mehreren Zehntausend Unterschriften in wenigen Stunden mehrmals zusammen. Wir haben es mit Leuten zu tun, die ihre eigenen W\u00e4hler und deren Meinung f\u00fcrchten.&#8220;<br \/>\nMatthias Moosdorf, Leipziger Cellist und Mitarbeiter des AfD-Bundestagsabgeordneten Martin Hebner, 22.11.2018<\/p>\n<p>&nbsp;<\/p>\n<p>&nbsp;<\/p>\n<p><strong>Online-Petitionen &#8211; Beispiele<\/strong><\/p>\n<p><strong>Kein Bildungsplan 2015 in baden-W\u00fcrttemberg<\/strong><\/p>\n<p>Zukunft \u2013 Verantwortung \u2013 Lernen: Kein Bildungsplan 2015 in unter der Ideologie des Regenbogens<br \/>\n<a href=\"https:\/\/www.openpetition.de\/petition\/online\/zukunft-verantwortung-lernen-kein-bildungsplan-2015-unter-der-ideologie-des-regenbogens\">https:\/\/www.openpetition.de\/petition\/online\/zukunft-verantwortung-lernen-kein-bildungsplan-2015-unter-der-ideologie-des-regenbogens<\/a><br \/>\n165797 Unterst\u00fctzer 24.1.2014<\/p>\n<p>Gegenpetition zu: Kein Bildungsplan 2015 unter der Ideologie des Regenbogens<br \/>\n82934 Unterst\u00fctzer 24.1.2014<br \/>\n<a href=\"https:\/\/www.openpetition.de\/petition\/online\/gegenpetition-zu-kein-bildungsplan-2015-unter-der-ideologie-des-regenbogens\">https:\/\/www.openpetition.de\/petition\/online\/gegenpetition-zu-kein-bildungsplan-2015-unter-der-ideologie-des-regenbogens<\/a><\/p>\n<p>&nbsp;<\/p>\n<p><strong>Erhalt der Hundefreilauffl\u00e4che im Johannes-Giesberts-Park in K\u00f6ln-Nippes<br \/>\n<\/strong><a href=\"https:\/\/www.openpetition.de\/petition\/online\/erhalt-der-hundefreilaufflaeche-im-johannes-giesberts-park-in-koeln-nippes\">https:\/\/www.openpetition.de\/petition\/online\/erhalt-der-hundefreilaufflaeche-im-johannes-giesberts-park-in-koeln-nippes<\/a><br \/>\n410\u00a0Unterschriften am 24.1.2014<\/p>\n<p>&nbsp;<\/p>\n<p>&nbsp;<\/p>\n<p><strong>Open Petition &#8211; Medium zur partizipativen Demokratie\u00a0<\/strong><\/p>\n<p>Eine Petition ist ein Schreiben, das man als Bittschrift, Gesuch, Eingabe an eine Beh\u00f6rde, ein Parlament bzw. ein Entscheidungsgremium richtet. Man spricht h\u00e4ufig von\u00a0\u201eEinbahnstra\u00dfen-Petitionen\u201c, da diese zumeist nur sp\u00e4rliche R\u00fcckmeldungen ergeben und kaum publik werden.<br \/>\nMit dem Internet erhalten Petitionen ein neues Gewicht, da sie leicht zu initiieren sind und die \u00d6ffentlichkeit hergestellt wird.<br \/>\nopenPetition als Hilfsmittel zum Erstellen von Petitionen erg\u00e4nzT diese durch Zuschaltung von Foren und Blogs. &#8222;openPetition setzt sich f\u00fcr die Vereinfachung und Weiterentwicklung der Instrumente der partizipativen Demokratie ein. Unser Ziel ist die Bildung und Information von B\u00fcrgerinnen und B\u00fcrgern \u00fcber politische Entscheidungsprozesse, die F\u00f6rderung des b\u00fcrgerschaftlichen Engagements sowie die Beratung, Begleitung und Unterst\u00fctzung von B\u00fcrgerinnen und B\u00fcrgern beim Erstellen, Verbreiten und Einreichen von Online-Petitionen. Dabei ist OpenPetition politisch neutral.&#8220;<br \/>\n<a href=\"https:\/\/www.openpetition.de \">www.openpetition.de\u00a0<\/a><br \/>\n.<\/p>\n<p>Deutschland ist politisiert wie lange nicht mehr. Seit Tagen gehen tausende Menschen auf die Stra\u00dfen der Republik. Egal ob auf dem Land oder in der Stadt. Viele von ihnen waren zum ersten Mal in ihrem Leben auf einer Demonstration. Denn die Angst vor einer Zunahme von antidemokratischem Gedankengut in unserer Gesellschaft l\u00e4sst sie laut werden.<br \/>\nDie aktuelle Situation ist eine Zerrei\u00dfprobe f\u00fcr die Demokratie. Aber auch eine Chance. Menschen, die sich sonst nicht begegnen w\u00fcrden, stehen nun gemeinsam auf der Stra\u00dfe. Ohne dass sie das gleiche Parteibuch, den gleichen Job oder eine \u00e4hnliche Lebensrealit\u00e4t haben. Sie wollen zeigen: F\u00fcr sie ist das Limit dessen, was in einer Demokratie erlaubt sein sollte, erreicht. Unterschiedliche Meinungen innerhalb der Grenzen unseres Grundgesetzes zu vertreten, ist essentiell. Aber diejenigen, die au\u00dferhalb dieser Grenzen agieren und damit die Menschenw\u00fcrde missachten, sind Antidemokraten. Sie schaden langfristig unserem Zusammenleben.<br \/>\nAntidemokraten hassen unsere Seite. Denn openPetition steht f\u00fcr politische Vielfalt und Meinungsfreiheit. Seit mehr als 10 Jahren nutzen Menschen unsere Plattform, um ihre ganz unterschiedlichen Anliegen voranzutreiben. Unser Team unterst\u00fctzt bei der Recherche von Fakten und Quellen sowie bei der Erstellung und Verbreitung der Petitionen. Genauso transparent moderieren und kommunizieren wir, wenn sich eine Petition nicht an die freiheitlich-demokratische Grundordnung h\u00e4lt. Nicht jede Petition wird freigeschaltet. Wir bieten nur Raum f\u00fcr Anliegen, die sich innerhalb unseres gesellschaftlich festgelegten Rahmens bewegen. So st\u00e4rken wir die Demokratie und sch\u00fctzen sie vor denen, die sie abschaffen wollen.<br \/>\nUm politisches Engagement auch weiterhin f\u00fcr alle m\u00f6glich zu machen, sind wir als gemeinn\u00fctzige Organisation auf finanzielle Hilfe angewiesen. Uns gibt es nur, solange gen\u00fcgend Menschen unsere Arbeit wertsch\u00e4tzen und unterst\u00fctzen. Dr. Ekkehard Kaier, verteidigen Sie mit uns die Demokratie?<br \/>\nIch st\u00e4rke Demokratie mit einer Spende<br \/>\nJeder Beitrag &#8211; egal wie klein oder gro\u00df &#8211; flie\u00dft direkt in die F\u00f6rderung politischer Teilhabe f\u00fcr eine wehrhafte Demokratie. Eine finanzielle Unterst\u00fctzung ist Ihnen momentan nicht m\u00f6glich? Auch durch das Teilen und Unterschreiben von Petitionen, durch Gespr\u00e4che im Familienkreis oder ehrenamtliche Arbeit im Verein leisten Sie aktive Demokratiearbeit.<br \/>\nDer Bundespr\u00e4sident hat in seiner Rede auf die Dringlichkeit unseres gemeinsamen Handelns hingewiesen. Es ist an der Zeit, dass wir f\u00fcr unsere demokratischen Werte einstehen.<br \/>\nDanke, dass Sie Teil dieser Mission sind. 30.1.2024<br \/>\n<a href=\"https:\/\/www.openpetition.de\/\">https:\/\/www.openpetition.de\/<\/a><\/p>\n<p><b>\u00a0<\/b><\/p>\n","protected":false},"excerpt":{"rendered":"<p>Home &gt;Kultur\u00a0&gt;Medien\u00a0&gt;Internet\u00a0&gt;Petitionen Listenauswahl eines Beitrags (Artikel\/Datum, Seite\/Inhalt):\u00a0Klicken\u00a0oder scrollen Petition: NEIN zum AfD-Verbot! JA zur Demokratie! (20.5.2025) Sechs Jahre \u201cGemeinsame Erkl\u00e4rung 2018\u201d\u00a0(14.10.2024) Petition: Entwicklungshilfe an R\u00fccknahme abgelehnter Asylbewerber kn\u00fcpfen (14.11.2023) 850.000: Manifest f\u00fcr Frieden\u00a0(4.8.2023) Balkonsolaranlage \u2013 Petition\u00a0(12.4.2023) Atomausstieg aufheben: Petition\u00a0(15.9.2022) Quarant\u00e4ne &hellip; <a href=\"https:\/\/www.freiburg-schwarzwald.de\/blog\/kultur\/internet\/petitionen\/\">Weiterlesen <span class=\"meta-nav\">&rarr;<\/span><\/a><\/p>\n","protected":false},"author":2,"featured_media":0,"parent":2000,"menu_order":0,"comment_status":"open","ping_status":"closed","template":"","meta":{"footnotes":""},"class_list":["post-44445","page","type-page","status-publish","hentry"],"_links":{"self":[{"href":"https:\/\/www.freiburg-schwarzwald.de\/blog\/wp-json\/wp\/v2\/pages\/44445","targetHints":{"allow":["GET"]}}],"collection":[{"href":"https:\/\/www.freiburg-schwarzwald.de\/blog\/wp-json\/wp\/v2\/pages"}],"about":[{"href":"https:\/\/www.freiburg-schwarzwald.de\/blog\/wp-json\/wp\/v2\/types\/page"}],"author":[{"embeddable":true,"href":"https:\/\/www.freiburg-schwarzwald.de\/blog\/wp-json\/wp\/v2\/users\/2"}],"replies":[{"embeddable":true,"href":"https:\/\/www.freiburg-schwarzwald.de\/blog\/wp-json\/wp\/v2\/comments?post=44445"}],"version-history":[{"count":5,"href":"https:\/\/www.freiburg-schwarzwald.de\/blog\/wp-json\/wp\/v2\/pages\/44445\/revisions"}],"predecessor-version":[{"id":134204,"href":"https:\/\/www.freiburg-schwarzwald.de\/blog\/wp-json\/wp\/v2\/pages\/44445\/revisions\/134204"}],"up":[{"embeddable":true,"href":"https:\/\/www.freiburg-schwarzwald.de\/blog\/wp-json\/wp\/v2\/pages\/2000"}],"wp:attachment":[{"href":"https:\/\/www.freiburg-schwarzwald.de\/blog\/wp-json\/wp\/v2\/media?parent=44445"}],"curies":[{"name":"wp","href":"https:\/\/api.w.org\/{rel}","templated":true}]}}