{"id":44353,"date":"2014-01-23T15:04:21","date_gmt":"2014-01-23T14:04:21","guid":{"rendered":"https:\/\/www.freiburg-schwarzwald.de\/blog\/?page_id=44353"},"modified":"2014-11-09T19:47:55","modified_gmt":"2014-11-09T18:47:55","slug":"sprachschulen","status":"publish","type":"page","link":"https:\/\/www.freiburg-schwarzwald.de\/blog\/bildung\/sprachschulen\/","title":{"rendered":"Sprachschulen"},"content":{"rendered":"<p><a href=\"https:\/\/freiburg-schwarzwald.de\/blog\">Home<\/a>\u00a0&gt;<a title=\"Bildung\" href=\"https:\/\/www.freiburg-schwarzwald.de\/blog\/bildung\/\">Bildung<\/a>\u00a0&gt;Sprachschulen<\/p>\n<div id=\"attachment_40770\" style=\"width: 651px\" class=\"wp-caption alignnone\"><a href=\"https:\/\/www.freiburg-schwarzwald.de\/blog\/global\/israel\/israel2013\/israelis\/telaviv-yafo-meer-pan131101\/\" rel=\"attachment wp-att-40770\"><img loading=\"lazy\" decoding=\"async\" aria-describedby=\"caption-attachment-40770\" class=\"size-full wp-image-40770\" alt=\"Strand von Tel Aviv-Yafo am 1.11.2013\" src=\"https:\/\/www.freiburg-schwarzwald.de\/blog\/wp-content\/uploads\/2013\/11\/telaviv-yafo-meer-pan131101.jpg\" width=\"641\" height=\"213\" srcset=\"https:\/\/www.freiburg-schwarzwald.de\/blog\/wp-content\/uploads\/2013\/11\/telaviv-yafo-meer-pan131101.jpg 641w, https:\/\/www.freiburg-schwarzwald.de\/blog\/wp-content\/uploads\/2013\/11\/telaviv-yafo-meer-pan131101-180x59.jpg 180w, https:\/\/www.freiburg-schwarzwald.de\/blog\/wp-content\/uploads\/2013\/11\/telaviv-yafo-meer-pan131101-640x212.jpg 640w\" sizes=\"auto, (max-width: 641px) 100vw, 641px\" \/><\/a><p id=\"caption-attachment-40770\" class=\"wp-caption-text\">Strand von Tel Aviv-Yafo am 1.11.2013<\/p><\/div>\n<ul>\n<li><span style=\"text-decoration: underline;\"><span style=\"color: #0066cc;\"><a href=\"https:\/\/www.freiburg-schwarzwald.de\/blog\/deutsch-icke-learning-german\/\">https:\/\/www.freiburg-schwarzwald.de\/blog\/deutsch-icke-learning-german\/<\/a><\/span><\/span>\u00a0(9.11.2014)<\/li>\n<li>Centre Culturel Francais de Freiburg &#8211; CCFF<\/li>\n<li><a title=\"Padua\" href=\"https:\/\/www.freiburg-schwarzwald.de\/blog\/global\/twintowns\/padua\/\">Dante Alighieri Gesellschaft e.V. &#8211; Italienisch<\/a>\u00a0&gt;Padua<\/li>\n<li>Deutsch-Sprachkalender online: icke-learning-german.de<\/li>\n<li>Goethe-Institut Freiburg &#8211; Deutsch<\/li>\n<li><a title=\"Twintowns-FR\" href=\"https:\/\/www.freiburg-schwarzwald.de\/blog\/global\/twintowns\/twintowns-fr\/\">Matsuyama &#8211; Japanisch<\/a><\/li>\n<li>Konfuzius-Institut &#8211; Chinesisch<\/li>\n<li><a title=\"Sprachenkolleg\" href=\"https:\/\/www.freiburg-schwarzwald.de\/blog\/bildung\/schulen\/sprachenkolleg\/\">Sprachenkolleg in FR-Littenweiler<\/a><\/li>\n<\/ul>\n<p>&nbsp;<\/p>\n<p><strong><a name=\"Centre Culturel Francais de Freiburg\"><\/a>Centre Culturel Francais de Freiburg &#8211; CCFF<\/strong><\/p>\n<p>Centre Culturel Francais de Freiburg, CCFF<br \/>\nIm Kornhaus 61, 79098 Freiburg, Tel 0761\/2073923<br \/>\n<a href=\"https:\/\/www.ccf-fr.de\/\" target=\"_blank\">www.ccf-fr.de<\/a><br \/>\n<a href=\"https:\/\/www.freiburg-schwarzwald.de\/littenweiler\/kultur#Austauschzentrum Oberrhein - AZOR\">Austauschzentrum Oberrhein &#8211; AZOR<\/a>\u00a0&gt;Kultur<\/p>\n<p><a href=\"https:\/\/www.freiburg-schwarzwald.de\/tierschutzverein1.htm#Tierqu\u00e4lerei bei G\u00e4nseleber f\u00fcr Martine Chantrel offenbar egal\">Tierqu\u00e4lerei bei G\u00e4nseleber f\u00fcr Martine Chantrel offenbar egal<\/a>\u00a0&gt;Tierschutzverein1 (23.11.2007)<br \/>\n<a href=\"https:\/\/www.freiburg-schwarzwald.de\/littenweiler\/kultur1.htm#Auf einem Segelboot den Atlantik \u00fcberquert - Martine Chantrel\">Auf einem Segelboot den Atlantik \u00fcberquert &#8211; Martine Chantrel<\/a>\u00a0&gt;Kultur1 (15.11.2007)<br \/>\n<a href=\"https:\/\/www.freiburg-schwarzwald.de\/littenweiler\/kultur1.htm#Franz\u00f6sische Woche von Centre Culturel Francais Freiburg (CCFF)\">Franz\u00f6sische Woche von Centre Culturel Francais Freiburg (CCFF)<\/a>\u00a0&gt;Kultur1 (12.11.2007)<br \/>\n<a href=\"https:\/\/www.freiburg-schwarzwald.de\/littenweiler\/kultur1.htm#Centre Culturel Fran\u00e7ais: Neues Programm und Franz\u00f6sische Woche\">Centre Culturel Fran\u00e7ais: Neues Programm und Franz\u00f6sische Woche<\/a>\u00a0&gt;Kultur1 (12.10.2006)<br \/>\n<a href=\"https:\/\/www.freiburg-schwarzwald.de\/kultur1.htm#France Mobil mit Aurelie Guetz motiviert Kinder und Jugendliche\">France Mobil mit Aurelie Guetz motiviert Kinder und Jugendliche<\/a>\u00a0&gt;Kultur1 (7.12.2005)<\/p>\n<p>&nbsp;<\/p>\n<p><strong>Goethe-Institut Freiburg<\/strong><\/p>\n<p><a href=\"https:\/\/www.freiburg-schwarzwald.de\/blog\/bildung\/schulen\/goetheinstitut1freiburg140117\/\" rel=\"attachment wp-att-44236\"><img loading=\"lazy\" decoding=\"async\" class=\"alignnone size-thumbnail wp-image-44236\" alt=\"goetheinstitut1freiburg140117\" src=\"https:\/\/www.freiburg-schwarzwald.de\/blog\/wp-content\/uploads\/2012\/04\/goetheinstitut1freiburg140117-180x135.jpg\" width=\"180\" height=\"135\" srcset=\"https:\/\/www.freiburg-schwarzwald.de\/blog\/wp-content\/uploads\/2012\/04\/goetheinstitut1freiburg140117-180x135.jpg 180w, https:\/\/www.freiburg-schwarzwald.de\/blog\/wp-content\/uploads\/2012\/04\/goetheinstitut1freiburg140117.jpg 640w\" sizes=\"auto, (max-width: 180px) 100vw, 180px\" \/><\/a>\u00a0 \u00a0 \u00a0 \u00a0 \u00a0 \u00a0<a href=\"https:\/\/www.freiburg-schwarzwald.de\/blog\/bildung\/sprachschulen\/goethe-institut-fr140129\/\" rel=\"attachment wp-att-44764\"><img loading=\"lazy\" decoding=\"async\" class=\"alignnone size-thumbnail wp-image-44764\" alt=\"goethe-institut-fr140129\" src=\"https:\/\/www.freiburg-schwarzwald.de\/blog\/wp-content\/uploads\/2014\/01\/goethe-institut-fr140129-180x135.jpg\" width=\"180\" height=\"135\" srcset=\"https:\/\/www.freiburg-schwarzwald.de\/blog\/wp-content\/uploads\/2014\/01\/goethe-institut-fr140129-180x135.jpg 180w, https:\/\/www.freiburg-schwarzwald.de\/blog\/wp-content\/uploads\/2014\/01\/goethe-institut-fr140129.jpg 640w\" sizes=\"auto, (max-width: 180px) 100vw, 180px\" \/><\/a>\u00a0\u00a0\u00a0\u00a0\u00a0\u00a0\u00a0\u00a0\u00a0\u00a0\u00a0 <a href=\"https:\/\/www.freiburg-schwarzwald.de\/blog\/bildung\/sprachschulen\/goethe-institut-fr140422\/\" rel=\"attachment wp-att-47503\"><img loading=\"lazy\" decoding=\"async\" class=\"alignnone size-thumbnail wp-image-47503\" alt=\"goethe-institut-fr140422\" src=\"https:\/\/www.freiburg-schwarzwald.de\/blog\/wp-content\/uploads\/2014\/01\/goethe-institut-fr140422-180x135.jpg\" width=\"180\" height=\"135\" srcset=\"https:\/\/www.freiburg-schwarzwald.de\/blog\/wp-content\/uploads\/2014\/01\/goethe-institut-fr140422-180x135.jpg 180w, https:\/\/www.freiburg-schwarzwald.de\/blog\/wp-content\/uploads\/2014\/01\/goethe-institut-fr140422.jpg 640w\" sizes=\"auto, (max-width: 180px) 100vw, 180px\" \/><\/a><a href=\"https:\/\/www.freiburg-schwarzwald.de\/blog\/bildung\/schulen\/goetheinstitut1freiburg140117\/\" rel=\"attachment wp-att-44236\"><br \/>\n<\/a>(1) Goethe-Institut Freiburg 17.1.2014 \u00a0 (2) Blick nach S\u00fcdwesten\u00a0\u00a0\u00a0\u00a0\u00a0\u00a0\u00a0\u00a0\u00a0\u00a0\u00a0\u00a0\u00a0\u00a0\u00a0\u00a0\u00a0\u00a0\u00a0\u00a0\u00a0\u00a0\u00a0\u00a0\u00a0(3) Goethe-Institut 22.4.2014<\/p>\n<p><a href=\"https:\/\/www.goethe.de\/ins\/de\/ort\/fre\/deindex.htm\">https:\/\/www.goethe.de\/ins\/de\/ort\/fre\/deindex.htm<\/a><\/p>\n<p>&nbsp;<\/p>\n<p><strong>Deutsch-Sprachkalender online: icke-learning-german.de<\/strong><\/p>\n<p>Der Sprachkalender f\u00fcr Deutschlerner\u00a0ist endlich\u00a0da. Jeden Tag sollen Lerner, die schon ein bisschen Deutsch k\u00f6nnen, die Gelegenheit haben, sich\u00a0mit deutschen Vorsilben,\u00a0mit englischen W\u00f6rtern (die oft im Deutschen verwechselt werden)\u00a0und mit der deutschen Kultur auseinanderzusetzen.\u00a0Viele Lerner und ein paar Kollegen haben mitgeholfen, dass dieses Projekt zustande gekommen ist und ich freue mich sehr, dass der\u00a0<i>Icke Kalender\u00a0<\/i>nun \u00fcber meine Webseite\u00a0<a href=\"https:\/\/www.icke-learning-german.de\/\" target=\"_blank\">www.icke-learning-german.de<\/a>\u00a0als PDF Download und als Printversion bestellt werden kann.<\/p>\n<p><a href=\"https:\/\/www.freiburg-schwarzwald.de\/blog\/bildung\/sprachschulen\/schwarzwald-singapur2014\/\" rel=\"attachment wp-att-51410\"><img loading=\"lazy\" decoding=\"async\" class=\"alignnone size-thumbnail wp-image-51410\" alt=\"schwarzwald-singapur2014\" src=\"https:\/\/www.freiburg-schwarzwald.de\/blog\/wp-content\/uploads\/2014\/01\/schwarzwald-singapur2014-180x120.jpg\" width=\"180\" height=\"120\" srcset=\"https:\/\/www.freiburg-schwarzwald.de\/blog\/wp-content\/uploads\/2014\/01\/schwarzwald-singapur2014-180x120.jpg 180w, https:\/\/www.freiburg-schwarzwald.de\/blog\/wp-content\/uploads\/2014\/01\/schwarzwald-singapur2014.jpg 640w\" sizes=\"auto, (max-width: 180px) 100vw, 180px\" \/><\/a>\u00a0\u00a0 <a href=\"https:\/\/www.icke-learning-german.de\">www.icke-learning-german.de<\/a><\/p>\n<p>Ich habe in Absprache mit Studenten versucht, einen fairen Preis anzusetzen, um m\u00f6glichst vielen den Zugang zu erm\u00f6glichen. Der Download pro Monat kostet 3,00 Euro und die Printversion 6,00 Euro.<br \/>\nInsgesamt geht damit ein kleiner Traum in Erf\u00fcllung, einen Teil meiner Erfahrung aus dem Klassenraum in ein Format zu bringen, \u00fcber das ich mich als Lerner selbst gefreut h\u00e4tte.<br \/>\n9.11.2014, Christine Freudenberg, 79100 Freiburg<\/p>\n<p>&nbsp;<\/p>\n<p>&nbsp;<\/p>\n<p>&nbsp;<\/p>\n<p><strong>Konfuzius-Institut &#8211; Chinesisch<\/strong><\/p>\n<p><a href=\"https:\/\/www.freiburg-schwarzwald.de\/blog\/partnerstaedte-rathausplatz\/\">https:\/\/www.freiburg-schwarzwald.de\/blog\/partnerstaedte-rathausplatz\/<\/a><\/p>\n","protected":false},"excerpt":{"rendered":"<p>Home\u00a0&gt;Bildung\u00a0&gt;Sprachschulen https:\/\/www.freiburg-schwarzwald.de\/blog\/deutsch-icke-learning-german\/\u00a0(9.11.2014) Centre Culturel Francais de Freiburg &#8211; CCFF Dante Alighieri Gesellschaft e.V. &#8211; Italienisch\u00a0&gt;Padua Deutsch-Sprachkalender online: icke-learning-german.de Goethe-Institut Freiburg &#8211; Deutsch Matsuyama &#8211; Japanisch Konfuzius-Institut &#8211; Chinesisch Sprachenkolleg in FR-Littenweiler &nbsp; Centre Culturel Francais de Freiburg &#8211; CCFF Centre &hellip; <a href=\"https:\/\/www.freiburg-schwarzwald.de\/blog\/bildung\/sprachschulen\/\">Weiterlesen <span class=\"meta-nav\">&rarr;<\/span><\/a><\/p>\n","protected":false},"author":2,"featured_media":0,"parent":93,"menu_order":0,"comment_status":"open","ping_status":"closed","template":"","meta":{"footnotes":""},"class_list":["post-44353","page","type-page","status-publish","hentry"],"_links":{"self":[{"href":"https:\/\/www.freiburg-schwarzwald.de\/blog\/wp-json\/wp\/v2\/pages\/44353","targetHints":{"allow":["GET"]}}],"collection":[{"href":"https:\/\/www.freiburg-schwarzwald.de\/blog\/wp-json\/wp\/v2\/pages"}],"about":[{"href":"https:\/\/www.freiburg-schwarzwald.de\/blog\/wp-json\/wp\/v2\/types\/page"}],"author":[{"embeddable":true,"href":"https:\/\/www.freiburg-schwarzwald.de\/blog\/wp-json\/wp\/v2\/users\/2"}],"replies":[{"embeddable":true,"href":"https:\/\/www.freiburg-schwarzwald.de\/blog\/wp-json\/wp\/v2\/comments?post=44353"}],"version-history":[{"count":0,"href":"https:\/\/www.freiburg-schwarzwald.de\/blog\/wp-json\/wp\/v2\/pages\/44353\/revisions"}],"up":[{"embeddable":true,"href":"https:\/\/www.freiburg-schwarzwald.de\/blog\/wp-json\/wp\/v2\/pages\/93"}],"wp:attachment":[{"href":"https:\/\/www.freiburg-schwarzwald.de\/blog\/wp-json\/wp\/v2\/media?parent=44353"}],"curies":[{"name":"wp","href":"https:\/\/api.w.org\/{rel}","templated":true}]}}