{"id":44270,"date":"2014-01-22T14:55:52","date_gmt":"2014-01-22T13:55:52","guid":{"rendered":"https:\/\/www.freiburg-schwarzwald.de\/blog\/?page_id=44270"},"modified":"2025-10-13T10:07:18","modified_gmt":"2025-10-13T08:07:18","slug":"abi1964tuebingen","status":"publish","type":"page","link":"https:\/\/www.freiburg-schwarzwald.de\/blog\/selbsthilfe\/senioren\/abi1964tuebingen\/","title":{"rendered":"Abi1964Tuebingen"},"content":{"rendered":"<p>Home &gt;<a title=\"Selbsthilfe\" href=\"https:\/\/www.freiburg-schwarzwald.de\/blog\/selbsthilfe\/\">Selbsthilfe<\/a> &gt;<a href=\"https:\/\/www.freiburg-schwarzwald.de\/blog\/selbsthilfe\/senioren\/\">Senioren<\/a> &gt;Abi1964Tuebingen<\/p>\n<p><strong>\u00a0<\/strong><\/p>\n<p><strong>50 Jahre Abitur 1965-2014 Kepler-Gymnasium T\u00fcbingen<\/strong><\/p>\n<p>&nbsp;<\/p>\n<ul>\n<li><em>Listenauswahl eines Beitrags (Artikel\/Datum, Seite\/Inhalt): <span style=\"text-decoration: underline;\">Klicken<\/span> oder scrollen<\/em><\/li>\n<li><a href=\"https:\/\/www.freiburg-schwarzwald.de\/blog\/diskussion-palmer-frohnmaier\/\">Diskussion Palmer \u2013 Frohnmaier<\/a>\u00a0(6.9.2025)<\/li>\n<li>Klassentreffen 2014 &#8211; 50 Jahre Abitur<\/li>\n<li>100 Jahr-Jubil\u00e4um des Kepler-Gymnasiums T\u00fcbingen am 12.5.2010<\/li>\n<li>Klassentreffen 1994 &#8211; 30 Jahre Abitur 1964<\/li>\n<li>Rate mal &#8211; wer ist das?<\/li>\n<li>Links<\/li>\n<li><\/li>\n<li><a href=\"https:\/\/www.freiburg-schwarzwald.de\/blog\/selbsthilfe\/senioren\/kepler1964abi\/\">Kepler1964Abi<\/a><\/li>\n<\/ul>\n<p><strong>Klassentreffen 2024 &#8211; 60 Jahre Abitur<\/strong><\/p>\n<p>???????????????????????<\/p>\n<p>&nbsp;<\/p>\n<p><strong>Klassentreffen 2014 &#8211; 50 Jahre Abitur<\/strong><\/p>\n<p>Am 25.5.2014 fand das Treffen &#8222;50 Jahre Abitur 1965-2014 Kepler-Gymnasium T\u00fcbingen&#8220;\u00a0in T\u00fcbingen statt.<\/p>\n<h5><a href=\"https:\/\/www.freiburg-schwarzwald.de\/blog\/selbsthilfe\/senioren\/abi1964tuebingen\/abi50tueb1-250514\/\" rel=\"attachment wp-att-48261\"><img loading=\"lazy\" decoding=\"async\" class=\"alignnone size-thumbnail wp-image-48261\" src=\"https:\/\/www.freiburg-schwarzwald.de\/blog\/wp-content\/uploads\/2014\/01\/abi50tueb1-250514-180x135.jpg\" alt=\"abi50tueb1-250514\" width=\"180\" height=\"135\" srcset=\"https:\/\/www.freiburg-schwarzwald.de\/blog\/wp-content\/uploads\/2014\/01\/abi50tueb1-250514-180x135.jpg 180w, https:\/\/www.freiburg-schwarzwald.de\/blog\/wp-content\/uploads\/2014\/01\/abi50tueb1-250514.jpg 640w\" sizes=\"auto, (max-width: 180px) 100vw, 180px\" \/><\/a>\u00a0\u00a0\u00a0\u00a0\u00a0\u00a0\u00a0\u00a0\u00a0 <a href=\"https:\/\/www.freiburg-schwarzwald.de\/blog\/selbsthilfe\/senioren\/abi1964tuebingen\/abi50tueb2-250514\/\" rel=\"attachment wp-att-48262\"><img loading=\"lazy\" decoding=\"async\" class=\"alignnone size-thumbnail wp-image-48262\" src=\"https:\/\/www.freiburg-schwarzwald.de\/blog\/wp-content\/uploads\/2014\/01\/abi50tueb2-250514-180x135.jpg\" alt=\"abi50tueb2-250514\" width=\"180\" height=\"135\" srcset=\"https:\/\/www.freiburg-schwarzwald.de\/blog\/wp-content\/uploads\/2014\/01\/abi50tueb2-250514-180x135.jpg 180w, https:\/\/www.freiburg-schwarzwald.de\/blog\/wp-content\/uploads\/2014\/01\/abi50tueb2-250514.jpg 640w\" sizes=\"auto, (max-width: 180px) 100vw, 180px\" \/><\/a>\u00a0\u00a0\u00a0\u00a0\u00a0\u00a0\u00a0\u00a0\u00a0 <a href=\"https:\/\/www.freiburg-schwarzwald.de\/blog\/selbsthilfe\/senioren\/abi1964tuebingen\/abi50tueb3-250514\/\" rel=\"attachment wp-att-48263\"><img loading=\"lazy\" decoding=\"async\" class=\"alignnone size-thumbnail wp-image-48263\" src=\"https:\/\/www.freiburg-schwarzwald.de\/blog\/wp-content\/uploads\/2014\/01\/abi50tueb3-250514-180x135.jpg\" alt=\"abi50tueb3-250514\" width=\"180\" height=\"135\" srcset=\"https:\/\/www.freiburg-schwarzwald.de\/blog\/wp-content\/uploads\/2014\/01\/abi50tueb3-250514-180x135.jpg 180w, https:\/\/www.freiburg-schwarzwald.de\/blog\/wp-content\/uploads\/2014\/01\/abi50tueb3-250514.jpg 640w\" sizes=\"auto, (max-width: 180px) 100vw, 180px\" \/><\/a><br \/>\n(1) Neckarbr\u00fccke am 25.5.2014<\/h5>\n<h5><a href=\"https:\/\/www.freiburg-schwarzwald.de\/blog\/selbsthilfe\/senioren\/abi1964tuebingen\/abi50tueb4-250514\/\" rel=\"attachment wp-att-48264\"><img loading=\"lazy\" decoding=\"async\" class=\"alignnone size-thumbnail wp-image-48264\" src=\"https:\/\/www.freiburg-schwarzwald.de\/blog\/wp-content\/uploads\/2014\/01\/abi50tueb4-250514-180x135.jpg\" alt=\"abi50tueb4-250514\" width=\"180\" height=\"135\" srcset=\"https:\/\/www.freiburg-schwarzwald.de\/blog\/wp-content\/uploads\/2014\/01\/abi50tueb4-250514-180x135.jpg 180w, https:\/\/www.freiburg-schwarzwald.de\/blog\/wp-content\/uploads\/2014\/01\/abi50tueb4-250514.jpg 640w\" sizes=\"auto, (max-width: 180px) 100vw, 180px\" \/><\/a>\u00a0\u00a0\u00a0\u00a0\u00a0\u00a0\u00a0\u00a0\u00a0 <a href=\"https:\/\/www.freiburg-schwarzwald.de\/blog\/selbsthilfe\/senioren\/abi1964tuebingen\/abi50tueb5-250514\/\" rel=\"attachment wp-att-48265\"><img loading=\"lazy\" decoding=\"async\" class=\"alignnone size-thumbnail wp-image-48265\" src=\"https:\/\/www.freiburg-schwarzwald.de\/blog\/wp-content\/uploads\/2014\/01\/abi50tueb5-250514-180x135.jpg\" alt=\"abi50tueb5-250514\" width=\"180\" height=\"135\" srcset=\"https:\/\/www.freiburg-schwarzwald.de\/blog\/wp-content\/uploads\/2014\/01\/abi50tueb5-250514-180x135.jpg 180w, https:\/\/www.freiburg-schwarzwald.de\/blog\/wp-content\/uploads\/2014\/01\/abi50tueb5-250514.jpg 640w\" sizes=\"auto, (max-width: 180px) 100vw, 180px\" \/><\/a><br \/>\n(4) 25.5.2014<\/h5>\n<p>Infos\/Fragen zum\u00a0Treffen:<br \/>\nWinfried Gruber, 71576 Burgstetten, <a href=\"mailto:gruber-burgstetten@t-online.de \">gruber-burgstetten@t-online.de<br \/>\n<\/a>Dr. Ekkehard Kaier, 79117 Freiburg, <a href=\"mailto:aewktm@gmail.com\">aewktm@gmail.com<\/a>, Tel 0761\/6964307<a href=\"mailto:gruber-burgstetten@t-online.de \"><br \/>\n<\/a>Dr. Gerhard Schmidt, 87561 Oberstdorf, <a href=\"mailto:schmidt.oberstdorf@gmx.net\">schmidt.oberstdorf@gmx.net<\/a><\/p>\n<p>&nbsp;<\/p>\n<p>&nbsp;<\/p>\n<p><strong>100 Jahr-Jubil\u00e4um des Kepler-Gymnasiums T\u00fcbingen am 12.5.2010<\/strong><\/p>\n<h5><a href=\"https:\/\/www.freiburg-schwarzwald.de\/blog\/selbsthilfe\/senioren\/kepler-abi1964\/kepler44-100512\/\" rel=\"attachment wp-att-44274\"><img loading=\"lazy\" decoding=\"async\" class=\"alignnone size-thumbnail wp-image-44274\" src=\"https:\/\/www.freiburg-schwarzwald.de\/blog\/wp-content\/uploads\/2014\/01\/kepler44-100512-180x135.jpg\" alt=\"kepler44-100512\" width=\"180\" height=\"135\" srcset=\"https:\/\/www.freiburg-schwarzwald.de\/blog\/wp-content\/uploads\/2014\/01\/kepler44-100512-180x135.jpg 180w, https:\/\/www.freiburg-schwarzwald.de\/blog\/wp-content\/uploads\/2014\/01\/kepler44-100512.jpg 640w\" sizes=\"auto, (max-width: 180px) 100vw, 180px\" \/><\/a>\u00a0 \u00a0 \u00a0 \u00a0 \u00a0\u00a0<a href=\"https:\/\/www.freiburg-schwarzwald.de\/blog\/selbsthilfe\/senioren\/kepler-abi1964\/kepler76-100512\/\" rel=\"attachment wp-att-44275\"><img loading=\"lazy\" decoding=\"async\" class=\"alignnone size-thumbnail wp-image-44275\" src=\"https:\/\/www.freiburg-schwarzwald.de\/blog\/wp-content\/uploads\/2014\/01\/kepler76-100512-180x141.jpg\" alt=\"kepler76-100512\" width=\"180\" height=\"141\" srcset=\"https:\/\/www.freiburg-schwarzwald.de\/blog\/wp-content\/uploads\/2014\/01\/kepler76-100512-180x141.jpg 180w, https:\/\/www.freiburg-schwarzwald.de\/blog\/wp-content\/uploads\/2014\/01\/kepler76-100512.jpg 640w\" sizes=\"auto, (max-width: 180px) 100vw, 180px\" \/><\/a>\u00a0 \u00a0 \u00a0 \u00a0 \u00a0\u00a0<a href=\"https:\/\/www.freiburg-schwarzwald.de\/blog\/selbsthilfe\/senioren\/kepler-abi1964\/kepler92-100512\/\" rel=\"attachment wp-att-44276\"><img loading=\"lazy\" decoding=\"async\" class=\"alignnone size-thumbnail wp-image-44276\" src=\"https:\/\/www.freiburg-schwarzwald.de\/blog\/wp-content\/uploads\/2014\/01\/kepler92-100512-180x133.jpg\" alt=\"kepler92-100512\" width=\"180\" height=\"133\" srcset=\"https:\/\/www.freiburg-schwarzwald.de\/blog\/wp-content\/uploads\/2014\/01\/kepler92-100512-180x133.jpg 180w, https:\/\/www.freiburg-schwarzwald.de\/blog\/wp-content\/uploads\/2014\/01\/kepler92-100512-640x475.jpg 640w, https:\/\/www.freiburg-schwarzwald.de\/blog\/wp-content\/uploads\/2014\/01\/kepler92-100512.jpg 641w\" sizes=\"auto, (max-width: 180px) 100vw, 180px\" \/><\/a><br \/>\n(44) 12.5.2010 \u00a0 \u00a0 \u00a0 \u00a0 \u00a0 \u00a0 \u00a0 \u00a0 \u00a0 \u00a0 \u00a0 \u00a0 \u00a0 \u00a0 \u00a0 \u00a0 \u00a0 \u00a0 \u00a0 \u00a0 \u00a0 \u00a0(76) \u00a0 \u00a0 \u00a0 \u00a0 \u00a0 \u00a0 \u00a0 \u00a0 \u00a0 \u00a0 \u00a0 \u00a0 \u00a0 \u00a0 \u00a0 \u00a0 \u00a0 \u00a0 \u00a0 \u00a0 \u00a0 \u00a0 \u00a0 \u00a0 \u00a0 \u00a0 \u00a0 \u00a0 \u00a0 \u00a0 \u00a0 (92)<\/h5>\n<h5><a href=\"https:\/\/www.freiburg-schwarzwald.de\/blog\/selbsthilfe\/senioren\/kepler-abi1964\/kepler101-100512\/\" rel=\"attachment wp-att-44277\"><img loading=\"lazy\" decoding=\"async\" class=\"alignnone size-thumbnail wp-image-44277\" src=\"https:\/\/www.freiburg-schwarzwald.de\/blog\/wp-content\/uploads\/2014\/01\/kepler101-100512-180x135.jpg\" alt=\"kepler101-100512\" width=\"180\" height=\"135\" srcset=\"https:\/\/www.freiburg-schwarzwald.de\/blog\/wp-content\/uploads\/2014\/01\/kepler101-100512-180x135.jpg 180w, https:\/\/www.freiburg-schwarzwald.de\/blog\/wp-content\/uploads\/2014\/01\/kepler101-100512-640x480.jpg 640w, https:\/\/www.freiburg-schwarzwald.de\/blog\/wp-content\/uploads\/2014\/01\/kepler101-100512.jpg 800w\" sizes=\"auto, (max-width: 180px) 100vw, 180px\" \/><\/a>\u00a0 \u00a0 \u00a0 \u00a0 \u00a0\u00a0<a href=\"https:\/\/www.freiburg-schwarzwald.de\/blog\/selbsthilfe\/senioren\/kepler-abi1964\/kepler102-100512\/\" rel=\"attachment wp-att-44281\"><img loading=\"lazy\" decoding=\"async\" class=\"alignnone size-thumbnail wp-image-44281\" src=\"https:\/\/www.freiburg-schwarzwald.de\/blog\/wp-content\/uploads\/2014\/01\/kepler102-100512-180x135.jpg\" alt=\"kepler102-100512\" width=\"180\" height=\"135\" srcset=\"https:\/\/www.freiburg-schwarzwald.de\/blog\/wp-content\/uploads\/2014\/01\/kepler102-100512-180x135.jpg 180w, https:\/\/www.freiburg-schwarzwald.de\/blog\/wp-content\/uploads\/2014\/01\/kepler102-100512.jpg 640w\" sizes=\"auto, (max-width: 180px) 100vw, 180px\" \/><\/a><a href=\"https:\/\/www.freiburg-schwarzwald.de\/blog\/selbsthilfe\/senioren\/kepler-abi1964\/kepler101-100512\/\" rel=\"attachment wp-att-44277\"><br \/>\n<\/a>(101) \u00a0 \u00a0 \u00a0 \u00a0 \u00a0 \u00a0 \u00a0 \u00a0 \u00a0 \u00a0 \u00a0 \u00a0 \u00a0 \u00a0 \u00a0 \u00a0 \u00a0 \u00a0 \u00a0 \u00a0 \u00a0 \u00a0 \u00a0 \u00a0 \u00a0 \u00a0 \u00a0 \u00a0 \u00a0 \u00a0(102)<\/h5>\n<p>&nbsp;<\/p>\n<p>Kepi 44: Dr. Ing. Wadym Suchowerskyj, Walter R\u00f6ck, Winfried Gruber<br \/>\nKepi 76: Guido Raab, Dr. Gerhard Roosch\u00fcz, W. R\u00f6ck<br \/>\nKepi 92: Alle standen um den Mathe-Lehrer Charly M\u00fctz (R\u00fccken zugewandt) herum, der noch mit 75 promoviert hat, jetzt weit \u00fcber 80 Jahre alt.<br \/>\nKepi 101: Walter R\u00f6ck, Prof. Dr. Hermann Dieter, G. Roosch\u00fcz, W. Suchowerskyj, Albert Geyer, Erwin Kurz, G.Raab<br \/>\nKepi 102: \u00a0Winfried Gruber, Walter R\u00f6ck,\u00a0Albert Geyer (v.l.)<\/p>\n<p>Bilder auf: <a href=\"https:\/\/www.kepi-ade.de\/Fotos\/12Mai2010\/index1.html\">https:\/\/www.kepi-ade.de\/Fotos\/12Mai2010\/index1.html<br \/>\n<\/a><a href=\"https:\/\/www.kp.tue.bw.schule.de \">www.kp.tue.bw.schule.de\u00a0<\/a><\/p>\n<p>&nbsp;<\/p>\n<p><strong>Klassentreffen 1994 &#8211; 30 Jahre Abitur 1964<\/strong><\/p>\n<p><a href=\"https:\/\/www.freiburg-schwarzwald.de\/blog\/wp-content\/uploads\/2024\/02\/abi94-kepler-tuebingen.jpg\"><img loading=\"lazy\" decoding=\"async\" class=\"alignnone size-thumbnail wp-image-120240\" src=\"https:\/\/www.freiburg-schwarzwald.de\/blog\/wp-content\/uploads\/2024\/02\/abi94-kepler-tuebingen-180x113.jpg\" alt=\"\" width=\"180\" height=\"113\" srcset=\"https:\/\/www.freiburg-schwarzwald.de\/blog\/wp-content\/uploads\/2024\/02\/abi94-kepler-tuebingen-180x113.jpg 180w, https:\/\/www.freiburg-schwarzwald.de\/blog\/wp-content\/uploads\/2024\/02\/abi94-kepler-tuebingen-640x401.jpg 640w, https:\/\/www.freiburg-schwarzwald.de\/blog\/wp-content\/uploads\/2024\/02\/abi94-kepler-tuebingen-1024x641.jpg 1024w, https:\/\/www.freiburg-schwarzwald.de\/blog\/wp-content\/uploads\/2024\/02\/abi94-kepler-tuebingen-768x481.jpg 768w, https:\/\/www.freiburg-schwarzwald.de\/blog\/wp-content\/uploads\/2024\/02\/abi94-kepler-tuebingen.jpg 1101w\" sizes=\"auto, (max-width: 180px) 100vw, 180px\" \/><\/a><\/p>\n<p>&nbsp;<\/p>\n<p>??<strong>Rate mal &#8211; wer ist das?<\/strong><br \/>\n<strong>Links<\/strong><\/p>\n<p>Prof Dr. Hermann Dieter<br \/>\n<a href=\"https:\/\/www.ecomed-medizin.de\/sj\/ufp\/Pdf\/aId\/11029\">https:\/\/www.ecomed-medizin.de\/sj\/ufp\/Pdf\/aId\/11029\u00a0<\/a><\/p>\n<p>&nbsp;<\/p>\n<p><b><i>Klasse\u00a0<\/i><\/b><b><i>4 b\u00a0<\/i><\/b><b><i>Klassenlehrer:\u00a0<\/i><\/b><b><i>Studienassessor Dr. W. Kops, Sommer 1958<\/i><\/b><\/p>\n<p>Helmut Baisch,\u00a0Hermann Dieter,\u00a0Roland Gerlach,\u00a0Albert Geyer,\u00a0Peter Goessler,\u00a0Wolf-Dieter Grauer,\u00a0Winfried Gruber,\u00a0Karl-Heinz Gugel,\u00a0Friedrich H\u00e4berle,\u00a0Friedemann H\u00e4cker,\u00a0Bernhard Haug,\u00a0Joachim Heindel,\u00a0Willi H\u00f6ckh,\u00a0Gerhard H\u00f6lzel,\u00a0Klaus Junginger,\u00a0Wolfgang Kasprowicz,\u00a0Erwin Kurz,\u00a0Raimund Lembke,\u00a0Max Mayr,\u00a0Heinz-Helmut M\u00fchlh\u00e4usler,\u00a0Peter N\u00f6hricke,\u00a0Dieter Rautenberg,\u00a0Walter R\u00f6ck,\u00a0Dietrich R\u00f6llinghoff,\u00a0Gerhard Roosch\u00fcz,\u00a0Wilhelm R\u00fchle,\u00a0Wilhelm Schuster,\u00a0Hermann Schweizer,\u00a0Hans Sto\u00df,\u00a0Wadym Suchowerskyj,\u00a0Eugen Vollmer,\u00a0Michael Wacker,\u00a0Hans-Emil Warth,\u00a0Gerhard Wizemann,\u00a0J\u00fcrgen Zechiel,<\/p>\n","protected":false},"excerpt":{"rendered":"<p>Home &gt;Selbsthilfe &gt;Senioren &gt;Abi1964Tuebingen \u00a0 50 Jahre Abitur 1965-2014 Kepler-Gymnasium T\u00fcbingen &nbsp; Listenauswahl eines Beitrags (Artikel\/Datum, Seite\/Inhalt): Klicken oder scrollen Diskussion Palmer \u2013 Frohnmaier\u00a0(6.9.2025) Klassentreffen 2014 &#8211; 50 Jahre Abitur 100 Jahr-Jubil\u00e4um des Kepler-Gymnasiums T\u00fcbingen am 12.5.2010 Klassentreffen 1994 &#8211; &hellip; <a href=\"https:\/\/www.freiburg-schwarzwald.de\/blog\/selbsthilfe\/senioren\/abi1964tuebingen\/\">Weiterlesen <span class=\"meta-nav\">&rarr;<\/span><\/a><\/p>\n","protected":false},"author":2,"featured_media":0,"parent":183,"menu_order":0,"comment_status":"open","ping_status":"closed","template":"","meta":{"footnotes":""},"class_list":["post-44270","page","type-page","status-publish","hentry"],"_links":{"self":[{"href":"https:\/\/www.freiburg-schwarzwald.de\/blog\/wp-json\/wp\/v2\/pages\/44270","targetHints":{"allow":["GET"]}}],"collection":[{"href":"https:\/\/www.freiburg-schwarzwald.de\/blog\/wp-json\/wp\/v2\/pages"}],"about":[{"href":"https:\/\/www.freiburg-schwarzwald.de\/blog\/wp-json\/wp\/v2\/types\/page"}],"author":[{"embeddable":true,"href":"https:\/\/www.freiburg-schwarzwald.de\/blog\/wp-json\/wp\/v2\/users\/2"}],"replies":[{"embeddable":true,"href":"https:\/\/www.freiburg-schwarzwald.de\/blog\/wp-json\/wp\/v2\/comments?post=44270"}],"version-history":[{"count":5,"href":"https:\/\/www.freiburg-schwarzwald.de\/blog\/wp-json\/wp\/v2\/pages\/44270\/revisions"}],"predecessor-version":[{"id":140113,"href":"https:\/\/www.freiburg-schwarzwald.de\/blog\/wp-json\/wp\/v2\/pages\/44270\/revisions\/140113"}],"up":[{"embeddable":true,"href":"https:\/\/www.freiburg-schwarzwald.de\/blog\/wp-json\/wp\/v2\/pages\/183"}],"wp:attachment":[{"href":"https:\/\/www.freiburg-schwarzwald.de\/blog\/wp-json\/wp\/v2\/media?parent=44270"}],"curies":[{"name":"wp","href":"https:\/\/api.w.org\/{rel}","templated":true}]}}