{"id":44101,"date":"2014-01-18T13:07:46","date_gmt":"2014-01-18T12:07:46","guid":{"rendered":"https:\/\/www.freiburg-schwarzwald.de\/blog\/?page_id=44101"},"modified":"2014-02-17T09:00:41","modified_gmt":"2014-02-17T08:00:41","slug":"zoelibat","status":"publish","type":"page","link":"https:\/\/www.freiburg-schwarzwald.de\/blog\/religion\/katholisch\/zoelibat\/","title":{"rendered":"Zoelibat"},"content":{"rendered":"<p><a href=\"https:\/\/www.freiburg-schwarzwald.de\/blog\">\u00a0Home<\/a> &gt;<a title=\"Religion\" href=\"https:\/\/www.freiburg-schwarzwald.de\/blog\/religion\/\">Religion<\/a>\u00a0&gt;<a title=\"Katholisch\" href=\"https:\/\/www.freiburg-schwarzwald.de\/blog\/religion\/katholisch\/\">Katholisch<\/a>\u00a0&gt;Zoelibat<\/p>\n<div id=\"attachment_44086\" style=\"width: 648px\" class=\"wp-caption alignnone\"><a href=\"https:\/\/www.freiburg-schwarzwald.de\/blog\/business\/3d-druck\/nebel-dreisamtal-pan140116\/\" rel=\"attachment wp-att-44086\"><img loading=\"lazy\" decoding=\"async\" aria-describedby=\"caption-attachment-44086\" class=\"size-full wp-image-44086\" alt=\"Blick fr\u00fch morgens vom Dreisamtal nach Osten zu den Schwarzwaldh\u00f6hen mit Nebelschwaden am 16.1.2014\" src=\"https:\/\/www.freiburg-schwarzwald.de\/blog\/wp-content\/uploads\/2014\/01\/nebel-dreisamtal-pan140116.jpg\" width=\"638\" height=\"223\" srcset=\"https:\/\/www.freiburg-schwarzwald.de\/blog\/wp-content\/uploads\/2014\/01\/nebel-dreisamtal-pan140116.jpg 638w, https:\/\/www.freiburg-schwarzwald.de\/blog\/wp-content\/uploads\/2014\/01\/nebel-dreisamtal-pan140116-180x62.jpg 180w\" sizes=\"auto, (max-width: 638px) 100vw, 638px\" \/><\/a><p id=\"caption-attachment-44086\" class=\"wp-caption-text\">Blick fr\u00fch morgens vom Dreisamtal nach Osten zu den Schwarzwaldh\u00f6hen mit Nebelschwaden am 16.1.2014<\/p><\/div>\n<ul>\n<li>Pfarrer Stefan Hartmann will Z\u00f6libat-Diskussion mit TV-Auftritt neu ansto\u00dfen (18.1.2014)<\/li>\n<li><a href=\"https:\/\/www.freiburg-schwarzwald.de\/zoelibat.htm#Initiative Kirchenparlamente in Basel: Gegen Z\u00f6libat und f\u00fcr weibliche Priester\">Initiative Kirchenparlamente in Basel: Gegen Z\u00f6libat und f\u00fcr weibliche Priester<\/a>\u00a0&gt;Zoelibat (12.1.12)<\/li>\n<li><a href=\"https:\/\/www.freiburg-schwarzwald.de\/zoelibat.htm#Memorandum-Freiheit: \u00dcber 154 katholische ProfessorInnen\">Memorandum-Freiheit: \u00dcber 256 katholische ProfessorInnen<\/a>\u00a0&gt;Zoelibat (4.2.2011)<\/li>\n<li><a href=\"https:\/\/www.freiburg-schwarzwald.de\/littenweiler\/stuehlinger.htm#Herz Jesu-Gemeindepfarrer Hansj\u00f6rg Rasch: R\u00fcckentwicklung 2010\">Herz Jesu-Gemeindepfarrer Hansj\u00f6rg Rasch: R\u00fcckentwicklung 2010<\/a>\u00a0&gt;Stuehlinger (29.12.10)<\/li>\n<li><a href=\"https:\/\/www.freiburg-schwarzwald.de\/kirchen4.htm#Es herrscht Gl\u00e4ubigenmangel, nicht Priestermangel\">Es herrscht Gl\u00e4ubigenmangel, nicht Priestermangel<\/a>\u00a0&gt;Kirchen4 87.8.2010)<\/li>\n<li><span style=\"font-family: Arial;\"><a href=\"https:\/\/www.freiburg-schwarzwald.de\/zoelibat.htm#Benedikts Schweigen - sind wir noch Papst\">Benedikts Schweigen &#8211; sind wir noch Papst?<\/a>\u00a0(12.4.2010)<\/span><\/li>\n<li><a href=\"https:\/\/www.freiburg-schwarzwald.de\/zoelibat.htm#Wann h\u00f6rt das Verstecken und Verschleiern endlich auf\">Wann h\u00f6rt das Verstecken und Verschleiern endlich auf?<\/a>\u00a0&gt;Zoelibat (30.3.2010)<\/li>\n<li><a href=\"https:\/\/www.freiburg-schwarzwald.de\/zoelibat.htm#Der Z\u00f6libat ist eine Fiktion\">Der Z\u00f6libat ist eine Fiktion<\/a>\u00a0(16.3.2010)<\/li>\n<li><a href=\"https:\/\/www.freiburg-schwarzwald.de\/zoelibat.htm#Z\u00f6libat\u00e4re Lebensform wirkt f\u00fcr P\u00e4dosexuelle \u00e4u\u00dferst anziehend\">Z\u00f6libat\u00e4re Lebensform wirkt f\u00fcr P\u00e4dosexuelle \u00e4u\u00dferst anziehend<\/a>\u00a0&gt;Zoelibat (15.3.2010)<\/li>\n<li><a href=\"https:\/\/www.freiburg-schwarzwald.de\/zoelibat.htm#Jesuitenorden: Das eigene Fleisch soll man b\u00e4ndigen\">Jesuitenorden: Das eigene Fleisch soll man b\u00e4ndigen<\/a>\u00a0&gt;Zoelibat (6.3.2010)<\/li>\n<li><a href=\"https:\/\/www.freiburg-schwarzwald.de\/zoelibat.htm#Z\u00f6libat und Missbrauch - eine Aussenansicht\">Z\u00f6libat und Missbrauch &#8211; eine Aussenansicht<\/a>\u00a0&gt;Zoelibat (27.2.2010)<\/li>\n<li><span style=\"font-family: Arial;\"><a href=\"https:\/\/www.freiburg-schwarzwald.de\/zoelibat.htm#Korpsgeist und K\u00f6rper - Erkl\u00e4rungsversuch eines Theologen\"><span style=\"font-size: small;\">Korpsgeist und K\u00f6rper &#8211; Erkl\u00e4rungsversuch eines Theologen<\/span><\/a><span style=\"font-size: small;\">\u00a0&gt;Zoelibat (24.2.2010)<\/span><\/span><\/li>\n<li><span style=\"font-family: Arial;\"><a href=\"https:\/\/www.freiburg-schwarzwald.de\/zoelibat.htm#Z\u00f6libat eignet sich f\u00fcr Menschen mit konfliktbeladener Sexualit\u00e4t\">Z\u00f6libat eignet sich f\u00fcr Menschen mit konfliktbeladener Sexualit\u00e4t<\/a>\u00a0(18.2.2010)<\/span><\/li>\n<li><span style=\"font-family: Arial;\"><a href=\"https:\/\/www.freiburg-schwarzwald.de\/sexuellermissbrauch1.htm#Machtmissbrauch und sexualisierter Gewalt in der Kirche\">Machtmissbrauch und sexualisierte Gewalt in der Kirche<\/a>\u00a0&gt;SexuellerMissbrauch1 (7.2.2010)<\/span><\/li>\n<li><span style=\"font-family: Arial;\"><a href=\"https:\/\/www.freiburg-schwarzwald.de\/zoelibat.htm#Ehe wird trotz Missbrauchsf\u00e4llen auch nicht abgeschafft\">Ehe wird trotz Missbrauchsf\u00e4llen auch nicht abgeschafft<\/a>\u00a0&gt;Zoelibat (5.2.2010)<\/span><\/li>\n<li><span style=\"font-family: Arial;\"><span style=\"font-family: Arial; font-size: small;\"><a href=\"https:\/\/www.freiburg-schwarzwald.de\/zoelibat.htm#Homosexualit\u00e4t, Z\u00f6libat und P\u00e4dophilie\">Homosexualit\u00e4t, Z\u00f6libat und P\u00e4dophilie<\/a>\u00a0&gt;Zoelibat (4.2.2010)<\/span><\/span><\/li>\n<li><span style=\"font-family: Arial;\"><a href=\"https:\/\/www.freiburg-schwarzwald.de\/zoelibat.htm#Z\u00f6libat als Ursache f\u00fcr p\u00e4dophile Handlungen von Priestern\">Z\u00f6libat als Ursache f\u00fcr p\u00e4dophile Handlungen von Priestern?<\/a>\u00a0(1.2.2010)<\/span><\/li>\n<li><span style=\"font-family: Arial;\"><a href=\"https:\/\/www.freiburg-schwarzwald.de\/homosexualitaet.htm#Mi\u00dfbrauch am Canisius-Kolleg Berlin: Angstproblem der Kirche\">Mi\u00dfbrauch am Canisius-Kolleg Berlin: Angstproblem der Kirche<\/a>\u00a0&gt;Homosexualitaet (30.1.2010)<\/span><\/li>\n<li><span style=\"font-family: Arial;\"><a href=\"https:\/\/www.freiburg-schwarzwald.de\/zoelibat.htm#Sch\u00fcler in Berliner Jesiutenschule jahrelang sexuell mi\u00dfbraucht\">Sch\u00fcler in Berliner Jesiutenschule jahrelang sexuell mi\u00dfbraucht<\/a>\u00a0&gt;Zoelibat (29.1.2010)<\/span><\/li>\n<li><span style=\"font-family: Arial;\"><span style=\"font-size: small;\"><span style=\"font-size: small;\"><a href=\"https:\/\/www.freiburg-schwarzwald.de\/littenweiler\/seelsorgeeinheit-freiburg-ost1.htm#Die Unbeweglichkeit der Amtskiche - Z\u00f6libat\">Die Unbeweglichkeit der Amtskiche &#8211; Z\u00f6libat<\/a>\u00a0&gt;Seelsorgeeinheit-Freiburg-Ost1 (28.1.2010)<\/span><\/span><\/span><\/li>\n<li><span style=\"font-family: Arial;\"><a href=\"https:\/\/www.freiburg-schwarzwald.de\/kirchen4.htm#Priestermangel: Beten allein hilft bestimmt nicht\">Priestermangel: Beten allein hilft bestimmt nicht<\/a>\u00a0&gt;Kirchen4 (14.10.2009)<\/span><\/li>\n<li><span style=\"font-family: Arial;\"><a href=\"https:\/\/www.freiburg-schwarzwald.de\/zoelibat.htm#Theologisch unn\u00f6tig - die Meinung von Robert Zollitsch \u00fcber den Z\u00f6libat\">Theologisch unn\u00f6tig &#8211; die Meinung von Robert Zollitsch \u00fcber den Z\u00f6libat<\/a>\u00a0 &gt;Zoelibat (20.2.2008<\/span><\/li>\n<li><span style=\"font-family: Arial;\"><a href=\"https:\/\/www.freiburg-schwarzwald.de\/kirchen3.htm#Papst und Z\u00f6libat: Gemeinden werden weiter ausbluten\">Papst und Z\u00f6libat: Gemeinden werden weiter ausbluten<\/a>\u00a0&gt;Kirchen3 (30.3.2007)<\/span><\/li>\n<li><span style=\"font-family: Arial;\"><a href=\"https:\/\/www.freiburg-schwarzwald.de\/dichter2.htm#Heinrich-Hansjakob-Gesellschaft erinnert an den Pfarrer und Denker\">Heinrich -Hansjakob: Pfarrer mit mehreren Kindern<\/a>\u00a0&gt;Dichter2 (18.7.2006)<br \/>\n<\/span><\/li>\n<li><span style=\"font-family: Arial;\"><a href=\"https:\/\/www.freiburg-schwarzwald.de\/sexuellermissbrauch1.htm\">Sexueller Mi\u00dfbrauch in der kath. Kirche<\/a>\u00a0&gt;SexuellerMissbrauch1<\/span><\/li>\n<li><\/li>\n<li><strong><a href=\"Initiative Kirchenparlamente in Basel: Gegen Z\u00f6libat und f\u00fcr weibliche Priester &gt;Zoelibat (12.1.12) Memorandum-Freiheit: \u00dcber 256 katholische ProfessorInnen &gt;Zoelibat (4.2.2011) Herz Jesu-Gemeindepfarrer Hansj\u00f6rg Rasch: R\u00fcckentwicklung 2010 &gt;Stuehlinger (29.12.10) Es herrscht Gl\u00e4ubigenmangel, nicht Priestermangel &gt;Kirchen4 87.8.2010) Benedikts Schweigen - sind wir noch Papst? (12.4.2010) Wann h\u00f6rt das Verstecken und Verschleiern endlich auf? &gt;Zoelibat (30.3.2010) Der Z\u00f6libat ist eine Fiktion (16.3.2010) Z\u00f6libat\u00e4re Lebensform wirkt f\u00fcr P\u00e4dosexuelle \u00e4u\u00dferst anziehend &gt;Zoelibat (15.3.2010) Jesuitenorden: Das eigene Fleisch soll man b\u00e4ndigen &gt;Zoelibat (6.3.2010) Z\u00f6libat und Missbrauch - eine Aussenansicht &gt;Zoelibat (27.2.2010) Korpsgeist und K\u00f6rper - Erkl\u00e4rungsversuch eines Theologen &gt;Zoelibat (24.2.2010) Z\u00f6libat eignet sich f\u00fcr Menschen mit konfliktbeladener Sexualit\u00e4t (18.2.2010) Machtmissbrauch und sexualisierte Gewalt in der Kirche &gt;SexuellerMissbrauch1 (7.2.2010) Ehe wird trotz Missbrauchsf\u00e4llen auch nicht abgeschafft &gt;Zoelibat (5.2.2010) Homosexualit\u00e4t, Z\u00f6libat und P\u00e4dophilie &gt;Zoelibat (4.2.2010) Z\u00f6libat als Ursache f\u00fcr p\u00e4dophile Handlungen von Priestern? (1.2.2010) Mi\u00dfbrauch am Canisius-Kolleg Berlin: Angstproblem der Kirche &gt;Homosexualitaet (30.1.2010) Sch\u00fcler in Berliner Jesiutenschule jahrelang sexuell mi\u00dfbraucht &gt;Zoelibat (29.1.2010) Die Unbeweglichkeit der Amtskiche - Z\u00f6libat &gt;Seelsorgeeinheit-Freiburg-Ost1 (28.1.2010) Priestermangel: Beten allein hilft bestimmt nicht &gt;Kirchen4 (14.10.2009) Theologisch unn\u00f6tig - die Meinung von Robert Zollitsch \u00fcber den Z\u00f6libat  &gt;Zoelibat (20.2.2008 Papst und Z\u00f6libat: Gemeinden werden weiter ausbluten &gt;Kirchen3 (30.3.2007) Heinrich -Hansjakob: Pfarrer mit mehreren Kindern &gt;Dichter2 (18.7.2006)   Sexueller Mi\u00dfbrauch in der kath. Kirche &gt;SexuellerMissbrauch1\">www.freiburg-schwarzwald.de\/zoelibat.htm<\/a> &gt;Archivseite Z\u00f6libat<\/strong><\/li>\n<\/ul>\n<p>&nbsp;<\/p>\n<p>Zwei \u00fcberf\u00e4llige Reformen in der katholischen Kirchen:<br \/>\nDen Zwang zum Z\u00f6libat f\u00fcr Priester abschaffen. Gleichberechtigung von Frauen auch in der Kirche.<\/p>\n<p>&#8222;10000 katholische Priester haben ihr Amt in den vergangenen zehn Jahren deswegen aufgegeben&#8220;, so Edith Wolf von der &#8222;Vereinigung katholischer Priester und ihrer Frauen (VKPF), einer deutschlandweiten Selbsthilfegruppe zur Abschaffung des Z\u00f6libats mit 180 Mitgliedern.<br \/>\nIn der Erzdi\u00f6zese Freiburg sind 2003-2013 acht Priester wegen ihrer Liebe aus dem Amt geschieden (bei knapp 900 Priestern weniger als 1%).<\/p>\n<p>&#8212;&#8212;&#8212;&#8212;&#8212;&#8212;&#8212;&#8212;&#8212;&#8212;&#8212;&#8212;&#8212;&#8212;&#8212;&#8212;&#8212;<\/p>\n<p>&nbsp;<\/p>\n<p><strong>Pfarrer Stefan Hartmann will Z\u00f6libat-Diskussion mit TV-Auftritt neu ansto\u00dfen<\/strong><\/p>\n<p><em>Stefan Hartmann, kath. Priester in Oberhaid in Oberfranken, 10 km von Bamberg, hat seiner Pfarrgemeinde im Jahr 2008 und der Fernseh-\u00d6ffentlichkeit am 10.1.2014 in der SWR-Sendung Nachtcafe gestanden, dass er trotz Z\u00f6libat eine Tochter hat. &#8222;Der Z\u00f6libat ist ein Anachronismus&#8220; sagte er am Ende der TV-Sendung (zur Erinnerung: Auch ein Kreis mit Ecken ist ein Anachronismus). Und er machte deutlich, dass er zwar auf den Papst Franziskus hoffe, dass aber Ver\u00e4nderungen in der katholischen Kirche nur durch Anst\u00f6\u00dfe und Druck &#8222;von unten&#8220; zu erwarten seien.\u00a0<\/em><\/p>\n<p>Ein gro\u00dfes Wagnis ging Dr.\u00a0Stefan Hartmann\u00a0ein, als sich der katholische Pfarrer auf eine Liebesaff\u00e4re einlie\u00df und trotz des Z\u00f6libats Vater wurde. 15 Jahre lang hat er seine Tochter verleugnet, um seine Kirchenkarriere nicht zu riskieren. \u201eDas lange Schweigen war feige und ist durch nichts gut zu machen\u201c, so Hartmann. Heute dient er immer noch der Kirche, bekennt sich aber offen zu einer Lebensl\u00fcge und bittet um Verzeihung. \u201eDaf\u00fcr ist es nie zu sp\u00e4t\u201c.<br \/>\n10.1.2014, <a href=\"www.swr.de\/nachtcafe \">www.swr.de\/nachtcafe<\/a><\/p>\n<p>&nbsp;<\/p>\n<p>&nbsp;<\/p>\n<p><strong>Warum l\u00e4sst man die Priester nicht selbst w\u00e4hlen?<\/strong><br \/>\nKeiner wei\u00df, wer sich den Z\u00f6libat ausgedacht hat, wie so vieles andere in Bezug auf Religion und Glaube. Klug ist das von den Verantwortlichen der Kirche nicht gewesen. Jeder wei\u00df sicher, dass der Geschlechtstrieb angeboren ist, also von Gott gewollt, und ausgelebt werden will. Wird das durch den Z\u00f6libat mit fadenscheinigen Gr\u00fcnden unterdr\u00fcckt, kommt es eben zu vielen \u00dcbergriffen an Kindern, die ohne aufgezwungenen Z\u00f6libat nicht geschehen w\u00e4ren.\u00a0Es ist zu hoffen, dass Papst Franziskus zumindest \u00fcber eine L\u00f6sung des Problems nachdenkt und die katholischen Priester selbst entscheiden l\u00e4sst, ob sie keusch sein wollen oder nicht \u2013 wie bei den evangelischen Pfarrern. Das steht einer guten Seelsorgearbeit nicht im Wege, und der katholische Priestermangel w\u00e4re behoben. Das w\u00e4re sicher in Gottes Sinne.<br \/>\n25.1.2014.\u00a0Differt Oswin Strittmatt, G\u00f6rwihl<\/p>\n<p><a href=\"www.swr.de\/nachtcafe \"><br \/>\n<\/a><br \/>\n<strong>Kritik am Zwangsz\u00f6libat, nicht aber an der Z\u00f6libatsverpflichtung allgemein<\/strong><br \/>\n&#8222;Mit meiner deutlichen Z\u00f6libatkritik m\u00f6chte ich nicht den Sinn und die Glaubw\u00fcrdigkeit des z\u00f6libat\u00e4ren Lebens vieler Ordensleute und Priester, die sich an eine geistliche Regel halten, in Frage stellen. Sinn und Glaubw\u00fcrdigkeit w\u00fcrden aber weit mehr aufleuchten k\u00f6nnen, wenn die Z\u00f6libatsverpflichtung der Weltpriester offen gestellt w\u00fcrde. Viele Mitbr\u00fcder leiden uns\u00e4glich unter der Einsamkeit, der sie sich in jungen Jahren aus Idealismus versprochen haben.&#8220;<br \/>\nPriester Stefan Hartmann auf seiner Facebook-Seite.<br \/>\nOffener Pfingstbrief an den Papst:<br \/>\n<a href=\"https:\/\/de-de.facebook.com\/notes\/stefan-hartmann\/offener-pfingstbrief-an-sh-papst-franziskus\/558466357538699 \">https:\/\/de-de.facebook.com\/notes\/stefan-hartmann\/offener-pfingstbrief-an-sh-papst-franziskus\/558466357538699\u00a0<\/a><br \/>\n<a href=\"https:\/\/stefanhartmann.npage.de\/  \">https:\/\/stefanhartmann.npage.de\/<\/a><\/p>\n<p><strong><br \/>\nHallo, ich bin deine Tochter<br \/>\n<\/strong>Nicht jeder habe das Charisma des Z\u00f6libats, nicht jeder sei zu Ehelosigkeit berufen. &#8222;Ich selbst habe die Einsamkeit oft nicht ausgehalten&#8220;, berichtet er. Andere Kollegen seien depressiv geworden oder alkoholkrank, andere lebten ein Doppelleben. &#8222;Man kann keinem jungen Mann heute empfehlen, den Weltpriesterdienst anzufangen&#8220;, sagt er, der Sp\u00e4tberufene, der vor seiner Priesterweihe 1982 schon Beziehungen zu Frauen hatte. &#8230;.<br \/>\nAlles vom 18.1.2014 bitte lesen auf<br \/>\n<a href=\"https:\/\/www.badische-zeitung.de\/nachrichten\/deutschland\/hallo-ich-bin-deine-tochter--79769778.html\">https:\/\/www.badische-zeitung.de\/nachrichten\/deutschland\/hallo-ich-bin-deine-tochter&#8211;79769778.html<br \/>\n<\/a><br \/>\n<strong>Redeverbot<\/strong><br \/>\nDer katholische Pfarrer Stefan Hartmann aus dem oberfr\u00e4nkischen Oberhaid darf sich bis auf weiteres nicht mehr \u00f6ffentlich zur Ehelosigkeit der Priester \u00e4u\u00dfern. &#8222;Ab sofort haben Sie sich jeder weiteren \u00c4u\u00dferungen zum Z\u00f6libat und anderen damit zusammenh\u00e4ngenden Themen zu enthalten&#8220;, hei\u00dft es in einem Ermahnungsschreiben des Erzbisch\u00f6flichen Ordinariats Bamberg. &#8230;..<br \/>\nAlles vom 18.1.2014 bitte lesen auf<br \/>\n<a href=\"https:\/\/www.katholisch.de\/de\/katholisch\/themen\/kirche_2\/140117_erzbistum_verordnet_pfarrer_schweigen.php\">https:\/\/www.katholisch.de\/de\/katholisch\/themen\/kirche_2\/140117_erzbistum_verordnet_pfarrer_schweigen.php<br \/>\n<\/a>\u00a0 \u00a0 \u00a0.<\/p>\n<p><strong>Im Stra\u00dfenverkehr nennt sich dies Fahrerflucht und wird bestraft<\/strong><br \/>\nEin Kind, ein Himmelsgeschenk k\u00fcndigt sich an. Die Mutter empf\u00e4ngt es und bringt es zur Welt, durch Dritte erh\u00e4lt sie einen Blumenstrau\u00df. Da schleicht sich jemand davon: ein Priester, der Vater des Kindes. Unglaublich; fast tiefstes Mittelalter! Im Stra\u00dfenverkehr nennt man dies Fahrerflucht, und da wird es, wenn man erwischt wird, bestraft. Heute, im mitmenschlichen Bereich, wenn die Alimente gezahlt werden, nicht!\u00a0Das Gewissen des Priesters schl\u00e4gt f\u00fcr Rom und nicht f\u00fcr die Sch\u00f6pfung. Und das aufkeimende Leben, die junge Seele, das Kostbarste von der Welt?<br \/>\nAbgesehen davon, dass es da auch eine Verantwortung f\u00fcr die Mutter des Kindes g\u00e4be! Erst wenn das Kind heranw\u00e4chst, urteilsf\u00e4hig wird, sich selber auf die Suche begibt und anklopft &#8222;Hallo, hier ist Deine Tochter!&#8220;, ist der Vater bereit, sich auf eine Ann\u00e4herung einzulassen&#8230;<br \/>\nM\u00f6gen Priester wie Stefan Hartmann und Theologen wie Karl Rahner noch erfahren, dass der Papst die T\u00fcr, die zur Entkoppelung von Priestertum und Z\u00f6libat f\u00fchrt, ganz ge\u00f6ffnet hat, und m\u00f6gen die Theologinnen erfahren, dass er auch das Priesterinnenamt erm\u00f6glicht hat. Das sind keine frommen W\u00fcnsche, das ist eine dr\u00e4ngende Notwendigkeit.<br \/>\n15.2.2014, Ingeborg Neukirch<\/p>\n","protected":false},"excerpt":{"rendered":"<p>\u00a0Home &gt;Religion\u00a0&gt;Katholisch\u00a0&gt;Zoelibat Pfarrer Stefan Hartmann will Z\u00f6libat-Diskussion mit TV-Auftritt neu ansto\u00dfen (18.1.2014) Initiative Kirchenparlamente in Basel: Gegen Z\u00f6libat und f\u00fcr weibliche Priester\u00a0&gt;Zoelibat (12.1.12) Memorandum-Freiheit: \u00dcber 256 katholische ProfessorInnen\u00a0&gt;Zoelibat (4.2.2011) Herz Jesu-Gemeindepfarrer Hansj\u00f6rg Rasch: R\u00fcckentwicklung 2010\u00a0&gt;Stuehlinger (29.12.10) Es herrscht Gl\u00e4ubigenmangel, nicht &hellip; <a href=\"https:\/\/www.freiburg-schwarzwald.de\/blog\/religion\/katholisch\/zoelibat\/\">Weiterlesen <span class=\"meta-nav\">&rarr;<\/span><\/a><\/p>\n","protected":false},"author":2,"featured_media":0,"parent":5106,"menu_order":0,"comment_status":"open","ping_status":"closed","template":"","meta":{"footnotes":""},"class_list":["post-44101","page","type-page","status-publish","hentry"],"_links":{"self":[{"href":"https:\/\/www.freiburg-schwarzwald.de\/blog\/wp-json\/wp\/v2\/pages\/44101","targetHints":{"allow":["GET"]}}],"collection":[{"href":"https:\/\/www.freiburg-schwarzwald.de\/blog\/wp-json\/wp\/v2\/pages"}],"about":[{"href":"https:\/\/www.freiburg-schwarzwald.de\/blog\/wp-json\/wp\/v2\/types\/page"}],"author":[{"embeddable":true,"href":"https:\/\/www.freiburg-schwarzwald.de\/blog\/wp-json\/wp\/v2\/users\/2"}],"replies":[{"embeddable":true,"href":"https:\/\/www.freiburg-schwarzwald.de\/blog\/wp-json\/wp\/v2\/comments?post=44101"}],"version-history":[{"count":0,"href":"https:\/\/www.freiburg-schwarzwald.de\/blog\/wp-json\/wp\/v2\/pages\/44101\/revisions"}],"up":[{"embeddable":true,"href":"https:\/\/www.freiburg-schwarzwald.de\/blog\/wp-json\/wp\/v2\/pages\/5106"}],"wp:attachment":[{"href":"https:\/\/www.freiburg-schwarzwald.de\/blog\/wp-json\/wp\/v2\/media?parent=44101"}],"curies":[{"name":"wp","href":"https:\/\/api.w.org\/{rel}","templated":true}]}}