{"id":44,"date":"2012-03-28T19:32:45","date_gmt":"2012-03-28T19:32:45","guid":{"rendered":"https:\/\/www.freiburg-schwarzwald.de\/blog\/?page_id=44"},"modified":"2025-08-23T21:24:17","modified_gmt":"2025-08-23T19:24:17","slug":"tourismus","status":"publish","type":"page","link":"https:\/\/www.freiburg-schwarzwald.de\/blog\/tourismus\/","title":{"rendered":"Tourismus"},"content":{"rendered":"<p><a href=\"https:\/\/www.freiburg-schwarzwald.de%20\">Home<\/a> &gt;Tourismus<\/p>\n<div id=\"attachment_551\" style=\"width: 650px\" class=\"wp-caption alignnone\"><a href=\"https:\/\/www.freiburg-schwarzwald.de\/blog\/wp-content\/uploads\/2012\/03\/kohlerhof1.jpg\"><img loading=\"lazy\" decoding=\"async\" aria-describedby=\"caption-attachment-551\" class=\" wp-image-551 \" title=\"kohlerhof1\" src=\"https:\/\/www.freiburg-schwarzwald.de\/blog\/wp-content\/uploads\/2012\/03\/kohlerhof1.jpg\" alt=\"\" width=\"640\" height=\"480\" srcset=\"https:\/\/www.freiburg-schwarzwald.de\/blog\/wp-content\/uploads\/2012\/03\/kohlerhof1.jpg 640w, https:\/\/www.freiburg-schwarzwald.de\/blog\/wp-content\/uploads\/2012\/03\/kohlerhof1-180x135.jpg 180w\" sizes=\"auto, (max-width: 640px) 100vw, 640px\" \/><\/a><p id=\"caption-attachment-551\" class=\"wp-caption-text\">Ohne Bauern gibt es keine Schwarzwaldlandschaft und ohne das typische Landschaftsbild mit dem Wechsel von Wald und Weiden wird der Tourismus bedeutungslos werden<\/p><\/div>\n<ul>\n<li><em>Listenauswahl eines Beitrags: Bitte anklicken oder runterscrollen<\/em><\/li>\n<li><a href=\"https:\/\/www.freiburg-schwarzwald.de\/blog\/regio\/freiburg\/freiburg-tourist\/\">www.visit-freiburg.de \u2013 neues Design<\/a>\u00a0(23.8.2025)<\/li>\n<li><a href=\"https:\/\/www.freiburg-schwarzwald.de\/blog\/messerstich-an-holocaust-stele\/\">Messerstich an Holocaust-Stele<\/a>\u00a0(22.2.2025)<\/li>\n<li><a href=\"http:\/\/urlaub\/\">Freigang f\u00fcr die Sklaven \u2013 Die Deutschen und ihr geliebter Urlaub<\/a>\u00a0(3.8.2024)<\/li>\n<li><a href=\"https:\/\/www.freiburg-schwarzwald.de\/blog\/regio\/orte\/glottertal\/\">Tourismus-Verein Glottertal \u2013 Neustart<\/a> (7.7.2023)<\/li>\n<li><a href=\"https:\/\/www.freiburg-schwarzwald.de\/blog\/business\/gesund\/corona-virus\/corona-gastro\/\">Gastronomie und Tourismus: Verl\u00e4ssliche Tr\u00e4ger der Pandemie<\/a>\u00a0(30.9.2022)<\/li>\n<li><a href=\"https:\/\/www.freiburg-schwarzwald.de\/blog\/regio\/orte\/staufen\/\">Zweckverband Breisgau S\u00fcd Touristik<\/a>\u00a0(4.8.2022)<\/li>\n<li><a href=\"https:\/\/www.freiburg-schwarzwald.de\/blog\/energie\/wind\/windkraft\/\">Windkraftgegner und HTG h\u00f6ren Herrenknecht hinter verschlossener T\u00fcr<\/a>\u00a0(27.10.21)<\/li>\n<li><a href=\"https:\/\/www.freiburg-schwarzwald.de\/blog\/wandern-landkarte-statt-handy\/\">Wandern. Landkarte statt Handy<\/a>\u00a0(11.10.2021)<\/li>\n<li><a href=\"https:\/\/www.freiburg-schwarzwald.de\/blog\/natur\/wald\/\">Waldaufr\u00e4umer- Clean-Up-Days im Schwarzwald<\/a>\u00a0(8.7.2021)<\/li>\n<li><a href=\"https:\/\/www.freiburg-schwarzwald.de\/blog\/global\/schweiz\/suisse\/\">Bielersee, Lac de Neuchatel und Murtensee mit dem Velo<\/a> (14.6.2021)<\/li>\n<li><a href=\"https:\/\/www.freiburg-schwarzwald.de\/blog\/regio\/berge\/kandel\/\">Bergwelt Kandel \u2013 Gastronomie und Hotel \u00f6ffnen am 1.7.2021<\/a>\u00a0(23.6.2021)<\/li>\n<li><a href=\"https:\/\/www.freiburg-schwarzwald.de\/blog\/schwarzwaldverein-wege-gut\/\">Schwarzwaldverein: Wege gut? Alles gut!<\/a>\u00a0(16.6.2021)<\/li>\n<li><a href=\"https:\/\/www.freiburg-schwarzwald.de\/blog\/bodensee-d-zu-ch-aut-offen\/\">Bodensee: D zu, CH AUT offen<\/a>\u00a0(4.6.2021)<\/li>\n<li><a href=\"https:\/\/www.freiburg-schwarzwald.de\/blog\/wandern-und-biken-mit-einkehr\/\">Wandern und Biken mit Einkehr<\/a>\u00a0(23.4.2021)<\/li>\n<li><a href=\"https:\/\/www.freiburg-schwarzwald.de\/blog\/tourismus\/steinwasenpark\/\">Steinwasenpark Oberried hat ge\u00f6ffnet \u2013 allerdings mit Einschr\u00e4nkungen<\/a>\u00a0 (19.4.2021)<\/li>\n<li><a href=\"https:\/\/www.freiburg-schwarzwald.de\/blog\/tourismus\/reisefreiheit\/\">Republikfl\u00fcchtlinge II: Feindbild Urlauber<\/a> (26.3.2021)<\/li>\n<li><a title=\"Wald\" href=\"https:\/\/www.freiburg-schwarzwald.de\/blog\/natur\/wald\/\">Waldbadepfad in Bollschweil l\u00e4dt zur Entspannung ein<\/a>\u00a0(20.6.2020)<\/li>\n<li><a title=\"H\u00f6llental- und Kaiserstuhlbahn\" href=\"https:\/\/www.freiburg-schwarzwald.de\/blog\/hoellental-und-kaiserstuhlbahn-trennen\/\">H\u00f6llentalbahn und Kaiserstuhlbahn trennen<\/a>\u00a0(10.1.2020)<\/li>\n<li><a title=\"11. Mundart-Festival Breitnau\" href=\"https:\/\/www.freiburg-schwarzwald.de\/blog\/11-mundart-festival-breitnau\/\">11. Hochschwarzw\u00e4lder Kleinkunst-Festival in\u00a0Breitnau<\/a>\u00a0(2.9.2019)<\/li>\n<li><a title=\"Alte-Hochschwarzwaelder\" href=\"https:\/\/www.freiburg-schwarzwald.de\/blog\/regio\/hochschwarzwald\/alte-hochschwarzwaelder\/\">Fotoausstellung: Alte Menschen im Hochschwarzwald<\/a>\u00a0 (12.5.2019)<\/li>\n<li><a href=\"https:\/\/www.freiburg-schwarzwald.de\/blog\/seilbahn-bau-schoenau-belchen\/\">https:\/\/www.freiburg-schwarzwald.de\/blog\/seilbahn-bau-schoenau-belchen\/<\/a>\u00a0(23.3.2014)<\/li>\n<li><a href=\"https:\/\/www.freiburg-schwarzwald.de\/blog\/unwort-2013-sozialtourismus\/\">https:\/\/www.freiburg-schwarzwald.de\/blog\/unwort-2013-sozialtourismus\/<\/a> (14.1.2014)<\/li>\n<li><a href=\"https:\/\/www.freiburg-schwarzwald.de\/blog\/israelis-schwarzwald-touristen\/\">https:\/\/www.freiburg-schwarzwald.de\/blog\/israelis-schwarzwald-touristen\/<\/a>\u00a0(14.12.2013)<\/li>\n<li><a href=\"https:\/\/www.freiburg-schwarzwald.de\/blog\/bettensteuer-touristen-freiburg\/\">https:\/\/www.freiburg-schwarzwald.de\/blog\/bettensteuer-touristen-freiburg\/<\/a>\u00a0(20.10.2013)<\/li>\n<li><a href=\"https:\/\/www.freiburg-schwarzwald.de\/blog\/bettler-mit-tiefer-wunde-am-bein\/\">https:\/\/www.freiburg-schwarzwald.de\/blog\/bettler-mit-tiefer-wunde-am-bein\/<\/a>\u00a0(7.10.2013)<\/li>\n<li><a href=\"https:\/\/www.freiburg-schwarzwald.de\/blog\/freiburg-fuer-alle-stadtfuehrer\/\">https:\/\/www.freiburg-schwarzwald.de\/blog\/freiburg-fuer-alle-stadtfuehrer\/<\/a>\u00a0(27.6.2013)<\/li>\n<li><a href=\"https:\/\/www.freiburg-schwarzwald.de\/blog\/vermieter-haftet-fewo-internet\/\">https:\/\/www.freiburg-schwarzwald.de\/blog\/vermieter-haftet-fewo-internet\/<\/a>\u00a0(15.6.2013)<\/li>\n<li><a href=\"https:\/\/www.freiburg-schwarzwald.de\/blog\/htg-drei-lifestyle-wanderer\/\">https:\/\/www.freiburg-schwarzwald.de\/blog\/htg-drei-lifestyle-wanderer\/<\/a>\u00a0(19.4.2013)<\/li>\n<li><a href=\"https:\/\/www.freiburg-schwarzwald.de\/blog\/e-smart-hochschwarzwald-preis\/\">https:\/\/www.freiburg-schwarzwald.de\/blog\/e-smart-hochschwarzwald-preis\/<\/a>\u00a0(10.11.2012)<\/li>\n<li><\/li>\n<li><a href=\"https:\/\/www.freiburg-schwarzwald.de\/einkehren.htm\">Ausflugslokale<\/a> &gt;Einkehren<\/li>\n<li><a href=\"https:\/\/www.freiburg-schwarzwald.de\/barrierefrei.htm#Barrierefreier Tourismus - Tourist-Info Titisee und Diakonie Freiburg\">Barrierefreier Tourismus &#8211; Tourist-Info Titisee und Diakonie Freiburg<\/a> &gt;Barrierefrei<\/li>\n<li><a title=\"Bauernhof\" href=\"https:\/\/www.freiburg-schwarzwald.de\/blog\/tourismus\/bauernhof\/\">Bauernh\u00f6fe- Verzeichnis <\/a><\/li>\n<li><a href=\"https:\/\/www.freiburg-schwarzwald.de\/regio.htm\">Besuchen in der Regio<\/a><\/li>\n<li><a href=\"https:\/\/www.freiburg-schwarzwald.de\/branchenbuch\">Branchenverzeichnis Breisgau-Hochschwarzwald &#8211; nat\u00fcrlich auch Tourismus<\/a> &gt;Branchenbuch<\/li>\n<li><a title=\"Camping\" href=\"https:\/\/www.freiburg-schwarzwald.de\/blog\/tourismus\/camping\/\">Campingpl\u00e4tze<\/a><\/li>\n<li><a href=\"https:\/\/www.freiburg-schwarzwald.de\/blog\/business\/gesund\/corona-virus\/corona-gastro\/\">Corona-Gastro<\/a><\/li>\n<li><a href=\"https:\/\/www.freiburg-schwarzwald.de\/littenweiler\/events.htm\">Dreisamtal-Tourismus &#8211; Veranstaltungen<\/a> &gt;Freiburg-Dreisamtal.de\/Events<\/li>\n<li><a href=\"https:\/\/www.freiburg-schwarzwald.de\/einkehren.htm\">Einkehr-Lokale beim Ausflug<\/a> &gt;Einkehren<\/li>\n<li><a title=\"Europa-Park\" href=\"https:\/\/www.freiburg-schwarzwald.de\/blog\/tourismus\/europa-park\/\">Europa-Park<\/a><\/li>\n<li><a title=\"Expedition\" href=\"https:\/\/www.freiburg-schwarzwald.de\/blog\/tourismus\/expedition\/\">Expeditionen von Schwarzw\u00e4ldern in alle Welt<\/a> &gt;Expedition<\/li>\n<li><a href=\"https:\/\/www.freiburg-schwarzwald.de\/bauernhof\/index.htm\">Ferien auf dem Bauernhof &#8211; das gro\u00dfe Verzeichnis mit \u00fcber 1100 Bauernh\u00f6fen<\/a> &gt;Bauernhofverzeichnis<\/li>\n<li><a href=\"https:\/\/www.freiburg-schwarzwald.de\/orte.htm\">Ferienorte, Schwarzwaldgemeinden<\/a> &gt;Orte<\/li>\n<li><a href=\"https:\/\/www.freiburg-schwarzwald.de\/blog\/regio\/freiburg\/freiburg-tourist\/\">Freiburg-Tourist<\/a><\/li>\n<li><a href=\"https:\/\/www.freiburg-schwarzwald.de\/blog\/regio\/freizeitparks\/\">Freizeitparks<\/a><\/li>\n<li><a href=\"https:\/\/www.freiburg-schwarzwald.de\/littenweiler\/fuehrungen.htm\">F\u00fchrungen, Rundfahrten &#8211; Touren<\/a><\/li>\n<li><a href=\"https:\/\/www.freiburg-schwarzwald.de\/fussball-wm2006.htm\">Fussball WM und der Schwarzwald<\/a> &gt;FussballWM2006<\/li>\n<li><a href=\"https:\/\/www.freiburg-schwarzwald.de\/littenweiler\/fwtm.htm\">FWTM &#8211; Freiburg Wirtschaft Touristik und Messe GmbH<\/a> &gt;FWTM<\/li>\n<li><a title=\"Gastliches-Freiburg\" href=\"https:\/\/www.freiburg-schwarzwald.de\/blog\/tourismus\/gastliches-freiburg\/\">Gastliches Freiburg<\/a><\/li>\n<li><a title=\"Gastro\" href=\"https:\/\/www.freiburg-schwarzwald.de\/blog\/tourismus\/gastro\/\">Gastronomie<\/a><\/li>\n<li><a title=\"Gesundheitstourismus\" href=\"https:\/\/www.freiburg-schwarzwald.de\/blog\/business\/gesund\/gesundheitstourismus\/\">Gesundheitstourismus<\/a><\/li>\n<li><a href=\"https:\/\/www.freiburg-schwarzwald.de\/stpeterhornhof.htm\">Golfplatz in St. Peter? <\/a><\/li>\n<li><a href=\"https:\/\/www.freiburg-schwarzwald.de\/greencity.htm\">Green City &#8211; das ist Freiburg<\/a> &gt;GreenCity<\/li>\n<li><a title=\"Hochschwarzwald\" href=\"https:\/\/www.freiburg-schwarzwald.de\/blog\/regio\/hochschwarzwald\/\">Hochschwarzwald Tourismus GmbH in Hinterzarten<\/a> &gt;Hochschwarzwald<\/li>\n<li><a href=\"https:\/\/www.freiburg-schwarzwald.de\/hofladen.htm\">Hofladen und Direktvermarktung <\/a><\/li>\n<li><a title=\"Huetten\" href=\"https:\/\/www.freiburg-schwarzwald.de\/blog\/tourismus\/gastro\/huetten\/\">Huetten<\/a><\/li>\n<li><a href=\"https:\/\/www.freiburg-schwarzwald.de\/littenweiler\/links.htm#Informationsdienste im Internet\">Internetseiten: Regio-Portale, Tourismusverzeichnisse<\/a> &gt;Freiburg-Dreisamtal.de\/Links<\/li>\n<li><a title=\"Jugendherberge\" href=\"https:\/\/www.freiburg-schwarzwald.de\/blog\/tourismus\/gastro\/jugendherberge\/\">Jugendherberge<\/a><\/li>\n<li><a href=\"https:\/\/www.freiburg-schwarzwald.de\/sanftertourismus1.htm#KONUS - Bahnen und Busse ab 1.1.2005 kostenlos\">KONUS &#8211; Kostenlose Nutzung \u00f6ffentl. Verkehrsmittel im Schwarzwald<\/a> &gt;SanfterTourismus1 (1.1.2005)<\/li>\n<li><a href=\"https:\/\/www.freiburg-schwarzwald.de\/leader.htm\">Leader und Tourismus<\/a> &gt;Leader<\/li>\n<li><a href=\"https:\/\/www.freiburg-schwarzwald.de\/rhein.htm#Lebendiger Rhein - Rhin Vivant - rhein-oekotourismus.eu\">Lebendiger Rhein &#8211; Rhin Vivant &#8211; rhein-oekotourismus.eu<\/a> &gt;Rhein<\/li>\n<li><a title=\"Markt\" href=\"https:\/\/www.freiburg-schwarzwald.de\/blog\/business\/markt\/\">Markt<\/a><\/li>\n<li><a title=\"Mundologia\" href=\"https:\/\/www.freiburg-schwarzwald.de\/blog\/tourismus\/reiseberichte\/mundologia\/\">Mundologia<\/a><\/li>\n<li><a title=\"Nationalpark\" href=\"https:\/\/www.freiburg-schwarzwald.de\/blog\/regio\/nationalpark\/\">Nationalpark<\/a><\/li>\n<li><a href=\"https:\/\/www.freiburg-schwarzwald.de\/natur.htm\">Natur &#8211; Naturschutz -Naturschutzgebiete<\/a><\/li>\n<li><a title=\"Orte\" href=\"https:\/\/www.freiburg-schwarzwald.de\/blog\/regio\/orte\/\">Orte<\/a><\/li>\n<li><a title=\"Reiseberichte\" href=\"https:\/\/www.freiburg-schwarzwald.de\/blog\/tourismus\/reiseberichte\/\">Reise- und Urlaubsberichte<\/a> &gt;Reiseberichte<\/li>\n<li><a href=\"https:\/\/www.freiburg-schwarzwald.de\/blog\/tourismus\/reisefreiheit\/\">Reisefreiheit<\/a><\/li>\n<li><a href=\"https:\/\/www.freiburg-schwarzwald.de\/pferde.htm\">Reiten<\/a><\/li>\n<li><a href=\"https:\/\/www.freiburg-schwarzwald.de\/sanftertourismus.htm\">Sanfter Tourismus?<\/a> &gt;SanfterTourismus<\/li>\n<li><a href=\"https:\/\/www.freiburg-schwarzwald.de\/blog\/regio\/hochschwarzwald\/schwarzwald-migration\/\">Schwarzwald-Migration<\/a><\/li>\n<li><a href=\"https:\/\/www.freiburg-schwarzwald.de\/littenweiler\/touristik.htm#Schwarzwald Touristik GmbH\">Schwarzwald Tourismus GmbH<\/a> &gt;Touristik<\/li>\n<li><a href=\"https:\/\/www.freiburg-schwarzwald.de\/skifahren.htm\">Skifahren<\/a><\/li>\n<li><a href=\"https:\/\/www.freiburg-schwarzwald.de\/blog\/global\/migration\/sozialtourismus\/\">Sozialtourismus<\/a><\/li>\n<li><a href=\"https:\/\/www.freiburg-schwarzwald.de\/sportlern.htm\">Sportlern<\/a><\/li>\n<li><a href=\"https:\/\/www.freiburg-schwarzwald.de\/blog\/tourismus\/steinwasenpark\/\">Steinwasenpark<\/a><\/li>\n<li><a title=\"Strassen\" href=\"https:\/\/www.freiburg-schwarzwald.de\/blog\/tourismus\/strassen\/\">Strassen &#8211; Ferienstrassen<\/a><\/li>\n<li><a title=\"Teneriffa\" href=\"https:\/\/www.freiburg-schwarzwald.de\/blog\/global\/spanien\/teneriffa\/\">Teneriffa<\/a><\/li>\n<li><a href=\"https:\/\/www.freiburg-schwarzwald.de\/breisgau-hochschwarzwald1.htm#Termindatenbank\u00a0Wirtschaft und Tourismus\">Termindatenbank\u00a0Wirtschaft und Tourismus<\/a> &gt;Breisgau-Hochschwarzwald1 (31.12.2005)<\/li>\n<li><a href=\"https:\/\/www.freiburg-schwarzwald.de\/littenweiler\/touristik.htm\">Touristik-Dienstleistungen<\/a><\/li>\n<li><a title=\"Tourismus-Dreisamtal\" href=\"https:\/\/www.freiburg-schwarzwald.de\/blog\/tourismus\/tourismus-dreisamtal\/\">Tourismus-Dreisamtal<\/a><\/li>\n<li><a href=\"https:\/\/www.freiburg-schwarzwald.de\/trirhena.htm#TourismTriRhena.com\">TourismTriRhena.com &#8211; Tourismus im Dreil\u00e4ndereck D-F-CH<\/a>\u00a0&gt;TriRhena<\/li>\n<li><a href=\"https:\/\/www.freiburg-schwarzwald.de\/leader.htm#Transinterpret.net - Natur und Kultur pr\u00e4sentieren\">Transinterpret.net &#8211; Natur und Kultur pr\u00e4sentieren<\/a> &gt;Leader<\/li>\n<li><a href=\"https:\/\/www.freiburg-schwarzwald.de\/blog\/tourismus\/urlaub\/\">Urlaub<\/a><\/li>\n<li><a href=\"https:\/\/www.freiburg-schwarzwald.de\/vereinsregister\">Vereine &#8211; auch Touristik<\/a> &gt;Vereinsregister<\/li>\n<li><a title=\"Wandern\" href=\"https:\/\/www.freiburg-schwarzwald.de\/blog\/sport\/wandern\/\">Wandern<\/a><\/li>\n<li><a href=\"https:\/\/www.freiburg-schwarzwald.de\/blog\/energie\/wind\/windkraft\/\">Windkraft<\/a><\/li>\n<li><a title=\"Webcams\" href=\"https:\/\/www.freiburg-schwarzwald.de\/blog\/tourismus\/1613-2\/\">Webcams<\/a><\/li>\n<li><a href=\"https:\/\/www.freiburg-schwarzwald.de\/wohnen.htm\">Wohnen und \u00dcbernachten<\/a><\/li>\n<li><a href=\"https:\/\/www.freiburg-schwarzwald.de\/ferien.htm\">Urlaub auf dem Lande<\/a><\/li>\n<\/ul>\n<h5><a href=\"https:\/\/www.freiburg-schwarzwald.de\/blog\/tourismus\/bollenhut-ente140117\/\" rel=\"attachment wp-att-44252\"><img loading=\"lazy\" decoding=\"async\" class=\"alignnone size-thumbnail wp-image-44252\" src=\"https:\/\/www.freiburg-schwarzwald.de\/blog\/wp-content\/uploads\/2012\/03\/bollenhut-ente140117-180x135.jpg\" alt=\"bollenhut-ente140117\" width=\"180\" height=\"135\" srcset=\"https:\/\/www.freiburg-schwarzwald.de\/blog\/wp-content\/uploads\/2012\/03\/bollenhut-ente140117-180x135.jpg 180w, https:\/\/www.freiburg-schwarzwald.de\/blog\/wp-content\/uploads\/2012\/03\/bollenhut-ente140117.jpg 640w\" sizes=\"auto, (max-width: 180px) 100vw, 180px\" \/><\/a>\u00a0 \u00a0 \u00a0 \u00a0 \u00a0\u00a0<a href=\"https:\/\/www.freiburg-schwarzwald.de\/blog\/tourismus\/bollenhut-nippes140117\/\" rel=\"attachment wp-att-44253\"><img loading=\"lazy\" decoding=\"async\" class=\"alignnone size-thumbnail wp-image-44253\" src=\"https:\/\/www.freiburg-schwarzwald.de\/blog\/wp-content\/uploads\/2012\/03\/bollenhut-nippes140117-135x180.jpg\" alt=\"bollenhut-nippes140117\" width=\"135\" height=\"180\" srcset=\"https:\/\/www.freiburg-schwarzwald.de\/blog\/wp-content\/uploads\/2012\/03\/bollenhut-nippes140117-135x180.jpg 135w, https:\/\/www.freiburg-schwarzwald.de\/blog\/wp-content\/uploads\/2012\/03\/bollenhut-nippes140117.jpg 480w\" sizes=\"auto, (max-width: 135px) 100vw, 135px\" \/><\/a><br \/>\n(1) Bollenhut-Enten 17.1.2014\u00a0 \u00a0 \u00a0 \u00a0 \u00a0 \u00a0 \u00a0 \u00a0 \u00a0(2) Bollenh\u00fcte und Uhren<\/h5>\n<h5>\u00a0<a href=\"https:\/\/www.freiburg-schwarzwald.de\/blog\/tourismus\/bollenhut-wirdsau140117\/\" rel=\"attachment wp-att-44255\"><img loading=\"lazy\" decoding=\"async\" class=\"alignnone size-thumbnail wp-image-44255\" src=\"https:\/\/www.freiburg-schwarzwald.de\/blog\/wp-content\/uploads\/2012\/03\/bollenhut-wirdsau140117-135x180.jpg\" alt=\"bollenhut-wirdsau140117\" width=\"135\" height=\"180\" srcset=\"https:\/\/www.freiburg-schwarzwald.de\/blog\/wp-content\/uploads\/2012\/03\/bollenhut-wirdsau140117-135x180.jpg 135w, https:\/\/www.freiburg-schwarzwald.de\/blog\/wp-content\/uploads\/2012\/03\/bollenhut-wirdsau140117.jpg 480w\" sizes=\"auto, (max-width: 135px) 100vw, 135px\" \/><\/a><br \/>\n(3) Bollenhut und Wildsau<\/h5>\n<p>&nbsp;<\/p>\n","protected":false},"excerpt":{"rendered":"<p>Home &gt;Tourismus Listenauswahl eines Beitrags: Bitte anklicken oder runterscrollen www.visit-freiburg.de \u2013 neues Design\u00a0(23.8.2025) Messerstich an Holocaust-Stele\u00a0(22.2.2025) Freigang f\u00fcr die Sklaven \u2013 Die Deutschen und ihr geliebter Urlaub\u00a0(3.8.2024) Tourismus-Verein Glottertal \u2013 Neustart (7.7.2023) Gastronomie und Tourismus: Verl\u00e4ssliche Tr\u00e4ger der Pandemie\u00a0(30.9.2022) Zweckverband &hellip; <a href=\"https:\/\/www.freiburg-schwarzwald.de\/blog\/tourismus\/\">Weiterlesen <span class=\"meta-nav\">&rarr;<\/span><\/a><\/p>\n","protected":false},"author":2,"featured_media":0,"parent":0,"menu_order":0,"comment_status":"open","ping_status":"closed","template":"","meta":{"footnotes":""},"class_list":["post-44","page","type-page","status-publish","hentry"],"_links":{"self":[{"href":"https:\/\/www.freiburg-schwarzwald.de\/blog\/wp-json\/wp\/v2\/pages\/44","targetHints":{"allow":["GET"]}}],"collection":[{"href":"https:\/\/www.freiburg-schwarzwald.de\/blog\/wp-json\/wp\/v2\/pages"}],"about":[{"href":"https:\/\/www.freiburg-schwarzwald.de\/blog\/wp-json\/wp\/v2\/types\/page"}],"author":[{"embeddable":true,"href":"https:\/\/www.freiburg-schwarzwald.de\/blog\/wp-json\/wp\/v2\/users\/2"}],"replies":[{"embeddable":true,"href":"https:\/\/www.freiburg-schwarzwald.de\/blog\/wp-json\/wp\/v2\/comments?post=44"}],"version-history":[{"count":6,"href":"https:\/\/www.freiburg-schwarzwald.de\/blog\/wp-json\/wp\/v2\/pages\/44\/revisions"}],"predecessor-version":[{"id":138218,"href":"https:\/\/www.freiburg-schwarzwald.de\/blog\/wp-json\/wp\/v2\/pages\/44\/revisions\/138218"}],"wp:attachment":[{"href":"https:\/\/www.freiburg-schwarzwald.de\/blog\/wp-json\/wp\/v2\/media?parent=44"}],"curies":[{"name":"wp","href":"https:\/\/api.w.org\/{rel}","templated":true}]}}