{"id":43890,"date":"2014-01-15T12:05:24","date_gmt":"2014-01-15T11:05:24","guid":{"rendered":"https:\/\/www.freiburg-schwarzwald.de\/blog\/?page_id=43890"},"modified":"2025-11-16T15:54:24","modified_gmt":"2025-11-16T14:54:24","slug":"erziehungsberatung","status":"publish","type":"page","link":"https:\/\/www.freiburg-schwarzwald.de\/blog\/bildung\/erziehungsberatung\/","title":{"rendered":"Erziehungsberatung"},"content":{"rendered":"<p><a href=\"https:\/\/freiburg-schwarzwald.de\/blog\">Home<\/a>\u00a0&gt;<a title=\"Bildung\" href=\"https:\/\/www.freiburg-schwarzwald.de\/blog\/bildung\/\">Bildung<\/a>\u00a0&gt;Erziehungsberatung<\/p>\n<div id=\"attachment_43610\" style=\"width: 648px\" class=\"wp-caption alignnone\"><a href=\"https:\/\/www.freiburg-schwarzwald.de\/blog\/natur\/flora\/hamamelis\/hamamelis2pan140107\/\" rel=\"attachment wp-att-43610\"><img loading=\"lazy\" decoding=\"async\" aria-describedby=\"caption-attachment-43610\" class=\"size-full wp-image-43610\" src=\"https:\/\/www.freiburg-schwarzwald.de\/blog\/wp-content\/uploads\/2014\/01\/hamamelis2pan140107.jpg\" alt=\"Bl\u00fchende Hamamelis am 7. Januar 2014 in Freiburg bei fr\u00fchlingshaften 16 Grad PLUS\" width=\"638\" height=\"359\" srcset=\"https:\/\/www.freiburg-schwarzwald.de\/blog\/wp-content\/uploads\/2014\/01\/hamamelis2pan140107.jpg 638w, https:\/\/www.freiburg-schwarzwald.de\/blog\/wp-content\/uploads\/2014\/01\/hamamelis2pan140107-180x101.jpg 180w\" sizes=\"auto, (max-width: 638px) 100vw, 638px\" \/><\/a><p id=\"caption-attachment-43610\" class=\"wp-caption-text\">Bl\u00fchende Hamamelis am 7. Januar 2014 in Freiburg bei fr\u00fchlingshaften 16 Grad PLUS<\/p><\/div>\n<ul>\n<li><a href=\"https:\/\/www.freiburg-schwarzwald.de\/blog\/tatort-kita-fruehsexualisierung\/\">Tatort Kita: Fr\u00fchsexualisierung<\/a>\u00a0(16.11.2025)<\/li>\n<li><a href=\"https:\/\/www.freiburg-schwarzwald.de\/blog\/selbsthilfe\/kinder\/kinderschutz\/\">Transgender-Ideologie bedroht Jugend: Kinderschutz erforderlich<\/a>\u00a0(6.7.2021)<\/li>\n<li>Streik der Erzieher (2.6.2015)<\/li>\n<li>P\u00e4dagogische Beratung hilft Kindern und Eltern (15.1.2014)<\/li>\n<li>Freiburger Zentrum f\u00fcr p\u00e4dagogische Beratung e.V.<\/li>\n<li>Wegweiser Bildung &#8211; Beratung in Freiburg<\/li>\n<li><\/li>\n<li><a title=\"Erziehung-Freiheit\" href=\"https:\/\/www.freiburg-schwarzwald.de\/blog\/bildung\/erziehung-freiheit\/\">Erziehung-Freiheit<\/a><\/li>\n<li><a href=\"https:\/\/www.freiburg-schwarzwald.de\/blog\/selbsthilfe\/kinder\/kinderschutz\/\">Kinderschutz<\/a><\/li>\n<li><a title=\"Jungen\" href=\"https:\/\/www.freiburg-schwarzwald.de\/blog\/selbsthilfe\/jugend\/jungen\/\">Jungen<\/a><\/li>\n<li><a title=\"Kindergarten\" href=\"https:\/\/www.freiburg-schwarzwald.de\/blog\/bildung\/kindergarten\/\">Kindergarten<\/a><\/li>\n<li><a title=\"Praegung\" href=\"https:\/\/www.freiburg-schwarzwald.de\/blog\/selbsthilfe\/kinder\/praegung\/\">Pr\u00e4gung &#8211; fr\u00fchkindlich<\/a><\/li>\n<\/ul>\n<p>&nbsp;<\/p>\n<p><strong>Freiburger Zentrum f\u00fcr p\u00e4dagogische Beratung e.V.<\/strong><br \/>\nErziehungsberatungsstelle mit den Schwerpunkten: Schulschwierigkeiten und Lernprobleme<\/p>\n<p>Das\u00a0&#8222;Freiburger Zentrum f\u00fcr p\u00e4dagogische Beratung e.V.\u201d\u00a0ist ein gemeinn\u00fctziger Verein, der eine anerkannte Erziehungsberatungsstelle unterh\u00e4lt. Der Verein besteht seit 1977 und ist Mitglied in der AWO, Kreisverband Freiburg e.V.. Die Beratungsstelle ist eine Einrichtung der Jugendhilfe.\u00a0Der\u00a0Arbeitsschwerpunktliegt im Angebot gezielter p\u00e4dagogisch-psychologischer Hilfen f\u00fcr Kinder und Jugendliche bei Lern- und Entwicklungsst\u00f6rungen, sowie bei sozialen und emotionalen Schwierigkeiten; dabei werden die beteiligten Erziehungspersonen mit einbezogen. Au\u00dferdem steht die Beratungsstelle Eltern, LehrerInnen und ErzieherInnen bei erzieherischen Problemen offen.\u00a0Sie k\u00f6nnen dazu beitragen, den Fortbestand unserer Arbeit zu sichern, indem Sie unseren gemeinn\u00fctzigen Verein unterst\u00fctzen, entweder\u00a0durch Ihre Spende oder\u00a0in Form einer F\u00f6rdermitgliedschaft.<\/p>\n<p><strong><span style=\"color: #008000;\">Spendenkonto: Volksbank Freiburg, Nr 123 83 02, BLZ 680 900 00.<\/span><\/strong><\/p>\n<p>Walter Loth (1. Vorsitzender)<br \/>\nSchillerstra\u00dfe 42,\u00a079102 Freiburg im Breisgau,\u00a0Tel 0761 \/ 70 67 31<br \/>\nE-Mail:\u00a0<a href=\"mailto:paed.zentrum.freiburg@t-online.de\">paed.zentrum.freiburg@t-online.de<br \/>\n<\/a>Web:\u00a0<a href=\"https:\/\/www.paed-beratungsstelle.de\/\">www.paed-beratungsstelle.de<\/a><\/p>\n<p>&nbsp;<\/p>\n<p><strong>Wegweiser Bildung &#8211; Beratung in Freiburg\u00a0<\/strong><\/p>\n<p>Der\u00a0<em>Wegweiser Bildung<\/em>\u00a0macht alle Bildungsangebote in Freiburg transparent, bringt rasche Orientierung und f\u00fchrt z\u00fcgig zu individuellen und passgenauen Bildungsangeboten. Das Angebot reicht von der fr\u00fchkindlichen Bildung bis zum Lernen im Seniorenalter. Die Beratung richtet sich an alle B\u00fcrger in Freiburg und der Umgebung. Sie ist kostenlos und tr\u00e4gerneutral<\/p>\n<p>Stadtbibliothek, M\u00fcnsterplatz 17,\u00a0\u00a00761\/201-2020,<br \/>\nBeratungzeiten (auch ohne Anmeldung:) Di, Mi, Fr, 14-18 Uhr, Donnerstag 15-19 Uhr.<br \/>\n<a title=\"\" href=\"https:\/\/www.leif-freiburg.de\/webi\" target=\"_blank\" rel=\"noopener\">https:\/\/www.leif-freiburg.de\/webi<\/a><\/p>\n<p>&#8212;&#8212;&#8212;&#8212;&#8212;&#8212;&#8212;&#8212;&#8212;&#8212;&#8212;&#8212;&#8212;&#8212;&#8212;<\/p>\n<p>&nbsp;<\/p>\n<p><strong>Streik der Erzieher<\/strong><br \/>\nFr\u00fcher wurde Erziehung als Aufgabe der Eltern angesehen und Bildung als Aufgabe des Staates. Auch deswegen ist der Besuch von Schule und Hochschule kostenlos vom Staat finanziert, w\u00e4hrend f\u00fcr den Besuch von Kindertagesst\u00e4tten und Kigas die Eltern in der Regel hinzuzahlen m\u00fcssen.<br \/>\nMit der Wandlung der Familie wird von vielen Eltern erwartet, der Staat m\u00f6ge doch auch die Erziehung der Kinder vor dem Schuleintritt sicherstellen. Dies kostet richtig viel Geld.<\/p>\n<p>Der Wert der Erziehung ist unbestritten gro\u00df. In den ersten Lebensjahren werden Weichengestellt, l\u00e4uft hier etwas schief, mu\u00df sp\u00e4ter teuer bezahlt werden mit der Gewissheit, dass viele Erziehungsm\u00e4ngel dann irreparabel sind. Neue Forschungen unterstreichen, dass besonders die ersten 12 Monate entscheiden sind f\u00fcr die geistige und soziale Entwicklung\u00a0des Kindes.<\/p>\n<p>Wie soll die Erziehung als Dienstleistung entlohnt werden? Gemessen am Wert bzw. Nutzen f\u00fcr die Gesellschaft m\u00fcssten Erzieher als Topverdiener bezahlt werden. Allgemein werden Lohnforderungen begr\u00fcndet mit den drei Faktoren a) Fortschritt der Produktivit\u00e4t, b) Inflationsausgleich und c) Umverteilung. Dies funktioniert bei der Erziehung nicht. Hier mu\u00df ein gesamtgesellschaftlicher Konsens herbeigef\u00fchrt werden.<\/p>\n<p>Seit drei Wochen wird\u00a0gestreikt, \u00a0f\u00fcr die Aufwertung der Arbeit der Erzieher. Dabei wird die Aufwertung allein \u00fcber eine Gehaltserh\u00f6hung definiert, die Situation in den Kitas wird sich danach nicht \u00e4ndern: Kein Abbau von Stress und \u00dcberstunden, keine Umwandlung von Teil- in Vollzeitstellen, keine \u00c4nderung des Betreuungsschl\u00fcssels &#8211; dazu br\u00e4uchte man ja bundesweit 120.000 neue Stellen. Es geht also prim\u00e4r ums Geld und um die Macht der Gewerkschaft verdi. Die Leidtragenden sind die Eltern, am 30.\/31. Mai \u00a02015 sind Eltern auf die Strasse gegangen &#8211; f\u00fcr die Beendigung des Streiks, gegen verdi.<br \/>\n2.6.2015<\/p>\n<p>&nbsp;<\/p>\n<p><strong>P\u00e4dagogische Beratung hilft Kindern und Eltern<br \/>\n<\/strong>Brigitte Hoffmann merkt, wann heikle Termine anstehen. So klingelt das Telefon beim Freiburger Zentrum f\u00fcr P\u00e4dagogische Beratung h\u00e4ufiger, wenn der Wechsel auf eine weiterf\u00fchrende Schule ansteht.\u00a0Hunderte von Eltern melden sich; ihre Sorgen lassen sich auf einen einfachen Nenner bringen: Hilfe, mein Kind lernt nicht so, wie es lernen sollte! Und deshalb gibt es Konflikte in der Familie. &#8230;..<br \/>\nAlles vom 15.1.2014 bitte lesen auf<br \/>\n<a href=\"https:\/\/www.badische-zeitung.de\/bildung-wissen-1\/paedagogische-beratung-hilft-kindern-und-eltern\">https:\/\/www.badische-zeitung.de\/bildung-wissen-1\/paedagogische-beratung-hilft-kindern-und-eltern<\/a><\/p>\n","protected":false},"excerpt":{"rendered":"<p>Home\u00a0&gt;Bildung\u00a0&gt;Erziehungsberatung Tatort Kita: Fr\u00fchsexualisierung\u00a0(16.11.2025) Transgender-Ideologie bedroht Jugend: Kinderschutz erforderlich\u00a0(6.7.2021) Streik der Erzieher (2.6.2015) P\u00e4dagogische Beratung hilft Kindern und Eltern (15.1.2014) Freiburger Zentrum f\u00fcr p\u00e4dagogische Beratung e.V. Wegweiser Bildung &#8211; Beratung in Freiburg Erziehung-Freiheit Kinderschutz Jungen Kindergarten Pr\u00e4gung &#8211; fr\u00fchkindlich &nbsp; &hellip; <a href=\"https:\/\/www.freiburg-schwarzwald.de\/blog\/bildung\/erziehungsberatung\/\">Weiterlesen <span class=\"meta-nav\">&rarr;<\/span><\/a><\/p>\n","protected":false},"author":2,"featured_media":0,"parent":93,"menu_order":0,"comment_status":"open","ping_status":"closed","template":"","meta":{"footnotes":""},"class_list":["post-43890","page","type-page","status-publish","hentry"],"_links":{"self":[{"href":"https:\/\/www.freiburg-schwarzwald.de\/blog\/wp-json\/wp\/v2\/pages\/43890","targetHints":{"allow":["GET"]}}],"collection":[{"href":"https:\/\/www.freiburg-schwarzwald.de\/blog\/wp-json\/wp\/v2\/pages"}],"about":[{"href":"https:\/\/www.freiburg-schwarzwald.de\/blog\/wp-json\/wp\/v2\/types\/page"}],"author":[{"embeddable":true,"href":"https:\/\/www.freiburg-schwarzwald.de\/blog\/wp-json\/wp\/v2\/users\/2"}],"replies":[{"embeddable":true,"href":"https:\/\/www.freiburg-schwarzwald.de\/blog\/wp-json\/wp\/v2\/comments?post=43890"}],"version-history":[{"count":2,"href":"https:\/\/www.freiburg-schwarzwald.de\/blog\/wp-json\/wp\/v2\/pages\/43890\/revisions"}],"predecessor-version":[{"id":141614,"href":"https:\/\/www.freiburg-schwarzwald.de\/blog\/wp-json\/wp\/v2\/pages\/43890\/revisions\/141614"}],"up":[{"embeddable":true,"href":"https:\/\/www.freiburg-schwarzwald.de\/blog\/wp-json\/wp\/v2\/pages\/93"}],"wp:attachment":[{"href":"https:\/\/www.freiburg-schwarzwald.de\/blog\/wp-json\/wp\/v2\/media?parent=43890"}],"curies":[{"name":"wp","href":"https:\/\/api.w.org\/{rel}","templated":true}]}}