{"id":43651,"date":"2014-01-09T13:15:35","date_gmt":"2014-01-09T12:15:35","guid":{"rendered":"https:\/\/www.freiburg-schwarzwald.de\/blog\/?page_id=43651"},"modified":"2025-04-28T22:01:57","modified_gmt":"2025-04-28T20:01:57","slug":"investition","status":"publish","type":"page","link":"https:\/\/www.freiburg-schwarzwald.de\/blog\/engagement\/zukunft\/investition\/","title":{"rendered":"Investition"},"content":{"rendered":"<p><a href=\"https:\/\/www.freiburg-schwarzwald.de\/blog\">Home<\/a>\u00a0&gt;<a title=\"Engagement\" href=\"https:\/\/www.freiburg-schwarzwald.de\/blog\/engagement\/\">Engagement<\/a>\u00a0&gt;<a title=\"Zukunft\" href=\"https:\/\/www.freiburg-schwarzwald.de\/blog\/engagement\/zukunft\/\">Zukunft<\/a> &gt;Investition<\/p>\n<div id=\"attachment_43654\" style=\"width: 648px\" class=\"wp-caption alignnone\"><a href=\"https:\/\/www.freiburg-schwarzwald.de\/blog\/engagement\/zukunft\/investition\/schafe-dreisamtal-pan140107\/\" rel=\"attachment wp-att-43654\"><img loading=\"lazy\" decoding=\"async\" aria-describedby=\"caption-attachment-43654\" class=\"size-full wp-image-43654\" src=\"https:\/\/www.freiburg-schwarzwald.de\/blog\/wp-content\/uploads\/2014\/01\/schafe-dreisamtal-pan140107.jpg\" alt=\"Schafe mit Nachwuchs im Dreisamtal am 7.1.2014 bei 15 Grad PLUS\" width=\"638\" height=\"229\" srcset=\"https:\/\/www.freiburg-schwarzwald.de\/blog\/wp-content\/uploads\/2014\/01\/schafe-dreisamtal-pan140107.jpg 638w, https:\/\/www.freiburg-schwarzwald.de\/blog\/wp-content\/uploads\/2014\/01\/schafe-dreisamtal-pan140107-180x64.jpg 180w\" sizes=\"auto, (max-width: 638px) 100vw, 638px\" \/><\/a><p id=\"caption-attachment-43654\" class=\"wp-caption-text\">Schafe mit Nachwuchs im Dreisamtal am 7.1.2014 bei 15 Grad PLUS<\/p><\/div>\n<ul>\n<li><em>Listenauswahl eines Beitrags (Artikel\/Datum, Seite\/Inhalt): <span style=\"text-decoration: underline;\">Klicken<\/span> oder scrollen<\/em><\/li>\n<li><a href=\"https:\/\/www.freiburg-schwarzwald.de\/blog\/business\/industrie\/industrie2024\/\">Aus f\u00fcr Chip-Fabrik Magdeburg von Intel<\/a> (25.4.2025)<\/li>\n<li>Intel zieht sich zur\u00fcck: Batteriefabrik in Magdeburg endg\u00fcltig gescheitert (21.4.2025)<\/li>\n<li><a href=\"https:\/\/www.freiburg-schwarzwald.de\/blog\/selbsthilfe\/soziales\/arbeit\/lohn\/\">Zu hohe Lohnkosten in D: Stihl geht in die Schweiz<\/a>\u00a0(4.3.2024)<\/li>\n<li><a href=\"https:\/\/www.freiburg-schwarzwald.de\/blog\/wir-verhindern-zukunft-2019\/\">https:\/\/www.freiburg-schwarzwald.de\/blog\/wir-verhindern-zukunft-2019\/<\/a>\u00a0(1.1.2019)<\/li>\n<li>Investitionsquote in Prozent oder in absoluten Zahlen (9.1.2014)<\/li>\n<li><\/li>\n<li>Investition = Ersparnis = Konsumverzicht<\/li>\n<li><a title=\"Konsum\" href=\"https:\/\/www.freiburg-schwarzwald.de\/blog\/engagement\/verbraucher\/konsum\/\">Konsum<\/a><\/li>\n<li><a title=\"Einkommen\" href=\"https:\/\/www.freiburg-schwarzwald.de\/blog\/engagement\/zukunft\/einkommen\/\">Einkommen<\/a><\/li>\n<li><a title=\"Marktwirtschaft\" href=\"https:\/\/www.freiburg-schwarzwald.de\/blog\/engagement\/zukunft\/marktwirtschaft\/\">Marktwirtschaft<\/a><\/li>\n<li><a title=\"Verbraucher\" href=\"https:\/\/www.freiburg-schwarzwald.de\/blog\/engagement\/verbraucher\/\">Verbraucher<\/a><\/li>\n<\/ul>\n<p><strong>Investition = Ersparnis = Konsumverzicht<br \/>\n<\/strong>Hat man 2000 Euro verdient, dann kann man 1900 Euro konsumieren und 100 Euro in einen H\u00fchnerstall investieren oder aber (da nicht jeder seine eigenen H\u00fchner halten kann oder will) die 100 Euro aufs Sparkonto einbezahlen (Einkommen = Konsum + Sparen). Die Bank kann dann Kredite an Unternehmen vergeben, damit diese Investitionen t\u00e4tigen (Einkommen = Konsum + Investition).<br \/>\nKonsumieren alle dagegen ihre gesamten Einkommen, dann sind die Banken nicht imstande, Investitionskredite (zu bezahlbaren Zinss\u00e4tzen) zu vergeben.<br \/>\nKonsumieren alle mehr als sie \u00fcber ihre Einkommen verdienen, dann m\u00fcssen nachfolgende Generationen irgendwann einmal dieses &#8222;Verbrauchen auf Pump&#8220; bzw. diese Schulden bezahlen<br \/>\n=========================================================<\/p>\n<p>&nbsp;<\/p>\n<p><strong>Intel zieht sich zur\u00fcck: Batteriefabrik in Magdeburg endg\u00fcltig gescheitert<\/strong><br \/>\nAuf dem Gel\u00e4nde bei Magdeburg, wo eigentlich modernste Mikrochips vom Band laufen sollten, w\u00e4chst k\u00fcnftig wieder Getreide. Wie der US-Konzern Intel mitteilte, wurde die Stiftung Kulturlandschaft mit der landwirtschaftlichen Nutzung der Fl\u00e4chen beauftragt<br \/>\n&#8230;<br \/>\nMilliardengrab Magdeburg: Wie Berlin Intel mit Steuergeld lockte<br \/>\nWas als Prestigeprojekt der Ampelkoalition begann, entpuppt sich als planwirtschaftliches Experiment. Intel plante in Magdeburg eine Investition von 30 Milliarden Euro \u2013 die gr\u00f6\u00dfte Einzelinvestition eines ausl\u00e4ndischen Konzerns in Deutschland seit Jahrzehnten. Daf\u00fcr griff die Bundesregierung tief in die Steuerkasse: 9,9 Milliarden Euro an staatlichen Zusch\u00fcssen wurden dem US-Konzern zugesagt \u2013 fast ein Drittel der Gesamtsumme. Das Geld stammt direkt aus dem Bundeshaushalt, also aus den Taschen der Steuerzahler. Mit dem Baustopp steht nun nicht nur das Projekt, sondern auch ein erheblicher Teil der Subventionen auf der Kippe.<br \/>\n&#8230;<br \/>\nFazit: Symbol eines gescheiterten Subventionsstaats<br \/>\nDas Aus f\u00fcr Intels Chipfabrik in Magdeburg ist weit mehr als ein geplatztes Industrieprojekt \u2013 es ist das Sinnbild einer planwirtschaftlichen Politik ohne Kompass. Milliarden an Steuergeld wurden in ein kriselndes Unternehmen gepumpt, dessen Niedergang seit Jahren absehbar war.<br \/>\nDass nun auch bei Northvolt ein \u00e4hnliches Szenario droht, unterstreicht das Ausma\u00df der wirtschaftspolitischen Fehleinsch\u00e4tzungen. Anstatt den deutschen Standort durch Steuerverg\u00fcnstigungen oder Senkung der Energiepreise zu st\u00e4rken, setzte die Ampel auf ideologische Planwirtschaft, in Form von nutzlosen Subventionen, die sich als Nullnummer entpuppten.<\/p>\n<p>&#8230; Alles vom 19.4.2025 bitte lesen auf<br \/>\n<a href=\"https:\/\/www.tichyseinblick.de\/wirtschaft\/intel-batteriefabrik-magdeburg-gescheitert\/\">https:\/\/www.tichyseinblick.de\/wirtschaft\/intel-batteriefabrik-magdeburg-gescheitert\/<\/a><\/p>\n<p>&nbsp;<\/p>\n<p>&nbsp;<\/p>\n<p><strong>Investitionsquote in Prozent oder in absoluten Zahlen<br \/>\n<\/strong><em>Investitionsquoten fallen in %:<\/em><br \/>\nSchauen sie sich doch bitte einmal die Zahlen bzgl. der Investitionen in Deutschland an (Bruttoanlageinvestitionen), Hr. Brombach. Dann w\u00fcrden sie n\u00e4mlich feststellen, dass z.B. die Investitionquote im Vergleich zu 2000 heute um 20% niedriger liegt (2000: 21,5%, 2013: 17,2). Aktuell liegen wir sogar unter EU-Schnitt (17,6%).\u00a0Ihre M\u00e4r, dass erwirtschaftete Gewinne prim\u00e4r f\u00fcr zuk\u00fcnftige Investitionen genutzt werden, h\u00e4lt dem Faktencheck leider nicht stand. Sie pr\u00e4sentieren uns hier wieder alte Bauernweisheiten. Eines der aktuellen Probleme ist doch, dass erwirtschaftete Gewinne eben nicht wieder in den Wirtschaftskreislauf zur\u00fcckflie\u00dfen. Warum nicht? In der Industrie und im verarbeiteten Gewerbe kommen sie auf Eigenkapitalrenditen im einstelligen Bereich. Mit reinen Finanzspekulationen erzielen sie dagegen zweistellige Renditen. Wertsch\u00f6pfung generieren sie damit aber nicht.<br \/>\n9.1.2014, Thomas Bender<\/p>\n<p><em>Investitionsquoten steigen absolut<\/em><br \/>\nEs ist so eine Sache mit den Prozentzahlen Herr Bender. Die Investitionsquote bemisst sich immer nach dem Bruttoinlandsprodukt. Dieses lag im Jahr 2000 bei gut 2 Billionen Euro, ergo wurden etwa 430 Mrd. \u20ac investiert. 2012 lag das BIP bei \u00fcber 2,6 Billionen \u20ac. Die Investitionen liegen somit bei 457 Mrd. \u20ac. Die Investitionen sind gegen\u00fcber dem Jahr 2000 daher um \u00fcber 8% pro Jahr gestiegen und nicht gefallen. Diese Rosst\u00e4uscherei mit Prozentzahlen ist f\u00fcr Sozialisten allerdings \u00fcblich. Positive Zahlen k\u00f6nnen so leicht in ihr Gegenteil verkehrt werden. Die Frage stellt sich allerdings, warum man als Sozialist die \u00d6ffentlichkeit immer bel\u00fcgen muss. Die sozialistische Wahrheit muss offenbar grauenvoll sein.<br \/>\nRichtig ist allerdings, dass in den vergangenen Jahren immer gr\u00f6\u00dfere Anteile des BIP in andere Bereiche geflossen sind, und wir unseren Wohlstand nur dann erhalten k\u00f6nnen, wenn wir in Deutschland wieder einen gr\u00f6\u00dferen Anteil am BIP investieren. Die Ursache der r\u00fcckl\u00e4ufigen Investitionsquote liegt daran, dass mit dem Euro immer gr\u00f6\u00dfere Teile unseres Verm\u00f6gens nach S\u00fcdeuropa geflossen sind. Banken und Versicherungen haben mit unseren Sparguthaben massenhaft Kreditpapiere gekauft, mit denen die Konsumausgaben der S\u00fcdeurop\u00e4er auf Pump finanziert wurden. Gro\u00dfe Teile des Kapitals unserer Volkswirtschaft wurden damit schlecht verwaltet, und erwirtschaften keine Zinsen mehr, weil es nicht investiert sondern von den Kreditnehmern verplempert wurde. Auf strenges Zuraten von Personen mit Ihren Ansichten.<br \/>\nDas spricht aber umso mehr f\u00fcr meine Forderung, dass die Fokussierung auf immer mehr Konsum ein gro\u00dfer volkswirtschaftlicher Bl\u00f6dsinn ist. Wer konsumieren will, muss das Geld daf\u00fcr zuerst verdienen. Das geht nur wenn man investiert.<br \/>\n9.1.2014, Rainer Brombach<\/p>\n","protected":false},"excerpt":{"rendered":"<p>Home\u00a0&gt;Engagement\u00a0&gt;Zukunft &gt;Investition Listenauswahl eines Beitrags (Artikel\/Datum, Seite\/Inhalt): Klicken oder scrollen Aus f\u00fcr Chip-Fabrik Magdeburg von Intel (25.4.2025) Intel zieht sich zur\u00fcck: Batteriefabrik in Magdeburg endg\u00fcltig gescheitert (21.4.2025) Zu hohe Lohnkosten in D: Stihl geht in die Schweiz\u00a0(4.3.2024) https:\/\/www.freiburg-schwarzwald.de\/blog\/wir-verhindern-zukunft-2019\/\u00a0(1.1.2019) Investitionsquote in &hellip; <a href=\"https:\/\/www.freiburg-schwarzwald.de\/blog\/engagement\/zukunft\/investition\/\">Weiterlesen <span class=\"meta-nav\">&rarr;<\/span><\/a><\/p>\n","protected":false},"author":2,"featured_media":0,"parent":2250,"menu_order":0,"comment_status":"open","ping_status":"closed","template":"","meta":{"footnotes":""},"class_list":["post-43651","page","type-page","status-publish","hentry"],"_links":{"self":[{"href":"https:\/\/www.freiburg-schwarzwald.de\/blog\/wp-json\/wp\/v2\/pages\/43651","targetHints":{"allow":["GET"]}}],"collection":[{"href":"https:\/\/www.freiburg-schwarzwald.de\/blog\/wp-json\/wp\/v2\/pages"}],"about":[{"href":"https:\/\/www.freiburg-schwarzwald.de\/blog\/wp-json\/wp\/v2\/types\/page"}],"author":[{"embeddable":true,"href":"https:\/\/www.freiburg-schwarzwald.de\/blog\/wp-json\/wp\/v2\/users\/2"}],"replies":[{"embeddable":true,"href":"https:\/\/www.freiburg-schwarzwald.de\/blog\/wp-json\/wp\/v2\/comments?post=43651"}],"version-history":[{"count":4,"href":"https:\/\/www.freiburg-schwarzwald.de\/blog\/wp-json\/wp\/v2\/pages\/43651\/revisions"}],"predecessor-version":[{"id":133373,"href":"https:\/\/www.freiburg-schwarzwald.de\/blog\/wp-json\/wp\/v2\/pages\/43651\/revisions\/133373"}],"up":[{"embeddable":true,"href":"https:\/\/www.freiburg-schwarzwald.de\/blog\/wp-json\/wp\/v2\/pages\/2250"}],"wp:attachment":[{"href":"https:\/\/www.freiburg-schwarzwald.de\/blog\/wp-json\/wp\/v2\/media?parent=43651"}],"curies":[{"name":"wp","href":"https:\/\/api.w.org\/{rel}","templated":true}]}}