{"id":43608,"date":"2014-01-08T17:59:37","date_gmt":"2014-01-08T16:59:37","guid":{"rendered":"https:\/\/www.freiburg-schwarzwald.de\/blog\/?page_id=43608"},"modified":"2014-01-11T22:01:40","modified_gmt":"2014-01-11T21:01:40","slug":"hamamelis","status":"publish","type":"page","link":"https:\/\/www.freiburg-schwarzwald.de\/blog\/natur\/flora\/hamamelis\/","title":{"rendered":"Hamamelis"},"content":{"rendered":"<p><a href=\"https:\/\/www.freiburg-schwarzwald.de(blog\">\u00a0Home<\/a> &gt;<a title=\"Natur\" href=\"https:\/\/www.freiburg-schwarzwald.de\/blog\/natur\/\">Natur<\/a>\u00a0&gt;<a title=\"Flora\" href=\"https:\/\/www.freiburg-schwarzwald.de\/blog\/natur\/flora\/\">Flora<\/a>\u00a0&gt;<a title=\"Garten\" href=\"https:\/\/www.freiburg-schwarzwald.de\/blog\/natur\/garten\/\">Garten<\/a>\u00a0&gt;Hamamelis<\/p>\n<div id=\"attachment_43610\" style=\"width: 648px\" class=\"wp-caption alignnone\"><a href=\"https:\/\/www.freiburg-schwarzwald.de\/blog\/natur\/flora\/hamamelis\/hamamelis2pan140107\/\" rel=\"attachment wp-att-43610\"><img loading=\"lazy\" decoding=\"async\" aria-describedby=\"caption-attachment-43610\" class=\"size-full wp-image-43610\" alt=\"Bl\u00fchende Hamamelis am 7. Januar 2014 in Freiburg bei fr\u00fchlingshaften 16 Grad PLUS\" src=\"https:\/\/www.freiburg-schwarzwald.de\/blog\/wp-content\/uploads\/2014\/01\/hamamelis2pan140107.jpg\" width=\"638\" height=\"359\" srcset=\"https:\/\/www.freiburg-schwarzwald.de\/blog\/wp-content\/uploads\/2014\/01\/hamamelis2pan140107.jpg 638w, https:\/\/www.freiburg-schwarzwald.de\/blog\/wp-content\/uploads\/2014\/01\/hamamelis2pan140107-180x101.jpg 180w\" sizes=\"auto, (max-width: 638px) 100vw, 638px\" \/><\/a><p id=\"caption-attachment-43610\" class=\"wp-caption-text\">Bl\u00fchende Hamamelis am 7. Januar 2014 in Freiburg bei fr\u00fchlingshaften 16 Grad PLUS<\/p><\/div>\n<ul>\n<li>Hamamelis &#8211; Zaubernu\u00df<\/li>\n<li><a title=\"Winter\" href=\"https:\/\/www.freiburg-schwarzwald.de\/blog\/natur\/winter\/\">Hamamelis im Winter &#8211; viele Bilder<\/a> &gt;Winter<\/li>\n<li><a href=\"https:\/\/www.freiburg-schwarzwald.de\/fotos\/hamamelis.htm\">https:\/\/www.freiburg-schwarzwald.de\/fotos\/hamamelis.htm<\/a>\u00a0&gt;Archivseite Hamamelis<\/li>\n<\/ul>\n<p>&nbsp;<\/p>\n<p><strong>Hamamelis &#8211; Zaubernu\u00df<\/strong><\/p>\n<p>Die Hamamelis z\u00e4hlt zu den \u00a0Zaubernussgew\u00e4chsen (Hamameliadaceae). Hamamelis\u00a0vom griechischen \u201chama\u201d f\u00fcr \u201czu gleicher Zeit\u201d und \u201cmelon\u201d f\u00fcr Frucht . Auch Zaubernuss, Hexenhasel (Blattstellung \u00e4hnlich Haselnuss, die\u00a0mit Hexen in Verbindung gebracht wird), Zauberstrauch bzw. Hopfenhainbuche genannt. Bl\u00fcht von\u00a0Januar bis April. Wirkstoffe in Bl\u00e4ttern und Rinde: Gerbstoffe (Catechine, Gallotannine, Hamamelitannin), \u00e4therische \u00d6le, Flavonoide und organische S\u00e4uren. Aufgrund der entz\u00fcndungshemmenden und blutstillenden Wirkung eignet sich\u00a0Hamamelis als w\u00e4ssrigen Auszug bei Ekzemen, H\u00e4morrhoiden, Krampfadern, Sonnenbrand, als Mundwasser und Gurgell\u00f6sung:\u00a0Teel\u00f6ffel Bl\u00e4tter oder Rinde mit siedendem Wasser aufgie\u00dfen und zehn Minuten ziehen lassen.<\/p>\n<p><a href=\"https:\/\/www.freiburg-schwarzwald.de\/blog\/natur\/flora\/hamamelis\/hamamelis1zweig140107\/\" rel=\"attachment wp-att-43612\"><img loading=\"lazy\" decoding=\"async\" class=\"alignnone size-thumbnail wp-image-43612\" alt=\"hamamelis1zweig140107\" src=\"https:\/\/www.freiburg-schwarzwald.de\/blog\/wp-content\/uploads\/2014\/01\/hamamelis1zweig140107-180x136.jpg\" width=\"180\" height=\"136\" srcset=\"https:\/\/www.freiburg-schwarzwald.de\/blog\/wp-content\/uploads\/2014\/01\/hamamelis1zweig140107-180x136.jpg 180w, https:\/\/www.freiburg-schwarzwald.de\/blog\/wp-content\/uploads\/2014\/01\/hamamelis1zweig140107-640x485.jpg 640w, https:\/\/www.freiburg-schwarzwald.de\/blog\/wp-content\/uploads\/2014\/01\/hamamelis1zweig140107.jpg 922w\" sizes=\"auto, (max-width: 180px) 100vw, 180px\" \/><\/a>\u00a0 \u00a0 \u00a0 \u00a0 \u00a0\u00a0<a href=\"https:\/\/www.freiburg-schwarzwald.de\/blog\/natur\/flora\/hamamelis\/hamamelis3zaubernuss140107\/\" rel=\"attachment wp-att-43614\"><img loading=\"lazy\" decoding=\"async\" class=\"alignnone size-thumbnail wp-image-43614\" alt=\"hamamelis3zaubernuss140107\" src=\"https:\/\/www.freiburg-schwarzwald.de\/blog\/wp-content\/uploads\/2014\/01\/hamamelis3zaubernuss140107-180x137.jpg\" width=\"180\" height=\"137\" srcset=\"https:\/\/www.freiburg-schwarzwald.de\/blog\/wp-content\/uploads\/2014\/01\/hamamelis3zaubernuss140107-180x137.jpg 180w, https:\/\/www.freiburg-schwarzwald.de\/blog\/wp-content\/uploads\/2014\/01\/hamamelis3zaubernuss140107.jpg 639w\" sizes=\"auto, (max-width: 180px) 100vw, 180px\" \/><\/a>\u00a0 \u00a0 \u00a0 \u00a0 \u00a0\u00a0<a href=\"https:\/\/www.freiburg-schwarzwald.de\/blog\/natur\/flora\/hamamelis\/hamamelis4zaubernuss140107\/\" rel=\"attachment wp-att-43615\"><img loading=\"lazy\" decoding=\"async\" class=\"alignnone size-thumbnail wp-image-43615\" alt=\"hamamelis4zaubernuss140107\" src=\"https:\/\/www.freiburg-schwarzwald.de\/blog\/wp-content\/uploads\/2014\/01\/hamamelis4zaubernuss140107-180x140.jpg\" width=\"180\" height=\"140\" srcset=\"https:\/\/www.freiburg-schwarzwald.de\/blog\/wp-content\/uploads\/2014\/01\/hamamelis4zaubernuss140107-180x140.jpg 180w, https:\/\/www.freiburg-schwarzwald.de\/blog\/wp-content\/uploads\/2014\/01\/hamamelis4zaubernuss140107-640x500.jpg 640w, https:\/\/www.freiburg-schwarzwald.de\/blog\/wp-content\/uploads\/2014\/01\/hamamelis4zaubernuss140107.jpg 822w\" sizes=\"auto, (max-width: 180px) 100vw, 180px\" \/><\/a><br \/>\n(1) Hamamelis am 7.1.2014<\/p>\n<p><a href=\"https:\/\/www.freiburg-schwarzwald.de\/blog\/natur\/flora\/hamamelis\/hamamelis1baum140109\/\" rel=\"attachment wp-att-43793\"><img loading=\"lazy\" decoding=\"async\" class=\"alignnone size-thumbnail wp-image-43793\" alt=\"hamamelis1baum140109\" src=\"https:\/\/www.freiburg-schwarzwald.de\/blog\/wp-content\/uploads\/2014\/01\/hamamelis1baum140109-135x180.jpg\" width=\"135\" height=\"180\" srcset=\"https:\/\/www.freiburg-schwarzwald.de\/blog\/wp-content\/uploads\/2014\/01\/hamamelis1baum140109-135x180.jpg 135w, https:\/\/www.freiburg-schwarzwald.de\/blog\/wp-content\/uploads\/2014\/01\/hamamelis1baum140109.jpg 480w\" sizes=\"auto, (max-width: 135px) 100vw, 135px\" \/><\/a>\u00a0 \u00a0 \u00a0 \u00a0 \u00a0 \u00a0 \u00a0 \u00a0 \u00a0 \u00a0 \u00a0 \u00a0 \u00a0<a href=\"https:\/\/www.freiburg-schwarzwald.de\/blog\/natur\/flora\/hamamelis\/hamamelis2lesende140109\/\" rel=\"attachment wp-att-43794\"><img loading=\"lazy\" decoding=\"async\" class=\"alignnone size-thumbnail wp-image-43794\" alt=\"hamamelis2lesende140109\" src=\"https:\/\/www.freiburg-schwarzwald.de\/blog\/wp-content\/uploads\/2014\/01\/hamamelis2lesende140109-135x180.jpg\" width=\"135\" height=\"180\" srcset=\"https:\/\/www.freiburg-schwarzwald.de\/blog\/wp-content\/uploads\/2014\/01\/hamamelis2lesende140109-135x180.jpg 135w, https:\/\/www.freiburg-schwarzwald.de\/blog\/wp-content\/uploads\/2014\/01\/hamamelis2lesende140109.jpg 480w\" sizes=\"auto, (max-width: 135px) 100vw, 135px\" \/><\/a>\u00a0 \u00a0 \u00a0 \u00a0 \u00a0 \u00a0 \u00a0 \u00a0 \u00a0 \u00a0 \u00a0 \u00a0 \u00a0<a href=\"https:\/\/www.freiburg-schwarzwald.de\/blog\/natur\/flora\/hamamelis\/hamamelis140109\/\" rel=\"attachment wp-att-43795\"><img loading=\"lazy\" decoding=\"async\" class=\"alignnone size-thumbnail wp-image-43795\" alt=\"hamamelis140109\" src=\"https:\/\/www.freiburg-schwarzwald.de\/blog\/wp-content\/uploads\/2014\/01\/hamamelis140109-135x180.jpg\" width=\"135\" height=\"180\" srcset=\"https:\/\/www.freiburg-schwarzwald.de\/blog\/wp-content\/uploads\/2014\/01\/hamamelis140109-135x180.jpg 135w, https:\/\/www.freiburg-schwarzwald.de\/blog\/wp-content\/uploads\/2014\/01\/hamamelis140109.jpg 480w\" sizes=\"auto, (max-width: 135px) 100vw, 135px\" \/><\/a><br \/>\n(4) Hamamelis am 9.1.2014 \u00a0 \u00a0 \u00a0 \u00a0 \u00a0 \u00a0 \u00a0 \u00a0 \u00a0 (5) Hamamelis und Lesende<\/p>\n<p>&nbsp;<\/p>\n<p>&nbsp;<\/p>\n","protected":false},"excerpt":{"rendered":"<p>\u00a0Home &gt;Natur\u00a0&gt;Flora\u00a0&gt;Garten\u00a0&gt;Hamamelis Hamamelis &#8211; Zaubernu\u00df Hamamelis im Winter &#8211; viele Bilder &gt;Winter https:\/\/www.freiburg-schwarzwald.de\/fotos\/hamamelis.htm\u00a0&gt;Archivseite Hamamelis &nbsp; Hamamelis &#8211; Zaubernu\u00df Die Hamamelis z\u00e4hlt zu den \u00a0Zaubernussgew\u00e4chsen (Hamameliadaceae). Hamamelis\u00a0vom griechischen \u201chama\u201d f\u00fcr \u201czu gleicher Zeit\u201d und \u201cmelon\u201d f\u00fcr Frucht . Auch Zaubernuss, Hexenhasel &hellip; <a href=\"https:\/\/www.freiburg-schwarzwald.de\/blog\/natur\/flora\/hamamelis\/\">Weiterlesen <span class=\"meta-nav\">&rarr;<\/span><\/a><\/p>\n","protected":false},"author":2,"featured_media":0,"parent":1531,"menu_order":0,"comment_status":"open","ping_status":"closed","template":"","meta":{"footnotes":""},"class_list":["post-43608","page","type-page","status-publish","hentry"],"_links":{"self":[{"href":"https:\/\/www.freiburg-schwarzwald.de\/blog\/wp-json\/wp\/v2\/pages\/43608","targetHints":{"allow":["GET"]}}],"collection":[{"href":"https:\/\/www.freiburg-schwarzwald.de\/blog\/wp-json\/wp\/v2\/pages"}],"about":[{"href":"https:\/\/www.freiburg-schwarzwald.de\/blog\/wp-json\/wp\/v2\/types\/page"}],"author":[{"embeddable":true,"href":"https:\/\/www.freiburg-schwarzwald.de\/blog\/wp-json\/wp\/v2\/users\/2"}],"replies":[{"embeddable":true,"href":"https:\/\/www.freiburg-schwarzwald.de\/blog\/wp-json\/wp\/v2\/comments?post=43608"}],"version-history":[{"count":0,"href":"https:\/\/www.freiburg-schwarzwald.de\/blog\/wp-json\/wp\/v2\/pages\/43608\/revisions"}],"up":[{"embeddable":true,"href":"https:\/\/www.freiburg-schwarzwald.de\/blog\/wp-json\/wp\/v2\/pages\/1531"}],"wp:attachment":[{"href":"https:\/\/www.freiburg-schwarzwald.de\/blog\/wp-json\/wp\/v2\/media?parent=43608"}],"curies":[{"name":"wp","href":"https:\/\/api.w.org\/{rel}","templated":true}]}}