{"id":43057,"date":"2013-12-27T18:25:15","date_gmt":"2013-12-27T17:25:15","guid":{"rendered":"https:\/\/www.freiburg-schwarzwald.de\/blog\/?page_id=43057"},"modified":"2013-12-27T18:58:06","modified_gmt":"2013-12-27T17:58:06","slug":"buerger-helfen-buergern","status":"publish","type":"page","link":"https:\/\/www.freiburg-schwarzwald.de\/blog\/selbsthilfe\/soziales\/obdachlos\/buerger-helfen-buergern\/","title":{"rendered":"Buerger-helfen-Buergern"},"content":{"rendered":"<p>Home &gt;<a title=\"Selbsthilfe\" href=\"https:\/\/www.freiburg-schwarzwald.de\/blog\/selbsthilfe\/\">Selbsthilfe<\/a> &gt;<a title=\"Soziales\" href=\"https:\/\/www.freiburg-schwarzwald.de\/blog\/soziales\/\">Soziales<\/a>\u00a0&gt;<a title=\"Obdachlos\" href=\"https:\/\/www.freiburg-schwarzwald.de\/blog\/selbsthilfe\/soziales\/obdachlos\/\">Obdachlos<\/a> &gt;Buerger-helfen-Buergern<br \/>\n\u00a0\u00a0\u00a0<br \/>\n<span style=\"font-size: xx-small;\"><a href=\"https:\/\/www.freiburg-schwarzwald.de\/blog\/selbsthilfe\/soziales\/obdachlos\/buerger-helfen-buergern\/buerger-helfen17071225\/\" rel=\"attachment wp-att-43060\"><img loading=\"lazy\" decoding=\"async\" class=\"alignnone size-thumbnail wp-image-43060\" title=\"buerger-helfen17071225\" src=\"https:\/\/www.freiburg-schwarzwald.de\/blog\/wp-content\/uploads\/2013\/12\/buerger-helfen17071225-135x180.jpg\" alt=\"\" width=\"135\" height=\"180\" srcset=\"https:\/\/www.freiburg-schwarzwald.de\/blog\/wp-content\/uploads\/2013\/12\/buerger-helfen17071225-135x180.jpg 135w, https:\/\/www.freiburg-schwarzwald.de\/blog\/wp-content\/uploads\/2013\/12\/buerger-helfen17071225.jpg 480w\" sizes=\"auto, (max-width: 135px) 100vw, 135px\" \/><\/a><\/span><\/p>\n<p>Sissi Walther bei &#8222;B\u00fcrger helfen B\u00fcrgern&#8220; in der <a href=\"https:\/\/www.freiburg-schwarzwald.de\/weihnachten1.htm#Erster Weihnachtsfeiertag mit B\u00fcrger helfen B\u00fcrgern in der Wiehre\">Wiehre am 25.12.2007<\/a>\u00a0<\/p>\n<p>&nbsp;<\/p>\n<ul>\n<li>Weihnachtsessen in der Wodanhalle\u00a0 (27.12.2013)<\/li>\n<li><a href=\"https:\/\/www.freiburg-schwarzwald.de\/weihnachten1.htm#1. Weihnachtsfeiertag 25.12.2010 mit B\u00fcrger helfen B\u00fcrgern in Christuspfarrei\">1. Weihnachtsfeiertag 25.12.10 &#8222;B\u00fcrger helfen B\u00fcrgern&#8220; in Christuspfarrei<\/a> &gt;Weihnacht1 (22.12.10)<\/li>\n<li><a href=\"https:\/\/www.freiburg-schwarzwald.de\/weihnachten1.htm#Festtag f\u00fcr Bed\u00fcrftige: B\u00fcrger helfen, Essenstreff, Heilsarmee\">Festtag f\u00fcr Bed\u00fcrftige: B\u00fcrger helfen, Essenstreff, Heilsarmee<\/a> &gt;Weihnachten1 (28.12.2009)<\/li>\n<li><a href=\"https:\/\/www.freiburg-schwarzwald.de\/martinschley\/index.htm#W\u00e4rme schenken f\u00fcr den Magen und die Seele\">W\u00e4rme schenken f\u00fcr den Magen und die Seele<\/a> &gt;MartinSchley (24.12.2009)<\/li>\n<li><span><a href=\"https:\/\/www.freiburg-schwarzwald.de\/obdachlos1.htm#Sissi Walther-Kligler verstorben - B\u00fcrger helfen B\u00fcrgern e.V.\">Sissi Walther-Kligler verstorben &#8211; B\u00fcrger helfen B\u00fcrgern e.V.<\/a> &gt;Obdachlos1 (18.11.2009)<\/span><\/li>\n<li><span><a href=\"https:\/\/www.freiburg-schwarzwald.de\/littenweiler\/ehrenamt5.htm#Sissi Walther-Kligler erh\u00e4lt Bundesverdienstkreuz\">Sissi Walther-Kligler erh\u00e4lt Bundesverdienstkreuz<\/a> &gt;Ehrenamt5 (27.1.2009)<\/span><\/li>\n<li><span><a href=\"https:\/\/www.freiburg-schwarzwald.de\/weihnachten1.htm#Erster Weihnachtsfeiertag mit B\u00fcrger helfen B\u00fcrgern in der Wiehre\">Erster Weihnachtsfeiertag mit &#8222;B\u00fcrger helfen B\u00fcrgern&#8220; in der Wiehre<\/a> &gt;Weihnachten1 (26.12.07)<\/span><\/li>\n<li><span>B\u00fcrger helfen B\u00fcrgern e.V. Freiburg<\/span><\/li>\n<\/ul>\n<p>&nbsp;<\/p>\n<p>&nbsp;<\/p>\n<p>&nbsp;<\/p>\n<p><strong>Weihnachtsessen in der Wodanhalle<\/strong><br \/>\nDie Initiative &#8222;B\u00fcrger helfen B\u00fcrgern&#8220; bietet seit 20 Jahren am ersten Weihnachtsfeiertag ihr traditionelles Essen f\u00fcr Bed\u00fcrftige an. Bis zum Tod der Gr\u00fcnderin Sissi Walther-Kligler\u00a0im Jahr 2009 im Gemeindesaal der Christuskirche in der Wiehre, am 25.12.2014 in der Wodanhalle. Rund 250 Personen kamen zu Kartoffelsuppe, Sch\u00e4ufele mit Sp\u00e4tzle &#8211; wie immer\u00a0lecker gekocht von Zahner-Feinkost. Ein harmonischer Nachmittag in der unter Regie von Ricarda Kr\u00e4uter-Sch\u00e4chtele weihnachtlich dekorierten Wodanhalle.<br \/>\nAm 26.12.2013\u00a0organisierte die Laurentiusbruderschaft als Mitglied des Verbandes der K\u00f6che Deutschlands ein Weihnachtsessen im Maria-Hilf-Saal an der Zasiusstrasse. Auch hier war der Saal \u00fcbervoll.<br \/>\nBemerkenswert war bei beiden Nachmittagen, dass neben Obdachlosen und alleinstehenden Alten zunehmend auch Frauen und junge Leute kamen.<br \/>\n27.12.2013<\/p>\n<p>&nbsp;<\/p>\n<p>&nbsp;<\/p>\n<p>&nbsp;<\/p>\n<p><strong><a name=\"B\u00fcrger helfen B\u00fcrgern e.V. in Freiburg\"><\/a>B\u00fcrger helfen B\u00fcrgern e.V. in Freiburg<\/strong><\/p>\n<p>B\u00fcrger helfen B\u00fcrgern e.V.<br \/>\n<a href=\"https:\/\/www.freiburg-schwarzwald.de\/martinschley\/index.htm\">Martin Schley<\/a>, <a href=\"mailto:kontakt@martinschley.de\">kontakt@martinschley.de<\/a><br \/>\nRiccarda Kr\u00e4uter-Sch\u00e4chtele, <a href=\"mailto:info@allure-models.de\">info@allure-models.de<\/a>, \u00a0<a href=\"https:\/\/www.freiburg-schwarzwald.de\/littenweiler\/mode.htm#allure-models.de  in Freiburg\">Alllure Models<\/a><br \/>\nEli Kligler,\u00a0Wintererstrasse 11, 79104 Freiburg, Tel 0761\/74350, 32481, <a href=\"mailto:kligler@gmx.com\">kligler@gmx.com<\/a>\u00a0<br \/>\nJ\u00f6rg Alexander Kuenzer, K\u00fcnstleragentur Jak, Kaiser-Joseph-Strasse 265, Tel 0761\/34201,<br \/>\n<a href=\"https:\/\/www.jak-kuenstleragentur.de\/\">www.jak-kuenstleragentur.de<\/a><br \/>\nQudus Nazari, Caf\u00e9 Viva, Barbarastrasse 18, Freiburg, Tel 0761\/27 33 87<br \/>\n<a href=\"https:\/\/www.cafe-restaurant-viva.com\/\">www.cafe-restaurant-viva.com<\/a><br \/>\nAmina Feder, <a href=\"https:\/\/www.freiburg-schwarzwald.de\/littenweiler\/heilpraktiker.htm#Amina Feder aus Buchenbach\">Atemtherapie<\/a>, rafeder \u00e4t gmx.de<\/p>\n","protected":false},"excerpt":{"rendered":"<p>Home &gt;Selbsthilfe &gt;Soziales\u00a0&gt;Obdachlos &gt;Buerger-helfen-Buergern \u00a0\u00a0\u00a0 Sissi Walther bei &#8222;B\u00fcrger helfen B\u00fcrgern&#8220; in der Wiehre am 25.12.2007\u00a0 &nbsp; Weihnachtsessen in der Wodanhalle\u00a0 (27.12.2013) 1. Weihnachtsfeiertag 25.12.10 &#8222;B\u00fcrger helfen B\u00fcrgern&#8220; in Christuspfarrei &gt;Weihnacht1 (22.12.10) Festtag f\u00fcr Bed\u00fcrftige: B\u00fcrger helfen, Essenstreff, Heilsarmee &gt;Weihnachten1 &hellip; <a href=\"https:\/\/www.freiburg-schwarzwald.de\/blog\/selbsthilfe\/soziales\/obdachlos\/buerger-helfen-buergern\/\">Weiterlesen <span class=\"meta-nav\">&rarr;<\/span><\/a><\/p>\n","protected":false},"author":4,"featured_media":0,"parent":6045,"menu_order":0,"comment_status":"open","ping_status":"closed","template":"","meta":{"footnotes":""},"class_list":["post-43057","page","type-page","status-publish","hentry"],"_links":{"self":[{"href":"https:\/\/www.freiburg-schwarzwald.de\/blog\/wp-json\/wp\/v2\/pages\/43057","targetHints":{"allow":["GET"]}}],"collection":[{"href":"https:\/\/www.freiburg-schwarzwald.de\/blog\/wp-json\/wp\/v2\/pages"}],"about":[{"href":"https:\/\/www.freiburg-schwarzwald.de\/blog\/wp-json\/wp\/v2\/types\/page"}],"author":[{"embeddable":true,"href":"https:\/\/www.freiburg-schwarzwald.de\/blog\/wp-json\/wp\/v2\/users\/4"}],"replies":[{"embeddable":true,"href":"https:\/\/www.freiburg-schwarzwald.de\/blog\/wp-json\/wp\/v2\/comments?post=43057"}],"version-history":[{"count":0,"href":"https:\/\/www.freiburg-schwarzwald.de\/blog\/wp-json\/wp\/v2\/pages\/43057\/revisions"}],"up":[{"embeddable":true,"href":"https:\/\/www.freiburg-schwarzwald.de\/blog\/wp-json\/wp\/v2\/pages\/6045"}],"wp:attachment":[{"href":"https:\/\/www.freiburg-schwarzwald.de\/blog\/wp-json\/wp\/v2\/media?parent=43057"}],"curies":[{"name":"wp","href":"https:\/\/api.w.org\/{rel}","templated":true}]}}