{"id":42419,"date":"2013-12-15T09:46:51","date_gmt":"2013-12-15T08:46:51","guid":{"rendered":"https:\/\/www.freiburg-schwarzwald.de\/blog\/?page_id=42419"},"modified":"2020-12-23T18:23:06","modified_gmt":"2020-12-23T17:23:06","slug":"zins","status":"publish","type":"page","link":"https:\/\/www.freiburg-schwarzwald.de\/blog\/global\/finanzsystem\/zins\/","title":{"rendered":"Zins"},"content":{"rendered":"<p><a href=\"https:\/\/www.freiburg-schwarzwald.de\/blog\">Home<\/a> &gt;<a title=\"Global\" href=\"https:\/\/www.freiburg-schwarzwald.de\/blog\/global\/\">Global<\/a> &gt;<a title=\"Finanzsystem\" href=\"https:\/\/www.freiburg-schwarzwald.de\/blog\/global\/finanzsystem\/\">Finanzsystem<\/a> &gt;Zins<\/p>\n<div id=\"attachment_42429\" style=\"width: 648px\" class=\"wp-caption alignnone\"><a href=\"https:\/\/www.freiburg-schwarzwald.de\/blog\/global\/finanzsystem\/zins\/lindenberg2-nebel-pan131212\/\" rel=\"attachment wp-att-42429\"><img loading=\"lazy\" decoding=\"async\" aria-describedby=\"caption-attachment-42429\" class=\" wp-image-42429 \" title=\"lindenberg2-nebel-pan131212\" src=\"https:\/\/www.freiburg-schwarzwald.de\/blog\/wp-content\/uploads\/2013\/12\/lindenberg2-nebel-pan131212.jpg\" alt=\"\" width=\"638\" height=\"206\" srcset=\"https:\/\/www.freiburg-schwarzwald.de\/blog\/wp-content\/uploads\/2013\/12\/lindenberg2-nebel-pan131212.jpg 638w, https:\/\/www.freiburg-schwarzwald.de\/blog\/wp-content\/uploads\/2013\/12\/lindenberg2-nebel-pan131212-180x58.jpg 180w\" sizes=\"auto, (max-width: 638px) 100vw, 638px\" \/><\/a><p id=\"caption-attachment-42429\" class=\"wp-caption-text\">Blick am 12.12.2013 vom Lindenberg bei St.Peter nach S\u00fcden \u00fcbers Dreisamtal im Nebel zum Feldberg (links) und Schauinsland<\/p><\/div>\n<p>&nbsp;<\/p>\n<ul>\n<li><a href=\"https:\/\/www.freiburg-schwarzwald.de\/blog\/business\/volkswirtschaft\/\">\u00dcberschuldung: Inflation, W\u00e4hrungsschnitt oder Bankrott<\/a>\u00a0(23.12.2020)<\/li>\n<li>Private Sparer verloren bis Ende 2013 \u00fcber 120 Mrd Euro an Zinsertr\u00e4gen (15.12.2013)<\/li>\n<li><\/li>\n<li><a title=\"Bargeld\" href=\"https:\/\/www.freiburg-schwarzwald.de\/blog\/global\/finanzsystem\/bargeld\/\">Bargeld<\/a><\/li>\n<li><a title=\"EU-Banken\" href=\"https:\/\/www.freiburg-schwarzwald.de\/blog\/global\/eu\/eu-banken\/\">EU-Banken<\/a><\/li>\n<li><a title=\"Banken\" href=\"https:\/\/www.freiburg-schwarzwald.de\/blog\/business\/dienste\/banken\/\">Banken<\/a><\/li>\n<li><a href=\"https:\/\/www.freiburg-schwarzwald.de\/blog\/business\/volkswirtschaft\/\">Volkswirtschaft<\/a><\/li>\n<\/ul>\n<p>&nbsp;<\/p>\n<p><strong>Private Sparer verloren bis Ende 2013 \u00fcber 120 Mrd Euro an Zinsertr\u00e4gen<\/strong><\/p>\n<p><strong>Die privaten Haushalte (rechte Spalte in der McKinsey-\u00dcbersicht) als gr\u00f6\u00dfter Verlierer<\/strong><br \/>\nDie von den Notenbanken k\u00fcnstlich niedrig gehaltenen Zinsen gehen zu Lasten der privaten Sparer. Von 2007 bis 2012 verloren die Sparer in der Eurozone (EU ausser GBR) netto 160 Mrd Dollar bzw. 120 Mrd Euro an Zinsen. Berechnet wurde diese Zahl aus den Zinsertr\u00e4gen auf Guthaben abz\u00fcglich der Ausgaben f\u00fcr Kredite.\u00a0US-B\u00fcrgern entgingen sogar 360 Mrd Dollar und GBR-Sparern 110 Mrd Dollar.\u00a0Die Sparer in\u00a0den privaten Haushalten \u00a0wurden somit mit 630 Mrd Dollar enteignet &#8211; das sind fast das Doppelte des deutschen Bundeshaushalts f\u00fcr 2013.<\/p>\n<p><a href=\"https:\/\/www.freiburg-schwarzwald.de\/blog\/global\/finanzsystem\/zinsen-mckinsey1312\/\" rel=\"attachment wp-att-42416\"><img loading=\"lazy\" decoding=\"async\" class=\"alignnone size-full wp-image-42416\" title=\"zinsen-mckinsey1312\" src=\"https:\/\/www.freiburg-schwarzwald.de\/blog\/wp-content\/uploads\/2012\/04\/zinsen-mckinsey1312.jpg\" alt=\"\" width=\"467\" height=\"349\" srcset=\"https:\/\/www.freiburg-schwarzwald.de\/blog\/wp-content\/uploads\/2012\/04\/zinsen-mckinsey1312.jpg 467w, https:\/\/www.freiburg-schwarzwald.de\/blog\/wp-content\/uploads\/2012\/04\/zinsen-mckinsey1312-180x134.jpg 180w\" sizes=\"auto, (max-width: 467px) 100vw, 467px\" \/><\/a><\/p>\n<p>&nbsp;<\/p>\n<p><strong>Staaten (linke Spalte) als Profiteure der niedrigen Zinsen<\/strong><br \/>\nDie Staaten k\u00f6nnen sich aufgrund der\u00a0niedrigen Zinsen und der massiven Anleihek\u00e4ufe der Zentralbanken\u00a0sehr g\u00fcnstig verschulden. So sank die Umlaufrendite deutscher Staatsanleihen seit 2008 von 4.5% auf unter\u00a01.5% in 2013. Laut McKinsey sparten die USA\u00a0900 Mrd Dollar, GBR 120 Mrd Dollar und die Euro-Partner\u00a0360 Mrd Dollar an Zinszahlungen ein, also zusammen\u00a0gewaltige\u00a01380 Mrd Dollar.<br \/>\nDazu kommen noch 200 Mrd Dollar an Gewinnen, die die Notenbanken in 2007-2012 an ihre Staatskassen \u00a0\u00fcberwiesen.\u00a0Damit profitierten die Staaten um 1380 + 200 = 1580 Mrd Dollar von der lockeren Niedrigzinspolitik.<\/p>\n<p><strong>Unternehmen (2. Spalte von links) als weitere Nutznie\u00dfer der historisch niedrigen Zinsen<\/strong><br \/>\nDie Wirtschaft kann g\u00fcnstig Kredite aufnehmen und Investitionen t\u00e4tigen. So ersparten sich Konzerne und auch die mittelst\u00e4ndische Industrie\u00a0in der Eurozone 280 Mrd Dollar an Darlehenszinsen, in allen drei gebieten 710 Mrd Dollar.<\/p>\n<p><em>Fazit der McKinsey-Studie: Die Notenbanken der drei W\u00e4hrungsr\u00e4ume\u00a0EU (Euro), GBR (Pfund) und USA (Dollar) haben\u00a0durch ihre Niedrigzinspolitik eine gigantische Umverteilung von den privaten Sparern zu\u00a0Staaten und Unternehmen hergestellt. Nimm es den vielen kleinen privaten Sparern und gib es den Unternehmen zum Investieren (was an sich ja sinnvoll ist) sowie den Staatsregierungen zum Verschulden bzw. \u00fcber die Verh\u00e4ltnisse leben (was die n\u00e4chste weltweite Finanzkrise zur Folge haben muss).<\/em><\/p>\n<p><strong>Lebensversicherungen (2. Spalte von rechts)\u00a0am Randes des Kollapses<br \/>\n<\/strong>Die meisten\u00a0Lebensversicherungen boten\u00a0in den vergangenen Jahrzehnten Policen mit Garantiezins an, den sie nun immer schwerer bedienen k\u00f6nnen. 80% der deutschen Bundesb\u00fcrger besitzen solche Versicherungen zur Vorsorge im Alter. Altvertr\u00e4ge haben meistens eine Laufzeit von bis zu 50 Jahren. Neuvertr\u00e4ge werden kaum mehr abgeschlossen, da man auf steigende Zinsen wartet.<br \/>\nDen Banken entgingen\u00a0Nettozinseink\u00fcnfte (Zinseinnahmen abz\u00fcglich Zinszahlungen)\u00a0von 120 Mrd Dollar (230 + 40 &#8211; 150). Dabei profitierten die US-Banken um 150 Mrd Dollar, da dort die Guthabenzinsen langsamer fielen.<\/p>\n","protected":false},"excerpt":{"rendered":"<p>Home &gt;Global &gt;Finanzsystem &gt;Zins &nbsp; \u00dcberschuldung: Inflation, W\u00e4hrungsschnitt oder Bankrott\u00a0(23.12.2020) Private Sparer verloren bis Ende 2013 \u00fcber 120 Mrd Euro an Zinsertr\u00e4gen (15.12.2013) Bargeld EU-Banken Banken Volkswirtschaft &nbsp; Private Sparer verloren bis Ende 2013 \u00fcber 120 Mrd Euro an Zinsertr\u00e4gen &hellip; <a href=\"https:\/\/www.freiburg-schwarzwald.de\/blog\/global\/finanzsystem\/zins\/\">Weiterlesen <span class=\"meta-nav\">&rarr;<\/span><\/a><\/p>\n","protected":false},"author":4,"featured_media":0,"parent":1187,"menu_order":0,"comment_status":"open","ping_status":"closed","template":"","meta":{"footnotes":""},"class_list":["post-42419","page","type-page","status-publish","hentry"],"_links":{"self":[{"href":"https:\/\/www.freiburg-schwarzwald.de\/blog\/wp-json\/wp\/v2\/pages\/42419","targetHints":{"allow":["GET"]}}],"collection":[{"href":"https:\/\/www.freiburg-schwarzwald.de\/blog\/wp-json\/wp\/v2\/pages"}],"about":[{"href":"https:\/\/www.freiburg-schwarzwald.de\/blog\/wp-json\/wp\/v2\/types\/page"}],"author":[{"embeddable":true,"href":"https:\/\/www.freiburg-schwarzwald.de\/blog\/wp-json\/wp\/v2\/users\/4"}],"replies":[{"embeddable":true,"href":"https:\/\/www.freiburg-schwarzwald.de\/blog\/wp-json\/wp\/v2\/comments?post=42419"}],"version-history":[{"count":1,"href":"https:\/\/www.freiburg-schwarzwald.de\/blog\/wp-json\/wp\/v2\/pages\/42419\/revisions"}],"predecessor-version":[{"id":86117,"href":"https:\/\/www.freiburg-schwarzwald.de\/blog\/wp-json\/wp\/v2\/pages\/42419\/revisions\/86117"}],"up":[{"embeddable":true,"href":"https:\/\/www.freiburg-schwarzwald.de\/blog\/wp-json\/wp\/v2\/pages\/1187"}],"wp:attachment":[{"href":"https:\/\/www.freiburg-schwarzwald.de\/blog\/wp-json\/wp\/v2\/media?parent=42419"}],"curies":[{"name":"wp","href":"https:\/\/api.w.org\/{rel}","templated":true}]}}