{"id":4231,"date":"2012-06-01T11:39:58","date_gmt":"2012-06-01T11:39:58","guid":{"rendered":"https:\/\/www.freiburg-schwarzwald.de\/blog\/?page_id=4231"},"modified":"2026-04-15T21:00:38","modified_gmt":"2026-04-15T19:00:38","slug":"depression","status":"publish","type":"page","link":"https:\/\/www.freiburg-schwarzwald.de\/blog\/selbsthilfe\/chronisch\/depression\/","title":{"rendered":"Depression"},"content":{"rendered":"<p>Home &gt;Selbsthilfe &gt;<a title=\"Chronisch\" href=\"https:\/\/www.freiburg-schwarzwald.de\/blog\/selbsthilfe\/chronisch\/\">Chronisch<\/a> &gt;Depression<\/p>\n<div id=\"attachment_4232\" style=\"width: 612px\" class=\"wp-caption alignnone\"><a href=\"https:\/\/www.freiburg-schwarzwald.de\/blog\/selbsthilfe\/chronisch\/depression\/roturach2pan080219\/\" rel=\"attachment wp-att-4232\"><img loading=\"lazy\" decoding=\"async\" aria-describedby=\"caption-attachment-4232\" class=\"size-full wp-image-4232\" title=\"roturach2pan080219\" src=\"https:\/\/www.freiburg-schwarzwald.de\/blog\/wp-content\/uploads\/2012\/06\/roturach2pan080219.jpg\" alt=\"\" width=\"602\" height=\"156\" srcset=\"https:\/\/www.freiburg-schwarzwald.de\/blog\/wp-content\/uploads\/2012\/06\/roturach2pan080219.jpg 602w, https:\/\/www.freiburg-schwarzwald.de\/blog\/wp-content\/uploads\/2012\/06\/roturach2pan080219-180x46.jpg 180w\" sizes=\"auto, (max-width: 602px) 100vw, 602px\" \/><\/a><p id=\"caption-attachment-4232\" class=\"wp-caption-text\">Roturach &#8211; Seitental vom Uracher Tal zwischen Linachtal und langenordnachtal im Februar 2008<\/p><\/div>\n<ul>\n<li><em>Listenauswahl eines Beitrags (Artikel\/Datum, Seite\/Inhalt): <span style=\"text-decoration: underline;\">Klicken<\/span> oder scrollen<\/em><\/li>\n<li>Depression als Volkskrankheit &#8211; Dresdner Hygiene-Museum zur mentalen Gesundheit (14.4.2026)<\/li>\n<li><a href=\"https:\/\/www.freiburg-schwarzwald.de\/blog\/selbsthilfe\/krise\/sexuellermissbrauch\/gruppenvergewaltigung\/noelia-gruppenvergewaltigung2022\/\">Die Kultur des Todes in Spanien k\u00f6nnte den Tod von Noelia Castillo Ramos erzwungen haben<\/a>\u00a0(4.4.2026)<\/li>\n<li><a href=\"https:\/\/www.freiburg-schwarzwald.de\/blog\/maedchen-15-17-angst-corona\/\">M\u00e4dchen 15-17: Angst Corona<\/a>\u00a0(11.12.2025)<\/li>\n<li><a href=\"https:\/\/www.freiburg-schwarzwald.de\/blog\/bilder-im-tv-machen-angst\/\">Bilder in den TV-Nachrichten machen Angst<\/a>\u00a0(30.1.2021)<\/li>\n<li><a href=\"https:\/\/www.freiburg-schwarzwald.de\/blog\/buendnis-gegen-depression-fr\/\">https:\/\/www.freiburg-schwarzwald.de\/blog\/buendnis-gegen-depression-fr\/<\/a> (15.2.2014)<\/li>\n<li><a href=\"https:\/\/www.freiburg-schwarzwald.de\/blog\/depressionen-verstecken\/\">https:\/\/www.freiburg-schwarzwald.de\/blog\/depressionen-verstecken\/<\/a>\u00a0(17.3.2013)<\/li>\n<li><a href=\"https:\/\/www.freiburg-schwarzwald.de\/maenner.htm#B\u00fcndnis gegen Depression Freiburg findet viele Unterst\u00fctzer - M\u00e4nnerdepression\">B\u00fcndnis gegen Depression Freiburg: viele Unterst\u00fctzer &#8211; M\u00e4nnerdepression<\/a> &gt;Maenner (2.2.11)<\/li>\n<li><a href=\"https:\/\/www.freiburg-schwarzwald.de\/depression.htm#B\u00fcndnis gegen Depression Freiburg widmet sich der Volkskrankheit\">&#8222;B\u00fcndnis gegen Depression&#8220; Freiburg widmet sich der Volkskrankheit<\/a>&gt; Depression (28.1.2011)<\/li>\n<li><a href=\"https:\/\/www.freiburg-schwarzwald.de\/littenweiler\/ebnet\/ebnet6.htm#Lebnetz: Verein - Kulturcafe als Treffpunkt - Psychosoziale Lage\">Lebnetz: Verein &#8211; Kulturcafe als Treffpunkt &#8211; Psychosoziale Lage<\/a>&gt;Ebnet\/Ebnet6 (19.11.2010)<\/li>\n<li><a href=\"https:\/\/www.freiburg-schwarzwald.de\/depression.htm#Heather Nova gibt Konzert in der Freiburger Psychiatrie\">Heather Nova gibt Konzert in der Freiburger Psychiatrie<\/a>&gt;Depression (26.10.2010)<\/li>\n<li><a href=\"https:\/\/www.freiburg-schwarzwald.de\/depression#Volkskrankheit Depression - Wenn die Seele nicht mehr kann\">Volkskrankheit Depression &#8211; Wenn die Seele nicht mehr kann<\/a>(11.11.2009)<\/li>\n<li><span style=\"font-size: x-small;\"><a href=\"https:\/\/www.freiburg-schwarzwald.de\/depression.htm#Der Verlust der Traurigkeit: Depression von Kummer unterscheiden\">Der Verlust der Traurigkeit: Depression von Kummer unterscheiden<\/a><\/span> &gt;Depression (15.12.2008)<\/li>\n<li><a href=\"https:\/\/www.freiburg-schwarzwald.de\/psyche2.htm#Wege aus dem Teufelskreis von Einsamkeit, R\u00fcckzug und Depression im Alter\">Wege aus dem Teufelskreis von Einsamkeit, R\u00fcckzug und Depression im Alter<\/a>&gt;Psyche2 (29.4.)<\/li>\n<li><a href=\"https:\/\/www.freiburg-schwarzwald.de\/psyche1.htm#B\u00fcndnis gegen Depressionen - fehlt in Freiburg\">B\u00fcndnis gegen Depressionen &#8211; fehlt in Freiburg<\/a> &gt;Psyche1 (14.10.2006)<\/li>\n<li><\/li>\n<li><strong><a href=\"https:\/\/www.freiburg-schwarzwald.de\/depression.htm\">www.freiburg-schwarzwald.de\/depression.htm<\/a> &gt;Archivseite Depression<\/strong><\/li>\n<li><a href=\"https:\/\/www.freiburg-schwarzwald.de\/depression#B\u00fcndnis gegen Depression - Siegfried Schreiber\">B\u00fcndnis gegen Depression &#8211; Siegfried Schreiber aus Villingen<\/a><\/li>\n<li><a href=\"https:\/\/www.freiburg-schwarzwald.de\/blog\/business\/gesund\/corona-virus\/corona-angst\/\">Corona-Angst<\/a><\/li>\n<li><a href=\"https:\/\/www.freiburg-schwarzwald.de\/depression#Depression-Leitlinien.de - Uniklinik Freiburg\">Depression-Leitlinien.de &#8211; Uniklinik Freiburg<\/a> &gt;Depression<\/li>\n<li><a href=\"https:\/\/www.freiburg-schwarzwald.de\/depression#Depression - Regionale B\u00fcndnisse gegen Depression\">Depression &#8211; Regionale B\u00fcndnisse gegen Depression<\/a><\/li>\n<li><a href=\"https:\/\/www.freiburg-schwarzwald.de\/depression#Deutsches B\u00fcndnis gegen Depression e.V.\">Deutsches B\u00fcndnis gegen Depression e.V.<\/a><\/li>\n<li><a title=\"Emotionales-Gehirn\" href=\"https:\/\/www.freiburg-schwarzwald.de\/blog\/business\/gesund\/emotionales-gehirn\/\">Emotionales Gehirn<\/a><\/li>\n<li><a href=\"https:\/\/www.freiburg-schwarzwald.de\/depression#Freiburger B\u00fcndnis gegen Depression\">Freiburger B\u00fcndnis gegen Depression<\/a>&gt;Depression<\/li>\n<li>Selbsthilfegruppe f\u00fcr an Depression erkrankte M\u00e4nner in Freiburg<\/li>\n<li><a title=\"Suizid\" href=\"https:\/\/www.freiburg-schwarzwald.de\/blog\/selbsthilfe\/krise\/suizid\/\">Suizid, Selbstmord<\/a><\/li>\n<li><a href=\"https:\/\/www.freiburg-schwarzwald.de\/depression#Links\">Links<\/a><\/li>\n<\/ul>\n<p>&nbsp;<\/p>\n<ul>\n<li>\n<table border=\"1\" width=\"100%\" cellspacing=\"1\" bgcolor=\"#c0c0c0\">\n<tbody>\n<tr>\n<td width=\"100%\">\n<p align=\"center\"><span style=\"font-size: xx-small;\"><br \/>\nDepression ist eine Volkskrankheit. Die mit den h\u00f6chsten Zuwachsraten, meldet die Weltgesundheitsorganisation. Jede vierte Krankschreibung in Deutschland hat direkt oder indirekt mit Seelenstress zu tun.<br \/>\n<\/span><span style=\"font-size: x-small;\"><br \/>\n<\/span><span style=\"font-size: xx-small;\">Nach Sch\u00e4tzung der Weltgesundheitsorganisation leiden rund 4,5 Millionen Deutsche an Depressionen. Dabei tritt sie bei Frauen doppelt so h\u00e4ufig auf wie bei M\u00e4nnern. Die Medizin bietet jedoch gute Behandlungsmethoden mittels Psychotherapie oder Medikamenten. <\/span><\/p>\n<div id=\"attachment_4238\" style=\"width: 190px\" class=\"wp-caption alignnone\"><a href=\"https:\/\/www.freiburg-schwarzwald.de\/blog\/selbsthilfe\/chronisch\/depression\/freiburg4-kanonenplatz100212\/\" rel=\"attachment wp-att-4238\"><img loading=\"lazy\" decoding=\"async\" aria-describedby=\"caption-attachment-4238\" class=\"size-thumbnail wp-image-4238\" title=\"freiburg4-kanonenplatz100212\" src=\"https:\/\/www.freiburg-schwarzwald.de\/blog\/wp-content\/uploads\/2012\/06\/freiburg4-kanonenplatz100212-180x135.jpg\" alt=\"\" width=\"180\" height=\"135\" srcset=\"https:\/\/www.freiburg-schwarzwald.de\/blog\/wp-content\/uploads\/2012\/06\/freiburg4-kanonenplatz100212-180x135.jpg 180w, https:\/\/www.freiburg-schwarzwald.de\/blog\/wp-content\/uploads\/2012\/06\/freiburg4-kanonenplatz100212.jpg 640w\" sizes=\"auto, (max-width: 180px) 100vw, 180px\" \/><\/a><p id=\"caption-attachment-4238\" class=\"wp-caption-text\">Kanonenplatz am Freiburger Schlo\u00dfberg 12.2.2010: &#8211; Schauen und Nachdenken<\/p><\/div>\n<p align=\"center\"><span style=\"font-size: xx-small;\">Das Gef\u00fchl kennen wir alle: Die Welt ist schlecht! Mit geht\u2019s mies und das wird bestimmt auch nie wieder besser. \u00dcbel drauf ist jeder mal, manchmal auch etwas l\u00e4nger, vor allem wenn etwas Schlimmes passiert ist. Ist das dann schon eine Depression oder einfach nur mal schlechte Laune?<br \/>\n<\/span><\/p>\n<\/td>\n<\/tr>\n<\/tbody>\n<\/table>\n<\/li>\n<\/ul>\n<p>&nbsp;<\/p>\n<p><strong>Mehr Konsum macht nicht gl\u00fccklich &#8211; Depression nimmt zu<\/strong><br \/>\nObwohl sich das Bruttoinlandsprodukt in Deutschland seit 1970 verf\u00fcnffacht hat, geht es den Menschen nicht besser. Im Gegenteil: \u00c4ngste, Depressionen und \u00dcberforderung nehmen zu.<\/p>\n<p>&nbsp;<\/p>\n<p>&nbsp;<\/p>\n<p><strong>Selbsthilfegruppe f\u00fcr an Depression erkrankte M\u00e4nner in Freiburg<\/strong><\/p>\n<p>M\u00e4nnergruppe, Selbsthilfegruppe f\u00fcr an Depression erkrankte M\u00e4nner und<br \/>\n<a title=\"Maenner\" href=\"https:\/\/www.freiburg-schwarzwald.de\/blog\/selbsthilfe\/maenner\/\">M\u00e4nner<\/a> mit an Depression erkrankten Angeh\u00f6rigen.<br \/>\nFreiburg-Oberwiehre\/Waldsee,\u00a0Einkauszentrum ZO, Schwarzwaldstrasse 78 d,<br \/>\nalle 2 Wochen Mo 20:00 &#8211; 22:00 Uhr.<br \/>\n<a href=\"https:\/\/stefan-maise.de\/selbsthilfegruppe.html\">https:\/\/stefan-maise.de\/selbsthilfegruppe.html<\/a><br \/>\n<a href=\"https:\/\/stefan-maise.de\/selbsthilfegruppe.html\">https:\/\/stefan-maise.de\/selbsthilfegruppe.html<\/a>,<br \/>\nKontakt: stefanmaise at googlemail.com, Tel 0761-8704716,<br \/>\n<a href=\"https:\/\/buendnis-depression.de\/depression\/bilder\/freiburg_maennerdepression_W\">https:\/\/buendnis-depression.de\/depression\/bilder\/freiburg_maennerdepression_Web_Jan11.pdf<\/a><\/p>\n<p>Die M\u00e4nnergruppe hat noch freie Pl\u00e4tze.<\/p>\n<p>N\u00fctzliche Links f\u00fcr Depressive und Angeh\u00f6rige aus Freiburg und Umgebung.<br \/>\n<a href=\"https:\/\/www.sho.rtlink.de\/DepriFreiburg\">https:\/\/www.sho.rtlink.de\/DepriFreiburg<\/a><br \/>\n==============================================================<\/p>\n<p>.<\/p>\n<p>.<br \/>\n<strong>Depression als Volkskrankheit &#8211; Dresdner Hygiene-Museum zur mentalen Gesundheit<\/strong><br \/>\nJeder Vierte erkrankt im Laufe seines Lebens einmal an einer Depression. Im Gegensatz zu physischen sind psychische Erkrankungen zumeist nicht sichbar. Und man spricht nicht dar\u00fcber, es ist Tabu.<br \/>\n14.4.2026<br \/>\n.<br \/>\n<strong>Wenn eine Herrenjacke der Psyche hilft<\/strong><br \/>\nAusstellung: Das Dresdner Hygiene-Museum l\u00e4dt zu einer Schau \u00fcber mentale Gesundheit ein<br \/>\nEs muss hoch hergegangen sein in Sachen mentaler Gesundheit im Deutschen Hy\u00adgiene-Museum Dresden. Das deutet Su\u00adsanne Knappe, Professorin an der Evange\u00adlischen Hochschule und Mitglied eines 23k\u00f6pfigen Beratergremiums, anl\u00e4sslich der Er\u00f6ffnung der Sonderausstellung \u201eWie geht`s?\u201c an. Die hochka\u00adr\u00e4tig und allumfassend besetzte Kommission, der auch Vertreter von den Vereinen Bundesverband Trans*, \u201eGerede\u201c und \u201eKompetenznetz Einsamkeit\u201c angeh\u00f6rten, war offenbar mit dem vorgestellten Konzept \u00fcberhaupt nicht einverstanden. Letztlich wurde alles verworfen und neu gedacht.<br \/>\nUnd wie immer die alte Konzeption ausgese\u00adhen hat, die umgesetzte kann sich sehen lassen und bietet einen niederschwelligen Einstieg in ein kompliziertes Thema. Die mentale Gesundheit beziehungsweise die hohe Anzahl in irgendeiner Form psychisch Erkrankter ist ein hoch aktuelles Problem in modernen Industriegesellschaften. Be\u00adsonders junge Menschen sind betroffen. \u201eWas ist die Zukunft wert, wenn schon die Gegenwart so auf die Seele dr\u00fcckt\u201c, lassen die Krimiautoren in einer der zahlreichen TV-Polizeiserien ihre Kommissa\u00adre nach Abschluss eines Falls etwas ratlos fragen.<br \/>\nPsychische Belastungen nehmen in Krisenzeiten zu<\/p>\n<p>Nach Angaben der Weltgesundheitsorganisation (WHO) leben weltweit eine Milliarde Menschen mit psychischen Problemen. In Deutschland er\u00adkrankt jeder vierte Erwachsene im Laufe seines Lebens. Psychische Erkrankungen treten genauso h\u00e4ufig auf wie physische, nur sind sie meistens nicht so sichtbar. Und obwohl das Bewusstsein f\u00fcr psychische Erkrankungen w\u00e4chst, ist das Sprechen dar\u00fcber f\u00fcr viele nach wie vor ein Tabu, sei es aus Angst vor Reaktionen aus dem sozialen Umfeld oder vor dem Verlust des Jobs. W\u00e4hrend Erkran\u00adkungen wie Depression, Burnout oder ADHS zu\u00adnehmend gesellschaftlich akzeptiert werden, erfah\u00adren etwa Psychosen oder Suchterkrankungen sogar eine st\u00e4rkere Stigmatisierung.<\/p>\n<p>Die Grenze zwischen gesund und krank sei flie\u00ad\u00dfender als man denke, sagt Museumsdirektorin Iris Edenheiser. Und Knappe fragt provokant, wenn lediglich 20 Prozent der Menschen keine psychi\u00adschen Erkrankungen h\u00e4tten, vielleicht seien diese dann \u201enicht normal\u201c?<br \/>\nFest steht, die deutliche Zunahme psychischer Belastungen ist eine Folge der staatlich verordneten Vereinsamung in der Pandemiezeit, der Digitalisie\u00adrung des Alltags, des immer st\u00e4rkeren Einsatzes von K\u00fcnstlicher Intelligenz (KI), der Angst vor einem neuen Weltkrieg und globalen Krisen. Alle einst als sicher geltenden Ma\u00dfst\u00e4be werden hinterfragt. Und ein wenig tr\u00e4gt auch das Hygiene-Museum zur Verunsicherung bei, indem es weiterhin flei\u00ad\u00dfig gendert. Aber zum Gl\u00fcck hat der Besucher die M\u00f6glichkeit, sich das, was die beiden Kuratorinnen Clarissa L\u00fctz und Rebekka Rinner mit ihrer Schau vermitteln wollen, auch mittels \u201eDeutsch in einfa\u00adcher Sprache\u201c mitteilen lassen zu k\u00f6nnen. Oder er verzichtet ganz auf Erl\u00e4uterungen und nimmt die Ausstellung nur mit seinen Sinnen wahr.<br \/>\nBereits im Eingangsbereich kann der Besucher seiner Umgebung kund tun, wie er gerade drauf ist. Er muss nur auf einen Knopf dr\u00fccken und schon erscheint die Welt in roter, blauer oder gr\u00fcner Farbe. Anschlie\u00dfend kann er sich durch ein engen Eingang in den Bereich schieben, der unter dem Motto \u201eIch sehe was, was du nicht siehst\u201c steht. Er kann per Buzzer in einem Quiz sein Wissen \u00fcber\u00adpr\u00fcfen, in einem Sessel Platz nehmen, der den darin Sitzenden immer mehr umarmt oder sich schlie\u00df\u00adlich, mental ersch\u00f6pft, auf ein riesiges Himmelbett mit T\u00fcllvorh\u00e4ngen und weichen Kissen fallen las\u00adsen und dort bis zur Schlie\u00dfstunde liegen bleiben \u2013 insofern zuvor die Schuhe ausgezogen wurden.<br \/>\nWas als Krankheit definiert wird, unterliegt dem Wandel<\/p>\n<p>Die Palette der k\u00fcnstlerischen, medialen, inter\u00adaktiven und inklusiven Zug\u00e4nge der Schau ist bunt und vielf\u00e4ltig. Es werden wissenschaftliche Theori\u00aden erl\u00e4utert, Irrt\u00fcmer benannt und erschreckende Statistiken aufgefahren. Eine ganze Wand f\u00fcllt die internationale statistische Klassifikation der Krank\u00adheiten, ein weltweit genutztes Verzeichnis f\u00fcr me\u00addizinische Diagnosen, erstmals 1893 erschienen. Und auch hier ist alles im Wandel. Etwa alle 30 Jahre wird das System \u00fcberarbeitet, verschwinden Diagnosen oder Kriterien, werden umformuliert oder durch neue erg\u00e4nzt. Grundlage hierf\u00fcr sei der Forschungsstand, aber auch der gesellschaftliche Kontext. Denn auch was als Krankheit definiert wird, unterliegt dem Wandel kultureller und ethi\u00adscher Vorstellungen, wie beispielsweise der Doku\u00admentarfilm \u201eDie sexuelle Provokation \u2013 Magnus Hirschfeld und die Geschlechter\u201c zeigt, der im umfassenden Begleitprogramm der Ausstellung seine Premiere feierte.<br \/>\nWas die Ausstellung ausspart, aber auch einer Thematisierung wert gewesen w\u00e4re, ist die heuti\u00adge Smalltalk-Floskel \u201eWie geht\u2019s?\u201c. Denn in dieser prallen die Lebenswirklichkeiten der DDR-B\u00fcrger auf die der im Westen Sozialisierten. In Springers \u201eG\u00e4nsef\u00fc\u00dfchenland\u201c, wo die Werkt\u00e4tigen auf ihre Unterdr\u00fcckung und die nur scheinbar existierenden sozialen \u201eErrungenschaften\u201c seit der Niederschla\u00adgung des Volksaufstandes am 17. Juni 1953 mit ei\u00adnem permanenten Bummelstreik reagierten, nahm man sich tats\u00e4chlich noch Zeit, auf die Frage \u201eWie geht\u2019s?\u201c mit einer umst\u00e4ndlichen Litanei zu ant\u00adworten. Der allt\u00e4gliche Schwatz mit dem im Kiez lebenden ersparte seinerzeit h\u00e4ufig den Psychiater.<br \/>\nIn der Schau nehmen die beiden Kuratorin\u00adnen die inzwischen zur Floskel degenerierte Fra\u00adge auf, indem sie die drei Kapitel \u201eIch f\u00fchle was, was du nicht siehst\u201c, \u201eDanke der Nachfrage\u201c und schlie\u00dflich \u201eMal so, mal so\u201c \u00fcberschrieben haben. Im dritten Teil liegt der Fokus auf Strategien der Bew\u00e4ltigung. Hier kommen auch konkrete Men\u00adschen mit ihren eigenen psychischen Krisenerfah\u00adrungen zu Wort.<\/p>\n<p>Genau das kommt der Ausstellung zugute, dass auch Menschen mit unterschiedlichen psychischen Erkrankungen die Vorbereitungen beratend beglei\u00adtet haben und sich deren Perspektiven in vielen In\u00adterviews, pers\u00f6nlichen Objekten und Geschichten wiederfinden. In einer Vitrine liegt beispielsweise das Tagebuch der Dresdnerin Lee Ann S. Es h\u00e4lt \u201epers\u00f6nliche Momente, \u00c4ngste und kleine Hoff\u00adnungen auf dem Weg zur Heilung fest\u201c, schreibt dazu die Drei\u00dfigj\u00e4hrige.<br \/>\nEs begleitet mich durch Phasen der Belastung, der Ruhe und der Lichtblic\u00adke. Es diente dazu, Gef\u00fchle und Erlebnisse, aber auch Ziele, Erfolge und R\u00fcckschl\u00e4ge zu notieren und sp\u00e4ter wieder abzurufen.\u201c Von Anke S. dagegen stammt eine Jacke, einst ein Geschenk der \u00e4lteren Schwester an die damals Zw\u00f6lfj\u00e4hrige: \u201eDie Jac\u00adke gibt mit W\u00e4rme, Schutz und sie macht meine Weiblichkeit durch ihre Weite unsichtbar\u201c, notiert die inzwischen 38j\u00e4hrige f\u00fcr die Museumsbesucher: \u201eMit der Herrenjacke war ich neutral \u2013 quasi in einem asexuellen Raum. Gleichzeitig f\u00fchlte ich mich st\u00e4rker.\u201c<br \/>\n\u201eWir wollen f\u00fcr Erkrankungen sensibilisieren, die bei vielen nicht offen zutage treten, aber immer mehr um sich greifen\u201c, sagt Direktorin Edenhei\u00adser. Menschen mit psychischen Problemen seien als \u201eWissenstr\u00e4ger\u201c wichtig und die Gesellschaft m\u00fcsse lernen, ihnen zuzuh\u00f6ren. Psychologin Knap\u00adpe lobt die Ausstellung als \u201eeinen Meilenstein\u201c in der Diskussion \u00fcber die psychische Gesundheit.<br \/>\n&#8230; Alles vom 1.4.2026 von Paul Leonhard bitte lesen in der JF 15\/6 Seite15<\/p>\n<p><em>Die Ausstellung \u201eWie geht\u2018s\u201c \u00fcber mentale Ge\u00adsundheit ist bis zum 4. April 2027 im Deutschen Hygiene-Museum Dresden, Lingnerplatz 1, t\u00e4glich au\u00dfer montags von 10 bis 17 Uhr zu sehen. Der Eintritt kostet 12 Euro (erm\u00e4\u00dfigt 6 Euro). <a href=\"https:\/\/www.dhmd.de\">https:\/\/www.dhmd.de<\/a><\/em><\/p>\n","protected":false},"excerpt":{"rendered":"<p>Home &gt;Selbsthilfe &gt;Chronisch &gt;Depression Listenauswahl eines Beitrags (Artikel\/Datum, Seite\/Inhalt): Klicken oder scrollen Depression als Volkskrankheit &#8211; Dresdner Hygiene-Museum zur mentalen Gesundheit (14.4.2026) Die Kultur des Todes in Spanien k\u00f6nnte den Tod von Noelia Castillo Ramos erzwungen haben\u00a0(4.4.2026) M\u00e4dchen 15-17: Angst &hellip; <a href=\"https:\/\/www.freiburg-schwarzwald.de\/blog\/selbsthilfe\/chronisch\/depression\/\">Weiterlesen <span class=\"meta-nav\">&rarr;<\/span><\/a><\/p>\n","protected":false},"author":2,"featured_media":0,"parent":105,"menu_order":0,"comment_status":"open","ping_status":"closed","template":"","meta":{"footnotes":""},"class_list":["post-4231","page","type-page","status-publish","hentry"],"_links":{"self":[{"href":"https:\/\/www.freiburg-schwarzwald.de\/blog\/wp-json\/wp\/v2\/pages\/4231","targetHints":{"allow":["GET"]}}],"collection":[{"href":"https:\/\/www.freiburg-schwarzwald.de\/blog\/wp-json\/wp\/v2\/pages"}],"about":[{"href":"https:\/\/www.freiburg-schwarzwald.de\/blog\/wp-json\/wp\/v2\/types\/page"}],"author":[{"embeddable":true,"href":"https:\/\/www.freiburg-schwarzwald.de\/blog\/wp-json\/wp\/v2\/users\/2"}],"replies":[{"embeddable":true,"href":"https:\/\/www.freiburg-schwarzwald.de\/blog\/wp-json\/wp\/v2\/comments?post=4231"}],"version-history":[{"count":5,"href":"https:\/\/www.freiburg-schwarzwald.de\/blog\/wp-json\/wp\/v2\/pages\/4231\/revisions"}],"predecessor-version":[{"id":147960,"href":"https:\/\/www.freiburg-schwarzwald.de\/blog\/wp-json\/wp\/v2\/pages\/4231\/revisions\/147960"}],"up":[{"embeddable":true,"href":"https:\/\/www.freiburg-schwarzwald.de\/blog\/wp-json\/wp\/v2\/pages\/105"}],"wp:attachment":[{"href":"https:\/\/www.freiburg-schwarzwald.de\/blog\/wp-json\/wp\/v2\/media?parent=4231"}],"curies":[{"name":"wp","href":"https:\/\/api.w.org\/{rel}","templated":true}]}}