{"id":42304,"date":"2013-12-12T17:07:31","date_gmt":"2013-12-12T16:07:31","guid":{"rendered":"https:\/\/www.freiburg-schwarzwald.de\/blog\/?page_id=42304"},"modified":"2014-01-16T13:03:13","modified_gmt":"2014-01-16T12:03:13","slug":"eugen-martin-stiftung","status":"publish","type":"page","link":"https:\/\/www.freiburg-schwarzwald.de\/blog\/business\/stiftungen\/eugen-martin-stiftung\/","title":{"rendered":"Eugen-Martin-Stiftung"},"content":{"rendered":"<p><a href=\"https:\/\/www.freiburg-schwarzwald.de\/blog\">Home<\/a> &gt;<a title=\"Business\" href=\"https:\/\/www.freiburg-schwarzwald.de\/blog\/business\/\">Business<\/a> &gt;<a title=\"Stiftungen\" href=\"https:\/\/www.freiburg-schwarzwald.de\/blog\/business\/stiftungen\/\">Stiftungen<\/a> &gt;Eugen-Martin-Stiftung<\/p>\n<div id=\"attachment_41432\" style=\"width: 647px\" class=\"wp-caption alignnone\"><a href=\"https:\/\/www.freiburg-schwarzwald.de\/blog\/natur\/winter\/schnee\/schnee6feldberg-pan131128\/\" rel=\"attachment wp-att-41432\"><img loading=\"lazy\" decoding=\"async\" aria-describedby=\"caption-attachment-41432\" class=\"size-full wp-image-41432\" title=\"schnee6feldberg-pan131128\" alt=\"\" src=\"https:\/\/www.freiburg-schwarzwald.de\/blog\/wp-content\/uploads\/2013\/11\/schnee6feldberg-pan131128.jpg\" width=\"637\" height=\"273\" srcset=\"https:\/\/www.freiburg-schwarzwald.de\/blog\/wp-content\/uploads\/2013\/11\/schnee6feldberg-pan131128.jpg 637w, https:\/\/www.freiburg-schwarzwald.de\/blog\/wp-content\/uploads\/2013\/11\/schnee6feldberg-pan131128-180x77.jpg 180w\" sizes=\"auto, (max-width: 637px) 100vw, 637px\" \/><\/a><p id=\"caption-attachment-41432\" class=\"wp-caption-text\">Blick vom Schauinsland nach Osten \u00fcber Hofsgrund zum Feldberg am 28.11.2013 &#8211; der erste Schnee in diesem Winter<\/p><\/div>\n<ul>\n<li><a href=\"https:\/\/www.freiburg-schwarzwald.de\/blog\/ft1844-eugen-martin-stiftung\/\">https:\/\/www.freiburg-schwarzwald.de\/blog\/ft1844-eugen-martin-stiftung\/<\/a> (16.1.2014)<\/li>\n<li><a href=\"https:\/\/www.freiburg-schwarzwald.de\/freiburger-muenster3.htm#Neue moderne Lichtanlage - Eugen Martin spendet 450.000 Euro\">Neue moderne Lichtanlage &#8211; Eugen Martin spendet 450.000 Euro<\/a> &gt;Freib-M3\u00a0 (24.12.2009)<\/li>\n<li><a href=\"https:\/\/www.freiburg-schwarzwald.de\/freiburg-persoenlich.htm#Eugen Martin: Man muss immer kreativ sein\">Eugen Martin: Man muss immer kreativ sein<\/a> &gt;Freiburg-Persoenlich (16.11.2009)<\/li>\n<li><a href=\"https:\/\/www.freiburg-schwarzwald.de\/littenweiler\/spielplatz.htm#F\u00fcr die Kinder unserer Stadt: 100 000 Euro gesammelt - mehr\">F\u00fcr die Kinder unserer Stadt: 100 000 Euro gesammelt &#8211; mehr<\/a> &gt;Spielplatz (8.2.2008)<\/li>\n<li><a href=\"https:\/\/www.freiburg-schwarzwald.de\/littenweiler\/kinder2.htm#F\u00fcr die Kinder unserer Stadt - spenden doch auch Sie\">F\u00fcr die Kinder unserer Stadt &#8211; spenden doch auch Sie<\/a> &gt;Kinder2 (25.4.2007)<\/li>\n<li><a href=\"https:\/\/www.freiburg-schwarzwald.de\/stiftungen1.htm#Prinzip Gro\u00dfherzigkeit: Der Freiburger Ehrenb\u00fcrger Eugen Martin ist M\u00e4zen\">Prinzip Gro\u00dfherzigkeit: Der Freiburger Ehrenb\u00fcrger Eugen Martin ist M\u00e4zen<\/a> &gt;Stiftungen1 (25.4.07)<\/li>\n<li><a href=\"https:\/\/www.freiburg-schwarzwald.de\/muensterturm1.htm#Wir bauen mit: Initiative sucht Spender f\u00fcr M\u00fcnsterturmsanierung\">Wir bauen mit: Initiative sucht Spender f\u00fcr M\u00fcnsterturmsanierung<\/a> &gt;Muensterturm1 (6.7.2006)<\/li>\n<li><a href=\"https:\/\/www.freiburg-schwarzwald.de\/stiftungen1.htm#Ehrenb\u00fcrgerrecht an den M\u00e4zen und Stifter Eugen Martin\">Ehrenb\u00fcrgerrecht an den M\u00e4zen und Stifter Eugen Martin<\/a> &gt;Stiftungen1 (11.2.2006)<\/li>\n<li><a href=\"https:\/\/www.freiburg-schwarzwald.de\/stiftungen1.htm#Eugen Martin 80 Jahre: Stiftung - Retter des M\u00fcnsterturms - Bobbele\">Eugen Martin 80 Jahre: Stiftung &#8211; Retter des M\u00fcnsterturms &#8211; Bobbele<\/a>&gt;Stiftungen1 (28.12.2005)<\/li>\n<li>Eugen-Martin-Stiftung in Freiburg<\/li>\n<\/ul>\n<p>&nbsp;<\/p>\n<p>&nbsp;<\/p>\n<p><strong>Eugen-Martin-Stiftung in Freiburg<\/strong><\/p>\n<p>Die 1997 von Eugen Martin gegr\u00fcndete Stiftung f\u00f6rdert die Erhaltung des <a href=\"https:\/\/www.freiburg-schwarzwald.de\/freiburger-muenster.htm\">Freiburger M\u00fcnsters<\/a> und unterst\u00fctzt die kaufm\u00e4nnische Aus- und Weiterbildung s\u00fcdbadischer Nachwuchskr\u00e4fte oder junger K\u00fcnstler aus der Region.<\/p>\n<p>Eugen-Martin-Stiftung, Liebigstra\u00dfe 2- 4, 79108 Freiburg,<br \/>\nTel 0761\/55 94 40<br \/>\nc\/o Rechtsanwalt Horst Zipse, Merzhauser Strasse 74, 79100 Freiburg, Tel 0761\/4010821<br \/>\n<a href=\"mailto:info@zipse-steuerkanzlei.de\">info@zipse-steuerkanzlei.de<\/a><\/p>\n<p>Eugen Martin \u00fcberreicht den Europ\u00e4ischen Regio-Mundartpreis 2003 der Eugen-Martin-Stiftung<br \/>\n<a href=\"https:\/\/www.europaeische-kulturstiftung.de\/review_2003.htm\">https:\/\/www.europaeische-kulturstiftung.de\/review_2003.htm<\/a><\/p>\n<p>&nbsp;<\/p>\n<p>&nbsp;<\/p>\n<p>&nbsp;<br \/>\nGanz im Sinne ihres Gr\u00fcnders und Namensgebers Eugen Martin hat die Eugen-Martin-Stiftung sich im vergangenen Jahr 2013 an vier herausragenden Projekten beteiligt. Mit insgesamt 233.000 Euro wurden der Hauptspieltisch des Freiburger M\u00fcnsters erneuert, die Anlage des Mehrgenerationenspielplatzes in Freiburg-Waldsee unterst\u00fctzt und das Filmprojekt \u201eZwischen den Zeiten \u2013 M\u00fcnsterbauh\u00fctten am Oberrhein\u201c gef\u00f6rdert. Zus\u00e4tzlich sagte die Stiftung 150.000 Euro f\u00fcr die Erweiterung des Augustinermuseums zu \u2013 speziell f\u00fcr die sogenannte Kleinodientreppe.<br \/>\n12.12.2013<\/p>\n","protected":false},"excerpt":{"rendered":"<p>Home &gt;Business &gt;Stiftungen &gt;Eugen-Martin-Stiftung https:\/\/www.freiburg-schwarzwald.de\/blog\/ft1844-eugen-martin-stiftung\/ (16.1.2014) Neue moderne Lichtanlage &#8211; Eugen Martin spendet 450.000 Euro &gt;Freib-M3\u00a0 (24.12.2009) Eugen Martin: Man muss immer kreativ sein &gt;Freiburg-Persoenlich (16.11.2009) F\u00fcr die Kinder unserer Stadt: 100 000 Euro gesammelt &#8211; mehr &gt;Spielplatz (8.2.2008) F\u00fcr &hellip; <a href=\"https:\/\/www.freiburg-schwarzwald.de\/blog\/business\/stiftungen\/eugen-martin-stiftung\/\">Weiterlesen <span class=\"meta-nav\">&rarr;<\/span><\/a><\/p>\n","protected":false},"author":4,"featured_media":0,"parent":1400,"menu_order":0,"comment_status":"open","ping_status":"closed","template":"","meta":{"footnotes":""},"class_list":["post-42304","page","type-page","status-publish","hentry"],"_links":{"self":[{"href":"https:\/\/www.freiburg-schwarzwald.de\/blog\/wp-json\/wp\/v2\/pages\/42304","targetHints":{"allow":["GET"]}}],"collection":[{"href":"https:\/\/www.freiburg-schwarzwald.de\/blog\/wp-json\/wp\/v2\/pages"}],"about":[{"href":"https:\/\/www.freiburg-schwarzwald.de\/blog\/wp-json\/wp\/v2\/types\/page"}],"author":[{"embeddable":true,"href":"https:\/\/www.freiburg-schwarzwald.de\/blog\/wp-json\/wp\/v2\/users\/4"}],"replies":[{"embeddable":true,"href":"https:\/\/www.freiburg-schwarzwald.de\/blog\/wp-json\/wp\/v2\/comments?post=42304"}],"version-history":[{"count":0,"href":"https:\/\/www.freiburg-schwarzwald.de\/blog\/wp-json\/wp\/v2\/pages\/42304\/revisions"}],"up":[{"embeddable":true,"href":"https:\/\/www.freiburg-schwarzwald.de\/blog\/wp-json\/wp\/v2\/pages\/1400"}],"wp:attachment":[{"href":"https:\/\/www.freiburg-schwarzwald.de\/blog\/wp-json\/wp\/v2\/media?parent=42304"}],"curies":[{"name":"wp","href":"https:\/\/api.w.org\/{rel}","templated":true}]}}