{"id":42043,"date":"2013-12-08T16:45:01","date_gmt":"2013-12-08T15:45:01","guid":{"rendered":"https:\/\/www.freiburg-schwarzwald.de\/blog\/?page_id=42043"},"modified":"2020-04-29T16:42:08","modified_gmt":"2020-04-29T14:42:08","slug":"kreuzsteinaecker","status":"publish","type":"page","link":"https:\/\/www.freiburg-schwarzwald.de\/blog\/selbsthilfe\/senioren\/kreuzsteinaecker\/","title":{"rendered":"Kreuzsteinaecker"},"content":{"rendered":"<p><a href=\"https:\/\/www.freiburg-schwarzwald.de\/blog\">Home<\/a> &gt;<a title=\"Selbsthilfe\" href=\"https:\/\/www.freiburg-schwarzwald.de\/blog\/selbsthilfe\/\">Selbsthilfe<\/a>\u00a0&gt;<a title=\"Senioren\" href=\"https:\/\/www.freiburg-schwarzwald.de\/blog\/selbsthilfe\/senioren\/\">Senioren<\/a> &gt;Kreuzstein\u00e4cker<\/p>\n<div id=\"attachment_40511\" style=\"width: 649px\" class=\"wp-caption alignnone\"><a href=\"https:\/\/www.freiburg-schwarzwald.de\/blog\/global\/israel\/israel2013\/israelis\/genezareth1boot-pan131030\/\" rel=\"attachment wp-att-40511\"><img loading=\"lazy\" decoding=\"async\" aria-describedby=\"caption-attachment-40511\" class=\"size-full wp-image-40511\" title=\"genezareth1boot-pan131030\" src=\"https:\/\/www.freiburg-schwarzwald.de\/blog\/wp-content\/uploads\/2013\/11\/genezareth1boot-pan131030.jpg\" alt=\"\" width=\"639\" height=\"212\" srcset=\"https:\/\/www.freiburg-schwarzwald.de\/blog\/wp-content\/uploads\/2013\/11\/genezareth1boot-pan131030.jpg 639w, https:\/\/www.freiburg-schwarzwald.de\/blog\/wp-content\/uploads\/2013\/11\/genezareth1boot-pan131030-180x59.jpg 180w\" sizes=\"auto, (max-width: 639px) 100vw, 639px\" \/><\/a><p id=\"caption-attachment-40511\" class=\"wp-caption-text\">Blick \u00fcber den See Genezareth nach Osten zu den Golan-H\u00f6hen am 30.10.2013 fr\u00fch morgens<\/p><\/div>\n<ul>\n<li><a title=\"Redhouse Hot Six: Jazz fuer Alte\" href=\"https:\/\/www.freiburg-schwarzwald.de\/blog\/redhouse-hot-six-jazz-fuer-alte\/\">Redhouse Hot Six: Jazz zur Coronakrise fuer Alte<\/a> (29.4.2020)<\/li>\n<li><a href=\"https:\/\/www.freiburg-schwarzwald.de\/blog\/boule-turnier-27-09-laubenhof\/\">https:\/\/www.freiburg-schwarzwald.de\/blog\/boule-turnier-27-09-laubenhof\/<\/a> (14.9.2015)<\/li>\n<li><a href=\"https:\/\/www.freiburg-schwarzwald.de\/blog\/pepchor-in-freiburg-littenweiler\/\">https:\/\/www.freiburg-schwarzwald.de\/blog\/pepchor-in-freiburg-littenweiler\/<\/a>\u00a0(29.12.2013)<\/li>\n<li><a href=\"https:\/\/www.freiburg-schwarzwald.de\/blog\/buchhandlung-hall-seit-5-jahren\/\">https:\/\/www.freiburg-schwarzwald.de\/blog\/buchhandlung-hall-seit-5-jahren\/<\/a>\u00a0(10.12.2013)<\/li>\n<li><\/li>\n<li>Kreuzstein\u00e4cker<\/li>\n<li><a title=\"Laubenhof\" href=\"https:\/\/www.freiburg-schwarzwald.de\/blog\/selbsthilfe\/senioren\/laubenhof\/\">Laubenhof<\/a><\/li>\n<li><a title=\"Stiftungsverwaltung-Freiburg\" href=\"https:\/\/www.freiburg-schwarzwald.de\/blog\/business\/stiftungen\/stiftungsverwaltung-freiburg\/\">Stiftungsverwaltung-Freiburg<\/a><\/li>\n<li><a title=\"VEGA\" href=\"https:\/\/www.freiburg-schwarzwald.de\/blog\/selbsthilfe\/senioren\/vega\/\">VEGA mobil<\/a><\/li>\n<li><a title=\"Littenweiler-Endhaltestelle\" href=\"https:\/\/www.freiburg-schwarzwald.de\/blog\/regio\/freiburg\/littenweiler\/littenweiler-endhaltestelle\/\">Strassenbahnendhaltestelle Littenweiler Lassbergstrasse\u00a0<\/a><\/li>\n<li><a title=\"Strassenbahn\" href=\"https:\/\/www.freiburg-schwarzwald.de\/blog\/regio\/freiburg\/vag\/strassenbahn\/\">Strassenbahnverl\u00e4ngerung NEIN &#8211; S-Bahn-Halt Kappel JA<\/a> &gt;Strassenbahn<\/li>\n<li><a href=\"https:\/\/www.freiburg-dreisamtal.de\/senioren.htm\">www.freiburg-dreisamtal.de\/senioren.htm<\/a> &gt;Archivseite<\/li>\n<\/ul>\n<p>&nbsp;<\/p>\n<p>&nbsp;<\/p>\n<p><a href=\"https:\/\/www.freiburg-schwarzwald.de\/blog\/selbsthilfe\/senioren\/kreuzsteinaecker\/kreuzsteinaecker2-0710\/\" rel=\"attachment wp-att-42064\"><img loading=\"lazy\" decoding=\"async\" class=\"alignnone size-thumbnail wp-image-42064\" title=\"kreuzsteinaecker2-0710\" src=\"https:\/\/www.freiburg-schwarzwald.de\/blog\/wp-content\/uploads\/2013\/12\/kreuzsteinaecker2-0710-180x135.jpg\" alt=\"\" width=\"180\" height=\"135\" srcset=\"https:\/\/www.freiburg-schwarzwald.de\/blog\/wp-content\/uploads\/2013\/12\/kreuzsteinaecker2-0710-180x135.jpg 180w, https:\/\/www.freiburg-schwarzwald.de\/blog\/wp-content\/uploads\/2013\/12\/kreuzsteinaecker2-0710.jpg 640w\" sizes=\"auto, (max-width: 180px) 100vw, 180px\" \/><\/a>\u00a0\u00a0\u00a0\u00a0\u00a0\u00a0\u00a0\u00a0\u00a0 <a href=\"https:\/\/www.freiburg-schwarzwald.de\/blog\/selbsthilfe\/senioren\/kreuzsteinaecker\/kreuzsteinaecker1-0710-2\/\" rel=\"attachment wp-att-42065\"><img loading=\"lazy\" decoding=\"async\" class=\"alignnone size-thumbnail wp-image-42065\" title=\"kreuzsteinaecker1-0710\" src=\"https:\/\/www.freiburg-schwarzwald.de\/blog\/wp-content\/uploads\/2013\/12\/kreuzsteinaecker1-0710-180x135.jpg\" alt=\"\" width=\"180\" height=\"135\" srcset=\"https:\/\/www.freiburg-schwarzwald.de\/blog\/wp-content\/uploads\/2013\/12\/kreuzsteinaecker1-0710-180x135.jpg 180w, https:\/\/www.freiburg-schwarzwald.de\/blog\/wp-content\/uploads\/2013\/12\/kreuzsteinaecker1-0710.jpg 640w\" sizes=\"auto, (max-width: 180px) 100vw, 180px\" \/><\/a>\u00a0\u00a0\u00a0\u00a0\u00a0\u00a0\u00a0\u00a0\u00a0 <a href=\"https:\/\/www.freiburg-schwarzwald.de\/blog\/selbsthilfe\/senioren\/kreuzsteinaecker\/kreuzsteinaecker2wohnen131223\/\" rel=\"attachment wp-att-42956\"><img loading=\"lazy\" decoding=\"async\" class=\"alignnone size-thumbnail wp-image-42956\" title=\"kreuzsteinaecker2wohnen131223\" src=\"https:\/\/www.freiburg-schwarzwald.de\/blog\/wp-content\/uploads\/2013\/12\/kreuzsteinaecker2wohnen131223-180x135.jpg\" alt=\"\" width=\"180\" height=\"135\" srcset=\"https:\/\/www.freiburg-schwarzwald.de\/blog\/wp-content\/uploads\/2013\/12\/kreuzsteinaecker2wohnen131223-180x135.jpg 180w, https:\/\/www.freiburg-schwarzwald.de\/blog\/wp-content\/uploads\/2013\/12\/kreuzsteinaecker2wohnen131223.jpg 640w\" sizes=\"auto, (max-width: 180px) 100vw, 180px\" \/><\/a><br \/>\n(1) Blick nach Norden am 15.10.2007\u00a0 (2) Cafe Ecke Heinrich-Heine-Strasse\u00a0 (3) Ro\u00dfkopf im Norden 23.12.2013<\/p>\n<p><a href=\"https:\/\/www.freiburg-schwarzwald.de\/blog\/selbsthilfe\/senioren\/kreuzsteinaecker\/kreuzsteinaecker1strassenbahn131223\/\" rel=\"attachment wp-att-42957\"><img loading=\"lazy\" decoding=\"async\" title=\"kreuzsteinaecker1strassenbahn131223\" src=\"https:\/\/www.freiburg-schwarzwald.de\/blog\/wp-content\/uploads\/2013\/12\/kreuzsteinaecker1strassenbahn131223-180x135.jpg\" alt=\"\" width=\"180\" height=\"135\" \/><\/a>\u00a0\u00a0\u00a0\u00a0\u00a0\u00a0\u00a0\u00a0\u00a0\u00a0 <a href=\"https:\/\/www.freiburg-schwarzwald.de\/blog\/selbsthilfe\/senioren\/kreuzsteinaecker\/kreuzsteinaecker3strasse131223\/\" rel=\"attachment wp-att-42958\"><img loading=\"lazy\" decoding=\"async\" title=\"kreuzsteinaecker3strasse131223\" src=\"https:\/\/www.freiburg-schwarzwald.de\/blog\/wp-content\/uploads\/2013\/12\/kreuzsteinaecker3strasse131223-180x135.jpg\" alt=\"\" width=\"180\" height=\"135\" \/><\/a>\u00a0\u00a0\u00a0\u00a0\u00a0\u00a0\u00a0\u00a0\u00a0\u00a0 <a href=\"https:\/\/www.freiburg-schwarzwald.de\/blog\/selbsthilfe\/senioren\/kreuzsteinaecker\/awo-kreuzsteinaecker140413\/\" rel=\"attachment wp-att-47135\"><img loading=\"lazy\" decoding=\"async\" class=\"alignnone size-thumbnail wp-image-47135\" src=\"https:\/\/www.freiburg-schwarzwald.de\/blog\/wp-content\/uploads\/2013\/12\/awo-kreuzsteinaecker140413-180x135.jpg\" alt=\"awo-kreuzsteinaecker140413\" width=\"180\" height=\"135\" srcset=\"https:\/\/www.freiburg-schwarzwald.de\/blog\/wp-content\/uploads\/2013\/12\/awo-kreuzsteinaecker140413-180x135.jpg 180w, https:\/\/www.freiburg-schwarzwald.de\/blog\/wp-content\/uploads\/2013\/12\/awo-kreuzsteinaecker140413.jpg 640w\" sizes=\"auto, (max-width: 180px) 100vw, 180px\" \/><\/a><br \/>\n(4) Kybfelsen im S\u00fcden 23.12.2013\u00a0\u00a0\u00a0\u00a0\u00a0\u00a0 (5) Heirich-Heine-Strasse im Norden\u00a0\u00a0 (6) Awo-Wohnheim am 13.4.2014<\/p>\n<p><a href=\"https:\/\/www.freiburg-schwarzwald.de\/blog\/selbsthilfe\/senioren\/kreuzsteinaecker\/pflegedienst1ambulant151001\/\" rel=\"attachment wp-att-56680\"><img loading=\"lazy\" decoding=\"async\" class=\"alignnone size-thumbnail wp-image-56680\" src=\"https:\/\/www.freiburg-schwarzwald.de\/blog\/wp-content\/uploads\/2013\/12\/pflegedienst1ambulant151001-180x135.jpg\" alt=\"pflegedienst1ambulant151001\" width=\"180\" height=\"135\" srcset=\"https:\/\/www.freiburg-schwarzwald.de\/blog\/wp-content\/uploads\/2013\/12\/pflegedienst1ambulant151001-180x135.jpg 180w, https:\/\/www.freiburg-schwarzwald.de\/blog\/wp-content\/uploads\/2013\/12\/pflegedienst1ambulant151001.jpg 640w\" sizes=\"auto, (max-width: 180px) 100vw, 180px\" \/><\/a>\u00a0 \u00a0 \u00a0 \u00a0 \u00a0\u00a0<a href=\"https:\/\/www.freiburg-schwarzwald.de\/blog\/selbsthilfe\/senioren\/kreuzsteinaecker\/pflegedienst2ambulant151001\/\" rel=\"attachment wp-att-56681\"><img loading=\"lazy\" decoding=\"async\" class=\"alignnone size-thumbnail wp-image-56681\" src=\"https:\/\/www.freiburg-schwarzwald.de\/blog\/wp-content\/uploads\/2013\/12\/pflegedienst2ambulant151001-180x142.jpg\" alt=\"pflegedienst2ambulant151001\" width=\"180\" height=\"142\" srcset=\"https:\/\/www.freiburg-schwarzwald.de\/blog\/wp-content\/uploads\/2013\/12\/pflegedienst2ambulant151001-180x142.jpg 180w, https:\/\/www.freiburg-schwarzwald.de\/blog\/wp-content\/uploads\/2013\/12\/pflegedienst2ambulant151001.jpg 638w\" sizes=\"auto, (max-width: 180px) 100vw, 180px\" \/><\/a><br \/>\n(7) Ambulanter Pflege &#8211; im B\u00fcro \u00a0 \u00a0 \u00a0 \u00a0 \u00a0 \u00a0 (8) Vor dem B\u00fcro am 1.10.2015<\/p>\n<p>(1)\u00a0Blick nach Norden \u00fcber die Kreuzung Strassenbahnendhaltestelle Littenweiler zu Kreuzsteinacker am 15.10.2007<br \/>\n(7) Das B\u00fcro des ambulanten Pflegedienstes an der Schwarzwaldstrasse zwischen Reiseb\u00fcro Winterhalter und Cafe dient als Ansprechstation f\u00fcr Kreuzstein\u00e4cker-Bewohner und B\u00fcrge von Littenweiler und Walsee.<br \/>\n(8) Pflegedienstleiter Christoph Alt, Frau Wolfrum (87), Frau Klings (99) und als Passantin Frau Liliana Kazarjan (79) aus Jeriwan\/Armenien, derzeit zu Besuch bei Sohn und Schwiegertochter, kindNata at gmx.de.<\/p>\n<p>&nbsp;<\/p>\n<p>&nbsp;<\/p>\n<p><strong>Kreuzstein\u00e4cker<\/strong><\/p>\n<p>Die Wohnanlage Kreuzstein\u00e4cker wurde 1997\u00a0und besteht aus 135 Wohnungen f\u00fcr \u00e4ltere Menschen sowie 13 Familienwohnungen. Diese sind \u00fcber 5 H\u00e4usergruppen mit drei bzw. vier Stockwerken verteilt.<\/p>\n<p>Betreute Wohnanlage Kreuzstein\u00e4cker<br \/>\nHeinrich-Heine-Str. 10-18a, 79117 Freiburg, Tel 07612108181, <a href=\"mailto:volk.k@sv-fr\">volk.k@sv-fr.de<\/a><\/p>\n<p>Esther Muthny, Sozialdienst<br \/>\nBegegnungszentrum Laubenhof und Kreuzstein\u00e4cker<br \/>\nWeismannstra\u00dfe 3, 79117 Freiburg, Tel 0761 \/ 696878 -22, <a href=\"mailto:muthny.e@sv-fr.de\">muthny.e@sv-fr.de<\/a><\/p>\n","protected":false},"excerpt":{"rendered":"<p>Home &gt;Selbsthilfe\u00a0&gt;Senioren &gt;Kreuzstein\u00e4cker Redhouse Hot Six: Jazz zur Coronakrise fuer Alte (29.4.2020) https:\/\/www.freiburg-schwarzwald.de\/blog\/boule-turnier-27-09-laubenhof\/ (14.9.2015) https:\/\/www.freiburg-schwarzwald.de\/blog\/pepchor-in-freiburg-littenweiler\/\u00a0(29.12.2013) https:\/\/www.freiburg-schwarzwald.de\/blog\/buchhandlung-hall-seit-5-jahren\/\u00a0(10.12.2013) Kreuzstein\u00e4cker Laubenhof Stiftungsverwaltung-Freiburg VEGA mobil Strassenbahnendhaltestelle Littenweiler Lassbergstrasse\u00a0 Strassenbahnverl\u00e4ngerung NEIN &#8211; S-Bahn-Halt Kappel JA &gt;Strassenbahn www.freiburg-dreisamtal.de\/senioren.htm &gt;Archivseite &nbsp; &nbsp; \u00a0\u00a0\u00a0\u00a0\u00a0\u00a0\u00a0\u00a0\u00a0 \u00a0\u00a0\u00a0\u00a0\u00a0\u00a0\u00a0\u00a0\u00a0 (1) Blick nach &hellip; <a href=\"https:\/\/www.freiburg-schwarzwald.de\/blog\/selbsthilfe\/senioren\/kreuzsteinaecker\/\">Weiterlesen <span class=\"meta-nav\">&rarr;<\/span><\/a><\/p>\n","protected":false},"author":4,"featured_media":0,"parent":183,"menu_order":0,"comment_status":"open","ping_status":"closed","template":"","meta":{"footnotes":""},"class_list":["post-42043","page","type-page","status-publish","hentry"],"_links":{"self":[{"href":"https:\/\/www.freiburg-schwarzwald.de\/blog\/wp-json\/wp\/v2\/pages\/42043","targetHints":{"allow":["GET"]}}],"collection":[{"href":"https:\/\/www.freiburg-schwarzwald.de\/blog\/wp-json\/wp\/v2\/pages"}],"about":[{"href":"https:\/\/www.freiburg-schwarzwald.de\/blog\/wp-json\/wp\/v2\/types\/page"}],"author":[{"embeddable":true,"href":"https:\/\/www.freiburg-schwarzwald.de\/blog\/wp-json\/wp\/v2\/users\/4"}],"replies":[{"embeddable":true,"href":"https:\/\/www.freiburg-schwarzwald.de\/blog\/wp-json\/wp\/v2\/comments?post=42043"}],"version-history":[{"count":0,"href":"https:\/\/www.freiburg-schwarzwald.de\/blog\/wp-json\/wp\/v2\/pages\/42043\/revisions"}],"up":[{"embeddable":true,"href":"https:\/\/www.freiburg-schwarzwald.de\/blog\/wp-json\/wp\/v2\/pages\/183"}],"wp:attachment":[{"href":"https:\/\/www.freiburg-schwarzwald.de\/blog\/wp-json\/wp\/v2\/media?parent=42043"}],"curies":[{"name":"wp","href":"https:\/\/api.w.org\/{rel}","templated":true}]}}