{"id":41934,"date":"2013-12-07T16:42:08","date_gmt":"2013-12-07T15:42:08","guid":{"rendered":"https:\/\/www.freiburg-schwarzwald.de\/blog\/?page_id=41934"},"modified":"2013-12-07T16:57:40","modified_gmt":"2013-12-07T15:57:40","slug":"kolpingwerk","status":"publish","type":"page","link":"https:\/\/www.freiburg-schwarzwald.de\/blog\/selbsthilfe\/soziales\/kolpingwerk\/","title":{"rendered":"Kolpingwerk"},"content":{"rendered":"<p>Home &gt;<a title=\"Selbsthilfe\" href=\"https:\/\/www.freiburg-schwarzwald.de\/blog\/selbsthilfe\/\">Selbsthilfe<\/a> &gt;<a title=\"Soziales\" href=\"https:\/\/www.freiburg-schwarzwald.de\/blog\/soziales\/\">Soziales<\/a>\u00a0&gt;Kolpingwerk<\/p>\n<div id=\"attachment_41463\" style=\"width: 650px\" class=\"wp-caption alignnone\"><a href=\"https:\/\/www.freiburg-schwarzwald.de\/blog\/regio\/berge\/schauinsland\/schnee8schauinsland-pan131128\/\" rel=\"attachment wp-att-41463\"><img loading=\"lazy\" decoding=\"async\" aria-describedby=\"caption-attachment-41463\" class=\"size-full wp-image-41463\" title=\"schnee8schauinsland-pan131128\" src=\"https:\/\/www.freiburg-schwarzwald.de\/blog\/wp-content\/uploads\/2012\/10\/schnee8schauinsland-pan131128.jpg\" alt=\"\" width=\"640\" height=\"253\" srcset=\"https:\/\/www.freiburg-schwarzwald.de\/blog\/wp-content\/uploads\/2012\/10\/schnee8schauinsland-pan131128.jpg 640w, https:\/\/www.freiburg-schwarzwald.de\/blog\/wp-content\/uploads\/2012\/10\/schnee8schauinsland-pan131128-180x71.jpg 180w\" sizes=\"auto, (max-width: 640px) 100vw, 640px\" \/><\/a><p id=\"caption-attachment-41463\" class=\"wp-caption-text\">Blick nach Norden vom H\u00f6henweg zum Schauinslandturm am 28.11.2013 - erster Schnee<\/p><\/div>\n<p>&nbsp;<\/p>\n<ul>\n<li>\n<div align=\"left\">\n<div align=\"left\">Adolph Kolping: Der Gesellenvater 200 Jahre (7.12.2013)<\/div>\n<\/div>\n<\/li>\n<li>\n<div align=\"left\"><span><a href=\"https:\/\/www.freiburg-schwarzwald.de\/soziales3.htm#Kolpingwerk-Pr\u00e4ses Herbert Skoda: Afrika, S\u00fcdamerika, Asien\">Kolpingwerk-Pr\u00e4ses Herbert Skoda: Afrika, S\u00fcdamerika, Asien<\/a> &gt;Soziales3 (7.9.2010)<\/span><\/div>\n<\/li>\n<li>\n<div align=\"left\"><span><a href=\"https:\/\/www.freiburg-schwarzwald.de\/littenweiler\/soziales4.htm#Kirchzarten feiert f\u00fcnfzig Jahre ?Treu Kolping ? Kolping treu?\">Kirchzarten feiert f\u00fcnfzig Jahre \u201eTreu Kolping \u2013 Kolping treu\u201c<\/a> &gt;Soziales4 (4.12.2008)<\/span><\/div>\n<\/li>\n<li>\n<div align=\"left\"><a href=\"https:\/\/www.freiburg-schwarzwald.de\/einewelt5.htm#Kolpingwerk: Lebensverh\u00e4ltnisse in anderen L\u00e4ndern verbessern\">Kolpingwerk: Lebensverh\u00e4ltnisse in anderen L\u00e4ndern verbessern<\/a> &gt;EineWelt5 (13.11.2007)<\/div>\n<\/li>\n<li>Kolpingwerk<\/li>\n<li><a title=\"Religion\" href=\"https:\/\/www.freiburg-schwarzwald.de\/blog\/religion\/\">Kirchen<\/a><\/li>\n<\/ul>\n<p>&nbsp;<\/p>\n<p>&nbsp;<\/p>\n<p><strong>Kolpingwerk<\/strong><\/p>\n<p>Glaubens-, Bildungs- und Aktionsgemeinschaft.<br \/>\nGeneralpr\u00e4ses des internationalen Kolpingwerks ist Monsignore Ottmar Dillenburg (52), Priester aus Trier.<br \/>\nIn Europa gibt es ein Kolpingwerk in 21 L\u00e4ndern. Das Kolpingwerk Deutschland z\u00e4hlt in 2600 Kolpingfamilien mehr als 263 000 Mitglieder. Es ist in allen 27 deutschen Di\u00f6zesen t\u00e4tig. Bundesvorsitzender ist der Waldshuter CDU-Bundestagsabgeordnete Thomas D\u00f6rflinger (48). Weitere drei Dutzend Bundestagsabgeordnete sind ebenfalls Kolpings\u00f6hne. Bundespr\u00e4ses ist der Bielefelder Pfarrer Josef Holtkotte (49).<br \/>\n\u00a0<br \/>\nIn Deutschland tragen mehr als 800 Stra\u00dfen und Pl\u00e4tze den Namen Adolph Kolping. Es gibt 260 Kolpingh\u00e4user, 200 Einrichtungen der Kolping-Bildungswerke und 35 Jugendwohnheime.<br \/>\nDie neun kolpingeigenen Familienferienanlagen in Deutschland z\u00e4hlen je Jahr rund 25 000 Ferieng\u00e4ste. Das Kolpingwerk ist landesweit der gr\u00f6\u00dfte katholische Anbieter von Familienerholung.<br \/>\n\u00a0<br \/>\nDas deutsche Kolpingwerk unterh\u00e4lt rund 150 regionale Einrichtungen zur beruflichen Bildung sowie zur Jugend- und Erwachsenenbildung mit 3000 Mitarbeitern. Ihre Angebote nutzen j\u00e4hrlich rund 15 000 junge Menschen zur Berufsvorbereitung und -ausbildung. Die deutsche Kolpingjugend z\u00e4hlt rund 50 000 Mitglieder.<\/p>\n<p>In der Erzdi\u00f6zese Freiburg gibt es 188 Kolpingfamilien mit rund 14 300 Mitgliedern; der Di\u00f6zesanverband unter dem Vorsitz von Wolfgang Bandel (Konstanz) gliedert sich in 23 Bezirksverb\u00e4nde. Der Verband feiert 200 Jahre Adolph Kolping am Sonntag um 18 Uhr im Stadthotel Kolpinghaus in Freiburg.\u00a0<\/p>\n<p>Kolpingwerk Regionalverband Breisgau, Generalsekret\u00e4r Hubert Tintelott<br \/>\n<a href=\"https:\/\/www.kolping.de\/\">www.kolping.de<\/a><br \/>\n<a href=\"https:\/\/www.kolping-bildung.de\/\">www.kolping-bildung.de<\/a><br \/>\n<a href=\"https:\/\/www.kolping-kolleg.de\/\">www.kolping-kolleg.de<\/a><\/p>\n<p>&#8212;&#8212;&#8212;&#8212;&#8212;&#8212;&#8212;&#8212;&#8212;&#8212;&#8212;&#8212;&#8212;&#8212;&#8212;-<\/p>\n<p>\u00b4<br \/>\n<strong>Adolph Kolping: Der Gesellenvater 200 Jahre<\/strong><br \/>\nVor 200 Jahren wurde Adolph Kolping geboren, einer der Begr\u00fcnder der modernen kirchlichen Soziallehre. Seine Heiligsprechung steht noch aus.<br \/>\nAlles vom 7.12.2013 bitte lesen auf<br \/>\n<a href=\"https:\/\/www.badische-zeitung.de\/nachrichten\/deutschland\/adolph-kolping-der-gesellenvater--78143782.html\">https:\/\/www.badische-zeitung.de\/nachrichten\/deutschland\/adolph-kolping-der-gesellenvater&#8211;78143782.html<\/a><!-- RSPEAK_STOP --><\/p>\n","protected":false},"excerpt":{"rendered":"<p>Home &gt;Selbsthilfe &gt;Soziales\u00a0&gt;Kolpingwerk &nbsp; Adolph Kolping: Der Gesellenvater 200 Jahre (7.12.2013) Kolpingwerk-Pr\u00e4ses Herbert Skoda: Afrika, S\u00fcdamerika, Asien &gt;Soziales3 (7.9.2010) Kirchzarten feiert f\u00fcnfzig Jahre \u201eTreu Kolping \u2013 Kolping treu\u201c &gt;Soziales4 (4.12.2008) Kolpingwerk: Lebensverh\u00e4ltnisse in anderen L\u00e4ndern verbessern &gt;EineWelt5 (13.11.2007) Kolpingwerk Kirchen &hellip; <a href=\"https:\/\/www.freiburg-schwarzwald.de\/blog\/selbsthilfe\/soziales\/kolpingwerk\/\">Weiterlesen <span class=\"meta-nav\">&rarr;<\/span><\/a><\/p>\n","protected":false},"author":4,"featured_media":0,"parent":42,"menu_order":0,"comment_status":"open","ping_status":"closed","template":"","meta":{"footnotes":""},"class_list":["post-41934","page","type-page","status-publish","hentry"],"_links":{"self":[{"href":"https:\/\/www.freiburg-schwarzwald.de\/blog\/wp-json\/wp\/v2\/pages\/41934","targetHints":{"allow":["GET"]}}],"collection":[{"href":"https:\/\/www.freiburg-schwarzwald.de\/blog\/wp-json\/wp\/v2\/pages"}],"about":[{"href":"https:\/\/www.freiburg-schwarzwald.de\/blog\/wp-json\/wp\/v2\/types\/page"}],"author":[{"embeddable":true,"href":"https:\/\/www.freiburg-schwarzwald.de\/blog\/wp-json\/wp\/v2\/users\/4"}],"replies":[{"embeddable":true,"href":"https:\/\/www.freiburg-schwarzwald.de\/blog\/wp-json\/wp\/v2\/comments?post=41934"}],"version-history":[{"count":0,"href":"https:\/\/www.freiburg-schwarzwald.de\/blog\/wp-json\/wp\/v2\/pages\/41934\/revisions"}],"up":[{"embeddable":true,"href":"https:\/\/www.freiburg-schwarzwald.de\/blog\/wp-json\/wp\/v2\/pages\/42"}],"wp:attachment":[{"href":"https:\/\/www.freiburg-schwarzwald.de\/blog\/wp-json\/wp\/v2\/media?parent=41934"}],"curies":[{"name":"wp","href":"https:\/\/api.w.org\/{rel}","templated":true}]}}