{"id":41884,"date":"2013-12-06T14:28:20","date_gmt":"2013-12-06T13:28:20","guid":{"rendered":"https:\/\/www.freiburg-schwarzwald.de\/blog\/?page_id=41884"},"modified":"2025-12-08T12:59:32","modified_gmt":"2025-12-08T11:59:32","slug":"muensterbauhuette","status":"publish","type":"page","link":"https:\/\/www.freiburg-schwarzwald.de\/blog\/religion\/kirchen\/muenster\/muensterbauhuette\/","title":{"rendered":"Muensterbauhuette"},"content":{"rendered":"<p>Home &gt;<a title=\"Religion\" href=\"https:\/\/www.freiburg-schwarzwald.de\/blog\/religion\/\">Religion<\/a> &gt;<a title=\"Kirchen\" href=\"https:\/\/www.freiburg-schwarzwald.de\/blog\/religion\/kirchen\/\">Kirchen<\/a> &gt;<a title=\"Freiburg\" href=\"https:\/\/www.freiburg-schwarzwald.de\/blog\/regio\/freiburg\/\">Freiburg<\/a> &gt;<a title=\"Muenster\" href=\"https:\/\/www.freiburg-schwarzwald.de\/blog\/religion\/kirchen\/muenster\/\">Muenster<\/a> &gt;Muensterbauhuette<\/p>\n<div id=\"attachment_51720\" style=\"width: 648px\" class=\"wp-caption alignnone\"><a href=\"https:\/\/www.freiburg-schwarzwald.de\/blog\/natur\/garten\/gartenmauer\/lindenberg5nebel-pan141117-2\/\" rel=\"attachment wp-att-51720\"><img loading=\"lazy\" decoding=\"async\" aria-describedby=\"caption-attachment-51720\" class=\"size-full wp-image-51720\" src=\"https:\/\/www.freiburg-schwarzwald.de\/blog\/wp-content\/uploads\/2013\/08\/lindenberg5nebel-pan141117.jpg\" alt=\"Lindenberg bei St.Peter am 19.11.2014 - hoch \u00fcber dem Nebel im Dreisamtal\" width=\"638\" height=\"227\" srcset=\"https:\/\/www.freiburg-schwarzwald.de\/blog\/wp-content\/uploads\/2013\/08\/lindenberg5nebel-pan141117.jpg 638w, https:\/\/www.freiburg-schwarzwald.de\/blog\/wp-content\/uploads\/2013\/08\/lindenberg5nebel-pan141117-180x64.jpg 180w\" sizes=\"auto, (max-width: 638px) 100vw, 638px\" \/><\/a><p id=\"caption-attachment-51720\" class=\"wp-caption-text\">Lindenberg bei St.Peter am 19.11.2014 &#8211; hoch \u00fcber dem Nebel im Dreisamtal<\/p><\/div>\n<p>&nbsp;<\/p>\n<ul>\n<li><em>Listenauswahl eines Beitrags (Artikel\/Datum, Seite\/Inhalt):\u00a0<span style=\"text-decoration: underline;\">Klicken<\/span>\u00a0oder scrollen<\/em><\/li>\n<li><a href=\"https:\/\/www.freiburg-schwarzwald.de\/blog\/religion\/kirchen\/muenster\/muensterstiftung\/\">Wie Spenden und Stiftungen das Freiburger M\u00fcnster \u00fcber Jahrhunderte finanzierten<\/a>\u00a0(8.12.2025)<\/li>\n<li>Jahresr\u00fcckblick auf die Arbeiten am Freiburger M\u00fcnster (14.11.2022)<\/li>\n<li><a href=\"https:\/\/www.freiburg-schwarzwald.de\/geologie.htm#Sandstein des Freiburger M\u00fcnsters aus Heimbach und Kuhbach\">Sandstein des Freiburger M\u00fcnsters aus Heimbach und Kuhbach<\/a> &gt;Geologie (26.5.2003)<\/li>\n<li>M\u00fcnsterbauh\u00fctte<\/li>\n<li><a title=\"Muensterbauverein\" href=\"https:\/\/www.freiburg-schwarzwald.de\/blog\/religion\/kirchen\/muenster\/muensterbauverein\/\">M\u00fcnsterbauverein<\/a><\/li>\n<li><a href=\"https:\/\/www.freiburg-schwarzwald.de\/blog\/religion\/kirchen\/muenster\/muensterstiftung\/\">M\u00fcnsterstiftung<\/a><\/li>\n<li><a title=\"Steinmetz\" href=\"https:\/\/www.freiburg-schwarzwald.de\/blog\/business\/handwerk\/steinmetz\/\">Steinmetz<\/a><\/li>\n<\/ul>\n<p>&nbsp;<\/p>\n<p><strong>M\u00fcnsterbauh\u00fctte<\/strong><\/p>\n<p>M\u00fcnsterbauh\u00fctte des Freiburger M\u00fcnsterbauvereins e.V.<br \/>\nWerkstatt Schoferstrasse 4, 79098 Freiburg, Tel 0761\/33432, Fax 39527<br \/>\nB\u00fcrozeiten: Mo-Fr 8-12 Uhr<br \/>\nTreten auch Sie in den M\u00fcnsterbauverein ein. Jahresbeitrag ab 10 Euro.<br \/>\n<a href=\"https:\/\/www.muensterbauverein-freiburg.de\/muensterbauhuette.htm\">www.muensterbauverein-freiburg.de\/muensterbauhuette.htm<\/a><\/p>\n<p>11 Steinmetze, 1 Bildhauer, 3 Lehrlinge und der Werkmeister arbeiten in der M\u00fcnsterbauh\u00fctte Freiburg:<br \/>\nPlanung der Restaurierungsmassnahmen, Arbeit am Stein, Ger\u00fcstbau, Versetzen der fertigen Steine im M\u00fcnster.<\/p>\n<p>Das Bundsandsteinbauwerk ist zunehmend gef\u00e4hrdet: Mauerwerk, T\u00fcrme, Pfeiler, Figuren, Kreuzblumen und Balustraden zerbr\u00f6seln immer schneller. Unterst\u00fctzen Sie die Erhaltungsarbeiten!<\/p>\n<p>============================================================<\/p>\n<p><strong>Jahresr\u00fcckblick auf die Arbeiten am Freiburger M\u00fcnster<\/strong><br \/>\nDer Freiburger M\u00fcnsterbauverein l\u00e4dt alle Interessierten ein, sich am Mittwoch, den 23. November 2022, zwischen 16 und 18 Uhr einen \u00dcberblick \u00fcber die 2022 von der M\u00fcnsterbauh\u00fctte durchgef\u00fchrten Arbeiten am Freiburger M\u00fcnster zu verschaffen. Es wird ein 15-min\u00fctiger Film im Kinosaal des M\u00fcnsterforums gezeigt, der einen Blick auf die Baustellen 2022 und hinter die Kulissen des Freiburger M\u00fcnsterbauvereins erlaubt. Au\u00dferdem gibt es die Gelegenheit, im Caf\u00e9 Inklusiv bei einer Tasse Kaffee mit M\u00fcnsterbaumeisterin Dr. Anne-Christine Brehm und Mitgliedern des Vorstands ins Gespr\u00e4ch zu kommen.<br \/>\nDie Ger\u00fcste am Freiburger M\u00fcnster sieht jeder aus Nah und Fern, h\u00e4ufig begegnet man auf dem M\u00fcnsterplatz auch mal einem Steinmetz der M\u00fcnsterbauh\u00fctte oder sieht eine Restauratorin bei ihrer Arbeit am M\u00fcnster. Viele T\u00e4tigkeiten bleiben der \u00d6ffentlichkeit jedoch verborgen, weil sie z. B. auf den Ger\u00fcsten oder in der Werkstatt geschehen. Um einen bebilderten Einblick in die Arbeiten der M\u00fcnsterbauh\u00fctte zu gew\u00e4hren, hat der angehende Medienkonzepter Max Tabori, Student an der Hochschule Furtwangen, in den letzten Monaten den Steinmetzinnen und Steinmetzen in der Werkstatt \u00fcber die Schulter geschaut, H\u00fcttenmeister Uwe Z\u00e4h auf die Baustellen begleitet und mit den Bildhauern einen Blick in die Restaurierwerkstatt geworfen. Die Konzeption und das Drehbuch f\u00fcr den Film stammen von Lena Rathmann, Mitarbeiterin in der \u00d6ffentlichkeitsarbeit des Freiburger M\u00fcnsterbauvereins.<br \/>\nDer Film wird im Zeitfenster von 16 bis 18 Uhr im Kinosaal des M\u00fcnsterforums in Dauerschleife gezeigt, der Eintritt ist frei. Parallel gibt es die M\u00f6glichkeit, das gastronomische Angebot des Caf\u00e9 Inklusiv zu nutzen und bei einem Hei\u00dfgetr\u00e4nk und einem St\u00fcck Kuchen Fragen an M\u00fcnsterbaumeisterin Dr. Anne-Christine Brehm zu stellen. Um Anmeldung unter 0761\/2140270 oder an <a href=\"mailto:info@muensterbauverein-freiburg.de\">info@muensterbauverein-freiburg.de<\/a> wird gebeten.<\/p>\n<p>JAHRESR\u00dcCKBLICK: Arbeiten der M\u00fcnsterbauh\u00fctte am Freiburger M\u00fcnster 2022<br \/>\nWann: Mittwoch, 23.11.2022, 16 bis 18 Uhr<br \/>\nWo: M\u00fcnsterforum und Caf\u00e9 Inklusiv, Herrenstra\u00dfe 33, Freiburg<br \/>\nWer: Alle Interessierten sowie Mitglieder des Freiburger M\u00fcnsterbauvereins<br \/>\nEintritt: frei<br \/>\nAnmeldung: unter 0761\/2140270 oder an <a href=\"mailto:info@muensterbauverein-freiburg.de\">info@muensterbauverein-freiburg.de<\/a><br \/>\n14.11.2022<\/p>\n<p>&nbsp;<\/p>\n","protected":false},"excerpt":{"rendered":"<p>Home &gt;Religion &gt;Kirchen &gt;Freiburg &gt;Muenster &gt;Muensterbauhuette &nbsp; Listenauswahl eines Beitrags (Artikel\/Datum, Seite\/Inhalt):\u00a0Klicken\u00a0oder scrollen Wie Spenden und Stiftungen das Freiburger M\u00fcnster \u00fcber Jahrhunderte finanzierten\u00a0(8.12.2025) Jahresr\u00fcckblick auf die Arbeiten am Freiburger M\u00fcnster (14.11.2022) Sandstein des Freiburger M\u00fcnsters aus Heimbach und Kuhbach &gt;Geologie &hellip; <a href=\"https:\/\/www.freiburg-schwarzwald.de\/blog\/religion\/kirchen\/muenster\/muensterbauhuette\/\">Weiterlesen <span class=\"meta-nav\">&rarr;<\/span><\/a><\/p>\n","protected":false},"author":4,"featured_media":0,"parent":2378,"menu_order":0,"comment_status":"open","ping_status":"closed","template":"","meta":{"footnotes":""},"class_list":["post-41884","page","type-page","status-publish","hentry"],"_links":{"self":[{"href":"https:\/\/www.freiburg-schwarzwald.de\/blog\/wp-json\/wp\/v2\/pages\/41884","targetHints":{"allow":["GET"]}}],"collection":[{"href":"https:\/\/www.freiburg-schwarzwald.de\/blog\/wp-json\/wp\/v2\/pages"}],"about":[{"href":"https:\/\/www.freiburg-schwarzwald.de\/blog\/wp-json\/wp\/v2\/types\/page"}],"author":[{"embeddable":true,"href":"https:\/\/www.freiburg-schwarzwald.de\/blog\/wp-json\/wp\/v2\/users\/4"}],"replies":[{"embeddable":true,"href":"https:\/\/www.freiburg-schwarzwald.de\/blog\/wp-json\/wp\/v2\/comments?post=41884"}],"version-history":[{"count":3,"href":"https:\/\/www.freiburg-schwarzwald.de\/blog\/wp-json\/wp\/v2\/pages\/41884\/revisions"}],"predecessor-version":[{"id":142650,"href":"https:\/\/www.freiburg-schwarzwald.de\/blog\/wp-json\/wp\/v2\/pages\/41884\/revisions\/142650"}],"up":[{"embeddable":true,"href":"https:\/\/www.freiburg-schwarzwald.de\/blog\/wp-json\/wp\/v2\/pages\/2378"}],"wp:attachment":[{"href":"https:\/\/www.freiburg-schwarzwald.de\/blog\/wp-json\/wp\/v2\/media?parent=41884"}],"curies":[{"name":"wp","href":"https:\/\/api.w.org\/{rel}","templated":true}]}}